{"id":53038,"date":"2025-12-12T19:37:38","date_gmt":"2025-12-12T18:37:38","guid":{"rendered":"https:\/\/test.ecbeaute.com\/?post_type=product&#038;p=53038"},"modified":"2025-12-12T19:37:40","modified_gmt":"2025-12-12T18:37:40","slug":"assanis-gel-antibacterien-980-ml-2","status":"publish","type":"product","link":"https:\/\/paracherkaoui.ma\/index.php\/produit\/assanis-gel-antibacterien-980-ml-2\/","title":{"rendered":"ASSANIS GEL ANTIBACTERIEN 980 ML"},"content":{"rendered":"<p>Le Family Gel antibact\u00e9rien nettoie et purifie les mains sans besoin d&rsquo;eau ni de savon. Formul\u00e9 sous contr\u00f4le dermatologique, ce gel ne colle par et ne dess\u00e8che pas la peau. Gr\u00e2ce \u00e0 sa composition \u00e0 base d&rsquo;aloe vera, de provitamine B5 et au PH neutre, ce gel convient \u00e0 tous les membres de la famille en compl\u00e9ment du lavage quotidien. Bact\u00e9ricide norme EN 1040. Enrichi en Aloe vera et provitamine B5. Assainit en 15 secondes, sans eau, sans savon. pH neutre. Hypoallerg\u00e9nique. Ne colle pas. Conditionnement : flacon pompe plastique.<\/p>\n","protected":false},"excerpt":{"rendered":"<p>Le Family Gel antibact\u00e9rien nettoie et purifie les mains sans besoin d&rsquo;eau ni de savon. Formul\u00e9 sous contr\u00f4le dermatologique, ce<\/p>\n","protected":false},"featured_media":51380,"comment_status":"open","ping_status":"closed","template":"","meta":[],"product_brand":[957],"product_cat":[1020],"product_tag":[],"class_list":{"0":"post-53038","1":"product","2":"type-product","3":"status-publish","4":"has-post-thumbnail","6":"product_brand-assanis","7":"product_cat-desinfectants","9":"first","10":"instock","11":"sale","12":"shipping-taxable","13":"purchasable","14":"product-type-simple"},"yoast_head":"<!-- This site is optimized with the Yoast SEO plugin v26.6 - https:\/\/yoast.com\/wordpress\/plugins\/seo\/ -->\r\n<title>ASSANIS GEL ANTIBACTERIEN 980 ML - Paracherkaoui.ma<\/title>\r\n<meta name=\"robots\" content=\"index, follow, max-snippet:-1, max-image-preview:large, max-video-preview:-1\" \/>\r\n<link rel=\"canonical\" href=\"https:\/\/paracherkaoui.ma\/index.php\/produit\/assanis-gel-antibacterien-980-ml-2\/\" \/>\r\n<meta property=\"og:locale\" content=\"fr_FR\" \/>\r\n<meta property=\"og:type\" content=\"article\" \/>\r\n<meta property=\"og:title\" content=\"ASSANIS GEL ANTIBACTERIEN 980 ML - Paracherkaoui.ma\" \/>\r\n<meta property=\"og:description\" content=\"Le Family Gel antibact\u00e9rien nettoie et purifie les mains sans besoin d&rsquo;eau ni de savon. Formul\u00e9 sous contr\u00f4le dermatologique, ce\" \/>\r\n<meta property=\"og:url\" content=\"https:\/\/paracherkaoui.ma\/index.php\/produit\/assanis-gel-antibacterien-980-ml-2\/\" \/>\r\n<meta property=\"og:site_name\" content=\"Paracherkaoui.ma\" \/>\r\n<meta property=\"article:modified_time\" content=\"2025-12-12T18:37:40+00:00\" \/>\r\n<meta property=\"og:image\" content=\"https:\/\/paracherkaoui.ma\/wp-content\/uploads\/2025\/12\/assanis-assanis-gel-antibacterien-980-ml-soins-antiseptiques.jpg\" \/>\r\n\t<meta property=\"og:image:width\" content=\"700\" \/>\r\n\t<meta property=\"og:image:height\" content=\"700\" \/>\r\n\t<meta property=\"og:image:type\" content=\"image\/jpeg\" \/>\r\n<meta name=\"twitter:card\" content=\"summary_large_image\" \/>\r\n<script type=\"application\/ld+json\" class=\"yoast-schema-graph\">{\"@context\":\"https:\/\/schema.org\",\"@graph\":[{\"@type\":\"WebPage\",\"@id\":\"https:\/\/paracherkaoui.ma\/index.php\/produit\/assanis-gel-antibacterien-980-ml-2\/\",\"url\":\"https:\/\/paracherkaoui.ma\/index.php\/produit\/assanis-gel-antibacterien-980-ml-2\/\",\"name\":\"ASSANIS GEL ANTIBACTERIEN 980 ML - Paracherkaoui.ma\",\"isPartOf\":{\"@id\":\"https:\/\/paracherkaoui.ma\/#website\"},\"primaryImageOfPage\":{\"@id\":\"https:\/\/paracherkaoui.ma\/index.php\/produit\/assanis-gel-antibacterien-980-ml-2\/#primaryimage\"},\"image\":{\"@id\":\"https:\/\/paracherkaoui.ma\/index.php\/produit\/assanis-gel-antibacterien-980-ml-2\/#primaryimage\"},\"thumbnailUrl\":\"https:\/\/paracherkaoui.ma\/wp-content\/uploads\/2025\/12\/assanis-assanis-gel-antibacterien-980-ml-soins-antiseptiques.jpg\",\"datePublished\":\"2025-12-12T18:37:38+00:00\",\"dateModified\":\"2025-12-12T18:37:40+00:00\",\"breadcrumb\":{\"@id\":\"https:\/\/paracherkaoui.ma\/index.php\/produit\/assanis-gel-antibacterien-980-ml-2\/#breadcrumb\"},\"inLanguage\":\"fr-FR\",\"potentialAction\":[{\"@type\":\"ReadAction\",\"target\":[\"https:\/\/paracherkaoui.ma\/index.php\/produit\/assanis-gel-antibacterien-980-ml-2\/\"]}]},{\"@type\":\"ImageObject\",\"inLanguage\":\"fr-FR\",\"@id\":\"https:\/\/paracherkaoui.ma\/index.php\/produit\/assanis-gel-antibacterien-980-ml-2\/#primaryimage\",\"url\":\"https:\/\/paracherkaoui.ma\/wp-content\/uploads\/2025\/12\/assanis-assanis-gel-antibacterien-980-ml-soins-antiseptiques.jpg\",\"contentUrl\":\"https:\/\/paracherkaoui.ma\/wp-content\/uploads\/2025\/12\/assanis-assanis-gel-antibacterien-980-ml-soins-antiseptiques.jpg\",\"width\":700,\"height\":700},{\"@type\":\"BreadcrumbList\",\"@id\":\"https:\/\/paracherkaoui.ma\/index.php\/produit\/assanis-gel-antibacterien-980-ml-2\/#breadcrumb\",\"itemListElement\":[{\"@type\":\"ListItem\",\"position\":1,\"name\":\"Accueil\",\"item\":\"https:\/\/paracherkaoui.ma\/\"},{\"@type\":\"ListItem\",\"position\":2,\"name\":\"Boutique\",\"item\":\"https:\/\/paracherkaoui.ma\/index.php\/boutique\/\"},{\"@type\":\"ListItem\",\"position\":3,\"name\":\"ASSANIS GEL ANTIBACTERIEN 980 ML\"}]},{\"@type\":\"WebSite\",\"@id\":\"https:\/\/paracherkaoui.ma\/#website\",\"url\":\"https:\/\/paracherkaoui.ma\/\",\"name\":\"Paracherkaoui.ma\",\"description\":\"Achetez en ligne sur Paracherkaoui.ma\",\"potentialAction\":[{\"@type\":\"SearchAction\",\"target\":{\"@type\":\"EntryPoint\",\"urlTemplate\":\"https:\/\/paracherkaoui.ma\/?s={search_term_string}\"},\"query-input\":{\"@type\":\"PropertyValueSpecification\",\"valueRequired\":true,\"valueName\":\"search_term_string\"}}],\"inLanguage\":\"fr-FR\"}]}<\/script>\r\n<!-- \/ Yoast SEO plugin. -->","yoast_head_json":{"title":"ASSANIS GEL ANTIBACTERIEN 980 ML - Paracherkaoui.ma","robots":{"index":"index","follow":"follow","max-snippet":"max-snippet:-1","max-image-preview":"max-image-preview:large","max-video-preview":"max-video-preview:-1"},"canonical":"https:\/\/paracherkaoui.ma\/index.php\/produit\/assanis-gel-antibacterien-980-ml-2\/","og_locale":"fr_FR","og_type":"article","og_title":"ASSANIS GEL ANTIBACTERIEN 980 ML - Paracherkaoui.ma","og_description":"Le Family Gel antibact\u00e9rien nettoie et purifie les mains sans besoin d&rsquo;eau ni de savon. Formul\u00e9 sous contr\u00f4le dermatologique, ce","og_url":"https:\/\/paracherkaoui.ma\/index.php\/produit\/assanis-gel-antibacterien-980-ml-2\/","og_site_name":"Paracherkaoui.ma","article_modified_time":"2025-12-12T18:37:40+00:00","og_image":[{"width":700,"height":700,"url":"https:\/\/paracherkaoui.ma\/wp-content\/uploads\/2025\/12\/assanis-assanis-gel-antibacterien-980-ml-soins-antiseptiques.jpg","type":"image\/jpeg"}],"twitter_card":"summary_large_image","schema":{"@context":"https:\/\/schema.org","@graph":[{"@type":"WebPage","@id":"https:\/\/paracherkaoui.ma\/index.php\/produit\/assanis-gel-antibacterien-980-ml-2\/","url":"https:\/\/paracherkaoui.ma\/index.php\/produit\/assanis-gel-antibacterien-980-ml-2\/","name":"ASSANIS GEL ANTIBACTERIEN 980 ML - Paracherkaoui.ma","isPartOf":{"@id":"https:\/\/paracherkaoui.ma\/#website"},"primaryImageOfPage":{"@id":"https:\/\/paracherkaoui.ma\/index.php\/produit\/assanis-gel-antibacterien-980-ml-2\/#primaryimage"},"image":{"@id":"https:\/\/paracherkaoui.ma\/index.php\/produit\/assanis-gel-antibacterien-980-ml-2\/#primaryimage"},"thumbnailUrl":"https:\/\/paracherkaoui.ma\/wp-content\/uploads\/2025\/12\/assanis-assanis-gel-antibacterien-980-ml-soins-antiseptiques.jpg","datePublished":"2025-12-12T18:37:38+00:00","dateModified":"2025-12-12T18:37:40+00:00","breadcrumb":{"@id":"https:\/\/paracherkaoui.ma\/index.php\/produit\/assanis-gel-antibacterien-980-ml-2\/#breadcrumb"},"inLanguage":"fr-FR","potentialAction":[{"@type":"ReadAction","target":["https:\/\/paracherkaoui.ma\/index.php\/produit\/assanis-gel-antibacterien-980-ml-2\/"]}]},{"@type":"ImageObject","inLanguage":"fr-FR","@id":"https:\/\/paracherkaoui.ma\/index.php\/produit\/assanis-gel-antibacterien-980-ml-2\/#primaryimage","url":"https:\/\/paracherkaoui.ma\/wp-content\/uploads\/2025\/12\/assanis-assanis-gel-antibacterien-980-ml-soins-antiseptiques.jpg","contentUrl":"https:\/\/paracherkaoui.ma\/wp-content\/uploads\/2025\/12\/assanis-assanis-gel-antibacterien-980-ml-soins-antiseptiques.jpg","width":700,"height":700},{"@type":"BreadcrumbList","@id":"https:\/\/paracherkaoui.ma\/index.php\/produit\/assanis-gel-antibacterien-980-ml-2\/#breadcrumb","itemListElement":[{"@type":"ListItem","position":1,"name":"Accueil","item":"https:\/\/paracherkaoui.ma\/"},{"@type":"ListItem","position":2,"name":"Boutique","item":"https:\/\/paracherkaoui.ma\/index.php\/boutique\/"},{"@type":"ListItem","position":3,"name":"ASSANIS GEL ANTIBACTERIEN 980 ML"}]},{"@type":"WebSite","@id":"https:\/\/paracherkaoui.ma\/#website","url":"https:\/\/paracherkaoui.ma\/","name":"Paracherkaoui.ma","description":"Achetez en ligne sur Paracherkaoui.ma","potentialAction":[{"@type":"SearchAction","target":{"@type":"EntryPoint","urlTemplate":"https:\/\/paracherkaoui.ma\/?s={search_term_string}"},"query-input":{"@type":"PropertyValueSpecification","valueRequired":true,"valueName":"search_term_string"}}],"inLanguage":"fr-FR"}]}},"_links":{"self":[{"href":"https:\/\/paracherkaoui.ma\/index.php\/wp-json\/wp\/v2\/product\/53038","targetHints":{"allow":["GET"]}}],"collection":[{"href":"https:\/\/paracherkaoui.ma\/index.php\/wp-json\/wp\/v2\/product"}],"about":[{"href":"https:\/\/paracherkaoui.ma\/index.php\/wp-json\/wp\/v2\/types\/product"}],"replies":[{"embeddable":true,"href":"https:\/\/paracherkaoui.ma\/index.php\/wp-json\/wp\/v2\/comments?post=53038"}],"version-history":[{"count":1,"href":"https:\/\/paracherkaoui.ma\/index.php\/wp-json\/wp\/v2\/product\/53038\/revisions"}],"predecessor-version":[{"id":53068,"href":"https:\/\/paracherkaoui.ma\/index.php\/wp-json\/wp\/v2\/product\/53038\/revisions\/53068"}],"wp:featuredmedia":[{"embeddable":true,"href":"https:\/\/paracherkaoui.ma\/index.php\/wp-json\/wp\/v2\/media\/51380"}],"wp:attachment":[{"href":"https:\/\/paracherkaoui.ma\/index.php\/wp-json\/wp\/v2\/media?parent=53038"}],"wp:term":[{"taxonomy":"product_brand","embeddable":true,"href":"https:\/\/paracherkaoui.ma\/index.php\/wp-json\/wp\/v2\/product_brand?post=53038"},{"taxonomy":"product_cat","embeddable":true,"href":"https:\/\/paracherkaoui.ma\/index.php\/wp-json\/wp\/v2\/product_cat?post=53038"},{"taxonomy":"product_tag","embeddable":true,"href":"https:\/\/paracherkaoui.ma\/index.php\/wp-json\/wp\/v2\/product_tag?post=53038"}],"curies":[{"name":"wp","href":"https:\/\/api.w.org\/{rel}","templated":true}]}}