{"id":52973,"date":"2025-12-12T19:37:28","date_gmt":"2025-12-12T18:37:28","guid":{"rendered":"https:\/\/test.ecbeaute.com\/?post_type=product&#038;p=52973"},"modified":"2025-12-12T19:37:35","modified_gmt":"2025-12-12T18:37:35","slug":"biostop-ampoules-anti-moustiques-2-en-1","status":"publish","type":"product","link":"https:\/\/paracherkaoui.ma\/index.php\/produit\/biostop-ampoules-anti-moustiques-2-en-1\/","title":{"rendered":"BIOSTOP AMPOULES ANTI MOUSTIQUES 2 EN 1"},"content":{"rendered":"<p>Cette ampoule est \u00e0 la fois compacte et moderne, adapt\u00e9e \u00e0 une utilisation dans n\u2019importe quelle pi\u00e8ce de la maison<\/p>\n<p>L\u2019ampoule anti-insectes 2 en 1 Biostop contient 2 fonctions :<br \/>\n-la fonction \u00e9clairage<br \/>\n-la fonction \u2018\u2018foudroiement des insectes\u2019\u2019<br \/>\nL\u2019ampoule peut fonctionner comme une lampe \u00e0 \u00e9conomie d\u2019\u00e9nergie.<br \/>\nLa partie \u2018\u2018foudroiement d\u2019insectes\u2019\u2019 contient une lumi\u00e8re bleue permettant de les attirer afin de les foudroyer gr\u00e2ce au haut voltage de la grille situ\u00e9e \u00e0 l\u2019int\u00e9rieur de l\u2019ampoule.<\/p>\n<p>Conseils d&rsquo;utilisation:<\/p>\n<p>1- Installer l\u2019ampoule et l\u2019allumer.<br \/>\n2- L\u2019ampoule est allum\u00e9e et en mode \u2018\u2018foudroiement d\u2019insectes\u2019\u2019.<br \/>\n3- Appuyer de nouveau sur l\u2019interrupteur, la lumi\u00e8re s\u2019\u00e9teint mais l\u2019appareil reste en mode \u2018\u2018foudroiement d\u2019insectes\u2019\u2019.<br \/>\n4- Appuyer sur l\u2019interrupteur une troisi\u00e8me fois, l\u2019ampoule est alors \u00e9teinte.<\/p>\n","protected":false},"excerpt":{"rendered":"<p>Cette ampoule est \u00e0 la fois compacte et moderne, adapt\u00e9e \u00e0 une utilisation dans n\u2019importe quelle pi\u00e8ce de la maison<\/p>\n","protected":false},"featured_media":53019,"comment_status":"open","ping_status":"closed","template":"","meta":[],"product_brand":[206],"product_cat":[1018],"product_tag":[],"class_list":{"0":"post-52973","1":"product","2":"type-product","3":"status-publish","4":"has-post-thumbnail","6":"product_brand-biostop","7":"product_cat-hygiene-maison","9":"first","10":"instock","11":"sale","12":"shipping-taxable","13":"purchasable","14":"product-type-simple"},"yoast_head":"<!-- This site is optimized with the Yoast SEO plugin v26.6 - https:\/\/yoast.com\/wordpress\/plugins\/seo\/ -->\r\n<title>BIOSTOP AMPOULES ANTI MOUSTIQUES 2 EN 1 - Paracherkaoui.ma<\/title>\r\n<meta name=\"robots\" content=\"index, follow, max-snippet:-1, max-image-preview:large, max-video-preview:-1\" \/>\r\n<link rel=\"canonical\" href=\"https:\/\/paracherkaoui.ma\/index.php\/produit\/biostop-ampoules-anti-moustiques-2-en-1\/\" \/>\r\n<meta property=\"og:locale\" content=\"fr_FR\" \/>\r\n<meta property=\"og:type\" content=\"article\" \/>\r\n<meta property=\"og:title\" content=\"BIOSTOP AMPOULES ANTI MOUSTIQUES 2 EN 1 - Paracherkaoui.ma\" \/>\r\n<meta property=\"og:description\" content=\"Cette ampoule est \u00e0 la fois compacte et moderne, adapt\u00e9e \u00e0 une utilisation dans n\u2019importe quelle pi\u00e8ce de la maison\" \/>\r\n<meta property=\"og:url\" content=\"https:\/\/paracherkaoui.ma\/index.php\/produit\/biostop-ampoules-anti-moustiques-2-en-1\/\" \/>\r\n<meta property=\"og:site_name\" content=\"Paracherkaoui.ma\" \/>\r\n<meta property=\"article:modified_time\" content=\"2025-12-12T18:37:35+00:00\" \/>\r\n<meta property=\"og:image\" content=\"https:\/\/paracherkaoui.ma\/wp-content\/uploads\/2025\/12\/biostop-biostop-ampoules-anti-moustiques-2-en-1-anti-moustiques.jpg\" \/>\r\n\t<meta property=\"og:image:width\" content=\"700\" \/>\r\n\t<meta property=\"og:image:height\" content=\"700\" \/>\r\n\t<meta property=\"og:image:type\" content=\"image\/jpeg\" \/>\r\n<meta name=\"twitter:card\" content=\"summary_large_image\" \/>\r\n<meta name=\"twitter:label1\" content=\"Dur\u00e9e de lecture estim\u00e9e\" \/>\n\t<meta name=\"twitter:data1\" content=\"1 minute\" \/>\r\n<script type=\"application\/ld+json\" class=\"yoast-schema-graph\">{\"@context\":\"https:\/\/schema.org\",\"@graph\":[{\"@type\":\"WebPage\",\"@id\":\"https:\/\/paracherkaoui.ma\/index.php\/produit\/biostop-ampoules-anti-moustiques-2-en-1\/\",\"url\":\"https:\/\/paracherkaoui.ma\/index.php\/produit\/biostop-ampoules-anti-moustiques-2-en-1\/\",\"name\":\"BIOSTOP AMPOULES ANTI MOUSTIQUES 2 EN 1 - Paracherkaoui.ma\",\"isPartOf\":{\"@id\":\"https:\/\/paracherkaoui.ma\/#website\"},\"primaryImageOfPage\":{\"@id\":\"https:\/\/paracherkaoui.ma\/index.php\/produit\/biostop-ampoules-anti-moustiques-2-en-1\/#primaryimage\"},\"image\":{\"@id\":\"https:\/\/paracherkaoui.ma\/index.php\/produit\/biostop-ampoules-anti-moustiques-2-en-1\/#primaryimage\"},\"thumbnailUrl\":\"https:\/\/paracherkaoui.ma\/wp-content\/uploads\/2025\/12\/biostop-biostop-ampoules-anti-moustiques-2-en-1-anti-moustiques.jpg\",\"datePublished\":\"2025-12-12T18:37:28+00:00\",\"dateModified\":\"2025-12-12T18:37:35+00:00\",\"breadcrumb\":{\"@id\":\"https:\/\/paracherkaoui.ma\/index.php\/produit\/biostop-ampoules-anti-moustiques-2-en-1\/#breadcrumb\"},\"inLanguage\":\"fr-FR\",\"potentialAction\":[{\"@type\":\"ReadAction\",\"target\":[\"https:\/\/paracherkaoui.ma\/index.php\/produit\/biostop-ampoules-anti-moustiques-2-en-1\/\"]}]},{\"@type\":\"ImageObject\",\"inLanguage\":\"fr-FR\",\"@id\":\"https:\/\/paracherkaoui.ma\/index.php\/produit\/biostop-ampoules-anti-moustiques-2-en-1\/#primaryimage\",\"url\":\"https:\/\/paracherkaoui.ma\/wp-content\/uploads\/2025\/12\/biostop-biostop-ampoules-anti-moustiques-2-en-1-anti-moustiques.jpg\",\"contentUrl\":\"https:\/\/paracherkaoui.ma\/wp-content\/uploads\/2025\/12\/biostop-biostop-ampoules-anti-moustiques-2-en-1-anti-moustiques.jpg\",\"width\":700,\"height\":700},{\"@type\":\"BreadcrumbList\",\"@id\":\"https:\/\/paracherkaoui.ma\/index.php\/produit\/biostop-ampoules-anti-moustiques-2-en-1\/#breadcrumb\",\"itemListElement\":[{\"@type\":\"ListItem\",\"position\":1,\"name\":\"Accueil\",\"item\":\"https:\/\/paracherkaoui.ma\/\"},{\"@type\":\"ListItem\",\"position\":2,\"name\":\"Boutique\",\"item\":\"https:\/\/paracherkaoui.ma\/index.php\/boutique\/\"},{\"@type\":\"ListItem\",\"position\":3,\"name\":\"BIOSTOP AMPOULES ANTI MOUSTIQUES 2 EN 1\"}]},{\"@type\":\"WebSite\",\"@id\":\"https:\/\/paracherkaoui.ma\/#website\",\"url\":\"https:\/\/paracherkaoui.ma\/\",\"name\":\"Paracherkaoui.ma\",\"description\":\"Achetez en ligne sur Paracherkaoui.ma\",\"potentialAction\":[{\"@type\":\"SearchAction\",\"target\":{\"@type\":\"EntryPoint\",\"urlTemplate\":\"https:\/\/paracherkaoui.ma\/?s={search_term_string}\"},\"query-input\":{\"@type\":\"PropertyValueSpecification\",\"valueRequired\":true,\"valueName\":\"search_term_string\"}}],\"inLanguage\":\"fr-FR\"}]}<\/script>\r\n<!-- \/ Yoast SEO plugin. -->","yoast_head_json":{"title":"BIOSTOP AMPOULES ANTI MOUSTIQUES 2 EN 1 - Paracherkaoui.ma","robots":{"index":"index","follow":"follow","max-snippet":"max-snippet:-1","max-image-preview":"max-image-preview:large","max-video-preview":"max-video-preview:-1"},"canonical":"https:\/\/paracherkaoui.ma\/index.php\/produit\/biostop-ampoules-anti-moustiques-2-en-1\/","og_locale":"fr_FR","og_type":"article","og_title":"BIOSTOP AMPOULES ANTI MOUSTIQUES 2 EN 1 - Paracherkaoui.ma","og_description":"Cette ampoule est \u00e0 la fois compacte et moderne, adapt\u00e9e \u00e0 une utilisation dans n\u2019importe quelle pi\u00e8ce de la maison","og_url":"https:\/\/paracherkaoui.ma\/index.php\/produit\/biostop-ampoules-anti-moustiques-2-en-1\/","og_site_name":"Paracherkaoui.ma","article_modified_time":"2025-12-12T18:37:35+00:00","og_image":[{"width":700,"height":700,"url":"https:\/\/paracherkaoui.ma\/wp-content\/uploads\/2025\/12\/biostop-biostop-ampoules-anti-moustiques-2-en-1-anti-moustiques.jpg","type":"image\/jpeg"}],"twitter_card":"summary_large_image","twitter_misc":{"Dur\u00e9e de lecture estim\u00e9e":"1 minute"},"schema":{"@context":"https:\/\/schema.org","@graph":[{"@type":"WebPage","@id":"https:\/\/paracherkaoui.ma\/index.php\/produit\/biostop-ampoules-anti-moustiques-2-en-1\/","url":"https:\/\/paracherkaoui.ma\/index.php\/produit\/biostop-ampoules-anti-moustiques-2-en-1\/","name":"BIOSTOP AMPOULES ANTI MOUSTIQUES 2 EN 1 - Paracherkaoui.ma","isPartOf":{"@id":"https:\/\/paracherkaoui.ma\/#website"},"primaryImageOfPage":{"@id":"https:\/\/paracherkaoui.ma\/index.php\/produit\/biostop-ampoules-anti-moustiques-2-en-1\/#primaryimage"},"image":{"@id":"https:\/\/paracherkaoui.ma\/index.php\/produit\/biostop-ampoules-anti-moustiques-2-en-1\/#primaryimage"},"thumbnailUrl":"https:\/\/paracherkaoui.ma\/wp-content\/uploads\/2025\/12\/biostop-biostop-ampoules-anti-moustiques-2-en-1-anti-moustiques.jpg","datePublished":"2025-12-12T18:37:28+00:00","dateModified":"2025-12-12T18:37:35+00:00","breadcrumb":{"@id":"https:\/\/paracherkaoui.ma\/index.php\/produit\/biostop-ampoules-anti-moustiques-2-en-1\/#breadcrumb"},"inLanguage":"fr-FR","potentialAction":[{"@type":"ReadAction","target":["https:\/\/paracherkaoui.ma\/index.php\/produit\/biostop-ampoules-anti-moustiques-2-en-1\/"]}]},{"@type":"ImageObject","inLanguage":"fr-FR","@id":"https:\/\/paracherkaoui.ma\/index.php\/produit\/biostop-ampoules-anti-moustiques-2-en-1\/#primaryimage","url":"https:\/\/paracherkaoui.ma\/wp-content\/uploads\/2025\/12\/biostop-biostop-ampoules-anti-moustiques-2-en-1-anti-moustiques.jpg","contentUrl":"https:\/\/paracherkaoui.ma\/wp-content\/uploads\/2025\/12\/biostop-biostop-ampoules-anti-moustiques-2-en-1-anti-moustiques.jpg","width":700,"height":700},{"@type":"BreadcrumbList","@id":"https:\/\/paracherkaoui.ma\/index.php\/produit\/biostop-ampoules-anti-moustiques-2-en-1\/#breadcrumb","itemListElement":[{"@type":"ListItem","position":1,"name":"Accueil","item":"https:\/\/paracherkaoui.ma\/"},{"@type":"ListItem","position":2,"name":"Boutique","item":"https:\/\/paracherkaoui.ma\/index.php\/boutique\/"},{"@type":"ListItem","position":3,"name":"BIOSTOP AMPOULES ANTI MOUSTIQUES 2 EN 1"}]},{"@type":"WebSite","@id":"https:\/\/paracherkaoui.ma\/#website","url":"https:\/\/paracherkaoui.ma\/","name":"Paracherkaoui.ma","description":"Achetez en ligne sur Paracherkaoui.ma","potentialAction":[{"@type":"SearchAction","target":{"@type":"EntryPoint","urlTemplate":"https:\/\/paracherkaoui.ma\/?s={search_term_string}"},"query-input":{"@type":"PropertyValueSpecification","valueRequired":true,"valueName":"search_term_string"}}],"inLanguage":"fr-FR"}]}},"_links":{"self":[{"href":"https:\/\/paracherkaoui.ma\/index.php\/wp-json\/wp\/v2\/product\/52973","targetHints":{"allow":["GET"]}}],"collection":[{"href":"https:\/\/paracherkaoui.ma\/index.php\/wp-json\/wp\/v2\/product"}],"about":[{"href":"https:\/\/paracherkaoui.ma\/index.php\/wp-json\/wp\/v2\/types\/product"}],"replies":[{"embeddable":true,"href":"https:\/\/paracherkaoui.ma\/index.php\/wp-json\/wp\/v2\/comments?post=52973"}],"version-history":[{"count":1,"href":"https:\/\/paracherkaoui.ma\/index.php\/wp-json\/wp\/v2\/product\/52973\/revisions"}],"predecessor-version":[{"id":53020,"href":"https:\/\/paracherkaoui.ma\/index.php\/wp-json\/wp\/v2\/product\/52973\/revisions\/53020"}],"wp:featuredmedia":[{"embeddable":true,"href":"https:\/\/paracherkaoui.ma\/index.php\/wp-json\/wp\/v2\/media\/53019"}],"wp:attachment":[{"href":"https:\/\/paracherkaoui.ma\/index.php\/wp-json\/wp\/v2\/media?parent=52973"}],"wp:term":[{"taxonomy":"product_brand","embeddable":true,"href":"https:\/\/paracherkaoui.ma\/index.php\/wp-json\/wp\/v2\/product_brand?post=52973"},{"taxonomy":"product_cat","embeddable":true,"href":"https:\/\/paracherkaoui.ma\/index.php\/wp-json\/wp\/v2\/product_cat?post=52973"},{"taxonomy":"product_tag","embeddable":true,"href":"https:\/\/paracherkaoui.ma\/index.php\/wp-json\/wp\/v2\/product_tag?post=52973"}],"curies":[{"name":"wp","href":"https:\/\/api.w.org\/{rel}","templated":true}]}}