{"id":52971,"date":"2025-12-12T19:37:28","date_gmt":"2025-12-12T18:37:28","guid":{"rendered":"https:\/\/test.ecbeaute.com\/?post_type=product&#038;p=52971"},"modified":"2025-12-12T19:37:34","modified_gmt":"2025-12-12T18:37:34","slug":"puressentiel-anti-pique-spray-200-ml","status":"publish","type":"product","link":"https:\/\/paracherkaoui.ma\/index.php\/produit\/puressentiel-anti-pique-spray-200-ml\/","title":{"rendered":"PURESSENTIEL ANTI PIQUE SPRAY 200 ML"},"content":{"rendered":"<p>DESCRIPTION :<br \/>\nGr\u00e2ce \u00e0 son actif d&rsquo;origine v\u00e9g\u00e9tale, cet anti-moustique repousse efficacement les moustiques en zones temp\u00e9r\u00e9es et tropicales jusqu\u2019\u00e0 7 heures(1). Il est l\u2019un des gestes possibles de protection contre les moustiques vecteurs du paludisme, de la dengue, de la fi\u00e8vre jaune et du chikungunya.<br \/>\nGr\u00e2ce \u00e0 son cocktail de 5 huiles essentielles, ce spray anti-moustique sera \u00e9galement id\u00e9al pour\u00a0 apaiser en cas de piq\u00fbre.<br \/>\nAvec sa double action apaisante et r\u00e9pulsive anti-moustique, il sera le meilleur alli\u00e9 des enfants d\u00e8s 30 mois pour profiter pleinement des activit\u00e9s en ext\u00e9rieur !<br \/>\n0% insectifuge neurotoxique &#8211; Sans gaz propulse<br \/>\nCONSEILS D&rsquo;UTILISATION :<br \/>\nCommencez par agiter ce spray anti-moustique avant emploi, puis, effectuez 6 pulv\u00e9risations par zone \u00e0 prot\u00e9ger. Pensez \u00e0 frictionner la zone pour bien r\u00e9partir le produit.<br \/>\nA noter : pour les enfants (> 30 mois), ne pas d\u00e9passer plus de 7 pulv\u00e9risations par jour (1 pulv\u00e9risation = 0,18ml).<br \/>\nPour le visage, vaporisez le produit sur les mains (1 pulv\u00e9risation), puis appliquez sur les joues et le front. Renouvelez l\u2019application si n\u00e9cessaire sans d\u00e9passer 3 applications par jour.<br \/>\nPensez \u00e0 vous laver soigneusement les mains apr\u00e8s chaque utilisation et \u00e0 r\u00e9appliquer ce r\u00e9pulsif moustique en cas de baignade ou de transpiration.<br \/>\nUtiliser le spray anti-moustiques avec pr\u00e9caution, avant toute utilisation, lisez l\u2019\u00e9tiquette et les informations concernant ce produit.<br \/>\nNe pas utiliser ce spray anti-moustiques chez les enfants de moins de 30 mois. Tenir hors de port\u00e9e des enfants. Liquide et vapeurs inflammables. Provoque une s\u00e9v\u00e8re irritation des yeux. Eviter le contact avec les yeux et les muqueuses. EN CAS DE CONTACT AVEC LES YEUX : rincer avec pr\u00e9caution \u00e0 l\u2019eau pendant plusieurs minutes. Si l&rsquo;irritation oculaire persiste : consulter un m\u00e9decin. EN CAS D&rsquo;INGESTION, appeler imm\u00e9diatement un CENTRE ANTI-POISON ou un m\u00e9decin. En cas de consultation d&rsquo;un m\u00e9decin, garder \u00e0 disposition le produit. Conserver \u00e0 l&rsquo;\u00e9cart des aliments et boissons, y compris ceux pour animaux. Tenir \u00e0 l&rsquo;\u00e9cart de la chaleur. Ne pas fumer. Utiliser seulement dans des zones bien ventil\u00e9es. Eviter le rejet dans l&rsquo;environnement. \u00c9liminer le contenu \/ r\u00e9cipient conform\u00e9ment \u00e0 la r\u00e9glementation locale \/ r\u00e9gionale \/ nationale \/ internationale. Ne pas utiliser pour un usage autre que celui pour lequel il est destin\u00e9.<br \/>\nUtiliser le spray anti-moustiques avec pr\u00e9caution, avant toute utilisation, lisez l\u2019\u00e9tiquette et les informations concernant ce produit.<\/p>\n","protected":false},"excerpt":{"rendered":"<p>DESCRIPTION : Gr\u00e2ce \u00e0 son actif d&rsquo;origine v\u00e9g\u00e9tale, cet anti-moustique repousse efficacement les moustiques en zones temp\u00e9r\u00e9es et tropicales jusqu\u2019\u00e0<\/p>\n","protected":false},"featured_media":53015,"comment_status":"open","ping_status":"closed","template":"","meta":[],"product_brand":[204],"product_cat":[1018],"product_tag":[],"class_list":{"0":"post-52971","1":"product","2":"type-product","3":"status-publish","4":"has-post-thumbnail","6":"product_brand-puressentiel","7":"product_cat-hygiene-maison","9":"first","10":"instock","11":"sale","12":"shipping-taxable","13":"purchasable","14":"product-type-simple"},"yoast_head":"<!-- This site is optimized with the Yoast SEO plugin v26.6 - https:\/\/yoast.com\/wordpress\/plugins\/seo\/ -->\r\n<title>PURESSENTIEL ANTI PIQUE SPRAY 200 ML - Paracherkaoui.ma<\/title>\r\n<meta name=\"robots\" content=\"index, follow, max-snippet:-1, max-image-preview:large, max-video-preview:-1\" \/>\r\n<link rel=\"canonical\" href=\"https:\/\/paracherkaoui.ma\/index.php\/produit\/puressentiel-anti-pique-spray-200-ml\/\" \/>\r\n<meta property=\"og:locale\" content=\"fr_FR\" \/>\r\n<meta property=\"og:type\" content=\"article\" \/>\r\n<meta property=\"og:title\" content=\"PURESSENTIEL ANTI PIQUE SPRAY 200 ML - Paracherkaoui.ma\" \/>\r\n<meta property=\"og:description\" content=\"DESCRIPTION : Gr\u00e2ce \u00e0 son actif d&rsquo;origine v\u00e9g\u00e9tale, cet anti-moustique repousse efficacement les moustiques en zones temp\u00e9r\u00e9es et tropicales jusqu\u2019\u00e0\" \/>\r\n<meta property=\"og:url\" content=\"https:\/\/paracherkaoui.ma\/index.php\/produit\/puressentiel-anti-pique-spray-200-ml\/\" \/>\r\n<meta property=\"og:site_name\" content=\"Paracherkaoui.ma\" \/>\r\n<meta property=\"article:modified_time\" content=\"2025-12-12T18:37:34+00:00\" \/>\r\n<meta property=\"og:image\" content=\"https:\/\/paracherkaoui.ma\/wp-content\/uploads\/2025\/12\/puressentiel-puressentiel-anti-pique-spray-200-ml-anti-moustiques.jpg\" \/>\r\n\t<meta property=\"og:image:width\" content=\"700\" \/>\r\n\t<meta property=\"og:image:height\" content=\"700\" \/>\r\n\t<meta property=\"og:image:type\" content=\"image\/jpeg\" \/>\r\n<meta name=\"twitter:card\" content=\"summary_large_image\" \/>\r\n<meta name=\"twitter:label1\" content=\"Dur\u00e9e de lecture estim\u00e9e\" \/>\n\t<meta name=\"twitter:data1\" content=\"2 minutes\" \/>\r\n<script type=\"application\/ld+json\" class=\"yoast-schema-graph\">{\"@context\":\"https:\/\/schema.org\",\"@graph\":[{\"@type\":\"WebPage\",\"@id\":\"https:\/\/paracherkaoui.ma\/index.php\/produit\/puressentiel-anti-pique-spray-200-ml\/\",\"url\":\"https:\/\/paracherkaoui.ma\/index.php\/produit\/puressentiel-anti-pique-spray-200-ml\/\",\"name\":\"PURESSENTIEL ANTI PIQUE SPRAY 200 ML - Paracherkaoui.ma\",\"isPartOf\":{\"@id\":\"https:\/\/paracherkaoui.ma\/#website\"},\"primaryImageOfPage\":{\"@id\":\"https:\/\/paracherkaoui.ma\/index.php\/produit\/puressentiel-anti-pique-spray-200-ml\/#primaryimage\"},\"image\":{\"@id\":\"https:\/\/paracherkaoui.ma\/index.php\/produit\/puressentiel-anti-pique-spray-200-ml\/#primaryimage\"},\"thumbnailUrl\":\"https:\/\/paracherkaoui.ma\/wp-content\/uploads\/2025\/12\/puressentiel-puressentiel-anti-pique-spray-200-ml-anti-moustiques.jpg\",\"datePublished\":\"2025-12-12T18:37:28+00:00\",\"dateModified\":\"2025-12-12T18:37:34+00:00\",\"breadcrumb\":{\"@id\":\"https:\/\/paracherkaoui.ma\/index.php\/produit\/puressentiel-anti-pique-spray-200-ml\/#breadcrumb\"},\"inLanguage\":\"fr-FR\",\"potentialAction\":[{\"@type\":\"ReadAction\",\"target\":[\"https:\/\/paracherkaoui.ma\/index.php\/produit\/puressentiel-anti-pique-spray-200-ml\/\"]}]},{\"@type\":\"ImageObject\",\"inLanguage\":\"fr-FR\",\"@id\":\"https:\/\/paracherkaoui.ma\/index.php\/produit\/puressentiel-anti-pique-spray-200-ml\/#primaryimage\",\"url\":\"https:\/\/paracherkaoui.ma\/wp-content\/uploads\/2025\/12\/puressentiel-puressentiel-anti-pique-spray-200-ml-anti-moustiques.jpg\",\"contentUrl\":\"https:\/\/paracherkaoui.ma\/wp-content\/uploads\/2025\/12\/puressentiel-puressentiel-anti-pique-spray-200-ml-anti-moustiques.jpg\",\"width\":700,\"height\":700},{\"@type\":\"BreadcrumbList\",\"@id\":\"https:\/\/paracherkaoui.ma\/index.php\/produit\/puressentiel-anti-pique-spray-200-ml\/#breadcrumb\",\"itemListElement\":[{\"@type\":\"ListItem\",\"position\":1,\"name\":\"Accueil\",\"item\":\"https:\/\/paracherkaoui.ma\/\"},{\"@type\":\"ListItem\",\"position\":2,\"name\":\"Boutique\",\"item\":\"https:\/\/paracherkaoui.ma\/index.php\/boutique\/\"},{\"@type\":\"ListItem\",\"position\":3,\"name\":\"PURESSENTIEL ANTI PIQUE SPRAY 200 ML\"}]},{\"@type\":\"WebSite\",\"@id\":\"https:\/\/paracherkaoui.ma\/#website\",\"url\":\"https:\/\/paracherkaoui.ma\/\",\"name\":\"Paracherkaoui.ma\",\"description\":\"Achetez en ligne sur Paracherkaoui.ma\",\"potentialAction\":[{\"@type\":\"SearchAction\",\"target\":{\"@type\":\"EntryPoint\",\"urlTemplate\":\"https:\/\/paracherkaoui.ma\/?s={search_term_string}\"},\"query-input\":{\"@type\":\"PropertyValueSpecification\",\"valueRequired\":true,\"valueName\":\"search_term_string\"}}],\"inLanguage\":\"fr-FR\"}]}<\/script>\r\n<!-- \/ Yoast SEO plugin. -->","yoast_head_json":{"title":"PURESSENTIEL ANTI PIQUE SPRAY 200 ML - Paracherkaoui.ma","robots":{"index":"index","follow":"follow","max-snippet":"max-snippet:-1","max-image-preview":"max-image-preview:large","max-video-preview":"max-video-preview:-1"},"canonical":"https:\/\/paracherkaoui.ma\/index.php\/produit\/puressentiel-anti-pique-spray-200-ml\/","og_locale":"fr_FR","og_type":"article","og_title":"PURESSENTIEL ANTI PIQUE SPRAY 200 ML - Paracherkaoui.ma","og_description":"DESCRIPTION : Gr\u00e2ce \u00e0 son actif d&rsquo;origine v\u00e9g\u00e9tale, cet anti-moustique repousse efficacement les moustiques en zones temp\u00e9r\u00e9es et tropicales jusqu\u2019\u00e0","og_url":"https:\/\/paracherkaoui.ma\/index.php\/produit\/puressentiel-anti-pique-spray-200-ml\/","og_site_name":"Paracherkaoui.ma","article_modified_time":"2025-12-12T18:37:34+00:00","og_image":[{"width":700,"height":700,"url":"https:\/\/paracherkaoui.ma\/wp-content\/uploads\/2025\/12\/puressentiel-puressentiel-anti-pique-spray-200-ml-anti-moustiques.jpg","type":"image\/jpeg"}],"twitter_card":"summary_large_image","twitter_misc":{"Dur\u00e9e de lecture estim\u00e9e":"2 minutes"},"schema":{"@context":"https:\/\/schema.org","@graph":[{"@type":"WebPage","@id":"https:\/\/paracherkaoui.ma\/index.php\/produit\/puressentiel-anti-pique-spray-200-ml\/","url":"https:\/\/paracherkaoui.ma\/index.php\/produit\/puressentiel-anti-pique-spray-200-ml\/","name":"PURESSENTIEL ANTI PIQUE SPRAY 200 ML - Paracherkaoui.ma","isPartOf":{"@id":"https:\/\/paracherkaoui.ma\/#website"},"primaryImageOfPage":{"@id":"https:\/\/paracherkaoui.ma\/index.php\/produit\/puressentiel-anti-pique-spray-200-ml\/#primaryimage"},"image":{"@id":"https:\/\/paracherkaoui.ma\/index.php\/produit\/puressentiel-anti-pique-spray-200-ml\/#primaryimage"},"thumbnailUrl":"https:\/\/paracherkaoui.ma\/wp-content\/uploads\/2025\/12\/puressentiel-puressentiel-anti-pique-spray-200-ml-anti-moustiques.jpg","datePublished":"2025-12-12T18:37:28+00:00","dateModified":"2025-12-12T18:37:34+00:00","breadcrumb":{"@id":"https:\/\/paracherkaoui.ma\/index.php\/produit\/puressentiel-anti-pique-spray-200-ml\/#breadcrumb"},"inLanguage":"fr-FR","potentialAction":[{"@type":"ReadAction","target":["https:\/\/paracherkaoui.ma\/index.php\/produit\/puressentiel-anti-pique-spray-200-ml\/"]}]},{"@type":"ImageObject","inLanguage":"fr-FR","@id":"https:\/\/paracherkaoui.ma\/index.php\/produit\/puressentiel-anti-pique-spray-200-ml\/#primaryimage","url":"https:\/\/paracherkaoui.ma\/wp-content\/uploads\/2025\/12\/puressentiel-puressentiel-anti-pique-spray-200-ml-anti-moustiques.jpg","contentUrl":"https:\/\/paracherkaoui.ma\/wp-content\/uploads\/2025\/12\/puressentiel-puressentiel-anti-pique-spray-200-ml-anti-moustiques.jpg","width":700,"height":700},{"@type":"BreadcrumbList","@id":"https:\/\/paracherkaoui.ma\/index.php\/produit\/puressentiel-anti-pique-spray-200-ml\/#breadcrumb","itemListElement":[{"@type":"ListItem","position":1,"name":"Accueil","item":"https:\/\/paracherkaoui.ma\/"},{"@type":"ListItem","position":2,"name":"Boutique","item":"https:\/\/paracherkaoui.ma\/index.php\/boutique\/"},{"@type":"ListItem","position":3,"name":"PURESSENTIEL ANTI PIQUE SPRAY 200 ML"}]},{"@type":"WebSite","@id":"https:\/\/paracherkaoui.ma\/#website","url":"https:\/\/paracherkaoui.ma\/","name":"Paracherkaoui.ma","description":"Achetez en ligne sur Paracherkaoui.ma","potentialAction":[{"@type":"SearchAction","target":{"@type":"EntryPoint","urlTemplate":"https:\/\/paracherkaoui.ma\/?s={search_term_string}"},"query-input":{"@type":"PropertyValueSpecification","valueRequired":true,"valueName":"search_term_string"}}],"inLanguage":"fr-FR"}]}},"_links":{"self":[{"href":"https:\/\/paracherkaoui.ma\/index.php\/wp-json\/wp\/v2\/product\/52971","targetHints":{"allow":["GET"]}}],"collection":[{"href":"https:\/\/paracherkaoui.ma\/index.php\/wp-json\/wp\/v2\/product"}],"about":[{"href":"https:\/\/paracherkaoui.ma\/index.php\/wp-json\/wp\/v2\/types\/product"}],"replies":[{"embeddable":true,"href":"https:\/\/paracherkaoui.ma\/index.php\/wp-json\/wp\/v2\/comments?post=52971"}],"version-history":[{"count":1,"href":"https:\/\/paracherkaoui.ma\/index.php\/wp-json\/wp\/v2\/product\/52971\/revisions"}],"predecessor-version":[{"id":53016,"href":"https:\/\/paracherkaoui.ma\/index.php\/wp-json\/wp\/v2\/product\/52971\/revisions\/53016"}],"wp:featuredmedia":[{"embeddable":true,"href":"https:\/\/paracherkaoui.ma\/index.php\/wp-json\/wp\/v2\/media\/53015"}],"wp:attachment":[{"href":"https:\/\/paracherkaoui.ma\/index.php\/wp-json\/wp\/v2\/media?parent=52971"}],"wp:term":[{"taxonomy":"product_brand","embeddable":true,"href":"https:\/\/paracherkaoui.ma\/index.php\/wp-json\/wp\/v2\/product_brand?post=52971"},{"taxonomy":"product_cat","embeddable":true,"href":"https:\/\/paracherkaoui.ma\/index.php\/wp-json\/wp\/v2\/product_cat?post=52971"},{"taxonomy":"product_tag","embeddable":true,"href":"https:\/\/paracherkaoui.ma\/index.php\/wp-json\/wp\/v2\/product_tag?post=52971"}],"curies":[{"name":"wp","href":"https:\/\/api.w.org\/{rel}","templated":true}]}}