{"id":52879,"date":"2025-12-12T19:37:15","date_gmt":"2025-12-12T18:37:15","guid":{"rendered":"https:\/\/test.ecbeaute.com\/?post_type=product&#038;p=52879"},"modified":"2025-12-12T19:37:20","modified_gmt":"2025-12-12T18:37:20","slug":"addax-biantidol-fluide-apaisant-irritations-100-ml","status":"publish","type":"product","link":"https:\/\/paracherkaoui.ma\/index.php\/produit\/addax-biantidol-fluide-apaisant-irritations-100-ml\/","title":{"rendered":"ADDAX BIANTIDOL FLUIDE APAISANT IRRITATIONS 100 ML"},"content":{"rendered":"<p>Description:<br \/>\nLes piq\u00fbres d&rsquo;insectes son g\u00e9n\u00e9ralement sans gravit\u00e9, mais peuvent cr\u00e9er des sensations d\u00e9sagr\u00e9ables et plus ou moins intenses. Toutefois, chez certains sujets, des r\u00e9actions allergiques surviennent et doivent faire l&rsquo;objet d&rsquo;une vigilance plus importante, mais en r\u00e8gle g\u00e9n\u00e9ral, l&rsquo;application d&rsquo;une cr\u00e8me adapt\u00e9e, permet de limiter les irritations et de soulager instantan\u00e9ment la peau agress\u00e9e. Le FLUIDE APAISANT BIANTIDOL ADDAX PROTECTION VISAGE ET CORPS, est un soin qui permet de pallier imm\u00e9diatement les diff\u00e9rentes agressions ext\u00e9rieures que la peau peut subir, ce soin contient\u00a0Extrait de Camomille et de Calophyllum Inophyllum:Ce sont leurs propri\u00e9t\u00e9s apaisantes qui sont principalement exploit\u00e9es dans ce soin, afin de soulager et d&rsquo;apaiser rapidement la zone \u00e9pidermique agress\u00e9e.\u00a0Des Triesters de Glyc\u00e9rol et du Potassium Glycyrrhizinate: Ce sont des agents aux vertus anti-inflammatoires qui soulagent les sensations d&rsquo;\u00e9chauffement.\u00a0Extrait de Calendula :\u00a0Cet agent v\u00e9g\u00e9tal permet d&rsquo;apaiser la zone endommag\u00e9e et de favoriser la cicatrisation.\u00a0Vitamine B5 et du Tepescohuite\u00a0:\u00a0Ces \u00e9l\u00e9ments vont r\u00e9parer de mani\u00e8re efficace les tissus cutan\u00e9s et assurer leur protection.\u00a0Huile de Tamanu\u00a0:\u00a0Cette huile est un puissant anti-inflammatoire qui att\u00e9nue les rougeurs et les fait disparaitre gr\u00e2ce \u00e0 ses agents hydratants.<br \/>\nConseils d&rsquo;utilisation<br \/>\nLe FLUIDE APAISANT BIANTIDOL ADDAX PROTECTION, s&rsquo;applique sur la peau endommag\u00e9e ou agress\u00e9e : 1 : Appliquez un peu de soin sur la peau et massez doucement. 2 : Appliquez en couche \u00e9paisse et prot\u00e9gez avec un bandage en cas d&rsquo;agression plus importante.<\/p>\n","protected":false},"excerpt":{"rendered":"<p>Description: Les piq\u00fbres d&rsquo;insectes son g\u00e9n\u00e9ralement sans gravit\u00e9, mais peuvent cr\u00e9er des sensations d\u00e9sagr\u00e9ables et plus ou moins intenses. Toutefois,<\/p>\n","protected":false},"featured_media":52916,"comment_status":"open","ping_status":"closed","template":"","meta":[],"product_brand":[483],"product_cat":[1018],"product_tag":[],"class_list":{"0":"post-52879","1":"product","2":"type-product","3":"status-publish","4":"has-post-thumbnail","6":"product_brand-addax","7":"product_cat-hygiene-maison","9":"first","10":"instock","11":"sale","12":"shipping-taxable","13":"purchasable","14":"product-type-simple"},"yoast_head":"<!-- This site is optimized with the Yoast SEO plugin v26.6 - https:\/\/yoast.com\/wordpress\/plugins\/seo\/ -->\r\n<title>ADDAX BIANTIDOL FLUIDE APAISANT IRRITATIONS 100 ML - Paracherkaoui.ma<\/title>\r\n<meta name=\"robots\" content=\"index, follow, max-snippet:-1, max-image-preview:large, max-video-preview:-1\" \/>\r\n<link rel=\"canonical\" href=\"https:\/\/paracherkaoui.ma\/index.php\/produit\/addax-biantidol-fluide-apaisant-irritations-100-ml\/\" \/>\r\n<meta property=\"og:locale\" content=\"fr_FR\" \/>\r\n<meta property=\"og:type\" content=\"article\" \/>\r\n<meta property=\"og:title\" content=\"ADDAX BIANTIDOL FLUIDE APAISANT IRRITATIONS 100 ML - Paracherkaoui.ma\" \/>\r\n<meta property=\"og:description\" content=\"Description: Les piq\u00fbres d&rsquo;insectes son g\u00e9n\u00e9ralement sans gravit\u00e9, mais peuvent cr\u00e9er des sensations d\u00e9sagr\u00e9ables et plus ou moins intenses. Toutefois,\" \/>\r\n<meta property=\"og:url\" content=\"https:\/\/paracherkaoui.ma\/index.php\/produit\/addax-biantidol-fluide-apaisant-irritations-100-ml\/\" \/>\r\n<meta property=\"og:site_name\" content=\"Paracherkaoui.ma\" \/>\r\n<meta property=\"article:modified_time\" content=\"2025-12-12T18:37:20+00:00\" \/>\r\n<meta property=\"og:image\" content=\"https:\/\/paracherkaoui.ma\/wp-content\/uploads\/2025\/12\/addax-addax-biantidol-fluide-apaisant-irritations-100-ml-anti-moustiques.jpg\" \/>\r\n\t<meta property=\"og:image:width\" content=\"700\" \/>\r\n\t<meta property=\"og:image:height\" content=\"700\" \/>\r\n\t<meta property=\"og:image:type\" content=\"image\/jpeg\" \/>\r\n<meta name=\"twitter:card\" content=\"summary_large_image\" \/>\r\n<meta name=\"twitter:label1\" content=\"Dur\u00e9e de lecture estim\u00e9e\" \/>\n\t<meta name=\"twitter:data1\" content=\"1 minute\" \/>\r\n<script type=\"application\/ld+json\" class=\"yoast-schema-graph\">{\"@context\":\"https:\/\/schema.org\",\"@graph\":[{\"@type\":\"WebPage\",\"@id\":\"https:\/\/paracherkaoui.ma\/index.php\/produit\/addax-biantidol-fluide-apaisant-irritations-100-ml\/\",\"url\":\"https:\/\/paracherkaoui.ma\/index.php\/produit\/addax-biantidol-fluide-apaisant-irritations-100-ml\/\",\"name\":\"ADDAX BIANTIDOL FLUIDE APAISANT IRRITATIONS 100 ML - Paracherkaoui.ma\",\"isPartOf\":{\"@id\":\"https:\/\/paracherkaoui.ma\/#website\"},\"primaryImageOfPage\":{\"@id\":\"https:\/\/paracherkaoui.ma\/index.php\/produit\/addax-biantidol-fluide-apaisant-irritations-100-ml\/#primaryimage\"},\"image\":{\"@id\":\"https:\/\/paracherkaoui.ma\/index.php\/produit\/addax-biantidol-fluide-apaisant-irritations-100-ml\/#primaryimage\"},\"thumbnailUrl\":\"https:\/\/paracherkaoui.ma\/wp-content\/uploads\/2025\/12\/addax-addax-biantidol-fluide-apaisant-irritations-100-ml-anti-moustiques.jpg\",\"datePublished\":\"2025-12-12T18:37:15+00:00\",\"dateModified\":\"2025-12-12T18:37:20+00:00\",\"breadcrumb\":{\"@id\":\"https:\/\/paracherkaoui.ma\/index.php\/produit\/addax-biantidol-fluide-apaisant-irritations-100-ml\/#breadcrumb\"},\"inLanguage\":\"fr-FR\",\"potentialAction\":[{\"@type\":\"ReadAction\",\"target\":[\"https:\/\/paracherkaoui.ma\/index.php\/produit\/addax-biantidol-fluide-apaisant-irritations-100-ml\/\"]}]},{\"@type\":\"ImageObject\",\"inLanguage\":\"fr-FR\",\"@id\":\"https:\/\/paracherkaoui.ma\/index.php\/produit\/addax-biantidol-fluide-apaisant-irritations-100-ml\/#primaryimage\",\"url\":\"https:\/\/paracherkaoui.ma\/wp-content\/uploads\/2025\/12\/addax-addax-biantidol-fluide-apaisant-irritations-100-ml-anti-moustiques.jpg\",\"contentUrl\":\"https:\/\/paracherkaoui.ma\/wp-content\/uploads\/2025\/12\/addax-addax-biantidol-fluide-apaisant-irritations-100-ml-anti-moustiques.jpg\",\"width\":700,\"height\":700},{\"@type\":\"BreadcrumbList\",\"@id\":\"https:\/\/paracherkaoui.ma\/index.php\/produit\/addax-biantidol-fluide-apaisant-irritations-100-ml\/#breadcrumb\",\"itemListElement\":[{\"@type\":\"ListItem\",\"position\":1,\"name\":\"Accueil\",\"item\":\"https:\/\/paracherkaoui.ma\/\"},{\"@type\":\"ListItem\",\"position\":2,\"name\":\"Boutique\",\"item\":\"https:\/\/paracherkaoui.ma\/index.php\/boutique\/\"},{\"@type\":\"ListItem\",\"position\":3,\"name\":\"ADDAX BIANTIDOL FLUIDE APAISANT IRRITATIONS 100 ML\"}]},{\"@type\":\"WebSite\",\"@id\":\"https:\/\/paracherkaoui.ma\/#website\",\"url\":\"https:\/\/paracherkaoui.ma\/\",\"name\":\"Paracherkaoui.ma\",\"description\":\"Achetez en ligne sur Paracherkaoui.ma\",\"potentialAction\":[{\"@type\":\"SearchAction\",\"target\":{\"@type\":\"EntryPoint\",\"urlTemplate\":\"https:\/\/paracherkaoui.ma\/?s={search_term_string}\"},\"query-input\":{\"@type\":\"PropertyValueSpecification\",\"valueRequired\":true,\"valueName\":\"search_term_string\"}}],\"inLanguage\":\"fr-FR\"}]}<\/script>\r\n<!-- \/ Yoast SEO plugin. -->","yoast_head_json":{"title":"ADDAX BIANTIDOL FLUIDE APAISANT IRRITATIONS 100 ML - Paracherkaoui.ma","robots":{"index":"index","follow":"follow","max-snippet":"max-snippet:-1","max-image-preview":"max-image-preview:large","max-video-preview":"max-video-preview:-1"},"canonical":"https:\/\/paracherkaoui.ma\/index.php\/produit\/addax-biantidol-fluide-apaisant-irritations-100-ml\/","og_locale":"fr_FR","og_type":"article","og_title":"ADDAX BIANTIDOL FLUIDE APAISANT IRRITATIONS 100 ML - Paracherkaoui.ma","og_description":"Description: Les piq\u00fbres d&rsquo;insectes son g\u00e9n\u00e9ralement sans gravit\u00e9, mais peuvent cr\u00e9er des sensations d\u00e9sagr\u00e9ables et plus ou moins intenses. Toutefois,","og_url":"https:\/\/paracherkaoui.ma\/index.php\/produit\/addax-biantidol-fluide-apaisant-irritations-100-ml\/","og_site_name":"Paracherkaoui.ma","article_modified_time":"2025-12-12T18:37:20+00:00","og_image":[{"width":700,"height":700,"url":"https:\/\/paracherkaoui.ma\/wp-content\/uploads\/2025\/12\/addax-addax-biantidol-fluide-apaisant-irritations-100-ml-anti-moustiques.jpg","type":"image\/jpeg"}],"twitter_card":"summary_large_image","twitter_misc":{"Dur\u00e9e de lecture estim\u00e9e":"1 minute"},"schema":{"@context":"https:\/\/schema.org","@graph":[{"@type":"WebPage","@id":"https:\/\/paracherkaoui.ma\/index.php\/produit\/addax-biantidol-fluide-apaisant-irritations-100-ml\/","url":"https:\/\/paracherkaoui.ma\/index.php\/produit\/addax-biantidol-fluide-apaisant-irritations-100-ml\/","name":"ADDAX BIANTIDOL FLUIDE APAISANT IRRITATIONS 100 ML - Paracherkaoui.ma","isPartOf":{"@id":"https:\/\/paracherkaoui.ma\/#website"},"primaryImageOfPage":{"@id":"https:\/\/paracherkaoui.ma\/index.php\/produit\/addax-biantidol-fluide-apaisant-irritations-100-ml\/#primaryimage"},"image":{"@id":"https:\/\/paracherkaoui.ma\/index.php\/produit\/addax-biantidol-fluide-apaisant-irritations-100-ml\/#primaryimage"},"thumbnailUrl":"https:\/\/paracherkaoui.ma\/wp-content\/uploads\/2025\/12\/addax-addax-biantidol-fluide-apaisant-irritations-100-ml-anti-moustiques.jpg","datePublished":"2025-12-12T18:37:15+00:00","dateModified":"2025-12-12T18:37:20+00:00","breadcrumb":{"@id":"https:\/\/paracherkaoui.ma\/index.php\/produit\/addax-biantidol-fluide-apaisant-irritations-100-ml\/#breadcrumb"},"inLanguage":"fr-FR","potentialAction":[{"@type":"ReadAction","target":["https:\/\/paracherkaoui.ma\/index.php\/produit\/addax-biantidol-fluide-apaisant-irritations-100-ml\/"]}]},{"@type":"ImageObject","inLanguage":"fr-FR","@id":"https:\/\/paracherkaoui.ma\/index.php\/produit\/addax-biantidol-fluide-apaisant-irritations-100-ml\/#primaryimage","url":"https:\/\/paracherkaoui.ma\/wp-content\/uploads\/2025\/12\/addax-addax-biantidol-fluide-apaisant-irritations-100-ml-anti-moustiques.jpg","contentUrl":"https:\/\/paracherkaoui.ma\/wp-content\/uploads\/2025\/12\/addax-addax-biantidol-fluide-apaisant-irritations-100-ml-anti-moustiques.jpg","width":700,"height":700},{"@type":"BreadcrumbList","@id":"https:\/\/paracherkaoui.ma\/index.php\/produit\/addax-biantidol-fluide-apaisant-irritations-100-ml\/#breadcrumb","itemListElement":[{"@type":"ListItem","position":1,"name":"Accueil","item":"https:\/\/paracherkaoui.ma\/"},{"@type":"ListItem","position":2,"name":"Boutique","item":"https:\/\/paracherkaoui.ma\/index.php\/boutique\/"},{"@type":"ListItem","position":3,"name":"ADDAX BIANTIDOL FLUIDE APAISANT IRRITATIONS 100 ML"}]},{"@type":"WebSite","@id":"https:\/\/paracherkaoui.ma\/#website","url":"https:\/\/paracherkaoui.ma\/","name":"Paracherkaoui.ma","description":"Achetez en ligne sur Paracherkaoui.ma","potentialAction":[{"@type":"SearchAction","target":{"@type":"EntryPoint","urlTemplate":"https:\/\/paracherkaoui.ma\/?s={search_term_string}"},"query-input":{"@type":"PropertyValueSpecification","valueRequired":true,"valueName":"search_term_string"}}],"inLanguage":"fr-FR"}]}},"_links":{"self":[{"href":"https:\/\/paracherkaoui.ma\/index.php\/wp-json\/wp\/v2\/product\/52879","targetHints":{"allow":["GET"]}}],"collection":[{"href":"https:\/\/paracherkaoui.ma\/index.php\/wp-json\/wp\/v2\/product"}],"about":[{"href":"https:\/\/paracherkaoui.ma\/index.php\/wp-json\/wp\/v2\/types\/product"}],"replies":[{"embeddable":true,"href":"https:\/\/paracherkaoui.ma\/index.php\/wp-json\/wp\/v2\/comments?post=52879"}],"version-history":[{"count":1,"href":"https:\/\/paracherkaoui.ma\/index.php\/wp-json\/wp\/v2\/product\/52879\/revisions"}],"predecessor-version":[{"id":52917,"href":"https:\/\/paracherkaoui.ma\/index.php\/wp-json\/wp\/v2\/product\/52879\/revisions\/52917"}],"wp:featuredmedia":[{"embeddable":true,"href":"https:\/\/paracherkaoui.ma\/index.php\/wp-json\/wp\/v2\/media\/52916"}],"wp:attachment":[{"href":"https:\/\/paracherkaoui.ma\/index.php\/wp-json\/wp\/v2\/media?parent=52879"}],"wp:term":[{"taxonomy":"product_brand","embeddable":true,"href":"https:\/\/paracherkaoui.ma\/index.php\/wp-json\/wp\/v2\/product_brand?post=52879"},{"taxonomy":"product_cat","embeddable":true,"href":"https:\/\/paracherkaoui.ma\/index.php\/wp-json\/wp\/v2\/product_cat?post=52879"},{"taxonomy":"product_tag","embeddable":true,"href":"https:\/\/paracherkaoui.ma\/index.php\/wp-json\/wp\/v2\/product_tag?post=52879"}],"curies":[{"name":"wp","href":"https:\/\/api.w.org\/{rel}","templated":true}]}}