{"id":52799,"date":"2025-12-12T19:37:05","date_gmt":"2025-12-12T18:37:05","guid":{"rendered":"https:\/\/test.ecbeaute.com\/?post_type=product&#038;p=52799"},"modified":"2025-12-12T19:37:10","modified_gmt":"2025-12-12T18:37:10","slug":"locamed-pilulier-pour-comprimes-secables","status":"publish","type":"product","link":"https:\/\/paracherkaoui.ma\/index.php\/produit\/locamed-pilulier-pour-comprimes-secables\/","title":{"rendered":"LOCAMED PILULIER POUR COMPRIMES SECABLES"},"content":{"rendered":"<p>Compact, discret et facile \u00e0 transporter, il se glisse ais\u00e9ment dans un sac \u00e0 main, une trousse de toilette ou m\u00eame une poche. Gr\u00e2ce \u00e0 ses compartiments pratiques, ce pilulier permet de planifier vos prises journali\u00e8res en toute s\u00e9r\u00e9nit\u00e9, r\u00e9duisant le risque d&rsquo;oubli ou de surdosage.<br \/>\nLe pilulier est fabriqu\u00e9 en mat\u00e9riau rigide et hygi\u00e9nique, sans BPA, garantissant une s\u00e9curit\u00e9 maximale pour vos traitements. Il est adapt\u00e9 aussi bien aux personnes \u00e2g\u00e9es, qu\u2019aux patients polym\u00e9diqu\u00e9s, ou \u00e0 toute personne soucieuse de suivre correctement son traitement. Il simplifie \u00e9galement la gestion des comprim\u00e9s en d\u00e9placement, \u00e0 la maison, ou lors de voyages.<br \/>\nSon syst\u00e8me d\u2019ouverture facile permet une utilisation intuitive, m\u00eame pour les personnes \u00e0 mobilit\u00e9 r\u00e9duite ou souffrant d\u2019arthrose. De plus, les compartiments sont pens\u00e9s pour accueillir des comprim\u00e9s de diff\u00e9rentes tailles, y compris ceux qui sont s\u00e9cables, sans risque de casse accidentelle.<br \/>\nConseils d\u2019utilisation :<br \/>\nRemplir le pilulier en d\u00e9but de semaine avec les doses journali\u00e8res selon votre ordonnance.<br \/>\nConserver \u00e0 l\u2019abri de l\u2019humidit\u00e9 et de la chaleur pour pr\u00e9server l\u2019int\u00e9grit\u00e9 des comprim\u00e9s.<br \/>\nNettoyer r\u00e9guli\u00e8rement \u00e0 l\u2019eau ti\u00e8de et au savon doux, puis bien s\u00e9cher avant r\u00e9utilisation.<\/p>\n","protected":false},"excerpt":{"rendered":"<p>Compact, discret et facile \u00e0 transporter, il se glisse ais\u00e9ment dans un sac \u00e0 main, une trousse de toilette ou<\/p>\n","protected":false},"featured_media":52842,"comment_status":"open","ping_status":"closed","template":"","meta":[],"product_brand":[952],"product_cat":[1013],"product_tag":[],"class_list":{"0":"post-52799","1":"product","2":"type-product","3":"status-publish","4":"has-post-thumbnail","6":"product_brand-locamed","7":"product_cat-accessoires-de-sante","9":"first","10":"instock","11":"shipping-taxable","12":"purchasable","13":"product-type-simple"},"yoast_head":"<!-- This site is optimized with the Yoast SEO plugin v26.6 - https:\/\/yoast.com\/wordpress\/plugins\/seo\/ -->\r\n<title>LOCAMED PILULIER POUR COMPRIMES SECABLES - Paracherkaoui.ma<\/title>\r\n<meta name=\"robots\" content=\"index, follow, max-snippet:-1, max-image-preview:large, max-video-preview:-1\" \/>\r\n<link rel=\"canonical\" href=\"https:\/\/paracherkaoui.ma\/index.php\/produit\/locamed-pilulier-pour-comprimes-secables\/\" \/>\r\n<meta property=\"og:locale\" content=\"fr_FR\" \/>\r\n<meta property=\"og:type\" content=\"article\" \/>\r\n<meta property=\"og:title\" content=\"LOCAMED PILULIER POUR COMPRIMES SECABLES - Paracherkaoui.ma\" \/>\r\n<meta property=\"og:description\" content=\"Compact, discret et facile \u00e0 transporter, il se glisse ais\u00e9ment dans un sac \u00e0 main, une trousse de toilette ou\" \/>\r\n<meta property=\"og:url\" content=\"https:\/\/paracherkaoui.ma\/index.php\/produit\/locamed-pilulier-pour-comprimes-secables\/\" \/>\r\n<meta property=\"og:site_name\" content=\"Paracherkaoui.ma\" \/>\r\n<meta property=\"article:modified_time\" content=\"2025-12-12T18:37:10+00:00\" \/>\r\n<meta property=\"og:image\" content=\"https:\/\/paracherkaoui.ma\/wp-content\/uploads\/2025\/12\/locamed-locamed-pilulier-pour-comprimes-secables-accessoires-de-sante.jpg\" \/>\r\n\t<meta property=\"og:image:width\" content=\"700\" \/>\r\n\t<meta property=\"og:image:height\" content=\"700\" \/>\r\n\t<meta property=\"og:image:type\" content=\"image\/jpeg\" \/>\r\n<meta name=\"twitter:card\" content=\"summary_large_image\" \/>\r\n<meta name=\"twitter:label1\" content=\"Dur\u00e9e de lecture estim\u00e9e\" \/>\n\t<meta name=\"twitter:data1\" content=\"1 minute\" \/>\r\n<script type=\"application\/ld+json\" class=\"yoast-schema-graph\">{\"@context\":\"https:\/\/schema.org\",\"@graph\":[{\"@type\":\"WebPage\",\"@id\":\"https:\/\/paracherkaoui.ma\/index.php\/produit\/locamed-pilulier-pour-comprimes-secables\/\",\"url\":\"https:\/\/paracherkaoui.ma\/index.php\/produit\/locamed-pilulier-pour-comprimes-secables\/\",\"name\":\"LOCAMED PILULIER POUR COMPRIMES SECABLES - Paracherkaoui.ma\",\"isPartOf\":{\"@id\":\"https:\/\/paracherkaoui.ma\/#website\"},\"primaryImageOfPage\":{\"@id\":\"https:\/\/paracherkaoui.ma\/index.php\/produit\/locamed-pilulier-pour-comprimes-secables\/#primaryimage\"},\"image\":{\"@id\":\"https:\/\/paracherkaoui.ma\/index.php\/produit\/locamed-pilulier-pour-comprimes-secables\/#primaryimage\"},\"thumbnailUrl\":\"https:\/\/paracherkaoui.ma\/wp-content\/uploads\/2025\/12\/locamed-locamed-pilulier-pour-comprimes-secables-accessoires-de-sante.jpg\",\"datePublished\":\"2025-12-12T18:37:05+00:00\",\"dateModified\":\"2025-12-12T18:37:10+00:00\",\"breadcrumb\":{\"@id\":\"https:\/\/paracherkaoui.ma\/index.php\/produit\/locamed-pilulier-pour-comprimes-secables\/#breadcrumb\"},\"inLanguage\":\"fr-FR\",\"potentialAction\":[{\"@type\":\"ReadAction\",\"target\":[\"https:\/\/paracherkaoui.ma\/index.php\/produit\/locamed-pilulier-pour-comprimes-secables\/\"]}]},{\"@type\":\"ImageObject\",\"inLanguage\":\"fr-FR\",\"@id\":\"https:\/\/paracherkaoui.ma\/index.php\/produit\/locamed-pilulier-pour-comprimes-secables\/#primaryimage\",\"url\":\"https:\/\/paracherkaoui.ma\/wp-content\/uploads\/2025\/12\/locamed-locamed-pilulier-pour-comprimes-secables-accessoires-de-sante.jpg\",\"contentUrl\":\"https:\/\/paracherkaoui.ma\/wp-content\/uploads\/2025\/12\/locamed-locamed-pilulier-pour-comprimes-secables-accessoires-de-sante.jpg\",\"width\":700,\"height\":700},{\"@type\":\"BreadcrumbList\",\"@id\":\"https:\/\/paracherkaoui.ma\/index.php\/produit\/locamed-pilulier-pour-comprimes-secables\/#breadcrumb\",\"itemListElement\":[{\"@type\":\"ListItem\",\"position\":1,\"name\":\"Accueil\",\"item\":\"https:\/\/paracherkaoui.ma\/\"},{\"@type\":\"ListItem\",\"position\":2,\"name\":\"Boutique\",\"item\":\"https:\/\/paracherkaoui.ma\/index.php\/boutique\/\"},{\"@type\":\"ListItem\",\"position\":3,\"name\":\"LOCAMED PILULIER POUR COMPRIMES SECABLES\"}]},{\"@type\":\"WebSite\",\"@id\":\"https:\/\/paracherkaoui.ma\/#website\",\"url\":\"https:\/\/paracherkaoui.ma\/\",\"name\":\"Paracherkaoui.ma\",\"description\":\"Achetez en ligne sur Paracherkaoui.ma\",\"potentialAction\":[{\"@type\":\"SearchAction\",\"target\":{\"@type\":\"EntryPoint\",\"urlTemplate\":\"https:\/\/paracherkaoui.ma\/?s={search_term_string}\"},\"query-input\":{\"@type\":\"PropertyValueSpecification\",\"valueRequired\":true,\"valueName\":\"search_term_string\"}}],\"inLanguage\":\"fr-FR\"}]}<\/script>\r\n<!-- \/ Yoast SEO plugin. -->","yoast_head_json":{"title":"LOCAMED PILULIER POUR COMPRIMES SECABLES - Paracherkaoui.ma","robots":{"index":"index","follow":"follow","max-snippet":"max-snippet:-1","max-image-preview":"max-image-preview:large","max-video-preview":"max-video-preview:-1"},"canonical":"https:\/\/paracherkaoui.ma\/index.php\/produit\/locamed-pilulier-pour-comprimes-secables\/","og_locale":"fr_FR","og_type":"article","og_title":"LOCAMED PILULIER POUR COMPRIMES SECABLES - Paracherkaoui.ma","og_description":"Compact, discret et facile \u00e0 transporter, il se glisse ais\u00e9ment dans un sac \u00e0 main, une trousse de toilette ou","og_url":"https:\/\/paracherkaoui.ma\/index.php\/produit\/locamed-pilulier-pour-comprimes-secables\/","og_site_name":"Paracherkaoui.ma","article_modified_time":"2025-12-12T18:37:10+00:00","og_image":[{"width":700,"height":700,"url":"https:\/\/paracherkaoui.ma\/wp-content\/uploads\/2025\/12\/locamed-locamed-pilulier-pour-comprimes-secables-accessoires-de-sante.jpg","type":"image\/jpeg"}],"twitter_card":"summary_large_image","twitter_misc":{"Dur\u00e9e de lecture estim\u00e9e":"1 minute"},"schema":{"@context":"https:\/\/schema.org","@graph":[{"@type":"WebPage","@id":"https:\/\/paracherkaoui.ma\/index.php\/produit\/locamed-pilulier-pour-comprimes-secables\/","url":"https:\/\/paracherkaoui.ma\/index.php\/produit\/locamed-pilulier-pour-comprimes-secables\/","name":"LOCAMED PILULIER POUR COMPRIMES SECABLES - Paracherkaoui.ma","isPartOf":{"@id":"https:\/\/paracherkaoui.ma\/#website"},"primaryImageOfPage":{"@id":"https:\/\/paracherkaoui.ma\/index.php\/produit\/locamed-pilulier-pour-comprimes-secables\/#primaryimage"},"image":{"@id":"https:\/\/paracherkaoui.ma\/index.php\/produit\/locamed-pilulier-pour-comprimes-secables\/#primaryimage"},"thumbnailUrl":"https:\/\/paracherkaoui.ma\/wp-content\/uploads\/2025\/12\/locamed-locamed-pilulier-pour-comprimes-secables-accessoires-de-sante.jpg","datePublished":"2025-12-12T18:37:05+00:00","dateModified":"2025-12-12T18:37:10+00:00","breadcrumb":{"@id":"https:\/\/paracherkaoui.ma\/index.php\/produit\/locamed-pilulier-pour-comprimes-secables\/#breadcrumb"},"inLanguage":"fr-FR","potentialAction":[{"@type":"ReadAction","target":["https:\/\/paracherkaoui.ma\/index.php\/produit\/locamed-pilulier-pour-comprimes-secables\/"]}]},{"@type":"ImageObject","inLanguage":"fr-FR","@id":"https:\/\/paracherkaoui.ma\/index.php\/produit\/locamed-pilulier-pour-comprimes-secables\/#primaryimage","url":"https:\/\/paracherkaoui.ma\/wp-content\/uploads\/2025\/12\/locamed-locamed-pilulier-pour-comprimes-secables-accessoires-de-sante.jpg","contentUrl":"https:\/\/paracherkaoui.ma\/wp-content\/uploads\/2025\/12\/locamed-locamed-pilulier-pour-comprimes-secables-accessoires-de-sante.jpg","width":700,"height":700},{"@type":"BreadcrumbList","@id":"https:\/\/paracherkaoui.ma\/index.php\/produit\/locamed-pilulier-pour-comprimes-secables\/#breadcrumb","itemListElement":[{"@type":"ListItem","position":1,"name":"Accueil","item":"https:\/\/paracherkaoui.ma\/"},{"@type":"ListItem","position":2,"name":"Boutique","item":"https:\/\/paracherkaoui.ma\/index.php\/boutique\/"},{"@type":"ListItem","position":3,"name":"LOCAMED PILULIER POUR COMPRIMES SECABLES"}]},{"@type":"WebSite","@id":"https:\/\/paracherkaoui.ma\/#website","url":"https:\/\/paracherkaoui.ma\/","name":"Paracherkaoui.ma","description":"Achetez en ligne sur Paracherkaoui.ma","potentialAction":[{"@type":"SearchAction","target":{"@type":"EntryPoint","urlTemplate":"https:\/\/paracherkaoui.ma\/?s={search_term_string}"},"query-input":{"@type":"PropertyValueSpecification","valueRequired":true,"valueName":"search_term_string"}}],"inLanguage":"fr-FR"}]}},"_links":{"self":[{"href":"https:\/\/paracherkaoui.ma\/index.php\/wp-json\/wp\/v2\/product\/52799","targetHints":{"allow":["GET"]}}],"collection":[{"href":"https:\/\/paracherkaoui.ma\/index.php\/wp-json\/wp\/v2\/product"}],"about":[{"href":"https:\/\/paracherkaoui.ma\/index.php\/wp-json\/wp\/v2\/types\/product"}],"replies":[{"embeddable":true,"href":"https:\/\/paracherkaoui.ma\/index.php\/wp-json\/wp\/v2\/comments?post=52799"}],"version-history":[{"count":1,"href":"https:\/\/paracherkaoui.ma\/index.php\/wp-json\/wp\/v2\/product\/52799\/revisions"}],"predecessor-version":[{"id":52843,"href":"https:\/\/paracherkaoui.ma\/index.php\/wp-json\/wp\/v2\/product\/52799\/revisions\/52843"}],"wp:featuredmedia":[{"embeddable":true,"href":"https:\/\/paracherkaoui.ma\/index.php\/wp-json\/wp\/v2\/media\/52842"}],"wp:attachment":[{"href":"https:\/\/paracherkaoui.ma\/index.php\/wp-json\/wp\/v2\/media?parent=52799"}],"wp:term":[{"taxonomy":"product_brand","embeddable":true,"href":"https:\/\/paracherkaoui.ma\/index.php\/wp-json\/wp\/v2\/product_brand?post=52799"},{"taxonomy":"product_cat","embeddable":true,"href":"https:\/\/paracherkaoui.ma\/index.php\/wp-json\/wp\/v2\/product_cat?post=52799"},{"taxonomy":"product_tag","embeddable":true,"href":"https:\/\/paracherkaoui.ma\/index.php\/wp-json\/wp\/v2\/product_tag?post=52799"}],"curies":[{"name":"wp","href":"https:\/\/api.w.org\/{rel}","templated":true}]}}