{"id":52786,"date":"2025-12-12T19:37:04","date_gmt":"2025-12-12T18:37:04","guid":{"rendered":"https:\/\/test.ecbeaute.com\/?post_type=product&#038;p=52786"},"modified":"2025-12-12T19:37:07","modified_gmt":"2025-12-12T18:37:07","slug":"lanaform-bouillote-electrique-2","status":"publish","type":"product","link":"https:\/\/paracherkaoui.ma\/index.php\/produit\/lanaform-bouillote-electrique-2\/","title":{"rendered":"LANAFORM BOUILLOTE ELECTRIQUE"},"content":{"rendered":"<p>La bouillotte rechargeable Lanaform procure chaleur et confort \u00e0 chaque utilisation. Vous sentirez un effet identique \u00e0 la bouillotte avec des noyaux de cerise.<br \/>\nDites adieu aux longues minutes d&rsquo;attente avec la bouillotte \u00e9lectrique LANAFORM. Cette bouillotte r\u00e9volutionnaire vous offre une chaleur douce et r\u00e9confortante en seulement 10 minutes de charge, pour une autonomie allant jusqu&rsquo;\u00e0 4 heures. Sa poche int\u00e9rieure, con\u00e7ue dans une mati\u00e8re douce et agr\u00e9able, vous enveloppe de chaleur pour soulager les tensions musculaires, les douleurs menstruelles ou simplement pour vous r\u00e9chauffer lors des froides soir\u00e9es d&rsquo;hiver. Dot\u00e9e d&rsquo;une protection contre la surchauffe, cette bouillotte \u00e9lectrique garantit une utilisation en toute s\u00e9curit\u00e9. Son design ergonomique et sa l\u00e9g\u00e8ret\u00e9 en font un alli\u00e9 id\u00e9al pour des moments de d\u00e9tente et de bien-\u00eatre o\u00f9 que vous soyez.<br \/>\nUn concentr\u00e9 de chaleur et de confort pour votre bien-\u00eatre<br \/>\nLa bouillotte \u00e9lectrique LANAFORM est un v\u00e9ritable concentr\u00e9 de bienfaits pour votre confort :<br \/>\nAutonomie de 4 heures : Pour une chaleur durable.<br \/>\nTemps de charge de 10 minutes : Pour une chaleur instantan\u00e9e.<br \/>\nProtection contre la surchauffe : Pour une utilisation en toute s\u00e9curit\u00e9.<br \/>\nMati\u00e8re douce et agr\u00e9able : Pour un confort optimal.<br \/>\nPoche int\u00e9rieure : Pour une diffusion de chaleur cibl\u00e9e.<br \/>\nDesign ergonomique et l\u00e9ger : Pour une utilisation facile et nomade.<br \/>\nConseils d&rsquo;utilisation<br \/>\nBranchez la bouillotte \u00e9lectrique sur une prise secteur.<br \/>\nLaissez charger pendant 10 minutes.<br \/>\nD\u00e9branchez la bouillotte et profitez de la chaleur douce et r\u00e9confortante pendant 4 heures.<br \/>\nVous pouvez placer la bouillotte sur la zone douloureuse ou froide de votre corps.<br \/>\nNe pas utiliser la bouillotte pendant la charge<br \/>\nCaract\u00e9ristiques :<br \/>\nTemps d\u2019utilisation : 2 \u00e0 4 heures<br \/>\nTemps de chargement : +\/- 10 minutes<br \/>\nProtection contre la surchauffe<br \/>\nArr\u00eat automatique de chargement<br \/>\nCaract\u00e9ristiques techniques :<br \/>\nMinuterie non<br \/>\nSyst\u00e8me de s\u00e9curit\u00e9 oui<br \/>\nArr\u00eat automatique non<br \/>\nAutonomie (h) 2 \u00e0 4<br \/>\nAllumage automatique oui<br \/>\nAccesoires fournis chargeur<br \/>\nLavable \u00e0 la main oui<br \/>\nMat\u00e9riau 100% polyester<br \/>\nColoris disponibles Corail<br \/>\nProtection contre la surchauffe oui<br \/>\nIntensit\u00e9s 1<br \/>\nDimensions produit (cm) 28 x 19 x 4,5<br \/>\nPuissance (W) 600<br \/>\nTension (V) 220-240<br \/>\nFr\u00e9quence (Hz) 50<br \/>\nCE oui<\/p>\n","protected":false},"excerpt":{"rendered":"<p>La bouillotte rechargeable Lanaform procure chaleur et confort \u00e0 chaque utilisation. Vous sentirez un effet identique \u00e0 la bouillotte avec<\/p>\n","protected":false},"featured_media":51065,"comment_status":"open","ping_status":"closed","template":"","meta":[],"product_brand":[843],"product_cat":[1013],"product_tag":[],"class_list":{"0":"post-52786","1":"product","2":"type-product","3":"status-publish","4":"has-post-thumbnail","6":"product_brand-lanaform","7":"product_cat-accessoires-de-sante","9":"first","10":"instock","11":"sale","12":"shipping-taxable","13":"purchasable","14":"product-type-simple"},"yoast_head":"<!-- This site is optimized with the Yoast SEO plugin v26.6 - https:\/\/yoast.com\/wordpress\/plugins\/seo\/ -->\r\n<title>LANAFORM BOUILLOTE ELECTRIQUE - Paracherkaoui.ma<\/title>\r\n<meta name=\"robots\" content=\"index, follow, max-snippet:-1, max-image-preview:large, max-video-preview:-1\" \/>\r\n<link rel=\"canonical\" href=\"https:\/\/paracherkaoui.ma\/index.php\/produit\/lanaform-bouillote-electrique-2\/\" \/>\r\n<meta property=\"og:locale\" content=\"fr_FR\" \/>\r\n<meta property=\"og:type\" content=\"article\" \/>\r\n<meta property=\"og:title\" content=\"LANAFORM BOUILLOTE ELECTRIQUE - Paracherkaoui.ma\" \/>\r\n<meta property=\"og:description\" content=\"La bouillotte rechargeable Lanaform procure chaleur et confort \u00e0 chaque utilisation. Vous sentirez un effet identique \u00e0 la bouillotte avec\" \/>\r\n<meta property=\"og:url\" content=\"https:\/\/paracherkaoui.ma\/index.php\/produit\/lanaform-bouillote-electrique-2\/\" \/>\r\n<meta property=\"og:site_name\" content=\"Paracherkaoui.ma\" \/>\r\n<meta property=\"article:modified_time\" content=\"2025-12-12T18:37:07+00:00\" \/>\r\n<meta property=\"og:image\" content=\"https:\/\/paracherkaoui.ma\/wp-content\/uploads\/2025\/12\/lanaform-lanaform-bouillote-electrique-accessoires.jpg\" \/>\r\n\t<meta property=\"og:image:width\" content=\"700\" \/>\r\n\t<meta property=\"og:image:height\" content=\"700\" \/>\r\n\t<meta property=\"og:image:type\" content=\"image\/jpeg\" \/>\r\n<meta name=\"twitter:card\" content=\"summary_large_image\" \/>\r\n<meta name=\"twitter:label1\" content=\"Dur\u00e9e de lecture estim\u00e9e\" \/>\n\t<meta name=\"twitter:data1\" content=\"2 minutes\" \/>\r\n<script type=\"application\/ld+json\" class=\"yoast-schema-graph\">{\"@context\":\"https:\/\/schema.org\",\"@graph\":[{\"@type\":\"WebPage\",\"@id\":\"https:\/\/paracherkaoui.ma\/index.php\/produit\/lanaform-bouillote-electrique-2\/\",\"url\":\"https:\/\/paracherkaoui.ma\/index.php\/produit\/lanaform-bouillote-electrique-2\/\",\"name\":\"LANAFORM BOUILLOTE ELECTRIQUE - Paracherkaoui.ma\",\"isPartOf\":{\"@id\":\"https:\/\/paracherkaoui.ma\/#website\"},\"primaryImageOfPage\":{\"@id\":\"https:\/\/paracherkaoui.ma\/index.php\/produit\/lanaform-bouillote-electrique-2\/#primaryimage\"},\"image\":{\"@id\":\"https:\/\/paracherkaoui.ma\/index.php\/produit\/lanaform-bouillote-electrique-2\/#primaryimage\"},\"thumbnailUrl\":\"https:\/\/paracherkaoui.ma\/wp-content\/uploads\/2025\/12\/lanaform-lanaform-bouillote-electrique-accessoires.jpg\",\"datePublished\":\"2025-12-12T18:37:04+00:00\",\"dateModified\":\"2025-12-12T18:37:07+00:00\",\"breadcrumb\":{\"@id\":\"https:\/\/paracherkaoui.ma\/index.php\/produit\/lanaform-bouillote-electrique-2\/#breadcrumb\"},\"inLanguage\":\"fr-FR\",\"potentialAction\":[{\"@type\":\"ReadAction\",\"target\":[\"https:\/\/paracherkaoui.ma\/index.php\/produit\/lanaform-bouillote-electrique-2\/\"]}]},{\"@type\":\"ImageObject\",\"inLanguage\":\"fr-FR\",\"@id\":\"https:\/\/paracherkaoui.ma\/index.php\/produit\/lanaform-bouillote-electrique-2\/#primaryimage\",\"url\":\"https:\/\/paracherkaoui.ma\/wp-content\/uploads\/2025\/12\/lanaform-lanaform-bouillote-electrique-accessoires.jpg\",\"contentUrl\":\"https:\/\/paracherkaoui.ma\/wp-content\/uploads\/2025\/12\/lanaform-lanaform-bouillote-electrique-accessoires.jpg\",\"width\":700,\"height\":700},{\"@type\":\"BreadcrumbList\",\"@id\":\"https:\/\/paracherkaoui.ma\/index.php\/produit\/lanaform-bouillote-electrique-2\/#breadcrumb\",\"itemListElement\":[{\"@type\":\"ListItem\",\"position\":1,\"name\":\"Accueil\",\"item\":\"https:\/\/paracherkaoui.ma\/\"},{\"@type\":\"ListItem\",\"position\":2,\"name\":\"Boutique\",\"item\":\"https:\/\/paracherkaoui.ma\/index.php\/boutique\/\"},{\"@type\":\"ListItem\",\"position\":3,\"name\":\"LANAFORM BOUILLOTE ELECTRIQUE\"}]},{\"@type\":\"WebSite\",\"@id\":\"https:\/\/paracherkaoui.ma\/#website\",\"url\":\"https:\/\/paracherkaoui.ma\/\",\"name\":\"Paracherkaoui.ma\",\"description\":\"Achetez en ligne sur Paracherkaoui.ma\",\"potentialAction\":[{\"@type\":\"SearchAction\",\"target\":{\"@type\":\"EntryPoint\",\"urlTemplate\":\"https:\/\/paracherkaoui.ma\/?s={search_term_string}\"},\"query-input\":{\"@type\":\"PropertyValueSpecification\",\"valueRequired\":true,\"valueName\":\"search_term_string\"}}],\"inLanguage\":\"fr-FR\"}]}<\/script>\r\n<!-- \/ Yoast SEO plugin. -->","yoast_head_json":{"title":"LANAFORM BOUILLOTE ELECTRIQUE - Paracherkaoui.ma","robots":{"index":"index","follow":"follow","max-snippet":"max-snippet:-1","max-image-preview":"max-image-preview:large","max-video-preview":"max-video-preview:-1"},"canonical":"https:\/\/paracherkaoui.ma\/index.php\/produit\/lanaform-bouillote-electrique-2\/","og_locale":"fr_FR","og_type":"article","og_title":"LANAFORM BOUILLOTE ELECTRIQUE - Paracherkaoui.ma","og_description":"La bouillotte rechargeable Lanaform procure chaleur et confort \u00e0 chaque utilisation. Vous sentirez un effet identique \u00e0 la bouillotte avec","og_url":"https:\/\/paracherkaoui.ma\/index.php\/produit\/lanaform-bouillote-electrique-2\/","og_site_name":"Paracherkaoui.ma","article_modified_time":"2025-12-12T18:37:07+00:00","og_image":[{"width":700,"height":700,"url":"https:\/\/paracherkaoui.ma\/wp-content\/uploads\/2025\/12\/lanaform-lanaform-bouillote-electrique-accessoires.jpg","type":"image\/jpeg"}],"twitter_card":"summary_large_image","twitter_misc":{"Dur\u00e9e de lecture estim\u00e9e":"2 minutes"},"schema":{"@context":"https:\/\/schema.org","@graph":[{"@type":"WebPage","@id":"https:\/\/paracherkaoui.ma\/index.php\/produit\/lanaform-bouillote-electrique-2\/","url":"https:\/\/paracherkaoui.ma\/index.php\/produit\/lanaform-bouillote-electrique-2\/","name":"LANAFORM BOUILLOTE ELECTRIQUE - Paracherkaoui.ma","isPartOf":{"@id":"https:\/\/paracherkaoui.ma\/#website"},"primaryImageOfPage":{"@id":"https:\/\/paracherkaoui.ma\/index.php\/produit\/lanaform-bouillote-electrique-2\/#primaryimage"},"image":{"@id":"https:\/\/paracherkaoui.ma\/index.php\/produit\/lanaform-bouillote-electrique-2\/#primaryimage"},"thumbnailUrl":"https:\/\/paracherkaoui.ma\/wp-content\/uploads\/2025\/12\/lanaform-lanaform-bouillote-electrique-accessoires.jpg","datePublished":"2025-12-12T18:37:04+00:00","dateModified":"2025-12-12T18:37:07+00:00","breadcrumb":{"@id":"https:\/\/paracherkaoui.ma\/index.php\/produit\/lanaform-bouillote-electrique-2\/#breadcrumb"},"inLanguage":"fr-FR","potentialAction":[{"@type":"ReadAction","target":["https:\/\/paracherkaoui.ma\/index.php\/produit\/lanaform-bouillote-electrique-2\/"]}]},{"@type":"ImageObject","inLanguage":"fr-FR","@id":"https:\/\/paracherkaoui.ma\/index.php\/produit\/lanaform-bouillote-electrique-2\/#primaryimage","url":"https:\/\/paracherkaoui.ma\/wp-content\/uploads\/2025\/12\/lanaform-lanaform-bouillote-electrique-accessoires.jpg","contentUrl":"https:\/\/paracherkaoui.ma\/wp-content\/uploads\/2025\/12\/lanaform-lanaform-bouillote-electrique-accessoires.jpg","width":700,"height":700},{"@type":"BreadcrumbList","@id":"https:\/\/paracherkaoui.ma\/index.php\/produit\/lanaform-bouillote-electrique-2\/#breadcrumb","itemListElement":[{"@type":"ListItem","position":1,"name":"Accueil","item":"https:\/\/paracherkaoui.ma\/"},{"@type":"ListItem","position":2,"name":"Boutique","item":"https:\/\/paracherkaoui.ma\/index.php\/boutique\/"},{"@type":"ListItem","position":3,"name":"LANAFORM BOUILLOTE ELECTRIQUE"}]},{"@type":"WebSite","@id":"https:\/\/paracherkaoui.ma\/#website","url":"https:\/\/paracherkaoui.ma\/","name":"Paracherkaoui.ma","description":"Achetez en ligne sur Paracherkaoui.ma","potentialAction":[{"@type":"SearchAction","target":{"@type":"EntryPoint","urlTemplate":"https:\/\/paracherkaoui.ma\/?s={search_term_string}"},"query-input":{"@type":"PropertyValueSpecification","valueRequired":true,"valueName":"search_term_string"}}],"inLanguage":"fr-FR"}]}},"_links":{"self":[{"href":"https:\/\/paracherkaoui.ma\/index.php\/wp-json\/wp\/v2\/product\/52786","targetHints":{"allow":["GET"]}}],"collection":[{"href":"https:\/\/paracherkaoui.ma\/index.php\/wp-json\/wp\/v2\/product"}],"about":[{"href":"https:\/\/paracherkaoui.ma\/index.php\/wp-json\/wp\/v2\/types\/product"}],"replies":[{"embeddable":true,"href":"https:\/\/paracherkaoui.ma\/index.php\/wp-json\/wp\/v2\/comments?post=52786"}],"version-history":[{"count":1,"href":"https:\/\/paracherkaoui.ma\/index.php\/wp-json\/wp\/v2\/product\/52786\/revisions"}],"predecessor-version":[{"id":52819,"href":"https:\/\/paracherkaoui.ma\/index.php\/wp-json\/wp\/v2\/product\/52786\/revisions\/52819"}],"wp:featuredmedia":[{"embeddable":true,"href":"https:\/\/paracherkaoui.ma\/index.php\/wp-json\/wp\/v2\/media\/51065"}],"wp:attachment":[{"href":"https:\/\/paracherkaoui.ma\/index.php\/wp-json\/wp\/v2\/media?parent=52786"}],"wp:term":[{"taxonomy":"product_brand","embeddable":true,"href":"https:\/\/paracherkaoui.ma\/index.php\/wp-json\/wp\/v2\/product_brand?post=52786"},{"taxonomy":"product_cat","embeddable":true,"href":"https:\/\/paracherkaoui.ma\/index.php\/wp-json\/wp\/v2\/product_cat?post=52786"},{"taxonomy":"product_tag","embeddable":true,"href":"https:\/\/paracherkaoui.ma\/index.php\/wp-json\/wp\/v2\/product_tag?post=52786"}],"curies":[{"name":"wp","href":"https:\/\/api.w.org\/{rel}","templated":true}]}}