{"id":52709,"date":"2025-12-12T19:36:53","date_gmt":"2025-12-12T18:36:53","guid":{"rendered":"https:\/\/test.ecbeaute.com\/?post_type=product&#038;p=52709"},"modified":"2025-12-12T19:36:59","modified_gmt":"2025-12-12T18:36:59","slug":"nutrimax-fucus-60-gelules-vegetales","status":"publish","type":"product","link":"https:\/\/paracherkaoui.ma\/index.php\/produit\/nutrimax-fucus-60-gelules-vegetales\/","title":{"rendered":"NUTRIMAX FUCUS 60 GELULES VEGETALES"},"content":{"rendered":"<p>Le Fucus agit sur plusieurs fronts : en provoquant une sensation de sati\u00e9t\u00e9, il aide \u00e0 r\u00e9duire naturellement les fringales et les envies de grignotage. En parall\u00e8le, il soutient le m\u00e9tabolisme des lipides, favorisant ainsi la combustion des graisses stock\u00e9es. Gr\u00e2ce \u00e0 sa richesse en iode, il contribue \u00e9galement au bon fonctionnement de la thyro\u00efde, organe cl\u00e9 dans la r\u00e9gulation du m\u00e9tabolisme.<br \/>\nLa formule v\u00e9g\u00e9tale de NutriMax garantit un produit adapt\u00e9 aux r\u00e9gimes v\u00e9g\u00e9tariens, sans OGM, ni gluten. Utilis\u00e9 en compl\u00e9ment d\u2019une alimentation \u00e9quilibr\u00e9e et d\u2019une activit\u00e9 physique r\u00e9guli\u00e8re, NutriMax Fucus vous accompagne naturellement dans votre parcours minceur, tout en respectant votre corps.<br \/>\nConseils d&rsquo;utilisation :<br \/>\nPrendre 2 \u00e0 3 g\u00e9lules par jour avec un grand verre d&rsquo;eau, de pr\u00e9f\u00e9rence avant les repas.<br \/>\nNe pas d\u00e9passer la dose journali\u00e8re recommand\u00e9e.<br \/>\nR\u00e9serv\u00e9 aux adultes.<br \/>\nComposition :<br \/>\nExtrait de thalle de Fucus (fucus vesiculosus) titr\u00e9 \u00e0 0,15% d\u2019Iodine, Excipients : Maltodextrine, St\u00e9arate de Mg, g\u00e9lule d\u2019origine v\u00e9g\u00e9tale (HPMC)<\/p>\n","protected":false},"excerpt":{"rendered":"<p>Le Fucus agit sur plusieurs fronts : en provoquant une sensation de sati\u00e9t\u00e9, il aide \u00e0 r\u00e9duire naturellement les fringales<\/p>\n","protected":false},"featured_media":52751,"comment_status":"open","ping_status":"closed","template":"","meta":[],"product_brand":[1008],"product_cat":[997],"product_tag":[],"class_list":{"0":"post-52709","1":"product","2":"type-product","3":"status-publish","4":"has-post-thumbnail","6":"product_brand-nutrimax","7":"product_cat-minceur","9":"first","10":"instock","11":"sale","12":"shipping-taxable","13":"purchasable","14":"product-type-simple"},"yoast_head":"<!-- This site is optimized with the Yoast SEO plugin v26.6 - https:\/\/yoast.com\/wordpress\/plugins\/seo\/ -->\r\n<title>NUTRIMAX FUCUS 60 GELULES VEGETALES - Paracherkaoui.ma<\/title>\r\n<meta name=\"robots\" content=\"index, follow, max-snippet:-1, max-image-preview:large, max-video-preview:-1\" \/>\r\n<link rel=\"canonical\" href=\"https:\/\/paracherkaoui.ma\/index.php\/produit\/nutrimax-fucus-60-gelules-vegetales\/\" \/>\r\n<meta property=\"og:locale\" content=\"fr_FR\" \/>\r\n<meta property=\"og:type\" content=\"article\" \/>\r\n<meta property=\"og:title\" content=\"NUTRIMAX FUCUS 60 GELULES VEGETALES - Paracherkaoui.ma\" \/>\r\n<meta property=\"og:description\" content=\"Le Fucus agit sur plusieurs fronts : en provoquant une sensation de sati\u00e9t\u00e9, il aide \u00e0 r\u00e9duire naturellement les fringales\" \/>\r\n<meta property=\"og:url\" content=\"https:\/\/paracherkaoui.ma\/index.php\/produit\/nutrimax-fucus-60-gelules-vegetales\/\" \/>\r\n<meta property=\"og:site_name\" content=\"Paracherkaoui.ma\" \/>\r\n<meta property=\"article:modified_time\" content=\"2025-12-12T18:36:59+00:00\" \/>\r\n<meta property=\"og:image\" content=\"https:\/\/paracherkaoui.ma\/wp-content\/uploads\/2025\/12\/nutrimax-nutrimax-fucus-60-gelules-vegetales-detox-coup-faim-ventre-plat.jpg\" \/>\r\n\t<meta property=\"og:image:width\" content=\"700\" \/>\r\n\t<meta property=\"og:image:height\" content=\"700\" \/>\r\n\t<meta property=\"og:image:type\" content=\"image\/jpeg\" \/>\r\n<meta name=\"twitter:card\" content=\"summary_large_image\" \/>\r\n<meta name=\"twitter:label1\" content=\"Dur\u00e9e de lecture estim\u00e9e\" \/>\n\t<meta name=\"twitter:data1\" content=\"1 minute\" \/>\r\n<script type=\"application\/ld+json\" class=\"yoast-schema-graph\">{\"@context\":\"https:\/\/schema.org\",\"@graph\":[{\"@type\":\"WebPage\",\"@id\":\"https:\/\/paracherkaoui.ma\/index.php\/produit\/nutrimax-fucus-60-gelules-vegetales\/\",\"url\":\"https:\/\/paracherkaoui.ma\/index.php\/produit\/nutrimax-fucus-60-gelules-vegetales\/\",\"name\":\"NUTRIMAX FUCUS 60 GELULES VEGETALES - Paracherkaoui.ma\",\"isPartOf\":{\"@id\":\"https:\/\/paracherkaoui.ma\/#website\"},\"primaryImageOfPage\":{\"@id\":\"https:\/\/paracherkaoui.ma\/index.php\/produit\/nutrimax-fucus-60-gelules-vegetales\/#primaryimage\"},\"image\":{\"@id\":\"https:\/\/paracherkaoui.ma\/index.php\/produit\/nutrimax-fucus-60-gelules-vegetales\/#primaryimage\"},\"thumbnailUrl\":\"https:\/\/paracherkaoui.ma\/wp-content\/uploads\/2025\/12\/nutrimax-nutrimax-fucus-60-gelules-vegetales-detox-coup-faim-ventre-plat.jpg\",\"datePublished\":\"2025-12-12T18:36:53+00:00\",\"dateModified\":\"2025-12-12T18:36:59+00:00\",\"breadcrumb\":{\"@id\":\"https:\/\/paracherkaoui.ma\/index.php\/produit\/nutrimax-fucus-60-gelules-vegetales\/#breadcrumb\"},\"inLanguage\":\"fr-FR\",\"potentialAction\":[{\"@type\":\"ReadAction\",\"target\":[\"https:\/\/paracherkaoui.ma\/index.php\/produit\/nutrimax-fucus-60-gelules-vegetales\/\"]}]},{\"@type\":\"ImageObject\",\"inLanguage\":\"fr-FR\",\"@id\":\"https:\/\/paracherkaoui.ma\/index.php\/produit\/nutrimax-fucus-60-gelules-vegetales\/#primaryimage\",\"url\":\"https:\/\/paracherkaoui.ma\/wp-content\/uploads\/2025\/12\/nutrimax-nutrimax-fucus-60-gelules-vegetales-detox-coup-faim-ventre-plat.jpg\",\"contentUrl\":\"https:\/\/paracherkaoui.ma\/wp-content\/uploads\/2025\/12\/nutrimax-nutrimax-fucus-60-gelules-vegetales-detox-coup-faim-ventre-plat.jpg\",\"width\":700,\"height\":700},{\"@type\":\"BreadcrumbList\",\"@id\":\"https:\/\/paracherkaoui.ma\/index.php\/produit\/nutrimax-fucus-60-gelules-vegetales\/#breadcrumb\",\"itemListElement\":[{\"@type\":\"ListItem\",\"position\":1,\"name\":\"Accueil\",\"item\":\"https:\/\/paracherkaoui.ma\/\"},{\"@type\":\"ListItem\",\"position\":2,\"name\":\"Boutique\",\"item\":\"https:\/\/paracherkaoui.ma\/index.php\/boutique\/\"},{\"@type\":\"ListItem\",\"position\":3,\"name\":\"NUTRIMAX FUCUS 60 GELULES VEGETALES\"}]},{\"@type\":\"WebSite\",\"@id\":\"https:\/\/paracherkaoui.ma\/#website\",\"url\":\"https:\/\/paracherkaoui.ma\/\",\"name\":\"Paracherkaoui.ma\",\"description\":\"Achetez en ligne sur Paracherkaoui.ma\",\"potentialAction\":[{\"@type\":\"SearchAction\",\"target\":{\"@type\":\"EntryPoint\",\"urlTemplate\":\"https:\/\/paracherkaoui.ma\/?s={search_term_string}\"},\"query-input\":{\"@type\":\"PropertyValueSpecification\",\"valueRequired\":true,\"valueName\":\"search_term_string\"}}],\"inLanguage\":\"fr-FR\"}]}<\/script>\r\n<!-- \/ Yoast SEO plugin. -->","yoast_head_json":{"title":"NUTRIMAX FUCUS 60 GELULES VEGETALES - Paracherkaoui.ma","robots":{"index":"index","follow":"follow","max-snippet":"max-snippet:-1","max-image-preview":"max-image-preview:large","max-video-preview":"max-video-preview:-1"},"canonical":"https:\/\/paracherkaoui.ma\/index.php\/produit\/nutrimax-fucus-60-gelules-vegetales\/","og_locale":"fr_FR","og_type":"article","og_title":"NUTRIMAX FUCUS 60 GELULES VEGETALES - Paracherkaoui.ma","og_description":"Le Fucus agit sur plusieurs fronts : en provoquant une sensation de sati\u00e9t\u00e9, il aide \u00e0 r\u00e9duire naturellement les fringales","og_url":"https:\/\/paracherkaoui.ma\/index.php\/produit\/nutrimax-fucus-60-gelules-vegetales\/","og_site_name":"Paracherkaoui.ma","article_modified_time":"2025-12-12T18:36:59+00:00","og_image":[{"width":700,"height":700,"url":"https:\/\/paracherkaoui.ma\/wp-content\/uploads\/2025\/12\/nutrimax-nutrimax-fucus-60-gelules-vegetales-detox-coup-faim-ventre-plat.jpg","type":"image\/jpeg"}],"twitter_card":"summary_large_image","twitter_misc":{"Dur\u00e9e de lecture estim\u00e9e":"1 minute"},"schema":{"@context":"https:\/\/schema.org","@graph":[{"@type":"WebPage","@id":"https:\/\/paracherkaoui.ma\/index.php\/produit\/nutrimax-fucus-60-gelules-vegetales\/","url":"https:\/\/paracherkaoui.ma\/index.php\/produit\/nutrimax-fucus-60-gelules-vegetales\/","name":"NUTRIMAX FUCUS 60 GELULES VEGETALES - Paracherkaoui.ma","isPartOf":{"@id":"https:\/\/paracherkaoui.ma\/#website"},"primaryImageOfPage":{"@id":"https:\/\/paracherkaoui.ma\/index.php\/produit\/nutrimax-fucus-60-gelules-vegetales\/#primaryimage"},"image":{"@id":"https:\/\/paracherkaoui.ma\/index.php\/produit\/nutrimax-fucus-60-gelules-vegetales\/#primaryimage"},"thumbnailUrl":"https:\/\/paracherkaoui.ma\/wp-content\/uploads\/2025\/12\/nutrimax-nutrimax-fucus-60-gelules-vegetales-detox-coup-faim-ventre-plat.jpg","datePublished":"2025-12-12T18:36:53+00:00","dateModified":"2025-12-12T18:36:59+00:00","breadcrumb":{"@id":"https:\/\/paracherkaoui.ma\/index.php\/produit\/nutrimax-fucus-60-gelules-vegetales\/#breadcrumb"},"inLanguage":"fr-FR","potentialAction":[{"@type":"ReadAction","target":["https:\/\/paracherkaoui.ma\/index.php\/produit\/nutrimax-fucus-60-gelules-vegetales\/"]}]},{"@type":"ImageObject","inLanguage":"fr-FR","@id":"https:\/\/paracherkaoui.ma\/index.php\/produit\/nutrimax-fucus-60-gelules-vegetales\/#primaryimage","url":"https:\/\/paracherkaoui.ma\/wp-content\/uploads\/2025\/12\/nutrimax-nutrimax-fucus-60-gelules-vegetales-detox-coup-faim-ventre-plat.jpg","contentUrl":"https:\/\/paracherkaoui.ma\/wp-content\/uploads\/2025\/12\/nutrimax-nutrimax-fucus-60-gelules-vegetales-detox-coup-faim-ventre-plat.jpg","width":700,"height":700},{"@type":"BreadcrumbList","@id":"https:\/\/paracherkaoui.ma\/index.php\/produit\/nutrimax-fucus-60-gelules-vegetales\/#breadcrumb","itemListElement":[{"@type":"ListItem","position":1,"name":"Accueil","item":"https:\/\/paracherkaoui.ma\/"},{"@type":"ListItem","position":2,"name":"Boutique","item":"https:\/\/paracherkaoui.ma\/index.php\/boutique\/"},{"@type":"ListItem","position":3,"name":"NUTRIMAX FUCUS 60 GELULES VEGETALES"}]},{"@type":"WebSite","@id":"https:\/\/paracherkaoui.ma\/#website","url":"https:\/\/paracherkaoui.ma\/","name":"Paracherkaoui.ma","description":"Achetez en ligne sur Paracherkaoui.ma","potentialAction":[{"@type":"SearchAction","target":{"@type":"EntryPoint","urlTemplate":"https:\/\/paracherkaoui.ma\/?s={search_term_string}"},"query-input":{"@type":"PropertyValueSpecification","valueRequired":true,"valueName":"search_term_string"}}],"inLanguage":"fr-FR"}]}},"_links":{"self":[{"href":"https:\/\/paracherkaoui.ma\/index.php\/wp-json\/wp\/v2\/product\/52709","targetHints":{"allow":["GET"]}}],"collection":[{"href":"https:\/\/paracherkaoui.ma\/index.php\/wp-json\/wp\/v2\/product"}],"about":[{"href":"https:\/\/paracherkaoui.ma\/index.php\/wp-json\/wp\/v2\/types\/product"}],"replies":[{"embeddable":true,"href":"https:\/\/paracherkaoui.ma\/index.php\/wp-json\/wp\/v2\/comments?post=52709"}],"version-history":[{"count":1,"href":"https:\/\/paracherkaoui.ma\/index.php\/wp-json\/wp\/v2\/product\/52709\/revisions"}],"predecessor-version":[{"id":52752,"href":"https:\/\/paracherkaoui.ma\/index.php\/wp-json\/wp\/v2\/product\/52709\/revisions\/52752"}],"wp:featuredmedia":[{"embeddable":true,"href":"https:\/\/paracherkaoui.ma\/index.php\/wp-json\/wp\/v2\/media\/52751"}],"wp:attachment":[{"href":"https:\/\/paracherkaoui.ma\/index.php\/wp-json\/wp\/v2\/media?parent=52709"}],"wp:term":[{"taxonomy":"product_brand","embeddable":true,"href":"https:\/\/paracherkaoui.ma\/index.php\/wp-json\/wp\/v2\/product_brand?post=52709"},{"taxonomy":"product_cat","embeddable":true,"href":"https:\/\/paracherkaoui.ma\/index.php\/wp-json\/wp\/v2\/product_cat?post=52709"},{"taxonomy":"product_tag","embeddable":true,"href":"https:\/\/paracherkaoui.ma\/index.php\/wp-json\/wp\/v2\/product_tag?post=52709"}],"curies":[{"name":"wp","href":"https:\/\/api.w.org\/{rel}","templated":true}]}}