{"id":52697,"date":"2025-12-12T19:36:52","date_gmt":"2025-12-12T18:36:52","guid":{"rendered":"https:\/\/test.ecbeaute.com\/?post_type=product&#038;p=52697"},"modified":"2025-12-12T19:36:55","modified_gmt":"2025-12-12T18:36:55","slug":"elancyl-my-coach-200ml","status":"publish","type":"product","link":"https:\/\/paracherkaoui.ma\/index.php\/produit\/elancyl-my-coach-200ml\/","title":{"rendered":"ELANCYL MY COACH 200ML"},"content":{"rendered":"<p>Description:<br \/>\nIssue d&rsquo;une innovation scientifique forte, inspir\u00e9e du m\u00e9tabolisme des sportifs, MY COACH est le premier produit ELANCYL avec 89% d&rsquo;ingr\u00e9dients d&rsquo;origine naturelle qui va multiplier les effets de vos petits efforts physiques du quotidien: monter \u00e0 pied les escaliers, faire du v\u00e9lo, marcher un peu plus, danser, aller \u00e0 la salle de sport\u2026 sont tous les efforts qui comptent quand ils sont associ\u00e9s \u00e0 MY COACH! La recherche Elancyl Laboratoire a identifi\u00e9 un actif qui favorise l&rsquo;activation des adipocytes br\u00fbleurs de graisse : la microalgue Tisochrysis Lutea. Les \u00e9tudes cliniques sous contr\u00f4le dermatologique sont formelles : MY COACH! multiplie X4les effets de vos petits efforts du quotidien sur la fermet\u00e9 et la tonicit\u00e9 de la peau et que pour chacun de vos petits efforts, MY COACH! booste \u00e0 60% les effets sur le lissage des capitons.<br \/>\nConseils d&rsquo;utilisation:<br \/>\nA utiliser on continue pendant une periode de 28 jours<\/p>\n","protected":false},"excerpt":{"rendered":"<p>Description: Issue d&rsquo;une innovation scientifique forte, inspir\u00e9e du m\u00e9tabolisme des sportifs, MY COACH est le premier produit ELANCYL avec 89%<\/p>\n","protected":false},"featured_media":52729,"comment_status":"open","ping_status":"closed","template":"","meta":[],"product_brand":[597],"product_cat":[997],"product_tag":[],"class_list":{"0":"post-52697","1":"product","2":"type-product","3":"status-publish","4":"has-post-thumbnail","6":"product_brand-elancyl","7":"product_cat-minceur","9":"first","10":"instock","11":"sale","12":"shipping-taxable","13":"purchasable","14":"product-type-simple"},"yoast_head":"<!-- This site is optimized with the Yoast SEO plugin v26.6 - https:\/\/yoast.com\/wordpress\/plugins\/seo\/ -->\r\n<title>ELANCYL MY COACH 200ML - Paracherkaoui.ma<\/title>\r\n<meta name=\"robots\" content=\"index, follow, max-snippet:-1, max-image-preview:large, max-video-preview:-1\" \/>\r\n<link rel=\"canonical\" href=\"https:\/\/paracherkaoui.ma\/index.php\/produit\/elancyl-my-coach-200ml\/\" \/>\r\n<meta property=\"og:locale\" content=\"fr_FR\" \/>\r\n<meta property=\"og:type\" content=\"article\" \/>\r\n<meta property=\"og:title\" content=\"ELANCYL MY COACH 200ML - Paracherkaoui.ma\" \/>\r\n<meta property=\"og:description\" content=\"Description: Issue d&rsquo;une innovation scientifique forte, inspir\u00e9e du m\u00e9tabolisme des sportifs, MY COACH est le premier produit ELANCYL avec 89%\" \/>\r\n<meta property=\"og:url\" content=\"https:\/\/paracherkaoui.ma\/index.php\/produit\/elancyl-my-coach-200ml\/\" \/>\r\n<meta property=\"og:site_name\" content=\"Paracherkaoui.ma\" \/>\r\n<meta property=\"article:modified_time\" content=\"2025-12-12T18:36:55+00:00\" \/>\r\n<meta property=\"og:image\" content=\"https:\/\/paracherkaoui.ma\/wp-content\/uploads\/2025\/12\/elancyl-elancyl-my-coach-200ml-cremes-minceur.jpg\" \/>\r\n\t<meta property=\"og:image:width\" content=\"700\" \/>\r\n\t<meta property=\"og:image:height\" content=\"700\" \/>\r\n\t<meta property=\"og:image:type\" content=\"image\/jpeg\" \/>\r\n<meta name=\"twitter:card\" content=\"summary_large_image\" \/>\r\n<meta name=\"twitter:label1\" content=\"Dur\u00e9e de lecture estim\u00e9e\" \/>\n\t<meta name=\"twitter:data1\" content=\"1 minute\" \/>\r\n<script type=\"application\/ld+json\" class=\"yoast-schema-graph\">{\"@context\":\"https:\/\/schema.org\",\"@graph\":[{\"@type\":\"WebPage\",\"@id\":\"https:\/\/paracherkaoui.ma\/index.php\/produit\/elancyl-my-coach-200ml\/\",\"url\":\"https:\/\/paracherkaoui.ma\/index.php\/produit\/elancyl-my-coach-200ml\/\",\"name\":\"ELANCYL MY COACH 200ML - Paracherkaoui.ma\",\"isPartOf\":{\"@id\":\"https:\/\/paracherkaoui.ma\/#website\"},\"primaryImageOfPage\":{\"@id\":\"https:\/\/paracherkaoui.ma\/index.php\/produit\/elancyl-my-coach-200ml\/#primaryimage\"},\"image\":{\"@id\":\"https:\/\/paracherkaoui.ma\/index.php\/produit\/elancyl-my-coach-200ml\/#primaryimage\"},\"thumbnailUrl\":\"https:\/\/paracherkaoui.ma\/wp-content\/uploads\/2025\/12\/elancyl-elancyl-my-coach-200ml-cremes-minceur.jpg\",\"datePublished\":\"2025-12-12T18:36:52+00:00\",\"dateModified\":\"2025-12-12T18:36:55+00:00\",\"breadcrumb\":{\"@id\":\"https:\/\/paracherkaoui.ma\/index.php\/produit\/elancyl-my-coach-200ml\/#breadcrumb\"},\"inLanguage\":\"fr-FR\",\"potentialAction\":[{\"@type\":\"ReadAction\",\"target\":[\"https:\/\/paracherkaoui.ma\/index.php\/produit\/elancyl-my-coach-200ml\/\"]}]},{\"@type\":\"ImageObject\",\"inLanguage\":\"fr-FR\",\"@id\":\"https:\/\/paracherkaoui.ma\/index.php\/produit\/elancyl-my-coach-200ml\/#primaryimage\",\"url\":\"https:\/\/paracherkaoui.ma\/wp-content\/uploads\/2025\/12\/elancyl-elancyl-my-coach-200ml-cremes-minceur.jpg\",\"contentUrl\":\"https:\/\/paracherkaoui.ma\/wp-content\/uploads\/2025\/12\/elancyl-elancyl-my-coach-200ml-cremes-minceur.jpg\",\"width\":700,\"height\":700},{\"@type\":\"BreadcrumbList\",\"@id\":\"https:\/\/paracherkaoui.ma\/index.php\/produit\/elancyl-my-coach-200ml\/#breadcrumb\",\"itemListElement\":[{\"@type\":\"ListItem\",\"position\":1,\"name\":\"Accueil\",\"item\":\"https:\/\/paracherkaoui.ma\/\"},{\"@type\":\"ListItem\",\"position\":2,\"name\":\"Boutique\",\"item\":\"https:\/\/paracherkaoui.ma\/index.php\/boutique\/\"},{\"@type\":\"ListItem\",\"position\":3,\"name\":\"ELANCYL MY COACH 200ML\"}]},{\"@type\":\"WebSite\",\"@id\":\"https:\/\/paracherkaoui.ma\/#website\",\"url\":\"https:\/\/paracherkaoui.ma\/\",\"name\":\"Paracherkaoui.ma\",\"description\":\"Achetez en ligne sur Paracherkaoui.ma\",\"potentialAction\":[{\"@type\":\"SearchAction\",\"target\":{\"@type\":\"EntryPoint\",\"urlTemplate\":\"https:\/\/paracherkaoui.ma\/?s={search_term_string}\"},\"query-input\":{\"@type\":\"PropertyValueSpecification\",\"valueRequired\":true,\"valueName\":\"search_term_string\"}}],\"inLanguage\":\"fr-FR\"}]}<\/script>\r\n<!-- \/ Yoast SEO plugin. -->","yoast_head_json":{"title":"ELANCYL MY COACH 200ML - Paracherkaoui.ma","robots":{"index":"index","follow":"follow","max-snippet":"max-snippet:-1","max-image-preview":"max-image-preview:large","max-video-preview":"max-video-preview:-1"},"canonical":"https:\/\/paracherkaoui.ma\/index.php\/produit\/elancyl-my-coach-200ml\/","og_locale":"fr_FR","og_type":"article","og_title":"ELANCYL MY COACH 200ML - Paracherkaoui.ma","og_description":"Description: Issue d&rsquo;une innovation scientifique forte, inspir\u00e9e du m\u00e9tabolisme des sportifs, MY COACH est le premier produit ELANCYL avec 89%","og_url":"https:\/\/paracherkaoui.ma\/index.php\/produit\/elancyl-my-coach-200ml\/","og_site_name":"Paracherkaoui.ma","article_modified_time":"2025-12-12T18:36:55+00:00","og_image":[{"width":700,"height":700,"url":"https:\/\/paracherkaoui.ma\/wp-content\/uploads\/2025\/12\/elancyl-elancyl-my-coach-200ml-cremes-minceur.jpg","type":"image\/jpeg"}],"twitter_card":"summary_large_image","twitter_misc":{"Dur\u00e9e de lecture estim\u00e9e":"1 minute"},"schema":{"@context":"https:\/\/schema.org","@graph":[{"@type":"WebPage","@id":"https:\/\/paracherkaoui.ma\/index.php\/produit\/elancyl-my-coach-200ml\/","url":"https:\/\/paracherkaoui.ma\/index.php\/produit\/elancyl-my-coach-200ml\/","name":"ELANCYL MY COACH 200ML - Paracherkaoui.ma","isPartOf":{"@id":"https:\/\/paracherkaoui.ma\/#website"},"primaryImageOfPage":{"@id":"https:\/\/paracherkaoui.ma\/index.php\/produit\/elancyl-my-coach-200ml\/#primaryimage"},"image":{"@id":"https:\/\/paracherkaoui.ma\/index.php\/produit\/elancyl-my-coach-200ml\/#primaryimage"},"thumbnailUrl":"https:\/\/paracherkaoui.ma\/wp-content\/uploads\/2025\/12\/elancyl-elancyl-my-coach-200ml-cremes-minceur.jpg","datePublished":"2025-12-12T18:36:52+00:00","dateModified":"2025-12-12T18:36:55+00:00","breadcrumb":{"@id":"https:\/\/paracherkaoui.ma\/index.php\/produit\/elancyl-my-coach-200ml\/#breadcrumb"},"inLanguage":"fr-FR","potentialAction":[{"@type":"ReadAction","target":["https:\/\/paracherkaoui.ma\/index.php\/produit\/elancyl-my-coach-200ml\/"]}]},{"@type":"ImageObject","inLanguage":"fr-FR","@id":"https:\/\/paracherkaoui.ma\/index.php\/produit\/elancyl-my-coach-200ml\/#primaryimage","url":"https:\/\/paracherkaoui.ma\/wp-content\/uploads\/2025\/12\/elancyl-elancyl-my-coach-200ml-cremes-minceur.jpg","contentUrl":"https:\/\/paracherkaoui.ma\/wp-content\/uploads\/2025\/12\/elancyl-elancyl-my-coach-200ml-cremes-minceur.jpg","width":700,"height":700},{"@type":"BreadcrumbList","@id":"https:\/\/paracherkaoui.ma\/index.php\/produit\/elancyl-my-coach-200ml\/#breadcrumb","itemListElement":[{"@type":"ListItem","position":1,"name":"Accueil","item":"https:\/\/paracherkaoui.ma\/"},{"@type":"ListItem","position":2,"name":"Boutique","item":"https:\/\/paracherkaoui.ma\/index.php\/boutique\/"},{"@type":"ListItem","position":3,"name":"ELANCYL MY COACH 200ML"}]},{"@type":"WebSite","@id":"https:\/\/paracherkaoui.ma\/#website","url":"https:\/\/paracherkaoui.ma\/","name":"Paracherkaoui.ma","description":"Achetez en ligne sur Paracherkaoui.ma","potentialAction":[{"@type":"SearchAction","target":{"@type":"EntryPoint","urlTemplate":"https:\/\/paracherkaoui.ma\/?s={search_term_string}"},"query-input":{"@type":"PropertyValueSpecification","valueRequired":true,"valueName":"search_term_string"}}],"inLanguage":"fr-FR"}]}},"_links":{"self":[{"href":"https:\/\/paracherkaoui.ma\/index.php\/wp-json\/wp\/v2\/product\/52697","targetHints":{"allow":["GET"]}}],"collection":[{"href":"https:\/\/paracherkaoui.ma\/index.php\/wp-json\/wp\/v2\/product"}],"about":[{"href":"https:\/\/paracherkaoui.ma\/index.php\/wp-json\/wp\/v2\/types\/product"}],"replies":[{"embeddable":true,"href":"https:\/\/paracherkaoui.ma\/index.php\/wp-json\/wp\/v2\/comments?post=52697"}],"version-history":[{"count":1,"href":"https:\/\/paracherkaoui.ma\/index.php\/wp-json\/wp\/v2\/product\/52697\/revisions"}],"predecessor-version":[{"id":52730,"href":"https:\/\/paracherkaoui.ma\/index.php\/wp-json\/wp\/v2\/product\/52697\/revisions\/52730"}],"wp:featuredmedia":[{"embeddable":true,"href":"https:\/\/paracherkaoui.ma\/index.php\/wp-json\/wp\/v2\/media\/52729"}],"wp:attachment":[{"href":"https:\/\/paracherkaoui.ma\/index.php\/wp-json\/wp\/v2\/media?parent=52697"}],"wp:term":[{"taxonomy":"product_brand","embeddable":true,"href":"https:\/\/paracherkaoui.ma\/index.php\/wp-json\/wp\/v2\/product_brand?post=52697"},{"taxonomy":"product_cat","embeddable":true,"href":"https:\/\/paracherkaoui.ma\/index.php\/wp-json\/wp\/v2\/product_cat?post=52697"},{"taxonomy":"product_tag","embeddable":true,"href":"https:\/\/paracherkaoui.ma\/index.php\/wp-json\/wp\/v2\/product_tag?post=52697"}],"curies":[{"name":"wp","href":"https:\/\/api.w.org\/{rel}","templated":true}]}}