{"id":52632,"date":"2025-12-12T19:36:41","date_gmt":"2025-12-12T18:36:41","guid":{"rendered":"https:\/\/test.ecbeaute.com\/?post_type=product&#038;p=52632"},"modified":"2025-12-12T19:36:51","modified_gmt":"2025-12-12T18:36:51","slug":"forte-pharma-turbo-draine-gout-framboise-500ml","status":"publish","type":"product","link":"https:\/\/paracherkaoui.ma\/index.php\/produit\/forte-pharma-turbo-draine-gout-framboise-500ml\/","title":{"rendered":"FORTE PHARMA TURBO DRAINE GO\u00dbT FRAMBOISE 500ML"},"content":{"rendered":"<p>Compl\u00e9ment alimentaire avec \u00e9dulcorants.<br \/>\nBrule, draine, purifie.<br \/>\nGinseng, aosa, goyave remin\u00e9ralisants.<br \/>\nGo\u00fbt framboise.<\/p>\n<p>Votre profil : J&rsquo;ai quelques kilos en trop et je cherche un draineur complet qui me permette d&rsquo;\u00e9liminer! Je vaux un produit qui ait bon go\u00fbt, \u00e0 boire tout au long de la journ\u00e9e, sans effort.<\/p>\n<p>Actions produit : Avec sa formule associant des extraits d&rsquo;origine v\u00e9g\u00e9tale MINCEUR TURBODRAINE agit efficacement pour aider \u00e0:<\/p>\n<p>&#8211; Drainer et purifier l&rsquo;organisme en profondeur : Queue de cerise, reine des pr\u00e9s, hibiscus et cactin\u00e9a ont \u00e9t\u00e9 s\u00e9lectionn\u00e9s pour leurs propri\u00e9t\u00e9s drainantes naturelles<br \/>\n-Br\u00fbler les calories gr\u00e2ce \u00e0 l&rsquo;action du Th\u00e9 vert.<br \/>\n-Remin\u00e9raliser le corps : le trio Algue Aosa, ginseng et goyave apporte ions et min\u00e9raux.<\/p>\n<p>R\u00e9sultat : Un produit qui allie efficacit\u00e9 et plaisir:<\/p>\n<p>-Minceur Turbodraine augmente l&rsquo;\u00e9limination de +43%.<br \/>\n-Excellent go\u00fbt framboise<\/p>\n<p>La charte \u00e9thique des laboratoires Forte Pharma:<\/p>\n<p>-S\u00e9lection rigoureuse d&rsquo;actifs d&rsquo;origine naturelle \u00e0 l&rsquo;efficacit\u00e9 prouv\u00e9e.<br \/>\n-Formules \u00e9labor\u00e9es par les chercheurs des Laboratoires Fort\u00e9 Pharma en conformit\u00e9 avec le r\u00e9glementation Europ\u00e9enne<br \/>\n-Qualit\u00e9 et s\u00e9curit\u00e9 garanties par des tests et contr\u00f4les scientifiques r\u00e9alis\u00e9s par un organisme ind\u00e9pendant.<\/p>\n<p>Fabriqu\u00e9 en U.E.<br \/>\nConseils d&rsquo;utilisation<br \/>\nDiluer 10 ml dans un grand verre d\u2019eau, \u00e0 renouveler 5 fois par jour. Cure de 10 jours \u00e0 renouveler, il est recommand\u00e9 d\u2019effectuer une cure de 3 semaines \u00e0 chaque changement de saison. Apr\u00e8s ouverture, conserver au frais et consommer dans les 15 jours. Il est conseill\u00e9 de boire 1,5l d&rsquo;eau par jour. Un compl\u00e9ment alimentaire ne doit pas se substituer \u00e0 une alimentation vari\u00e9e et \u00e9quilibr\u00e9e et \u00e0 un mode de vie sain. Se conformer aux conseils d\u2019utilisation. Ne pas d\u00e9passer la dose journali\u00e8re conseill\u00e9e. D\u00e9conseill\u00e9 aux femmes enceintes ou qui allaitent et aux enfants de moins de 8 ans sans avis m\u00e9dical. Tenir hors de port\u00e9e des jeunes enfants. Sans gluten, sans OGM, sans g\u00e9latine, contient une source de ph\u00e9nylalanine. Ce compl\u00e9ment alimentaire n\u2019est pas un m\u00e9dicamen<br \/>\nComposition<\/p>\n<p>(\u00e9quivalence de plantes en mg par dose journali\u00e8re) : Eau purifi\u00e9e, extraiut de th\u00e9 vert (camelia sinensis) correspondant \u00e0 240mg de polyph\u00e9nols, reine des pr\u00e9s (spiraea ulmaria) (2000), cactin\u00e9a (fruit de figuier de barbarie (opuntia ficus indica) (1000)), acidifiant ( acide citrique), hibiscus (hibiscus sabdariffa) (600), queue de cerise (prunus cerasus) (300), colorants (anthocyanes, ponceau 4R), conservateurs (sorbate de potassium, benzoate de sodium), phytotrio (100) (m\u00e9lange de goyave (psidium guajava), d&rsquo;aosa (ulva lactuca), et de ginseng (panax ginseng CA meyeril), \u00e9paississant (carboxym\u00e9thylcellulose), ar\u00f4me framboise, \u00e9dulcorants (aspartame, ac\u00e9sulfame de potassium, sucralose), chlorure de potassium, \u00e9mulsifiant (mono et diglyc\u00e9rides d&rsquo;acides gras).<\/p>\n","protected":false},"excerpt":{"rendered":"<p>Compl\u00e9ment alimentaire avec \u00e9dulcorants. Brule, draine, purifie. Ginseng, aosa, goyave remin\u00e9ralisants. Go\u00fbt framboise. Votre profil : J&rsquo;ai quelques kilos en<\/p>\n","protected":false},"featured_media":52684,"comment_status":"open","ping_status":"closed","template":"","meta":[],"product_brand":[684],"product_cat":[997],"product_tag":[],"class_list":{"0":"post-52632","1":"product","2":"type-product","3":"status-publish","4":"has-post-thumbnail","6":"product_brand-forte-pharma","7":"product_cat-minceur","9":"first","10":"instock","11":"sale","12":"shipping-taxable","13":"purchasable","14":"product-type-simple"},"yoast_head":"<!-- This site is optimized with the Yoast SEO plugin v26.6 - https:\/\/yoast.com\/wordpress\/plugins\/seo\/ -->\r\n<title>FORTE PHARMA TURBO DRAINE GO\u00dbT FRAMBOISE 500ML - Paracherkaoui.ma<\/title>\r\n<meta name=\"robots\" content=\"index, follow, max-snippet:-1, max-image-preview:large, max-video-preview:-1\" \/>\r\n<link rel=\"canonical\" href=\"https:\/\/paracherkaoui.ma\/index.php\/produit\/forte-pharma-turbo-draine-gout-framboise-500ml\/\" \/>\r\n<meta property=\"og:locale\" content=\"fr_FR\" \/>\r\n<meta property=\"og:type\" content=\"article\" \/>\r\n<meta property=\"og:title\" content=\"FORTE PHARMA TURBO DRAINE GO\u00dbT FRAMBOISE 500ML - Paracherkaoui.ma\" \/>\r\n<meta property=\"og:description\" content=\"Compl\u00e9ment alimentaire avec \u00e9dulcorants. Brule, draine, purifie. Ginseng, aosa, goyave remin\u00e9ralisants. Go\u00fbt framboise. Votre profil : J&rsquo;ai quelques kilos en\" \/>\r\n<meta property=\"og:url\" content=\"https:\/\/paracherkaoui.ma\/index.php\/produit\/forte-pharma-turbo-draine-gout-framboise-500ml\/\" \/>\r\n<meta property=\"og:site_name\" content=\"Paracherkaoui.ma\" \/>\r\n<meta property=\"article:modified_time\" content=\"2025-12-12T18:36:51+00:00\" \/>\r\n<meta property=\"og:image\" content=\"https:\/\/paracherkaoui.ma\/wp-content\/uploads\/2025\/12\/forte-pharma-forte-pharma-turbo-draine-gout-framboise-500ml-boissons.jpg\" \/>\r\n\t<meta property=\"og:image:width\" content=\"700\" \/>\r\n\t<meta property=\"og:image:height\" content=\"700\" \/>\r\n\t<meta property=\"og:image:type\" content=\"image\/jpeg\" \/>\r\n<meta name=\"twitter:card\" content=\"summary_large_image\" \/>\r\n<meta name=\"twitter:label1\" content=\"Dur\u00e9e de lecture estim\u00e9e\" \/>\n\t<meta name=\"twitter:data1\" content=\"2 minutes\" \/>\r\n<script type=\"application\/ld+json\" class=\"yoast-schema-graph\">{\"@context\":\"https:\/\/schema.org\",\"@graph\":[{\"@type\":\"WebPage\",\"@id\":\"https:\/\/paracherkaoui.ma\/index.php\/produit\/forte-pharma-turbo-draine-gout-framboise-500ml\/\",\"url\":\"https:\/\/paracherkaoui.ma\/index.php\/produit\/forte-pharma-turbo-draine-gout-framboise-500ml\/\",\"name\":\"FORTE PHARMA TURBO DRAINE GO\u00dbT FRAMBOISE 500ML - Paracherkaoui.ma\",\"isPartOf\":{\"@id\":\"https:\/\/paracherkaoui.ma\/#website\"},\"primaryImageOfPage\":{\"@id\":\"https:\/\/paracherkaoui.ma\/index.php\/produit\/forte-pharma-turbo-draine-gout-framboise-500ml\/#primaryimage\"},\"image\":{\"@id\":\"https:\/\/paracherkaoui.ma\/index.php\/produit\/forte-pharma-turbo-draine-gout-framboise-500ml\/#primaryimage\"},\"thumbnailUrl\":\"https:\/\/paracherkaoui.ma\/wp-content\/uploads\/2025\/12\/forte-pharma-forte-pharma-turbo-draine-gout-framboise-500ml-boissons.jpg\",\"datePublished\":\"2025-12-12T18:36:41+00:00\",\"dateModified\":\"2025-12-12T18:36:51+00:00\",\"breadcrumb\":{\"@id\":\"https:\/\/paracherkaoui.ma\/index.php\/produit\/forte-pharma-turbo-draine-gout-framboise-500ml\/#breadcrumb\"},\"inLanguage\":\"fr-FR\",\"potentialAction\":[{\"@type\":\"ReadAction\",\"target\":[\"https:\/\/paracherkaoui.ma\/index.php\/produit\/forte-pharma-turbo-draine-gout-framboise-500ml\/\"]}]},{\"@type\":\"ImageObject\",\"inLanguage\":\"fr-FR\",\"@id\":\"https:\/\/paracherkaoui.ma\/index.php\/produit\/forte-pharma-turbo-draine-gout-framboise-500ml\/#primaryimage\",\"url\":\"https:\/\/paracherkaoui.ma\/wp-content\/uploads\/2025\/12\/forte-pharma-forte-pharma-turbo-draine-gout-framboise-500ml-boissons.jpg\",\"contentUrl\":\"https:\/\/paracherkaoui.ma\/wp-content\/uploads\/2025\/12\/forte-pharma-forte-pharma-turbo-draine-gout-framboise-500ml-boissons.jpg\",\"width\":700,\"height\":700},{\"@type\":\"BreadcrumbList\",\"@id\":\"https:\/\/paracherkaoui.ma\/index.php\/produit\/forte-pharma-turbo-draine-gout-framboise-500ml\/#breadcrumb\",\"itemListElement\":[{\"@type\":\"ListItem\",\"position\":1,\"name\":\"Accueil\",\"item\":\"https:\/\/paracherkaoui.ma\/\"},{\"@type\":\"ListItem\",\"position\":2,\"name\":\"Boutique\",\"item\":\"https:\/\/paracherkaoui.ma\/index.php\/boutique\/\"},{\"@type\":\"ListItem\",\"position\":3,\"name\":\"FORTE PHARMA TURBO DRAINE GO\u00dbT FRAMBOISE 500ML\"}]},{\"@type\":\"WebSite\",\"@id\":\"https:\/\/paracherkaoui.ma\/#website\",\"url\":\"https:\/\/paracherkaoui.ma\/\",\"name\":\"Paracherkaoui.ma\",\"description\":\"Achetez en ligne sur Paracherkaoui.ma\",\"potentialAction\":[{\"@type\":\"SearchAction\",\"target\":{\"@type\":\"EntryPoint\",\"urlTemplate\":\"https:\/\/paracherkaoui.ma\/?s={search_term_string}\"},\"query-input\":{\"@type\":\"PropertyValueSpecification\",\"valueRequired\":true,\"valueName\":\"search_term_string\"}}],\"inLanguage\":\"fr-FR\"}]}<\/script>\r\n<!-- \/ Yoast SEO plugin. -->","yoast_head_json":{"title":"FORTE PHARMA TURBO DRAINE GO\u00dbT FRAMBOISE 500ML - Paracherkaoui.ma","robots":{"index":"index","follow":"follow","max-snippet":"max-snippet:-1","max-image-preview":"max-image-preview:large","max-video-preview":"max-video-preview:-1"},"canonical":"https:\/\/paracherkaoui.ma\/index.php\/produit\/forte-pharma-turbo-draine-gout-framboise-500ml\/","og_locale":"fr_FR","og_type":"article","og_title":"FORTE PHARMA TURBO DRAINE GO\u00dbT FRAMBOISE 500ML - Paracherkaoui.ma","og_description":"Compl\u00e9ment alimentaire avec \u00e9dulcorants. Brule, draine, purifie. Ginseng, aosa, goyave remin\u00e9ralisants. Go\u00fbt framboise. Votre profil : J&rsquo;ai quelques kilos en","og_url":"https:\/\/paracherkaoui.ma\/index.php\/produit\/forte-pharma-turbo-draine-gout-framboise-500ml\/","og_site_name":"Paracherkaoui.ma","article_modified_time":"2025-12-12T18:36:51+00:00","og_image":[{"width":700,"height":700,"url":"https:\/\/paracherkaoui.ma\/wp-content\/uploads\/2025\/12\/forte-pharma-forte-pharma-turbo-draine-gout-framboise-500ml-boissons.jpg","type":"image\/jpeg"}],"twitter_card":"summary_large_image","twitter_misc":{"Dur\u00e9e de lecture estim\u00e9e":"2 minutes"},"schema":{"@context":"https:\/\/schema.org","@graph":[{"@type":"WebPage","@id":"https:\/\/paracherkaoui.ma\/index.php\/produit\/forte-pharma-turbo-draine-gout-framboise-500ml\/","url":"https:\/\/paracherkaoui.ma\/index.php\/produit\/forte-pharma-turbo-draine-gout-framboise-500ml\/","name":"FORTE PHARMA TURBO DRAINE GO\u00dbT FRAMBOISE 500ML - Paracherkaoui.ma","isPartOf":{"@id":"https:\/\/paracherkaoui.ma\/#website"},"primaryImageOfPage":{"@id":"https:\/\/paracherkaoui.ma\/index.php\/produit\/forte-pharma-turbo-draine-gout-framboise-500ml\/#primaryimage"},"image":{"@id":"https:\/\/paracherkaoui.ma\/index.php\/produit\/forte-pharma-turbo-draine-gout-framboise-500ml\/#primaryimage"},"thumbnailUrl":"https:\/\/paracherkaoui.ma\/wp-content\/uploads\/2025\/12\/forte-pharma-forte-pharma-turbo-draine-gout-framboise-500ml-boissons.jpg","datePublished":"2025-12-12T18:36:41+00:00","dateModified":"2025-12-12T18:36:51+00:00","breadcrumb":{"@id":"https:\/\/paracherkaoui.ma\/index.php\/produit\/forte-pharma-turbo-draine-gout-framboise-500ml\/#breadcrumb"},"inLanguage":"fr-FR","potentialAction":[{"@type":"ReadAction","target":["https:\/\/paracherkaoui.ma\/index.php\/produit\/forte-pharma-turbo-draine-gout-framboise-500ml\/"]}]},{"@type":"ImageObject","inLanguage":"fr-FR","@id":"https:\/\/paracherkaoui.ma\/index.php\/produit\/forte-pharma-turbo-draine-gout-framboise-500ml\/#primaryimage","url":"https:\/\/paracherkaoui.ma\/wp-content\/uploads\/2025\/12\/forte-pharma-forte-pharma-turbo-draine-gout-framboise-500ml-boissons.jpg","contentUrl":"https:\/\/paracherkaoui.ma\/wp-content\/uploads\/2025\/12\/forte-pharma-forte-pharma-turbo-draine-gout-framboise-500ml-boissons.jpg","width":700,"height":700},{"@type":"BreadcrumbList","@id":"https:\/\/paracherkaoui.ma\/index.php\/produit\/forte-pharma-turbo-draine-gout-framboise-500ml\/#breadcrumb","itemListElement":[{"@type":"ListItem","position":1,"name":"Accueil","item":"https:\/\/paracherkaoui.ma\/"},{"@type":"ListItem","position":2,"name":"Boutique","item":"https:\/\/paracherkaoui.ma\/index.php\/boutique\/"},{"@type":"ListItem","position":3,"name":"FORTE PHARMA TURBO DRAINE GO\u00dbT FRAMBOISE 500ML"}]},{"@type":"WebSite","@id":"https:\/\/paracherkaoui.ma\/#website","url":"https:\/\/paracherkaoui.ma\/","name":"Paracherkaoui.ma","description":"Achetez en ligne sur Paracherkaoui.ma","potentialAction":[{"@type":"SearchAction","target":{"@type":"EntryPoint","urlTemplate":"https:\/\/paracherkaoui.ma\/?s={search_term_string}"},"query-input":{"@type":"PropertyValueSpecification","valueRequired":true,"valueName":"search_term_string"}}],"inLanguage":"fr-FR"}]}},"_links":{"self":[{"href":"https:\/\/paracherkaoui.ma\/index.php\/wp-json\/wp\/v2\/product\/52632","targetHints":{"allow":["GET"]}}],"collection":[{"href":"https:\/\/paracherkaoui.ma\/index.php\/wp-json\/wp\/v2\/product"}],"about":[{"href":"https:\/\/paracherkaoui.ma\/index.php\/wp-json\/wp\/v2\/types\/product"}],"replies":[{"embeddable":true,"href":"https:\/\/paracherkaoui.ma\/index.php\/wp-json\/wp\/v2\/comments?post=52632"}],"version-history":[{"count":1,"href":"https:\/\/paracherkaoui.ma\/index.php\/wp-json\/wp\/v2\/product\/52632\/revisions"}],"predecessor-version":[{"id":52685,"href":"https:\/\/paracherkaoui.ma\/index.php\/wp-json\/wp\/v2\/product\/52632\/revisions\/52685"}],"wp:featuredmedia":[{"embeddable":true,"href":"https:\/\/paracherkaoui.ma\/index.php\/wp-json\/wp\/v2\/media\/52684"}],"wp:attachment":[{"href":"https:\/\/paracherkaoui.ma\/index.php\/wp-json\/wp\/v2\/media?parent=52632"}],"wp:term":[{"taxonomy":"product_brand","embeddable":true,"href":"https:\/\/paracherkaoui.ma\/index.php\/wp-json\/wp\/v2\/product_brand?post=52632"},{"taxonomy":"product_cat","embeddable":true,"href":"https:\/\/paracherkaoui.ma\/index.php\/wp-json\/wp\/v2\/product_cat?post=52632"},{"taxonomy":"product_tag","embeddable":true,"href":"https:\/\/paracherkaoui.ma\/index.php\/wp-json\/wp\/v2\/product_tag?post=52632"}],"curies":[{"name":"wp","href":"https:\/\/api.w.org\/{rel}","templated":true}]}}