{"id":52629,"date":"2025-12-12T19:36:41","date_gmt":"2025-12-12T18:36:41","guid":{"rendered":"https:\/\/test.ecbeaute.com\/?post_type=product&#038;p=52629"},"modified":"2025-12-12T19:36:50","modified_gmt":"2025-12-12T18:36:50","slug":"somatoline-traitement-minceur-50-plus-250-ml","status":"publish","type":"product","link":"https:\/\/paracherkaoui.ma\/index.php\/produit\/somatoline-traitement-minceur-50-plus-250-ml\/","title":{"rendered":"SOMATOLINE TRAITEMENT MINCEUR 50 PLUS 250 ML"},"content":{"rendered":"<p>Somatoline Cosmetic traitement minceur 50 plus 250ml<\/p>\n<p>Avec l&rsquo;\u00e2ge, les amas graisseux localis\u00e9s deviennent plus difficiles \u00e0 \u00e9liminer. C&rsquo;est la raison pour laquelle les traitements minceur traditionnels peuvent ne plus \u00eatre efficace.<br \/>\nDe la recherche Somatoline Cosmetic est n\u00e9 Somatoline Traitement Minceur 50 plus ( remplace Somatoline M\u00e9nopause ).<br \/>\nSa formule fortement enrichie en ingr\u00e9dients actifs pour une efficacit\u00e9 renforc\u00e9e, r\u00e9duit en 2 semaines et avec 1 seule application par jour la circonf\u00e9rence de la taille et des hanches. Innovation Somatoline Cosmetic le SlimageAdvance-complex est un complexe d&rsquo;actifs minceur associ\u00e9s \u00e0 un extrait d&rsquo;algues corail \u00e0 l&rsquo;action lipor\u00e9ductrice qui assure une triple action :<br \/>\n&#8211; favoriser la r\u00e9duction des amas graisseux typiques des femmes matures, particuli\u00e8rement localis\u00e9s au niveau de la taille et des hanches<br \/>\n&#8211; combattre les signes du vieillissement cutan\u00e9 et am\u00e9liorer la densit\u00e9 et l&rsquo;\u00e9lasticit\u00e9 de la peau<br \/>\n&#8211; nourrir intens\u00e9ment en laissant votre peau lisse et douce.<br \/>\nIndication :<br \/>\nSoin minceur<br \/>\nConseil d&rsquo;utilisation :<br \/>\nAppliquer 1 fois par jour pendant 2 semaines, une bonne quantit\u00e9 de produit sur la zone du ventre et des hanches, puis masser en effectuant des mouvements circulaires jusqu&rsquo; \u00e0 absorption compl\u00e8te de la cr\u00e8me.<br \/>\nL&rsquo;utilisation r\u00e9guli\u00e8re du produit apr\u00e8s 4 semaines de traitement aide \u00e0 maintenir les r\u00e9sultats obtenus<\/p>\n","protected":false},"excerpt":{"rendered":"<p>Somatoline Cosmetic traitement minceur 50 plus 250ml Avec l&rsquo;\u00e2ge, les amas graisseux localis\u00e9s deviennent plus difficiles \u00e0 \u00e9liminer. C&rsquo;est la<\/p>\n","protected":false},"featured_media":52678,"comment_status":"open","ping_status":"closed","template":"","meta":[],"product_brand":[589],"product_cat":[997],"product_tag":[],"class_list":{"0":"post-52629","1":"product","2":"type-product","3":"status-publish","4":"has-post-thumbnail","6":"product_brand-somatoline","7":"product_cat-minceur","9":"first","10":"instock","11":"sale","12":"shipping-taxable","13":"purchasable","14":"product-type-simple"},"yoast_head":"<!-- This site is optimized with the Yoast SEO plugin v26.6 - https:\/\/yoast.com\/wordpress\/plugins\/seo\/ -->\r\n<title>SOMATOLINE TRAITEMENT MINCEUR 50 PLUS 250 ML - Paracherkaoui.ma<\/title>\r\n<meta name=\"robots\" content=\"index, follow, max-snippet:-1, max-image-preview:large, max-video-preview:-1\" \/>\r\n<link rel=\"canonical\" href=\"https:\/\/paracherkaoui.ma\/index.php\/produit\/somatoline-traitement-minceur-50-plus-250-ml\/\" \/>\r\n<meta property=\"og:locale\" content=\"fr_FR\" \/>\r\n<meta property=\"og:type\" content=\"article\" \/>\r\n<meta property=\"og:title\" content=\"SOMATOLINE TRAITEMENT MINCEUR 50 PLUS 250 ML - Paracherkaoui.ma\" \/>\r\n<meta property=\"og:description\" content=\"Somatoline Cosmetic traitement minceur 50 plus 250ml Avec l&rsquo;\u00e2ge, les amas graisseux localis\u00e9s deviennent plus difficiles \u00e0 \u00e9liminer. C&rsquo;est la\" \/>\r\n<meta property=\"og:url\" content=\"https:\/\/paracherkaoui.ma\/index.php\/produit\/somatoline-traitement-minceur-50-plus-250-ml\/\" \/>\r\n<meta property=\"og:site_name\" content=\"Paracherkaoui.ma\" \/>\r\n<meta property=\"article:modified_time\" content=\"2025-12-12T18:36:50+00:00\" \/>\r\n<meta property=\"og:image\" content=\"https:\/\/paracherkaoui.ma\/wp-content\/uploads\/2025\/12\/somatoline-somatoline-traitement-minceur-50-plus-250-ml-huiles-et-cremes.jpg\" \/>\r\n\t<meta property=\"og:image:width\" content=\"700\" \/>\r\n\t<meta property=\"og:image:height\" content=\"700\" \/>\r\n\t<meta property=\"og:image:type\" content=\"image\/jpeg\" \/>\r\n<meta name=\"twitter:card\" content=\"summary_large_image\" \/>\r\n<meta name=\"twitter:label1\" content=\"Dur\u00e9e de lecture estim\u00e9e\" \/>\n\t<meta name=\"twitter:data1\" content=\"1 minute\" \/>\r\n<script type=\"application\/ld+json\" class=\"yoast-schema-graph\">{\"@context\":\"https:\/\/schema.org\",\"@graph\":[{\"@type\":\"WebPage\",\"@id\":\"https:\/\/paracherkaoui.ma\/index.php\/produit\/somatoline-traitement-minceur-50-plus-250-ml\/\",\"url\":\"https:\/\/paracherkaoui.ma\/index.php\/produit\/somatoline-traitement-minceur-50-plus-250-ml\/\",\"name\":\"SOMATOLINE TRAITEMENT MINCEUR 50 PLUS 250 ML - Paracherkaoui.ma\",\"isPartOf\":{\"@id\":\"https:\/\/paracherkaoui.ma\/#website\"},\"primaryImageOfPage\":{\"@id\":\"https:\/\/paracherkaoui.ma\/index.php\/produit\/somatoline-traitement-minceur-50-plus-250-ml\/#primaryimage\"},\"image\":{\"@id\":\"https:\/\/paracherkaoui.ma\/index.php\/produit\/somatoline-traitement-minceur-50-plus-250-ml\/#primaryimage\"},\"thumbnailUrl\":\"https:\/\/paracherkaoui.ma\/wp-content\/uploads\/2025\/12\/somatoline-somatoline-traitement-minceur-50-plus-250-ml-huiles-et-cremes.jpg\",\"datePublished\":\"2025-12-12T18:36:41+00:00\",\"dateModified\":\"2025-12-12T18:36:50+00:00\",\"breadcrumb\":{\"@id\":\"https:\/\/paracherkaoui.ma\/index.php\/produit\/somatoline-traitement-minceur-50-plus-250-ml\/#breadcrumb\"},\"inLanguage\":\"fr-FR\",\"potentialAction\":[{\"@type\":\"ReadAction\",\"target\":[\"https:\/\/paracherkaoui.ma\/index.php\/produit\/somatoline-traitement-minceur-50-plus-250-ml\/\"]}]},{\"@type\":\"ImageObject\",\"inLanguage\":\"fr-FR\",\"@id\":\"https:\/\/paracherkaoui.ma\/index.php\/produit\/somatoline-traitement-minceur-50-plus-250-ml\/#primaryimage\",\"url\":\"https:\/\/paracherkaoui.ma\/wp-content\/uploads\/2025\/12\/somatoline-somatoline-traitement-minceur-50-plus-250-ml-huiles-et-cremes.jpg\",\"contentUrl\":\"https:\/\/paracherkaoui.ma\/wp-content\/uploads\/2025\/12\/somatoline-somatoline-traitement-minceur-50-plus-250-ml-huiles-et-cremes.jpg\",\"width\":700,\"height\":700},{\"@type\":\"BreadcrumbList\",\"@id\":\"https:\/\/paracherkaoui.ma\/index.php\/produit\/somatoline-traitement-minceur-50-plus-250-ml\/#breadcrumb\",\"itemListElement\":[{\"@type\":\"ListItem\",\"position\":1,\"name\":\"Accueil\",\"item\":\"https:\/\/paracherkaoui.ma\/\"},{\"@type\":\"ListItem\",\"position\":2,\"name\":\"Boutique\",\"item\":\"https:\/\/paracherkaoui.ma\/index.php\/boutique\/\"},{\"@type\":\"ListItem\",\"position\":3,\"name\":\"SOMATOLINE TRAITEMENT MINCEUR 50 PLUS 250 ML\"}]},{\"@type\":\"WebSite\",\"@id\":\"https:\/\/paracherkaoui.ma\/#website\",\"url\":\"https:\/\/paracherkaoui.ma\/\",\"name\":\"Paracherkaoui.ma\",\"description\":\"Achetez en ligne sur Paracherkaoui.ma\",\"potentialAction\":[{\"@type\":\"SearchAction\",\"target\":{\"@type\":\"EntryPoint\",\"urlTemplate\":\"https:\/\/paracherkaoui.ma\/?s={search_term_string}\"},\"query-input\":{\"@type\":\"PropertyValueSpecification\",\"valueRequired\":true,\"valueName\":\"search_term_string\"}}],\"inLanguage\":\"fr-FR\"}]}<\/script>\r\n<!-- \/ Yoast SEO plugin. -->","yoast_head_json":{"title":"SOMATOLINE TRAITEMENT MINCEUR 50 PLUS 250 ML - Paracherkaoui.ma","robots":{"index":"index","follow":"follow","max-snippet":"max-snippet:-1","max-image-preview":"max-image-preview:large","max-video-preview":"max-video-preview:-1"},"canonical":"https:\/\/paracherkaoui.ma\/index.php\/produit\/somatoline-traitement-minceur-50-plus-250-ml\/","og_locale":"fr_FR","og_type":"article","og_title":"SOMATOLINE TRAITEMENT MINCEUR 50 PLUS 250 ML - Paracherkaoui.ma","og_description":"Somatoline Cosmetic traitement minceur 50 plus 250ml Avec l&rsquo;\u00e2ge, les amas graisseux localis\u00e9s deviennent plus difficiles \u00e0 \u00e9liminer. C&rsquo;est la","og_url":"https:\/\/paracherkaoui.ma\/index.php\/produit\/somatoline-traitement-minceur-50-plus-250-ml\/","og_site_name":"Paracherkaoui.ma","article_modified_time":"2025-12-12T18:36:50+00:00","og_image":[{"width":700,"height":700,"url":"https:\/\/paracherkaoui.ma\/wp-content\/uploads\/2025\/12\/somatoline-somatoline-traitement-minceur-50-plus-250-ml-huiles-et-cremes.jpg","type":"image\/jpeg"}],"twitter_card":"summary_large_image","twitter_misc":{"Dur\u00e9e de lecture estim\u00e9e":"1 minute"},"schema":{"@context":"https:\/\/schema.org","@graph":[{"@type":"WebPage","@id":"https:\/\/paracherkaoui.ma\/index.php\/produit\/somatoline-traitement-minceur-50-plus-250-ml\/","url":"https:\/\/paracherkaoui.ma\/index.php\/produit\/somatoline-traitement-minceur-50-plus-250-ml\/","name":"SOMATOLINE TRAITEMENT MINCEUR 50 PLUS 250 ML - Paracherkaoui.ma","isPartOf":{"@id":"https:\/\/paracherkaoui.ma\/#website"},"primaryImageOfPage":{"@id":"https:\/\/paracherkaoui.ma\/index.php\/produit\/somatoline-traitement-minceur-50-plus-250-ml\/#primaryimage"},"image":{"@id":"https:\/\/paracherkaoui.ma\/index.php\/produit\/somatoline-traitement-minceur-50-plus-250-ml\/#primaryimage"},"thumbnailUrl":"https:\/\/paracherkaoui.ma\/wp-content\/uploads\/2025\/12\/somatoline-somatoline-traitement-minceur-50-plus-250-ml-huiles-et-cremes.jpg","datePublished":"2025-12-12T18:36:41+00:00","dateModified":"2025-12-12T18:36:50+00:00","breadcrumb":{"@id":"https:\/\/paracherkaoui.ma\/index.php\/produit\/somatoline-traitement-minceur-50-plus-250-ml\/#breadcrumb"},"inLanguage":"fr-FR","potentialAction":[{"@type":"ReadAction","target":["https:\/\/paracherkaoui.ma\/index.php\/produit\/somatoline-traitement-minceur-50-plus-250-ml\/"]}]},{"@type":"ImageObject","inLanguage":"fr-FR","@id":"https:\/\/paracherkaoui.ma\/index.php\/produit\/somatoline-traitement-minceur-50-plus-250-ml\/#primaryimage","url":"https:\/\/paracherkaoui.ma\/wp-content\/uploads\/2025\/12\/somatoline-somatoline-traitement-minceur-50-plus-250-ml-huiles-et-cremes.jpg","contentUrl":"https:\/\/paracherkaoui.ma\/wp-content\/uploads\/2025\/12\/somatoline-somatoline-traitement-minceur-50-plus-250-ml-huiles-et-cremes.jpg","width":700,"height":700},{"@type":"BreadcrumbList","@id":"https:\/\/paracherkaoui.ma\/index.php\/produit\/somatoline-traitement-minceur-50-plus-250-ml\/#breadcrumb","itemListElement":[{"@type":"ListItem","position":1,"name":"Accueil","item":"https:\/\/paracherkaoui.ma\/"},{"@type":"ListItem","position":2,"name":"Boutique","item":"https:\/\/paracherkaoui.ma\/index.php\/boutique\/"},{"@type":"ListItem","position":3,"name":"SOMATOLINE TRAITEMENT MINCEUR 50 PLUS 250 ML"}]},{"@type":"WebSite","@id":"https:\/\/paracherkaoui.ma\/#website","url":"https:\/\/paracherkaoui.ma\/","name":"Paracherkaoui.ma","description":"Achetez en ligne sur Paracherkaoui.ma","potentialAction":[{"@type":"SearchAction","target":{"@type":"EntryPoint","urlTemplate":"https:\/\/paracherkaoui.ma\/?s={search_term_string}"},"query-input":{"@type":"PropertyValueSpecification","valueRequired":true,"valueName":"search_term_string"}}],"inLanguage":"fr-FR"}]}},"_links":{"self":[{"href":"https:\/\/paracherkaoui.ma\/index.php\/wp-json\/wp\/v2\/product\/52629","targetHints":{"allow":["GET"]}}],"collection":[{"href":"https:\/\/paracherkaoui.ma\/index.php\/wp-json\/wp\/v2\/product"}],"about":[{"href":"https:\/\/paracherkaoui.ma\/index.php\/wp-json\/wp\/v2\/types\/product"}],"replies":[{"embeddable":true,"href":"https:\/\/paracherkaoui.ma\/index.php\/wp-json\/wp\/v2\/comments?post=52629"}],"version-history":[{"count":1,"href":"https:\/\/paracherkaoui.ma\/index.php\/wp-json\/wp\/v2\/product\/52629\/revisions"}],"predecessor-version":[{"id":52679,"href":"https:\/\/paracherkaoui.ma\/index.php\/wp-json\/wp\/v2\/product\/52629\/revisions\/52679"}],"wp:featuredmedia":[{"embeddable":true,"href":"https:\/\/paracherkaoui.ma\/index.php\/wp-json\/wp\/v2\/media\/52678"}],"wp:attachment":[{"href":"https:\/\/paracherkaoui.ma\/index.php\/wp-json\/wp\/v2\/media?parent=52629"}],"wp:term":[{"taxonomy":"product_brand","embeddable":true,"href":"https:\/\/paracherkaoui.ma\/index.php\/wp-json\/wp\/v2\/product_brand?post=52629"},{"taxonomy":"product_cat","embeddable":true,"href":"https:\/\/paracherkaoui.ma\/index.php\/wp-json\/wp\/v2\/product_cat?post=52629"},{"taxonomy":"product_tag","embeddable":true,"href":"https:\/\/paracherkaoui.ma\/index.php\/wp-json\/wp\/v2\/product_tag?post=52629"}],"curies":[{"name":"wp","href":"https:\/\/api.w.org\/{rel}","templated":true}]}}