{"id":52626,"date":"2025-12-12T19:36:41","date_gmt":"2025-12-12T18:36:41","guid":{"rendered":"https:\/\/test.ecbeaute.com\/?post_type=product&#038;p=52626"},"modified":"2025-12-12T19:36:49","modified_gmt":"2025-12-12T18:36:49","slug":"vertuplus-nopal-bio-90-gelules","status":"publish","type":"product","link":"https:\/\/paracherkaoui.ma\/index.php\/produit\/vertuplus-nopal-bio-90-gelules\/","title":{"rendered":"VERTUPLUS NOPAL BIO 90 GELULES"},"content":{"rendered":"<p>Le nopal est r\u00e9put\u00e9 pour ses propri\u00e9t\u00e9s amaigrissantes. Gr\u00e2ce \u00e0 sa teneur \u00e9lev\u00e9e en fibres, il aide \u00e0 r\u00e9guler l&rsquo;app\u00e9tit en procurant une sensation de sati\u00e9t\u00e9. Cela peut \u00eatre particuli\u00e8rement b\u00e9n\u00e9fique pour ceux qui cherchent \u00e0 contr\u00f4ler leur poids naturellement. Les fibres contenues dans le nopal favorisent une digestion saine et contribuent \u00e0 r\u00e9guler le transit intestinal. Elles aident \u00e9galement \u00e0 maintenir un \u00e9quilibre de la flore intestinale, essentiel pour une bonne sant\u00e9 digestive. Le nopal poss\u00e8de des propri\u00e9t\u00e9s qui peuvent aider \u00e0 r\u00e9duire les niveaux de cholest\u00e9rol dans le sang. Ses fibres solubles agissent comme un pi\u00e8ge \u00e0 cholest\u00e9rol, aidant \u00e0 \u00e9liminer les exc\u00e8s de graisse du corps. En tant qu&rsquo;agent d\u00e9toxifiant naturel, le nopal aide le corps \u00e0 \u00e9liminer les toxines accumul\u00e9es, favorisant ainsi une meilleure sant\u00e9 g\u00e9n\u00e9rale et une sensation de bien-\u00eatre. Le nopal est une source pr\u00e9cieuse de vitamines et de min\u00e9raux, notamment les vitamines C, B6, et K, ainsi que des min\u00e9raux tels que le calcium, le magn\u00e9sium et le potassium. Ces nutriments essentiels soutiennent divers aspects de la sant\u00e9, y compris l&rsquo;immunit\u00e9 et la vitalit\u00e9.<br \/>\nConseils d&rsquo;Utilisation<br \/>\nPour b\u00e9n\u00e9ficier pleinement des bienfaits du VertuPlus Nopal Bio, il est recommand\u00e9 de prendre 2 \u00e0 3 g\u00e9lules par jour, de pr\u00e9f\u00e9rence avant les repas, avec un grand verre d&rsquo;eau. Cette posologie peut varier en fonction des besoins individuels et des recommandations d&rsquo;un professionnel de sant\u00e9. Il est toujours conseill\u00e9 de consulter un professionnel de sant\u00e9 avant de commencer un nouveau compl\u00e9ment alimentaire, surtout si vous avez des conditions m\u00e9dicales pr\u00e9existantes ou si vous prenez d&rsquo;autres m\u00e9dicaments.<\/p>\n","protected":false},"excerpt":{"rendered":"<p>Le nopal est r\u00e9put\u00e9 pour ses propri\u00e9t\u00e9s amaigrissantes. Gr\u00e2ce \u00e0 sa teneur \u00e9lev\u00e9e en fibres, il aide \u00e0 r\u00e9guler l&rsquo;app\u00e9tit<\/p>\n","protected":false},"featured_media":52672,"comment_status":"open","ping_status":"closed","template":"","meta":[],"product_brand":[1007],"product_cat":[997],"product_tag":[],"class_list":{"0":"post-52626","1":"product","2":"type-product","3":"status-publish","4":"has-post-thumbnail","6":"product_brand-vertu-plus","7":"product_cat-minceur","9":"first","10":"instock","11":"sale","12":"shipping-taxable","13":"purchasable","14":"product-type-simple"},"yoast_head":"<!-- This site is optimized with the Yoast SEO plugin v26.6 - https:\/\/yoast.com\/wordpress\/plugins\/seo\/ -->\r\n<title>VERTUPLUS NOPAL BIO 90 GELULES - Paracherkaoui.ma<\/title>\r\n<meta name=\"robots\" content=\"index, follow, max-snippet:-1, max-image-preview:large, max-video-preview:-1\" \/>\r\n<link rel=\"canonical\" href=\"https:\/\/paracherkaoui.ma\/index.php\/produit\/vertuplus-nopal-bio-90-gelules\/\" \/>\r\n<meta property=\"og:locale\" content=\"fr_FR\" \/>\r\n<meta property=\"og:type\" content=\"article\" \/>\r\n<meta property=\"og:title\" content=\"VERTUPLUS NOPAL BIO 90 GELULES - Paracherkaoui.ma\" \/>\r\n<meta property=\"og:description\" content=\"Le nopal est r\u00e9put\u00e9 pour ses propri\u00e9t\u00e9s amaigrissantes. Gr\u00e2ce \u00e0 sa teneur \u00e9lev\u00e9e en fibres, il aide \u00e0 r\u00e9guler l&rsquo;app\u00e9tit\" \/>\r\n<meta property=\"og:url\" content=\"https:\/\/paracherkaoui.ma\/index.php\/produit\/vertuplus-nopal-bio-90-gelules\/\" \/>\r\n<meta property=\"og:site_name\" content=\"Paracherkaoui.ma\" \/>\r\n<meta property=\"article:modified_time\" content=\"2025-12-12T18:36:49+00:00\" \/>\r\n<meta property=\"og:image\" content=\"https:\/\/paracherkaoui.ma\/wp-content\/uploads\/2025\/12\/vertuplus-vertuplus-nopal-bio-90-gelules-transit-digestion-et-elimination.jpg\" \/>\r\n\t<meta property=\"og:image:width\" content=\"700\" \/>\r\n\t<meta property=\"og:image:height\" content=\"700\" \/>\r\n\t<meta property=\"og:image:type\" content=\"image\/jpeg\" \/>\r\n<meta name=\"twitter:card\" content=\"summary_large_image\" \/>\r\n<meta name=\"twitter:label1\" content=\"Dur\u00e9e de lecture estim\u00e9e\" \/>\n\t<meta name=\"twitter:data1\" content=\"1 minute\" \/>\r\n<script type=\"application\/ld+json\" class=\"yoast-schema-graph\">{\"@context\":\"https:\/\/schema.org\",\"@graph\":[{\"@type\":\"WebPage\",\"@id\":\"https:\/\/paracherkaoui.ma\/index.php\/produit\/vertuplus-nopal-bio-90-gelules\/\",\"url\":\"https:\/\/paracherkaoui.ma\/index.php\/produit\/vertuplus-nopal-bio-90-gelules\/\",\"name\":\"VERTUPLUS NOPAL BIO 90 GELULES - Paracherkaoui.ma\",\"isPartOf\":{\"@id\":\"https:\/\/paracherkaoui.ma\/#website\"},\"primaryImageOfPage\":{\"@id\":\"https:\/\/paracherkaoui.ma\/index.php\/produit\/vertuplus-nopal-bio-90-gelules\/#primaryimage\"},\"image\":{\"@id\":\"https:\/\/paracherkaoui.ma\/index.php\/produit\/vertuplus-nopal-bio-90-gelules\/#primaryimage\"},\"thumbnailUrl\":\"https:\/\/paracherkaoui.ma\/wp-content\/uploads\/2025\/12\/vertuplus-vertuplus-nopal-bio-90-gelules-transit-digestion-et-elimination.jpg\",\"datePublished\":\"2025-12-12T18:36:41+00:00\",\"dateModified\":\"2025-12-12T18:36:49+00:00\",\"breadcrumb\":{\"@id\":\"https:\/\/paracherkaoui.ma\/index.php\/produit\/vertuplus-nopal-bio-90-gelules\/#breadcrumb\"},\"inLanguage\":\"fr-FR\",\"potentialAction\":[{\"@type\":\"ReadAction\",\"target\":[\"https:\/\/paracherkaoui.ma\/index.php\/produit\/vertuplus-nopal-bio-90-gelules\/\"]}]},{\"@type\":\"ImageObject\",\"inLanguage\":\"fr-FR\",\"@id\":\"https:\/\/paracherkaoui.ma\/index.php\/produit\/vertuplus-nopal-bio-90-gelules\/#primaryimage\",\"url\":\"https:\/\/paracherkaoui.ma\/wp-content\/uploads\/2025\/12\/vertuplus-vertuplus-nopal-bio-90-gelules-transit-digestion-et-elimination.jpg\",\"contentUrl\":\"https:\/\/paracherkaoui.ma\/wp-content\/uploads\/2025\/12\/vertuplus-vertuplus-nopal-bio-90-gelules-transit-digestion-et-elimination.jpg\",\"width\":700,\"height\":700},{\"@type\":\"BreadcrumbList\",\"@id\":\"https:\/\/paracherkaoui.ma\/index.php\/produit\/vertuplus-nopal-bio-90-gelules\/#breadcrumb\",\"itemListElement\":[{\"@type\":\"ListItem\",\"position\":1,\"name\":\"Accueil\",\"item\":\"https:\/\/paracherkaoui.ma\/\"},{\"@type\":\"ListItem\",\"position\":2,\"name\":\"Boutique\",\"item\":\"https:\/\/paracherkaoui.ma\/index.php\/boutique\/\"},{\"@type\":\"ListItem\",\"position\":3,\"name\":\"VERTUPLUS NOPAL BIO 90 GELULES\"}]},{\"@type\":\"WebSite\",\"@id\":\"https:\/\/paracherkaoui.ma\/#website\",\"url\":\"https:\/\/paracherkaoui.ma\/\",\"name\":\"Paracherkaoui.ma\",\"description\":\"Achetez en ligne sur Paracherkaoui.ma\",\"potentialAction\":[{\"@type\":\"SearchAction\",\"target\":{\"@type\":\"EntryPoint\",\"urlTemplate\":\"https:\/\/paracherkaoui.ma\/?s={search_term_string}\"},\"query-input\":{\"@type\":\"PropertyValueSpecification\",\"valueRequired\":true,\"valueName\":\"search_term_string\"}}],\"inLanguage\":\"fr-FR\"}]}<\/script>\r\n<!-- \/ Yoast SEO plugin. -->","yoast_head_json":{"title":"VERTUPLUS NOPAL BIO 90 GELULES - Paracherkaoui.ma","robots":{"index":"index","follow":"follow","max-snippet":"max-snippet:-1","max-image-preview":"max-image-preview:large","max-video-preview":"max-video-preview:-1"},"canonical":"https:\/\/paracherkaoui.ma\/index.php\/produit\/vertuplus-nopal-bio-90-gelules\/","og_locale":"fr_FR","og_type":"article","og_title":"VERTUPLUS NOPAL BIO 90 GELULES - Paracherkaoui.ma","og_description":"Le nopal est r\u00e9put\u00e9 pour ses propri\u00e9t\u00e9s amaigrissantes. Gr\u00e2ce \u00e0 sa teneur \u00e9lev\u00e9e en fibres, il aide \u00e0 r\u00e9guler l&rsquo;app\u00e9tit","og_url":"https:\/\/paracherkaoui.ma\/index.php\/produit\/vertuplus-nopal-bio-90-gelules\/","og_site_name":"Paracherkaoui.ma","article_modified_time":"2025-12-12T18:36:49+00:00","og_image":[{"width":700,"height":700,"url":"https:\/\/paracherkaoui.ma\/wp-content\/uploads\/2025\/12\/vertuplus-vertuplus-nopal-bio-90-gelules-transit-digestion-et-elimination.jpg","type":"image\/jpeg"}],"twitter_card":"summary_large_image","twitter_misc":{"Dur\u00e9e de lecture estim\u00e9e":"1 minute"},"schema":{"@context":"https:\/\/schema.org","@graph":[{"@type":"WebPage","@id":"https:\/\/paracherkaoui.ma\/index.php\/produit\/vertuplus-nopal-bio-90-gelules\/","url":"https:\/\/paracherkaoui.ma\/index.php\/produit\/vertuplus-nopal-bio-90-gelules\/","name":"VERTUPLUS NOPAL BIO 90 GELULES - Paracherkaoui.ma","isPartOf":{"@id":"https:\/\/paracherkaoui.ma\/#website"},"primaryImageOfPage":{"@id":"https:\/\/paracherkaoui.ma\/index.php\/produit\/vertuplus-nopal-bio-90-gelules\/#primaryimage"},"image":{"@id":"https:\/\/paracherkaoui.ma\/index.php\/produit\/vertuplus-nopal-bio-90-gelules\/#primaryimage"},"thumbnailUrl":"https:\/\/paracherkaoui.ma\/wp-content\/uploads\/2025\/12\/vertuplus-vertuplus-nopal-bio-90-gelules-transit-digestion-et-elimination.jpg","datePublished":"2025-12-12T18:36:41+00:00","dateModified":"2025-12-12T18:36:49+00:00","breadcrumb":{"@id":"https:\/\/paracherkaoui.ma\/index.php\/produit\/vertuplus-nopal-bio-90-gelules\/#breadcrumb"},"inLanguage":"fr-FR","potentialAction":[{"@type":"ReadAction","target":["https:\/\/paracherkaoui.ma\/index.php\/produit\/vertuplus-nopal-bio-90-gelules\/"]}]},{"@type":"ImageObject","inLanguage":"fr-FR","@id":"https:\/\/paracherkaoui.ma\/index.php\/produit\/vertuplus-nopal-bio-90-gelules\/#primaryimage","url":"https:\/\/paracherkaoui.ma\/wp-content\/uploads\/2025\/12\/vertuplus-vertuplus-nopal-bio-90-gelules-transit-digestion-et-elimination.jpg","contentUrl":"https:\/\/paracherkaoui.ma\/wp-content\/uploads\/2025\/12\/vertuplus-vertuplus-nopal-bio-90-gelules-transit-digestion-et-elimination.jpg","width":700,"height":700},{"@type":"BreadcrumbList","@id":"https:\/\/paracherkaoui.ma\/index.php\/produit\/vertuplus-nopal-bio-90-gelules\/#breadcrumb","itemListElement":[{"@type":"ListItem","position":1,"name":"Accueil","item":"https:\/\/paracherkaoui.ma\/"},{"@type":"ListItem","position":2,"name":"Boutique","item":"https:\/\/paracherkaoui.ma\/index.php\/boutique\/"},{"@type":"ListItem","position":3,"name":"VERTUPLUS NOPAL BIO 90 GELULES"}]},{"@type":"WebSite","@id":"https:\/\/paracherkaoui.ma\/#website","url":"https:\/\/paracherkaoui.ma\/","name":"Paracherkaoui.ma","description":"Achetez en ligne sur Paracherkaoui.ma","potentialAction":[{"@type":"SearchAction","target":{"@type":"EntryPoint","urlTemplate":"https:\/\/paracherkaoui.ma\/?s={search_term_string}"},"query-input":{"@type":"PropertyValueSpecification","valueRequired":true,"valueName":"search_term_string"}}],"inLanguage":"fr-FR"}]}},"_links":{"self":[{"href":"https:\/\/paracherkaoui.ma\/index.php\/wp-json\/wp\/v2\/product\/52626","targetHints":{"allow":["GET"]}}],"collection":[{"href":"https:\/\/paracherkaoui.ma\/index.php\/wp-json\/wp\/v2\/product"}],"about":[{"href":"https:\/\/paracherkaoui.ma\/index.php\/wp-json\/wp\/v2\/types\/product"}],"replies":[{"embeddable":true,"href":"https:\/\/paracherkaoui.ma\/index.php\/wp-json\/wp\/v2\/comments?post=52626"}],"version-history":[{"count":1,"href":"https:\/\/paracherkaoui.ma\/index.php\/wp-json\/wp\/v2\/product\/52626\/revisions"}],"predecessor-version":[{"id":52673,"href":"https:\/\/paracherkaoui.ma\/index.php\/wp-json\/wp\/v2\/product\/52626\/revisions\/52673"}],"wp:featuredmedia":[{"embeddable":true,"href":"https:\/\/paracherkaoui.ma\/index.php\/wp-json\/wp\/v2\/media\/52672"}],"wp:attachment":[{"href":"https:\/\/paracherkaoui.ma\/index.php\/wp-json\/wp\/v2\/media?parent=52626"}],"wp:term":[{"taxonomy":"product_brand","embeddable":true,"href":"https:\/\/paracherkaoui.ma\/index.php\/wp-json\/wp\/v2\/product_brand?post=52626"},{"taxonomy":"product_cat","embeddable":true,"href":"https:\/\/paracherkaoui.ma\/index.php\/wp-json\/wp\/v2\/product_cat?post=52626"},{"taxonomy":"product_tag","embeddable":true,"href":"https:\/\/paracherkaoui.ma\/index.php\/wp-json\/wp\/v2\/product_tag?post=52626"}],"curies":[{"name":"wp","href":"https:\/\/api.w.org\/{rel}","templated":true}]}}