{"id":52494,"date":"2025-12-12T19:36:14","date_gmt":"2025-12-12T18:36:14","guid":{"rendered":"https:\/\/test.ecbeaute.com\/?post_type=product&#038;p=52494"},"modified":"2025-12-12T19:36:24","modified_gmt":"2025-12-12T18:36:24","slug":"somatoline-cellulite-gel-croyactif-250-ml","status":"publish","type":"product","link":"https:\/\/paracherkaoui.ma\/index.php\/produit\/somatoline-cellulite-gel-croyactif-250-ml\/","title":{"rendered":"SOMATOLINE CELLULITE GEL CROYACTIF 250 ML"},"content":{"rendered":"<p>Somatoline Cosmetic vous propose\u00a0un gel cryo actif qui concentre son action sur l&rsquo;\u00e9limination de la cellulite. Pr\u00e9sente le plus souvent sur l&rsquo;arri\u00e8re des cuisses et des fesses, ce ph\u00e9nom\u00e8ne, d\u00e9sign\u00e9 \u00e9galement sous le\u00a0terme de peau d&rsquo;orange, correspond \u00e0 un\u00a0capitonnage\u00a0progressif\u00a0de la surface de la peau\u00a0sous l&rsquo;effet de gonflement des tissus adipeux, les r\u00e9serves de gras situ\u00e9es juste sous l&rsquo;\u00e9piderme. Les causes sont diverses et assez floues, mais elles concerneraient un changement dans la structure du gras du fait d&rsquo;une variation hormonale, de l&rsquo;\u00e2ge ou d&rsquo;une pathologie, et seraient \u00e9galement li\u00e9es \u00e0 une r\u00e9tention d&rsquo;eau. Touchant majoritairement les femmes, la cellulite est surtout d\u00e9pr\u00e9ci\u00e9e pour l&rsquo;aspect disgracieux qu&rsquo;elle imprime sur la peau.<\/p>\n<p>Le gel anti cellulite cryo-actif Somatoline Cosmetic base sa force de frappe sur la caf\u00e9ine qui aurait le pouvoir, entre autres, de r\u00e9duire le stockage des graisses dans la peau, voire m\u00eame de d\u00e9stocker les tissus adipeux par lipolyse. Cette double action a le m\u00e9rite de stopper le ph\u00e9nom\u00e8ne et de le r\u00e9sorber progressivement dans l&rsquo;optique de retrouver une peau plus lisse.<br \/>\nL&rsquo;extrait de maca, commun\u00e9ment utilis\u00e9 dans les compl\u00e9ments alimentaires, vient ici tonifier la peau et stimuler les cellules dans le but de favoriser un renouvellement cellulaire plus intensif. Coupl\u00e9 \u00e0 la sensation de froid propre \u00e0 la structure de ce gel anti cellulite Somtaline Cosmetic, il d\u00e9fatigue l&rsquo;\u00e9piderme et contribue \u00e0 lui redonner sa souplesse originelle.<br \/>\nTest\u00e9 dermatologiquement, ce gel cryo actif b\u00e9n\u00e9ficie d&rsquo;une absorption rapide et montre des premiers effets probants au bout de 4 semaines d&rsquo;utilisation.<\/p>\n","protected":false},"excerpt":{"rendered":"<p>Somatoline Cosmetic vous propose\u00a0un gel cryo actif qui concentre son action sur l&rsquo;\u00e9limination de la cellulite. Pr\u00e9sente le plus souvent<\/p>\n","protected":false},"featured_media":52547,"comment_status":"open","ping_status":"closed","template":"","meta":[],"product_brand":[589],"product_cat":[997],"product_tag":[],"class_list":{"0":"post-52494","1":"product","2":"type-product","3":"status-publish","4":"has-post-thumbnail","6":"product_brand-somatoline","7":"product_cat-minceur","9":"first","10":"instock","11":"sale","12":"shipping-taxable","13":"purchasable","14":"product-type-simple"},"yoast_head":"<!-- This site is optimized with the Yoast SEO plugin v26.6 - https:\/\/yoast.com\/wordpress\/plugins\/seo\/ -->\r\n<title>SOMATOLINE CELLULITE GEL CROYACTIF 250 ML - Paracherkaoui.ma<\/title>\r\n<meta name=\"robots\" content=\"index, follow, max-snippet:-1, max-image-preview:large, max-video-preview:-1\" \/>\r\n<link rel=\"canonical\" href=\"https:\/\/paracherkaoui.ma\/index.php\/produit\/somatoline-cellulite-gel-croyactif-250-ml\/\" \/>\r\n<meta property=\"og:locale\" content=\"fr_FR\" \/>\r\n<meta property=\"og:type\" content=\"article\" \/>\r\n<meta property=\"og:title\" content=\"SOMATOLINE CELLULITE GEL CROYACTIF 250 ML - Paracherkaoui.ma\" \/>\r\n<meta property=\"og:description\" content=\"Somatoline Cosmetic vous propose\u00a0un gel cryo actif qui concentre son action sur l&rsquo;\u00e9limination de la cellulite. Pr\u00e9sente le plus souvent\" \/>\r\n<meta property=\"og:url\" content=\"https:\/\/paracherkaoui.ma\/index.php\/produit\/somatoline-cellulite-gel-croyactif-250-ml\/\" \/>\r\n<meta property=\"og:site_name\" content=\"Paracherkaoui.ma\" \/>\r\n<meta property=\"article:modified_time\" content=\"2025-12-12T18:36:24+00:00\" \/>\r\n<meta property=\"og:image\" content=\"https:\/\/paracherkaoui.ma\/wp-content\/uploads\/2025\/12\/somatoline-cellulite-gel-croyactif-250-ml.jpg\" \/>\r\n\t<meta property=\"og:image:width\" content=\"700\" \/>\r\n\t<meta property=\"og:image:height\" content=\"700\" \/>\r\n\t<meta property=\"og:image:type\" content=\"image\/jpeg\" \/>\r\n<meta name=\"twitter:card\" content=\"summary_large_image\" \/>\r\n<meta name=\"twitter:label1\" content=\"Dur\u00e9e de lecture estim\u00e9e\" \/>\n\t<meta name=\"twitter:data1\" content=\"1 minute\" \/>\r\n<script type=\"application\/ld+json\" class=\"yoast-schema-graph\">{\"@context\":\"https:\/\/schema.org\",\"@graph\":[{\"@type\":\"WebPage\",\"@id\":\"https:\/\/paracherkaoui.ma\/index.php\/produit\/somatoline-cellulite-gel-croyactif-250-ml\/\",\"url\":\"https:\/\/paracherkaoui.ma\/index.php\/produit\/somatoline-cellulite-gel-croyactif-250-ml\/\",\"name\":\"SOMATOLINE CELLULITE GEL CROYACTIF 250 ML - Paracherkaoui.ma\",\"isPartOf\":{\"@id\":\"https:\/\/paracherkaoui.ma\/#website\"},\"primaryImageOfPage\":{\"@id\":\"https:\/\/paracherkaoui.ma\/index.php\/produit\/somatoline-cellulite-gel-croyactif-250-ml\/#primaryimage\"},\"image\":{\"@id\":\"https:\/\/paracherkaoui.ma\/index.php\/produit\/somatoline-cellulite-gel-croyactif-250-ml\/#primaryimage\"},\"thumbnailUrl\":\"https:\/\/paracherkaoui.ma\/wp-content\/uploads\/2025\/12\/somatoline-cellulite-gel-croyactif-250-ml.jpg\",\"datePublished\":\"2025-12-12T18:36:14+00:00\",\"dateModified\":\"2025-12-12T18:36:24+00:00\",\"breadcrumb\":{\"@id\":\"https:\/\/paracherkaoui.ma\/index.php\/produit\/somatoline-cellulite-gel-croyactif-250-ml\/#breadcrumb\"},\"inLanguage\":\"fr-FR\",\"potentialAction\":[{\"@type\":\"ReadAction\",\"target\":[\"https:\/\/paracherkaoui.ma\/index.php\/produit\/somatoline-cellulite-gel-croyactif-250-ml\/\"]}]},{\"@type\":\"ImageObject\",\"inLanguage\":\"fr-FR\",\"@id\":\"https:\/\/paracherkaoui.ma\/index.php\/produit\/somatoline-cellulite-gel-croyactif-250-ml\/#primaryimage\",\"url\":\"https:\/\/paracherkaoui.ma\/wp-content\/uploads\/2025\/12\/somatoline-cellulite-gel-croyactif-250-ml.jpg\",\"contentUrl\":\"https:\/\/paracherkaoui.ma\/wp-content\/uploads\/2025\/12\/somatoline-cellulite-gel-croyactif-250-ml.jpg\",\"width\":700,\"height\":700},{\"@type\":\"BreadcrumbList\",\"@id\":\"https:\/\/paracherkaoui.ma\/index.php\/produit\/somatoline-cellulite-gel-croyactif-250-ml\/#breadcrumb\",\"itemListElement\":[{\"@type\":\"ListItem\",\"position\":1,\"name\":\"Accueil\",\"item\":\"https:\/\/paracherkaoui.ma\/\"},{\"@type\":\"ListItem\",\"position\":2,\"name\":\"Boutique\",\"item\":\"https:\/\/paracherkaoui.ma\/index.php\/boutique\/\"},{\"@type\":\"ListItem\",\"position\":3,\"name\":\"SOMATOLINE CELLULITE GEL CROYACTIF 250 ML\"}]},{\"@type\":\"WebSite\",\"@id\":\"https:\/\/paracherkaoui.ma\/#website\",\"url\":\"https:\/\/paracherkaoui.ma\/\",\"name\":\"Paracherkaoui.ma\",\"description\":\"Achetez en ligne sur Paracherkaoui.ma\",\"potentialAction\":[{\"@type\":\"SearchAction\",\"target\":{\"@type\":\"EntryPoint\",\"urlTemplate\":\"https:\/\/paracherkaoui.ma\/?s={search_term_string}\"},\"query-input\":{\"@type\":\"PropertyValueSpecification\",\"valueRequired\":true,\"valueName\":\"search_term_string\"}}],\"inLanguage\":\"fr-FR\"}]}<\/script>\r\n<!-- \/ Yoast SEO plugin. -->","yoast_head_json":{"title":"SOMATOLINE CELLULITE GEL CROYACTIF 250 ML - Paracherkaoui.ma","robots":{"index":"index","follow":"follow","max-snippet":"max-snippet:-1","max-image-preview":"max-image-preview:large","max-video-preview":"max-video-preview:-1"},"canonical":"https:\/\/paracherkaoui.ma\/index.php\/produit\/somatoline-cellulite-gel-croyactif-250-ml\/","og_locale":"fr_FR","og_type":"article","og_title":"SOMATOLINE CELLULITE GEL CROYACTIF 250 ML - Paracherkaoui.ma","og_description":"Somatoline Cosmetic vous propose\u00a0un gel cryo actif qui concentre son action sur l&rsquo;\u00e9limination de la cellulite. Pr\u00e9sente le plus souvent","og_url":"https:\/\/paracherkaoui.ma\/index.php\/produit\/somatoline-cellulite-gel-croyactif-250-ml\/","og_site_name":"Paracherkaoui.ma","article_modified_time":"2025-12-12T18:36:24+00:00","og_image":[{"width":700,"height":700,"url":"https:\/\/paracherkaoui.ma\/wp-content\/uploads\/2025\/12\/somatoline-cellulite-gel-croyactif-250-ml.jpg","type":"image\/jpeg"}],"twitter_card":"summary_large_image","twitter_misc":{"Dur\u00e9e de lecture estim\u00e9e":"1 minute"},"schema":{"@context":"https:\/\/schema.org","@graph":[{"@type":"WebPage","@id":"https:\/\/paracherkaoui.ma\/index.php\/produit\/somatoline-cellulite-gel-croyactif-250-ml\/","url":"https:\/\/paracherkaoui.ma\/index.php\/produit\/somatoline-cellulite-gel-croyactif-250-ml\/","name":"SOMATOLINE CELLULITE GEL CROYACTIF 250 ML - Paracherkaoui.ma","isPartOf":{"@id":"https:\/\/paracherkaoui.ma\/#website"},"primaryImageOfPage":{"@id":"https:\/\/paracherkaoui.ma\/index.php\/produit\/somatoline-cellulite-gel-croyactif-250-ml\/#primaryimage"},"image":{"@id":"https:\/\/paracherkaoui.ma\/index.php\/produit\/somatoline-cellulite-gel-croyactif-250-ml\/#primaryimage"},"thumbnailUrl":"https:\/\/paracherkaoui.ma\/wp-content\/uploads\/2025\/12\/somatoline-cellulite-gel-croyactif-250-ml.jpg","datePublished":"2025-12-12T18:36:14+00:00","dateModified":"2025-12-12T18:36:24+00:00","breadcrumb":{"@id":"https:\/\/paracherkaoui.ma\/index.php\/produit\/somatoline-cellulite-gel-croyactif-250-ml\/#breadcrumb"},"inLanguage":"fr-FR","potentialAction":[{"@type":"ReadAction","target":["https:\/\/paracherkaoui.ma\/index.php\/produit\/somatoline-cellulite-gel-croyactif-250-ml\/"]}]},{"@type":"ImageObject","inLanguage":"fr-FR","@id":"https:\/\/paracherkaoui.ma\/index.php\/produit\/somatoline-cellulite-gel-croyactif-250-ml\/#primaryimage","url":"https:\/\/paracherkaoui.ma\/wp-content\/uploads\/2025\/12\/somatoline-cellulite-gel-croyactif-250-ml.jpg","contentUrl":"https:\/\/paracherkaoui.ma\/wp-content\/uploads\/2025\/12\/somatoline-cellulite-gel-croyactif-250-ml.jpg","width":700,"height":700},{"@type":"BreadcrumbList","@id":"https:\/\/paracherkaoui.ma\/index.php\/produit\/somatoline-cellulite-gel-croyactif-250-ml\/#breadcrumb","itemListElement":[{"@type":"ListItem","position":1,"name":"Accueil","item":"https:\/\/paracherkaoui.ma\/"},{"@type":"ListItem","position":2,"name":"Boutique","item":"https:\/\/paracherkaoui.ma\/index.php\/boutique\/"},{"@type":"ListItem","position":3,"name":"SOMATOLINE CELLULITE GEL CROYACTIF 250 ML"}]},{"@type":"WebSite","@id":"https:\/\/paracherkaoui.ma\/#website","url":"https:\/\/paracherkaoui.ma\/","name":"Paracherkaoui.ma","description":"Achetez en ligne sur Paracherkaoui.ma","potentialAction":[{"@type":"SearchAction","target":{"@type":"EntryPoint","urlTemplate":"https:\/\/paracherkaoui.ma\/?s={search_term_string}"},"query-input":{"@type":"PropertyValueSpecification","valueRequired":true,"valueName":"search_term_string"}}],"inLanguage":"fr-FR"}]}},"_links":{"self":[{"href":"https:\/\/paracherkaoui.ma\/index.php\/wp-json\/wp\/v2\/product\/52494","targetHints":{"allow":["GET"]}}],"collection":[{"href":"https:\/\/paracherkaoui.ma\/index.php\/wp-json\/wp\/v2\/product"}],"about":[{"href":"https:\/\/paracherkaoui.ma\/index.php\/wp-json\/wp\/v2\/types\/product"}],"replies":[{"embeddable":true,"href":"https:\/\/paracherkaoui.ma\/index.php\/wp-json\/wp\/v2\/comments?post=52494"}],"version-history":[{"count":1,"href":"https:\/\/paracherkaoui.ma\/index.php\/wp-json\/wp\/v2\/product\/52494\/revisions"}],"predecessor-version":[{"id":52548,"href":"https:\/\/paracherkaoui.ma\/index.php\/wp-json\/wp\/v2\/product\/52494\/revisions\/52548"}],"wp:featuredmedia":[{"embeddable":true,"href":"https:\/\/paracherkaoui.ma\/index.php\/wp-json\/wp\/v2\/media\/52547"}],"wp:attachment":[{"href":"https:\/\/paracherkaoui.ma\/index.php\/wp-json\/wp\/v2\/media?parent=52494"}],"wp:term":[{"taxonomy":"product_brand","embeddable":true,"href":"https:\/\/paracherkaoui.ma\/index.php\/wp-json\/wp\/v2\/product_brand?post=52494"},{"taxonomy":"product_cat","embeddable":true,"href":"https:\/\/paracherkaoui.ma\/index.php\/wp-json\/wp\/v2\/product_cat?post=52494"},{"taxonomy":"product_tag","embeddable":true,"href":"https:\/\/paracherkaoui.ma\/index.php\/wp-json\/wp\/v2\/product_tag?post=52494"}],"curies":[{"name":"wp","href":"https:\/\/api.w.org\/{rel}","templated":true}]}}