{"id":52484,"date":"2025-12-12T19:36:13","date_gmt":"2025-12-12T18:36:13","guid":{"rendered":"https:\/\/test.ecbeaute.com\/?post_type=product&#038;p=52484"},"modified":"2025-12-12T19:36:18","modified_gmt":"2025-12-12T18:36:18","slug":"somatoline-anti-cellulite-creme-thermoactive-250-ml","status":"publish","type":"product","link":"https:\/\/paracherkaoui.ma\/index.php\/produit\/somatoline-anti-cellulite-creme-thermoactive-250-ml\/","title":{"rendered":"SOMATOLINE ANTI CELLULITE CREME THERMOACTIVE 250 ML"},"content":{"rendered":"<p>Somatoline Anti-cellulite Cr\u00e8me Thermo-Active se compose de Caf\u00e9ine dos\u00e9e \u00e0 5% pour une action lipolytique (br\u00fble les graisses) et de Gingembre naturel pour une efficacit\u00e9 raffermissante.<br \/>\nC\u2019est une cr\u00e8me thermoactive \u00e0 effet chaud qui s\u2019absorbe rapidement. Sa formule est enrichie en principes actifs sp\u00e9cifiques qui exercent une action compl\u00e8te contre la cellulite tels que la caf\u00e9ine dos\u00e9e \u00e0 5%, l\u2019extrait de gingembre et l\u2019escine. D\u00e8s 2 semaines d\u2019utilisation, le produit r\u00e9duit l\u2019aspect des nodules de cellulite et lisse la peau. Les r\u00e9sultats augmentent apr\u00e8s 4 semaines de traitement et certains peuvent m\u00eame doubler.<br \/>\nR\u00e9sultats visible en 15 jours.<\/p>\n","protected":false},"excerpt":{"rendered":"<p>Somatoline Anti-cellulite Cr\u00e8me Thermo-Active se compose de Caf\u00e9ine dos\u00e9e \u00e0 5% pour une action lipolytique (br\u00fble les graisses) et de<\/p>\n","protected":false},"featured_media":52528,"comment_status":"open","ping_status":"closed","template":"","meta":[],"product_brand":[589],"product_cat":[997],"product_tag":[],"class_list":{"0":"post-52484","1":"product","2":"type-product","3":"status-publish","4":"has-post-thumbnail","6":"product_brand-somatoline","7":"product_cat-minceur","9":"first","10":"instock","11":"sale","12":"shipping-taxable","13":"purchasable","14":"product-type-simple"},"yoast_head":"<!-- This site is optimized with the Yoast SEO plugin v26.6 - https:\/\/yoast.com\/wordpress\/plugins\/seo\/ -->\r\n<title>SOMATOLINE ANTI CELLULITE CREME THERMOACTIVE 250 ML - Paracherkaoui.ma<\/title>\r\n<meta name=\"robots\" content=\"index, follow, max-snippet:-1, max-image-preview:large, max-video-preview:-1\" \/>\r\n<link rel=\"canonical\" href=\"https:\/\/paracherkaoui.ma\/index.php\/produit\/somatoline-anti-cellulite-creme-thermoactive-250-ml\/\" \/>\r\n<meta property=\"og:locale\" content=\"fr_FR\" \/>\r\n<meta property=\"og:type\" content=\"article\" \/>\r\n<meta property=\"og:title\" content=\"SOMATOLINE ANTI CELLULITE CREME THERMOACTIVE 250 ML - Paracherkaoui.ma\" \/>\r\n<meta property=\"og:description\" content=\"Somatoline Anti-cellulite Cr\u00e8me Thermo-Active se compose de Caf\u00e9ine dos\u00e9e \u00e0 5% pour une action lipolytique (br\u00fble les graisses) et de\" \/>\r\n<meta property=\"og:url\" content=\"https:\/\/paracherkaoui.ma\/index.php\/produit\/somatoline-anti-cellulite-creme-thermoactive-250-ml\/\" \/>\r\n<meta property=\"og:site_name\" content=\"Paracherkaoui.ma\" \/>\r\n<meta property=\"article:modified_time\" content=\"2025-12-12T18:36:18+00:00\" \/>\r\n<meta property=\"og:image\" content=\"https:\/\/paracherkaoui.ma\/wp-content\/uploads\/2025\/12\/somatoline-somatoline-anti-cellulite-creme-thermoactive-250-ml-huiles-et-cremes-minceur.jpg\" \/>\r\n\t<meta property=\"og:image:width\" content=\"700\" \/>\r\n\t<meta property=\"og:image:height\" content=\"700\" \/>\r\n\t<meta property=\"og:image:type\" content=\"image\/jpeg\" \/>\r\n<meta name=\"twitter:card\" content=\"summary_large_image\" \/>\r\n<meta name=\"twitter:label1\" content=\"Dur\u00e9e de lecture estim\u00e9e\" \/>\n\t<meta name=\"twitter:data1\" content=\"1 minute\" \/>\r\n<script type=\"application\/ld+json\" class=\"yoast-schema-graph\">{\"@context\":\"https:\/\/schema.org\",\"@graph\":[{\"@type\":\"WebPage\",\"@id\":\"https:\/\/paracherkaoui.ma\/index.php\/produit\/somatoline-anti-cellulite-creme-thermoactive-250-ml\/\",\"url\":\"https:\/\/paracherkaoui.ma\/index.php\/produit\/somatoline-anti-cellulite-creme-thermoactive-250-ml\/\",\"name\":\"SOMATOLINE ANTI CELLULITE CREME THERMOACTIVE 250 ML - Paracherkaoui.ma\",\"isPartOf\":{\"@id\":\"https:\/\/paracherkaoui.ma\/#website\"},\"primaryImageOfPage\":{\"@id\":\"https:\/\/paracherkaoui.ma\/index.php\/produit\/somatoline-anti-cellulite-creme-thermoactive-250-ml\/#primaryimage\"},\"image\":{\"@id\":\"https:\/\/paracherkaoui.ma\/index.php\/produit\/somatoline-anti-cellulite-creme-thermoactive-250-ml\/#primaryimage\"},\"thumbnailUrl\":\"https:\/\/paracherkaoui.ma\/wp-content\/uploads\/2025\/12\/somatoline-somatoline-anti-cellulite-creme-thermoactive-250-ml-huiles-et-cremes-minceur.jpg\",\"datePublished\":\"2025-12-12T18:36:13+00:00\",\"dateModified\":\"2025-12-12T18:36:18+00:00\",\"breadcrumb\":{\"@id\":\"https:\/\/paracherkaoui.ma\/index.php\/produit\/somatoline-anti-cellulite-creme-thermoactive-250-ml\/#breadcrumb\"},\"inLanguage\":\"fr-FR\",\"potentialAction\":[{\"@type\":\"ReadAction\",\"target\":[\"https:\/\/paracherkaoui.ma\/index.php\/produit\/somatoline-anti-cellulite-creme-thermoactive-250-ml\/\"]}]},{\"@type\":\"ImageObject\",\"inLanguage\":\"fr-FR\",\"@id\":\"https:\/\/paracherkaoui.ma\/index.php\/produit\/somatoline-anti-cellulite-creme-thermoactive-250-ml\/#primaryimage\",\"url\":\"https:\/\/paracherkaoui.ma\/wp-content\/uploads\/2025\/12\/somatoline-somatoline-anti-cellulite-creme-thermoactive-250-ml-huiles-et-cremes-minceur.jpg\",\"contentUrl\":\"https:\/\/paracherkaoui.ma\/wp-content\/uploads\/2025\/12\/somatoline-somatoline-anti-cellulite-creme-thermoactive-250-ml-huiles-et-cremes-minceur.jpg\",\"width\":700,\"height\":700},{\"@type\":\"BreadcrumbList\",\"@id\":\"https:\/\/paracherkaoui.ma\/index.php\/produit\/somatoline-anti-cellulite-creme-thermoactive-250-ml\/#breadcrumb\",\"itemListElement\":[{\"@type\":\"ListItem\",\"position\":1,\"name\":\"Accueil\",\"item\":\"https:\/\/paracherkaoui.ma\/\"},{\"@type\":\"ListItem\",\"position\":2,\"name\":\"Boutique\",\"item\":\"https:\/\/paracherkaoui.ma\/index.php\/boutique\/\"},{\"@type\":\"ListItem\",\"position\":3,\"name\":\"SOMATOLINE ANTI CELLULITE CREME THERMOACTIVE 250 ML\"}]},{\"@type\":\"WebSite\",\"@id\":\"https:\/\/paracherkaoui.ma\/#website\",\"url\":\"https:\/\/paracherkaoui.ma\/\",\"name\":\"Paracherkaoui.ma\",\"description\":\"Achetez en ligne sur Paracherkaoui.ma\",\"potentialAction\":[{\"@type\":\"SearchAction\",\"target\":{\"@type\":\"EntryPoint\",\"urlTemplate\":\"https:\/\/paracherkaoui.ma\/?s={search_term_string}\"},\"query-input\":{\"@type\":\"PropertyValueSpecification\",\"valueRequired\":true,\"valueName\":\"search_term_string\"}}],\"inLanguage\":\"fr-FR\"}]}<\/script>\r\n<!-- \/ Yoast SEO plugin. -->","yoast_head_json":{"title":"SOMATOLINE ANTI CELLULITE CREME THERMOACTIVE 250 ML - Paracherkaoui.ma","robots":{"index":"index","follow":"follow","max-snippet":"max-snippet:-1","max-image-preview":"max-image-preview:large","max-video-preview":"max-video-preview:-1"},"canonical":"https:\/\/paracherkaoui.ma\/index.php\/produit\/somatoline-anti-cellulite-creme-thermoactive-250-ml\/","og_locale":"fr_FR","og_type":"article","og_title":"SOMATOLINE ANTI CELLULITE CREME THERMOACTIVE 250 ML - Paracherkaoui.ma","og_description":"Somatoline Anti-cellulite Cr\u00e8me Thermo-Active se compose de Caf\u00e9ine dos\u00e9e \u00e0 5% pour une action lipolytique (br\u00fble les graisses) et de","og_url":"https:\/\/paracherkaoui.ma\/index.php\/produit\/somatoline-anti-cellulite-creme-thermoactive-250-ml\/","og_site_name":"Paracherkaoui.ma","article_modified_time":"2025-12-12T18:36:18+00:00","og_image":[{"width":700,"height":700,"url":"https:\/\/paracherkaoui.ma\/wp-content\/uploads\/2025\/12\/somatoline-somatoline-anti-cellulite-creme-thermoactive-250-ml-huiles-et-cremes-minceur.jpg","type":"image\/jpeg"}],"twitter_card":"summary_large_image","twitter_misc":{"Dur\u00e9e de lecture estim\u00e9e":"1 minute"},"schema":{"@context":"https:\/\/schema.org","@graph":[{"@type":"WebPage","@id":"https:\/\/paracherkaoui.ma\/index.php\/produit\/somatoline-anti-cellulite-creme-thermoactive-250-ml\/","url":"https:\/\/paracherkaoui.ma\/index.php\/produit\/somatoline-anti-cellulite-creme-thermoactive-250-ml\/","name":"SOMATOLINE ANTI CELLULITE CREME THERMOACTIVE 250 ML - Paracherkaoui.ma","isPartOf":{"@id":"https:\/\/paracherkaoui.ma\/#website"},"primaryImageOfPage":{"@id":"https:\/\/paracherkaoui.ma\/index.php\/produit\/somatoline-anti-cellulite-creme-thermoactive-250-ml\/#primaryimage"},"image":{"@id":"https:\/\/paracherkaoui.ma\/index.php\/produit\/somatoline-anti-cellulite-creme-thermoactive-250-ml\/#primaryimage"},"thumbnailUrl":"https:\/\/paracherkaoui.ma\/wp-content\/uploads\/2025\/12\/somatoline-somatoline-anti-cellulite-creme-thermoactive-250-ml-huiles-et-cremes-minceur.jpg","datePublished":"2025-12-12T18:36:13+00:00","dateModified":"2025-12-12T18:36:18+00:00","breadcrumb":{"@id":"https:\/\/paracherkaoui.ma\/index.php\/produit\/somatoline-anti-cellulite-creme-thermoactive-250-ml\/#breadcrumb"},"inLanguage":"fr-FR","potentialAction":[{"@type":"ReadAction","target":["https:\/\/paracherkaoui.ma\/index.php\/produit\/somatoline-anti-cellulite-creme-thermoactive-250-ml\/"]}]},{"@type":"ImageObject","inLanguage":"fr-FR","@id":"https:\/\/paracherkaoui.ma\/index.php\/produit\/somatoline-anti-cellulite-creme-thermoactive-250-ml\/#primaryimage","url":"https:\/\/paracherkaoui.ma\/wp-content\/uploads\/2025\/12\/somatoline-somatoline-anti-cellulite-creme-thermoactive-250-ml-huiles-et-cremes-minceur.jpg","contentUrl":"https:\/\/paracherkaoui.ma\/wp-content\/uploads\/2025\/12\/somatoline-somatoline-anti-cellulite-creme-thermoactive-250-ml-huiles-et-cremes-minceur.jpg","width":700,"height":700},{"@type":"BreadcrumbList","@id":"https:\/\/paracherkaoui.ma\/index.php\/produit\/somatoline-anti-cellulite-creme-thermoactive-250-ml\/#breadcrumb","itemListElement":[{"@type":"ListItem","position":1,"name":"Accueil","item":"https:\/\/paracherkaoui.ma\/"},{"@type":"ListItem","position":2,"name":"Boutique","item":"https:\/\/paracherkaoui.ma\/index.php\/boutique\/"},{"@type":"ListItem","position":3,"name":"SOMATOLINE ANTI CELLULITE CREME THERMOACTIVE 250 ML"}]},{"@type":"WebSite","@id":"https:\/\/paracherkaoui.ma\/#website","url":"https:\/\/paracherkaoui.ma\/","name":"Paracherkaoui.ma","description":"Achetez en ligne sur Paracherkaoui.ma","potentialAction":[{"@type":"SearchAction","target":{"@type":"EntryPoint","urlTemplate":"https:\/\/paracherkaoui.ma\/?s={search_term_string}"},"query-input":{"@type":"PropertyValueSpecification","valueRequired":true,"valueName":"search_term_string"}}],"inLanguage":"fr-FR"}]}},"_links":{"self":[{"href":"https:\/\/paracherkaoui.ma\/index.php\/wp-json\/wp\/v2\/product\/52484","targetHints":{"allow":["GET"]}}],"collection":[{"href":"https:\/\/paracherkaoui.ma\/index.php\/wp-json\/wp\/v2\/product"}],"about":[{"href":"https:\/\/paracherkaoui.ma\/index.php\/wp-json\/wp\/v2\/types\/product"}],"replies":[{"embeddable":true,"href":"https:\/\/paracherkaoui.ma\/index.php\/wp-json\/wp\/v2\/comments?post=52484"}],"version-history":[{"count":1,"href":"https:\/\/paracherkaoui.ma\/index.php\/wp-json\/wp\/v2\/product\/52484\/revisions"}],"predecessor-version":[{"id":52529,"href":"https:\/\/paracherkaoui.ma\/index.php\/wp-json\/wp\/v2\/product\/52484\/revisions\/52529"}],"wp:featuredmedia":[{"embeddable":true,"href":"https:\/\/paracherkaoui.ma\/index.php\/wp-json\/wp\/v2\/media\/52528"}],"wp:attachment":[{"href":"https:\/\/paracherkaoui.ma\/index.php\/wp-json\/wp\/v2\/media?parent=52484"}],"wp:term":[{"taxonomy":"product_brand","embeddable":true,"href":"https:\/\/paracherkaoui.ma\/index.php\/wp-json\/wp\/v2\/product_brand?post=52484"},{"taxonomy":"product_cat","embeddable":true,"href":"https:\/\/paracherkaoui.ma\/index.php\/wp-json\/wp\/v2\/product_cat?post=52484"},{"taxonomy":"product_tag","embeddable":true,"href":"https:\/\/paracherkaoui.ma\/index.php\/wp-json\/wp\/v2\/product_tag?post=52484"}],"curies":[{"name":"wp","href":"https:\/\/api.w.org\/{rel}","templated":true}]}}