{"id":52480,"date":"2025-12-12T19:36:13","date_gmt":"2025-12-12T18:36:13","guid":{"rendered":"https:\/\/test.ecbeaute.com\/?post_type=product&#038;p=52480"},"modified":"2025-12-12T19:36:17","modified_gmt":"2025-12-12T18:36:17","slug":"somatoline-amincissant-gel-frais-7-nuits-ultra-intensif-400-ml","status":"publish","type":"product","link":"https:\/\/paracherkaoui.ma\/index.php\/produit\/somatoline-amincissant-gel-frais-7-nuits-ultra-intensif-400-ml\/","title":{"rendered":"SOMATOLINE AMINCISSANT GEL FRAIS 7 NUITS ULTRA INTENSIF 400 ML"},"content":{"rendered":"<p>Description<br \/>\nSOMATOLINE, Amincissant gel frais 7 nuits Ultra intensif Parfum marin 400ml, Sa formule exclusive \u00e0 l&rsquo;action rapide, gr\u00e2ce au BioGelSlim7-complexTM hautement concentr\u00e9 en ingr\u00e9dients actifs sp\u00e9cifiques, tel que le sel marin et la s\u00e9ricoside, permet d&rsquo;obtenir des r\u00e9sultats visibles et cliniquement prouv\u00e9s en seulement 7 nuits.\u00a0\u00a0Sa texture gel l\u00e9g\u00e8re et innovante\u00a0est id\u00e9ale \u00e0 masser, et\u00a0rend la peau lisse et soyeuse\u00a0gr\u00e2ce aux sels marins. Son\u00a0parfum marin\u00a0enveloppant offre une agr\u00e9able sensation de bien-\u00eatre et de fra\u00eecheur.\u00a0Id\u00e9al pour:Les femmes avec de l&rsquo;adiposit\u00e9 localis\u00e9e sur les hanches et les cuisses, qui veulent un traitement cosm\u00e9tique avec des r\u00e9sultats rapides. Les femmes qui aiment les textures laissant une agr\u00e9able sensation de fra\u00eecheur sur la peau.\u00a0 Action lipolytique: favorise la r\u00e9duction des amas graisseux. Drainante: favorise l&rsquo;\u00e9limination des liquides cutan\u00e9s en exc\u00e8s.<br \/>\nConseils d&rsquo;utilisation<br \/>\nAppliquer chaque soir pendant 7 nuits.\u00a0 Pour un r\u00e9sultat maximal, le traitement peut \u00eatre continu\u00e9 jusqu&rsquo;\u00e0 4 semaines.<\/p>\n","protected":false},"excerpt":{"rendered":"<p>Description SOMATOLINE, Amincissant gel frais 7 nuits Ultra intensif Parfum marin 400ml, Sa formule exclusive \u00e0 l&rsquo;action rapide, gr\u00e2ce au<\/p>\n","protected":false},"featured_media":52520,"comment_status":"open","ping_status":"closed","template":"","meta":[],"product_brand":[589],"product_cat":[997],"product_tag":[],"class_list":{"0":"post-52480","1":"product","2":"type-product","3":"status-publish","4":"has-post-thumbnail","6":"product_brand-somatoline","7":"product_cat-minceur","9":"first","10":"instock","11":"sale","12":"shipping-taxable","13":"purchasable","14":"product-type-simple"},"yoast_head":"<!-- This site is optimized with the Yoast SEO plugin v26.6 - https:\/\/yoast.com\/wordpress\/plugins\/seo\/ -->\r\n<title>SOMATOLINE AMINCISSANT GEL FRAIS 7 NUITS ULTRA INTENSIF 400 ML - Paracherkaoui.ma<\/title>\r\n<meta name=\"robots\" content=\"index, follow, max-snippet:-1, max-image-preview:large, max-video-preview:-1\" \/>\r\n<link rel=\"canonical\" href=\"https:\/\/paracherkaoui.ma\/index.php\/produit\/somatoline-amincissant-gel-frais-7-nuits-ultra-intensif-400-ml\/\" \/>\r\n<meta property=\"og:locale\" content=\"fr_FR\" \/>\r\n<meta property=\"og:type\" content=\"article\" \/>\r\n<meta property=\"og:title\" content=\"SOMATOLINE AMINCISSANT GEL FRAIS 7 NUITS ULTRA INTENSIF 400 ML - Paracherkaoui.ma\" \/>\r\n<meta property=\"og:description\" content=\"Description SOMATOLINE, Amincissant gel frais 7 nuits Ultra intensif Parfum marin 400ml, Sa formule exclusive \u00e0 l&rsquo;action rapide, gr\u00e2ce au\" \/>\r\n<meta property=\"og:url\" content=\"https:\/\/paracherkaoui.ma\/index.php\/produit\/somatoline-amincissant-gel-frais-7-nuits-ultra-intensif-400-ml\/\" \/>\r\n<meta property=\"og:site_name\" content=\"Paracherkaoui.ma\" \/>\r\n<meta property=\"article:modified_time\" content=\"2025-12-12T18:36:17+00:00\" \/>\r\n<meta property=\"og:image\" content=\"https:\/\/paracherkaoui.ma\/wp-content\/uploads\/2025\/12\/somatoline-somatoline-amincissant-gel-frais-7-nuits-ultra-intensif-400-ml-huiles-et-cremes.jpg\" \/>\r\n\t<meta property=\"og:image:width\" content=\"700\" \/>\r\n\t<meta property=\"og:image:height\" content=\"700\" \/>\r\n\t<meta property=\"og:image:type\" content=\"image\/jpeg\" \/>\r\n<meta name=\"twitter:card\" content=\"summary_large_image\" \/>\r\n<meta name=\"twitter:label1\" content=\"Dur\u00e9e de lecture estim\u00e9e\" \/>\n\t<meta name=\"twitter:data1\" content=\"1 minute\" \/>\r\n<script type=\"application\/ld+json\" class=\"yoast-schema-graph\">{\"@context\":\"https:\/\/schema.org\",\"@graph\":[{\"@type\":\"WebPage\",\"@id\":\"https:\/\/paracherkaoui.ma\/index.php\/produit\/somatoline-amincissant-gel-frais-7-nuits-ultra-intensif-400-ml\/\",\"url\":\"https:\/\/paracherkaoui.ma\/index.php\/produit\/somatoline-amincissant-gel-frais-7-nuits-ultra-intensif-400-ml\/\",\"name\":\"SOMATOLINE AMINCISSANT GEL FRAIS 7 NUITS ULTRA INTENSIF 400 ML - Paracherkaoui.ma\",\"isPartOf\":{\"@id\":\"https:\/\/paracherkaoui.ma\/#website\"},\"primaryImageOfPage\":{\"@id\":\"https:\/\/paracherkaoui.ma\/index.php\/produit\/somatoline-amincissant-gel-frais-7-nuits-ultra-intensif-400-ml\/#primaryimage\"},\"image\":{\"@id\":\"https:\/\/paracherkaoui.ma\/index.php\/produit\/somatoline-amincissant-gel-frais-7-nuits-ultra-intensif-400-ml\/#primaryimage\"},\"thumbnailUrl\":\"https:\/\/paracherkaoui.ma\/wp-content\/uploads\/2025\/12\/somatoline-somatoline-amincissant-gel-frais-7-nuits-ultra-intensif-400-ml-huiles-et-cremes.jpg\",\"datePublished\":\"2025-12-12T18:36:13+00:00\",\"dateModified\":\"2025-12-12T18:36:17+00:00\",\"breadcrumb\":{\"@id\":\"https:\/\/paracherkaoui.ma\/index.php\/produit\/somatoline-amincissant-gel-frais-7-nuits-ultra-intensif-400-ml\/#breadcrumb\"},\"inLanguage\":\"fr-FR\",\"potentialAction\":[{\"@type\":\"ReadAction\",\"target\":[\"https:\/\/paracherkaoui.ma\/index.php\/produit\/somatoline-amincissant-gel-frais-7-nuits-ultra-intensif-400-ml\/\"]}]},{\"@type\":\"ImageObject\",\"inLanguage\":\"fr-FR\",\"@id\":\"https:\/\/paracherkaoui.ma\/index.php\/produit\/somatoline-amincissant-gel-frais-7-nuits-ultra-intensif-400-ml\/#primaryimage\",\"url\":\"https:\/\/paracherkaoui.ma\/wp-content\/uploads\/2025\/12\/somatoline-somatoline-amincissant-gel-frais-7-nuits-ultra-intensif-400-ml-huiles-et-cremes.jpg\",\"contentUrl\":\"https:\/\/paracherkaoui.ma\/wp-content\/uploads\/2025\/12\/somatoline-somatoline-amincissant-gel-frais-7-nuits-ultra-intensif-400-ml-huiles-et-cremes.jpg\",\"width\":700,\"height\":700},{\"@type\":\"BreadcrumbList\",\"@id\":\"https:\/\/paracherkaoui.ma\/index.php\/produit\/somatoline-amincissant-gel-frais-7-nuits-ultra-intensif-400-ml\/#breadcrumb\",\"itemListElement\":[{\"@type\":\"ListItem\",\"position\":1,\"name\":\"Accueil\",\"item\":\"https:\/\/paracherkaoui.ma\/\"},{\"@type\":\"ListItem\",\"position\":2,\"name\":\"Boutique\",\"item\":\"https:\/\/paracherkaoui.ma\/index.php\/boutique\/\"},{\"@type\":\"ListItem\",\"position\":3,\"name\":\"SOMATOLINE AMINCISSANT GEL FRAIS 7 NUITS ULTRA INTENSIF 400 ML\"}]},{\"@type\":\"WebSite\",\"@id\":\"https:\/\/paracherkaoui.ma\/#website\",\"url\":\"https:\/\/paracherkaoui.ma\/\",\"name\":\"Paracherkaoui.ma\",\"description\":\"Achetez en ligne sur Paracherkaoui.ma\",\"potentialAction\":[{\"@type\":\"SearchAction\",\"target\":{\"@type\":\"EntryPoint\",\"urlTemplate\":\"https:\/\/paracherkaoui.ma\/?s={search_term_string}\"},\"query-input\":{\"@type\":\"PropertyValueSpecification\",\"valueRequired\":true,\"valueName\":\"search_term_string\"}}],\"inLanguage\":\"fr-FR\"}]}<\/script>\r\n<!-- \/ Yoast SEO plugin. -->","yoast_head_json":{"title":"SOMATOLINE AMINCISSANT GEL FRAIS 7 NUITS ULTRA INTENSIF 400 ML - Paracherkaoui.ma","robots":{"index":"index","follow":"follow","max-snippet":"max-snippet:-1","max-image-preview":"max-image-preview:large","max-video-preview":"max-video-preview:-1"},"canonical":"https:\/\/paracherkaoui.ma\/index.php\/produit\/somatoline-amincissant-gel-frais-7-nuits-ultra-intensif-400-ml\/","og_locale":"fr_FR","og_type":"article","og_title":"SOMATOLINE AMINCISSANT GEL FRAIS 7 NUITS ULTRA INTENSIF 400 ML - Paracherkaoui.ma","og_description":"Description SOMATOLINE, Amincissant gel frais 7 nuits Ultra intensif Parfum marin 400ml, Sa formule exclusive \u00e0 l&rsquo;action rapide, gr\u00e2ce au","og_url":"https:\/\/paracherkaoui.ma\/index.php\/produit\/somatoline-amincissant-gel-frais-7-nuits-ultra-intensif-400-ml\/","og_site_name":"Paracherkaoui.ma","article_modified_time":"2025-12-12T18:36:17+00:00","og_image":[{"width":700,"height":700,"url":"https:\/\/paracherkaoui.ma\/wp-content\/uploads\/2025\/12\/somatoline-somatoline-amincissant-gel-frais-7-nuits-ultra-intensif-400-ml-huiles-et-cremes.jpg","type":"image\/jpeg"}],"twitter_card":"summary_large_image","twitter_misc":{"Dur\u00e9e de lecture estim\u00e9e":"1 minute"},"schema":{"@context":"https:\/\/schema.org","@graph":[{"@type":"WebPage","@id":"https:\/\/paracherkaoui.ma\/index.php\/produit\/somatoline-amincissant-gel-frais-7-nuits-ultra-intensif-400-ml\/","url":"https:\/\/paracherkaoui.ma\/index.php\/produit\/somatoline-amincissant-gel-frais-7-nuits-ultra-intensif-400-ml\/","name":"SOMATOLINE AMINCISSANT GEL FRAIS 7 NUITS ULTRA INTENSIF 400 ML - Paracherkaoui.ma","isPartOf":{"@id":"https:\/\/paracherkaoui.ma\/#website"},"primaryImageOfPage":{"@id":"https:\/\/paracherkaoui.ma\/index.php\/produit\/somatoline-amincissant-gel-frais-7-nuits-ultra-intensif-400-ml\/#primaryimage"},"image":{"@id":"https:\/\/paracherkaoui.ma\/index.php\/produit\/somatoline-amincissant-gel-frais-7-nuits-ultra-intensif-400-ml\/#primaryimage"},"thumbnailUrl":"https:\/\/paracherkaoui.ma\/wp-content\/uploads\/2025\/12\/somatoline-somatoline-amincissant-gel-frais-7-nuits-ultra-intensif-400-ml-huiles-et-cremes.jpg","datePublished":"2025-12-12T18:36:13+00:00","dateModified":"2025-12-12T18:36:17+00:00","breadcrumb":{"@id":"https:\/\/paracherkaoui.ma\/index.php\/produit\/somatoline-amincissant-gel-frais-7-nuits-ultra-intensif-400-ml\/#breadcrumb"},"inLanguage":"fr-FR","potentialAction":[{"@type":"ReadAction","target":["https:\/\/paracherkaoui.ma\/index.php\/produit\/somatoline-amincissant-gel-frais-7-nuits-ultra-intensif-400-ml\/"]}]},{"@type":"ImageObject","inLanguage":"fr-FR","@id":"https:\/\/paracherkaoui.ma\/index.php\/produit\/somatoline-amincissant-gel-frais-7-nuits-ultra-intensif-400-ml\/#primaryimage","url":"https:\/\/paracherkaoui.ma\/wp-content\/uploads\/2025\/12\/somatoline-somatoline-amincissant-gel-frais-7-nuits-ultra-intensif-400-ml-huiles-et-cremes.jpg","contentUrl":"https:\/\/paracherkaoui.ma\/wp-content\/uploads\/2025\/12\/somatoline-somatoline-amincissant-gel-frais-7-nuits-ultra-intensif-400-ml-huiles-et-cremes.jpg","width":700,"height":700},{"@type":"BreadcrumbList","@id":"https:\/\/paracherkaoui.ma\/index.php\/produit\/somatoline-amincissant-gel-frais-7-nuits-ultra-intensif-400-ml\/#breadcrumb","itemListElement":[{"@type":"ListItem","position":1,"name":"Accueil","item":"https:\/\/paracherkaoui.ma\/"},{"@type":"ListItem","position":2,"name":"Boutique","item":"https:\/\/paracherkaoui.ma\/index.php\/boutique\/"},{"@type":"ListItem","position":3,"name":"SOMATOLINE AMINCISSANT GEL FRAIS 7 NUITS ULTRA INTENSIF 400 ML"}]},{"@type":"WebSite","@id":"https:\/\/paracherkaoui.ma\/#website","url":"https:\/\/paracherkaoui.ma\/","name":"Paracherkaoui.ma","description":"Achetez en ligne sur Paracherkaoui.ma","potentialAction":[{"@type":"SearchAction","target":{"@type":"EntryPoint","urlTemplate":"https:\/\/paracherkaoui.ma\/?s={search_term_string}"},"query-input":{"@type":"PropertyValueSpecification","valueRequired":true,"valueName":"search_term_string"}}],"inLanguage":"fr-FR"}]}},"_links":{"self":[{"href":"https:\/\/paracherkaoui.ma\/index.php\/wp-json\/wp\/v2\/product\/52480","targetHints":{"allow":["GET"]}}],"collection":[{"href":"https:\/\/paracherkaoui.ma\/index.php\/wp-json\/wp\/v2\/product"}],"about":[{"href":"https:\/\/paracherkaoui.ma\/index.php\/wp-json\/wp\/v2\/types\/product"}],"replies":[{"embeddable":true,"href":"https:\/\/paracherkaoui.ma\/index.php\/wp-json\/wp\/v2\/comments?post=52480"}],"version-history":[{"count":1,"href":"https:\/\/paracherkaoui.ma\/index.php\/wp-json\/wp\/v2\/product\/52480\/revisions"}],"predecessor-version":[{"id":52521,"href":"https:\/\/paracherkaoui.ma\/index.php\/wp-json\/wp\/v2\/product\/52480\/revisions\/52521"}],"wp:featuredmedia":[{"embeddable":true,"href":"https:\/\/paracherkaoui.ma\/index.php\/wp-json\/wp\/v2\/media\/52520"}],"wp:attachment":[{"href":"https:\/\/paracherkaoui.ma\/index.php\/wp-json\/wp\/v2\/media?parent=52480"}],"wp:term":[{"taxonomy":"product_brand","embeddable":true,"href":"https:\/\/paracherkaoui.ma\/index.php\/wp-json\/wp\/v2\/product_brand?post=52480"},{"taxonomy":"product_cat","embeddable":true,"href":"https:\/\/paracherkaoui.ma\/index.php\/wp-json\/wp\/v2\/product_cat?post=52480"},{"taxonomy":"product_tag","embeddable":true,"href":"https:\/\/paracherkaoui.ma\/index.php\/wp-json\/wp\/v2\/product_tag?post=52480"}],"curies":[{"name":"wp","href":"https:\/\/api.w.org\/{rel}","templated":true}]}}