{"id":52470,"date":"2025-12-12T19:36:12","date_gmt":"2025-12-12T18:36:12","guid":{"rendered":"https:\/\/test.ecbeaute.com\/?post_type=product&#038;p=52470"},"modified":"2025-12-12T19:36:15","modified_gmt":"2025-12-12T18:36:15","slug":"on-call-extra-bandelettes-de-teste-50-2","status":"publish","type":"product","link":"https:\/\/paracherkaoui.ma\/index.php\/produit\/on-call-extra-bandelettes-de-teste-50-2\/","title":{"rendered":"ON CALL EXTRA BANDELETTES DE TESTE 50"},"content":{"rendered":"<p>L\u2019ACON On Call Extra Bandelettes de Test de Glucose Sanguin sont d\u2019un format \u00e9lanc\u00e9. Pour d\u00e9terminer le taux de glucose, du sang doit \u00eatre appliqu\u00e9 au bout de la bandelette de test. Le sang est pris automatiquement par la bandelette de test. Ensuite, une r\u00e9action a lieu dans la cellule de r\u00e9action, au moment de laquelle un courant \u00e9lectrique se produit. \u00c0 l\u2019aide de ce courant, l\u2019ACON On Call Extra Glucom\u00e8tre peut d\u00e9terminer le taux de glucose sanguin. Le taux mesur\u00e9 est montr\u00e9 sur l\u2019affichage du glucom\u00e8tre.<\/p>\n","protected":false},"excerpt":{"rendered":"<p>L\u2019ACON On Call Extra Bandelettes de Test de Glucose Sanguin sont d\u2019un format \u00e9lanc\u00e9. Pour d\u00e9terminer le taux de glucose,<\/p>\n","protected":false},"featured_media":52345,"comment_status":"open","ping_status":"closed","template":"","meta":[],"product_brand":[980],"product_cat":[991],"product_tag":[],"class_list":{"0":"post-52470","1":"product","2":"type-product","3":"status-publish","4":"has-post-thumbnail","6":"product_brand-oncall","7":"product_cat-materiels-medicaux","9":"first","10":"instock","11":"shipping-taxable","12":"purchasable","13":"product-type-simple"},"yoast_head":"<!-- This site is optimized with the Yoast SEO plugin v26.6 - https:\/\/yoast.com\/wordpress\/plugins\/seo\/ -->\r\n<title>ON CALL EXTRA BANDELETTES DE TESTE 50 - Paracherkaoui.ma<\/title>\r\n<meta name=\"robots\" content=\"index, follow, max-snippet:-1, max-image-preview:large, max-video-preview:-1\" \/>\r\n<link rel=\"canonical\" href=\"https:\/\/paracherkaoui.ma\/index.php\/produit\/on-call-extra-bandelettes-de-teste-50-2\/\" \/>\r\n<meta property=\"og:locale\" content=\"fr_FR\" \/>\r\n<meta property=\"og:type\" content=\"article\" \/>\r\n<meta property=\"og:title\" content=\"ON CALL EXTRA BANDELETTES DE TESTE 50 - Paracherkaoui.ma\" \/>\r\n<meta property=\"og:description\" content=\"L\u2019ACON On Call Extra Bandelettes de Test de Glucose Sanguin sont d\u2019un format \u00e9lanc\u00e9. Pour d\u00e9terminer le taux de glucose,\" \/>\r\n<meta property=\"og:url\" content=\"https:\/\/paracherkaoui.ma\/index.php\/produit\/on-call-extra-bandelettes-de-teste-50-2\/\" \/>\r\n<meta property=\"og:site_name\" content=\"Paracherkaoui.ma\" \/>\r\n<meta property=\"article:modified_time\" content=\"2025-12-12T18:36:15+00:00\" \/>\r\n<meta property=\"og:image\" content=\"https:\/\/paracherkaoui.ma\/wp-content\/uploads\/2025\/12\/oncall-on-call-extra-bandelettes-de-teste-50-materiels-medicaux.jpg\" \/>\r\n\t<meta property=\"og:image:width\" content=\"700\" \/>\r\n\t<meta property=\"og:image:height\" content=\"700\" \/>\r\n\t<meta property=\"og:image:type\" content=\"image\/jpeg\" \/>\r\n<meta name=\"twitter:card\" content=\"summary_large_image\" \/>\r\n<script type=\"application\/ld+json\" class=\"yoast-schema-graph\">{\"@context\":\"https:\/\/schema.org\",\"@graph\":[{\"@type\":\"WebPage\",\"@id\":\"https:\/\/paracherkaoui.ma\/index.php\/produit\/on-call-extra-bandelettes-de-teste-50-2\/\",\"url\":\"https:\/\/paracherkaoui.ma\/index.php\/produit\/on-call-extra-bandelettes-de-teste-50-2\/\",\"name\":\"ON CALL EXTRA BANDELETTES DE TESTE 50 - Paracherkaoui.ma\",\"isPartOf\":{\"@id\":\"https:\/\/paracherkaoui.ma\/#website\"},\"primaryImageOfPage\":{\"@id\":\"https:\/\/paracherkaoui.ma\/index.php\/produit\/on-call-extra-bandelettes-de-teste-50-2\/#primaryimage\"},\"image\":{\"@id\":\"https:\/\/paracherkaoui.ma\/index.php\/produit\/on-call-extra-bandelettes-de-teste-50-2\/#primaryimage\"},\"thumbnailUrl\":\"https:\/\/paracherkaoui.ma\/wp-content\/uploads\/2025\/12\/oncall-on-call-extra-bandelettes-de-teste-50-materiels-medicaux.jpg\",\"datePublished\":\"2025-12-12T18:36:12+00:00\",\"dateModified\":\"2025-12-12T18:36:15+00:00\",\"breadcrumb\":{\"@id\":\"https:\/\/paracherkaoui.ma\/index.php\/produit\/on-call-extra-bandelettes-de-teste-50-2\/#breadcrumb\"},\"inLanguage\":\"fr-FR\",\"potentialAction\":[{\"@type\":\"ReadAction\",\"target\":[\"https:\/\/paracherkaoui.ma\/index.php\/produit\/on-call-extra-bandelettes-de-teste-50-2\/\"]}]},{\"@type\":\"ImageObject\",\"inLanguage\":\"fr-FR\",\"@id\":\"https:\/\/paracherkaoui.ma\/index.php\/produit\/on-call-extra-bandelettes-de-teste-50-2\/#primaryimage\",\"url\":\"https:\/\/paracherkaoui.ma\/wp-content\/uploads\/2025\/12\/oncall-on-call-extra-bandelettes-de-teste-50-materiels-medicaux.jpg\",\"contentUrl\":\"https:\/\/paracherkaoui.ma\/wp-content\/uploads\/2025\/12\/oncall-on-call-extra-bandelettes-de-teste-50-materiels-medicaux.jpg\",\"width\":700,\"height\":700},{\"@type\":\"BreadcrumbList\",\"@id\":\"https:\/\/paracherkaoui.ma\/index.php\/produit\/on-call-extra-bandelettes-de-teste-50-2\/#breadcrumb\",\"itemListElement\":[{\"@type\":\"ListItem\",\"position\":1,\"name\":\"Accueil\",\"item\":\"https:\/\/paracherkaoui.ma\/\"},{\"@type\":\"ListItem\",\"position\":2,\"name\":\"Boutique\",\"item\":\"https:\/\/paracherkaoui.ma\/index.php\/boutique\/\"},{\"@type\":\"ListItem\",\"position\":3,\"name\":\"ON CALL EXTRA BANDELETTES DE TESTE 50\"}]},{\"@type\":\"WebSite\",\"@id\":\"https:\/\/paracherkaoui.ma\/#website\",\"url\":\"https:\/\/paracherkaoui.ma\/\",\"name\":\"Paracherkaoui.ma\",\"description\":\"Achetez en ligne sur Paracherkaoui.ma\",\"potentialAction\":[{\"@type\":\"SearchAction\",\"target\":{\"@type\":\"EntryPoint\",\"urlTemplate\":\"https:\/\/paracherkaoui.ma\/?s={search_term_string}\"},\"query-input\":{\"@type\":\"PropertyValueSpecification\",\"valueRequired\":true,\"valueName\":\"search_term_string\"}}],\"inLanguage\":\"fr-FR\"}]}<\/script>\r\n<!-- \/ Yoast SEO plugin. -->","yoast_head_json":{"title":"ON CALL EXTRA BANDELETTES DE TESTE 50 - Paracherkaoui.ma","robots":{"index":"index","follow":"follow","max-snippet":"max-snippet:-1","max-image-preview":"max-image-preview:large","max-video-preview":"max-video-preview:-1"},"canonical":"https:\/\/paracherkaoui.ma\/index.php\/produit\/on-call-extra-bandelettes-de-teste-50-2\/","og_locale":"fr_FR","og_type":"article","og_title":"ON CALL EXTRA BANDELETTES DE TESTE 50 - Paracherkaoui.ma","og_description":"L\u2019ACON On Call Extra Bandelettes de Test de Glucose Sanguin sont d\u2019un format \u00e9lanc\u00e9. Pour d\u00e9terminer le taux de glucose,","og_url":"https:\/\/paracherkaoui.ma\/index.php\/produit\/on-call-extra-bandelettes-de-teste-50-2\/","og_site_name":"Paracherkaoui.ma","article_modified_time":"2025-12-12T18:36:15+00:00","og_image":[{"width":700,"height":700,"url":"https:\/\/paracherkaoui.ma\/wp-content\/uploads\/2025\/12\/oncall-on-call-extra-bandelettes-de-teste-50-materiels-medicaux.jpg","type":"image\/jpeg"}],"twitter_card":"summary_large_image","schema":{"@context":"https:\/\/schema.org","@graph":[{"@type":"WebPage","@id":"https:\/\/paracherkaoui.ma\/index.php\/produit\/on-call-extra-bandelettes-de-teste-50-2\/","url":"https:\/\/paracherkaoui.ma\/index.php\/produit\/on-call-extra-bandelettes-de-teste-50-2\/","name":"ON CALL EXTRA BANDELETTES DE TESTE 50 - Paracherkaoui.ma","isPartOf":{"@id":"https:\/\/paracherkaoui.ma\/#website"},"primaryImageOfPage":{"@id":"https:\/\/paracherkaoui.ma\/index.php\/produit\/on-call-extra-bandelettes-de-teste-50-2\/#primaryimage"},"image":{"@id":"https:\/\/paracherkaoui.ma\/index.php\/produit\/on-call-extra-bandelettes-de-teste-50-2\/#primaryimage"},"thumbnailUrl":"https:\/\/paracherkaoui.ma\/wp-content\/uploads\/2025\/12\/oncall-on-call-extra-bandelettes-de-teste-50-materiels-medicaux.jpg","datePublished":"2025-12-12T18:36:12+00:00","dateModified":"2025-12-12T18:36:15+00:00","breadcrumb":{"@id":"https:\/\/paracherkaoui.ma\/index.php\/produit\/on-call-extra-bandelettes-de-teste-50-2\/#breadcrumb"},"inLanguage":"fr-FR","potentialAction":[{"@type":"ReadAction","target":["https:\/\/paracherkaoui.ma\/index.php\/produit\/on-call-extra-bandelettes-de-teste-50-2\/"]}]},{"@type":"ImageObject","inLanguage":"fr-FR","@id":"https:\/\/paracherkaoui.ma\/index.php\/produit\/on-call-extra-bandelettes-de-teste-50-2\/#primaryimage","url":"https:\/\/paracherkaoui.ma\/wp-content\/uploads\/2025\/12\/oncall-on-call-extra-bandelettes-de-teste-50-materiels-medicaux.jpg","contentUrl":"https:\/\/paracherkaoui.ma\/wp-content\/uploads\/2025\/12\/oncall-on-call-extra-bandelettes-de-teste-50-materiels-medicaux.jpg","width":700,"height":700},{"@type":"BreadcrumbList","@id":"https:\/\/paracherkaoui.ma\/index.php\/produit\/on-call-extra-bandelettes-de-teste-50-2\/#breadcrumb","itemListElement":[{"@type":"ListItem","position":1,"name":"Accueil","item":"https:\/\/paracherkaoui.ma\/"},{"@type":"ListItem","position":2,"name":"Boutique","item":"https:\/\/paracherkaoui.ma\/index.php\/boutique\/"},{"@type":"ListItem","position":3,"name":"ON CALL EXTRA BANDELETTES DE TESTE 50"}]},{"@type":"WebSite","@id":"https:\/\/paracherkaoui.ma\/#website","url":"https:\/\/paracherkaoui.ma\/","name":"Paracherkaoui.ma","description":"Achetez en ligne sur Paracherkaoui.ma","potentialAction":[{"@type":"SearchAction","target":{"@type":"EntryPoint","urlTemplate":"https:\/\/paracherkaoui.ma\/?s={search_term_string}"},"query-input":{"@type":"PropertyValueSpecification","valueRequired":true,"valueName":"search_term_string"}}],"inLanguage":"fr-FR"}]}},"_links":{"self":[{"href":"https:\/\/paracherkaoui.ma\/index.php\/wp-json\/wp\/v2\/product\/52470","targetHints":{"allow":["GET"]}}],"collection":[{"href":"https:\/\/paracherkaoui.ma\/index.php\/wp-json\/wp\/v2\/product"}],"about":[{"href":"https:\/\/paracherkaoui.ma\/index.php\/wp-json\/wp\/v2\/types\/product"}],"replies":[{"embeddable":true,"href":"https:\/\/paracherkaoui.ma\/index.php\/wp-json\/wp\/v2\/comments?post=52470"}],"version-history":[{"count":1,"href":"https:\/\/paracherkaoui.ma\/index.php\/wp-json\/wp\/v2\/product\/52470\/revisions"}],"predecessor-version":[{"id":52504,"href":"https:\/\/paracherkaoui.ma\/index.php\/wp-json\/wp\/v2\/product\/52470\/revisions\/52504"}],"wp:featuredmedia":[{"embeddable":true,"href":"https:\/\/paracherkaoui.ma\/index.php\/wp-json\/wp\/v2\/media\/52345"}],"wp:attachment":[{"href":"https:\/\/paracherkaoui.ma\/index.php\/wp-json\/wp\/v2\/media?parent=52470"}],"wp:term":[{"taxonomy":"product_brand","embeddable":true,"href":"https:\/\/paracherkaoui.ma\/index.php\/wp-json\/wp\/v2\/product_brand?post=52470"},{"taxonomy":"product_cat","embeddable":true,"href":"https:\/\/paracherkaoui.ma\/index.php\/wp-json\/wp\/v2\/product_cat?post=52470"},{"taxonomy":"product_tag","embeddable":true,"href":"https:\/\/paracherkaoui.ma\/index.php\/wp-json\/wp\/v2\/product_tag?post=52470"}],"curies":[{"name":"wp","href":"https:\/\/api.w.org\/{rel}","templated":true}]}}