{"id":52469,"date":"2025-12-12T19:36:12","date_gmt":"2025-12-12T18:36:12","guid":{"rendered":"https:\/\/test.ecbeaute.com\/?post_type=product&#038;p=52469"},"modified":"2025-12-12T19:36:15","modified_gmt":"2025-12-12T18:36:15","slug":"contour-plus-50-test-strips-bandelette-reactive","status":"publish","type":"product","link":"https:\/\/paracherkaoui.ma\/index.php\/produit\/contour-plus-50-test-strips-bandelette-reactive\/","title":{"rendered":"CONTOUR PLUS 50 TEST STRIPS BANDELETTE REACTIVE"},"content":{"rendered":"<p>Les bandelettes r\u00e9actives Contour Plus offrent une solution pr\u00e9cise et rapide pour surveiller la glyc\u00e9mie au quotidien. Con\u00e7ues pour \u00eatre utilis\u00e9es avec les glucom\u00e8tres Contour Plus, ces bandelettes sont id\u00e9ales pour les personnes diab\u00e9tiques souhaitant un suivi fiable de leur taux de glucose. Avec une technologie avanc\u00e9e d\u2019oxydase de glucose (DIEU) et une gamme d\u2019h\u00e9matocrite (HCT) de 30 \u00e0 55 %, elles garantissent des r\u00e9sultats pr\u00e9cis m\u00eame avec de faibles quantit\u00e9s de sang.<br \/>\nChaque bandelette ne n\u00e9cessite qu&rsquo;un minuscule \u00e9chantillon de 0,4 \u03bcl, ce qui rend le test moins invasif et plus confortable, notamment avec la possibilit\u00e9 de pr\u00e9lever l\u2019\u00e9chantillon sur la paume ou l\u2019avant-bras. Le temps de test est ultra rapide : seulement 4 secondes pour obtenir un r\u00e9sultat fiable, ce qui facilite l\u2019int\u00e9gration de ce contr\u00f4le dans votre routine quotidienne sans perte de temps.<br \/>\nLes bandelettes Contour Plus sont \u00e9galement con\u00e7ues pour s\u2019adapter aux variations de temp\u00e9rature, fonctionnant efficacement entre 5 et 45 \u00b0C, ce qui les rend pratiques pour une utilisation en tout lieu. Elles offrent une m\u00e9moire de stockage jusqu\u2019\u00e0 300 tests, ce qui permet de suivre les tendances de glyc\u00e9mie sur le long terme. De plus, leur dur\u00e9e de conservation est impressionnante : 24 mois avant ouverture et jusqu\u2019\u00e0 6 mois apr\u00e8s ouverture du flacon. Gr\u00e2ce au circuit d\u2019\u00e9talonnage automatique int\u00e9gr\u00e9, chaque bandelette s\u2019ajuste automatiquement pour offrir une pr\u00e9cision optimale \u00e0 chaque utilisation.<br \/>\nAdoptez les bandelettes Contour Plus pour une gestion plus simple, rapide et confortable de votre diab\u00e8te, avec des r\u00e9sultats sur lesquels vous pouvez compter \u00e0 tout moment.<br \/>\nConseils d&rsquo;utilisation :<br \/>\nLavez-vous soigneusement les mains avant de r\u00e9aliser le test.<br \/>\nIns\u00e9rez la bandelette dans le glucom\u00e8tre Contour Plus.<br \/>\nPr\u00e9levez un \u00e9chantillon de sang sur le doigt, la paume ou l&rsquo;avant-bras.<br \/>\nAppliquez le sang sur l\u2019extr\u00e9mit\u00e9 de la bandelette. Attendez 4 secondes pour voir les r\u00e9sultats.<br \/>\nRangez les bandelettes dans un endroit sec et frais, et veillez \u00e0 bien refermer le flacon apr\u00e8s chaque utilisation.<\/p>\n","protected":false},"excerpt":{"rendered":"<p>Les bandelettes r\u00e9actives Contour Plus offrent une solution pr\u00e9cise et rapide pour surveiller la glyc\u00e9mie au quotidien. Con\u00e7ues pour \u00eatre<\/p>\n","protected":false},"featured_media":52502,"comment_status":"open","ping_status":"closed","template":"","meta":[],"product_brand":[996],"product_cat":[991],"product_tag":[],"class_list":{"0":"post-52469","1":"product","2":"type-product","3":"status-publish","4":"has-post-thumbnail","6":"product_brand-contour-plus","7":"product_cat-materiels-medicaux","9":"first","10":"instock","11":"shipping-taxable","12":"purchasable","13":"product-type-simple"},"yoast_head":"<!-- This site is optimized with the Yoast SEO plugin v26.6 - https:\/\/yoast.com\/wordpress\/plugins\/seo\/ -->\r\n<title>CONTOUR PLUS 50 TEST STRIPS BANDELETTE REACTIVE - Paracherkaoui.ma<\/title>\r\n<meta name=\"robots\" content=\"index, follow, max-snippet:-1, max-image-preview:large, max-video-preview:-1\" \/>\r\n<link rel=\"canonical\" href=\"https:\/\/paracherkaoui.ma\/index.php\/produit\/contour-plus-50-test-strips-bandelette-reactive\/\" \/>\r\n<meta property=\"og:locale\" content=\"fr_FR\" \/>\r\n<meta property=\"og:type\" content=\"article\" \/>\r\n<meta property=\"og:title\" content=\"CONTOUR PLUS 50 TEST STRIPS BANDELETTE REACTIVE - Paracherkaoui.ma\" \/>\r\n<meta property=\"og:description\" content=\"Les bandelettes r\u00e9actives Contour Plus offrent une solution pr\u00e9cise et rapide pour surveiller la glyc\u00e9mie au quotidien. Con\u00e7ues pour \u00eatre\" \/>\r\n<meta property=\"og:url\" content=\"https:\/\/paracherkaoui.ma\/index.php\/produit\/contour-plus-50-test-strips-bandelette-reactive\/\" \/>\r\n<meta property=\"og:site_name\" content=\"Paracherkaoui.ma\" \/>\r\n<meta property=\"article:modified_time\" content=\"2025-12-12T18:36:15+00:00\" \/>\r\n<meta property=\"og:image\" content=\"https:\/\/paracherkaoui.ma\/wp-content\/uploads\/2025\/12\/contour-plus-50-test-strips-bandelette-reactive.jpg\" \/>\r\n\t<meta property=\"og:image:width\" content=\"700\" \/>\r\n\t<meta property=\"og:image:height\" content=\"700\" \/>\r\n\t<meta property=\"og:image:type\" content=\"image\/jpeg\" \/>\r\n<meta name=\"twitter:card\" content=\"summary_large_image\" \/>\r\n<meta name=\"twitter:label1\" content=\"Dur\u00e9e de lecture estim\u00e9e\" \/>\n\t<meta name=\"twitter:data1\" content=\"2 minutes\" \/>\r\n<script type=\"application\/ld+json\" class=\"yoast-schema-graph\">{\"@context\":\"https:\/\/schema.org\",\"@graph\":[{\"@type\":\"WebPage\",\"@id\":\"https:\/\/paracherkaoui.ma\/index.php\/produit\/contour-plus-50-test-strips-bandelette-reactive\/\",\"url\":\"https:\/\/paracherkaoui.ma\/index.php\/produit\/contour-plus-50-test-strips-bandelette-reactive\/\",\"name\":\"CONTOUR PLUS 50 TEST STRIPS BANDELETTE REACTIVE - Paracherkaoui.ma\",\"isPartOf\":{\"@id\":\"https:\/\/paracherkaoui.ma\/#website\"},\"primaryImageOfPage\":{\"@id\":\"https:\/\/paracherkaoui.ma\/index.php\/produit\/contour-plus-50-test-strips-bandelette-reactive\/#primaryimage\"},\"image\":{\"@id\":\"https:\/\/paracherkaoui.ma\/index.php\/produit\/contour-plus-50-test-strips-bandelette-reactive\/#primaryimage\"},\"thumbnailUrl\":\"https:\/\/paracherkaoui.ma\/wp-content\/uploads\/2025\/12\/contour-plus-50-test-strips-bandelette-reactive.jpg\",\"datePublished\":\"2025-12-12T18:36:12+00:00\",\"dateModified\":\"2025-12-12T18:36:15+00:00\",\"breadcrumb\":{\"@id\":\"https:\/\/paracherkaoui.ma\/index.php\/produit\/contour-plus-50-test-strips-bandelette-reactive\/#breadcrumb\"},\"inLanguage\":\"fr-FR\",\"potentialAction\":[{\"@type\":\"ReadAction\",\"target\":[\"https:\/\/paracherkaoui.ma\/index.php\/produit\/contour-plus-50-test-strips-bandelette-reactive\/\"]}]},{\"@type\":\"ImageObject\",\"inLanguage\":\"fr-FR\",\"@id\":\"https:\/\/paracherkaoui.ma\/index.php\/produit\/contour-plus-50-test-strips-bandelette-reactive\/#primaryimage\",\"url\":\"https:\/\/paracherkaoui.ma\/wp-content\/uploads\/2025\/12\/contour-plus-50-test-strips-bandelette-reactive.jpg\",\"contentUrl\":\"https:\/\/paracherkaoui.ma\/wp-content\/uploads\/2025\/12\/contour-plus-50-test-strips-bandelette-reactive.jpg\",\"width\":700,\"height\":700},{\"@type\":\"BreadcrumbList\",\"@id\":\"https:\/\/paracherkaoui.ma\/index.php\/produit\/contour-plus-50-test-strips-bandelette-reactive\/#breadcrumb\",\"itemListElement\":[{\"@type\":\"ListItem\",\"position\":1,\"name\":\"Accueil\",\"item\":\"https:\/\/paracherkaoui.ma\/\"},{\"@type\":\"ListItem\",\"position\":2,\"name\":\"Boutique\",\"item\":\"https:\/\/paracherkaoui.ma\/index.php\/boutique\/\"},{\"@type\":\"ListItem\",\"position\":3,\"name\":\"CONTOUR PLUS 50 TEST STRIPS BANDELETTE REACTIVE\"}]},{\"@type\":\"WebSite\",\"@id\":\"https:\/\/paracherkaoui.ma\/#website\",\"url\":\"https:\/\/paracherkaoui.ma\/\",\"name\":\"Paracherkaoui.ma\",\"description\":\"Achetez en ligne sur Paracherkaoui.ma\",\"potentialAction\":[{\"@type\":\"SearchAction\",\"target\":{\"@type\":\"EntryPoint\",\"urlTemplate\":\"https:\/\/paracherkaoui.ma\/?s={search_term_string}\"},\"query-input\":{\"@type\":\"PropertyValueSpecification\",\"valueRequired\":true,\"valueName\":\"search_term_string\"}}],\"inLanguage\":\"fr-FR\"}]}<\/script>\r\n<!-- \/ Yoast SEO plugin. -->","yoast_head_json":{"title":"CONTOUR PLUS 50 TEST STRIPS BANDELETTE REACTIVE - Paracherkaoui.ma","robots":{"index":"index","follow":"follow","max-snippet":"max-snippet:-1","max-image-preview":"max-image-preview:large","max-video-preview":"max-video-preview:-1"},"canonical":"https:\/\/paracherkaoui.ma\/index.php\/produit\/contour-plus-50-test-strips-bandelette-reactive\/","og_locale":"fr_FR","og_type":"article","og_title":"CONTOUR PLUS 50 TEST STRIPS BANDELETTE REACTIVE - Paracherkaoui.ma","og_description":"Les bandelettes r\u00e9actives Contour Plus offrent une solution pr\u00e9cise et rapide pour surveiller la glyc\u00e9mie au quotidien. Con\u00e7ues pour \u00eatre","og_url":"https:\/\/paracherkaoui.ma\/index.php\/produit\/contour-plus-50-test-strips-bandelette-reactive\/","og_site_name":"Paracherkaoui.ma","article_modified_time":"2025-12-12T18:36:15+00:00","og_image":[{"width":700,"height":700,"url":"https:\/\/paracherkaoui.ma\/wp-content\/uploads\/2025\/12\/contour-plus-50-test-strips-bandelette-reactive.jpg","type":"image\/jpeg"}],"twitter_card":"summary_large_image","twitter_misc":{"Dur\u00e9e de lecture estim\u00e9e":"2 minutes"},"schema":{"@context":"https:\/\/schema.org","@graph":[{"@type":"WebPage","@id":"https:\/\/paracherkaoui.ma\/index.php\/produit\/contour-plus-50-test-strips-bandelette-reactive\/","url":"https:\/\/paracherkaoui.ma\/index.php\/produit\/contour-plus-50-test-strips-bandelette-reactive\/","name":"CONTOUR PLUS 50 TEST STRIPS BANDELETTE REACTIVE - Paracherkaoui.ma","isPartOf":{"@id":"https:\/\/paracherkaoui.ma\/#website"},"primaryImageOfPage":{"@id":"https:\/\/paracherkaoui.ma\/index.php\/produit\/contour-plus-50-test-strips-bandelette-reactive\/#primaryimage"},"image":{"@id":"https:\/\/paracherkaoui.ma\/index.php\/produit\/contour-plus-50-test-strips-bandelette-reactive\/#primaryimage"},"thumbnailUrl":"https:\/\/paracherkaoui.ma\/wp-content\/uploads\/2025\/12\/contour-plus-50-test-strips-bandelette-reactive.jpg","datePublished":"2025-12-12T18:36:12+00:00","dateModified":"2025-12-12T18:36:15+00:00","breadcrumb":{"@id":"https:\/\/paracherkaoui.ma\/index.php\/produit\/contour-plus-50-test-strips-bandelette-reactive\/#breadcrumb"},"inLanguage":"fr-FR","potentialAction":[{"@type":"ReadAction","target":["https:\/\/paracherkaoui.ma\/index.php\/produit\/contour-plus-50-test-strips-bandelette-reactive\/"]}]},{"@type":"ImageObject","inLanguage":"fr-FR","@id":"https:\/\/paracherkaoui.ma\/index.php\/produit\/contour-plus-50-test-strips-bandelette-reactive\/#primaryimage","url":"https:\/\/paracherkaoui.ma\/wp-content\/uploads\/2025\/12\/contour-plus-50-test-strips-bandelette-reactive.jpg","contentUrl":"https:\/\/paracherkaoui.ma\/wp-content\/uploads\/2025\/12\/contour-plus-50-test-strips-bandelette-reactive.jpg","width":700,"height":700},{"@type":"BreadcrumbList","@id":"https:\/\/paracherkaoui.ma\/index.php\/produit\/contour-plus-50-test-strips-bandelette-reactive\/#breadcrumb","itemListElement":[{"@type":"ListItem","position":1,"name":"Accueil","item":"https:\/\/paracherkaoui.ma\/"},{"@type":"ListItem","position":2,"name":"Boutique","item":"https:\/\/paracherkaoui.ma\/index.php\/boutique\/"},{"@type":"ListItem","position":3,"name":"CONTOUR PLUS 50 TEST STRIPS BANDELETTE REACTIVE"}]},{"@type":"WebSite","@id":"https:\/\/paracherkaoui.ma\/#website","url":"https:\/\/paracherkaoui.ma\/","name":"Paracherkaoui.ma","description":"Achetez en ligne sur Paracherkaoui.ma","potentialAction":[{"@type":"SearchAction","target":{"@type":"EntryPoint","urlTemplate":"https:\/\/paracherkaoui.ma\/?s={search_term_string}"},"query-input":{"@type":"PropertyValueSpecification","valueRequired":true,"valueName":"search_term_string"}}],"inLanguage":"fr-FR"}]}},"_links":{"self":[{"href":"https:\/\/paracherkaoui.ma\/index.php\/wp-json\/wp\/v2\/product\/52469","targetHints":{"allow":["GET"]}}],"collection":[{"href":"https:\/\/paracherkaoui.ma\/index.php\/wp-json\/wp\/v2\/product"}],"about":[{"href":"https:\/\/paracherkaoui.ma\/index.php\/wp-json\/wp\/v2\/types\/product"}],"replies":[{"embeddable":true,"href":"https:\/\/paracherkaoui.ma\/index.php\/wp-json\/wp\/v2\/comments?post=52469"}],"version-history":[{"count":1,"href":"https:\/\/paracherkaoui.ma\/index.php\/wp-json\/wp\/v2\/product\/52469\/revisions"}],"predecessor-version":[{"id":52503,"href":"https:\/\/paracherkaoui.ma\/index.php\/wp-json\/wp\/v2\/product\/52469\/revisions\/52503"}],"wp:featuredmedia":[{"embeddable":true,"href":"https:\/\/paracherkaoui.ma\/index.php\/wp-json\/wp\/v2\/media\/52502"}],"wp:attachment":[{"href":"https:\/\/paracherkaoui.ma\/index.php\/wp-json\/wp\/v2\/media?parent=52469"}],"wp:term":[{"taxonomy":"product_brand","embeddable":true,"href":"https:\/\/paracherkaoui.ma\/index.php\/wp-json\/wp\/v2\/product_brand?post=52469"},{"taxonomy":"product_cat","embeddable":true,"href":"https:\/\/paracherkaoui.ma\/index.php\/wp-json\/wp\/v2\/product_cat?post=52469"},{"taxonomy":"product_tag","embeddable":true,"href":"https:\/\/paracherkaoui.ma\/index.php\/wp-json\/wp\/v2\/product_tag?post=52469"}],"curies":[{"name":"wp","href":"https:\/\/api.w.org\/{rel}","templated":true}]}}