{"id":52414,"date":"2025-12-12T19:36:06","date_gmt":"2025-12-12T18:36:06","guid":{"rendered":"https:\/\/test.ecbeaute.com\/?post_type=product&#038;p=52414"},"modified":"2025-12-12T19:36:10","modified_gmt":"2025-12-12T18:36:10","slug":"hartmann-veroval-compact-tensiometre-de-bras","status":"publish","type":"product","link":"https:\/\/paracherkaoui.ma\/index.php\/produit\/hartmann-veroval-compact-tensiometre-de-bras\/","title":{"rendered":"HARTMANN veroval compact tensiom\u00e8tre de bras"},"content":{"rendered":"<p>Tensiom\u00e8tre brassard, \u00ab\u00a0Quality Seal\u00a0\u00bb. Mesure douce et pr\u00e9cise. D\u00e9tection des arythmies, syst\u00e8me d&rsquo;\u00e9valuation tricolore pour vos valeurs. Prise de tension art\u00e9rielle. Grand \u00e9cran facile \u00e0 lire, contr\u00f4le de la position du brassard, affichage de la date et de l&rsquo;heure inclus. Con\u00e7u en Allemagne. Avec pochette et 4 piles AA de 1.5V<\/p>\n","protected":false},"excerpt":{"rendered":"<p>Tensiom\u00e8tre brassard, \u00ab\u00a0Quality Seal\u00a0\u00bb. Mesure douce et pr\u00e9cise. D\u00e9tection des arythmies, syst\u00e8me d&rsquo;\u00e9valuation tricolore pour vos valeurs. Prise de tension<\/p>\n","protected":false},"featured_media":52452,"comment_status":"open","ping_status":"closed","template":"","meta":[],"product_brand":[645],"product_cat":[991],"product_tag":[],"class_list":{"0":"post-52414","1":"product","2":"type-product","3":"status-publish","4":"has-post-thumbnail","6":"product_brand-hartmann","7":"product_cat-materiels-medicaux","9":"first","10":"instock","11":"sale","12":"shipping-taxable","13":"purchasable","14":"product-type-simple"},"yoast_head":"<!-- This site is optimized with the Yoast SEO plugin v26.6 - https:\/\/yoast.com\/wordpress\/plugins\/seo\/ -->\r\n<title>HARTMANN veroval compact tensiom\u00e8tre de bras - Paracherkaoui.ma<\/title>\r\n<meta name=\"robots\" content=\"index, follow, max-snippet:-1, max-image-preview:large, max-video-preview:-1\" \/>\r\n<link rel=\"canonical\" href=\"https:\/\/paracherkaoui.ma\/index.php\/produit\/hartmann-veroval-compact-tensiometre-de-bras\/\" \/>\r\n<meta property=\"og:locale\" content=\"fr_FR\" \/>\r\n<meta property=\"og:type\" content=\"article\" \/>\r\n<meta property=\"og:title\" content=\"HARTMANN veroval compact tensiom\u00e8tre de bras - Paracherkaoui.ma\" \/>\r\n<meta property=\"og:description\" content=\"Tensiom\u00e8tre brassard, \u00ab\u00a0Quality Seal\u00a0\u00bb. Mesure douce et pr\u00e9cise. D\u00e9tection des arythmies, syst\u00e8me d&rsquo;\u00e9valuation tricolore pour vos valeurs. Prise de tension\" \/>\r\n<meta property=\"og:url\" content=\"https:\/\/paracherkaoui.ma\/index.php\/produit\/hartmann-veroval-compact-tensiometre-de-bras\/\" \/>\r\n<meta property=\"og:site_name\" content=\"Paracherkaoui.ma\" \/>\r\n<meta property=\"article:modified_time\" content=\"2025-12-12T18:36:10+00:00\" \/>\r\n<meta property=\"og:image\" content=\"https:\/\/paracherkaoui.ma\/wp-content\/uploads\/2025\/12\/hartmann-hartmann-veroval-compact-tensiometre-de-bras-tensiometre.jpg\" \/>\r\n\t<meta property=\"og:image:width\" content=\"700\" \/>\r\n\t<meta property=\"og:image:height\" content=\"700\" \/>\r\n\t<meta property=\"og:image:type\" content=\"image\/jpeg\" \/>\r\n<meta name=\"twitter:card\" content=\"summary_large_image\" \/>\r\n<script type=\"application\/ld+json\" class=\"yoast-schema-graph\">{\"@context\":\"https:\/\/schema.org\",\"@graph\":[{\"@type\":\"WebPage\",\"@id\":\"https:\/\/paracherkaoui.ma\/index.php\/produit\/hartmann-veroval-compact-tensiometre-de-bras\/\",\"url\":\"https:\/\/paracherkaoui.ma\/index.php\/produit\/hartmann-veroval-compact-tensiometre-de-bras\/\",\"name\":\"HARTMANN veroval compact tensiom\u00e8tre de bras - Paracherkaoui.ma\",\"isPartOf\":{\"@id\":\"https:\/\/paracherkaoui.ma\/#website\"},\"primaryImageOfPage\":{\"@id\":\"https:\/\/paracherkaoui.ma\/index.php\/produit\/hartmann-veroval-compact-tensiometre-de-bras\/#primaryimage\"},\"image\":{\"@id\":\"https:\/\/paracherkaoui.ma\/index.php\/produit\/hartmann-veroval-compact-tensiometre-de-bras\/#primaryimage\"},\"thumbnailUrl\":\"https:\/\/paracherkaoui.ma\/wp-content\/uploads\/2025\/12\/hartmann-hartmann-veroval-compact-tensiometre-de-bras-tensiometre.jpg\",\"datePublished\":\"2025-12-12T18:36:06+00:00\",\"dateModified\":\"2025-12-12T18:36:10+00:00\",\"breadcrumb\":{\"@id\":\"https:\/\/paracherkaoui.ma\/index.php\/produit\/hartmann-veroval-compact-tensiometre-de-bras\/#breadcrumb\"},\"inLanguage\":\"fr-FR\",\"potentialAction\":[{\"@type\":\"ReadAction\",\"target\":[\"https:\/\/paracherkaoui.ma\/index.php\/produit\/hartmann-veroval-compact-tensiometre-de-bras\/\"]}]},{\"@type\":\"ImageObject\",\"inLanguage\":\"fr-FR\",\"@id\":\"https:\/\/paracherkaoui.ma\/index.php\/produit\/hartmann-veroval-compact-tensiometre-de-bras\/#primaryimage\",\"url\":\"https:\/\/paracherkaoui.ma\/wp-content\/uploads\/2025\/12\/hartmann-hartmann-veroval-compact-tensiometre-de-bras-tensiometre.jpg\",\"contentUrl\":\"https:\/\/paracherkaoui.ma\/wp-content\/uploads\/2025\/12\/hartmann-hartmann-veroval-compact-tensiometre-de-bras-tensiometre.jpg\",\"width\":700,\"height\":700},{\"@type\":\"BreadcrumbList\",\"@id\":\"https:\/\/paracherkaoui.ma\/index.php\/produit\/hartmann-veroval-compact-tensiometre-de-bras\/#breadcrumb\",\"itemListElement\":[{\"@type\":\"ListItem\",\"position\":1,\"name\":\"Accueil\",\"item\":\"https:\/\/paracherkaoui.ma\/\"},{\"@type\":\"ListItem\",\"position\":2,\"name\":\"Boutique\",\"item\":\"https:\/\/paracherkaoui.ma\/index.php\/boutique\/\"},{\"@type\":\"ListItem\",\"position\":3,\"name\":\"HARTMANN veroval compact tensiom\u00e8tre de bras\"}]},{\"@type\":\"WebSite\",\"@id\":\"https:\/\/paracherkaoui.ma\/#website\",\"url\":\"https:\/\/paracherkaoui.ma\/\",\"name\":\"Paracherkaoui.ma\",\"description\":\"Achetez en ligne sur Paracherkaoui.ma\",\"potentialAction\":[{\"@type\":\"SearchAction\",\"target\":{\"@type\":\"EntryPoint\",\"urlTemplate\":\"https:\/\/paracherkaoui.ma\/?s={search_term_string}\"},\"query-input\":{\"@type\":\"PropertyValueSpecification\",\"valueRequired\":true,\"valueName\":\"search_term_string\"}}],\"inLanguage\":\"fr-FR\"}]}<\/script>\r\n<!-- \/ Yoast SEO plugin. -->","yoast_head_json":{"title":"HARTMANN veroval compact tensiom\u00e8tre de bras - Paracherkaoui.ma","robots":{"index":"index","follow":"follow","max-snippet":"max-snippet:-1","max-image-preview":"max-image-preview:large","max-video-preview":"max-video-preview:-1"},"canonical":"https:\/\/paracherkaoui.ma\/index.php\/produit\/hartmann-veroval-compact-tensiometre-de-bras\/","og_locale":"fr_FR","og_type":"article","og_title":"HARTMANN veroval compact tensiom\u00e8tre de bras - Paracherkaoui.ma","og_description":"Tensiom\u00e8tre brassard, \u00ab\u00a0Quality Seal\u00a0\u00bb. Mesure douce et pr\u00e9cise. D\u00e9tection des arythmies, syst\u00e8me d&rsquo;\u00e9valuation tricolore pour vos valeurs. Prise de tension","og_url":"https:\/\/paracherkaoui.ma\/index.php\/produit\/hartmann-veroval-compact-tensiometre-de-bras\/","og_site_name":"Paracherkaoui.ma","article_modified_time":"2025-12-12T18:36:10+00:00","og_image":[{"width":700,"height":700,"url":"https:\/\/paracherkaoui.ma\/wp-content\/uploads\/2025\/12\/hartmann-hartmann-veroval-compact-tensiometre-de-bras-tensiometre.jpg","type":"image\/jpeg"}],"twitter_card":"summary_large_image","schema":{"@context":"https:\/\/schema.org","@graph":[{"@type":"WebPage","@id":"https:\/\/paracherkaoui.ma\/index.php\/produit\/hartmann-veroval-compact-tensiometre-de-bras\/","url":"https:\/\/paracherkaoui.ma\/index.php\/produit\/hartmann-veroval-compact-tensiometre-de-bras\/","name":"HARTMANN veroval compact tensiom\u00e8tre de bras - Paracherkaoui.ma","isPartOf":{"@id":"https:\/\/paracherkaoui.ma\/#website"},"primaryImageOfPage":{"@id":"https:\/\/paracherkaoui.ma\/index.php\/produit\/hartmann-veroval-compact-tensiometre-de-bras\/#primaryimage"},"image":{"@id":"https:\/\/paracherkaoui.ma\/index.php\/produit\/hartmann-veroval-compact-tensiometre-de-bras\/#primaryimage"},"thumbnailUrl":"https:\/\/paracherkaoui.ma\/wp-content\/uploads\/2025\/12\/hartmann-hartmann-veroval-compact-tensiometre-de-bras-tensiometre.jpg","datePublished":"2025-12-12T18:36:06+00:00","dateModified":"2025-12-12T18:36:10+00:00","breadcrumb":{"@id":"https:\/\/paracherkaoui.ma\/index.php\/produit\/hartmann-veroval-compact-tensiometre-de-bras\/#breadcrumb"},"inLanguage":"fr-FR","potentialAction":[{"@type":"ReadAction","target":["https:\/\/paracherkaoui.ma\/index.php\/produit\/hartmann-veroval-compact-tensiometre-de-bras\/"]}]},{"@type":"ImageObject","inLanguage":"fr-FR","@id":"https:\/\/paracherkaoui.ma\/index.php\/produit\/hartmann-veroval-compact-tensiometre-de-bras\/#primaryimage","url":"https:\/\/paracherkaoui.ma\/wp-content\/uploads\/2025\/12\/hartmann-hartmann-veroval-compact-tensiometre-de-bras-tensiometre.jpg","contentUrl":"https:\/\/paracherkaoui.ma\/wp-content\/uploads\/2025\/12\/hartmann-hartmann-veroval-compact-tensiometre-de-bras-tensiometre.jpg","width":700,"height":700},{"@type":"BreadcrumbList","@id":"https:\/\/paracherkaoui.ma\/index.php\/produit\/hartmann-veroval-compact-tensiometre-de-bras\/#breadcrumb","itemListElement":[{"@type":"ListItem","position":1,"name":"Accueil","item":"https:\/\/paracherkaoui.ma\/"},{"@type":"ListItem","position":2,"name":"Boutique","item":"https:\/\/paracherkaoui.ma\/index.php\/boutique\/"},{"@type":"ListItem","position":3,"name":"HARTMANN veroval compact tensiom\u00e8tre de bras"}]},{"@type":"WebSite","@id":"https:\/\/paracherkaoui.ma\/#website","url":"https:\/\/paracherkaoui.ma\/","name":"Paracherkaoui.ma","description":"Achetez en ligne sur Paracherkaoui.ma","potentialAction":[{"@type":"SearchAction","target":{"@type":"EntryPoint","urlTemplate":"https:\/\/paracherkaoui.ma\/?s={search_term_string}"},"query-input":{"@type":"PropertyValueSpecification","valueRequired":true,"valueName":"search_term_string"}}],"inLanguage":"fr-FR"}]}},"_links":{"self":[{"href":"https:\/\/paracherkaoui.ma\/index.php\/wp-json\/wp\/v2\/product\/52414","targetHints":{"allow":["GET"]}}],"collection":[{"href":"https:\/\/paracherkaoui.ma\/index.php\/wp-json\/wp\/v2\/product"}],"about":[{"href":"https:\/\/paracherkaoui.ma\/index.php\/wp-json\/wp\/v2\/types\/product"}],"replies":[{"embeddable":true,"href":"https:\/\/paracherkaoui.ma\/index.php\/wp-json\/wp\/v2\/comments?post=52414"}],"version-history":[{"count":1,"href":"https:\/\/paracherkaoui.ma\/index.php\/wp-json\/wp\/v2\/product\/52414\/revisions"}],"predecessor-version":[{"id":52453,"href":"https:\/\/paracherkaoui.ma\/index.php\/wp-json\/wp\/v2\/product\/52414\/revisions\/52453"}],"wp:featuredmedia":[{"embeddable":true,"href":"https:\/\/paracherkaoui.ma\/index.php\/wp-json\/wp\/v2\/media\/52452"}],"wp:attachment":[{"href":"https:\/\/paracherkaoui.ma\/index.php\/wp-json\/wp\/v2\/media?parent=52414"}],"wp:term":[{"taxonomy":"product_brand","embeddable":true,"href":"https:\/\/paracherkaoui.ma\/index.php\/wp-json\/wp\/v2\/product_brand?post=52414"},{"taxonomy":"product_cat","embeddable":true,"href":"https:\/\/paracherkaoui.ma\/index.php\/wp-json\/wp\/v2\/product_cat?post=52414"},{"taxonomy":"product_tag","embeddable":true,"href":"https:\/\/paracherkaoui.ma\/index.php\/wp-json\/wp\/v2\/product_tag?post=52414"}],"curies":[{"name":"wp","href":"https:\/\/api.w.org\/{rel}","templated":true}]}}