{"id":52413,"date":"2025-12-12T19:36:06","date_gmt":"2025-12-12T18:36:06","guid":{"rendered":"https:\/\/test.ecbeaute.com\/?post_type=product&#038;p=52413"},"modified":"2025-12-12T19:36:10","modified_gmt":"2025-12-12T18:36:10","slug":"diabcontrol-25-bandelettes-td-4279-sans-code","status":"publish","type":"product","link":"https:\/\/paracherkaoui.ma\/index.php\/produit\/diabcontrol-25-bandelettes-td-4279-sans-code\/","title":{"rendered":"DIABCONTROL 25 BANDELETTES TD 4279 SANS CODE"},"content":{"rendered":"<p>Le suivi du diab\u00e8te n\u2019a jamais \u00e9t\u00e9 aussi simple avec les bandelettes DIABCONTROL 25 TD 4279. Con\u00e7ues pour offrir une mesure pr\u00e9cise et rapide de la glyc\u00e9mie, elles sont compatibles avec les glucom\u00e8tres TD 4279 et permettent aux diab\u00e9tiques de surveiller efficacement leur taux de sucre dans le sang.<br \/>\nGr\u00e2ce \u00e0 leur technologie sans code, ces bandelettes \u00e9liminent le risque d\u2019erreur li\u00e9 \u00e0 la calibration manuelle et garantissent une utilisation plus facile et plus fiable. Leur conception avanc\u00e9e assure une absorption rapide du sang, n\u00e9cessitant ainsi une tr\u00e8s faible quantit\u00e9 d\u2019\u00e9chantillon pour un r\u00e9sultat optimal.<br \/>\nFiables et pratiques, elles sont id\u00e9ales pour un usage quotidien, que ce soit \u00e0 domicile ou en d\u00e9placement. Avec 25 bandelettes par bo\u00eete, DIABCONTROL vous accompagne dans la gestion de votre diab\u00e8te avec s\u00e9r\u00e9nit\u00e9 et pr\u00e9cision.<br \/>\nConseils d&rsquo;utilisation :<br \/>\nSe laver et s\u00e9cher soigneusement les mains avant utilisation.<br \/>\nIns\u00e9rer une bandelette dans le glucom\u00e8tre TD 4279.<br \/>\nPr\u00e9lever une petite goutte de sang avec un autopiqueur.<br \/>\nAppliquer le sang sur la bandelette et attendre le r\u00e9sultat.<br \/>\n\u00c9liminer la bandelette usag\u00e9e apr\u00e8s utilisation.<\/p>\n","protected":false},"excerpt":{"rendered":"<p>Le suivi du diab\u00e8te n\u2019a jamais \u00e9t\u00e9 aussi simple avec les bandelettes DIABCONTROL 25 TD 4279. Con\u00e7ues pour offrir une<\/p>\n","protected":false},"featured_media":52450,"comment_status":"open","ping_status":"closed","template":"","meta":[],"product_brand":[983],"product_cat":[991],"product_tag":[],"class_list":{"0":"post-52413","1":"product","2":"type-product","3":"status-publish","4":"has-post-thumbnail","6":"product_brand-diabcontrol","7":"product_cat-materiels-medicaux","9":"first","10":"instock","11":"shipping-taxable","12":"purchasable","13":"product-type-simple"},"yoast_head":"<!-- This site is optimized with the Yoast SEO plugin v26.6 - https:\/\/yoast.com\/wordpress\/plugins\/seo\/ -->\r\n<title>DIABCONTROL 25 BANDELETTES TD 4279 SANS CODE - Paracherkaoui.ma<\/title>\r\n<meta name=\"robots\" content=\"index, follow, max-snippet:-1, max-image-preview:large, max-video-preview:-1\" \/>\r\n<link rel=\"canonical\" href=\"https:\/\/paracherkaoui.ma\/index.php\/produit\/diabcontrol-25-bandelettes-td-4279-sans-code\/\" \/>\r\n<meta property=\"og:locale\" content=\"fr_FR\" \/>\r\n<meta property=\"og:type\" content=\"article\" \/>\r\n<meta property=\"og:title\" content=\"DIABCONTROL 25 BANDELETTES TD 4279 SANS CODE - Paracherkaoui.ma\" \/>\r\n<meta property=\"og:description\" content=\"Le suivi du diab\u00e8te n\u2019a jamais \u00e9t\u00e9 aussi simple avec les bandelettes DIABCONTROL 25 TD 4279. Con\u00e7ues pour offrir une\" \/>\r\n<meta property=\"og:url\" content=\"https:\/\/paracherkaoui.ma\/index.php\/produit\/diabcontrol-25-bandelettes-td-4279-sans-code\/\" \/>\r\n<meta property=\"og:site_name\" content=\"Paracherkaoui.ma\" \/>\r\n<meta property=\"article:modified_time\" content=\"2025-12-12T18:36:10+00:00\" \/>\r\n<meta property=\"og:image\" content=\"https:\/\/paracherkaoui.ma\/wp-content\/uploads\/2025\/12\/diabcontrol-25-bandelettes-td-4279-sans-code.jpg\" \/>\r\n\t<meta property=\"og:image:width\" content=\"700\" \/>\r\n\t<meta property=\"og:image:height\" content=\"700\" \/>\r\n\t<meta property=\"og:image:type\" content=\"image\/jpeg\" \/>\r\n<meta name=\"twitter:card\" content=\"summary_large_image\" \/>\r\n<meta name=\"twitter:label1\" content=\"Dur\u00e9e de lecture estim\u00e9e\" \/>\n\t<meta name=\"twitter:data1\" content=\"1 minute\" \/>\r\n<script type=\"application\/ld+json\" class=\"yoast-schema-graph\">{\"@context\":\"https:\/\/schema.org\",\"@graph\":[{\"@type\":\"WebPage\",\"@id\":\"https:\/\/paracherkaoui.ma\/index.php\/produit\/diabcontrol-25-bandelettes-td-4279-sans-code\/\",\"url\":\"https:\/\/paracherkaoui.ma\/index.php\/produit\/diabcontrol-25-bandelettes-td-4279-sans-code\/\",\"name\":\"DIABCONTROL 25 BANDELETTES TD 4279 SANS CODE - Paracherkaoui.ma\",\"isPartOf\":{\"@id\":\"https:\/\/paracherkaoui.ma\/#website\"},\"primaryImageOfPage\":{\"@id\":\"https:\/\/paracherkaoui.ma\/index.php\/produit\/diabcontrol-25-bandelettes-td-4279-sans-code\/#primaryimage\"},\"image\":{\"@id\":\"https:\/\/paracherkaoui.ma\/index.php\/produit\/diabcontrol-25-bandelettes-td-4279-sans-code\/#primaryimage\"},\"thumbnailUrl\":\"https:\/\/paracherkaoui.ma\/wp-content\/uploads\/2025\/12\/diabcontrol-25-bandelettes-td-4279-sans-code.jpg\",\"datePublished\":\"2025-12-12T18:36:06+00:00\",\"dateModified\":\"2025-12-12T18:36:10+00:00\",\"breadcrumb\":{\"@id\":\"https:\/\/paracherkaoui.ma\/index.php\/produit\/diabcontrol-25-bandelettes-td-4279-sans-code\/#breadcrumb\"},\"inLanguage\":\"fr-FR\",\"potentialAction\":[{\"@type\":\"ReadAction\",\"target\":[\"https:\/\/paracherkaoui.ma\/index.php\/produit\/diabcontrol-25-bandelettes-td-4279-sans-code\/\"]}]},{\"@type\":\"ImageObject\",\"inLanguage\":\"fr-FR\",\"@id\":\"https:\/\/paracherkaoui.ma\/index.php\/produit\/diabcontrol-25-bandelettes-td-4279-sans-code\/#primaryimage\",\"url\":\"https:\/\/paracherkaoui.ma\/wp-content\/uploads\/2025\/12\/diabcontrol-25-bandelettes-td-4279-sans-code.jpg\",\"contentUrl\":\"https:\/\/paracherkaoui.ma\/wp-content\/uploads\/2025\/12\/diabcontrol-25-bandelettes-td-4279-sans-code.jpg\",\"width\":700,\"height\":700},{\"@type\":\"BreadcrumbList\",\"@id\":\"https:\/\/paracherkaoui.ma\/index.php\/produit\/diabcontrol-25-bandelettes-td-4279-sans-code\/#breadcrumb\",\"itemListElement\":[{\"@type\":\"ListItem\",\"position\":1,\"name\":\"Accueil\",\"item\":\"https:\/\/paracherkaoui.ma\/\"},{\"@type\":\"ListItem\",\"position\":2,\"name\":\"Boutique\",\"item\":\"https:\/\/paracherkaoui.ma\/index.php\/boutique\/\"},{\"@type\":\"ListItem\",\"position\":3,\"name\":\"DIABCONTROL 25 BANDELETTES TD 4279 SANS CODE\"}]},{\"@type\":\"WebSite\",\"@id\":\"https:\/\/paracherkaoui.ma\/#website\",\"url\":\"https:\/\/paracherkaoui.ma\/\",\"name\":\"Paracherkaoui.ma\",\"description\":\"Achetez en ligne sur Paracherkaoui.ma\",\"potentialAction\":[{\"@type\":\"SearchAction\",\"target\":{\"@type\":\"EntryPoint\",\"urlTemplate\":\"https:\/\/paracherkaoui.ma\/?s={search_term_string}\"},\"query-input\":{\"@type\":\"PropertyValueSpecification\",\"valueRequired\":true,\"valueName\":\"search_term_string\"}}],\"inLanguage\":\"fr-FR\"}]}<\/script>\r\n<!-- \/ Yoast SEO plugin. -->","yoast_head_json":{"title":"DIABCONTROL 25 BANDELETTES TD 4279 SANS CODE - Paracherkaoui.ma","robots":{"index":"index","follow":"follow","max-snippet":"max-snippet:-1","max-image-preview":"max-image-preview:large","max-video-preview":"max-video-preview:-1"},"canonical":"https:\/\/paracherkaoui.ma\/index.php\/produit\/diabcontrol-25-bandelettes-td-4279-sans-code\/","og_locale":"fr_FR","og_type":"article","og_title":"DIABCONTROL 25 BANDELETTES TD 4279 SANS CODE - Paracherkaoui.ma","og_description":"Le suivi du diab\u00e8te n\u2019a jamais \u00e9t\u00e9 aussi simple avec les bandelettes DIABCONTROL 25 TD 4279. Con\u00e7ues pour offrir une","og_url":"https:\/\/paracherkaoui.ma\/index.php\/produit\/diabcontrol-25-bandelettes-td-4279-sans-code\/","og_site_name":"Paracherkaoui.ma","article_modified_time":"2025-12-12T18:36:10+00:00","og_image":[{"width":700,"height":700,"url":"https:\/\/paracherkaoui.ma\/wp-content\/uploads\/2025\/12\/diabcontrol-25-bandelettes-td-4279-sans-code.jpg","type":"image\/jpeg"}],"twitter_card":"summary_large_image","twitter_misc":{"Dur\u00e9e de lecture estim\u00e9e":"1 minute"},"schema":{"@context":"https:\/\/schema.org","@graph":[{"@type":"WebPage","@id":"https:\/\/paracherkaoui.ma\/index.php\/produit\/diabcontrol-25-bandelettes-td-4279-sans-code\/","url":"https:\/\/paracherkaoui.ma\/index.php\/produit\/diabcontrol-25-bandelettes-td-4279-sans-code\/","name":"DIABCONTROL 25 BANDELETTES TD 4279 SANS CODE - Paracherkaoui.ma","isPartOf":{"@id":"https:\/\/paracherkaoui.ma\/#website"},"primaryImageOfPage":{"@id":"https:\/\/paracherkaoui.ma\/index.php\/produit\/diabcontrol-25-bandelettes-td-4279-sans-code\/#primaryimage"},"image":{"@id":"https:\/\/paracherkaoui.ma\/index.php\/produit\/diabcontrol-25-bandelettes-td-4279-sans-code\/#primaryimage"},"thumbnailUrl":"https:\/\/paracherkaoui.ma\/wp-content\/uploads\/2025\/12\/diabcontrol-25-bandelettes-td-4279-sans-code.jpg","datePublished":"2025-12-12T18:36:06+00:00","dateModified":"2025-12-12T18:36:10+00:00","breadcrumb":{"@id":"https:\/\/paracherkaoui.ma\/index.php\/produit\/diabcontrol-25-bandelettes-td-4279-sans-code\/#breadcrumb"},"inLanguage":"fr-FR","potentialAction":[{"@type":"ReadAction","target":["https:\/\/paracherkaoui.ma\/index.php\/produit\/diabcontrol-25-bandelettes-td-4279-sans-code\/"]}]},{"@type":"ImageObject","inLanguage":"fr-FR","@id":"https:\/\/paracherkaoui.ma\/index.php\/produit\/diabcontrol-25-bandelettes-td-4279-sans-code\/#primaryimage","url":"https:\/\/paracherkaoui.ma\/wp-content\/uploads\/2025\/12\/diabcontrol-25-bandelettes-td-4279-sans-code.jpg","contentUrl":"https:\/\/paracherkaoui.ma\/wp-content\/uploads\/2025\/12\/diabcontrol-25-bandelettes-td-4279-sans-code.jpg","width":700,"height":700},{"@type":"BreadcrumbList","@id":"https:\/\/paracherkaoui.ma\/index.php\/produit\/diabcontrol-25-bandelettes-td-4279-sans-code\/#breadcrumb","itemListElement":[{"@type":"ListItem","position":1,"name":"Accueil","item":"https:\/\/paracherkaoui.ma\/"},{"@type":"ListItem","position":2,"name":"Boutique","item":"https:\/\/paracherkaoui.ma\/index.php\/boutique\/"},{"@type":"ListItem","position":3,"name":"DIABCONTROL 25 BANDELETTES TD 4279 SANS CODE"}]},{"@type":"WebSite","@id":"https:\/\/paracherkaoui.ma\/#website","url":"https:\/\/paracherkaoui.ma\/","name":"Paracherkaoui.ma","description":"Achetez en ligne sur Paracherkaoui.ma","potentialAction":[{"@type":"SearchAction","target":{"@type":"EntryPoint","urlTemplate":"https:\/\/paracherkaoui.ma\/?s={search_term_string}"},"query-input":{"@type":"PropertyValueSpecification","valueRequired":true,"valueName":"search_term_string"}}],"inLanguage":"fr-FR"}]}},"_links":{"self":[{"href":"https:\/\/paracherkaoui.ma\/index.php\/wp-json\/wp\/v2\/product\/52413","targetHints":{"allow":["GET"]}}],"collection":[{"href":"https:\/\/paracherkaoui.ma\/index.php\/wp-json\/wp\/v2\/product"}],"about":[{"href":"https:\/\/paracherkaoui.ma\/index.php\/wp-json\/wp\/v2\/types\/product"}],"replies":[{"embeddable":true,"href":"https:\/\/paracherkaoui.ma\/index.php\/wp-json\/wp\/v2\/comments?post=52413"}],"version-history":[{"count":1,"href":"https:\/\/paracherkaoui.ma\/index.php\/wp-json\/wp\/v2\/product\/52413\/revisions"}],"predecessor-version":[{"id":52451,"href":"https:\/\/paracherkaoui.ma\/index.php\/wp-json\/wp\/v2\/product\/52413\/revisions\/52451"}],"wp:featuredmedia":[{"embeddable":true,"href":"https:\/\/paracherkaoui.ma\/index.php\/wp-json\/wp\/v2\/media\/52450"}],"wp:attachment":[{"href":"https:\/\/paracherkaoui.ma\/index.php\/wp-json\/wp\/v2\/media?parent=52413"}],"wp:term":[{"taxonomy":"product_brand","embeddable":true,"href":"https:\/\/paracherkaoui.ma\/index.php\/wp-json\/wp\/v2\/product_brand?post=52413"},{"taxonomy":"product_cat","embeddable":true,"href":"https:\/\/paracherkaoui.ma\/index.php\/wp-json\/wp\/v2\/product_cat?post=52413"},{"taxonomy":"product_tag","embeddable":true,"href":"https:\/\/paracherkaoui.ma\/index.php\/wp-json\/wp\/v2\/product_tag?post=52413"}],"curies":[{"name":"wp","href":"https:\/\/api.w.org\/{rel}","templated":true}]}}