{"id":52407,"date":"2025-12-12T19:36:05","date_gmt":"2025-12-12T18:36:05","guid":{"rendered":"https:\/\/test.ecbeaute.com\/?post_type=product&#038;p=52407"},"modified":"2025-12-12T19:36:09","modified_gmt":"2025-12-12T18:36:09","slug":"promisemed-boite-de-100-lancettes-sterilles-pour-lecteur-de-glycemie-2","status":"publish","type":"product","link":"https:\/\/paracherkaoui.ma\/index.php\/produit\/promisemed-boite-de-100-lancettes-sterilles-pour-lecteur-de-glycemie-2\/","title":{"rendered":"PROMISEMED BOITE DE 100 LANCETTES STERILLES POUR LECTEUR DE GLYCEMIE"},"content":{"rendered":"<p>Lancettes Glucom\u00e8tre &#8211; 100 Unit\u00e9s Permettent de piquer le doigt sans douleur pour un test de glyc\u00e9mie (Il faut ajuster la profondeur de la lancette en fonction de son type de peau \u00e0 l&rsquo;aide des vitesses du stylo piqueur)<\/p>\n","protected":false},"excerpt":{"rendered":"<p>Lancettes Glucom\u00e8tre &#8211; 100 Unit\u00e9s Permettent de piquer le doigt sans douleur pour un test de glyc\u00e9mie (Il faut ajuster<\/p>\n","protected":false},"featured_media":52270,"comment_status":"open","ping_status":"closed","template":"","meta":[],"product_brand":[986],"product_cat":[991],"product_tag":[],"class_list":{"0":"post-52407","1":"product","2":"type-product","3":"status-publish","4":"has-post-thumbnail","6":"product_brand-promisemed","7":"product_cat-materiels-medicaux","9":"first","10":"instock","11":"sale","12":"shipping-taxable","13":"purchasable","14":"product-type-simple"},"yoast_head":"<!-- This site is optimized with the Yoast SEO plugin v26.6 - https:\/\/yoast.com\/wordpress\/plugins\/seo\/ -->\r\n<title>PROMISEMED BOITE DE 100 LANCETTES STERILLES POUR LECTEUR DE GLYCEMIE - Paracherkaoui.ma<\/title>\r\n<meta name=\"robots\" content=\"index, follow, max-snippet:-1, max-image-preview:large, max-video-preview:-1\" \/>\r\n<link rel=\"canonical\" href=\"https:\/\/paracherkaoui.ma\/index.php\/produit\/promisemed-boite-de-100-lancettes-sterilles-pour-lecteur-de-glycemie-2\/\" \/>\r\n<meta property=\"og:locale\" content=\"fr_FR\" \/>\r\n<meta property=\"og:type\" content=\"article\" \/>\r\n<meta property=\"og:title\" content=\"PROMISEMED BOITE DE 100 LANCETTES STERILLES POUR LECTEUR DE GLYCEMIE - Paracherkaoui.ma\" \/>\r\n<meta property=\"og:description\" content=\"Lancettes Glucom\u00e8tre &#8211; 100 Unit\u00e9s Permettent de piquer le doigt sans douleur pour un test de glyc\u00e9mie (Il faut ajuster\" \/>\r\n<meta property=\"og:url\" content=\"https:\/\/paracherkaoui.ma\/index.php\/produit\/promisemed-boite-de-100-lancettes-sterilles-pour-lecteur-de-glycemie-2\/\" \/>\r\n<meta property=\"og:site_name\" content=\"Paracherkaoui.ma\" \/>\r\n<meta property=\"article:modified_time\" content=\"2025-12-12T18:36:09+00:00\" \/>\r\n<meta property=\"og:image\" content=\"https:\/\/paracherkaoui.ma\/wp-content\/uploads\/2025\/12\/promisemed-promisemed-boite-de-100-lancettes-sterilles-pour-lecteur-de-glycemie-glycemie.jpg\" \/>\r\n\t<meta property=\"og:image:width\" content=\"700\" \/>\r\n\t<meta property=\"og:image:height\" content=\"700\" \/>\r\n\t<meta property=\"og:image:type\" content=\"image\/jpeg\" \/>\r\n<meta name=\"twitter:card\" content=\"summary_large_image\" \/>\r\n<script type=\"application\/ld+json\" class=\"yoast-schema-graph\">{\"@context\":\"https:\/\/schema.org\",\"@graph\":[{\"@type\":\"WebPage\",\"@id\":\"https:\/\/paracherkaoui.ma\/index.php\/produit\/promisemed-boite-de-100-lancettes-sterilles-pour-lecteur-de-glycemie-2\/\",\"url\":\"https:\/\/paracherkaoui.ma\/index.php\/produit\/promisemed-boite-de-100-lancettes-sterilles-pour-lecteur-de-glycemie-2\/\",\"name\":\"PROMISEMED BOITE DE 100 LANCETTES STERILLES POUR LECTEUR DE GLYCEMIE - Paracherkaoui.ma\",\"isPartOf\":{\"@id\":\"https:\/\/paracherkaoui.ma\/#website\"},\"primaryImageOfPage\":{\"@id\":\"https:\/\/paracherkaoui.ma\/index.php\/produit\/promisemed-boite-de-100-lancettes-sterilles-pour-lecteur-de-glycemie-2\/#primaryimage\"},\"image\":{\"@id\":\"https:\/\/paracherkaoui.ma\/index.php\/produit\/promisemed-boite-de-100-lancettes-sterilles-pour-lecteur-de-glycemie-2\/#primaryimage\"},\"thumbnailUrl\":\"https:\/\/paracherkaoui.ma\/wp-content\/uploads\/2025\/12\/promisemed-promisemed-boite-de-100-lancettes-sterilles-pour-lecteur-de-glycemie-glycemie.jpg\",\"datePublished\":\"2025-12-12T18:36:05+00:00\",\"dateModified\":\"2025-12-12T18:36:09+00:00\",\"breadcrumb\":{\"@id\":\"https:\/\/paracherkaoui.ma\/index.php\/produit\/promisemed-boite-de-100-lancettes-sterilles-pour-lecteur-de-glycemie-2\/#breadcrumb\"},\"inLanguage\":\"fr-FR\",\"potentialAction\":[{\"@type\":\"ReadAction\",\"target\":[\"https:\/\/paracherkaoui.ma\/index.php\/produit\/promisemed-boite-de-100-lancettes-sterilles-pour-lecteur-de-glycemie-2\/\"]}]},{\"@type\":\"ImageObject\",\"inLanguage\":\"fr-FR\",\"@id\":\"https:\/\/paracherkaoui.ma\/index.php\/produit\/promisemed-boite-de-100-lancettes-sterilles-pour-lecteur-de-glycemie-2\/#primaryimage\",\"url\":\"https:\/\/paracherkaoui.ma\/wp-content\/uploads\/2025\/12\/promisemed-promisemed-boite-de-100-lancettes-sterilles-pour-lecteur-de-glycemie-glycemie.jpg\",\"contentUrl\":\"https:\/\/paracherkaoui.ma\/wp-content\/uploads\/2025\/12\/promisemed-promisemed-boite-de-100-lancettes-sterilles-pour-lecteur-de-glycemie-glycemie.jpg\",\"width\":700,\"height\":700},{\"@type\":\"BreadcrumbList\",\"@id\":\"https:\/\/paracherkaoui.ma\/index.php\/produit\/promisemed-boite-de-100-lancettes-sterilles-pour-lecteur-de-glycemie-2\/#breadcrumb\",\"itemListElement\":[{\"@type\":\"ListItem\",\"position\":1,\"name\":\"Accueil\",\"item\":\"https:\/\/paracherkaoui.ma\/\"},{\"@type\":\"ListItem\",\"position\":2,\"name\":\"Boutique\",\"item\":\"https:\/\/paracherkaoui.ma\/index.php\/boutique\/\"},{\"@type\":\"ListItem\",\"position\":3,\"name\":\"PROMISEMED BOITE DE 100 LANCETTES STERILLES POUR LECTEUR DE GLYCEMIE\"}]},{\"@type\":\"WebSite\",\"@id\":\"https:\/\/paracherkaoui.ma\/#website\",\"url\":\"https:\/\/paracherkaoui.ma\/\",\"name\":\"Paracherkaoui.ma\",\"description\":\"Achetez en ligne sur Paracherkaoui.ma\",\"potentialAction\":[{\"@type\":\"SearchAction\",\"target\":{\"@type\":\"EntryPoint\",\"urlTemplate\":\"https:\/\/paracherkaoui.ma\/?s={search_term_string}\"},\"query-input\":{\"@type\":\"PropertyValueSpecification\",\"valueRequired\":true,\"valueName\":\"search_term_string\"}}],\"inLanguage\":\"fr-FR\"}]}<\/script>\r\n<!-- \/ Yoast SEO plugin. -->","yoast_head_json":{"title":"PROMISEMED BOITE DE 100 LANCETTES STERILLES POUR LECTEUR DE GLYCEMIE - Paracherkaoui.ma","robots":{"index":"index","follow":"follow","max-snippet":"max-snippet:-1","max-image-preview":"max-image-preview:large","max-video-preview":"max-video-preview:-1"},"canonical":"https:\/\/paracherkaoui.ma\/index.php\/produit\/promisemed-boite-de-100-lancettes-sterilles-pour-lecteur-de-glycemie-2\/","og_locale":"fr_FR","og_type":"article","og_title":"PROMISEMED BOITE DE 100 LANCETTES STERILLES POUR LECTEUR DE GLYCEMIE - Paracherkaoui.ma","og_description":"Lancettes Glucom\u00e8tre &#8211; 100 Unit\u00e9s Permettent de piquer le doigt sans douleur pour un test de glyc\u00e9mie (Il faut ajuster","og_url":"https:\/\/paracherkaoui.ma\/index.php\/produit\/promisemed-boite-de-100-lancettes-sterilles-pour-lecteur-de-glycemie-2\/","og_site_name":"Paracherkaoui.ma","article_modified_time":"2025-12-12T18:36:09+00:00","og_image":[{"width":700,"height":700,"url":"https:\/\/paracherkaoui.ma\/wp-content\/uploads\/2025\/12\/promisemed-promisemed-boite-de-100-lancettes-sterilles-pour-lecteur-de-glycemie-glycemie.jpg","type":"image\/jpeg"}],"twitter_card":"summary_large_image","schema":{"@context":"https:\/\/schema.org","@graph":[{"@type":"WebPage","@id":"https:\/\/paracherkaoui.ma\/index.php\/produit\/promisemed-boite-de-100-lancettes-sterilles-pour-lecteur-de-glycemie-2\/","url":"https:\/\/paracherkaoui.ma\/index.php\/produit\/promisemed-boite-de-100-lancettes-sterilles-pour-lecteur-de-glycemie-2\/","name":"PROMISEMED BOITE DE 100 LANCETTES STERILLES POUR LECTEUR DE GLYCEMIE - Paracherkaoui.ma","isPartOf":{"@id":"https:\/\/paracherkaoui.ma\/#website"},"primaryImageOfPage":{"@id":"https:\/\/paracherkaoui.ma\/index.php\/produit\/promisemed-boite-de-100-lancettes-sterilles-pour-lecteur-de-glycemie-2\/#primaryimage"},"image":{"@id":"https:\/\/paracherkaoui.ma\/index.php\/produit\/promisemed-boite-de-100-lancettes-sterilles-pour-lecteur-de-glycemie-2\/#primaryimage"},"thumbnailUrl":"https:\/\/paracherkaoui.ma\/wp-content\/uploads\/2025\/12\/promisemed-promisemed-boite-de-100-lancettes-sterilles-pour-lecteur-de-glycemie-glycemie.jpg","datePublished":"2025-12-12T18:36:05+00:00","dateModified":"2025-12-12T18:36:09+00:00","breadcrumb":{"@id":"https:\/\/paracherkaoui.ma\/index.php\/produit\/promisemed-boite-de-100-lancettes-sterilles-pour-lecteur-de-glycemie-2\/#breadcrumb"},"inLanguage":"fr-FR","potentialAction":[{"@type":"ReadAction","target":["https:\/\/paracherkaoui.ma\/index.php\/produit\/promisemed-boite-de-100-lancettes-sterilles-pour-lecteur-de-glycemie-2\/"]}]},{"@type":"ImageObject","inLanguage":"fr-FR","@id":"https:\/\/paracherkaoui.ma\/index.php\/produit\/promisemed-boite-de-100-lancettes-sterilles-pour-lecteur-de-glycemie-2\/#primaryimage","url":"https:\/\/paracherkaoui.ma\/wp-content\/uploads\/2025\/12\/promisemed-promisemed-boite-de-100-lancettes-sterilles-pour-lecteur-de-glycemie-glycemie.jpg","contentUrl":"https:\/\/paracherkaoui.ma\/wp-content\/uploads\/2025\/12\/promisemed-promisemed-boite-de-100-lancettes-sterilles-pour-lecteur-de-glycemie-glycemie.jpg","width":700,"height":700},{"@type":"BreadcrumbList","@id":"https:\/\/paracherkaoui.ma\/index.php\/produit\/promisemed-boite-de-100-lancettes-sterilles-pour-lecteur-de-glycemie-2\/#breadcrumb","itemListElement":[{"@type":"ListItem","position":1,"name":"Accueil","item":"https:\/\/paracherkaoui.ma\/"},{"@type":"ListItem","position":2,"name":"Boutique","item":"https:\/\/paracherkaoui.ma\/index.php\/boutique\/"},{"@type":"ListItem","position":3,"name":"PROMISEMED BOITE DE 100 LANCETTES STERILLES POUR LECTEUR DE GLYCEMIE"}]},{"@type":"WebSite","@id":"https:\/\/paracherkaoui.ma\/#website","url":"https:\/\/paracherkaoui.ma\/","name":"Paracherkaoui.ma","description":"Achetez en ligne sur Paracherkaoui.ma","potentialAction":[{"@type":"SearchAction","target":{"@type":"EntryPoint","urlTemplate":"https:\/\/paracherkaoui.ma\/?s={search_term_string}"},"query-input":{"@type":"PropertyValueSpecification","valueRequired":true,"valueName":"search_term_string"}}],"inLanguage":"fr-FR"}]}},"_links":{"self":[{"href":"https:\/\/paracherkaoui.ma\/index.php\/wp-json\/wp\/v2\/product\/52407","targetHints":{"allow":["GET"]}}],"collection":[{"href":"https:\/\/paracherkaoui.ma\/index.php\/wp-json\/wp\/v2\/product"}],"about":[{"href":"https:\/\/paracherkaoui.ma\/index.php\/wp-json\/wp\/v2\/types\/product"}],"replies":[{"embeddable":true,"href":"https:\/\/paracherkaoui.ma\/index.php\/wp-json\/wp\/v2\/comments?post=52407"}],"version-history":[{"count":1,"href":"https:\/\/paracherkaoui.ma\/index.php\/wp-json\/wp\/v2\/product\/52407\/revisions"}],"predecessor-version":[{"id":52443,"href":"https:\/\/paracherkaoui.ma\/index.php\/wp-json\/wp\/v2\/product\/52407\/revisions\/52443"}],"wp:featuredmedia":[{"embeddable":true,"href":"https:\/\/paracherkaoui.ma\/index.php\/wp-json\/wp\/v2\/media\/52270"}],"wp:attachment":[{"href":"https:\/\/paracherkaoui.ma\/index.php\/wp-json\/wp\/v2\/media?parent=52407"}],"wp:term":[{"taxonomy":"product_brand","embeddable":true,"href":"https:\/\/paracherkaoui.ma\/index.php\/wp-json\/wp\/v2\/product_brand?post=52407"},{"taxonomy":"product_cat","embeddable":true,"href":"https:\/\/paracherkaoui.ma\/index.php\/wp-json\/wp\/v2\/product_cat?post=52407"},{"taxonomy":"product_tag","embeddable":true,"href":"https:\/\/paracherkaoui.ma\/index.php\/wp-json\/wp\/v2\/product_tag?post=52407"}],"curies":[{"name":"wp","href":"https:\/\/api.w.org\/{rel}","templated":true}]}}