{"id":52329,"date":"2025-12-12T19:35:56","date_gmt":"2025-12-12T18:35:56","guid":{"rendered":"https:\/\/test.ecbeaute.com\/?post_type=product&#038;p=52329"},"modified":"2025-12-12T19:36:02","modified_gmt":"2025-12-12T18:36:02","slug":"omron-tensiometre-automatique-a-bras-m2-basic","status":"publish","type":"product","link":"https:\/\/paracherkaoui.ma\/index.php\/produit\/omron-tensiometre-automatique-a-bras-m2-basic\/","title":{"rendered":"OMRON TENSIOMETRE AUTOMATIQUE A BRAS M2 BASIC"},"content":{"rendered":"<p>Omron Tensiometre automatique \u00e0 bras M2 Basic<\/p>\n<p>Tensiometre automatique \u00e0 bras OMRON M2 Basic<br \/>\nLe tensiom\u00e8tre Omron M2 Basic est un appareil enti\u00e8rement \u00e9lectronique.<\/p>\n<p>Simple d&rsquo;utilisation, il est \u00e9quip\u00e9 d&rsquo;un unique bouton permettant une prise de mesure confortable gr\u00e2ce \u00e0 la technologie IntelliSense.<\/p>\n<p>Son \u00e9cran LCD affiche les valeurs suivantes : Systoles, Diastoles, Pouls.<br \/>\nAffichage d&rsquo;un indicateur de niveau de la pression art\u00e9rielle.<br \/>\nAffichage d&rsquo;un symbole des pulsations cardiaques.<\/p>\n<p>M\u00e9moire : rappel de la derni\u00e8re mesure.<\/p>\n","protected":false},"excerpt":{"rendered":"<p>Omron Tensiometre automatique \u00e0 bras M2 Basic Tensiometre automatique \u00e0 bras OMRON M2 Basic Le tensiom\u00e8tre Omron M2 Basic est<\/p>\n","protected":false},"featured_media":52374,"comment_status":"open","ping_status":"closed","template":"","meta":[],"product_brand":[978],"product_cat":[991],"product_tag":[],"class_list":{"0":"post-52329","1":"product","2":"type-product","3":"status-publish","4":"has-post-thumbnail","6":"product_brand-omron","7":"product_cat-materiels-medicaux","9":"first","10":"instock","11":"sale","12":"shipping-taxable","13":"purchasable","14":"product-type-simple"},"yoast_head":"<!-- This site is optimized with the Yoast SEO plugin v26.6 - https:\/\/yoast.com\/wordpress\/plugins\/seo\/ -->\r\n<title>OMRON TENSIOMETRE AUTOMATIQUE A BRAS M2 BASIC - Paracherkaoui.ma<\/title>\r\n<meta name=\"robots\" content=\"index, follow, max-snippet:-1, max-image-preview:large, max-video-preview:-1\" \/>\r\n<link rel=\"canonical\" href=\"https:\/\/paracherkaoui.ma\/index.php\/produit\/omron-tensiometre-automatique-a-bras-m2-basic\/\" \/>\r\n<meta property=\"og:locale\" content=\"fr_FR\" \/>\r\n<meta property=\"og:type\" content=\"article\" \/>\r\n<meta property=\"og:title\" content=\"OMRON TENSIOMETRE AUTOMATIQUE A BRAS M2 BASIC - Paracherkaoui.ma\" \/>\r\n<meta property=\"og:description\" content=\"Omron Tensiometre automatique \u00e0 bras M2 Basic Tensiometre automatique \u00e0 bras OMRON M2 Basic Le tensiom\u00e8tre Omron M2 Basic est\" \/>\r\n<meta property=\"og:url\" content=\"https:\/\/paracherkaoui.ma\/index.php\/produit\/omron-tensiometre-automatique-a-bras-m2-basic\/\" \/>\r\n<meta property=\"og:site_name\" content=\"Paracherkaoui.ma\" \/>\r\n<meta property=\"article:modified_time\" content=\"2025-12-12T18:36:02+00:00\" \/>\r\n<meta property=\"og:image\" content=\"https:\/\/paracherkaoui.ma\/wp-content\/uploads\/2025\/12\/omron-omron-tensiometre-automatique-a-bras-m2-basic-tensiometre.jpg\" \/>\r\n\t<meta property=\"og:image:width\" content=\"700\" \/>\r\n\t<meta property=\"og:image:height\" content=\"700\" \/>\r\n\t<meta property=\"og:image:type\" content=\"image\/jpeg\" \/>\r\n<meta name=\"twitter:card\" content=\"summary_large_image\" \/>\r\n<script type=\"application\/ld+json\" class=\"yoast-schema-graph\">{\"@context\":\"https:\/\/schema.org\",\"@graph\":[{\"@type\":\"WebPage\",\"@id\":\"https:\/\/paracherkaoui.ma\/index.php\/produit\/omron-tensiometre-automatique-a-bras-m2-basic\/\",\"url\":\"https:\/\/paracherkaoui.ma\/index.php\/produit\/omron-tensiometre-automatique-a-bras-m2-basic\/\",\"name\":\"OMRON TENSIOMETRE AUTOMATIQUE A BRAS M2 BASIC - Paracherkaoui.ma\",\"isPartOf\":{\"@id\":\"https:\/\/paracherkaoui.ma\/#website\"},\"primaryImageOfPage\":{\"@id\":\"https:\/\/paracherkaoui.ma\/index.php\/produit\/omron-tensiometre-automatique-a-bras-m2-basic\/#primaryimage\"},\"image\":{\"@id\":\"https:\/\/paracherkaoui.ma\/index.php\/produit\/omron-tensiometre-automatique-a-bras-m2-basic\/#primaryimage\"},\"thumbnailUrl\":\"https:\/\/paracherkaoui.ma\/wp-content\/uploads\/2025\/12\/omron-omron-tensiometre-automatique-a-bras-m2-basic-tensiometre.jpg\",\"datePublished\":\"2025-12-12T18:35:56+00:00\",\"dateModified\":\"2025-12-12T18:36:02+00:00\",\"breadcrumb\":{\"@id\":\"https:\/\/paracherkaoui.ma\/index.php\/produit\/omron-tensiometre-automatique-a-bras-m2-basic\/#breadcrumb\"},\"inLanguage\":\"fr-FR\",\"potentialAction\":[{\"@type\":\"ReadAction\",\"target\":[\"https:\/\/paracherkaoui.ma\/index.php\/produit\/omron-tensiometre-automatique-a-bras-m2-basic\/\"]}]},{\"@type\":\"ImageObject\",\"inLanguage\":\"fr-FR\",\"@id\":\"https:\/\/paracherkaoui.ma\/index.php\/produit\/omron-tensiometre-automatique-a-bras-m2-basic\/#primaryimage\",\"url\":\"https:\/\/paracherkaoui.ma\/wp-content\/uploads\/2025\/12\/omron-omron-tensiometre-automatique-a-bras-m2-basic-tensiometre.jpg\",\"contentUrl\":\"https:\/\/paracherkaoui.ma\/wp-content\/uploads\/2025\/12\/omron-omron-tensiometre-automatique-a-bras-m2-basic-tensiometre.jpg\",\"width\":700,\"height\":700},{\"@type\":\"BreadcrumbList\",\"@id\":\"https:\/\/paracherkaoui.ma\/index.php\/produit\/omron-tensiometre-automatique-a-bras-m2-basic\/#breadcrumb\",\"itemListElement\":[{\"@type\":\"ListItem\",\"position\":1,\"name\":\"Accueil\",\"item\":\"https:\/\/paracherkaoui.ma\/\"},{\"@type\":\"ListItem\",\"position\":2,\"name\":\"Boutique\",\"item\":\"https:\/\/paracherkaoui.ma\/index.php\/boutique\/\"},{\"@type\":\"ListItem\",\"position\":3,\"name\":\"OMRON TENSIOMETRE AUTOMATIQUE A BRAS M2 BASIC\"}]},{\"@type\":\"WebSite\",\"@id\":\"https:\/\/paracherkaoui.ma\/#website\",\"url\":\"https:\/\/paracherkaoui.ma\/\",\"name\":\"Paracherkaoui.ma\",\"description\":\"Achetez en ligne sur Paracherkaoui.ma\",\"potentialAction\":[{\"@type\":\"SearchAction\",\"target\":{\"@type\":\"EntryPoint\",\"urlTemplate\":\"https:\/\/paracherkaoui.ma\/?s={search_term_string}\"},\"query-input\":{\"@type\":\"PropertyValueSpecification\",\"valueRequired\":true,\"valueName\":\"search_term_string\"}}],\"inLanguage\":\"fr-FR\"}]}<\/script>\r\n<!-- \/ Yoast SEO plugin. -->","yoast_head_json":{"title":"OMRON TENSIOMETRE AUTOMATIQUE A BRAS M2 BASIC - Paracherkaoui.ma","robots":{"index":"index","follow":"follow","max-snippet":"max-snippet:-1","max-image-preview":"max-image-preview:large","max-video-preview":"max-video-preview:-1"},"canonical":"https:\/\/paracherkaoui.ma\/index.php\/produit\/omron-tensiometre-automatique-a-bras-m2-basic\/","og_locale":"fr_FR","og_type":"article","og_title":"OMRON TENSIOMETRE AUTOMATIQUE A BRAS M2 BASIC - Paracherkaoui.ma","og_description":"Omron Tensiometre automatique \u00e0 bras M2 Basic Tensiometre automatique \u00e0 bras OMRON M2 Basic Le tensiom\u00e8tre Omron M2 Basic est","og_url":"https:\/\/paracherkaoui.ma\/index.php\/produit\/omron-tensiometre-automatique-a-bras-m2-basic\/","og_site_name":"Paracherkaoui.ma","article_modified_time":"2025-12-12T18:36:02+00:00","og_image":[{"width":700,"height":700,"url":"https:\/\/paracherkaoui.ma\/wp-content\/uploads\/2025\/12\/omron-omron-tensiometre-automatique-a-bras-m2-basic-tensiometre.jpg","type":"image\/jpeg"}],"twitter_card":"summary_large_image","schema":{"@context":"https:\/\/schema.org","@graph":[{"@type":"WebPage","@id":"https:\/\/paracherkaoui.ma\/index.php\/produit\/omron-tensiometre-automatique-a-bras-m2-basic\/","url":"https:\/\/paracherkaoui.ma\/index.php\/produit\/omron-tensiometre-automatique-a-bras-m2-basic\/","name":"OMRON TENSIOMETRE AUTOMATIQUE A BRAS M2 BASIC - Paracherkaoui.ma","isPartOf":{"@id":"https:\/\/paracherkaoui.ma\/#website"},"primaryImageOfPage":{"@id":"https:\/\/paracherkaoui.ma\/index.php\/produit\/omron-tensiometre-automatique-a-bras-m2-basic\/#primaryimage"},"image":{"@id":"https:\/\/paracherkaoui.ma\/index.php\/produit\/omron-tensiometre-automatique-a-bras-m2-basic\/#primaryimage"},"thumbnailUrl":"https:\/\/paracherkaoui.ma\/wp-content\/uploads\/2025\/12\/omron-omron-tensiometre-automatique-a-bras-m2-basic-tensiometre.jpg","datePublished":"2025-12-12T18:35:56+00:00","dateModified":"2025-12-12T18:36:02+00:00","breadcrumb":{"@id":"https:\/\/paracherkaoui.ma\/index.php\/produit\/omron-tensiometre-automatique-a-bras-m2-basic\/#breadcrumb"},"inLanguage":"fr-FR","potentialAction":[{"@type":"ReadAction","target":["https:\/\/paracherkaoui.ma\/index.php\/produit\/omron-tensiometre-automatique-a-bras-m2-basic\/"]}]},{"@type":"ImageObject","inLanguage":"fr-FR","@id":"https:\/\/paracherkaoui.ma\/index.php\/produit\/omron-tensiometre-automatique-a-bras-m2-basic\/#primaryimage","url":"https:\/\/paracherkaoui.ma\/wp-content\/uploads\/2025\/12\/omron-omron-tensiometre-automatique-a-bras-m2-basic-tensiometre.jpg","contentUrl":"https:\/\/paracherkaoui.ma\/wp-content\/uploads\/2025\/12\/omron-omron-tensiometre-automatique-a-bras-m2-basic-tensiometre.jpg","width":700,"height":700},{"@type":"BreadcrumbList","@id":"https:\/\/paracherkaoui.ma\/index.php\/produit\/omron-tensiometre-automatique-a-bras-m2-basic\/#breadcrumb","itemListElement":[{"@type":"ListItem","position":1,"name":"Accueil","item":"https:\/\/paracherkaoui.ma\/"},{"@type":"ListItem","position":2,"name":"Boutique","item":"https:\/\/paracherkaoui.ma\/index.php\/boutique\/"},{"@type":"ListItem","position":3,"name":"OMRON TENSIOMETRE AUTOMATIQUE A BRAS M2 BASIC"}]},{"@type":"WebSite","@id":"https:\/\/paracherkaoui.ma\/#website","url":"https:\/\/paracherkaoui.ma\/","name":"Paracherkaoui.ma","description":"Achetez en ligne sur Paracherkaoui.ma","potentialAction":[{"@type":"SearchAction","target":{"@type":"EntryPoint","urlTemplate":"https:\/\/paracherkaoui.ma\/?s={search_term_string}"},"query-input":{"@type":"PropertyValueSpecification","valueRequired":true,"valueName":"search_term_string"}}],"inLanguage":"fr-FR"}]}},"_links":{"self":[{"href":"https:\/\/paracherkaoui.ma\/index.php\/wp-json\/wp\/v2\/product\/52329","targetHints":{"allow":["GET"]}}],"collection":[{"href":"https:\/\/paracherkaoui.ma\/index.php\/wp-json\/wp\/v2\/product"}],"about":[{"href":"https:\/\/paracherkaoui.ma\/index.php\/wp-json\/wp\/v2\/types\/product"}],"replies":[{"embeddable":true,"href":"https:\/\/paracherkaoui.ma\/index.php\/wp-json\/wp\/v2\/comments?post=52329"}],"version-history":[{"count":1,"href":"https:\/\/paracherkaoui.ma\/index.php\/wp-json\/wp\/v2\/product\/52329\/revisions"}],"predecessor-version":[{"id":52375,"href":"https:\/\/paracherkaoui.ma\/index.php\/wp-json\/wp\/v2\/product\/52329\/revisions\/52375"}],"wp:featuredmedia":[{"embeddable":true,"href":"https:\/\/paracherkaoui.ma\/index.php\/wp-json\/wp\/v2\/media\/52374"}],"wp:attachment":[{"href":"https:\/\/paracherkaoui.ma\/index.php\/wp-json\/wp\/v2\/media?parent=52329"}],"wp:term":[{"taxonomy":"product_brand","embeddable":true,"href":"https:\/\/paracherkaoui.ma\/index.php\/wp-json\/wp\/v2\/product_brand?post=52329"},{"taxonomy":"product_cat","embeddable":true,"href":"https:\/\/paracherkaoui.ma\/index.php\/wp-json\/wp\/v2\/product_cat?post=52329"},{"taxonomy":"product_tag","embeddable":true,"href":"https:\/\/paracherkaoui.ma\/index.php\/wp-json\/wp\/v2\/product_tag?post=52329"}],"curies":[{"name":"wp","href":"https:\/\/api.w.org\/{rel}","templated":true}]}}