{"id":52328,"date":"2025-12-12T19:35:55","date_gmt":"2025-12-12T18:35:55","guid":{"rendered":"https:\/\/test.ecbeaute.com\/?post_type=product&#038;p=52328"},"modified":"2025-12-12T19:36:02","modified_gmt":"2025-12-12T18:36:02","slug":"accu-chek-active-test-rapide-glycemie-25-bandelettes-reactives","status":"publish","type":"product","link":"https:\/\/paracherkaoui.ma\/index.php\/produit\/accu-chek-active-test-rapide-glycemie-25-bandelettes-reactives\/","title":{"rendered":"ACCU CHEK ACTIVE TEST RAPIDE GLYCEMIE 25 BANDELETTES REACTIVES"},"content":{"rendered":"<p>Description:<br \/>\nTous les lecteurs de glyc\u00e9mie de la famille Accu-Chek Active utilisent des bandelettes con\u00e7ues aux personnes qui ont besoin d\u2019un syst\u00e8me instantan\u00e9 et simple\u00a0Application de sang facile:\u00a0Les larges bandelettes touchables n\u00e9cessitent un petit \u00e9chantillon de sang de 1-2 micro litres.Alerte d\u2019expiration:\u00a0Pour vous aider \u00e0 garantir des r\u00e9sultats fiables, le lecteur v\u00e9rifie la date d\u2019expiration de la bandelette par le biais de la puce de calibration et vous alerte en cas o\u00f9 la bandelette est d\u00e9j\u00e0 expir\u00e9e.D\u00e9tection du sous-dosage :\u00a0Le syst\u00e8me vous indique qu\u2019une quantit\u00e9 additionnelle de sang est requise.\u00a0Possibilit\u00e9 de r\u00e9-dosage:\u00a0Avec les bandelettes Accu-Chek Active, le r\u00e9-dosage dans le lecteur est possible dans un d\u00e9lai de 5 secondes.Double Contr\u00f4le visuel:\u00a0Ceci est possible en comparant la coloration de la fen\u00eatre de contr\u00f4le de la bandelette avec les couleurs qui se trouvent sur le flacon.Le r\u00e9-dosage en dehors du lecteur est possible dans 15 secondes.<\/p>\n<p>Conseils d\u2019utilisation:<br \/>\nVous pouvez appliquer le sang sur la bandelette \u00e0 l\u2019int\u00e9rieur ou en dehors du lecteur. Choisir l\u2019option qui vous convient.Quand vous prenez une bandelette du flacon, n\u2019oubliez pas de bien le fermer imm\u00e9diatement en vue de conserver la qualit\u00e9 de la bandelette.<\/p>\n","protected":false},"excerpt":{"rendered":"<p>Description: Tous les lecteurs de glyc\u00e9mie de la famille Accu-Chek Active utilisent des bandelettes con\u00e7ues aux personnes qui ont besoin<\/p>\n","protected":false},"featured_media":52372,"comment_status":"open","ping_status":"closed","template":"","meta":[],"product_brand":[992],"product_cat":[991],"product_tag":[],"class_list":{"0":"post-52328","1":"product","2":"type-product","3":"status-publish","4":"has-post-thumbnail","6":"product_brand-accu-check","7":"product_cat-materiels-medicaux","9":"first","10":"instock","11":"shipping-taxable","12":"purchasable","13":"product-type-simple"},"yoast_head":"<!-- This site is optimized with the Yoast SEO plugin v26.6 - https:\/\/yoast.com\/wordpress\/plugins\/seo\/ -->\r\n<title>ACCU CHEK ACTIVE TEST RAPIDE GLYCEMIE 25 BANDELETTES REACTIVES - Paracherkaoui.ma<\/title>\r\n<meta name=\"robots\" content=\"index, follow, max-snippet:-1, max-image-preview:large, max-video-preview:-1\" \/>\r\n<link rel=\"canonical\" href=\"https:\/\/paracherkaoui.ma\/index.php\/produit\/accu-chek-active-test-rapide-glycemie-25-bandelettes-reactives\/\" \/>\r\n<meta property=\"og:locale\" content=\"fr_FR\" \/>\r\n<meta property=\"og:type\" content=\"article\" \/>\r\n<meta property=\"og:title\" content=\"ACCU CHEK ACTIVE TEST RAPIDE GLYCEMIE 25 BANDELETTES REACTIVES - Paracherkaoui.ma\" \/>\r\n<meta property=\"og:description\" content=\"Description: Tous les lecteurs de glyc\u00e9mie de la famille Accu-Chek Active utilisent des bandelettes con\u00e7ues aux personnes qui ont besoin\" \/>\r\n<meta property=\"og:url\" content=\"https:\/\/paracherkaoui.ma\/index.php\/produit\/accu-chek-active-test-rapide-glycemie-25-bandelettes-reactives\/\" \/>\r\n<meta property=\"og:site_name\" content=\"Paracherkaoui.ma\" \/>\r\n<meta property=\"article:modified_time\" content=\"2025-12-12T18:36:02+00:00\" \/>\r\n<meta property=\"og:image\" content=\"https:\/\/paracherkaoui.ma\/wp-content\/uploads\/2025\/12\/accu-check-accu-chek-active-test-rapide-glycemie-25-bandelettes-reactives-glycemie.jpg\" \/>\r\n\t<meta property=\"og:image:width\" content=\"700\" \/>\r\n\t<meta property=\"og:image:height\" content=\"700\" \/>\r\n\t<meta property=\"og:image:type\" content=\"image\/jpeg\" \/>\r\n<meta name=\"twitter:card\" content=\"summary_large_image\" \/>\r\n<meta name=\"twitter:label1\" content=\"Dur\u00e9e de lecture estim\u00e9e\" \/>\n\t<meta name=\"twitter:data1\" content=\"1 minute\" \/>\r\n<script type=\"application\/ld+json\" class=\"yoast-schema-graph\">{\"@context\":\"https:\/\/schema.org\",\"@graph\":[{\"@type\":\"WebPage\",\"@id\":\"https:\/\/paracherkaoui.ma\/index.php\/produit\/accu-chek-active-test-rapide-glycemie-25-bandelettes-reactives\/\",\"url\":\"https:\/\/paracherkaoui.ma\/index.php\/produit\/accu-chek-active-test-rapide-glycemie-25-bandelettes-reactives\/\",\"name\":\"ACCU CHEK ACTIVE TEST RAPIDE GLYCEMIE 25 BANDELETTES REACTIVES - Paracherkaoui.ma\",\"isPartOf\":{\"@id\":\"https:\/\/paracherkaoui.ma\/#website\"},\"primaryImageOfPage\":{\"@id\":\"https:\/\/paracherkaoui.ma\/index.php\/produit\/accu-chek-active-test-rapide-glycemie-25-bandelettes-reactives\/#primaryimage\"},\"image\":{\"@id\":\"https:\/\/paracherkaoui.ma\/index.php\/produit\/accu-chek-active-test-rapide-glycemie-25-bandelettes-reactives\/#primaryimage\"},\"thumbnailUrl\":\"https:\/\/paracherkaoui.ma\/wp-content\/uploads\/2025\/12\/accu-check-accu-chek-active-test-rapide-glycemie-25-bandelettes-reactives-glycemie.jpg\",\"datePublished\":\"2025-12-12T18:35:55+00:00\",\"dateModified\":\"2025-12-12T18:36:02+00:00\",\"breadcrumb\":{\"@id\":\"https:\/\/paracherkaoui.ma\/index.php\/produit\/accu-chek-active-test-rapide-glycemie-25-bandelettes-reactives\/#breadcrumb\"},\"inLanguage\":\"fr-FR\",\"potentialAction\":[{\"@type\":\"ReadAction\",\"target\":[\"https:\/\/paracherkaoui.ma\/index.php\/produit\/accu-chek-active-test-rapide-glycemie-25-bandelettes-reactives\/\"]}]},{\"@type\":\"ImageObject\",\"inLanguage\":\"fr-FR\",\"@id\":\"https:\/\/paracherkaoui.ma\/index.php\/produit\/accu-chek-active-test-rapide-glycemie-25-bandelettes-reactives\/#primaryimage\",\"url\":\"https:\/\/paracherkaoui.ma\/wp-content\/uploads\/2025\/12\/accu-check-accu-chek-active-test-rapide-glycemie-25-bandelettes-reactives-glycemie.jpg\",\"contentUrl\":\"https:\/\/paracherkaoui.ma\/wp-content\/uploads\/2025\/12\/accu-check-accu-chek-active-test-rapide-glycemie-25-bandelettes-reactives-glycemie.jpg\",\"width\":700,\"height\":700},{\"@type\":\"BreadcrumbList\",\"@id\":\"https:\/\/paracherkaoui.ma\/index.php\/produit\/accu-chek-active-test-rapide-glycemie-25-bandelettes-reactives\/#breadcrumb\",\"itemListElement\":[{\"@type\":\"ListItem\",\"position\":1,\"name\":\"Accueil\",\"item\":\"https:\/\/paracherkaoui.ma\/\"},{\"@type\":\"ListItem\",\"position\":2,\"name\":\"Boutique\",\"item\":\"https:\/\/paracherkaoui.ma\/index.php\/boutique\/\"},{\"@type\":\"ListItem\",\"position\":3,\"name\":\"ACCU CHEK ACTIVE TEST RAPIDE GLYCEMIE 25 BANDELETTES REACTIVES\"}]},{\"@type\":\"WebSite\",\"@id\":\"https:\/\/paracherkaoui.ma\/#website\",\"url\":\"https:\/\/paracherkaoui.ma\/\",\"name\":\"Paracherkaoui.ma\",\"description\":\"Achetez en ligne sur Paracherkaoui.ma\",\"potentialAction\":[{\"@type\":\"SearchAction\",\"target\":{\"@type\":\"EntryPoint\",\"urlTemplate\":\"https:\/\/paracherkaoui.ma\/?s={search_term_string}\"},\"query-input\":{\"@type\":\"PropertyValueSpecification\",\"valueRequired\":true,\"valueName\":\"search_term_string\"}}],\"inLanguage\":\"fr-FR\"}]}<\/script>\r\n<!-- \/ Yoast SEO plugin. -->","yoast_head_json":{"title":"ACCU CHEK ACTIVE TEST RAPIDE GLYCEMIE 25 BANDELETTES REACTIVES - Paracherkaoui.ma","robots":{"index":"index","follow":"follow","max-snippet":"max-snippet:-1","max-image-preview":"max-image-preview:large","max-video-preview":"max-video-preview:-1"},"canonical":"https:\/\/paracherkaoui.ma\/index.php\/produit\/accu-chek-active-test-rapide-glycemie-25-bandelettes-reactives\/","og_locale":"fr_FR","og_type":"article","og_title":"ACCU CHEK ACTIVE TEST RAPIDE GLYCEMIE 25 BANDELETTES REACTIVES - Paracherkaoui.ma","og_description":"Description: Tous les lecteurs de glyc\u00e9mie de la famille Accu-Chek Active utilisent des bandelettes con\u00e7ues aux personnes qui ont besoin","og_url":"https:\/\/paracherkaoui.ma\/index.php\/produit\/accu-chek-active-test-rapide-glycemie-25-bandelettes-reactives\/","og_site_name":"Paracherkaoui.ma","article_modified_time":"2025-12-12T18:36:02+00:00","og_image":[{"width":700,"height":700,"url":"https:\/\/paracherkaoui.ma\/wp-content\/uploads\/2025\/12\/accu-check-accu-chek-active-test-rapide-glycemie-25-bandelettes-reactives-glycemie.jpg","type":"image\/jpeg"}],"twitter_card":"summary_large_image","twitter_misc":{"Dur\u00e9e de lecture estim\u00e9e":"1 minute"},"schema":{"@context":"https:\/\/schema.org","@graph":[{"@type":"WebPage","@id":"https:\/\/paracherkaoui.ma\/index.php\/produit\/accu-chek-active-test-rapide-glycemie-25-bandelettes-reactives\/","url":"https:\/\/paracherkaoui.ma\/index.php\/produit\/accu-chek-active-test-rapide-glycemie-25-bandelettes-reactives\/","name":"ACCU CHEK ACTIVE TEST RAPIDE GLYCEMIE 25 BANDELETTES REACTIVES - Paracherkaoui.ma","isPartOf":{"@id":"https:\/\/paracherkaoui.ma\/#website"},"primaryImageOfPage":{"@id":"https:\/\/paracherkaoui.ma\/index.php\/produit\/accu-chek-active-test-rapide-glycemie-25-bandelettes-reactives\/#primaryimage"},"image":{"@id":"https:\/\/paracherkaoui.ma\/index.php\/produit\/accu-chek-active-test-rapide-glycemie-25-bandelettes-reactives\/#primaryimage"},"thumbnailUrl":"https:\/\/paracherkaoui.ma\/wp-content\/uploads\/2025\/12\/accu-check-accu-chek-active-test-rapide-glycemie-25-bandelettes-reactives-glycemie.jpg","datePublished":"2025-12-12T18:35:55+00:00","dateModified":"2025-12-12T18:36:02+00:00","breadcrumb":{"@id":"https:\/\/paracherkaoui.ma\/index.php\/produit\/accu-chek-active-test-rapide-glycemie-25-bandelettes-reactives\/#breadcrumb"},"inLanguage":"fr-FR","potentialAction":[{"@type":"ReadAction","target":["https:\/\/paracherkaoui.ma\/index.php\/produit\/accu-chek-active-test-rapide-glycemie-25-bandelettes-reactives\/"]}]},{"@type":"ImageObject","inLanguage":"fr-FR","@id":"https:\/\/paracherkaoui.ma\/index.php\/produit\/accu-chek-active-test-rapide-glycemie-25-bandelettes-reactives\/#primaryimage","url":"https:\/\/paracherkaoui.ma\/wp-content\/uploads\/2025\/12\/accu-check-accu-chek-active-test-rapide-glycemie-25-bandelettes-reactives-glycemie.jpg","contentUrl":"https:\/\/paracherkaoui.ma\/wp-content\/uploads\/2025\/12\/accu-check-accu-chek-active-test-rapide-glycemie-25-bandelettes-reactives-glycemie.jpg","width":700,"height":700},{"@type":"BreadcrumbList","@id":"https:\/\/paracherkaoui.ma\/index.php\/produit\/accu-chek-active-test-rapide-glycemie-25-bandelettes-reactives\/#breadcrumb","itemListElement":[{"@type":"ListItem","position":1,"name":"Accueil","item":"https:\/\/paracherkaoui.ma\/"},{"@type":"ListItem","position":2,"name":"Boutique","item":"https:\/\/paracherkaoui.ma\/index.php\/boutique\/"},{"@type":"ListItem","position":3,"name":"ACCU CHEK ACTIVE TEST RAPIDE GLYCEMIE 25 BANDELETTES REACTIVES"}]},{"@type":"WebSite","@id":"https:\/\/paracherkaoui.ma\/#website","url":"https:\/\/paracherkaoui.ma\/","name":"Paracherkaoui.ma","description":"Achetez en ligne sur Paracherkaoui.ma","potentialAction":[{"@type":"SearchAction","target":{"@type":"EntryPoint","urlTemplate":"https:\/\/paracherkaoui.ma\/?s={search_term_string}"},"query-input":{"@type":"PropertyValueSpecification","valueRequired":true,"valueName":"search_term_string"}}],"inLanguage":"fr-FR"}]}},"_links":{"self":[{"href":"https:\/\/paracherkaoui.ma\/index.php\/wp-json\/wp\/v2\/product\/52328","targetHints":{"allow":["GET"]}}],"collection":[{"href":"https:\/\/paracherkaoui.ma\/index.php\/wp-json\/wp\/v2\/product"}],"about":[{"href":"https:\/\/paracherkaoui.ma\/index.php\/wp-json\/wp\/v2\/types\/product"}],"replies":[{"embeddable":true,"href":"https:\/\/paracherkaoui.ma\/index.php\/wp-json\/wp\/v2\/comments?post=52328"}],"version-history":[{"count":1,"href":"https:\/\/paracherkaoui.ma\/index.php\/wp-json\/wp\/v2\/product\/52328\/revisions"}],"predecessor-version":[{"id":52373,"href":"https:\/\/paracherkaoui.ma\/index.php\/wp-json\/wp\/v2\/product\/52328\/revisions\/52373"}],"wp:featuredmedia":[{"embeddable":true,"href":"https:\/\/paracherkaoui.ma\/index.php\/wp-json\/wp\/v2\/media\/52372"}],"wp:attachment":[{"href":"https:\/\/paracherkaoui.ma\/index.php\/wp-json\/wp\/v2\/media?parent=52328"}],"wp:term":[{"taxonomy":"product_brand","embeddable":true,"href":"https:\/\/paracherkaoui.ma\/index.php\/wp-json\/wp\/v2\/product_brand?post=52328"},{"taxonomy":"product_cat","embeddable":true,"href":"https:\/\/paracherkaoui.ma\/index.php\/wp-json\/wp\/v2\/product_cat?post=52328"},{"taxonomy":"product_tag","embeddable":true,"href":"https:\/\/paracherkaoui.ma\/index.php\/wp-json\/wp\/v2\/product_tag?post=52328"}],"curies":[{"name":"wp","href":"https:\/\/api.w.org\/{rel}","templated":true}]}}