{"id":52322,"date":"2025-12-12T19:35:55","date_gmt":"2025-12-12T18:35:55","guid":{"rendered":"https:\/\/test.ecbeaute.com\/?post_type=product&#038;p=52322"},"modified":"2025-12-12T19:36:00","modified_gmt":"2025-12-12T18:36:00","slug":"hartmann-thermometre-electronique-thermoval-2","status":"publish","type":"product","link":"https:\/\/paracherkaoui.ma\/index.php\/produit\/hartmann-thermometre-electronique-thermoval-2\/","title":{"rendered":"HARTMANN Thermom\u00e8tre \u00e9lectronique Thermoval\u00ae"},"content":{"rendered":"<p>Thermom\u00e8tre \u00e9lectronique pour une mesure de la temp\u00e9rature rectale, buccale et axillaire avec sonde \u00e9tanche \u00e0 usage m\u00e9dical avec dispositif \u00e0 maximum, comportant une sonde de temp\u00e9rature et un ensemble indicateur reli\u00e9 de fa\u00e7on permanente l&rsquo;un \u00e0 l&rsquo;autre. Temps de mesure : 1 min. env<\/p>\n","protected":false},"excerpt":{"rendered":"<p>Thermom\u00e8tre \u00e9lectronique pour une mesure de la temp\u00e9rature rectale, buccale et axillaire avec sonde \u00e9tanche \u00e0 usage m\u00e9dical avec dispositif<\/p>\n","protected":false},"featured_media":52100,"comment_status":"open","ping_status":"closed","template":"","meta":[],"product_brand":[645],"product_cat":[991],"product_tag":[],"class_list":{"0":"post-52322","1":"product","2":"type-product","3":"status-publish","4":"has-post-thumbnail","6":"product_brand-hartmann","7":"product_cat-materiels-medicaux","9":"first","10":"instock","11":"sale","12":"shipping-taxable","13":"purchasable","14":"product-type-simple"},"yoast_head":"<!-- This site is optimized with the Yoast SEO plugin v26.6 - https:\/\/yoast.com\/wordpress\/plugins\/seo\/ -->\r\n<title>HARTMANN Thermom\u00e8tre \u00e9lectronique Thermoval\u00ae - Paracherkaoui.ma<\/title>\r\n<meta name=\"robots\" content=\"index, follow, max-snippet:-1, max-image-preview:large, max-video-preview:-1\" \/>\r\n<link rel=\"canonical\" href=\"https:\/\/paracherkaoui.ma\/index.php\/produit\/hartmann-thermometre-electronique-thermoval-2\/\" \/>\r\n<meta property=\"og:locale\" content=\"fr_FR\" \/>\r\n<meta property=\"og:type\" content=\"article\" \/>\r\n<meta property=\"og:title\" content=\"HARTMANN Thermom\u00e8tre \u00e9lectronique Thermoval\u00ae - Paracherkaoui.ma\" \/>\r\n<meta property=\"og:description\" content=\"Thermom\u00e8tre \u00e9lectronique pour une mesure de la temp\u00e9rature rectale, buccale et axillaire avec sonde \u00e9tanche \u00e0 usage m\u00e9dical avec dispositif\" \/>\r\n<meta property=\"og:url\" content=\"https:\/\/paracherkaoui.ma\/index.php\/produit\/hartmann-thermometre-electronique-thermoval-2\/\" \/>\r\n<meta property=\"og:site_name\" content=\"Paracherkaoui.ma\" \/>\r\n<meta property=\"article:modified_time\" content=\"2025-12-12T18:36:00+00:00\" \/>\r\n<meta property=\"og:image\" content=\"https:\/\/paracherkaoui.ma\/wp-content\/uploads\/2025\/12\/hartmann-hartmann-thermometre-electronique-thermovalr-sante.jpg\" \/>\r\n\t<meta property=\"og:image:width\" content=\"700\" \/>\r\n\t<meta property=\"og:image:height\" content=\"700\" \/>\r\n\t<meta property=\"og:image:type\" content=\"image\/jpeg\" \/>\r\n<meta name=\"twitter:card\" content=\"summary_large_image\" \/>\r\n<script type=\"application\/ld+json\" class=\"yoast-schema-graph\">{\"@context\":\"https:\/\/schema.org\",\"@graph\":[{\"@type\":\"WebPage\",\"@id\":\"https:\/\/paracherkaoui.ma\/index.php\/produit\/hartmann-thermometre-electronique-thermoval-2\/\",\"url\":\"https:\/\/paracherkaoui.ma\/index.php\/produit\/hartmann-thermometre-electronique-thermoval-2\/\",\"name\":\"HARTMANN Thermom\u00e8tre \u00e9lectronique Thermoval\u00ae - Paracherkaoui.ma\",\"isPartOf\":{\"@id\":\"https:\/\/paracherkaoui.ma\/#website\"},\"primaryImageOfPage\":{\"@id\":\"https:\/\/paracherkaoui.ma\/index.php\/produit\/hartmann-thermometre-electronique-thermoval-2\/#primaryimage\"},\"image\":{\"@id\":\"https:\/\/paracherkaoui.ma\/index.php\/produit\/hartmann-thermometre-electronique-thermoval-2\/#primaryimage\"},\"thumbnailUrl\":\"https:\/\/paracherkaoui.ma\/wp-content\/uploads\/2025\/12\/hartmann-hartmann-thermometre-electronique-thermovalr-sante.jpg\",\"datePublished\":\"2025-12-12T18:35:55+00:00\",\"dateModified\":\"2025-12-12T18:36:00+00:00\",\"breadcrumb\":{\"@id\":\"https:\/\/paracherkaoui.ma\/index.php\/produit\/hartmann-thermometre-electronique-thermoval-2\/#breadcrumb\"},\"inLanguage\":\"fr-FR\",\"potentialAction\":[{\"@type\":\"ReadAction\",\"target\":[\"https:\/\/paracherkaoui.ma\/index.php\/produit\/hartmann-thermometre-electronique-thermoval-2\/\"]}]},{\"@type\":\"ImageObject\",\"inLanguage\":\"fr-FR\",\"@id\":\"https:\/\/paracherkaoui.ma\/index.php\/produit\/hartmann-thermometre-electronique-thermoval-2\/#primaryimage\",\"url\":\"https:\/\/paracherkaoui.ma\/wp-content\/uploads\/2025\/12\/hartmann-hartmann-thermometre-electronique-thermovalr-sante.jpg\",\"contentUrl\":\"https:\/\/paracherkaoui.ma\/wp-content\/uploads\/2025\/12\/hartmann-hartmann-thermometre-electronique-thermovalr-sante.jpg\",\"width\":700,\"height\":700},{\"@type\":\"BreadcrumbList\",\"@id\":\"https:\/\/paracherkaoui.ma\/index.php\/produit\/hartmann-thermometre-electronique-thermoval-2\/#breadcrumb\",\"itemListElement\":[{\"@type\":\"ListItem\",\"position\":1,\"name\":\"Accueil\",\"item\":\"https:\/\/paracherkaoui.ma\/\"},{\"@type\":\"ListItem\",\"position\":2,\"name\":\"Boutique\",\"item\":\"https:\/\/paracherkaoui.ma\/index.php\/boutique\/\"},{\"@type\":\"ListItem\",\"position\":3,\"name\":\"HARTMANN Thermom\u00e8tre \u00e9lectronique Thermoval\u00ae\"}]},{\"@type\":\"WebSite\",\"@id\":\"https:\/\/paracherkaoui.ma\/#website\",\"url\":\"https:\/\/paracherkaoui.ma\/\",\"name\":\"Paracherkaoui.ma\",\"description\":\"Achetez en ligne sur Paracherkaoui.ma\",\"potentialAction\":[{\"@type\":\"SearchAction\",\"target\":{\"@type\":\"EntryPoint\",\"urlTemplate\":\"https:\/\/paracherkaoui.ma\/?s={search_term_string}\"},\"query-input\":{\"@type\":\"PropertyValueSpecification\",\"valueRequired\":true,\"valueName\":\"search_term_string\"}}],\"inLanguage\":\"fr-FR\"}]}<\/script>\r\n<!-- \/ Yoast SEO plugin. -->","yoast_head_json":{"title":"HARTMANN Thermom\u00e8tre \u00e9lectronique Thermoval\u00ae - Paracherkaoui.ma","robots":{"index":"index","follow":"follow","max-snippet":"max-snippet:-1","max-image-preview":"max-image-preview:large","max-video-preview":"max-video-preview:-1"},"canonical":"https:\/\/paracherkaoui.ma\/index.php\/produit\/hartmann-thermometre-electronique-thermoval-2\/","og_locale":"fr_FR","og_type":"article","og_title":"HARTMANN Thermom\u00e8tre \u00e9lectronique Thermoval\u00ae - Paracherkaoui.ma","og_description":"Thermom\u00e8tre \u00e9lectronique pour une mesure de la temp\u00e9rature rectale, buccale et axillaire avec sonde \u00e9tanche \u00e0 usage m\u00e9dical avec dispositif","og_url":"https:\/\/paracherkaoui.ma\/index.php\/produit\/hartmann-thermometre-electronique-thermoval-2\/","og_site_name":"Paracherkaoui.ma","article_modified_time":"2025-12-12T18:36:00+00:00","og_image":[{"width":700,"height":700,"url":"https:\/\/paracherkaoui.ma\/wp-content\/uploads\/2025\/12\/hartmann-hartmann-thermometre-electronique-thermovalr-sante.jpg","type":"image\/jpeg"}],"twitter_card":"summary_large_image","schema":{"@context":"https:\/\/schema.org","@graph":[{"@type":"WebPage","@id":"https:\/\/paracherkaoui.ma\/index.php\/produit\/hartmann-thermometre-electronique-thermoval-2\/","url":"https:\/\/paracherkaoui.ma\/index.php\/produit\/hartmann-thermometre-electronique-thermoval-2\/","name":"HARTMANN Thermom\u00e8tre \u00e9lectronique Thermoval\u00ae - Paracherkaoui.ma","isPartOf":{"@id":"https:\/\/paracherkaoui.ma\/#website"},"primaryImageOfPage":{"@id":"https:\/\/paracherkaoui.ma\/index.php\/produit\/hartmann-thermometre-electronique-thermoval-2\/#primaryimage"},"image":{"@id":"https:\/\/paracherkaoui.ma\/index.php\/produit\/hartmann-thermometre-electronique-thermoval-2\/#primaryimage"},"thumbnailUrl":"https:\/\/paracherkaoui.ma\/wp-content\/uploads\/2025\/12\/hartmann-hartmann-thermometre-electronique-thermovalr-sante.jpg","datePublished":"2025-12-12T18:35:55+00:00","dateModified":"2025-12-12T18:36:00+00:00","breadcrumb":{"@id":"https:\/\/paracherkaoui.ma\/index.php\/produit\/hartmann-thermometre-electronique-thermoval-2\/#breadcrumb"},"inLanguage":"fr-FR","potentialAction":[{"@type":"ReadAction","target":["https:\/\/paracherkaoui.ma\/index.php\/produit\/hartmann-thermometre-electronique-thermoval-2\/"]}]},{"@type":"ImageObject","inLanguage":"fr-FR","@id":"https:\/\/paracherkaoui.ma\/index.php\/produit\/hartmann-thermometre-electronique-thermoval-2\/#primaryimage","url":"https:\/\/paracherkaoui.ma\/wp-content\/uploads\/2025\/12\/hartmann-hartmann-thermometre-electronique-thermovalr-sante.jpg","contentUrl":"https:\/\/paracherkaoui.ma\/wp-content\/uploads\/2025\/12\/hartmann-hartmann-thermometre-electronique-thermovalr-sante.jpg","width":700,"height":700},{"@type":"BreadcrumbList","@id":"https:\/\/paracherkaoui.ma\/index.php\/produit\/hartmann-thermometre-electronique-thermoval-2\/#breadcrumb","itemListElement":[{"@type":"ListItem","position":1,"name":"Accueil","item":"https:\/\/paracherkaoui.ma\/"},{"@type":"ListItem","position":2,"name":"Boutique","item":"https:\/\/paracherkaoui.ma\/index.php\/boutique\/"},{"@type":"ListItem","position":3,"name":"HARTMANN Thermom\u00e8tre \u00e9lectronique Thermoval\u00ae"}]},{"@type":"WebSite","@id":"https:\/\/paracherkaoui.ma\/#website","url":"https:\/\/paracherkaoui.ma\/","name":"Paracherkaoui.ma","description":"Achetez en ligne sur Paracherkaoui.ma","potentialAction":[{"@type":"SearchAction","target":{"@type":"EntryPoint","urlTemplate":"https:\/\/paracherkaoui.ma\/?s={search_term_string}"},"query-input":{"@type":"PropertyValueSpecification","valueRequired":true,"valueName":"search_term_string"}}],"inLanguage":"fr-FR"}]}},"_links":{"self":[{"href":"https:\/\/paracherkaoui.ma\/index.php\/wp-json\/wp\/v2\/product\/52322","targetHints":{"allow":["GET"]}}],"collection":[{"href":"https:\/\/paracherkaoui.ma\/index.php\/wp-json\/wp\/v2\/product"}],"about":[{"href":"https:\/\/paracherkaoui.ma\/index.php\/wp-json\/wp\/v2\/types\/product"}],"replies":[{"embeddable":true,"href":"https:\/\/paracherkaoui.ma\/index.php\/wp-json\/wp\/v2\/comments?post=52322"}],"version-history":[{"count":1,"href":"https:\/\/paracherkaoui.ma\/index.php\/wp-json\/wp\/v2\/product\/52322\/revisions"}],"predecessor-version":[{"id":52364,"href":"https:\/\/paracherkaoui.ma\/index.php\/wp-json\/wp\/v2\/product\/52322\/revisions\/52364"}],"wp:featuredmedia":[{"embeddable":true,"href":"https:\/\/paracherkaoui.ma\/index.php\/wp-json\/wp\/v2\/media\/52100"}],"wp:attachment":[{"href":"https:\/\/paracherkaoui.ma\/index.php\/wp-json\/wp\/v2\/media?parent=52322"}],"wp:term":[{"taxonomy":"product_brand","embeddable":true,"href":"https:\/\/paracherkaoui.ma\/index.php\/wp-json\/wp\/v2\/product_brand?post=52322"},{"taxonomy":"product_cat","embeddable":true,"href":"https:\/\/paracherkaoui.ma\/index.php\/wp-json\/wp\/v2\/product_cat?post=52322"},{"taxonomy":"product_tag","embeddable":true,"href":"https:\/\/paracherkaoui.ma\/index.php\/wp-json\/wp\/v2\/product_tag?post=52322"}],"curies":[{"name":"wp","href":"https:\/\/api.w.org\/{rel}","templated":true}]}}