{"id":52321,"date":"2025-12-12T19:35:55","date_gmt":"2025-12-12T18:35:55","guid":{"rendered":"https:\/\/test.ecbeaute.com\/?post_type=product&#038;p=52321"},"modified":"2025-12-12T19:36:00","modified_gmt":"2025-12-12T18:36:00","slug":"accu-chek-active-kit-lecteur-de-glycemie-10-bandelettes","status":"publish","type":"product","link":"https:\/\/paracherkaoui.ma\/index.php\/produit\/accu-chek-active-kit-lecteur-de-glycemie-10-bandelettes\/","title":{"rendered":"ACCU CHEK ACTIVE KIT LECTEUR DE GLYCEMIE + 10 BANDELETTES"},"content":{"rendered":"<p>Description:<br \/>\nInstantan\u00e9, facile, et s\u00fbr comme toujours- mais\u00a0aujourd\u2019hui\u00a0avec un nouveau look! Le nouveaulecteur de glyc\u00e9mie.Accu-Chek Active se caract\u00e9rise par\u00a0:\u00a0\u00a0Plus de s\u00e9curit\u00e9. Alerte d\u2019expiration de la bandelette en vue\u00a0de garantir des r\u00e9sultats fiables\u00a0.Plus d\u2019outils de gestion du diab\u00e8te. Possibilit\u00e9 de marquer les tests et les moyennes pr\u00e9prandiaux et postprandiaux pour mieux comprendre l\u2019effet des aliments sur la glyc\u00e9mie. Une m\u00e9moire plus grande. 350 r\u00e9sultats avec la date et l\u2019heure. Plus de moyennes des r\u00e9sultats. Les moyennes sur les 7, 14, et 30 jours vous aident \u00e0 suivre les tendances de votre taux de glucose.<\/p>\n","protected":false},"excerpt":{"rendered":"<p>Description: Instantan\u00e9, facile, et s\u00fbr comme toujours- mais\u00a0aujourd\u2019hui\u00a0avec un nouveau look! Le nouveaulecteur de glyc\u00e9mie.Accu-Chek Active se caract\u00e9rise par\u00a0:\u00a0\u00a0Plus de<\/p>\n","protected":false},"featured_media":52362,"comment_status":"open","ping_status":"closed","template":"","meta":[],"product_brand":[992],"product_cat":[991],"product_tag":[],"class_list":{"0":"post-52321","1":"product","2":"type-product","3":"status-publish","4":"has-post-thumbnail","6":"product_brand-accu-check","7":"product_cat-materiels-medicaux","9":"first","10":"instock","11":"shipping-taxable","12":"purchasable","13":"product-type-simple"},"yoast_head":"<!-- This site is optimized with the Yoast SEO plugin v26.6 - https:\/\/yoast.com\/wordpress\/plugins\/seo\/ -->\r\n<title>ACCU CHEK ACTIVE KIT LECTEUR DE GLYCEMIE + 10 BANDELETTES - Paracherkaoui.ma<\/title>\r\n<meta name=\"robots\" content=\"index, follow, max-snippet:-1, max-image-preview:large, max-video-preview:-1\" \/>\r\n<link rel=\"canonical\" href=\"https:\/\/paracherkaoui.ma\/index.php\/produit\/accu-chek-active-kit-lecteur-de-glycemie-10-bandelettes\/\" \/>\r\n<meta property=\"og:locale\" content=\"fr_FR\" \/>\r\n<meta property=\"og:type\" content=\"article\" \/>\r\n<meta property=\"og:title\" content=\"ACCU CHEK ACTIVE KIT LECTEUR DE GLYCEMIE + 10 BANDELETTES - Paracherkaoui.ma\" \/>\r\n<meta property=\"og:description\" content=\"Description: Instantan\u00e9, facile, et s\u00fbr comme toujours- mais\u00a0aujourd\u2019hui\u00a0avec un nouveau look! Le nouveaulecteur de glyc\u00e9mie.Accu-Chek Active se caract\u00e9rise par\u00a0:\u00a0\u00a0Plus de\" \/>\r\n<meta property=\"og:url\" content=\"https:\/\/paracherkaoui.ma\/index.php\/produit\/accu-chek-active-kit-lecteur-de-glycemie-10-bandelettes\/\" \/>\r\n<meta property=\"og:site_name\" content=\"Paracherkaoui.ma\" \/>\r\n<meta property=\"article:modified_time\" content=\"2025-12-12T18:36:00+00:00\" \/>\r\n<meta property=\"og:image\" content=\"https:\/\/paracherkaoui.ma\/wp-content\/uploads\/2025\/12\/accu-check-accu-chek-active-kit-lecteur-de-glycemie-10-bandelettes-glycemie.jpg\" \/>\r\n\t<meta property=\"og:image:width\" content=\"700\" \/>\r\n\t<meta property=\"og:image:height\" content=\"700\" \/>\r\n\t<meta property=\"og:image:type\" content=\"image\/jpeg\" \/>\r\n<meta name=\"twitter:card\" content=\"summary_large_image\" \/>\r\n<meta name=\"twitter:label1\" content=\"Dur\u00e9e de lecture estim\u00e9e\" \/>\n\t<meta name=\"twitter:data1\" content=\"1 minute\" \/>\r\n<script type=\"application\/ld+json\" class=\"yoast-schema-graph\">{\"@context\":\"https:\/\/schema.org\",\"@graph\":[{\"@type\":\"WebPage\",\"@id\":\"https:\/\/paracherkaoui.ma\/index.php\/produit\/accu-chek-active-kit-lecteur-de-glycemie-10-bandelettes\/\",\"url\":\"https:\/\/paracherkaoui.ma\/index.php\/produit\/accu-chek-active-kit-lecteur-de-glycemie-10-bandelettes\/\",\"name\":\"ACCU CHEK ACTIVE KIT LECTEUR DE GLYCEMIE + 10 BANDELETTES - Paracherkaoui.ma\",\"isPartOf\":{\"@id\":\"https:\/\/paracherkaoui.ma\/#website\"},\"primaryImageOfPage\":{\"@id\":\"https:\/\/paracherkaoui.ma\/index.php\/produit\/accu-chek-active-kit-lecteur-de-glycemie-10-bandelettes\/#primaryimage\"},\"image\":{\"@id\":\"https:\/\/paracherkaoui.ma\/index.php\/produit\/accu-chek-active-kit-lecteur-de-glycemie-10-bandelettes\/#primaryimage\"},\"thumbnailUrl\":\"https:\/\/paracherkaoui.ma\/wp-content\/uploads\/2025\/12\/accu-check-accu-chek-active-kit-lecteur-de-glycemie-10-bandelettes-glycemie.jpg\",\"datePublished\":\"2025-12-12T18:35:55+00:00\",\"dateModified\":\"2025-12-12T18:36:00+00:00\",\"breadcrumb\":{\"@id\":\"https:\/\/paracherkaoui.ma\/index.php\/produit\/accu-chek-active-kit-lecteur-de-glycemie-10-bandelettes\/#breadcrumb\"},\"inLanguage\":\"fr-FR\",\"potentialAction\":[{\"@type\":\"ReadAction\",\"target\":[\"https:\/\/paracherkaoui.ma\/index.php\/produit\/accu-chek-active-kit-lecteur-de-glycemie-10-bandelettes\/\"]}]},{\"@type\":\"ImageObject\",\"inLanguage\":\"fr-FR\",\"@id\":\"https:\/\/paracherkaoui.ma\/index.php\/produit\/accu-chek-active-kit-lecteur-de-glycemie-10-bandelettes\/#primaryimage\",\"url\":\"https:\/\/paracherkaoui.ma\/wp-content\/uploads\/2025\/12\/accu-check-accu-chek-active-kit-lecteur-de-glycemie-10-bandelettes-glycemie.jpg\",\"contentUrl\":\"https:\/\/paracherkaoui.ma\/wp-content\/uploads\/2025\/12\/accu-check-accu-chek-active-kit-lecteur-de-glycemie-10-bandelettes-glycemie.jpg\",\"width\":700,\"height\":700},{\"@type\":\"BreadcrumbList\",\"@id\":\"https:\/\/paracherkaoui.ma\/index.php\/produit\/accu-chek-active-kit-lecteur-de-glycemie-10-bandelettes\/#breadcrumb\",\"itemListElement\":[{\"@type\":\"ListItem\",\"position\":1,\"name\":\"Accueil\",\"item\":\"https:\/\/paracherkaoui.ma\/\"},{\"@type\":\"ListItem\",\"position\":2,\"name\":\"Boutique\",\"item\":\"https:\/\/paracherkaoui.ma\/index.php\/boutique\/\"},{\"@type\":\"ListItem\",\"position\":3,\"name\":\"ACCU CHEK ACTIVE KIT LECTEUR DE GLYCEMIE + 10 BANDELETTES\"}]},{\"@type\":\"WebSite\",\"@id\":\"https:\/\/paracherkaoui.ma\/#website\",\"url\":\"https:\/\/paracherkaoui.ma\/\",\"name\":\"Paracherkaoui.ma\",\"description\":\"Achetez en ligne sur Paracherkaoui.ma\",\"potentialAction\":[{\"@type\":\"SearchAction\",\"target\":{\"@type\":\"EntryPoint\",\"urlTemplate\":\"https:\/\/paracherkaoui.ma\/?s={search_term_string}\"},\"query-input\":{\"@type\":\"PropertyValueSpecification\",\"valueRequired\":true,\"valueName\":\"search_term_string\"}}],\"inLanguage\":\"fr-FR\"}]}<\/script>\r\n<!-- \/ Yoast SEO plugin. -->","yoast_head_json":{"title":"ACCU CHEK ACTIVE KIT LECTEUR DE GLYCEMIE + 10 BANDELETTES - Paracherkaoui.ma","robots":{"index":"index","follow":"follow","max-snippet":"max-snippet:-1","max-image-preview":"max-image-preview:large","max-video-preview":"max-video-preview:-1"},"canonical":"https:\/\/paracherkaoui.ma\/index.php\/produit\/accu-chek-active-kit-lecteur-de-glycemie-10-bandelettes\/","og_locale":"fr_FR","og_type":"article","og_title":"ACCU CHEK ACTIVE KIT LECTEUR DE GLYCEMIE + 10 BANDELETTES - Paracherkaoui.ma","og_description":"Description: Instantan\u00e9, facile, et s\u00fbr comme toujours- mais\u00a0aujourd\u2019hui\u00a0avec un nouveau look! Le nouveaulecteur de glyc\u00e9mie.Accu-Chek Active se caract\u00e9rise par\u00a0:\u00a0\u00a0Plus de","og_url":"https:\/\/paracherkaoui.ma\/index.php\/produit\/accu-chek-active-kit-lecteur-de-glycemie-10-bandelettes\/","og_site_name":"Paracherkaoui.ma","article_modified_time":"2025-12-12T18:36:00+00:00","og_image":[{"width":700,"height":700,"url":"https:\/\/paracherkaoui.ma\/wp-content\/uploads\/2025\/12\/accu-check-accu-chek-active-kit-lecteur-de-glycemie-10-bandelettes-glycemie.jpg","type":"image\/jpeg"}],"twitter_card":"summary_large_image","twitter_misc":{"Dur\u00e9e de lecture estim\u00e9e":"1 minute"},"schema":{"@context":"https:\/\/schema.org","@graph":[{"@type":"WebPage","@id":"https:\/\/paracherkaoui.ma\/index.php\/produit\/accu-chek-active-kit-lecteur-de-glycemie-10-bandelettes\/","url":"https:\/\/paracherkaoui.ma\/index.php\/produit\/accu-chek-active-kit-lecteur-de-glycemie-10-bandelettes\/","name":"ACCU CHEK ACTIVE KIT LECTEUR DE GLYCEMIE + 10 BANDELETTES - Paracherkaoui.ma","isPartOf":{"@id":"https:\/\/paracherkaoui.ma\/#website"},"primaryImageOfPage":{"@id":"https:\/\/paracherkaoui.ma\/index.php\/produit\/accu-chek-active-kit-lecteur-de-glycemie-10-bandelettes\/#primaryimage"},"image":{"@id":"https:\/\/paracherkaoui.ma\/index.php\/produit\/accu-chek-active-kit-lecteur-de-glycemie-10-bandelettes\/#primaryimage"},"thumbnailUrl":"https:\/\/paracherkaoui.ma\/wp-content\/uploads\/2025\/12\/accu-check-accu-chek-active-kit-lecteur-de-glycemie-10-bandelettes-glycemie.jpg","datePublished":"2025-12-12T18:35:55+00:00","dateModified":"2025-12-12T18:36:00+00:00","breadcrumb":{"@id":"https:\/\/paracherkaoui.ma\/index.php\/produit\/accu-chek-active-kit-lecteur-de-glycemie-10-bandelettes\/#breadcrumb"},"inLanguage":"fr-FR","potentialAction":[{"@type":"ReadAction","target":["https:\/\/paracherkaoui.ma\/index.php\/produit\/accu-chek-active-kit-lecteur-de-glycemie-10-bandelettes\/"]}]},{"@type":"ImageObject","inLanguage":"fr-FR","@id":"https:\/\/paracherkaoui.ma\/index.php\/produit\/accu-chek-active-kit-lecteur-de-glycemie-10-bandelettes\/#primaryimage","url":"https:\/\/paracherkaoui.ma\/wp-content\/uploads\/2025\/12\/accu-check-accu-chek-active-kit-lecteur-de-glycemie-10-bandelettes-glycemie.jpg","contentUrl":"https:\/\/paracherkaoui.ma\/wp-content\/uploads\/2025\/12\/accu-check-accu-chek-active-kit-lecteur-de-glycemie-10-bandelettes-glycemie.jpg","width":700,"height":700},{"@type":"BreadcrumbList","@id":"https:\/\/paracherkaoui.ma\/index.php\/produit\/accu-chek-active-kit-lecteur-de-glycemie-10-bandelettes\/#breadcrumb","itemListElement":[{"@type":"ListItem","position":1,"name":"Accueil","item":"https:\/\/paracherkaoui.ma\/"},{"@type":"ListItem","position":2,"name":"Boutique","item":"https:\/\/paracherkaoui.ma\/index.php\/boutique\/"},{"@type":"ListItem","position":3,"name":"ACCU CHEK ACTIVE KIT LECTEUR DE GLYCEMIE + 10 BANDELETTES"}]},{"@type":"WebSite","@id":"https:\/\/paracherkaoui.ma\/#website","url":"https:\/\/paracherkaoui.ma\/","name":"Paracherkaoui.ma","description":"Achetez en ligne sur Paracherkaoui.ma","potentialAction":[{"@type":"SearchAction","target":{"@type":"EntryPoint","urlTemplate":"https:\/\/paracherkaoui.ma\/?s={search_term_string}"},"query-input":{"@type":"PropertyValueSpecification","valueRequired":true,"valueName":"search_term_string"}}],"inLanguage":"fr-FR"}]}},"_links":{"self":[{"href":"https:\/\/paracherkaoui.ma\/index.php\/wp-json\/wp\/v2\/product\/52321","targetHints":{"allow":["GET"]}}],"collection":[{"href":"https:\/\/paracherkaoui.ma\/index.php\/wp-json\/wp\/v2\/product"}],"about":[{"href":"https:\/\/paracherkaoui.ma\/index.php\/wp-json\/wp\/v2\/types\/product"}],"replies":[{"embeddable":true,"href":"https:\/\/paracherkaoui.ma\/index.php\/wp-json\/wp\/v2\/comments?post=52321"}],"version-history":[{"count":1,"href":"https:\/\/paracherkaoui.ma\/index.php\/wp-json\/wp\/v2\/product\/52321\/revisions"}],"predecessor-version":[{"id":52363,"href":"https:\/\/paracherkaoui.ma\/index.php\/wp-json\/wp\/v2\/product\/52321\/revisions\/52363"}],"wp:featuredmedia":[{"embeddable":true,"href":"https:\/\/paracherkaoui.ma\/index.php\/wp-json\/wp\/v2\/media\/52362"}],"wp:attachment":[{"href":"https:\/\/paracherkaoui.ma\/index.php\/wp-json\/wp\/v2\/media?parent=52321"}],"wp:term":[{"taxonomy":"product_brand","embeddable":true,"href":"https:\/\/paracherkaoui.ma\/index.php\/wp-json\/wp\/v2\/product_brand?post=52321"},{"taxonomy":"product_cat","embeddable":true,"href":"https:\/\/paracherkaoui.ma\/index.php\/wp-json\/wp\/v2\/product_cat?post=52321"},{"taxonomy":"product_tag","embeddable":true,"href":"https:\/\/paracherkaoui.ma\/index.php\/wp-json\/wp\/v2\/product_tag?post=52321"}],"curies":[{"name":"wp","href":"https:\/\/api.w.org\/{rel}","templated":true}]}}