{"id":52319,"date":"2025-12-12T19:35:55","date_gmt":"2025-12-12T18:35:55","guid":{"rendered":"https:\/\/test.ecbeaute.com\/?post_type=product&#038;p=52319"},"modified":"2025-12-12T19:35:59","modified_gmt":"2025-12-12T18:35:59","slug":"l2n-pharma-thermometre-digital-t15sl","status":"publish","type":"product","link":"https:\/\/paracherkaoui.ma\/index.php\/produit\/l2n-pharma-thermometre-digital-t15sl\/","title":{"rendered":"L2N PHARMA THERMOMETRE DIGITAL T15SL"},"content":{"rendered":"<p>D\u00e9couvrez le thermom\u00e8tre digital L2N Pharma T15SL, un indispensable pour toute famille soucieuse de sa sant\u00e9. Con\u00e7u pour offrir une pr\u00e9cision maximale et une utilisation simple, ce thermom\u00e8tre vous garantit des r\u00e9sultats rapides et fiables. Gr\u00e2ce \u00e0 sa technologie avanc\u00e9e, il mesure la temp\u00e9rature corporelle en quelques secondes, avec une pr\u00e9cision de \u00b10,1\u00b0C. Son \u00e9cran LCD r\u00e9tro\u00e9clair\u00e9 facilite la lecture, m\u00eame dans des conditions de faible luminosit\u00e9.<br \/>\nCompact et ergonomique, le L2N T15SL est dot\u00e9 d&rsquo;une fonction m\u00e9moire permettant de suivre l&rsquo;\u00e9volution de la temp\u00e9rature sur plusieurs mesures. Son embout flexible assure un confort optimal, particuli\u00e8rement adapt\u00e9 aux enfants et aux b\u00e9b\u00e9s. Ce thermom\u00e8tre digital est \u00e9galement \u00e9quip\u00e9 d&rsquo;une alarme sonore qui vous avertit en cas de fi\u00e8vre, simplifiant ainsi la prise de temp\u00e9rature nocturne sans r\u00e9veiller votre enfant.<br \/>\nFacile \u00e0 nettoyer, le thermom\u00e8tre T15SL garantit une hygi\u00e8ne irr\u00e9prochable. Il est recommand\u00e9 d&rsquo;utiliser des lingettes d\u00e9sinfectantes apr\u00e8s chaque utilisation pour assurer la long\u00e9vit\u00e9 de l&rsquo;appareil. Que ce soit pour une utilisation orale, axillaire ou rectale, ce thermom\u00e8tre digital r\u00e9pond aux besoins de toute la famille avec efficacit\u00e9 et fiabilit\u00e9. Adoptez le L2N Pharma T15SL pour surveiller votre sant\u00e9 en toute s\u00e9r\u00e9nit\u00e9 !<\/p>\n","protected":false},"excerpt":{"rendered":"<p>D\u00e9couvrez le thermom\u00e8tre digital L2N Pharma T15SL, un indispensable pour toute famille soucieuse de sa sant\u00e9. Con\u00e7u pour offrir une<\/p>\n","protected":false},"featured_media":52358,"comment_status":"open","ping_status":"closed","template":"","meta":[],"product_brand":[202],"product_cat":[991],"product_tag":[],"class_list":{"0":"post-52319","1":"product","2":"type-product","3":"status-publish","4":"has-post-thumbnail","6":"product_brand-l2n-pharma","7":"product_cat-materiels-medicaux","9":"first","10":"instock","11":"shipping-taxable","12":"purchasable","13":"product-type-simple"},"yoast_head":"<!-- This site is optimized with the Yoast SEO plugin v26.6 - https:\/\/yoast.com\/wordpress\/plugins\/seo\/ -->\r\n<title>L2N PHARMA THERMOMETRE DIGITAL T15SL - Paracherkaoui.ma<\/title>\r\n<meta name=\"robots\" content=\"index, follow, max-snippet:-1, max-image-preview:large, max-video-preview:-1\" \/>\r\n<link rel=\"canonical\" href=\"https:\/\/paracherkaoui.ma\/index.php\/produit\/l2n-pharma-thermometre-digital-t15sl\/\" \/>\r\n<meta property=\"og:locale\" content=\"fr_FR\" \/>\r\n<meta property=\"og:type\" content=\"article\" \/>\r\n<meta property=\"og:title\" content=\"L2N PHARMA THERMOMETRE DIGITAL T15SL - Paracherkaoui.ma\" \/>\r\n<meta property=\"og:description\" content=\"D\u00e9couvrez le thermom\u00e8tre digital L2N Pharma T15SL, un indispensable pour toute famille soucieuse de sa sant\u00e9. Con\u00e7u pour offrir une\" \/>\r\n<meta property=\"og:url\" content=\"https:\/\/paracherkaoui.ma\/index.php\/produit\/l2n-pharma-thermometre-digital-t15sl\/\" \/>\r\n<meta property=\"og:site_name\" content=\"Paracherkaoui.ma\" \/>\r\n<meta property=\"article:modified_time\" content=\"2025-12-12T18:35:59+00:00\" \/>\r\n<meta property=\"og:image\" content=\"https:\/\/paracherkaoui.ma\/wp-content\/uploads\/2025\/12\/l2n-pharma-l2n-pharma-thermometre-digital-t15sl-thermometres.jpg\" \/>\r\n\t<meta property=\"og:image:width\" content=\"700\" \/>\r\n\t<meta property=\"og:image:height\" content=\"700\" \/>\r\n\t<meta property=\"og:image:type\" content=\"image\/jpeg\" \/>\r\n<meta name=\"twitter:card\" content=\"summary_large_image\" \/>\r\n<meta name=\"twitter:label1\" content=\"Dur\u00e9e de lecture estim\u00e9e\" \/>\n\t<meta name=\"twitter:data1\" content=\"1 minute\" \/>\r\n<script type=\"application\/ld+json\" class=\"yoast-schema-graph\">{\"@context\":\"https:\/\/schema.org\",\"@graph\":[{\"@type\":\"WebPage\",\"@id\":\"https:\/\/paracherkaoui.ma\/index.php\/produit\/l2n-pharma-thermometre-digital-t15sl\/\",\"url\":\"https:\/\/paracherkaoui.ma\/index.php\/produit\/l2n-pharma-thermometre-digital-t15sl\/\",\"name\":\"L2N PHARMA THERMOMETRE DIGITAL T15SL - Paracherkaoui.ma\",\"isPartOf\":{\"@id\":\"https:\/\/paracherkaoui.ma\/#website\"},\"primaryImageOfPage\":{\"@id\":\"https:\/\/paracherkaoui.ma\/index.php\/produit\/l2n-pharma-thermometre-digital-t15sl\/#primaryimage\"},\"image\":{\"@id\":\"https:\/\/paracherkaoui.ma\/index.php\/produit\/l2n-pharma-thermometre-digital-t15sl\/#primaryimage\"},\"thumbnailUrl\":\"https:\/\/paracherkaoui.ma\/wp-content\/uploads\/2025\/12\/l2n-pharma-l2n-pharma-thermometre-digital-t15sl-thermometres.jpg\",\"datePublished\":\"2025-12-12T18:35:55+00:00\",\"dateModified\":\"2025-12-12T18:35:59+00:00\",\"breadcrumb\":{\"@id\":\"https:\/\/paracherkaoui.ma\/index.php\/produit\/l2n-pharma-thermometre-digital-t15sl\/#breadcrumb\"},\"inLanguage\":\"fr-FR\",\"potentialAction\":[{\"@type\":\"ReadAction\",\"target\":[\"https:\/\/paracherkaoui.ma\/index.php\/produit\/l2n-pharma-thermometre-digital-t15sl\/\"]}]},{\"@type\":\"ImageObject\",\"inLanguage\":\"fr-FR\",\"@id\":\"https:\/\/paracherkaoui.ma\/index.php\/produit\/l2n-pharma-thermometre-digital-t15sl\/#primaryimage\",\"url\":\"https:\/\/paracherkaoui.ma\/wp-content\/uploads\/2025\/12\/l2n-pharma-l2n-pharma-thermometre-digital-t15sl-thermometres.jpg\",\"contentUrl\":\"https:\/\/paracherkaoui.ma\/wp-content\/uploads\/2025\/12\/l2n-pharma-l2n-pharma-thermometre-digital-t15sl-thermometres.jpg\",\"width\":700,\"height\":700},{\"@type\":\"BreadcrumbList\",\"@id\":\"https:\/\/paracherkaoui.ma\/index.php\/produit\/l2n-pharma-thermometre-digital-t15sl\/#breadcrumb\",\"itemListElement\":[{\"@type\":\"ListItem\",\"position\":1,\"name\":\"Accueil\",\"item\":\"https:\/\/paracherkaoui.ma\/\"},{\"@type\":\"ListItem\",\"position\":2,\"name\":\"Boutique\",\"item\":\"https:\/\/paracherkaoui.ma\/index.php\/boutique\/\"},{\"@type\":\"ListItem\",\"position\":3,\"name\":\"L2N PHARMA THERMOMETRE DIGITAL T15SL\"}]},{\"@type\":\"WebSite\",\"@id\":\"https:\/\/paracherkaoui.ma\/#website\",\"url\":\"https:\/\/paracherkaoui.ma\/\",\"name\":\"Paracherkaoui.ma\",\"description\":\"Achetez en ligne sur Paracherkaoui.ma\",\"potentialAction\":[{\"@type\":\"SearchAction\",\"target\":{\"@type\":\"EntryPoint\",\"urlTemplate\":\"https:\/\/paracherkaoui.ma\/?s={search_term_string}\"},\"query-input\":{\"@type\":\"PropertyValueSpecification\",\"valueRequired\":true,\"valueName\":\"search_term_string\"}}],\"inLanguage\":\"fr-FR\"}]}<\/script>\r\n<!-- \/ Yoast SEO plugin. -->","yoast_head_json":{"title":"L2N PHARMA THERMOMETRE DIGITAL T15SL - Paracherkaoui.ma","robots":{"index":"index","follow":"follow","max-snippet":"max-snippet:-1","max-image-preview":"max-image-preview:large","max-video-preview":"max-video-preview:-1"},"canonical":"https:\/\/paracherkaoui.ma\/index.php\/produit\/l2n-pharma-thermometre-digital-t15sl\/","og_locale":"fr_FR","og_type":"article","og_title":"L2N PHARMA THERMOMETRE DIGITAL T15SL - Paracherkaoui.ma","og_description":"D\u00e9couvrez le thermom\u00e8tre digital L2N Pharma T15SL, un indispensable pour toute famille soucieuse de sa sant\u00e9. Con\u00e7u pour offrir une","og_url":"https:\/\/paracherkaoui.ma\/index.php\/produit\/l2n-pharma-thermometre-digital-t15sl\/","og_site_name":"Paracherkaoui.ma","article_modified_time":"2025-12-12T18:35:59+00:00","og_image":[{"width":700,"height":700,"url":"https:\/\/paracherkaoui.ma\/wp-content\/uploads\/2025\/12\/l2n-pharma-l2n-pharma-thermometre-digital-t15sl-thermometres.jpg","type":"image\/jpeg"}],"twitter_card":"summary_large_image","twitter_misc":{"Dur\u00e9e de lecture estim\u00e9e":"1 minute"},"schema":{"@context":"https:\/\/schema.org","@graph":[{"@type":"WebPage","@id":"https:\/\/paracherkaoui.ma\/index.php\/produit\/l2n-pharma-thermometre-digital-t15sl\/","url":"https:\/\/paracherkaoui.ma\/index.php\/produit\/l2n-pharma-thermometre-digital-t15sl\/","name":"L2N PHARMA THERMOMETRE DIGITAL T15SL - Paracherkaoui.ma","isPartOf":{"@id":"https:\/\/paracherkaoui.ma\/#website"},"primaryImageOfPage":{"@id":"https:\/\/paracherkaoui.ma\/index.php\/produit\/l2n-pharma-thermometre-digital-t15sl\/#primaryimage"},"image":{"@id":"https:\/\/paracherkaoui.ma\/index.php\/produit\/l2n-pharma-thermometre-digital-t15sl\/#primaryimage"},"thumbnailUrl":"https:\/\/paracherkaoui.ma\/wp-content\/uploads\/2025\/12\/l2n-pharma-l2n-pharma-thermometre-digital-t15sl-thermometres.jpg","datePublished":"2025-12-12T18:35:55+00:00","dateModified":"2025-12-12T18:35:59+00:00","breadcrumb":{"@id":"https:\/\/paracherkaoui.ma\/index.php\/produit\/l2n-pharma-thermometre-digital-t15sl\/#breadcrumb"},"inLanguage":"fr-FR","potentialAction":[{"@type":"ReadAction","target":["https:\/\/paracherkaoui.ma\/index.php\/produit\/l2n-pharma-thermometre-digital-t15sl\/"]}]},{"@type":"ImageObject","inLanguage":"fr-FR","@id":"https:\/\/paracherkaoui.ma\/index.php\/produit\/l2n-pharma-thermometre-digital-t15sl\/#primaryimage","url":"https:\/\/paracherkaoui.ma\/wp-content\/uploads\/2025\/12\/l2n-pharma-l2n-pharma-thermometre-digital-t15sl-thermometres.jpg","contentUrl":"https:\/\/paracherkaoui.ma\/wp-content\/uploads\/2025\/12\/l2n-pharma-l2n-pharma-thermometre-digital-t15sl-thermometres.jpg","width":700,"height":700},{"@type":"BreadcrumbList","@id":"https:\/\/paracherkaoui.ma\/index.php\/produit\/l2n-pharma-thermometre-digital-t15sl\/#breadcrumb","itemListElement":[{"@type":"ListItem","position":1,"name":"Accueil","item":"https:\/\/paracherkaoui.ma\/"},{"@type":"ListItem","position":2,"name":"Boutique","item":"https:\/\/paracherkaoui.ma\/index.php\/boutique\/"},{"@type":"ListItem","position":3,"name":"L2N PHARMA THERMOMETRE DIGITAL T15SL"}]},{"@type":"WebSite","@id":"https:\/\/paracherkaoui.ma\/#website","url":"https:\/\/paracherkaoui.ma\/","name":"Paracherkaoui.ma","description":"Achetez en ligne sur Paracherkaoui.ma","potentialAction":[{"@type":"SearchAction","target":{"@type":"EntryPoint","urlTemplate":"https:\/\/paracherkaoui.ma\/?s={search_term_string}"},"query-input":{"@type":"PropertyValueSpecification","valueRequired":true,"valueName":"search_term_string"}}],"inLanguage":"fr-FR"}]}},"_links":{"self":[{"href":"https:\/\/paracherkaoui.ma\/index.php\/wp-json\/wp\/v2\/product\/52319","targetHints":{"allow":["GET"]}}],"collection":[{"href":"https:\/\/paracherkaoui.ma\/index.php\/wp-json\/wp\/v2\/product"}],"about":[{"href":"https:\/\/paracherkaoui.ma\/index.php\/wp-json\/wp\/v2\/types\/product"}],"replies":[{"embeddable":true,"href":"https:\/\/paracherkaoui.ma\/index.php\/wp-json\/wp\/v2\/comments?post=52319"}],"version-history":[{"count":1,"href":"https:\/\/paracherkaoui.ma\/index.php\/wp-json\/wp\/v2\/product\/52319\/revisions"}],"predecessor-version":[{"id":52359,"href":"https:\/\/paracherkaoui.ma\/index.php\/wp-json\/wp\/v2\/product\/52319\/revisions\/52359"}],"wp:featuredmedia":[{"embeddable":true,"href":"https:\/\/paracherkaoui.ma\/index.php\/wp-json\/wp\/v2\/media\/52358"}],"wp:attachment":[{"href":"https:\/\/paracherkaoui.ma\/index.php\/wp-json\/wp\/v2\/media?parent=52319"}],"wp:term":[{"taxonomy":"product_brand","embeddable":true,"href":"https:\/\/paracherkaoui.ma\/index.php\/wp-json\/wp\/v2\/product_brand?post=52319"},{"taxonomy":"product_cat","embeddable":true,"href":"https:\/\/paracherkaoui.ma\/index.php\/wp-json\/wp\/v2\/product_cat?post=52319"},{"taxonomy":"product_tag","embeddable":true,"href":"https:\/\/paracherkaoui.ma\/index.php\/wp-json\/wp\/v2\/product_tag?post=52319"}],"curies":[{"name":"wp","href":"https:\/\/api.w.org\/{rel}","templated":true}]}}