{"id":52253,"date":"2025-12-12T19:35:47","date_gmt":"2025-12-12T18:35:47","guid":{"rendered":"https:\/\/test.ecbeaute.com\/?post_type=product&#038;p=52253"},"modified":"2025-12-12T19:35:53","modified_gmt":"2025-12-12T18:35:53","slug":"peters-echarpe-immobilisateur-bras-blanc","status":"publish","type":"product","link":"https:\/\/paracherkaoui.ma\/index.php\/produit\/peters-echarpe-immobilisateur-bras-blanc\/","title":{"rendered":"PETERS ECHARPE IMMOBILISATEUR BRAS BLANC"},"content":{"rendered":"<p>\u00c9charpe d&rsquo;\u00e9paule en tissu maill\u00e9, attelle de bras pour blessure, Support droit pour hommes et femmes-stabilisateur r\u00e9glable pour coude [blanc]<\/p>\n","protected":false},"excerpt":{"rendered":"<p>\u00c9charpe d&rsquo;\u00e9paule en tissu maill\u00e9, attelle de bras pour blessure, Support droit pour hommes et femmes-stabilisateur r\u00e9glable pour coude [blanc]<\/p>\n","protected":false},"featured_media":52303,"comment_status":"open","ping_status":"closed","template":"","meta":[],"product_brand":[952],"product_cat":[967],"product_tag":[],"class_list":{"0":"post-52253","1":"product","2":"type-product","3":"status-publish","4":"has-post-thumbnail","6":"product_brand-locamed","7":"product_cat-orthopedie","9":"first","10":"instock","11":"shipping-taxable","12":"purchasable","13":"product-type-simple"},"yoast_head":"<!-- This site is optimized with the Yoast SEO plugin v26.6 - https:\/\/yoast.com\/wordpress\/plugins\/seo\/ -->\r\n<title>PETERS ECHARPE IMMOBILISATEUR BRAS BLANC - Paracherkaoui.ma<\/title>\r\n<meta name=\"robots\" content=\"index, follow, max-snippet:-1, max-image-preview:large, max-video-preview:-1\" \/>\r\n<link rel=\"canonical\" href=\"https:\/\/paracherkaoui.ma\/index.php\/produit\/peters-echarpe-immobilisateur-bras-blanc\/\" \/>\r\n<meta property=\"og:locale\" content=\"fr_FR\" \/>\r\n<meta property=\"og:type\" content=\"article\" \/>\r\n<meta property=\"og:title\" content=\"PETERS ECHARPE IMMOBILISATEUR BRAS BLANC - Paracherkaoui.ma\" \/>\r\n<meta property=\"og:description\" content=\"\u00c9charpe d&rsquo;\u00e9paule en tissu maill\u00e9, attelle de bras pour blessure, Support droit pour hommes et femmes-stabilisateur r\u00e9glable pour coude [blanc]\" \/>\r\n<meta property=\"og:url\" content=\"https:\/\/paracherkaoui.ma\/index.php\/produit\/peters-echarpe-immobilisateur-bras-blanc\/\" \/>\r\n<meta property=\"og:site_name\" content=\"Paracherkaoui.ma\" \/>\r\n<meta property=\"article:modified_time\" content=\"2025-12-12T18:35:53+00:00\" \/>\r\n<meta property=\"og:image\" content=\"https:\/\/paracherkaoui.ma\/wp-content\/uploads\/2025\/12\/peters-echarpe-immobilisateur-bras-blanc.jpg\" \/>\r\n\t<meta property=\"og:image:width\" content=\"700\" \/>\r\n\t<meta property=\"og:image:height\" content=\"700\" \/>\r\n\t<meta property=\"og:image:type\" content=\"image\/jpeg\" \/>\r\n<meta name=\"twitter:card\" content=\"summary_large_image\" \/>\r\n<script type=\"application\/ld+json\" class=\"yoast-schema-graph\">{\"@context\":\"https:\/\/schema.org\",\"@graph\":[{\"@type\":\"WebPage\",\"@id\":\"https:\/\/paracherkaoui.ma\/index.php\/produit\/peters-echarpe-immobilisateur-bras-blanc\/\",\"url\":\"https:\/\/paracherkaoui.ma\/index.php\/produit\/peters-echarpe-immobilisateur-bras-blanc\/\",\"name\":\"PETERS ECHARPE IMMOBILISATEUR BRAS BLANC - Paracherkaoui.ma\",\"isPartOf\":{\"@id\":\"https:\/\/paracherkaoui.ma\/#website\"},\"primaryImageOfPage\":{\"@id\":\"https:\/\/paracherkaoui.ma\/index.php\/produit\/peters-echarpe-immobilisateur-bras-blanc\/#primaryimage\"},\"image\":{\"@id\":\"https:\/\/paracherkaoui.ma\/index.php\/produit\/peters-echarpe-immobilisateur-bras-blanc\/#primaryimage\"},\"thumbnailUrl\":\"https:\/\/paracherkaoui.ma\/wp-content\/uploads\/2025\/12\/peters-echarpe-immobilisateur-bras-blanc.jpg\",\"datePublished\":\"2025-12-12T18:35:47+00:00\",\"dateModified\":\"2025-12-12T18:35:53+00:00\",\"breadcrumb\":{\"@id\":\"https:\/\/paracherkaoui.ma\/index.php\/produit\/peters-echarpe-immobilisateur-bras-blanc\/#breadcrumb\"},\"inLanguage\":\"fr-FR\",\"potentialAction\":[{\"@type\":\"ReadAction\",\"target\":[\"https:\/\/paracherkaoui.ma\/index.php\/produit\/peters-echarpe-immobilisateur-bras-blanc\/\"]}]},{\"@type\":\"ImageObject\",\"inLanguage\":\"fr-FR\",\"@id\":\"https:\/\/paracherkaoui.ma\/index.php\/produit\/peters-echarpe-immobilisateur-bras-blanc\/#primaryimage\",\"url\":\"https:\/\/paracherkaoui.ma\/wp-content\/uploads\/2025\/12\/peters-echarpe-immobilisateur-bras-blanc.jpg\",\"contentUrl\":\"https:\/\/paracherkaoui.ma\/wp-content\/uploads\/2025\/12\/peters-echarpe-immobilisateur-bras-blanc.jpg\",\"width\":700,\"height\":700},{\"@type\":\"BreadcrumbList\",\"@id\":\"https:\/\/paracherkaoui.ma\/index.php\/produit\/peters-echarpe-immobilisateur-bras-blanc\/#breadcrumb\",\"itemListElement\":[{\"@type\":\"ListItem\",\"position\":1,\"name\":\"Accueil\",\"item\":\"https:\/\/paracherkaoui.ma\/\"},{\"@type\":\"ListItem\",\"position\":2,\"name\":\"Boutique\",\"item\":\"https:\/\/paracherkaoui.ma\/index.php\/boutique\/\"},{\"@type\":\"ListItem\",\"position\":3,\"name\":\"PETERS ECHARPE IMMOBILISATEUR BRAS BLANC\"}]},{\"@type\":\"WebSite\",\"@id\":\"https:\/\/paracherkaoui.ma\/#website\",\"url\":\"https:\/\/paracherkaoui.ma\/\",\"name\":\"Paracherkaoui.ma\",\"description\":\"Achetez en ligne sur Paracherkaoui.ma\",\"potentialAction\":[{\"@type\":\"SearchAction\",\"target\":{\"@type\":\"EntryPoint\",\"urlTemplate\":\"https:\/\/paracherkaoui.ma\/?s={search_term_string}\"},\"query-input\":{\"@type\":\"PropertyValueSpecification\",\"valueRequired\":true,\"valueName\":\"search_term_string\"}}],\"inLanguage\":\"fr-FR\"}]}<\/script>\r\n<!-- \/ Yoast SEO plugin. -->","yoast_head_json":{"title":"PETERS ECHARPE IMMOBILISATEUR BRAS BLANC - Paracherkaoui.ma","robots":{"index":"index","follow":"follow","max-snippet":"max-snippet:-1","max-image-preview":"max-image-preview:large","max-video-preview":"max-video-preview:-1"},"canonical":"https:\/\/paracherkaoui.ma\/index.php\/produit\/peters-echarpe-immobilisateur-bras-blanc\/","og_locale":"fr_FR","og_type":"article","og_title":"PETERS ECHARPE IMMOBILISATEUR BRAS BLANC - Paracherkaoui.ma","og_description":"\u00c9charpe d&rsquo;\u00e9paule en tissu maill\u00e9, attelle de bras pour blessure, Support droit pour hommes et femmes-stabilisateur r\u00e9glable pour coude [blanc]","og_url":"https:\/\/paracherkaoui.ma\/index.php\/produit\/peters-echarpe-immobilisateur-bras-blanc\/","og_site_name":"Paracherkaoui.ma","article_modified_time":"2025-12-12T18:35:53+00:00","og_image":[{"width":700,"height":700,"url":"https:\/\/paracherkaoui.ma\/wp-content\/uploads\/2025\/12\/peters-echarpe-immobilisateur-bras-blanc.jpg","type":"image\/jpeg"}],"twitter_card":"summary_large_image","schema":{"@context":"https:\/\/schema.org","@graph":[{"@type":"WebPage","@id":"https:\/\/paracherkaoui.ma\/index.php\/produit\/peters-echarpe-immobilisateur-bras-blanc\/","url":"https:\/\/paracherkaoui.ma\/index.php\/produit\/peters-echarpe-immobilisateur-bras-blanc\/","name":"PETERS ECHARPE IMMOBILISATEUR BRAS BLANC - Paracherkaoui.ma","isPartOf":{"@id":"https:\/\/paracherkaoui.ma\/#website"},"primaryImageOfPage":{"@id":"https:\/\/paracherkaoui.ma\/index.php\/produit\/peters-echarpe-immobilisateur-bras-blanc\/#primaryimage"},"image":{"@id":"https:\/\/paracherkaoui.ma\/index.php\/produit\/peters-echarpe-immobilisateur-bras-blanc\/#primaryimage"},"thumbnailUrl":"https:\/\/paracherkaoui.ma\/wp-content\/uploads\/2025\/12\/peters-echarpe-immobilisateur-bras-blanc.jpg","datePublished":"2025-12-12T18:35:47+00:00","dateModified":"2025-12-12T18:35:53+00:00","breadcrumb":{"@id":"https:\/\/paracherkaoui.ma\/index.php\/produit\/peters-echarpe-immobilisateur-bras-blanc\/#breadcrumb"},"inLanguage":"fr-FR","potentialAction":[{"@type":"ReadAction","target":["https:\/\/paracherkaoui.ma\/index.php\/produit\/peters-echarpe-immobilisateur-bras-blanc\/"]}]},{"@type":"ImageObject","inLanguage":"fr-FR","@id":"https:\/\/paracherkaoui.ma\/index.php\/produit\/peters-echarpe-immobilisateur-bras-blanc\/#primaryimage","url":"https:\/\/paracherkaoui.ma\/wp-content\/uploads\/2025\/12\/peters-echarpe-immobilisateur-bras-blanc.jpg","contentUrl":"https:\/\/paracherkaoui.ma\/wp-content\/uploads\/2025\/12\/peters-echarpe-immobilisateur-bras-blanc.jpg","width":700,"height":700},{"@type":"BreadcrumbList","@id":"https:\/\/paracherkaoui.ma\/index.php\/produit\/peters-echarpe-immobilisateur-bras-blanc\/#breadcrumb","itemListElement":[{"@type":"ListItem","position":1,"name":"Accueil","item":"https:\/\/paracherkaoui.ma\/"},{"@type":"ListItem","position":2,"name":"Boutique","item":"https:\/\/paracherkaoui.ma\/index.php\/boutique\/"},{"@type":"ListItem","position":3,"name":"PETERS ECHARPE IMMOBILISATEUR BRAS BLANC"}]},{"@type":"WebSite","@id":"https:\/\/paracherkaoui.ma\/#website","url":"https:\/\/paracherkaoui.ma\/","name":"Paracherkaoui.ma","description":"Achetez en ligne sur Paracherkaoui.ma","potentialAction":[{"@type":"SearchAction","target":{"@type":"EntryPoint","urlTemplate":"https:\/\/paracherkaoui.ma\/?s={search_term_string}"},"query-input":{"@type":"PropertyValueSpecification","valueRequired":true,"valueName":"search_term_string"}}],"inLanguage":"fr-FR"}]}},"_links":{"self":[{"href":"https:\/\/paracherkaoui.ma\/index.php\/wp-json\/wp\/v2\/product\/52253","targetHints":{"allow":["GET"]}}],"collection":[{"href":"https:\/\/paracherkaoui.ma\/index.php\/wp-json\/wp\/v2\/product"}],"about":[{"href":"https:\/\/paracherkaoui.ma\/index.php\/wp-json\/wp\/v2\/types\/product"}],"replies":[{"embeddable":true,"href":"https:\/\/paracherkaoui.ma\/index.php\/wp-json\/wp\/v2\/comments?post=52253"}],"version-history":[{"count":1,"href":"https:\/\/paracherkaoui.ma\/index.php\/wp-json\/wp\/v2\/product\/52253\/revisions"}],"predecessor-version":[{"id":52304,"href":"https:\/\/paracherkaoui.ma\/index.php\/wp-json\/wp\/v2\/product\/52253\/revisions\/52304"}],"wp:featuredmedia":[{"embeddable":true,"href":"https:\/\/paracherkaoui.ma\/index.php\/wp-json\/wp\/v2\/media\/52303"}],"wp:attachment":[{"href":"https:\/\/paracherkaoui.ma\/index.php\/wp-json\/wp\/v2\/media?parent=52253"}],"wp:term":[{"taxonomy":"product_brand","embeddable":true,"href":"https:\/\/paracherkaoui.ma\/index.php\/wp-json\/wp\/v2\/product_brand?post=52253"},{"taxonomy":"product_cat","embeddable":true,"href":"https:\/\/paracherkaoui.ma\/index.php\/wp-json\/wp\/v2\/product_cat?post=52253"},{"taxonomy":"product_tag","embeddable":true,"href":"https:\/\/paracherkaoui.ma\/index.php\/wp-json\/wp\/v2\/product_tag?post=52253"}],"curies":[{"name":"wp","href":"https:\/\/api.w.org\/{rel}","templated":true}]}}