{"id":52244,"date":"2025-12-12T19:35:47","date_gmt":"2025-12-12T18:35:47","guid":{"rendered":"https:\/\/test.ecbeaute.com\/?post_type=product&#038;p=52244"},"modified":"2025-12-12T19:35:51","modified_gmt":"2025-12-12T18:35:51","slug":"thuasne-poignet-neoprene-noir","status":"publish","type":"product","link":"https:\/\/paracherkaoui.ma\/index.php\/produit\/thuasne-poignet-neoprene-noir\/","title":{"rendered":"THUASNE POIGNET NEOPRENE NOIR"},"content":{"rendered":"<p>Le poignet \u00e9lastique Thuasne sport contribue au maintien du poignet pendant l\u2019activit\u00e9 sportive (par exemple tennis, basketball, handball\u2026). Il est adapt\u00e9 pour la reprise du sport apr\u00e8s une tendinite ou une entorse au poignet. Cette orth\u00e8se souple est dot\u00e9e d\u2019un syst\u00e8me de fermeture r\u00e9glable \u00e0 l\u2019aide d\u2019auto-agrippant pour ajuster le niveau de compression.<br \/>\nConseils d&rsquo;utilisation:<br \/>\nOuvrir les attaches auto-agrippantes, enfiler l\u2019attelle en positionnant le pouce dans son emplacement. Resserrer l\u2019attelle avec les attaches auto-agrippantes. Le produit est ambidextre (s\u2019adapte aux deux poignets)<\/p>\n","protected":false},"excerpt":{"rendered":"<p>Le poignet \u00e9lastique Thuasne sport contribue au maintien du poignet pendant l\u2019activit\u00e9 sportive (par exemple tennis, basketball, handball\u2026). Il est<\/p>\n","protected":false},"featured_media":52286,"comment_status":"open","ping_status":"closed","template":"","meta":[],"product_brand":[975],"product_cat":[967],"product_tag":[],"class_list":{"0":"post-52244","1":"product","2":"type-product","3":"status-publish","4":"has-post-thumbnail","6":"product_brand-thuasne","7":"product_cat-orthopedie","9":"first","10":"instock","11":"shipping-taxable","12":"purchasable","13":"product-type-simple"},"yoast_head":"<!-- This site is optimized with the Yoast SEO plugin v26.6 - https:\/\/yoast.com\/wordpress\/plugins\/seo\/ -->\r\n<title>THUASNE POIGNET NEOPRENE NOIR - Paracherkaoui.ma<\/title>\r\n<meta name=\"robots\" content=\"index, follow, max-snippet:-1, max-image-preview:large, max-video-preview:-1\" \/>\r\n<link rel=\"canonical\" href=\"https:\/\/paracherkaoui.ma\/index.php\/produit\/thuasne-poignet-neoprene-noir\/\" \/>\r\n<meta property=\"og:locale\" content=\"fr_FR\" \/>\r\n<meta property=\"og:type\" content=\"article\" \/>\r\n<meta property=\"og:title\" content=\"THUASNE POIGNET NEOPRENE NOIR - Paracherkaoui.ma\" \/>\r\n<meta property=\"og:description\" content=\"Le poignet \u00e9lastique Thuasne sport contribue au maintien du poignet pendant l\u2019activit\u00e9 sportive (par exemple tennis, basketball, handball\u2026). Il est\" \/>\r\n<meta property=\"og:url\" content=\"https:\/\/paracherkaoui.ma\/index.php\/produit\/thuasne-poignet-neoprene-noir\/\" \/>\r\n<meta property=\"og:site_name\" content=\"Paracherkaoui.ma\" \/>\r\n<meta property=\"article:modified_time\" content=\"2025-12-12T18:35:51+00:00\" \/>\r\n<meta property=\"og:image\" content=\"https:\/\/paracherkaoui.ma\/wp-content\/uploads\/2025\/12\/thuasne-thuasne-poignet-neoprene-noir-orthopedie.jpg\" \/>\r\n\t<meta property=\"og:image:width\" content=\"700\" \/>\r\n\t<meta property=\"og:image:height\" content=\"700\" \/>\r\n\t<meta property=\"og:image:type\" content=\"image\/jpeg\" \/>\r\n<meta name=\"twitter:card\" content=\"summary_large_image\" \/>\r\n<script type=\"application\/ld+json\" class=\"yoast-schema-graph\">{\"@context\":\"https:\/\/schema.org\",\"@graph\":[{\"@type\":\"WebPage\",\"@id\":\"https:\/\/paracherkaoui.ma\/index.php\/produit\/thuasne-poignet-neoprene-noir\/\",\"url\":\"https:\/\/paracherkaoui.ma\/index.php\/produit\/thuasne-poignet-neoprene-noir\/\",\"name\":\"THUASNE POIGNET NEOPRENE NOIR - Paracherkaoui.ma\",\"isPartOf\":{\"@id\":\"https:\/\/paracherkaoui.ma\/#website\"},\"primaryImageOfPage\":{\"@id\":\"https:\/\/paracherkaoui.ma\/index.php\/produit\/thuasne-poignet-neoprene-noir\/#primaryimage\"},\"image\":{\"@id\":\"https:\/\/paracherkaoui.ma\/index.php\/produit\/thuasne-poignet-neoprene-noir\/#primaryimage\"},\"thumbnailUrl\":\"https:\/\/paracherkaoui.ma\/wp-content\/uploads\/2025\/12\/thuasne-thuasne-poignet-neoprene-noir-orthopedie.jpg\",\"datePublished\":\"2025-12-12T18:35:47+00:00\",\"dateModified\":\"2025-12-12T18:35:51+00:00\",\"breadcrumb\":{\"@id\":\"https:\/\/paracherkaoui.ma\/index.php\/produit\/thuasne-poignet-neoprene-noir\/#breadcrumb\"},\"inLanguage\":\"fr-FR\",\"potentialAction\":[{\"@type\":\"ReadAction\",\"target\":[\"https:\/\/paracherkaoui.ma\/index.php\/produit\/thuasne-poignet-neoprene-noir\/\"]}]},{\"@type\":\"ImageObject\",\"inLanguage\":\"fr-FR\",\"@id\":\"https:\/\/paracherkaoui.ma\/index.php\/produit\/thuasne-poignet-neoprene-noir\/#primaryimage\",\"url\":\"https:\/\/paracherkaoui.ma\/wp-content\/uploads\/2025\/12\/thuasne-thuasne-poignet-neoprene-noir-orthopedie.jpg\",\"contentUrl\":\"https:\/\/paracherkaoui.ma\/wp-content\/uploads\/2025\/12\/thuasne-thuasne-poignet-neoprene-noir-orthopedie.jpg\",\"width\":700,\"height\":700},{\"@type\":\"BreadcrumbList\",\"@id\":\"https:\/\/paracherkaoui.ma\/index.php\/produit\/thuasne-poignet-neoprene-noir\/#breadcrumb\",\"itemListElement\":[{\"@type\":\"ListItem\",\"position\":1,\"name\":\"Accueil\",\"item\":\"https:\/\/paracherkaoui.ma\/\"},{\"@type\":\"ListItem\",\"position\":2,\"name\":\"Boutique\",\"item\":\"https:\/\/paracherkaoui.ma\/index.php\/boutique\/\"},{\"@type\":\"ListItem\",\"position\":3,\"name\":\"THUASNE POIGNET NEOPRENE NOIR\"}]},{\"@type\":\"WebSite\",\"@id\":\"https:\/\/paracherkaoui.ma\/#website\",\"url\":\"https:\/\/paracherkaoui.ma\/\",\"name\":\"Paracherkaoui.ma\",\"description\":\"Achetez en ligne sur Paracherkaoui.ma\",\"potentialAction\":[{\"@type\":\"SearchAction\",\"target\":{\"@type\":\"EntryPoint\",\"urlTemplate\":\"https:\/\/paracherkaoui.ma\/?s={search_term_string}\"},\"query-input\":{\"@type\":\"PropertyValueSpecification\",\"valueRequired\":true,\"valueName\":\"search_term_string\"}}],\"inLanguage\":\"fr-FR\"}]}<\/script>\r\n<!-- \/ Yoast SEO plugin. -->","yoast_head_json":{"title":"THUASNE POIGNET NEOPRENE NOIR - Paracherkaoui.ma","robots":{"index":"index","follow":"follow","max-snippet":"max-snippet:-1","max-image-preview":"max-image-preview:large","max-video-preview":"max-video-preview:-1"},"canonical":"https:\/\/paracherkaoui.ma\/index.php\/produit\/thuasne-poignet-neoprene-noir\/","og_locale":"fr_FR","og_type":"article","og_title":"THUASNE POIGNET NEOPRENE NOIR - Paracherkaoui.ma","og_description":"Le poignet \u00e9lastique Thuasne sport contribue au maintien du poignet pendant l\u2019activit\u00e9 sportive (par exemple tennis, basketball, handball\u2026). Il est","og_url":"https:\/\/paracherkaoui.ma\/index.php\/produit\/thuasne-poignet-neoprene-noir\/","og_site_name":"Paracherkaoui.ma","article_modified_time":"2025-12-12T18:35:51+00:00","og_image":[{"width":700,"height":700,"url":"https:\/\/paracherkaoui.ma\/wp-content\/uploads\/2025\/12\/thuasne-thuasne-poignet-neoprene-noir-orthopedie.jpg","type":"image\/jpeg"}],"twitter_card":"summary_large_image","schema":{"@context":"https:\/\/schema.org","@graph":[{"@type":"WebPage","@id":"https:\/\/paracherkaoui.ma\/index.php\/produit\/thuasne-poignet-neoprene-noir\/","url":"https:\/\/paracherkaoui.ma\/index.php\/produit\/thuasne-poignet-neoprene-noir\/","name":"THUASNE POIGNET NEOPRENE NOIR - Paracherkaoui.ma","isPartOf":{"@id":"https:\/\/paracherkaoui.ma\/#website"},"primaryImageOfPage":{"@id":"https:\/\/paracherkaoui.ma\/index.php\/produit\/thuasne-poignet-neoprene-noir\/#primaryimage"},"image":{"@id":"https:\/\/paracherkaoui.ma\/index.php\/produit\/thuasne-poignet-neoprene-noir\/#primaryimage"},"thumbnailUrl":"https:\/\/paracherkaoui.ma\/wp-content\/uploads\/2025\/12\/thuasne-thuasne-poignet-neoprene-noir-orthopedie.jpg","datePublished":"2025-12-12T18:35:47+00:00","dateModified":"2025-12-12T18:35:51+00:00","breadcrumb":{"@id":"https:\/\/paracherkaoui.ma\/index.php\/produit\/thuasne-poignet-neoprene-noir\/#breadcrumb"},"inLanguage":"fr-FR","potentialAction":[{"@type":"ReadAction","target":["https:\/\/paracherkaoui.ma\/index.php\/produit\/thuasne-poignet-neoprene-noir\/"]}]},{"@type":"ImageObject","inLanguage":"fr-FR","@id":"https:\/\/paracherkaoui.ma\/index.php\/produit\/thuasne-poignet-neoprene-noir\/#primaryimage","url":"https:\/\/paracherkaoui.ma\/wp-content\/uploads\/2025\/12\/thuasne-thuasne-poignet-neoprene-noir-orthopedie.jpg","contentUrl":"https:\/\/paracherkaoui.ma\/wp-content\/uploads\/2025\/12\/thuasne-thuasne-poignet-neoprene-noir-orthopedie.jpg","width":700,"height":700},{"@type":"BreadcrumbList","@id":"https:\/\/paracherkaoui.ma\/index.php\/produit\/thuasne-poignet-neoprene-noir\/#breadcrumb","itemListElement":[{"@type":"ListItem","position":1,"name":"Accueil","item":"https:\/\/paracherkaoui.ma\/"},{"@type":"ListItem","position":2,"name":"Boutique","item":"https:\/\/paracherkaoui.ma\/index.php\/boutique\/"},{"@type":"ListItem","position":3,"name":"THUASNE POIGNET NEOPRENE NOIR"}]},{"@type":"WebSite","@id":"https:\/\/paracherkaoui.ma\/#website","url":"https:\/\/paracherkaoui.ma\/","name":"Paracherkaoui.ma","description":"Achetez en ligne sur Paracherkaoui.ma","potentialAction":[{"@type":"SearchAction","target":{"@type":"EntryPoint","urlTemplate":"https:\/\/paracherkaoui.ma\/?s={search_term_string}"},"query-input":{"@type":"PropertyValueSpecification","valueRequired":true,"valueName":"search_term_string"}}],"inLanguage":"fr-FR"}]}},"_links":{"self":[{"href":"https:\/\/paracherkaoui.ma\/index.php\/wp-json\/wp\/v2\/product\/52244","targetHints":{"allow":["GET"]}}],"collection":[{"href":"https:\/\/paracherkaoui.ma\/index.php\/wp-json\/wp\/v2\/product"}],"about":[{"href":"https:\/\/paracherkaoui.ma\/index.php\/wp-json\/wp\/v2\/types\/product"}],"replies":[{"embeddable":true,"href":"https:\/\/paracherkaoui.ma\/index.php\/wp-json\/wp\/v2\/comments?post=52244"}],"version-history":[{"count":1,"href":"https:\/\/paracherkaoui.ma\/index.php\/wp-json\/wp\/v2\/product\/52244\/revisions"}],"predecessor-version":[{"id":52287,"href":"https:\/\/paracherkaoui.ma\/index.php\/wp-json\/wp\/v2\/product\/52244\/revisions\/52287"}],"wp:featuredmedia":[{"embeddable":true,"href":"https:\/\/paracherkaoui.ma\/index.php\/wp-json\/wp\/v2\/media\/52286"}],"wp:attachment":[{"href":"https:\/\/paracherkaoui.ma\/index.php\/wp-json\/wp\/v2\/media?parent=52244"}],"wp:term":[{"taxonomy":"product_brand","embeddable":true,"href":"https:\/\/paracherkaoui.ma\/index.php\/wp-json\/wp\/v2\/product_brand?post=52244"},{"taxonomy":"product_cat","embeddable":true,"href":"https:\/\/paracherkaoui.ma\/index.php\/wp-json\/wp\/v2\/product_cat?post=52244"},{"taxonomy":"product_tag","embeddable":true,"href":"https:\/\/paracherkaoui.ma\/index.php\/wp-json\/wp\/v2\/product_tag?post=52244"}],"curies":[{"name":"wp","href":"https:\/\/api.w.org\/{rel}","templated":true}]}}