{"id":52242,"date":"2025-12-12T19:35:46","date_gmt":"2025-12-12T18:35:46","guid":{"rendered":"https:\/\/test.ecbeaute.com\/?post_type=product&#038;p=52242"},"modified":"2025-12-12T19:35:51","modified_gmt":"2025-12-12T18:35:51","slug":"firstar-waterproof-cast-bandage-protector-adulte","status":"publish","type":"product","link":"https:\/\/paracherkaoui.ma\/index.php\/produit\/firstar-waterproof-cast-bandage-protector-adulte\/","title":{"rendered":"FIRSTAR WATERPROOF CAST BANDAGE PROTECTOR ADULTE"},"content":{"rendered":"<p>Fabriqu\u00e9 en plastique transparent de qualit\u00e9 m\u00e9dicale, ce prot\u00e8ge-pl\u00e2tre \u00e9pouse parfaitement la forme du bras, tout en offrant une libert\u00e9 de mouvement optimale. Sa texture souple permet une mise en place facile, sans douleur ni contrainte, m\u00eame sur une peau sensible ou bless\u00e9e. Sa conception robuste garantit une \u00e9tanch\u00e9it\u00e9 compl\u00e8te, emp\u00eachant toute infiltration d\u2019eau pendant l\u2019utilisation sous la douche ou dans un environnement humide.<br \/>\nContrairement aux solutions jetables, le FIRSTAR Cast Bandage Protector peut \u00eatre utilis\u00e9 plusieurs fois, ce qui le rend \u00e9cologique et \u00e9conomique. Il suffit de l\u2019essuyer apr\u00e8s chaque usage et de le ranger dans un endroit sec. Id\u00e9al pour les personnes en convalescence, les sportifs ou les patients post-op\u00e9ratoires, ce dispositif allie protection, confort et s\u00e9curit\u00e9 au quotidien.<br \/>\nConseils d\u2019utilisation<br \/>\nAvant usage, assurez-vous que le bras est propre et sec.<br \/>\nEnfilez d\u00e9licatement la protection sur le bras en commen\u00e7ant par l\u2019extr\u00e9mit\u00e9.<br \/>\nV\u00e9rifiez que l\u2019ouverture \u00e9lastique est bien ajust\u00e9e pour \u00e9viter toute infiltration d\u2019eau.<br \/>\nApr\u00e8s usage, retirez doucement, s\u00e9chez avec une serviette et laissez a\u00e9rer.<br \/>\nNe pas utiliser pour nager ou immerger totalement le bras dans l\u2019eau.<\/p>\n","protected":false},"excerpt":{"rendered":"<p>Fabriqu\u00e9 en plastique transparent de qualit\u00e9 m\u00e9dicale, ce prot\u00e8ge-pl\u00e2tre \u00e9pouse parfaitement la forme du bras, tout en offrant une libert\u00e9<\/p>\n","protected":false},"featured_media":52283,"comment_status":"open","ping_status":"closed","template":"","meta":[],"product_brand":[976],"product_cat":[967],"product_tag":[],"class_list":{"0":"post-52242","1":"product","2":"type-product","3":"status-publish","4":"has-post-thumbnail","6":"product_brand-firstar","7":"product_cat-orthopedie","9":"first","10":"instock","11":"shipping-taxable","12":"purchasable","13":"product-type-simple"},"yoast_head":"<!-- This site is optimized with the Yoast SEO plugin v26.6 - https:\/\/yoast.com\/wordpress\/plugins\/seo\/ -->\r\n<title>FIRSTAR WATERPROOF CAST BANDAGE PROTECTOR ADULTE - Paracherkaoui.ma<\/title>\r\n<meta name=\"robots\" content=\"index, follow, max-snippet:-1, max-image-preview:large, max-video-preview:-1\" \/>\r\n<link rel=\"canonical\" href=\"https:\/\/paracherkaoui.ma\/index.php\/produit\/firstar-waterproof-cast-bandage-protector-adulte\/\" \/>\r\n<meta property=\"og:locale\" content=\"fr_FR\" \/>\r\n<meta property=\"og:type\" content=\"article\" \/>\r\n<meta property=\"og:title\" content=\"FIRSTAR WATERPROOF CAST BANDAGE PROTECTOR ADULTE - Paracherkaoui.ma\" \/>\r\n<meta property=\"og:description\" content=\"Fabriqu\u00e9 en plastique transparent de qualit\u00e9 m\u00e9dicale, ce prot\u00e8ge-pl\u00e2tre \u00e9pouse parfaitement la forme du bras, tout en offrant une libert\u00e9\" \/>\r\n<meta property=\"og:url\" content=\"https:\/\/paracherkaoui.ma\/index.php\/produit\/firstar-waterproof-cast-bandage-protector-adulte\/\" \/>\r\n<meta property=\"og:site_name\" content=\"Paracherkaoui.ma\" \/>\r\n<meta property=\"article:modified_time\" content=\"2025-12-12T18:35:51+00:00\" \/>\r\n<meta property=\"og:image\" content=\"https:\/\/paracherkaoui.ma\/wp-content\/uploads\/2025\/12\/firstar-firstar-waterproof-cast-bandage-protector-adulte-podologie-et-bas-varices.jpg\" \/>\r\n\t<meta property=\"og:image:width\" content=\"700\" \/>\r\n\t<meta property=\"og:image:height\" content=\"700\" \/>\r\n\t<meta property=\"og:image:type\" content=\"image\/jpeg\" \/>\r\n<meta name=\"twitter:card\" content=\"summary_large_image\" \/>\r\n<meta name=\"twitter:label1\" content=\"Dur\u00e9e de lecture estim\u00e9e\" \/>\n\t<meta name=\"twitter:data1\" content=\"1 minute\" \/>\r\n<script type=\"application\/ld+json\" class=\"yoast-schema-graph\">{\"@context\":\"https:\/\/schema.org\",\"@graph\":[{\"@type\":\"WebPage\",\"@id\":\"https:\/\/paracherkaoui.ma\/index.php\/produit\/firstar-waterproof-cast-bandage-protector-adulte\/\",\"url\":\"https:\/\/paracherkaoui.ma\/index.php\/produit\/firstar-waterproof-cast-bandage-protector-adulte\/\",\"name\":\"FIRSTAR WATERPROOF CAST BANDAGE PROTECTOR ADULTE - Paracherkaoui.ma\",\"isPartOf\":{\"@id\":\"https:\/\/paracherkaoui.ma\/#website\"},\"primaryImageOfPage\":{\"@id\":\"https:\/\/paracherkaoui.ma\/index.php\/produit\/firstar-waterproof-cast-bandage-protector-adulte\/#primaryimage\"},\"image\":{\"@id\":\"https:\/\/paracherkaoui.ma\/index.php\/produit\/firstar-waterproof-cast-bandage-protector-adulte\/#primaryimage\"},\"thumbnailUrl\":\"https:\/\/paracherkaoui.ma\/wp-content\/uploads\/2025\/12\/firstar-firstar-waterproof-cast-bandage-protector-adulte-podologie-et-bas-varices.jpg\",\"datePublished\":\"2025-12-12T18:35:46+00:00\",\"dateModified\":\"2025-12-12T18:35:51+00:00\",\"breadcrumb\":{\"@id\":\"https:\/\/paracherkaoui.ma\/index.php\/produit\/firstar-waterproof-cast-bandage-protector-adulte\/#breadcrumb\"},\"inLanguage\":\"fr-FR\",\"potentialAction\":[{\"@type\":\"ReadAction\",\"target\":[\"https:\/\/paracherkaoui.ma\/index.php\/produit\/firstar-waterproof-cast-bandage-protector-adulte\/\"]}]},{\"@type\":\"ImageObject\",\"inLanguage\":\"fr-FR\",\"@id\":\"https:\/\/paracherkaoui.ma\/index.php\/produit\/firstar-waterproof-cast-bandage-protector-adulte\/#primaryimage\",\"url\":\"https:\/\/paracherkaoui.ma\/wp-content\/uploads\/2025\/12\/firstar-firstar-waterproof-cast-bandage-protector-adulte-podologie-et-bas-varices.jpg\",\"contentUrl\":\"https:\/\/paracherkaoui.ma\/wp-content\/uploads\/2025\/12\/firstar-firstar-waterproof-cast-bandage-protector-adulte-podologie-et-bas-varices.jpg\",\"width\":700,\"height\":700},{\"@type\":\"BreadcrumbList\",\"@id\":\"https:\/\/paracherkaoui.ma\/index.php\/produit\/firstar-waterproof-cast-bandage-protector-adulte\/#breadcrumb\",\"itemListElement\":[{\"@type\":\"ListItem\",\"position\":1,\"name\":\"Accueil\",\"item\":\"https:\/\/paracherkaoui.ma\/\"},{\"@type\":\"ListItem\",\"position\":2,\"name\":\"Boutique\",\"item\":\"https:\/\/paracherkaoui.ma\/index.php\/boutique\/\"},{\"@type\":\"ListItem\",\"position\":3,\"name\":\"FIRSTAR WATERPROOF CAST BANDAGE PROTECTOR ADULTE\"}]},{\"@type\":\"WebSite\",\"@id\":\"https:\/\/paracherkaoui.ma\/#website\",\"url\":\"https:\/\/paracherkaoui.ma\/\",\"name\":\"Paracherkaoui.ma\",\"description\":\"Achetez en ligne sur Paracherkaoui.ma\",\"potentialAction\":[{\"@type\":\"SearchAction\",\"target\":{\"@type\":\"EntryPoint\",\"urlTemplate\":\"https:\/\/paracherkaoui.ma\/?s={search_term_string}\"},\"query-input\":{\"@type\":\"PropertyValueSpecification\",\"valueRequired\":true,\"valueName\":\"search_term_string\"}}],\"inLanguage\":\"fr-FR\"}]}<\/script>\r\n<!-- \/ Yoast SEO plugin. -->","yoast_head_json":{"title":"FIRSTAR WATERPROOF CAST BANDAGE PROTECTOR ADULTE - Paracherkaoui.ma","robots":{"index":"index","follow":"follow","max-snippet":"max-snippet:-1","max-image-preview":"max-image-preview:large","max-video-preview":"max-video-preview:-1"},"canonical":"https:\/\/paracherkaoui.ma\/index.php\/produit\/firstar-waterproof-cast-bandage-protector-adulte\/","og_locale":"fr_FR","og_type":"article","og_title":"FIRSTAR WATERPROOF CAST BANDAGE PROTECTOR ADULTE - Paracherkaoui.ma","og_description":"Fabriqu\u00e9 en plastique transparent de qualit\u00e9 m\u00e9dicale, ce prot\u00e8ge-pl\u00e2tre \u00e9pouse parfaitement la forme du bras, tout en offrant une libert\u00e9","og_url":"https:\/\/paracherkaoui.ma\/index.php\/produit\/firstar-waterproof-cast-bandage-protector-adulte\/","og_site_name":"Paracherkaoui.ma","article_modified_time":"2025-12-12T18:35:51+00:00","og_image":[{"width":700,"height":700,"url":"https:\/\/paracherkaoui.ma\/wp-content\/uploads\/2025\/12\/firstar-firstar-waterproof-cast-bandage-protector-adulte-podologie-et-bas-varices.jpg","type":"image\/jpeg"}],"twitter_card":"summary_large_image","twitter_misc":{"Dur\u00e9e de lecture estim\u00e9e":"1 minute"},"schema":{"@context":"https:\/\/schema.org","@graph":[{"@type":"WebPage","@id":"https:\/\/paracherkaoui.ma\/index.php\/produit\/firstar-waterproof-cast-bandage-protector-adulte\/","url":"https:\/\/paracherkaoui.ma\/index.php\/produit\/firstar-waterproof-cast-bandage-protector-adulte\/","name":"FIRSTAR WATERPROOF CAST BANDAGE PROTECTOR ADULTE - Paracherkaoui.ma","isPartOf":{"@id":"https:\/\/paracherkaoui.ma\/#website"},"primaryImageOfPage":{"@id":"https:\/\/paracherkaoui.ma\/index.php\/produit\/firstar-waterproof-cast-bandage-protector-adulte\/#primaryimage"},"image":{"@id":"https:\/\/paracherkaoui.ma\/index.php\/produit\/firstar-waterproof-cast-bandage-protector-adulte\/#primaryimage"},"thumbnailUrl":"https:\/\/paracherkaoui.ma\/wp-content\/uploads\/2025\/12\/firstar-firstar-waterproof-cast-bandage-protector-adulte-podologie-et-bas-varices.jpg","datePublished":"2025-12-12T18:35:46+00:00","dateModified":"2025-12-12T18:35:51+00:00","breadcrumb":{"@id":"https:\/\/paracherkaoui.ma\/index.php\/produit\/firstar-waterproof-cast-bandage-protector-adulte\/#breadcrumb"},"inLanguage":"fr-FR","potentialAction":[{"@type":"ReadAction","target":["https:\/\/paracherkaoui.ma\/index.php\/produit\/firstar-waterproof-cast-bandage-protector-adulte\/"]}]},{"@type":"ImageObject","inLanguage":"fr-FR","@id":"https:\/\/paracherkaoui.ma\/index.php\/produit\/firstar-waterproof-cast-bandage-protector-adulte\/#primaryimage","url":"https:\/\/paracherkaoui.ma\/wp-content\/uploads\/2025\/12\/firstar-firstar-waterproof-cast-bandage-protector-adulte-podologie-et-bas-varices.jpg","contentUrl":"https:\/\/paracherkaoui.ma\/wp-content\/uploads\/2025\/12\/firstar-firstar-waterproof-cast-bandage-protector-adulte-podologie-et-bas-varices.jpg","width":700,"height":700},{"@type":"BreadcrumbList","@id":"https:\/\/paracherkaoui.ma\/index.php\/produit\/firstar-waterproof-cast-bandage-protector-adulte\/#breadcrumb","itemListElement":[{"@type":"ListItem","position":1,"name":"Accueil","item":"https:\/\/paracherkaoui.ma\/"},{"@type":"ListItem","position":2,"name":"Boutique","item":"https:\/\/paracherkaoui.ma\/index.php\/boutique\/"},{"@type":"ListItem","position":3,"name":"FIRSTAR WATERPROOF CAST BANDAGE PROTECTOR ADULTE"}]},{"@type":"WebSite","@id":"https:\/\/paracherkaoui.ma\/#website","url":"https:\/\/paracherkaoui.ma\/","name":"Paracherkaoui.ma","description":"Achetez en ligne sur Paracherkaoui.ma","potentialAction":[{"@type":"SearchAction","target":{"@type":"EntryPoint","urlTemplate":"https:\/\/paracherkaoui.ma\/?s={search_term_string}"},"query-input":{"@type":"PropertyValueSpecification","valueRequired":true,"valueName":"search_term_string"}}],"inLanguage":"fr-FR"}]}},"_links":{"self":[{"href":"https:\/\/paracherkaoui.ma\/index.php\/wp-json\/wp\/v2\/product\/52242","targetHints":{"allow":["GET"]}}],"collection":[{"href":"https:\/\/paracherkaoui.ma\/index.php\/wp-json\/wp\/v2\/product"}],"about":[{"href":"https:\/\/paracherkaoui.ma\/index.php\/wp-json\/wp\/v2\/types\/product"}],"replies":[{"embeddable":true,"href":"https:\/\/paracherkaoui.ma\/index.php\/wp-json\/wp\/v2\/comments?post=52242"}],"version-history":[{"count":1,"href":"https:\/\/paracherkaoui.ma\/index.php\/wp-json\/wp\/v2\/product\/52242\/revisions"}],"predecessor-version":[{"id":52284,"href":"https:\/\/paracherkaoui.ma\/index.php\/wp-json\/wp\/v2\/product\/52242\/revisions\/52284"}],"wp:featuredmedia":[{"embeddable":true,"href":"https:\/\/paracherkaoui.ma\/index.php\/wp-json\/wp\/v2\/media\/52283"}],"wp:attachment":[{"href":"https:\/\/paracherkaoui.ma\/index.php\/wp-json\/wp\/v2\/media?parent=52242"}],"wp:term":[{"taxonomy":"product_brand","embeddable":true,"href":"https:\/\/paracherkaoui.ma\/index.php\/wp-json\/wp\/v2\/product_brand?post=52242"},{"taxonomy":"product_cat","embeddable":true,"href":"https:\/\/paracherkaoui.ma\/index.php\/wp-json\/wp\/v2\/product_cat?post=52242"},{"taxonomy":"product_tag","embeddable":true,"href":"https:\/\/paracherkaoui.ma\/index.php\/wp-json\/wp\/v2\/product_tag?post=52242"}],"curies":[{"name":"wp","href":"https:\/\/api.w.org\/{rel}","templated":true}]}}