{"id":52164,"date":"2025-12-12T19:35:36","date_gmt":"2025-12-12T18:35:36","guid":{"rendered":"https:\/\/test.ecbeaute.com\/?post_type=product&#038;p=52164"},"modified":"2025-12-12T19:35:44","modified_gmt":"2025-12-12T18:35:44","slug":"beurer-oxymetre-de-pouls-po-30","status":"publish","type":"product","link":"https:\/\/paracherkaoui.ma\/index.php\/produit\/beurer-oxymetre-de-pouls-po-30\/","title":{"rendered":"BEURER OXYMETRE DE POULS PO 30"},"content":{"rendered":"<p>Gr\u00e2ce \u00e0 loxym\u00e8tre de pouls, surveillez votre saturation puls\u00e9e en oxyg\u00e8ne dans le sang. Cela peut \u00eatre n\u00e9cessaire pour les sports pratiqu\u00e9s \u00e0 haute altitude ou en cas de probl\u00e8mes de sant\u00e9. Le pouls saffiche \u00e9galement de fa\u00e7on graphique sur l\u00e9cran couleur.<br \/>\nMesure de la SpO2 comme signe vital potentiel en cas de maladies aigu\u00ebs et de la fr\u00e9quence cardiaque (pouls)<br \/>\nConvient particuli\u00e8rement aux personnes souffrant\u00a0:\u00a0dinsuffisance cardiaque,\u00a0de broncho-pneumopathie chronique obstructive,\u00a0dasthme bronchique<br \/>\nUtilisation possible pour les sports pratiqu\u00e9s \u00e0 haute altitude<br \/>\n\u00c9cran couleur avec 4\u00a0perspectives<br \/>\nLuminosit\u00e9 de l\u00e9cran r\u00e9glable<br \/>\nAffichage graphique du pouls<br \/>\nPetit et l\u00e9ger\u00a0: pour une utilisation \u00e0 domicile ou en d\u00e9placement<br \/>\nArr\u00eat automatique<br \/>\nIndicateur de changement des piles<br \/>\nDragonne et poche de ceinture fournie<br \/>\nProduit m\u00e9dical<\/p>\n","protected":false},"excerpt":{"rendered":"<p>Gr\u00e2ce \u00e0 loxym\u00e8tre de pouls, surveillez votre saturation puls\u00e9e en oxyg\u00e8ne dans le sang. Cela peut \u00eatre n\u00e9cessaire pour les<\/p>\n","protected":false},"featured_media":52220,"comment_status":"open","ping_status":"closed","template":"","meta":[],"product_brand":[463],"product_cat":[967],"product_tag":[],"class_list":{"0":"post-52164","1":"product","2":"type-product","3":"status-publish","4":"has-post-thumbnail","6":"product_brand-beurer","7":"product_cat-orthopedie","9":"first","10":"instock","11":"shipping-taxable","12":"purchasable","13":"product-type-simple"},"yoast_head":"<!-- This site is optimized with the Yoast SEO plugin v26.6 - https:\/\/yoast.com\/wordpress\/plugins\/seo\/ -->\r\n<title>BEURER OXYMETRE DE POULS PO 30 - Paracherkaoui.ma<\/title>\r\n<meta name=\"robots\" content=\"index, follow, max-snippet:-1, max-image-preview:large, max-video-preview:-1\" \/>\r\n<link rel=\"canonical\" href=\"https:\/\/paracherkaoui.ma\/index.php\/produit\/beurer-oxymetre-de-pouls-po-30\/\" \/>\r\n<meta property=\"og:locale\" content=\"fr_FR\" \/>\r\n<meta property=\"og:type\" content=\"article\" \/>\r\n<meta property=\"og:title\" content=\"BEURER OXYMETRE DE POULS PO 30 - Paracherkaoui.ma\" \/>\r\n<meta property=\"og:description\" content=\"Gr\u00e2ce \u00e0 loxym\u00e8tre de pouls, surveillez votre saturation puls\u00e9e en oxyg\u00e8ne dans le sang. Cela peut \u00eatre n\u00e9cessaire pour les\" \/>\r\n<meta property=\"og:url\" content=\"https:\/\/paracherkaoui.ma\/index.php\/produit\/beurer-oxymetre-de-pouls-po-30\/\" \/>\r\n<meta property=\"og:site_name\" content=\"Paracherkaoui.ma\" \/>\r\n<meta property=\"article:modified_time\" content=\"2025-12-12T18:35:44+00:00\" \/>\r\n<meta property=\"og:image\" content=\"https:\/\/paracherkaoui.ma\/wp-content\/uploads\/2025\/12\/beurer-oxymetre-de-pouls-po-30.jpg\" \/>\r\n\t<meta property=\"og:image:width\" content=\"700\" \/>\r\n\t<meta property=\"og:image:height\" content=\"700\" \/>\r\n\t<meta property=\"og:image:type\" content=\"image\/jpeg\" \/>\r\n<meta name=\"twitter:card\" content=\"summary_large_image\" \/>\r\n<meta name=\"twitter:label1\" content=\"Dur\u00e9e de lecture estim\u00e9e\" \/>\n\t<meta name=\"twitter:data1\" content=\"1 minute\" \/>\r\n<script type=\"application\/ld+json\" class=\"yoast-schema-graph\">{\"@context\":\"https:\/\/schema.org\",\"@graph\":[{\"@type\":\"WebPage\",\"@id\":\"https:\/\/paracherkaoui.ma\/index.php\/produit\/beurer-oxymetre-de-pouls-po-30\/\",\"url\":\"https:\/\/paracherkaoui.ma\/index.php\/produit\/beurer-oxymetre-de-pouls-po-30\/\",\"name\":\"BEURER OXYMETRE DE POULS PO 30 - Paracherkaoui.ma\",\"isPartOf\":{\"@id\":\"https:\/\/paracherkaoui.ma\/#website\"},\"primaryImageOfPage\":{\"@id\":\"https:\/\/paracherkaoui.ma\/index.php\/produit\/beurer-oxymetre-de-pouls-po-30\/#primaryimage\"},\"image\":{\"@id\":\"https:\/\/paracherkaoui.ma\/index.php\/produit\/beurer-oxymetre-de-pouls-po-30\/#primaryimage\"},\"thumbnailUrl\":\"https:\/\/paracherkaoui.ma\/wp-content\/uploads\/2025\/12\/beurer-oxymetre-de-pouls-po-30.jpg\",\"datePublished\":\"2025-12-12T18:35:36+00:00\",\"dateModified\":\"2025-12-12T18:35:44+00:00\",\"breadcrumb\":{\"@id\":\"https:\/\/paracherkaoui.ma\/index.php\/produit\/beurer-oxymetre-de-pouls-po-30\/#breadcrumb\"},\"inLanguage\":\"fr-FR\",\"potentialAction\":[{\"@type\":\"ReadAction\",\"target\":[\"https:\/\/paracherkaoui.ma\/index.php\/produit\/beurer-oxymetre-de-pouls-po-30\/\"]}]},{\"@type\":\"ImageObject\",\"inLanguage\":\"fr-FR\",\"@id\":\"https:\/\/paracherkaoui.ma\/index.php\/produit\/beurer-oxymetre-de-pouls-po-30\/#primaryimage\",\"url\":\"https:\/\/paracherkaoui.ma\/wp-content\/uploads\/2025\/12\/beurer-oxymetre-de-pouls-po-30.jpg\",\"contentUrl\":\"https:\/\/paracherkaoui.ma\/wp-content\/uploads\/2025\/12\/beurer-oxymetre-de-pouls-po-30.jpg\",\"width\":700,\"height\":700},{\"@type\":\"BreadcrumbList\",\"@id\":\"https:\/\/paracherkaoui.ma\/index.php\/produit\/beurer-oxymetre-de-pouls-po-30\/#breadcrumb\",\"itemListElement\":[{\"@type\":\"ListItem\",\"position\":1,\"name\":\"Accueil\",\"item\":\"https:\/\/paracherkaoui.ma\/\"},{\"@type\":\"ListItem\",\"position\":2,\"name\":\"Boutique\",\"item\":\"https:\/\/paracherkaoui.ma\/index.php\/boutique\/\"},{\"@type\":\"ListItem\",\"position\":3,\"name\":\"BEURER OXYMETRE DE POULS PO 30\"}]},{\"@type\":\"WebSite\",\"@id\":\"https:\/\/paracherkaoui.ma\/#website\",\"url\":\"https:\/\/paracherkaoui.ma\/\",\"name\":\"Paracherkaoui.ma\",\"description\":\"Achetez en ligne sur Paracherkaoui.ma\",\"potentialAction\":[{\"@type\":\"SearchAction\",\"target\":{\"@type\":\"EntryPoint\",\"urlTemplate\":\"https:\/\/paracherkaoui.ma\/?s={search_term_string}\"},\"query-input\":{\"@type\":\"PropertyValueSpecification\",\"valueRequired\":true,\"valueName\":\"search_term_string\"}}],\"inLanguage\":\"fr-FR\"}]}<\/script>\r\n<!-- \/ Yoast SEO plugin. -->","yoast_head_json":{"title":"BEURER OXYMETRE DE POULS PO 30 - Paracherkaoui.ma","robots":{"index":"index","follow":"follow","max-snippet":"max-snippet:-1","max-image-preview":"max-image-preview:large","max-video-preview":"max-video-preview:-1"},"canonical":"https:\/\/paracherkaoui.ma\/index.php\/produit\/beurer-oxymetre-de-pouls-po-30\/","og_locale":"fr_FR","og_type":"article","og_title":"BEURER OXYMETRE DE POULS PO 30 - Paracherkaoui.ma","og_description":"Gr\u00e2ce \u00e0 loxym\u00e8tre de pouls, surveillez votre saturation puls\u00e9e en oxyg\u00e8ne dans le sang. Cela peut \u00eatre n\u00e9cessaire pour les","og_url":"https:\/\/paracherkaoui.ma\/index.php\/produit\/beurer-oxymetre-de-pouls-po-30\/","og_site_name":"Paracherkaoui.ma","article_modified_time":"2025-12-12T18:35:44+00:00","og_image":[{"width":700,"height":700,"url":"https:\/\/paracherkaoui.ma\/wp-content\/uploads\/2025\/12\/beurer-oxymetre-de-pouls-po-30.jpg","type":"image\/jpeg"}],"twitter_card":"summary_large_image","twitter_misc":{"Dur\u00e9e de lecture estim\u00e9e":"1 minute"},"schema":{"@context":"https:\/\/schema.org","@graph":[{"@type":"WebPage","@id":"https:\/\/paracherkaoui.ma\/index.php\/produit\/beurer-oxymetre-de-pouls-po-30\/","url":"https:\/\/paracherkaoui.ma\/index.php\/produit\/beurer-oxymetre-de-pouls-po-30\/","name":"BEURER OXYMETRE DE POULS PO 30 - Paracherkaoui.ma","isPartOf":{"@id":"https:\/\/paracherkaoui.ma\/#website"},"primaryImageOfPage":{"@id":"https:\/\/paracherkaoui.ma\/index.php\/produit\/beurer-oxymetre-de-pouls-po-30\/#primaryimage"},"image":{"@id":"https:\/\/paracherkaoui.ma\/index.php\/produit\/beurer-oxymetre-de-pouls-po-30\/#primaryimage"},"thumbnailUrl":"https:\/\/paracherkaoui.ma\/wp-content\/uploads\/2025\/12\/beurer-oxymetre-de-pouls-po-30.jpg","datePublished":"2025-12-12T18:35:36+00:00","dateModified":"2025-12-12T18:35:44+00:00","breadcrumb":{"@id":"https:\/\/paracherkaoui.ma\/index.php\/produit\/beurer-oxymetre-de-pouls-po-30\/#breadcrumb"},"inLanguage":"fr-FR","potentialAction":[{"@type":"ReadAction","target":["https:\/\/paracherkaoui.ma\/index.php\/produit\/beurer-oxymetre-de-pouls-po-30\/"]}]},{"@type":"ImageObject","inLanguage":"fr-FR","@id":"https:\/\/paracherkaoui.ma\/index.php\/produit\/beurer-oxymetre-de-pouls-po-30\/#primaryimage","url":"https:\/\/paracherkaoui.ma\/wp-content\/uploads\/2025\/12\/beurer-oxymetre-de-pouls-po-30.jpg","contentUrl":"https:\/\/paracherkaoui.ma\/wp-content\/uploads\/2025\/12\/beurer-oxymetre-de-pouls-po-30.jpg","width":700,"height":700},{"@type":"BreadcrumbList","@id":"https:\/\/paracherkaoui.ma\/index.php\/produit\/beurer-oxymetre-de-pouls-po-30\/#breadcrumb","itemListElement":[{"@type":"ListItem","position":1,"name":"Accueil","item":"https:\/\/paracherkaoui.ma\/"},{"@type":"ListItem","position":2,"name":"Boutique","item":"https:\/\/paracherkaoui.ma\/index.php\/boutique\/"},{"@type":"ListItem","position":3,"name":"BEURER OXYMETRE DE POULS PO 30"}]},{"@type":"WebSite","@id":"https:\/\/paracherkaoui.ma\/#website","url":"https:\/\/paracherkaoui.ma\/","name":"Paracherkaoui.ma","description":"Achetez en ligne sur Paracherkaoui.ma","potentialAction":[{"@type":"SearchAction","target":{"@type":"EntryPoint","urlTemplate":"https:\/\/paracherkaoui.ma\/?s={search_term_string}"},"query-input":{"@type":"PropertyValueSpecification","valueRequired":true,"valueName":"search_term_string"}}],"inLanguage":"fr-FR"}]}},"_links":{"self":[{"href":"https:\/\/paracherkaoui.ma\/index.php\/wp-json\/wp\/v2\/product\/52164","targetHints":{"allow":["GET"]}}],"collection":[{"href":"https:\/\/paracherkaoui.ma\/index.php\/wp-json\/wp\/v2\/product"}],"about":[{"href":"https:\/\/paracherkaoui.ma\/index.php\/wp-json\/wp\/v2\/types\/product"}],"replies":[{"embeddable":true,"href":"https:\/\/paracherkaoui.ma\/index.php\/wp-json\/wp\/v2\/comments?post=52164"}],"version-history":[{"count":1,"href":"https:\/\/paracherkaoui.ma\/index.php\/wp-json\/wp\/v2\/product\/52164\/revisions"}],"predecessor-version":[{"id":52221,"href":"https:\/\/paracherkaoui.ma\/index.php\/wp-json\/wp\/v2\/product\/52164\/revisions\/52221"}],"wp:featuredmedia":[{"embeddable":true,"href":"https:\/\/paracherkaoui.ma\/index.php\/wp-json\/wp\/v2\/media\/52220"}],"wp:attachment":[{"href":"https:\/\/paracherkaoui.ma\/index.php\/wp-json\/wp\/v2\/media?parent=52164"}],"wp:term":[{"taxonomy":"product_brand","embeddable":true,"href":"https:\/\/paracherkaoui.ma\/index.php\/wp-json\/wp\/v2\/product_brand?post=52164"},{"taxonomy":"product_cat","embeddable":true,"href":"https:\/\/paracherkaoui.ma\/index.php\/wp-json\/wp\/v2\/product_cat?post=52164"},{"taxonomy":"product_tag","embeddable":true,"href":"https:\/\/paracherkaoui.ma\/index.php\/wp-json\/wp\/v2\/product_tag?post=52164"}],"curies":[{"name":"wp","href":"https:\/\/api.w.org\/{rel}","templated":true}]}}