{"id":52160,"date":"2025-12-12T19:35:36","date_gmt":"2025-12-12T18:35:36","guid":{"rendered":"https:\/\/test.ecbeaute.com\/?post_type=product&#038;p=52160"},"modified":"2025-12-12T19:35:43","modified_gmt":"2025-12-12T18:35:43","slug":"puressentiel-articulation-muscles-pureheat-roller-75-ml","status":"publish","type":"product","link":"https:\/\/paracherkaoui.ma\/index.php\/produit\/puressentiel-articulation-muscles-pureheat-roller-75-ml\/","title":{"rendered":"PURESSENTIEL ARTICULATION MUSCLES PUREHEAT ROLLER 75 ML"},"content":{"rendered":"<p>Description:<br \/>\nAvec sa sensation de chaleur durable et sa bille massante, le\u00a0Roller PURE HEAT\u00ae Articulations &#038; Muscles\u00a0aide \u00e0\u00a0soulager les raideurs et les tensions, et prodigue un massage relaxant id\u00e9al pour la pratique sportive. C&rsquo;est le geste d&rsquo;automassage chauffant pour soulager les zones localis\u00e9es (nuque, \u00e9paule, genou, mollet&#8230;).Sa formule innovante, \u00e0 base d&rsquo;un complexe de 14 huiles essentielles et de 2 extraits v\u00e9g\u00e9taux (arnica et harpagophytum) contribue \u00e0 faciliter la d\u00e9tente et procure une sensation de chaleur imm\u00e9diate et intense.\u00a0Sensation de chaleur agr\u00e9able et durable jusqu&rsquo;\u00e0 2h**.<br \/>\nConseils d&rsquo;utilisation:<br \/>\nBien agiter avant utilisation puis appliquer uniquement sur la zone cibl\u00e9e. Adapter la quantit\u00e9 de produit appliqu\u00e9e \u00e0 l&rsquo;intensit\u00e9 de l&rsquo;effet chauffant souhait\u00e9e, en respectant un maximum de 1 application par jour, soit 1,2 g par jour = 20 tours de roller.La bille massante du roller est id\u00e9ale pour un auto-massage des zones localis\u00e9es. A compl\u00e9ter par un massage manuel, si besoin, dans ce cas, bien faire p\u00e9n\u00e9trer le produit par massage, se laver les mains apr\u00e8s utilisation.<\/p>\n","protected":false},"excerpt":{"rendered":"<p>Description: Avec sa sensation de chaleur durable et sa bille massante, le\u00a0Roller PURE HEAT\u00ae Articulations &#038; Muscles\u00a0aide \u00e0\u00a0soulager les raideurs<\/p>\n","protected":false},"featured_media":52212,"comment_status":"open","ping_status":"closed","template":"","meta":[],"product_brand":[204],"product_cat":[967],"product_tag":[],"class_list":{"0":"post-52160","1":"product","2":"type-product","3":"status-publish","4":"has-post-thumbnail","6":"product_brand-puressentiel","7":"product_cat-orthopedie","9":"first","10":"instock","11":"sale","12":"shipping-taxable","13":"purchasable","14":"product-type-simple"},"yoast_head":"<!-- This site is optimized with the Yoast SEO plugin v26.6 - https:\/\/yoast.com\/wordpress\/plugins\/seo\/ -->\r\n<title>PURESSENTIEL ARTICULATION MUSCLES PUREHEAT ROLLER 75 ML - Paracherkaoui.ma<\/title>\r\n<meta name=\"robots\" content=\"index, follow, max-snippet:-1, max-image-preview:large, max-video-preview:-1\" \/>\r\n<link rel=\"canonical\" href=\"https:\/\/paracherkaoui.ma\/index.php\/produit\/puressentiel-articulation-muscles-pureheat-roller-75-ml\/\" \/>\r\n<meta property=\"og:locale\" content=\"fr_FR\" \/>\r\n<meta property=\"og:type\" content=\"article\" \/>\r\n<meta property=\"og:title\" content=\"PURESSENTIEL ARTICULATION MUSCLES PUREHEAT ROLLER 75 ML - Paracherkaoui.ma\" \/>\r\n<meta property=\"og:description\" content=\"Description: Avec sa sensation de chaleur durable et sa bille massante, le\u00a0Roller PURE HEAT\u00ae Articulations &#038; Muscles\u00a0aide \u00e0\u00a0soulager les raideurs\" \/>\r\n<meta property=\"og:url\" content=\"https:\/\/paracherkaoui.ma\/index.php\/produit\/puressentiel-articulation-muscles-pureheat-roller-75-ml\/\" \/>\r\n<meta property=\"og:site_name\" content=\"Paracherkaoui.ma\" \/>\r\n<meta property=\"article:modified_time\" content=\"2025-12-12T18:35:43+00:00\" \/>\r\n<meta property=\"og:image\" content=\"https:\/\/paracherkaoui.ma\/wp-content\/uploads\/2025\/12\/puressentiel-puressentiel-articulation-muscles-pureheat-roller-75-ml-orthopedie.jpg\" \/>\r\n\t<meta property=\"og:image:width\" content=\"700\" \/>\r\n\t<meta property=\"og:image:height\" content=\"700\" \/>\r\n\t<meta property=\"og:image:type\" content=\"image\/jpeg\" \/>\r\n<meta name=\"twitter:card\" content=\"summary_large_image\" \/>\r\n<meta name=\"twitter:label1\" content=\"Dur\u00e9e de lecture estim\u00e9e\" \/>\n\t<meta name=\"twitter:data1\" content=\"1 minute\" \/>\r\n<script type=\"application\/ld+json\" class=\"yoast-schema-graph\">{\"@context\":\"https:\/\/schema.org\",\"@graph\":[{\"@type\":\"WebPage\",\"@id\":\"https:\/\/paracherkaoui.ma\/index.php\/produit\/puressentiel-articulation-muscles-pureheat-roller-75-ml\/\",\"url\":\"https:\/\/paracherkaoui.ma\/index.php\/produit\/puressentiel-articulation-muscles-pureheat-roller-75-ml\/\",\"name\":\"PURESSENTIEL ARTICULATION MUSCLES PUREHEAT ROLLER 75 ML - Paracherkaoui.ma\",\"isPartOf\":{\"@id\":\"https:\/\/paracherkaoui.ma\/#website\"},\"primaryImageOfPage\":{\"@id\":\"https:\/\/paracherkaoui.ma\/index.php\/produit\/puressentiel-articulation-muscles-pureheat-roller-75-ml\/#primaryimage\"},\"image\":{\"@id\":\"https:\/\/paracherkaoui.ma\/index.php\/produit\/puressentiel-articulation-muscles-pureheat-roller-75-ml\/#primaryimage\"},\"thumbnailUrl\":\"https:\/\/paracherkaoui.ma\/wp-content\/uploads\/2025\/12\/puressentiel-puressentiel-articulation-muscles-pureheat-roller-75-ml-orthopedie.jpg\",\"datePublished\":\"2025-12-12T18:35:36+00:00\",\"dateModified\":\"2025-12-12T18:35:43+00:00\",\"breadcrumb\":{\"@id\":\"https:\/\/paracherkaoui.ma\/index.php\/produit\/puressentiel-articulation-muscles-pureheat-roller-75-ml\/#breadcrumb\"},\"inLanguage\":\"fr-FR\",\"potentialAction\":[{\"@type\":\"ReadAction\",\"target\":[\"https:\/\/paracherkaoui.ma\/index.php\/produit\/puressentiel-articulation-muscles-pureheat-roller-75-ml\/\"]}]},{\"@type\":\"ImageObject\",\"inLanguage\":\"fr-FR\",\"@id\":\"https:\/\/paracherkaoui.ma\/index.php\/produit\/puressentiel-articulation-muscles-pureheat-roller-75-ml\/#primaryimage\",\"url\":\"https:\/\/paracherkaoui.ma\/wp-content\/uploads\/2025\/12\/puressentiel-puressentiel-articulation-muscles-pureheat-roller-75-ml-orthopedie.jpg\",\"contentUrl\":\"https:\/\/paracherkaoui.ma\/wp-content\/uploads\/2025\/12\/puressentiel-puressentiel-articulation-muscles-pureheat-roller-75-ml-orthopedie.jpg\",\"width\":700,\"height\":700},{\"@type\":\"BreadcrumbList\",\"@id\":\"https:\/\/paracherkaoui.ma\/index.php\/produit\/puressentiel-articulation-muscles-pureheat-roller-75-ml\/#breadcrumb\",\"itemListElement\":[{\"@type\":\"ListItem\",\"position\":1,\"name\":\"Accueil\",\"item\":\"https:\/\/paracherkaoui.ma\/\"},{\"@type\":\"ListItem\",\"position\":2,\"name\":\"Boutique\",\"item\":\"https:\/\/paracherkaoui.ma\/index.php\/boutique\/\"},{\"@type\":\"ListItem\",\"position\":3,\"name\":\"PURESSENTIEL ARTICULATION MUSCLES PUREHEAT ROLLER 75 ML\"}]},{\"@type\":\"WebSite\",\"@id\":\"https:\/\/paracherkaoui.ma\/#website\",\"url\":\"https:\/\/paracherkaoui.ma\/\",\"name\":\"Paracherkaoui.ma\",\"description\":\"Achetez en ligne sur Paracherkaoui.ma\",\"potentialAction\":[{\"@type\":\"SearchAction\",\"target\":{\"@type\":\"EntryPoint\",\"urlTemplate\":\"https:\/\/paracherkaoui.ma\/?s={search_term_string}\"},\"query-input\":{\"@type\":\"PropertyValueSpecification\",\"valueRequired\":true,\"valueName\":\"search_term_string\"}}],\"inLanguage\":\"fr-FR\"}]}<\/script>\r\n<!-- \/ Yoast SEO plugin. -->","yoast_head_json":{"title":"PURESSENTIEL ARTICULATION MUSCLES PUREHEAT ROLLER 75 ML - Paracherkaoui.ma","robots":{"index":"index","follow":"follow","max-snippet":"max-snippet:-1","max-image-preview":"max-image-preview:large","max-video-preview":"max-video-preview:-1"},"canonical":"https:\/\/paracherkaoui.ma\/index.php\/produit\/puressentiel-articulation-muscles-pureheat-roller-75-ml\/","og_locale":"fr_FR","og_type":"article","og_title":"PURESSENTIEL ARTICULATION MUSCLES PUREHEAT ROLLER 75 ML - Paracherkaoui.ma","og_description":"Description: Avec sa sensation de chaleur durable et sa bille massante, le\u00a0Roller PURE HEAT\u00ae Articulations &#038; Muscles\u00a0aide \u00e0\u00a0soulager les raideurs","og_url":"https:\/\/paracherkaoui.ma\/index.php\/produit\/puressentiel-articulation-muscles-pureheat-roller-75-ml\/","og_site_name":"Paracherkaoui.ma","article_modified_time":"2025-12-12T18:35:43+00:00","og_image":[{"width":700,"height":700,"url":"https:\/\/paracherkaoui.ma\/wp-content\/uploads\/2025\/12\/puressentiel-puressentiel-articulation-muscles-pureheat-roller-75-ml-orthopedie.jpg","type":"image\/jpeg"}],"twitter_card":"summary_large_image","twitter_misc":{"Dur\u00e9e de lecture estim\u00e9e":"1 minute"},"schema":{"@context":"https:\/\/schema.org","@graph":[{"@type":"WebPage","@id":"https:\/\/paracherkaoui.ma\/index.php\/produit\/puressentiel-articulation-muscles-pureheat-roller-75-ml\/","url":"https:\/\/paracherkaoui.ma\/index.php\/produit\/puressentiel-articulation-muscles-pureheat-roller-75-ml\/","name":"PURESSENTIEL ARTICULATION MUSCLES PUREHEAT ROLLER 75 ML - Paracherkaoui.ma","isPartOf":{"@id":"https:\/\/paracherkaoui.ma\/#website"},"primaryImageOfPage":{"@id":"https:\/\/paracherkaoui.ma\/index.php\/produit\/puressentiel-articulation-muscles-pureheat-roller-75-ml\/#primaryimage"},"image":{"@id":"https:\/\/paracherkaoui.ma\/index.php\/produit\/puressentiel-articulation-muscles-pureheat-roller-75-ml\/#primaryimage"},"thumbnailUrl":"https:\/\/paracherkaoui.ma\/wp-content\/uploads\/2025\/12\/puressentiel-puressentiel-articulation-muscles-pureheat-roller-75-ml-orthopedie.jpg","datePublished":"2025-12-12T18:35:36+00:00","dateModified":"2025-12-12T18:35:43+00:00","breadcrumb":{"@id":"https:\/\/paracherkaoui.ma\/index.php\/produit\/puressentiel-articulation-muscles-pureheat-roller-75-ml\/#breadcrumb"},"inLanguage":"fr-FR","potentialAction":[{"@type":"ReadAction","target":["https:\/\/paracherkaoui.ma\/index.php\/produit\/puressentiel-articulation-muscles-pureheat-roller-75-ml\/"]}]},{"@type":"ImageObject","inLanguage":"fr-FR","@id":"https:\/\/paracherkaoui.ma\/index.php\/produit\/puressentiel-articulation-muscles-pureheat-roller-75-ml\/#primaryimage","url":"https:\/\/paracherkaoui.ma\/wp-content\/uploads\/2025\/12\/puressentiel-puressentiel-articulation-muscles-pureheat-roller-75-ml-orthopedie.jpg","contentUrl":"https:\/\/paracherkaoui.ma\/wp-content\/uploads\/2025\/12\/puressentiel-puressentiel-articulation-muscles-pureheat-roller-75-ml-orthopedie.jpg","width":700,"height":700},{"@type":"BreadcrumbList","@id":"https:\/\/paracherkaoui.ma\/index.php\/produit\/puressentiel-articulation-muscles-pureheat-roller-75-ml\/#breadcrumb","itemListElement":[{"@type":"ListItem","position":1,"name":"Accueil","item":"https:\/\/paracherkaoui.ma\/"},{"@type":"ListItem","position":2,"name":"Boutique","item":"https:\/\/paracherkaoui.ma\/index.php\/boutique\/"},{"@type":"ListItem","position":3,"name":"PURESSENTIEL ARTICULATION MUSCLES PUREHEAT ROLLER 75 ML"}]},{"@type":"WebSite","@id":"https:\/\/paracherkaoui.ma\/#website","url":"https:\/\/paracherkaoui.ma\/","name":"Paracherkaoui.ma","description":"Achetez en ligne sur Paracherkaoui.ma","potentialAction":[{"@type":"SearchAction","target":{"@type":"EntryPoint","urlTemplate":"https:\/\/paracherkaoui.ma\/?s={search_term_string}"},"query-input":{"@type":"PropertyValueSpecification","valueRequired":true,"valueName":"search_term_string"}}],"inLanguage":"fr-FR"}]}},"_links":{"self":[{"href":"https:\/\/paracherkaoui.ma\/index.php\/wp-json\/wp\/v2\/product\/52160","targetHints":{"allow":["GET"]}}],"collection":[{"href":"https:\/\/paracherkaoui.ma\/index.php\/wp-json\/wp\/v2\/product"}],"about":[{"href":"https:\/\/paracherkaoui.ma\/index.php\/wp-json\/wp\/v2\/types\/product"}],"replies":[{"embeddable":true,"href":"https:\/\/paracherkaoui.ma\/index.php\/wp-json\/wp\/v2\/comments?post=52160"}],"version-history":[{"count":1,"href":"https:\/\/paracherkaoui.ma\/index.php\/wp-json\/wp\/v2\/product\/52160\/revisions"}],"predecessor-version":[{"id":52213,"href":"https:\/\/paracherkaoui.ma\/index.php\/wp-json\/wp\/v2\/product\/52160\/revisions\/52213"}],"wp:featuredmedia":[{"embeddable":true,"href":"https:\/\/paracherkaoui.ma\/index.php\/wp-json\/wp\/v2\/media\/52212"}],"wp:attachment":[{"href":"https:\/\/paracherkaoui.ma\/index.php\/wp-json\/wp\/v2\/media?parent=52160"}],"wp:term":[{"taxonomy":"product_brand","embeddable":true,"href":"https:\/\/paracherkaoui.ma\/index.php\/wp-json\/wp\/v2\/product_brand?post=52160"},{"taxonomy":"product_cat","embeddable":true,"href":"https:\/\/paracherkaoui.ma\/index.php\/wp-json\/wp\/v2\/product_cat?post=52160"},{"taxonomy":"product_tag","embeddable":true,"href":"https:\/\/paracherkaoui.ma\/index.php\/wp-json\/wp\/v2\/product_tag?post=52160"}],"curies":[{"name":"wp","href":"https:\/\/api.w.org\/{rel}","templated":true}]}}