{"id":52159,"date":"2025-12-12T19:35:36","date_gmt":"2025-12-12T18:35:36","guid":{"rendered":"https:\/\/test.ecbeaute.com\/?post_type=product&#038;p=52159"},"modified":"2025-12-12T19:35:43","modified_gmt":"2025-12-12T18:35:43","slug":"puressentiel-articulations-baume-calmant-aux-14-huiles-essentielles-30-ml","status":"publish","type":"product","link":"https:\/\/paracherkaoui.ma\/index.php\/produit\/puressentiel-articulations-baume-calmant-aux-14-huiles-essentielles-30-ml\/","title":{"rendered":"PURESSENTIEL ARTICULATIONS BAUME CALMANT AUX 14 HUILES ESSENTIELLES 30 ML"},"content":{"rendered":"<p>DESCRIPTION :<br \/>\n14 huiles essentielles HEBBD (Huile Essentielle Botaniquement et Biochimiquement D\u00e9finie) + camphre et menthol d&rsquo;origine naturelle, aux vertus apaisantes, anti-raideurs et anti-gonflements.<br \/>\nId\u00e9al pour les sportifs avant et apr\u00e8s l&rsquo;effort, et toute activit\u00e9 quotidienne. Des actifs nourrissants (beurre de karit\u00e9, cire d&rsquo;abeille, huile de tournesol) pour un massage tout en douceur.<br \/>\nMODE D&rsquo;EMPLOI :<br \/>\nAppliquer le baume sur les zones sensibles, 3 fois par jour. Masser muscles et articulations et bien faire p\u00e9n\u00e9trer.<br \/>\nPRECAUTIONS D&rsquo;EMPLOI :<br \/>\nEviter tout contact avec les yeux et les muqueuses, la peau l\u00e9s\u00e9e, en cas d&rsquo;irritation ne pas utiliser d&rsquo;eau mais rincer avec une huile v\u00e9g\u00e9tale (huile de cuisine ou autre&#8230;). Ne pas utiliser en cas d&rsquo;allergie \u00e0 l&rsquo;un des composants et sur les personnes allergiques sans effectuer un test cutan\u00e9 au pr\u00e9alable. Bien se laver les mains si elles ont \u00e9t\u00e9 en contact avec les huiles essentielles. Tenir hors de vue et de port\u00e9e des enfants. Ne pas avaler. Conserver \u00e0 l&rsquo;abri de la lumi\u00e8re, de l&rsquo;air et de la chaleur dans son emballage d&rsquo;origine. D\u00e9conseill\u00e9 aux enfants de moins de 7 ans pour le roller le gel et le Baume calmant Articulations et aux enfants de\u00a0moins de 15 ans pour le patch Articulations, aux femmes enceintes ou allaitant, aux personnes ayant des ant\u00e9c\u00e9dents de troubles convulsifs ou \u00e9pileptiques. Pour les personnes \u00e2g\u00e9es sous traitement m\u00e9dical, demander l&rsquo;avis d&rsquo;un sp\u00e9cialiste de sant\u00e9. Ne pas s&rsquo;exposer au soleil de fa\u00e7on prolong\u00e9e apr\u00e8s application. En cas d&rsquo;ingestion accidentelle, prendre imm\u00e9diatement contact avec le centre antipoison de votre r\u00e9gion. Usage externe.<\/p>\n","protected":false},"excerpt":{"rendered":"<p>DESCRIPTION : 14 huiles essentielles HEBBD (Huile Essentielle Botaniquement et Biochimiquement D\u00e9finie) + camphre et menthol d&rsquo;origine naturelle, aux vertus<\/p>\n","protected":false},"featured_media":52210,"comment_status":"open","ping_status":"closed","template":"","meta":[],"product_brand":[204],"product_cat":[967],"product_tag":[],"class_list":{"0":"post-52159","1":"product","2":"type-product","3":"status-publish","4":"has-post-thumbnail","6":"product_brand-puressentiel","7":"product_cat-orthopedie","9":"first","10":"instock","11":"sale","12":"shipping-taxable","13":"purchasable","14":"product-type-simple"},"yoast_head":"<!-- This site is optimized with the Yoast SEO plugin v26.6 - https:\/\/yoast.com\/wordpress\/plugins\/seo\/ -->\r\n<title>PURESSENTIEL ARTICULATIONS BAUME CALMANT AUX 14 HUILES ESSENTIELLES 30 ML - Paracherkaoui.ma<\/title>\r\n<meta name=\"robots\" content=\"index, follow, max-snippet:-1, max-image-preview:large, max-video-preview:-1\" \/>\r\n<link rel=\"canonical\" href=\"https:\/\/paracherkaoui.ma\/index.php\/produit\/puressentiel-articulations-baume-calmant-aux-14-huiles-essentielles-30-ml\/\" \/>\r\n<meta property=\"og:locale\" content=\"fr_FR\" \/>\r\n<meta property=\"og:type\" content=\"article\" \/>\r\n<meta property=\"og:title\" content=\"PURESSENTIEL ARTICULATIONS BAUME CALMANT AUX 14 HUILES ESSENTIELLES 30 ML - Paracherkaoui.ma\" \/>\r\n<meta property=\"og:description\" content=\"DESCRIPTION : 14 huiles essentielles HEBBD (Huile Essentielle Botaniquement et Biochimiquement D\u00e9finie) + camphre et menthol d&rsquo;origine naturelle, aux vertus\" \/>\r\n<meta property=\"og:url\" content=\"https:\/\/paracherkaoui.ma\/index.php\/produit\/puressentiel-articulations-baume-calmant-aux-14-huiles-essentielles-30-ml\/\" \/>\r\n<meta property=\"og:site_name\" content=\"Paracherkaoui.ma\" \/>\r\n<meta property=\"article:modified_time\" content=\"2025-12-12T18:35:43+00:00\" \/>\r\n<meta property=\"og:image\" content=\"https:\/\/paracherkaoui.ma\/wp-content\/uploads\/2025\/12\/puressentiel-puressentiel-articulations-baume-calmant-aux-14-huiles-essentielles-30-ml-articulation.jpg\" \/>\r\n\t<meta property=\"og:image:width\" content=\"700\" \/>\r\n\t<meta property=\"og:image:height\" content=\"700\" \/>\r\n\t<meta property=\"og:image:type\" content=\"image\/jpeg\" \/>\r\n<meta name=\"twitter:card\" content=\"summary_large_image\" \/>\r\n<meta name=\"twitter:label1\" content=\"Dur\u00e9e de lecture estim\u00e9e\" \/>\n\t<meta name=\"twitter:data1\" content=\"1 minute\" \/>\r\n<script type=\"application\/ld+json\" class=\"yoast-schema-graph\">{\"@context\":\"https:\/\/schema.org\",\"@graph\":[{\"@type\":\"WebPage\",\"@id\":\"https:\/\/paracherkaoui.ma\/index.php\/produit\/puressentiel-articulations-baume-calmant-aux-14-huiles-essentielles-30-ml\/\",\"url\":\"https:\/\/paracherkaoui.ma\/index.php\/produit\/puressentiel-articulations-baume-calmant-aux-14-huiles-essentielles-30-ml\/\",\"name\":\"PURESSENTIEL ARTICULATIONS BAUME CALMANT AUX 14 HUILES ESSENTIELLES 30 ML - Paracherkaoui.ma\",\"isPartOf\":{\"@id\":\"https:\/\/paracherkaoui.ma\/#website\"},\"primaryImageOfPage\":{\"@id\":\"https:\/\/paracherkaoui.ma\/index.php\/produit\/puressentiel-articulations-baume-calmant-aux-14-huiles-essentielles-30-ml\/#primaryimage\"},\"image\":{\"@id\":\"https:\/\/paracherkaoui.ma\/index.php\/produit\/puressentiel-articulations-baume-calmant-aux-14-huiles-essentielles-30-ml\/#primaryimage\"},\"thumbnailUrl\":\"https:\/\/paracherkaoui.ma\/wp-content\/uploads\/2025\/12\/puressentiel-puressentiel-articulations-baume-calmant-aux-14-huiles-essentielles-30-ml-articulation.jpg\",\"datePublished\":\"2025-12-12T18:35:36+00:00\",\"dateModified\":\"2025-12-12T18:35:43+00:00\",\"breadcrumb\":{\"@id\":\"https:\/\/paracherkaoui.ma\/index.php\/produit\/puressentiel-articulations-baume-calmant-aux-14-huiles-essentielles-30-ml\/#breadcrumb\"},\"inLanguage\":\"fr-FR\",\"potentialAction\":[{\"@type\":\"ReadAction\",\"target\":[\"https:\/\/paracherkaoui.ma\/index.php\/produit\/puressentiel-articulations-baume-calmant-aux-14-huiles-essentielles-30-ml\/\"]}]},{\"@type\":\"ImageObject\",\"inLanguage\":\"fr-FR\",\"@id\":\"https:\/\/paracherkaoui.ma\/index.php\/produit\/puressentiel-articulations-baume-calmant-aux-14-huiles-essentielles-30-ml\/#primaryimage\",\"url\":\"https:\/\/paracherkaoui.ma\/wp-content\/uploads\/2025\/12\/puressentiel-puressentiel-articulations-baume-calmant-aux-14-huiles-essentielles-30-ml-articulation.jpg\",\"contentUrl\":\"https:\/\/paracherkaoui.ma\/wp-content\/uploads\/2025\/12\/puressentiel-puressentiel-articulations-baume-calmant-aux-14-huiles-essentielles-30-ml-articulation.jpg\",\"width\":700,\"height\":700},{\"@type\":\"BreadcrumbList\",\"@id\":\"https:\/\/paracherkaoui.ma\/index.php\/produit\/puressentiel-articulations-baume-calmant-aux-14-huiles-essentielles-30-ml\/#breadcrumb\",\"itemListElement\":[{\"@type\":\"ListItem\",\"position\":1,\"name\":\"Accueil\",\"item\":\"https:\/\/paracherkaoui.ma\/\"},{\"@type\":\"ListItem\",\"position\":2,\"name\":\"Boutique\",\"item\":\"https:\/\/paracherkaoui.ma\/index.php\/boutique\/\"},{\"@type\":\"ListItem\",\"position\":3,\"name\":\"PURESSENTIEL ARTICULATIONS BAUME CALMANT AUX 14 HUILES ESSENTIELLES 30 ML\"}]},{\"@type\":\"WebSite\",\"@id\":\"https:\/\/paracherkaoui.ma\/#website\",\"url\":\"https:\/\/paracherkaoui.ma\/\",\"name\":\"Paracherkaoui.ma\",\"description\":\"Achetez en ligne sur Paracherkaoui.ma\",\"potentialAction\":[{\"@type\":\"SearchAction\",\"target\":{\"@type\":\"EntryPoint\",\"urlTemplate\":\"https:\/\/paracherkaoui.ma\/?s={search_term_string}\"},\"query-input\":{\"@type\":\"PropertyValueSpecification\",\"valueRequired\":true,\"valueName\":\"search_term_string\"}}],\"inLanguage\":\"fr-FR\"}]}<\/script>\r\n<!-- \/ Yoast SEO plugin. -->","yoast_head_json":{"title":"PURESSENTIEL ARTICULATIONS BAUME CALMANT AUX 14 HUILES ESSENTIELLES 30 ML - Paracherkaoui.ma","robots":{"index":"index","follow":"follow","max-snippet":"max-snippet:-1","max-image-preview":"max-image-preview:large","max-video-preview":"max-video-preview:-1"},"canonical":"https:\/\/paracherkaoui.ma\/index.php\/produit\/puressentiel-articulations-baume-calmant-aux-14-huiles-essentielles-30-ml\/","og_locale":"fr_FR","og_type":"article","og_title":"PURESSENTIEL ARTICULATIONS BAUME CALMANT AUX 14 HUILES ESSENTIELLES 30 ML - Paracherkaoui.ma","og_description":"DESCRIPTION : 14 huiles essentielles HEBBD (Huile Essentielle Botaniquement et Biochimiquement D\u00e9finie) + camphre et menthol d&rsquo;origine naturelle, aux vertus","og_url":"https:\/\/paracherkaoui.ma\/index.php\/produit\/puressentiel-articulations-baume-calmant-aux-14-huiles-essentielles-30-ml\/","og_site_name":"Paracherkaoui.ma","article_modified_time":"2025-12-12T18:35:43+00:00","og_image":[{"width":700,"height":700,"url":"https:\/\/paracherkaoui.ma\/wp-content\/uploads\/2025\/12\/puressentiel-puressentiel-articulations-baume-calmant-aux-14-huiles-essentielles-30-ml-articulation.jpg","type":"image\/jpeg"}],"twitter_card":"summary_large_image","twitter_misc":{"Dur\u00e9e de lecture estim\u00e9e":"1 minute"},"schema":{"@context":"https:\/\/schema.org","@graph":[{"@type":"WebPage","@id":"https:\/\/paracherkaoui.ma\/index.php\/produit\/puressentiel-articulations-baume-calmant-aux-14-huiles-essentielles-30-ml\/","url":"https:\/\/paracherkaoui.ma\/index.php\/produit\/puressentiel-articulations-baume-calmant-aux-14-huiles-essentielles-30-ml\/","name":"PURESSENTIEL ARTICULATIONS BAUME CALMANT AUX 14 HUILES ESSENTIELLES 30 ML - Paracherkaoui.ma","isPartOf":{"@id":"https:\/\/paracherkaoui.ma\/#website"},"primaryImageOfPage":{"@id":"https:\/\/paracherkaoui.ma\/index.php\/produit\/puressentiel-articulations-baume-calmant-aux-14-huiles-essentielles-30-ml\/#primaryimage"},"image":{"@id":"https:\/\/paracherkaoui.ma\/index.php\/produit\/puressentiel-articulations-baume-calmant-aux-14-huiles-essentielles-30-ml\/#primaryimage"},"thumbnailUrl":"https:\/\/paracherkaoui.ma\/wp-content\/uploads\/2025\/12\/puressentiel-puressentiel-articulations-baume-calmant-aux-14-huiles-essentielles-30-ml-articulation.jpg","datePublished":"2025-12-12T18:35:36+00:00","dateModified":"2025-12-12T18:35:43+00:00","breadcrumb":{"@id":"https:\/\/paracherkaoui.ma\/index.php\/produit\/puressentiel-articulations-baume-calmant-aux-14-huiles-essentielles-30-ml\/#breadcrumb"},"inLanguage":"fr-FR","potentialAction":[{"@type":"ReadAction","target":["https:\/\/paracherkaoui.ma\/index.php\/produit\/puressentiel-articulations-baume-calmant-aux-14-huiles-essentielles-30-ml\/"]}]},{"@type":"ImageObject","inLanguage":"fr-FR","@id":"https:\/\/paracherkaoui.ma\/index.php\/produit\/puressentiel-articulations-baume-calmant-aux-14-huiles-essentielles-30-ml\/#primaryimage","url":"https:\/\/paracherkaoui.ma\/wp-content\/uploads\/2025\/12\/puressentiel-puressentiel-articulations-baume-calmant-aux-14-huiles-essentielles-30-ml-articulation.jpg","contentUrl":"https:\/\/paracherkaoui.ma\/wp-content\/uploads\/2025\/12\/puressentiel-puressentiel-articulations-baume-calmant-aux-14-huiles-essentielles-30-ml-articulation.jpg","width":700,"height":700},{"@type":"BreadcrumbList","@id":"https:\/\/paracherkaoui.ma\/index.php\/produit\/puressentiel-articulations-baume-calmant-aux-14-huiles-essentielles-30-ml\/#breadcrumb","itemListElement":[{"@type":"ListItem","position":1,"name":"Accueil","item":"https:\/\/paracherkaoui.ma\/"},{"@type":"ListItem","position":2,"name":"Boutique","item":"https:\/\/paracherkaoui.ma\/index.php\/boutique\/"},{"@type":"ListItem","position":3,"name":"PURESSENTIEL ARTICULATIONS BAUME CALMANT AUX 14 HUILES ESSENTIELLES 30 ML"}]},{"@type":"WebSite","@id":"https:\/\/paracherkaoui.ma\/#website","url":"https:\/\/paracherkaoui.ma\/","name":"Paracherkaoui.ma","description":"Achetez en ligne sur Paracherkaoui.ma","potentialAction":[{"@type":"SearchAction","target":{"@type":"EntryPoint","urlTemplate":"https:\/\/paracherkaoui.ma\/?s={search_term_string}"},"query-input":{"@type":"PropertyValueSpecification","valueRequired":true,"valueName":"search_term_string"}}],"inLanguage":"fr-FR"}]}},"_links":{"self":[{"href":"https:\/\/paracherkaoui.ma\/index.php\/wp-json\/wp\/v2\/product\/52159","targetHints":{"allow":["GET"]}}],"collection":[{"href":"https:\/\/paracherkaoui.ma\/index.php\/wp-json\/wp\/v2\/product"}],"about":[{"href":"https:\/\/paracherkaoui.ma\/index.php\/wp-json\/wp\/v2\/types\/product"}],"replies":[{"embeddable":true,"href":"https:\/\/paracherkaoui.ma\/index.php\/wp-json\/wp\/v2\/comments?post=52159"}],"version-history":[{"count":1,"href":"https:\/\/paracherkaoui.ma\/index.php\/wp-json\/wp\/v2\/product\/52159\/revisions"}],"predecessor-version":[{"id":52211,"href":"https:\/\/paracherkaoui.ma\/index.php\/wp-json\/wp\/v2\/product\/52159\/revisions\/52211"}],"wp:featuredmedia":[{"embeddable":true,"href":"https:\/\/paracherkaoui.ma\/index.php\/wp-json\/wp\/v2\/media\/52210"}],"wp:attachment":[{"href":"https:\/\/paracherkaoui.ma\/index.php\/wp-json\/wp\/v2\/media?parent=52159"}],"wp:term":[{"taxonomy":"product_brand","embeddable":true,"href":"https:\/\/paracherkaoui.ma\/index.php\/wp-json\/wp\/v2\/product_brand?post=52159"},{"taxonomy":"product_cat","embeddable":true,"href":"https:\/\/paracherkaoui.ma\/index.php\/wp-json\/wp\/v2\/product_cat?post=52159"},{"taxonomy":"product_tag","embeddable":true,"href":"https:\/\/paracherkaoui.ma\/index.php\/wp-json\/wp\/v2\/product_tag?post=52159"}],"curies":[{"name":"wp","href":"https:\/\/api.w.org\/{rel}","templated":true}]}}