{"id":52158,"date":"2025-12-12T19:35:36","date_gmt":"2025-12-12T18:35:36","guid":{"rendered":"https:\/\/test.ecbeaute.com\/?post_type=product&#038;p=52158"},"modified":"2025-12-12T19:35:43","modified_gmt":"2025-12-12T18:35:43","slug":"hartmann-thermometre-digital-thermoval-kids-flex","status":"publish","type":"product","link":"https:\/\/paracherkaoui.ma\/index.php\/produit\/hartmann-thermometre-digital-thermoval-kids-flex\/","title":{"rendered":"HARTMANN Thermom\u00e8tre digital thermoval kids flex"},"content":{"rendered":"<p>Le thermom\u00e8tre digital thermoval kids flex Hartmann\u00a0est \u00e9quip\u00e9 d\u2019un \u00e9cran \u00e0 affichage clair et offre une dur\u00e9e de mesure relativement courte. Aussi, son embout flexible \u00e9vite \u00e0 votre b\u00e9b\u00e9 de ressentir une douleur, ce qui r\u00e9duit les contraintes pour vous et pour b\u00e9b\u00e9.<\/p>\n","protected":false},"excerpt":{"rendered":"<p>Le thermom\u00e8tre digital thermoval kids flex Hartmann\u00a0est \u00e9quip\u00e9 d\u2019un \u00e9cran \u00e0 affichage clair et offre une dur\u00e9e de mesure relativement<\/p>\n","protected":false},"featured_media":52208,"comment_status":"open","ping_status":"closed","template":"","meta":[],"product_brand":[645],"product_cat":[967],"product_tag":[],"class_list":{"0":"post-52158","1":"product","2":"type-product","3":"status-publish","4":"has-post-thumbnail","6":"product_brand-hartmann","7":"product_cat-orthopedie","9":"first","10":"instock","11":"sale","12":"shipping-taxable","13":"purchasable","14":"product-type-simple"},"yoast_head":"<!-- This site is optimized with the Yoast SEO plugin v26.6 - https:\/\/yoast.com\/wordpress\/plugins\/seo\/ -->\r\n<title>HARTMANN Thermom\u00e8tre digital thermoval kids flex - Paracherkaoui.ma<\/title>\r\n<meta name=\"robots\" content=\"index, follow, max-snippet:-1, max-image-preview:large, max-video-preview:-1\" \/>\r\n<link rel=\"canonical\" href=\"https:\/\/paracherkaoui.ma\/index.php\/produit\/hartmann-thermometre-digital-thermoval-kids-flex\/\" \/>\r\n<meta property=\"og:locale\" content=\"fr_FR\" \/>\r\n<meta property=\"og:type\" content=\"article\" \/>\r\n<meta property=\"og:title\" content=\"HARTMANN Thermom\u00e8tre digital thermoval kids flex - Paracherkaoui.ma\" \/>\r\n<meta property=\"og:description\" content=\"Le thermom\u00e8tre digital thermoval kids flex Hartmann\u00a0est \u00e9quip\u00e9 d\u2019un \u00e9cran \u00e0 affichage clair et offre une dur\u00e9e de mesure relativement\" \/>\r\n<meta property=\"og:url\" content=\"https:\/\/paracherkaoui.ma\/index.php\/produit\/hartmann-thermometre-digital-thermoval-kids-flex\/\" \/>\r\n<meta property=\"og:site_name\" content=\"Paracherkaoui.ma\" \/>\r\n<meta property=\"article:modified_time\" content=\"2025-12-12T18:35:43+00:00\" \/>\r\n<meta property=\"og:image\" content=\"https:\/\/paracherkaoui.ma\/wp-content\/uploads\/2025\/12\/hartmann-hartmann-thermometre-digital-thermoval-kids-flex-sante.jpg\" \/>\r\n\t<meta property=\"og:image:width\" content=\"700\" \/>\r\n\t<meta property=\"og:image:height\" content=\"700\" \/>\r\n\t<meta property=\"og:image:type\" content=\"image\/jpeg\" \/>\r\n<meta name=\"twitter:card\" content=\"summary_large_image\" \/>\r\n<script type=\"application\/ld+json\" class=\"yoast-schema-graph\">{\"@context\":\"https:\/\/schema.org\",\"@graph\":[{\"@type\":\"WebPage\",\"@id\":\"https:\/\/paracherkaoui.ma\/index.php\/produit\/hartmann-thermometre-digital-thermoval-kids-flex\/\",\"url\":\"https:\/\/paracherkaoui.ma\/index.php\/produit\/hartmann-thermometre-digital-thermoval-kids-flex\/\",\"name\":\"HARTMANN Thermom\u00e8tre digital thermoval kids flex - Paracherkaoui.ma\",\"isPartOf\":{\"@id\":\"https:\/\/paracherkaoui.ma\/#website\"},\"primaryImageOfPage\":{\"@id\":\"https:\/\/paracherkaoui.ma\/index.php\/produit\/hartmann-thermometre-digital-thermoval-kids-flex\/#primaryimage\"},\"image\":{\"@id\":\"https:\/\/paracherkaoui.ma\/index.php\/produit\/hartmann-thermometre-digital-thermoval-kids-flex\/#primaryimage\"},\"thumbnailUrl\":\"https:\/\/paracherkaoui.ma\/wp-content\/uploads\/2025\/12\/hartmann-hartmann-thermometre-digital-thermoval-kids-flex-sante.jpg\",\"datePublished\":\"2025-12-12T18:35:36+00:00\",\"dateModified\":\"2025-12-12T18:35:43+00:00\",\"breadcrumb\":{\"@id\":\"https:\/\/paracherkaoui.ma\/index.php\/produit\/hartmann-thermometre-digital-thermoval-kids-flex\/#breadcrumb\"},\"inLanguage\":\"fr-FR\",\"potentialAction\":[{\"@type\":\"ReadAction\",\"target\":[\"https:\/\/paracherkaoui.ma\/index.php\/produit\/hartmann-thermometre-digital-thermoval-kids-flex\/\"]}]},{\"@type\":\"ImageObject\",\"inLanguage\":\"fr-FR\",\"@id\":\"https:\/\/paracherkaoui.ma\/index.php\/produit\/hartmann-thermometre-digital-thermoval-kids-flex\/#primaryimage\",\"url\":\"https:\/\/paracherkaoui.ma\/wp-content\/uploads\/2025\/12\/hartmann-hartmann-thermometre-digital-thermoval-kids-flex-sante.jpg\",\"contentUrl\":\"https:\/\/paracherkaoui.ma\/wp-content\/uploads\/2025\/12\/hartmann-hartmann-thermometre-digital-thermoval-kids-flex-sante.jpg\",\"width\":700,\"height\":700},{\"@type\":\"BreadcrumbList\",\"@id\":\"https:\/\/paracherkaoui.ma\/index.php\/produit\/hartmann-thermometre-digital-thermoval-kids-flex\/#breadcrumb\",\"itemListElement\":[{\"@type\":\"ListItem\",\"position\":1,\"name\":\"Accueil\",\"item\":\"https:\/\/paracherkaoui.ma\/\"},{\"@type\":\"ListItem\",\"position\":2,\"name\":\"Boutique\",\"item\":\"https:\/\/paracherkaoui.ma\/index.php\/boutique\/\"},{\"@type\":\"ListItem\",\"position\":3,\"name\":\"HARTMANN Thermom\u00e8tre digital thermoval kids flex\"}]},{\"@type\":\"WebSite\",\"@id\":\"https:\/\/paracherkaoui.ma\/#website\",\"url\":\"https:\/\/paracherkaoui.ma\/\",\"name\":\"Paracherkaoui.ma\",\"description\":\"Achetez en ligne sur Paracherkaoui.ma\",\"potentialAction\":[{\"@type\":\"SearchAction\",\"target\":{\"@type\":\"EntryPoint\",\"urlTemplate\":\"https:\/\/paracherkaoui.ma\/?s={search_term_string}\"},\"query-input\":{\"@type\":\"PropertyValueSpecification\",\"valueRequired\":true,\"valueName\":\"search_term_string\"}}],\"inLanguage\":\"fr-FR\"}]}<\/script>\r\n<!-- \/ Yoast SEO plugin. -->","yoast_head_json":{"title":"HARTMANN Thermom\u00e8tre digital thermoval kids flex - Paracherkaoui.ma","robots":{"index":"index","follow":"follow","max-snippet":"max-snippet:-1","max-image-preview":"max-image-preview:large","max-video-preview":"max-video-preview:-1"},"canonical":"https:\/\/paracherkaoui.ma\/index.php\/produit\/hartmann-thermometre-digital-thermoval-kids-flex\/","og_locale":"fr_FR","og_type":"article","og_title":"HARTMANN Thermom\u00e8tre digital thermoval kids flex - Paracherkaoui.ma","og_description":"Le thermom\u00e8tre digital thermoval kids flex Hartmann\u00a0est \u00e9quip\u00e9 d\u2019un \u00e9cran \u00e0 affichage clair et offre une dur\u00e9e de mesure relativement","og_url":"https:\/\/paracherkaoui.ma\/index.php\/produit\/hartmann-thermometre-digital-thermoval-kids-flex\/","og_site_name":"Paracherkaoui.ma","article_modified_time":"2025-12-12T18:35:43+00:00","og_image":[{"width":700,"height":700,"url":"https:\/\/paracherkaoui.ma\/wp-content\/uploads\/2025\/12\/hartmann-hartmann-thermometre-digital-thermoval-kids-flex-sante.jpg","type":"image\/jpeg"}],"twitter_card":"summary_large_image","schema":{"@context":"https:\/\/schema.org","@graph":[{"@type":"WebPage","@id":"https:\/\/paracherkaoui.ma\/index.php\/produit\/hartmann-thermometre-digital-thermoval-kids-flex\/","url":"https:\/\/paracherkaoui.ma\/index.php\/produit\/hartmann-thermometre-digital-thermoval-kids-flex\/","name":"HARTMANN Thermom\u00e8tre digital thermoval kids flex - Paracherkaoui.ma","isPartOf":{"@id":"https:\/\/paracherkaoui.ma\/#website"},"primaryImageOfPage":{"@id":"https:\/\/paracherkaoui.ma\/index.php\/produit\/hartmann-thermometre-digital-thermoval-kids-flex\/#primaryimage"},"image":{"@id":"https:\/\/paracherkaoui.ma\/index.php\/produit\/hartmann-thermometre-digital-thermoval-kids-flex\/#primaryimage"},"thumbnailUrl":"https:\/\/paracherkaoui.ma\/wp-content\/uploads\/2025\/12\/hartmann-hartmann-thermometre-digital-thermoval-kids-flex-sante.jpg","datePublished":"2025-12-12T18:35:36+00:00","dateModified":"2025-12-12T18:35:43+00:00","breadcrumb":{"@id":"https:\/\/paracherkaoui.ma\/index.php\/produit\/hartmann-thermometre-digital-thermoval-kids-flex\/#breadcrumb"},"inLanguage":"fr-FR","potentialAction":[{"@type":"ReadAction","target":["https:\/\/paracherkaoui.ma\/index.php\/produit\/hartmann-thermometre-digital-thermoval-kids-flex\/"]}]},{"@type":"ImageObject","inLanguage":"fr-FR","@id":"https:\/\/paracherkaoui.ma\/index.php\/produit\/hartmann-thermometre-digital-thermoval-kids-flex\/#primaryimage","url":"https:\/\/paracherkaoui.ma\/wp-content\/uploads\/2025\/12\/hartmann-hartmann-thermometre-digital-thermoval-kids-flex-sante.jpg","contentUrl":"https:\/\/paracherkaoui.ma\/wp-content\/uploads\/2025\/12\/hartmann-hartmann-thermometre-digital-thermoval-kids-flex-sante.jpg","width":700,"height":700},{"@type":"BreadcrumbList","@id":"https:\/\/paracherkaoui.ma\/index.php\/produit\/hartmann-thermometre-digital-thermoval-kids-flex\/#breadcrumb","itemListElement":[{"@type":"ListItem","position":1,"name":"Accueil","item":"https:\/\/paracherkaoui.ma\/"},{"@type":"ListItem","position":2,"name":"Boutique","item":"https:\/\/paracherkaoui.ma\/index.php\/boutique\/"},{"@type":"ListItem","position":3,"name":"HARTMANN Thermom\u00e8tre digital thermoval kids flex"}]},{"@type":"WebSite","@id":"https:\/\/paracherkaoui.ma\/#website","url":"https:\/\/paracherkaoui.ma\/","name":"Paracherkaoui.ma","description":"Achetez en ligne sur Paracherkaoui.ma","potentialAction":[{"@type":"SearchAction","target":{"@type":"EntryPoint","urlTemplate":"https:\/\/paracherkaoui.ma\/?s={search_term_string}"},"query-input":{"@type":"PropertyValueSpecification","valueRequired":true,"valueName":"search_term_string"}}],"inLanguage":"fr-FR"}]}},"_links":{"self":[{"href":"https:\/\/paracherkaoui.ma\/index.php\/wp-json\/wp\/v2\/product\/52158","targetHints":{"allow":["GET"]}}],"collection":[{"href":"https:\/\/paracherkaoui.ma\/index.php\/wp-json\/wp\/v2\/product"}],"about":[{"href":"https:\/\/paracherkaoui.ma\/index.php\/wp-json\/wp\/v2\/types\/product"}],"replies":[{"embeddable":true,"href":"https:\/\/paracherkaoui.ma\/index.php\/wp-json\/wp\/v2\/comments?post=52158"}],"version-history":[{"count":1,"href":"https:\/\/paracherkaoui.ma\/index.php\/wp-json\/wp\/v2\/product\/52158\/revisions"}],"predecessor-version":[{"id":52209,"href":"https:\/\/paracherkaoui.ma\/index.php\/wp-json\/wp\/v2\/product\/52158\/revisions\/52209"}],"wp:featuredmedia":[{"embeddable":true,"href":"https:\/\/paracherkaoui.ma\/index.php\/wp-json\/wp\/v2\/media\/52208"}],"wp:attachment":[{"href":"https:\/\/paracherkaoui.ma\/index.php\/wp-json\/wp\/v2\/media?parent=52158"}],"wp:term":[{"taxonomy":"product_brand","embeddable":true,"href":"https:\/\/paracherkaoui.ma\/index.php\/wp-json\/wp\/v2\/product_brand?post=52158"},{"taxonomy":"product_cat","embeddable":true,"href":"https:\/\/paracherkaoui.ma\/index.php\/wp-json\/wp\/v2\/product_cat?post=52158"},{"taxonomy":"product_tag","embeddable":true,"href":"https:\/\/paracherkaoui.ma\/index.php\/wp-json\/wp\/v2\/product_tag?post=52158"}],"curies":[{"name":"wp","href":"https:\/\/api.w.org\/{rel}","templated":true}]}}