{"id":52153,"date":"2025-12-12T19:35:36","date_gmt":"2025-12-12T18:35:36","guid":{"rendered":"https:\/\/test.ecbeaute.com\/?post_type=product&#038;p=52153"},"modified":"2025-12-12T19:35:41","modified_gmt":"2025-12-12T18:35:41","slug":"thuasne-orthese-strapping-de-pouce-taille-m","status":"publish","type":"product","link":"https:\/\/paracherkaoui.ma\/index.php\/produit\/thuasne-orthese-strapping-de-pouce-taille-m\/","title":{"rendered":"THUASNE ORTHESE STRAPPING DE POUCE TAILLE M"},"content":{"rendered":"<p>Cette orth\u00e8se de pouce de la marque Thuasne Sport est id\u00e9ale pour pr\u00e9venir les blessures\u00a0ligamentaires comme les entorses. Elle va venir stabiliser le pouce apr\u00e8s un traumatise. Cette orth\u00e8se permet de reprendre les activit\u00e9s sportives\u00a0de sport en salle (basketball, handball, &#8230;) et les sports nautiques.<br \/>\nProduit ambidextre = pour le pouce droit et aussi le pouce gauche<\/p>\n","protected":false},"excerpt":{"rendered":"<p>Cette orth\u00e8se de pouce de la marque Thuasne Sport est id\u00e9ale pour pr\u00e9venir les blessures\u00a0ligamentaires comme les entorses. Elle va<\/p>\n","protected":false},"featured_media":52198,"comment_status":"open","ping_status":"closed","template":"","meta":[],"product_brand":[975],"product_cat":[967],"product_tag":[],"class_list":{"0":"post-52153","1":"product","2":"type-product","3":"status-publish","4":"has-post-thumbnail","6":"product_brand-thuasne","7":"product_cat-orthopedie","9":"first","10":"instock","11":"shipping-taxable","12":"purchasable","13":"product-type-simple"},"yoast_head":"<!-- This site is optimized with the Yoast SEO plugin v26.6 - https:\/\/yoast.com\/wordpress\/plugins\/seo\/ -->\r\n<title>THUASNE ORTHESE STRAPPING DE POUCE TAILLE M - Paracherkaoui.ma<\/title>\r\n<meta name=\"robots\" content=\"index, follow, max-snippet:-1, max-image-preview:large, max-video-preview:-1\" \/>\r\n<link rel=\"canonical\" href=\"https:\/\/paracherkaoui.ma\/index.php\/produit\/thuasne-orthese-strapping-de-pouce-taille-m\/\" \/>\r\n<meta property=\"og:locale\" content=\"fr_FR\" \/>\r\n<meta property=\"og:type\" content=\"article\" \/>\r\n<meta property=\"og:title\" content=\"THUASNE ORTHESE STRAPPING DE POUCE TAILLE M - Paracherkaoui.ma\" \/>\r\n<meta property=\"og:description\" content=\"Cette orth\u00e8se de pouce de la marque Thuasne Sport est id\u00e9ale pour pr\u00e9venir les blessures\u00a0ligamentaires comme les entorses. Elle va\" \/>\r\n<meta property=\"og:url\" content=\"https:\/\/paracherkaoui.ma\/index.php\/produit\/thuasne-orthese-strapping-de-pouce-taille-m\/\" \/>\r\n<meta property=\"og:site_name\" content=\"Paracherkaoui.ma\" \/>\r\n<meta property=\"article:modified_time\" content=\"2025-12-12T18:35:41+00:00\" \/>\r\n<meta property=\"og:image\" content=\"https:\/\/paracherkaoui.ma\/wp-content\/uploads\/2025\/12\/thuasne-thuasne-orthese-strapping-de-pouce-taille-m-orthopedie.jpg\" \/>\r\n\t<meta property=\"og:image:width\" content=\"700\" \/>\r\n\t<meta property=\"og:image:height\" content=\"700\" \/>\r\n\t<meta property=\"og:image:type\" content=\"image\/jpeg\" \/>\r\n<meta name=\"twitter:card\" content=\"summary_large_image\" \/>\r\n<script type=\"application\/ld+json\" class=\"yoast-schema-graph\">{\"@context\":\"https:\/\/schema.org\",\"@graph\":[{\"@type\":\"WebPage\",\"@id\":\"https:\/\/paracherkaoui.ma\/index.php\/produit\/thuasne-orthese-strapping-de-pouce-taille-m\/\",\"url\":\"https:\/\/paracherkaoui.ma\/index.php\/produit\/thuasne-orthese-strapping-de-pouce-taille-m\/\",\"name\":\"THUASNE ORTHESE STRAPPING DE POUCE TAILLE M - Paracherkaoui.ma\",\"isPartOf\":{\"@id\":\"https:\/\/paracherkaoui.ma\/#website\"},\"primaryImageOfPage\":{\"@id\":\"https:\/\/paracherkaoui.ma\/index.php\/produit\/thuasne-orthese-strapping-de-pouce-taille-m\/#primaryimage\"},\"image\":{\"@id\":\"https:\/\/paracherkaoui.ma\/index.php\/produit\/thuasne-orthese-strapping-de-pouce-taille-m\/#primaryimage\"},\"thumbnailUrl\":\"https:\/\/paracherkaoui.ma\/wp-content\/uploads\/2025\/12\/thuasne-thuasne-orthese-strapping-de-pouce-taille-m-orthopedie.jpg\",\"datePublished\":\"2025-12-12T18:35:36+00:00\",\"dateModified\":\"2025-12-12T18:35:41+00:00\",\"breadcrumb\":{\"@id\":\"https:\/\/paracherkaoui.ma\/index.php\/produit\/thuasne-orthese-strapping-de-pouce-taille-m\/#breadcrumb\"},\"inLanguage\":\"fr-FR\",\"potentialAction\":[{\"@type\":\"ReadAction\",\"target\":[\"https:\/\/paracherkaoui.ma\/index.php\/produit\/thuasne-orthese-strapping-de-pouce-taille-m\/\"]}]},{\"@type\":\"ImageObject\",\"inLanguage\":\"fr-FR\",\"@id\":\"https:\/\/paracherkaoui.ma\/index.php\/produit\/thuasne-orthese-strapping-de-pouce-taille-m\/#primaryimage\",\"url\":\"https:\/\/paracherkaoui.ma\/wp-content\/uploads\/2025\/12\/thuasne-thuasne-orthese-strapping-de-pouce-taille-m-orthopedie.jpg\",\"contentUrl\":\"https:\/\/paracherkaoui.ma\/wp-content\/uploads\/2025\/12\/thuasne-thuasne-orthese-strapping-de-pouce-taille-m-orthopedie.jpg\",\"width\":700,\"height\":700},{\"@type\":\"BreadcrumbList\",\"@id\":\"https:\/\/paracherkaoui.ma\/index.php\/produit\/thuasne-orthese-strapping-de-pouce-taille-m\/#breadcrumb\",\"itemListElement\":[{\"@type\":\"ListItem\",\"position\":1,\"name\":\"Accueil\",\"item\":\"https:\/\/paracherkaoui.ma\/\"},{\"@type\":\"ListItem\",\"position\":2,\"name\":\"Boutique\",\"item\":\"https:\/\/paracherkaoui.ma\/index.php\/boutique\/\"},{\"@type\":\"ListItem\",\"position\":3,\"name\":\"THUASNE ORTHESE STRAPPING DE POUCE TAILLE M\"}]},{\"@type\":\"WebSite\",\"@id\":\"https:\/\/paracherkaoui.ma\/#website\",\"url\":\"https:\/\/paracherkaoui.ma\/\",\"name\":\"Paracherkaoui.ma\",\"description\":\"Achetez en ligne sur Paracherkaoui.ma\",\"potentialAction\":[{\"@type\":\"SearchAction\",\"target\":{\"@type\":\"EntryPoint\",\"urlTemplate\":\"https:\/\/paracherkaoui.ma\/?s={search_term_string}\"},\"query-input\":{\"@type\":\"PropertyValueSpecification\",\"valueRequired\":true,\"valueName\":\"search_term_string\"}}],\"inLanguage\":\"fr-FR\"}]}<\/script>\r\n<!-- \/ Yoast SEO plugin. -->","yoast_head_json":{"title":"THUASNE ORTHESE STRAPPING DE POUCE TAILLE M - Paracherkaoui.ma","robots":{"index":"index","follow":"follow","max-snippet":"max-snippet:-1","max-image-preview":"max-image-preview:large","max-video-preview":"max-video-preview:-1"},"canonical":"https:\/\/paracherkaoui.ma\/index.php\/produit\/thuasne-orthese-strapping-de-pouce-taille-m\/","og_locale":"fr_FR","og_type":"article","og_title":"THUASNE ORTHESE STRAPPING DE POUCE TAILLE M - Paracherkaoui.ma","og_description":"Cette orth\u00e8se de pouce de la marque Thuasne Sport est id\u00e9ale pour pr\u00e9venir les blessures\u00a0ligamentaires comme les entorses. Elle va","og_url":"https:\/\/paracherkaoui.ma\/index.php\/produit\/thuasne-orthese-strapping-de-pouce-taille-m\/","og_site_name":"Paracherkaoui.ma","article_modified_time":"2025-12-12T18:35:41+00:00","og_image":[{"width":700,"height":700,"url":"https:\/\/paracherkaoui.ma\/wp-content\/uploads\/2025\/12\/thuasne-thuasne-orthese-strapping-de-pouce-taille-m-orthopedie.jpg","type":"image\/jpeg"}],"twitter_card":"summary_large_image","schema":{"@context":"https:\/\/schema.org","@graph":[{"@type":"WebPage","@id":"https:\/\/paracherkaoui.ma\/index.php\/produit\/thuasne-orthese-strapping-de-pouce-taille-m\/","url":"https:\/\/paracherkaoui.ma\/index.php\/produit\/thuasne-orthese-strapping-de-pouce-taille-m\/","name":"THUASNE ORTHESE STRAPPING DE POUCE TAILLE M - Paracherkaoui.ma","isPartOf":{"@id":"https:\/\/paracherkaoui.ma\/#website"},"primaryImageOfPage":{"@id":"https:\/\/paracherkaoui.ma\/index.php\/produit\/thuasne-orthese-strapping-de-pouce-taille-m\/#primaryimage"},"image":{"@id":"https:\/\/paracherkaoui.ma\/index.php\/produit\/thuasne-orthese-strapping-de-pouce-taille-m\/#primaryimage"},"thumbnailUrl":"https:\/\/paracherkaoui.ma\/wp-content\/uploads\/2025\/12\/thuasne-thuasne-orthese-strapping-de-pouce-taille-m-orthopedie.jpg","datePublished":"2025-12-12T18:35:36+00:00","dateModified":"2025-12-12T18:35:41+00:00","breadcrumb":{"@id":"https:\/\/paracherkaoui.ma\/index.php\/produit\/thuasne-orthese-strapping-de-pouce-taille-m\/#breadcrumb"},"inLanguage":"fr-FR","potentialAction":[{"@type":"ReadAction","target":["https:\/\/paracherkaoui.ma\/index.php\/produit\/thuasne-orthese-strapping-de-pouce-taille-m\/"]}]},{"@type":"ImageObject","inLanguage":"fr-FR","@id":"https:\/\/paracherkaoui.ma\/index.php\/produit\/thuasne-orthese-strapping-de-pouce-taille-m\/#primaryimage","url":"https:\/\/paracherkaoui.ma\/wp-content\/uploads\/2025\/12\/thuasne-thuasne-orthese-strapping-de-pouce-taille-m-orthopedie.jpg","contentUrl":"https:\/\/paracherkaoui.ma\/wp-content\/uploads\/2025\/12\/thuasne-thuasne-orthese-strapping-de-pouce-taille-m-orthopedie.jpg","width":700,"height":700},{"@type":"BreadcrumbList","@id":"https:\/\/paracherkaoui.ma\/index.php\/produit\/thuasne-orthese-strapping-de-pouce-taille-m\/#breadcrumb","itemListElement":[{"@type":"ListItem","position":1,"name":"Accueil","item":"https:\/\/paracherkaoui.ma\/"},{"@type":"ListItem","position":2,"name":"Boutique","item":"https:\/\/paracherkaoui.ma\/index.php\/boutique\/"},{"@type":"ListItem","position":3,"name":"THUASNE ORTHESE STRAPPING DE POUCE TAILLE M"}]},{"@type":"WebSite","@id":"https:\/\/paracherkaoui.ma\/#website","url":"https:\/\/paracherkaoui.ma\/","name":"Paracherkaoui.ma","description":"Achetez en ligne sur Paracherkaoui.ma","potentialAction":[{"@type":"SearchAction","target":{"@type":"EntryPoint","urlTemplate":"https:\/\/paracherkaoui.ma\/?s={search_term_string}"},"query-input":{"@type":"PropertyValueSpecification","valueRequired":true,"valueName":"search_term_string"}}],"inLanguage":"fr-FR"}]}},"_links":{"self":[{"href":"https:\/\/paracherkaoui.ma\/index.php\/wp-json\/wp\/v2\/product\/52153","targetHints":{"allow":["GET"]}}],"collection":[{"href":"https:\/\/paracherkaoui.ma\/index.php\/wp-json\/wp\/v2\/product"}],"about":[{"href":"https:\/\/paracherkaoui.ma\/index.php\/wp-json\/wp\/v2\/types\/product"}],"replies":[{"embeddable":true,"href":"https:\/\/paracherkaoui.ma\/index.php\/wp-json\/wp\/v2\/comments?post=52153"}],"version-history":[{"count":1,"href":"https:\/\/paracherkaoui.ma\/index.php\/wp-json\/wp\/v2\/product\/52153\/revisions"}],"predecessor-version":[{"id":52199,"href":"https:\/\/paracherkaoui.ma\/index.php\/wp-json\/wp\/v2\/product\/52153\/revisions\/52199"}],"wp:featuredmedia":[{"embeddable":true,"href":"https:\/\/paracherkaoui.ma\/index.php\/wp-json\/wp\/v2\/media\/52198"}],"wp:attachment":[{"href":"https:\/\/paracherkaoui.ma\/index.php\/wp-json\/wp\/v2\/media?parent=52153"}],"wp:term":[{"taxonomy":"product_brand","embeddable":true,"href":"https:\/\/paracherkaoui.ma\/index.php\/wp-json\/wp\/v2\/product_brand?post=52153"},{"taxonomy":"product_cat","embeddable":true,"href":"https:\/\/paracherkaoui.ma\/index.php\/wp-json\/wp\/v2\/product_cat?post=52153"},{"taxonomy":"product_tag","embeddable":true,"href":"https:\/\/paracherkaoui.ma\/index.php\/wp-json\/wp\/v2\/product_tag?post=52153"}],"curies":[{"name":"wp","href":"https:\/\/api.w.org\/{rel}","templated":true}]}}