{"id":52147,"date":"2025-12-12T19:35:35","date_gmt":"2025-12-12T18:35:35","guid":{"rendered":"https:\/\/test.ecbeaute.com\/?post_type=product&#038;p=52147"},"modified":"2025-12-12T19:35:40","modified_gmt":"2025-12-12T18:35:40","slug":"thuasne-lombax-original-ceinture-de-soutien-lambaire","status":"publish","type":"product","link":"https:\/\/paracherkaoui.ma\/index.php\/produit\/thuasne-lombax-original-ceinture-de-soutien-lambaire\/","title":{"rendered":"THUASNE LOMBAX ORIGINAL CEINTURE DE SOUTIEN LAMBAIRE"},"content":{"rendered":"<p>La ceinture Lombax Original est une ceinture de soutien lombaire avec syst\u00e8me de fermeture en deux parties facile \u00e0 r\u00e9gler. Les passe-mains \u00e0 l\u2019extr\u00e9mit\u00e9 des sangles facilitent la mise en place sans effort de la ceinture. Ce mod\u00e8le convient donc particuli\u00e8rement pour les patients \u00e2g\u00e9s. Quatre baleines lombaires sont int\u00e9gr\u00e9es dans la ceinture pour contr\u00f4ler la posture. Faite d\u2019un tissu peu salissant et r\u00e9sistant \u00e0 l\u2019usure, cette ceinture peut si n\u00e9cessaire aussi \u00eatre port\u00e9e par-dessus les v\u00eatements.<\/p>\n","protected":false},"excerpt":{"rendered":"<p>La ceinture Lombax Original est une ceinture de soutien lombaire avec syst\u00e8me de fermeture en deux parties facile \u00e0 r\u00e9gler.<\/p>\n","protected":false},"featured_media":52186,"comment_status":"open","ping_status":"closed","template":"","meta":[],"product_brand":[975],"product_cat":[967],"product_tag":[],"class_list":{"0":"post-52147","1":"product","2":"type-product","3":"status-publish","4":"has-post-thumbnail","6":"product_brand-thuasne","7":"product_cat-orthopedie","9":"first","10":"instock","11":"shipping-taxable","12":"purchasable","13":"product-type-simple"},"yoast_head":"<!-- This site is optimized with the Yoast SEO plugin v26.6 - https:\/\/yoast.com\/wordpress\/plugins\/seo\/ -->\r\n<title>THUASNE LOMBAX ORIGINAL CEINTURE DE SOUTIEN LAMBAIRE - Paracherkaoui.ma<\/title>\r\n<meta name=\"robots\" content=\"index, follow, max-snippet:-1, max-image-preview:large, max-video-preview:-1\" \/>\r\n<link rel=\"canonical\" href=\"https:\/\/paracherkaoui.ma\/index.php\/produit\/thuasne-lombax-original-ceinture-de-soutien-lambaire\/\" \/>\r\n<meta property=\"og:locale\" content=\"fr_FR\" \/>\r\n<meta property=\"og:type\" content=\"article\" \/>\r\n<meta property=\"og:title\" content=\"THUASNE LOMBAX ORIGINAL CEINTURE DE SOUTIEN LAMBAIRE - Paracherkaoui.ma\" \/>\r\n<meta property=\"og:description\" content=\"La ceinture Lombax Original est une ceinture de soutien lombaire avec syst\u00e8me de fermeture en deux parties facile \u00e0 r\u00e9gler.\" \/>\r\n<meta property=\"og:url\" content=\"https:\/\/paracherkaoui.ma\/index.php\/produit\/thuasne-lombax-original-ceinture-de-soutien-lambaire\/\" \/>\r\n<meta property=\"og:site_name\" content=\"Paracherkaoui.ma\" \/>\r\n<meta property=\"article:modified_time\" content=\"2025-12-12T18:35:40+00:00\" \/>\r\n<meta property=\"og:image\" content=\"https:\/\/paracherkaoui.ma\/wp-content\/uploads\/2025\/12\/thuasne-lombax-original-ceinture-de-soutien-lambaire.jpg\" \/>\r\n\t<meta property=\"og:image:width\" content=\"700\" \/>\r\n\t<meta property=\"og:image:height\" content=\"700\" \/>\r\n\t<meta property=\"og:image:type\" content=\"image\/jpeg\" \/>\r\n<meta name=\"twitter:card\" content=\"summary_large_image\" \/>\r\n<script type=\"application\/ld+json\" class=\"yoast-schema-graph\">{\"@context\":\"https:\/\/schema.org\",\"@graph\":[{\"@type\":\"WebPage\",\"@id\":\"https:\/\/paracherkaoui.ma\/index.php\/produit\/thuasne-lombax-original-ceinture-de-soutien-lambaire\/\",\"url\":\"https:\/\/paracherkaoui.ma\/index.php\/produit\/thuasne-lombax-original-ceinture-de-soutien-lambaire\/\",\"name\":\"THUASNE LOMBAX ORIGINAL CEINTURE DE SOUTIEN LAMBAIRE - Paracherkaoui.ma\",\"isPartOf\":{\"@id\":\"https:\/\/paracherkaoui.ma\/#website\"},\"primaryImageOfPage\":{\"@id\":\"https:\/\/paracherkaoui.ma\/index.php\/produit\/thuasne-lombax-original-ceinture-de-soutien-lambaire\/#primaryimage\"},\"image\":{\"@id\":\"https:\/\/paracherkaoui.ma\/index.php\/produit\/thuasne-lombax-original-ceinture-de-soutien-lambaire\/#primaryimage\"},\"thumbnailUrl\":\"https:\/\/paracherkaoui.ma\/wp-content\/uploads\/2025\/12\/thuasne-lombax-original-ceinture-de-soutien-lambaire.jpg\",\"datePublished\":\"2025-12-12T18:35:35+00:00\",\"dateModified\":\"2025-12-12T18:35:40+00:00\",\"breadcrumb\":{\"@id\":\"https:\/\/paracherkaoui.ma\/index.php\/produit\/thuasne-lombax-original-ceinture-de-soutien-lambaire\/#breadcrumb\"},\"inLanguage\":\"fr-FR\",\"potentialAction\":[{\"@type\":\"ReadAction\",\"target\":[\"https:\/\/paracherkaoui.ma\/index.php\/produit\/thuasne-lombax-original-ceinture-de-soutien-lambaire\/\"]}]},{\"@type\":\"ImageObject\",\"inLanguage\":\"fr-FR\",\"@id\":\"https:\/\/paracherkaoui.ma\/index.php\/produit\/thuasne-lombax-original-ceinture-de-soutien-lambaire\/#primaryimage\",\"url\":\"https:\/\/paracherkaoui.ma\/wp-content\/uploads\/2025\/12\/thuasne-lombax-original-ceinture-de-soutien-lambaire.jpg\",\"contentUrl\":\"https:\/\/paracherkaoui.ma\/wp-content\/uploads\/2025\/12\/thuasne-lombax-original-ceinture-de-soutien-lambaire.jpg\",\"width\":700,\"height\":700},{\"@type\":\"BreadcrumbList\",\"@id\":\"https:\/\/paracherkaoui.ma\/index.php\/produit\/thuasne-lombax-original-ceinture-de-soutien-lambaire\/#breadcrumb\",\"itemListElement\":[{\"@type\":\"ListItem\",\"position\":1,\"name\":\"Accueil\",\"item\":\"https:\/\/paracherkaoui.ma\/\"},{\"@type\":\"ListItem\",\"position\":2,\"name\":\"Boutique\",\"item\":\"https:\/\/paracherkaoui.ma\/index.php\/boutique\/\"},{\"@type\":\"ListItem\",\"position\":3,\"name\":\"THUASNE LOMBAX ORIGINAL CEINTURE DE SOUTIEN LAMBAIRE\"}]},{\"@type\":\"WebSite\",\"@id\":\"https:\/\/paracherkaoui.ma\/#website\",\"url\":\"https:\/\/paracherkaoui.ma\/\",\"name\":\"Paracherkaoui.ma\",\"description\":\"Achetez en ligne sur Paracherkaoui.ma\",\"potentialAction\":[{\"@type\":\"SearchAction\",\"target\":{\"@type\":\"EntryPoint\",\"urlTemplate\":\"https:\/\/paracherkaoui.ma\/?s={search_term_string}\"},\"query-input\":{\"@type\":\"PropertyValueSpecification\",\"valueRequired\":true,\"valueName\":\"search_term_string\"}}],\"inLanguage\":\"fr-FR\"}]}<\/script>\r\n<!-- \/ Yoast SEO plugin. -->","yoast_head_json":{"title":"THUASNE LOMBAX ORIGINAL CEINTURE DE SOUTIEN LAMBAIRE - Paracherkaoui.ma","robots":{"index":"index","follow":"follow","max-snippet":"max-snippet:-1","max-image-preview":"max-image-preview:large","max-video-preview":"max-video-preview:-1"},"canonical":"https:\/\/paracherkaoui.ma\/index.php\/produit\/thuasne-lombax-original-ceinture-de-soutien-lambaire\/","og_locale":"fr_FR","og_type":"article","og_title":"THUASNE LOMBAX ORIGINAL CEINTURE DE SOUTIEN LAMBAIRE - Paracherkaoui.ma","og_description":"La ceinture Lombax Original est une ceinture de soutien lombaire avec syst\u00e8me de fermeture en deux parties facile \u00e0 r\u00e9gler.","og_url":"https:\/\/paracherkaoui.ma\/index.php\/produit\/thuasne-lombax-original-ceinture-de-soutien-lambaire\/","og_site_name":"Paracherkaoui.ma","article_modified_time":"2025-12-12T18:35:40+00:00","og_image":[{"width":700,"height":700,"url":"https:\/\/paracherkaoui.ma\/wp-content\/uploads\/2025\/12\/thuasne-lombax-original-ceinture-de-soutien-lambaire.jpg","type":"image\/jpeg"}],"twitter_card":"summary_large_image","schema":{"@context":"https:\/\/schema.org","@graph":[{"@type":"WebPage","@id":"https:\/\/paracherkaoui.ma\/index.php\/produit\/thuasne-lombax-original-ceinture-de-soutien-lambaire\/","url":"https:\/\/paracherkaoui.ma\/index.php\/produit\/thuasne-lombax-original-ceinture-de-soutien-lambaire\/","name":"THUASNE LOMBAX ORIGINAL CEINTURE DE SOUTIEN LAMBAIRE - Paracherkaoui.ma","isPartOf":{"@id":"https:\/\/paracherkaoui.ma\/#website"},"primaryImageOfPage":{"@id":"https:\/\/paracherkaoui.ma\/index.php\/produit\/thuasne-lombax-original-ceinture-de-soutien-lambaire\/#primaryimage"},"image":{"@id":"https:\/\/paracherkaoui.ma\/index.php\/produit\/thuasne-lombax-original-ceinture-de-soutien-lambaire\/#primaryimage"},"thumbnailUrl":"https:\/\/paracherkaoui.ma\/wp-content\/uploads\/2025\/12\/thuasne-lombax-original-ceinture-de-soutien-lambaire.jpg","datePublished":"2025-12-12T18:35:35+00:00","dateModified":"2025-12-12T18:35:40+00:00","breadcrumb":{"@id":"https:\/\/paracherkaoui.ma\/index.php\/produit\/thuasne-lombax-original-ceinture-de-soutien-lambaire\/#breadcrumb"},"inLanguage":"fr-FR","potentialAction":[{"@type":"ReadAction","target":["https:\/\/paracherkaoui.ma\/index.php\/produit\/thuasne-lombax-original-ceinture-de-soutien-lambaire\/"]}]},{"@type":"ImageObject","inLanguage":"fr-FR","@id":"https:\/\/paracherkaoui.ma\/index.php\/produit\/thuasne-lombax-original-ceinture-de-soutien-lambaire\/#primaryimage","url":"https:\/\/paracherkaoui.ma\/wp-content\/uploads\/2025\/12\/thuasne-lombax-original-ceinture-de-soutien-lambaire.jpg","contentUrl":"https:\/\/paracherkaoui.ma\/wp-content\/uploads\/2025\/12\/thuasne-lombax-original-ceinture-de-soutien-lambaire.jpg","width":700,"height":700},{"@type":"BreadcrumbList","@id":"https:\/\/paracherkaoui.ma\/index.php\/produit\/thuasne-lombax-original-ceinture-de-soutien-lambaire\/#breadcrumb","itemListElement":[{"@type":"ListItem","position":1,"name":"Accueil","item":"https:\/\/paracherkaoui.ma\/"},{"@type":"ListItem","position":2,"name":"Boutique","item":"https:\/\/paracherkaoui.ma\/index.php\/boutique\/"},{"@type":"ListItem","position":3,"name":"THUASNE LOMBAX ORIGINAL CEINTURE DE SOUTIEN LAMBAIRE"}]},{"@type":"WebSite","@id":"https:\/\/paracherkaoui.ma\/#website","url":"https:\/\/paracherkaoui.ma\/","name":"Paracherkaoui.ma","description":"Achetez en ligne sur Paracherkaoui.ma","potentialAction":[{"@type":"SearchAction","target":{"@type":"EntryPoint","urlTemplate":"https:\/\/paracherkaoui.ma\/?s={search_term_string}"},"query-input":{"@type":"PropertyValueSpecification","valueRequired":true,"valueName":"search_term_string"}}],"inLanguage":"fr-FR"}]}},"_links":{"self":[{"href":"https:\/\/paracherkaoui.ma\/index.php\/wp-json\/wp\/v2\/product\/52147","targetHints":{"allow":["GET"]}}],"collection":[{"href":"https:\/\/paracherkaoui.ma\/index.php\/wp-json\/wp\/v2\/product"}],"about":[{"href":"https:\/\/paracherkaoui.ma\/index.php\/wp-json\/wp\/v2\/types\/product"}],"replies":[{"embeddable":true,"href":"https:\/\/paracherkaoui.ma\/index.php\/wp-json\/wp\/v2\/comments?post=52147"}],"version-history":[{"count":1,"href":"https:\/\/paracherkaoui.ma\/index.php\/wp-json\/wp\/v2\/product\/52147\/revisions"}],"predecessor-version":[{"id":52187,"href":"https:\/\/paracherkaoui.ma\/index.php\/wp-json\/wp\/v2\/product\/52147\/revisions\/52187"}],"wp:featuredmedia":[{"embeddable":true,"href":"https:\/\/paracherkaoui.ma\/index.php\/wp-json\/wp\/v2\/media\/52186"}],"wp:attachment":[{"href":"https:\/\/paracherkaoui.ma\/index.php\/wp-json\/wp\/v2\/media?parent=52147"}],"wp:term":[{"taxonomy":"product_brand","embeddable":true,"href":"https:\/\/paracherkaoui.ma\/index.php\/wp-json\/wp\/v2\/product_brand?post=52147"},{"taxonomy":"product_cat","embeddable":true,"href":"https:\/\/paracherkaoui.ma\/index.php\/wp-json\/wp\/v2\/product_cat?post=52147"},{"taxonomy":"product_tag","embeddable":true,"href":"https:\/\/paracherkaoui.ma\/index.php\/wp-json\/wp\/v2\/product_tag?post=52147"}],"curies":[{"name":"wp","href":"https:\/\/api.w.org\/{rel}","templated":true}]}}