{"id":52075,"date":"2025-12-12T19:35:25","date_gmt":"2025-12-12T18:35:25","guid":{"rendered":"https:\/\/test.ecbeaute.com\/?post_type=product&#038;p=52075"},"modified":"2025-12-12T19:35:33","modified_gmt":"2025-12-12T18:35:33","slug":"omron-m7-intelli-it-tensiometre-electronique-automatique-bras","status":"publish","type":"product","link":"https:\/\/paracherkaoui.ma\/index.php\/produit\/omron-m7-intelli-it-tensiometre-electronique-automatique-bras\/","title":{"rendered":"OMRON M7 INTELLI IT &#8211; TENSIOMETRE ELECTRONIQUE AUTOMATIQUE (BRAS)"},"content":{"rendered":"<p>Omron M7 Intelli IT &#8211; Tensiom\u00e8tre \u00e9lectronique automatique de bras<\/p>\n<p>Le tensiom\u00e8tre Omron M7 Intelli IT est \u00e9quip\u00e9 du brassard Intelli Wrap. Sa technologie exclusive permet de mesurer la tension de mani\u00e8re fiable quelle que soit la position du brassard autour du bras.<\/p>\n<p>L&rsquo;appareil d\u00e9tecte les battements irr\u00e9guliers du c\u0153ur.<\/p>\n<p>Dans le cadre de la d\u00e9tection pr\u00e9coce de l&rsquo;hypertension matinale *, le tensiometre M7 Intelli IT calcule et affiche les moyennes hebdomadaires des mesures r\u00e9alis\u00e9es le matin et le soir sur 8 semaines pour chaque utilisateur Les valeurs des tensions matinales sont bas\u00e9es sur les premi\u00e8res mesures effectu\u00e9es entre 4 H et 11 H 59 du matin. Les valeurs des tensions du soir sont bas\u00e9es sur les derni\u00e8res mesures effectu\u00e9es entre 19 H et 1 H 59. (* : L&rsquo;hypertension matinale est caract\u00e9ris\u00e9e par une augmentation consid\u00e9rable de la pression art\u00e9rielle 1 \u00e0 2 heures apr\u00e8s le r\u00e9veil. Ce pic de tension pr\u00e9sente de graves dangers pour la sant\u00e9 et explique la fr\u00e9quence de survenue des accidents vasculaires c\u00e9r\u00e9braux et crises cardiaques au cours des premi\u00e8res deux heures suivant le r\u00e9veil).<\/p>\n<p>M\u00e9moire : 100 mesures pour chacun des 2 utilisateurs.<\/p>\n<p>Afin de suivre l&rsquo;\u00e9volution de sa tension et de partager ses donn\u00e9es avec son m\u00e9decin, le tensiom\u00e8tre peut se connecter en bluetooth \u00e0 l&rsquo;application pour smartphones Omron connect. T\u00e9l\u00e9chargez gratuitement l&rsquo;application Omron Connect sur Google Play ou Appstore.<\/p>\n<p>Tensiom\u00e8tre Omron M7 Intelli IT livr\u00e9 avec brassard Intelli Wrap Medium-Large (22 \u00e0 42 cm), jeu de piles AA et mode d&#8217;emploi.<br \/>\nAdaptateur secteur en accessoire.<\/p>\n","protected":false},"excerpt":{"rendered":"<p>Omron M7 Intelli IT &#8211; Tensiom\u00e8tre \u00e9lectronique automatique de bras Le tensiom\u00e8tre Omron M7 Intelli IT est \u00e9quip\u00e9 du brassard<\/p>\n","protected":false},"featured_media":52125,"comment_status":"open","ping_status":"closed","template":"","meta":[],"product_brand":[978],"product_cat":[967],"product_tag":[],"class_list":{"0":"post-52075","1":"product","2":"type-product","3":"status-publish","4":"has-post-thumbnail","6":"product_brand-omron","7":"product_cat-orthopedie","9":"first","10":"instock","11":"sale","12":"shipping-taxable","13":"purchasable","14":"product-type-simple"},"yoast_head":"<!-- This site is optimized with the Yoast SEO plugin v26.6 - https:\/\/yoast.com\/wordpress\/plugins\/seo\/ -->\r\n<title>OMRON M7 INTELLI IT - TENSIOMETRE ELECTRONIQUE AUTOMATIQUE (BRAS) - Paracherkaoui.ma<\/title>\r\n<meta name=\"robots\" content=\"index, follow, max-snippet:-1, max-image-preview:large, max-video-preview:-1\" \/>\r\n<link rel=\"canonical\" href=\"https:\/\/paracherkaoui.ma\/index.php\/produit\/omron-m7-intelli-it-tensiometre-electronique-automatique-bras\/\" \/>\r\n<meta property=\"og:locale\" content=\"fr_FR\" \/>\r\n<meta property=\"og:type\" content=\"article\" \/>\r\n<meta property=\"og:title\" content=\"OMRON M7 INTELLI IT - TENSIOMETRE ELECTRONIQUE AUTOMATIQUE (BRAS) - Paracherkaoui.ma\" \/>\r\n<meta property=\"og:description\" content=\"Omron M7 Intelli IT &#8211; Tensiom\u00e8tre \u00e9lectronique automatique de bras Le tensiom\u00e8tre Omron M7 Intelli IT est \u00e9quip\u00e9 du brassard\" \/>\r\n<meta property=\"og:url\" content=\"https:\/\/paracherkaoui.ma\/index.php\/produit\/omron-m7-intelli-it-tensiometre-electronique-automatique-bras\/\" \/>\r\n<meta property=\"og:site_name\" content=\"Paracherkaoui.ma\" \/>\r\n<meta property=\"article:modified_time\" content=\"2025-12-12T18:35:33+00:00\" \/>\r\n<meta property=\"og:image\" content=\"https:\/\/paracherkaoui.ma\/wp-content\/uploads\/2025\/12\/omron-omron-m7-intelli-it-tensiometre-electronique-automatique-bras-thermometres.jpg\" \/>\r\n\t<meta property=\"og:image:width\" content=\"700\" \/>\r\n\t<meta property=\"og:image:height\" content=\"700\" \/>\r\n\t<meta property=\"og:image:type\" content=\"image\/jpeg\" \/>\r\n<meta name=\"twitter:card\" content=\"summary_large_image\" \/>\r\n<meta name=\"twitter:label1\" content=\"Dur\u00e9e de lecture estim\u00e9e\" \/>\n\t<meta name=\"twitter:data1\" content=\"1 minute\" \/>\r\n<script type=\"application\/ld+json\" class=\"yoast-schema-graph\">{\"@context\":\"https:\/\/schema.org\",\"@graph\":[{\"@type\":\"WebPage\",\"@id\":\"https:\/\/paracherkaoui.ma\/index.php\/produit\/omron-m7-intelli-it-tensiometre-electronique-automatique-bras\/\",\"url\":\"https:\/\/paracherkaoui.ma\/index.php\/produit\/omron-m7-intelli-it-tensiometre-electronique-automatique-bras\/\",\"name\":\"OMRON M7 INTELLI IT - TENSIOMETRE ELECTRONIQUE AUTOMATIQUE (BRAS) - Paracherkaoui.ma\",\"isPartOf\":{\"@id\":\"https:\/\/paracherkaoui.ma\/#website\"},\"primaryImageOfPage\":{\"@id\":\"https:\/\/paracherkaoui.ma\/index.php\/produit\/omron-m7-intelli-it-tensiometre-electronique-automatique-bras\/#primaryimage\"},\"image\":{\"@id\":\"https:\/\/paracherkaoui.ma\/index.php\/produit\/omron-m7-intelli-it-tensiometre-electronique-automatique-bras\/#primaryimage\"},\"thumbnailUrl\":\"https:\/\/paracherkaoui.ma\/wp-content\/uploads\/2025\/12\/omron-omron-m7-intelli-it-tensiometre-electronique-automatique-bras-thermometres.jpg\",\"datePublished\":\"2025-12-12T18:35:25+00:00\",\"dateModified\":\"2025-12-12T18:35:33+00:00\",\"breadcrumb\":{\"@id\":\"https:\/\/paracherkaoui.ma\/index.php\/produit\/omron-m7-intelli-it-tensiometre-electronique-automatique-bras\/#breadcrumb\"},\"inLanguage\":\"fr-FR\",\"potentialAction\":[{\"@type\":\"ReadAction\",\"target\":[\"https:\/\/paracherkaoui.ma\/index.php\/produit\/omron-m7-intelli-it-tensiometre-electronique-automatique-bras\/\"]}]},{\"@type\":\"ImageObject\",\"inLanguage\":\"fr-FR\",\"@id\":\"https:\/\/paracherkaoui.ma\/index.php\/produit\/omron-m7-intelli-it-tensiometre-electronique-automatique-bras\/#primaryimage\",\"url\":\"https:\/\/paracherkaoui.ma\/wp-content\/uploads\/2025\/12\/omron-omron-m7-intelli-it-tensiometre-electronique-automatique-bras-thermometres.jpg\",\"contentUrl\":\"https:\/\/paracherkaoui.ma\/wp-content\/uploads\/2025\/12\/omron-omron-m7-intelli-it-tensiometre-electronique-automatique-bras-thermometres.jpg\",\"width\":700,\"height\":700},{\"@type\":\"BreadcrumbList\",\"@id\":\"https:\/\/paracherkaoui.ma\/index.php\/produit\/omron-m7-intelli-it-tensiometre-electronique-automatique-bras\/#breadcrumb\",\"itemListElement\":[{\"@type\":\"ListItem\",\"position\":1,\"name\":\"Accueil\",\"item\":\"https:\/\/paracherkaoui.ma\/\"},{\"@type\":\"ListItem\",\"position\":2,\"name\":\"Boutique\",\"item\":\"https:\/\/paracherkaoui.ma\/index.php\/boutique\/\"},{\"@type\":\"ListItem\",\"position\":3,\"name\":\"OMRON M7 INTELLI IT &#8211; TENSIOMETRE ELECTRONIQUE AUTOMATIQUE (BRAS)\"}]},{\"@type\":\"WebSite\",\"@id\":\"https:\/\/paracherkaoui.ma\/#website\",\"url\":\"https:\/\/paracherkaoui.ma\/\",\"name\":\"Paracherkaoui.ma\",\"description\":\"Achetez en ligne sur Paracherkaoui.ma\",\"potentialAction\":[{\"@type\":\"SearchAction\",\"target\":{\"@type\":\"EntryPoint\",\"urlTemplate\":\"https:\/\/paracherkaoui.ma\/?s={search_term_string}\"},\"query-input\":{\"@type\":\"PropertyValueSpecification\",\"valueRequired\":true,\"valueName\":\"search_term_string\"}}],\"inLanguage\":\"fr-FR\"}]}<\/script>\r\n<!-- \/ Yoast SEO plugin. -->","yoast_head_json":{"title":"OMRON M7 INTELLI IT - TENSIOMETRE ELECTRONIQUE AUTOMATIQUE (BRAS) - Paracherkaoui.ma","robots":{"index":"index","follow":"follow","max-snippet":"max-snippet:-1","max-image-preview":"max-image-preview:large","max-video-preview":"max-video-preview:-1"},"canonical":"https:\/\/paracherkaoui.ma\/index.php\/produit\/omron-m7-intelli-it-tensiometre-electronique-automatique-bras\/","og_locale":"fr_FR","og_type":"article","og_title":"OMRON M7 INTELLI IT - TENSIOMETRE ELECTRONIQUE AUTOMATIQUE (BRAS) - Paracherkaoui.ma","og_description":"Omron M7 Intelli IT &#8211; Tensiom\u00e8tre \u00e9lectronique automatique de bras Le tensiom\u00e8tre Omron M7 Intelli IT est \u00e9quip\u00e9 du brassard","og_url":"https:\/\/paracherkaoui.ma\/index.php\/produit\/omron-m7-intelli-it-tensiometre-electronique-automatique-bras\/","og_site_name":"Paracherkaoui.ma","article_modified_time":"2025-12-12T18:35:33+00:00","og_image":[{"width":700,"height":700,"url":"https:\/\/paracherkaoui.ma\/wp-content\/uploads\/2025\/12\/omron-omron-m7-intelli-it-tensiometre-electronique-automatique-bras-thermometres.jpg","type":"image\/jpeg"}],"twitter_card":"summary_large_image","twitter_misc":{"Dur\u00e9e de lecture estim\u00e9e":"1 minute"},"schema":{"@context":"https:\/\/schema.org","@graph":[{"@type":"WebPage","@id":"https:\/\/paracherkaoui.ma\/index.php\/produit\/omron-m7-intelli-it-tensiometre-electronique-automatique-bras\/","url":"https:\/\/paracherkaoui.ma\/index.php\/produit\/omron-m7-intelli-it-tensiometre-electronique-automatique-bras\/","name":"OMRON M7 INTELLI IT - TENSIOMETRE ELECTRONIQUE AUTOMATIQUE (BRAS) - Paracherkaoui.ma","isPartOf":{"@id":"https:\/\/paracherkaoui.ma\/#website"},"primaryImageOfPage":{"@id":"https:\/\/paracherkaoui.ma\/index.php\/produit\/omron-m7-intelli-it-tensiometre-electronique-automatique-bras\/#primaryimage"},"image":{"@id":"https:\/\/paracherkaoui.ma\/index.php\/produit\/omron-m7-intelli-it-tensiometre-electronique-automatique-bras\/#primaryimage"},"thumbnailUrl":"https:\/\/paracherkaoui.ma\/wp-content\/uploads\/2025\/12\/omron-omron-m7-intelli-it-tensiometre-electronique-automatique-bras-thermometres.jpg","datePublished":"2025-12-12T18:35:25+00:00","dateModified":"2025-12-12T18:35:33+00:00","breadcrumb":{"@id":"https:\/\/paracherkaoui.ma\/index.php\/produit\/omron-m7-intelli-it-tensiometre-electronique-automatique-bras\/#breadcrumb"},"inLanguage":"fr-FR","potentialAction":[{"@type":"ReadAction","target":["https:\/\/paracherkaoui.ma\/index.php\/produit\/omron-m7-intelli-it-tensiometre-electronique-automatique-bras\/"]}]},{"@type":"ImageObject","inLanguage":"fr-FR","@id":"https:\/\/paracherkaoui.ma\/index.php\/produit\/omron-m7-intelli-it-tensiometre-electronique-automatique-bras\/#primaryimage","url":"https:\/\/paracherkaoui.ma\/wp-content\/uploads\/2025\/12\/omron-omron-m7-intelli-it-tensiometre-electronique-automatique-bras-thermometres.jpg","contentUrl":"https:\/\/paracherkaoui.ma\/wp-content\/uploads\/2025\/12\/omron-omron-m7-intelli-it-tensiometre-electronique-automatique-bras-thermometres.jpg","width":700,"height":700},{"@type":"BreadcrumbList","@id":"https:\/\/paracherkaoui.ma\/index.php\/produit\/omron-m7-intelli-it-tensiometre-electronique-automatique-bras\/#breadcrumb","itemListElement":[{"@type":"ListItem","position":1,"name":"Accueil","item":"https:\/\/paracherkaoui.ma\/"},{"@type":"ListItem","position":2,"name":"Boutique","item":"https:\/\/paracherkaoui.ma\/index.php\/boutique\/"},{"@type":"ListItem","position":3,"name":"OMRON M7 INTELLI IT &#8211; TENSIOMETRE ELECTRONIQUE AUTOMATIQUE (BRAS)"}]},{"@type":"WebSite","@id":"https:\/\/paracherkaoui.ma\/#website","url":"https:\/\/paracherkaoui.ma\/","name":"Paracherkaoui.ma","description":"Achetez en ligne sur Paracherkaoui.ma","potentialAction":[{"@type":"SearchAction","target":{"@type":"EntryPoint","urlTemplate":"https:\/\/paracherkaoui.ma\/?s={search_term_string}"},"query-input":{"@type":"PropertyValueSpecification","valueRequired":true,"valueName":"search_term_string"}}],"inLanguage":"fr-FR"}]}},"_links":{"self":[{"href":"https:\/\/paracherkaoui.ma\/index.php\/wp-json\/wp\/v2\/product\/52075","targetHints":{"allow":["GET"]}}],"collection":[{"href":"https:\/\/paracherkaoui.ma\/index.php\/wp-json\/wp\/v2\/product"}],"about":[{"href":"https:\/\/paracherkaoui.ma\/index.php\/wp-json\/wp\/v2\/types\/product"}],"replies":[{"embeddable":true,"href":"https:\/\/paracherkaoui.ma\/index.php\/wp-json\/wp\/v2\/comments?post=52075"}],"version-history":[{"count":1,"href":"https:\/\/paracherkaoui.ma\/index.php\/wp-json\/wp\/v2\/product\/52075\/revisions"}],"predecessor-version":[{"id":52126,"href":"https:\/\/paracherkaoui.ma\/index.php\/wp-json\/wp\/v2\/product\/52075\/revisions\/52126"}],"wp:featuredmedia":[{"embeddable":true,"href":"https:\/\/paracherkaoui.ma\/index.php\/wp-json\/wp\/v2\/media\/52125"}],"wp:attachment":[{"href":"https:\/\/paracherkaoui.ma\/index.php\/wp-json\/wp\/v2\/media?parent=52075"}],"wp:term":[{"taxonomy":"product_brand","embeddable":true,"href":"https:\/\/paracherkaoui.ma\/index.php\/wp-json\/wp\/v2\/product_brand?post=52075"},{"taxonomy":"product_cat","embeddable":true,"href":"https:\/\/paracherkaoui.ma\/index.php\/wp-json\/wp\/v2\/product_cat?post=52075"},{"taxonomy":"product_tag","embeddable":true,"href":"https:\/\/paracherkaoui.ma\/index.php\/wp-json\/wp\/v2\/product_tag?post=52075"}],"curies":[{"name":"wp","href":"https:\/\/api.w.org\/{rel}","templated":true}]}}