{"id":52072,"date":"2025-12-12T19:35:25","date_gmt":"2025-12-12T18:35:25","guid":{"rendered":"https:\/\/test.ecbeaute.com\/?post_type=product&#038;p=52072"},"modified":"2025-12-12T19:35:32","modified_gmt":"2025-12-12T18:35:32","slug":"thuasne-ligaflex-rhizo-atelle-de-stabilisation-du-pouce-gauche","status":"publish","type":"product","link":"https:\/\/paracherkaoui.ma\/index.php\/produit\/thuasne-ligaflex-rhizo-atelle-de-stabilisation-du-pouce-gauche\/","title":{"rendered":"THUASNE LIGAFLEX RHIZO ATELLE DE STABILISATION DU POUCE GAUCHE"},"content":{"rendered":"<p>\u2022 Immobilisation du pouce en position antalgique par une armature en fil m\u00e9tallique brevet\u00e9e<br \/>\nsitu\u00e9e \u00e0 la commissure du pouce<br \/>\n\u2022 Ouverture au niveau de la colonne de pouce pour \u00e9viter tout appui douloureux<br \/>\n\u2022 Conservation de la pr\u00e9hension et pr\u00e9servation de l\u2019amplitude du poignet<br \/>\n\u2022 Tricot 3D trait\u00e9 antibact\u00e9rien, l\u00e9ger et respirant pour une meilleure \u00e9vacuation de l\u2019humidit\u00e9,<br \/>\nadapt\u00e9 au port prolong\u00e9<\/p>\n","protected":false},"excerpt":{"rendered":"<p>\u2022 Immobilisation du pouce en position antalgique par une armature en fil m\u00e9tallique brevet\u00e9e situ\u00e9e \u00e0 la commissure du pouce<\/p>\n","protected":false},"featured_media":52119,"comment_status":"open","ping_status":"closed","template":"","meta":[],"product_brand":[975],"product_cat":[967],"product_tag":[],"class_list":{"0":"post-52072","1":"product","2":"type-product","3":"status-publish","4":"has-post-thumbnail","6":"product_brand-thuasne","7":"product_cat-orthopedie","9":"first","10":"instock","11":"shipping-taxable","12":"purchasable","13":"product-type-simple"},"yoast_head":"<!-- This site is optimized with the Yoast SEO plugin v26.6 - https:\/\/yoast.com\/wordpress\/plugins\/seo\/ -->\r\n<title>THUASNE LIGAFLEX RHIZO ATELLE DE STABILISATION DU POUCE GAUCHE - Paracherkaoui.ma<\/title>\r\n<meta name=\"robots\" content=\"index, follow, max-snippet:-1, max-image-preview:large, max-video-preview:-1\" \/>\r\n<link rel=\"canonical\" href=\"https:\/\/paracherkaoui.ma\/index.php\/produit\/thuasne-ligaflex-rhizo-atelle-de-stabilisation-du-pouce-gauche\/\" \/>\r\n<meta property=\"og:locale\" content=\"fr_FR\" \/>\r\n<meta property=\"og:type\" content=\"article\" \/>\r\n<meta property=\"og:title\" content=\"THUASNE LIGAFLEX RHIZO ATELLE DE STABILISATION DU POUCE GAUCHE - Paracherkaoui.ma\" \/>\r\n<meta property=\"og:description\" content=\"\u2022 Immobilisation du pouce en position antalgique par une armature en fil m\u00e9tallique brevet\u00e9e situ\u00e9e \u00e0 la commissure du pouce\" \/>\r\n<meta property=\"og:url\" content=\"https:\/\/paracherkaoui.ma\/index.php\/produit\/thuasne-ligaflex-rhizo-atelle-de-stabilisation-du-pouce-gauche\/\" \/>\r\n<meta property=\"og:site_name\" content=\"Paracherkaoui.ma\" \/>\r\n<meta property=\"article:modified_time\" content=\"2025-12-12T18:35:32+00:00\" \/>\r\n<meta property=\"og:image\" content=\"https:\/\/paracherkaoui.ma\/wp-content\/uploads\/2025\/12\/thuasne-ligaflex-rhizo-atelle-de-stabilisation-du-pouce-gauche.jpg\" \/>\r\n\t<meta property=\"og:image:width\" content=\"700\" \/>\r\n\t<meta property=\"og:image:height\" content=\"700\" \/>\r\n\t<meta property=\"og:image:type\" content=\"image\/jpeg\" \/>\r\n<meta name=\"twitter:card\" content=\"summary_large_image\" \/>\r\n<script type=\"application\/ld+json\" class=\"yoast-schema-graph\">{\"@context\":\"https:\/\/schema.org\",\"@graph\":[{\"@type\":\"WebPage\",\"@id\":\"https:\/\/paracherkaoui.ma\/index.php\/produit\/thuasne-ligaflex-rhizo-atelle-de-stabilisation-du-pouce-gauche\/\",\"url\":\"https:\/\/paracherkaoui.ma\/index.php\/produit\/thuasne-ligaflex-rhizo-atelle-de-stabilisation-du-pouce-gauche\/\",\"name\":\"THUASNE LIGAFLEX RHIZO ATELLE DE STABILISATION DU POUCE GAUCHE - Paracherkaoui.ma\",\"isPartOf\":{\"@id\":\"https:\/\/paracherkaoui.ma\/#website\"},\"primaryImageOfPage\":{\"@id\":\"https:\/\/paracherkaoui.ma\/index.php\/produit\/thuasne-ligaflex-rhizo-atelle-de-stabilisation-du-pouce-gauche\/#primaryimage\"},\"image\":{\"@id\":\"https:\/\/paracherkaoui.ma\/index.php\/produit\/thuasne-ligaflex-rhizo-atelle-de-stabilisation-du-pouce-gauche\/#primaryimage\"},\"thumbnailUrl\":\"https:\/\/paracherkaoui.ma\/wp-content\/uploads\/2025\/12\/thuasne-ligaflex-rhizo-atelle-de-stabilisation-du-pouce-gauche.jpg\",\"datePublished\":\"2025-12-12T18:35:25+00:00\",\"dateModified\":\"2025-12-12T18:35:32+00:00\",\"breadcrumb\":{\"@id\":\"https:\/\/paracherkaoui.ma\/index.php\/produit\/thuasne-ligaflex-rhizo-atelle-de-stabilisation-du-pouce-gauche\/#breadcrumb\"},\"inLanguage\":\"fr-FR\",\"potentialAction\":[{\"@type\":\"ReadAction\",\"target\":[\"https:\/\/paracherkaoui.ma\/index.php\/produit\/thuasne-ligaflex-rhizo-atelle-de-stabilisation-du-pouce-gauche\/\"]}]},{\"@type\":\"ImageObject\",\"inLanguage\":\"fr-FR\",\"@id\":\"https:\/\/paracherkaoui.ma\/index.php\/produit\/thuasne-ligaflex-rhizo-atelle-de-stabilisation-du-pouce-gauche\/#primaryimage\",\"url\":\"https:\/\/paracherkaoui.ma\/wp-content\/uploads\/2025\/12\/thuasne-ligaflex-rhizo-atelle-de-stabilisation-du-pouce-gauche.jpg\",\"contentUrl\":\"https:\/\/paracherkaoui.ma\/wp-content\/uploads\/2025\/12\/thuasne-ligaflex-rhizo-atelle-de-stabilisation-du-pouce-gauche.jpg\",\"width\":700,\"height\":700},{\"@type\":\"BreadcrumbList\",\"@id\":\"https:\/\/paracherkaoui.ma\/index.php\/produit\/thuasne-ligaflex-rhizo-atelle-de-stabilisation-du-pouce-gauche\/#breadcrumb\",\"itemListElement\":[{\"@type\":\"ListItem\",\"position\":1,\"name\":\"Accueil\",\"item\":\"https:\/\/paracherkaoui.ma\/\"},{\"@type\":\"ListItem\",\"position\":2,\"name\":\"Boutique\",\"item\":\"https:\/\/paracherkaoui.ma\/index.php\/boutique\/\"},{\"@type\":\"ListItem\",\"position\":3,\"name\":\"THUASNE LIGAFLEX RHIZO ATELLE DE STABILISATION DU POUCE GAUCHE\"}]},{\"@type\":\"WebSite\",\"@id\":\"https:\/\/paracherkaoui.ma\/#website\",\"url\":\"https:\/\/paracherkaoui.ma\/\",\"name\":\"Paracherkaoui.ma\",\"description\":\"Achetez en ligne sur Paracherkaoui.ma\",\"potentialAction\":[{\"@type\":\"SearchAction\",\"target\":{\"@type\":\"EntryPoint\",\"urlTemplate\":\"https:\/\/paracherkaoui.ma\/?s={search_term_string}\"},\"query-input\":{\"@type\":\"PropertyValueSpecification\",\"valueRequired\":true,\"valueName\":\"search_term_string\"}}],\"inLanguage\":\"fr-FR\"}]}<\/script>\r\n<!-- \/ Yoast SEO plugin. -->","yoast_head_json":{"title":"THUASNE LIGAFLEX RHIZO ATELLE DE STABILISATION DU POUCE GAUCHE - Paracherkaoui.ma","robots":{"index":"index","follow":"follow","max-snippet":"max-snippet:-1","max-image-preview":"max-image-preview:large","max-video-preview":"max-video-preview:-1"},"canonical":"https:\/\/paracherkaoui.ma\/index.php\/produit\/thuasne-ligaflex-rhizo-atelle-de-stabilisation-du-pouce-gauche\/","og_locale":"fr_FR","og_type":"article","og_title":"THUASNE LIGAFLEX RHIZO ATELLE DE STABILISATION DU POUCE GAUCHE - Paracherkaoui.ma","og_description":"\u2022 Immobilisation du pouce en position antalgique par une armature en fil m\u00e9tallique brevet\u00e9e situ\u00e9e \u00e0 la commissure du pouce","og_url":"https:\/\/paracherkaoui.ma\/index.php\/produit\/thuasne-ligaflex-rhizo-atelle-de-stabilisation-du-pouce-gauche\/","og_site_name":"Paracherkaoui.ma","article_modified_time":"2025-12-12T18:35:32+00:00","og_image":[{"width":700,"height":700,"url":"https:\/\/paracherkaoui.ma\/wp-content\/uploads\/2025\/12\/thuasne-ligaflex-rhizo-atelle-de-stabilisation-du-pouce-gauche.jpg","type":"image\/jpeg"}],"twitter_card":"summary_large_image","schema":{"@context":"https:\/\/schema.org","@graph":[{"@type":"WebPage","@id":"https:\/\/paracherkaoui.ma\/index.php\/produit\/thuasne-ligaflex-rhizo-atelle-de-stabilisation-du-pouce-gauche\/","url":"https:\/\/paracherkaoui.ma\/index.php\/produit\/thuasne-ligaflex-rhizo-atelle-de-stabilisation-du-pouce-gauche\/","name":"THUASNE LIGAFLEX RHIZO ATELLE DE STABILISATION DU POUCE GAUCHE - Paracherkaoui.ma","isPartOf":{"@id":"https:\/\/paracherkaoui.ma\/#website"},"primaryImageOfPage":{"@id":"https:\/\/paracherkaoui.ma\/index.php\/produit\/thuasne-ligaflex-rhizo-atelle-de-stabilisation-du-pouce-gauche\/#primaryimage"},"image":{"@id":"https:\/\/paracherkaoui.ma\/index.php\/produit\/thuasne-ligaflex-rhizo-atelle-de-stabilisation-du-pouce-gauche\/#primaryimage"},"thumbnailUrl":"https:\/\/paracherkaoui.ma\/wp-content\/uploads\/2025\/12\/thuasne-ligaflex-rhizo-atelle-de-stabilisation-du-pouce-gauche.jpg","datePublished":"2025-12-12T18:35:25+00:00","dateModified":"2025-12-12T18:35:32+00:00","breadcrumb":{"@id":"https:\/\/paracherkaoui.ma\/index.php\/produit\/thuasne-ligaflex-rhizo-atelle-de-stabilisation-du-pouce-gauche\/#breadcrumb"},"inLanguage":"fr-FR","potentialAction":[{"@type":"ReadAction","target":["https:\/\/paracherkaoui.ma\/index.php\/produit\/thuasne-ligaflex-rhizo-atelle-de-stabilisation-du-pouce-gauche\/"]}]},{"@type":"ImageObject","inLanguage":"fr-FR","@id":"https:\/\/paracherkaoui.ma\/index.php\/produit\/thuasne-ligaflex-rhizo-atelle-de-stabilisation-du-pouce-gauche\/#primaryimage","url":"https:\/\/paracherkaoui.ma\/wp-content\/uploads\/2025\/12\/thuasne-ligaflex-rhizo-atelle-de-stabilisation-du-pouce-gauche.jpg","contentUrl":"https:\/\/paracherkaoui.ma\/wp-content\/uploads\/2025\/12\/thuasne-ligaflex-rhizo-atelle-de-stabilisation-du-pouce-gauche.jpg","width":700,"height":700},{"@type":"BreadcrumbList","@id":"https:\/\/paracherkaoui.ma\/index.php\/produit\/thuasne-ligaflex-rhizo-atelle-de-stabilisation-du-pouce-gauche\/#breadcrumb","itemListElement":[{"@type":"ListItem","position":1,"name":"Accueil","item":"https:\/\/paracherkaoui.ma\/"},{"@type":"ListItem","position":2,"name":"Boutique","item":"https:\/\/paracherkaoui.ma\/index.php\/boutique\/"},{"@type":"ListItem","position":3,"name":"THUASNE LIGAFLEX RHIZO ATELLE DE STABILISATION DU POUCE GAUCHE"}]},{"@type":"WebSite","@id":"https:\/\/paracherkaoui.ma\/#website","url":"https:\/\/paracherkaoui.ma\/","name":"Paracherkaoui.ma","description":"Achetez en ligne sur Paracherkaoui.ma","potentialAction":[{"@type":"SearchAction","target":{"@type":"EntryPoint","urlTemplate":"https:\/\/paracherkaoui.ma\/?s={search_term_string}"},"query-input":{"@type":"PropertyValueSpecification","valueRequired":true,"valueName":"search_term_string"}}],"inLanguage":"fr-FR"}]}},"_links":{"self":[{"href":"https:\/\/paracherkaoui.ma\/index.php\/wp-json\/wp\/v2\/product\/52072","targetHints":{"allow":["GET"]}}],"collection":[{"href":"https:\/\/paracherkaoui.ma\/index.php\/wp-json\/wp\/v2\/product"}],"about":[{"href":"https:\/\/paracherkaoui.ma\/index.php\/wp-json\/wp\/v2\/types\/product"}],"replies":[{"embeddable":true,"href":"https:\/\/paracherkaoui.ma\/index.php\/wp-json\/wp\/v2\/comments?post=52072"}],"version-history":[{"count":1,"href":"https:\/\/paracherkaoui.ma\/index.php\/wp-json\/wp\/v2\/product\/52072\/revisions"}],"predecessor-version":[{"id":52120,"href":"https:\/\/paracherkaoui.ma\/index.php\/wp-json\/wp\/v2\/product\/52072\/revisions\/52120"}],"wp:featuredmedia":[{"embeddable":true,"href":"https:\/\/paracherkaoui.ma\/index.php\/wp-json\/wp\/v2\/media\/52119"}],"wp:attachment":[{"href":"https:\/\/paracherkaoui.ma\/index.php\/wp-json\/wp\/v2\/media?parent=52072"}],"wp:term":[{"taxonomy":"product_brand","embeddable":true,"href":"https:\/\/paracherkaoui.ma\/index.php\/wp-json\/wp\/v2\/product_brand?post=52072"},{"taxonomy":"product_cat","embeddable":true,"href":"https:\/\/paracherkaoui.ma\/index.php\/wp-json\/wp\/v2\/product_cat?post=52072"},{"taxonomy":"product_tag","embeddable":true,"href":"https:\/\/paracherkaoui.ma\/index.php\/wp-json\/wp\/v2\/product_tag?post=52072"}],"curies":[{"name":"wp","href":"https:\/\/api.w.org\/{rel}","templated":true}]}}