{"id":52058,"date":"2025-12-12T19:35:23","date_gmt":"2025-12-12T18:35:23","guid":{"rendered":"https:\/\/test.ecbeaute.com\/?post_type=product&#038;p=52058"},"modified":"2025-12-12T19:35:28","modified_gmt":"2025-12-12T18:35:28","slug":"puressentiel-circulation-creme-fraicheur-hydratante-100-ml","status":"publish","type":"product","link":"https:\/\/paracherkaoui.ma\/index.php\/produit\/puressentiel-circulation-creme-fraicheur-hydratante-100-ml\/","title":{"rendered":"PURESSENTIEL CIRCULATION CREME FRAICHEUR HYDRATANTE 100 ML"},"content":{"rendered":"<p>Cette cr\u00e8me Circulation est compos\u00e9e de 17 huiles essentielles 100% pures et naturelles. C&rsquo;est un soin quotidien hydratant et nourrissant adapt\u00e9 \u00e0 un massage relaxant. Elle aide \u00e0 soulager instantan\u00e9ment les jambes lourdes, les chevilles et les pieds \u00e9chauff\u00e9s*. Id\u00e9ale \u00e9galement pour tonifier et stimuler*, cette cr\u00e8me circulation non dess\u00e9chante peut s\u2019utiliser aussi bien le matin pour un effet frais et\/ou le soir pour se relaxer.<br \/>\nFormule 99,5% naturelle &#8211; Sans alcool<br \/>\nEfficacit\u00e9 approuv\u00e9e* &#8211; Test\u00e9 sous contr\u00f4le dermatologique<br \/>\nTexture non grasse, non collante, p\u00e9n\u00e8tre rapidement<br \/>\nCONSEILS D&rsquo;UTILISATION:<br \/>\nAppliquez la cr\u00e8me Circulation quotidiennement en massant bien sur les pieds, chevilles et jambes du bas vers le haut. Le matin pour un effet fra\u00eecheur imm\u00e9diat et tonique, le soir pour un effet relaxant et d\u00e9lassant.<\/p>\n","protected":false},"excerpt":{"rendered":"<p>Cette cr\u00e8me Circulation est compos\u00e9e de 17 huiles essentielles 100% pures et naturelles. C&rsquo;est un soin quotidien hydratant et nourrissant<\/p>\n","protected":false},"featured_media":52092,"comment_status":"open","ping_status":"closed","template":"","meta":[],"product_brand":[204],"product_cat":[967],"product_tag":[],"class_list":{"0":"post-52058","1":"product","2":"type-product","3":"status-publish","4":"has-post-thumbnail","6":"product_brand-puressentiel","7":"product_cat-orthopedie","9":"first","10":"instock","11":"sale","12":"shipping-taxable","13":"purchasable","14":"product-type-simple"},"yoast_head":"<!-- This site is optimized with the Yoast SEO plugin v26.6 - https:\/\/yoast.com\/wordpress\/plugins\/seo\/ -->\r\n<title>PURESSENTIEL CIRCULATION CREME FRAICHEUR HYDRATANTE 100 ML - Paracherkaoui.ma<\/title>\r\n<meta name=\"robots\" content=\"index, follow, max-snippet:-1, max-image-preview:large, max-video-preview:-1\" \/>\r\n<link rel=\"canonical\" href=\"https:\/\/paracherkaoui.ma\/index.php\/produit\/puressentiel-circulation-creme-fraicheur-hydratante-100-ml\/\" \/>\r\n<meta property=\"og:locale\" content=\"fr_FR\" \/>\r\n<meta property=\"og:type\" content=\"article\" \/>\r\n<meta property=\"og:title\" content=\"PURESSENTIEL CIRCULATION CREME FRAICHEUR HYDRATANTE 100 ML - Paracherkaoui.ma\" \/>\r\n<meta property=\"og:description\" content=\"Cette cr\u00e8me Circulation est compos\u00e9e de 17 huiles essentielles 100% pures et naturelles. C&rsquo;est un soin quotidien hydratant et nourrissant\" \/>\r\n<meta property=\"og:url\" content=\"https:\/\/paracherkaoui.ma\/index.php\/produit\/puressentiel-circulation-creme-fraicheur-hydratante-100-ml\/\" \/>\r\n<meta property=\"og:site_name\" content=\"Paracherkaoui.ma\" \/>\r\n<meta property=\"article:modified_time\" content=\"2025-12-12T18:35:28+00:00\" \/>\r\n<meta property=\"og:image\" content=\"https:\/\/paracherkaoui.ma\/wp-content\/uploads\/2025\/12\/puressentiel-puressentiel-circulation-creme-fraicheur-hydratante-100-ml-cheville-et-genou.jpg\" \/>\r\n\t<meta property=\"og:image:width\" content=\"700\" \/>\r\n\t<meta property=\"og:image:height\" content=\"700\" \/>\r\n\t<meta property=\"og:image:type\" content=\"image\/jpeg\" \/>\r\n<meta name=\"twitter:card\" content=\"summary_large_image\" \/>\r\n<meta name=\"twitter:label1\" content=\"Dur\u00e9e de lecture estim\u00e9e\" \/>\n\t<meta name=\"twitter:data1\" content=\"1 minute\" \/>\r\n<script type=\"application\/ld+json\" class=\"yoast-schema-graph\">{\"@context\":\"https:\/\/schema.org\",\"@graph\":[{\"@type\":\"WebPage\",\"@id\":\"https:\/\/paracherkaoui.ma\/index.php\/produit\/puressentiel-circulation-creme-fraicheur-hydratante-100-ml\/\",\"url\":\"https:\/\/paracherkaoui.ma\/index.php\/produit\/puressentiel-circulation-creme-fraicheur-hydratante-100-ml\/\",\"name\":\"PURESSENTIEL CIRCULATION CREME FRAICHEUR HYDRATANTE 100 ML - Paracherkaoui.ma\",\"isPartOf\":{\"@id\":\"https:\/\/paracherkaoui.ma\/#website\"},\"primaryImageOfPage\":{\"@id\":\"https:\/\/paracherkaoui.ma\/index.php\/produit\/puressentiel-circulation-creme-fraicheur-hydratante-100-ml\/#primaryimage\"},\"image\":{\"@id\":\"https:\/\/paracherkaoui.ma\/index.php\/produit\/puressentiel-circulation-creme-fraicheur-hydratante-100-ml\/#primaryimage\"},\"thumbnailUrl\":\"https:\/\/paracherkaoui.ma\/wp-content\/uploads\/2025\/12\/puressentiel-puressentiel-circulation-creme-fraicheur-hydratante-100-ml-cheville-et-genou.jpg\",\"datePublished\":\"2025-12-12T18:35:23+00:00\",\"dateModified\":\"2025-12-12T18:35:28+00:00\",\"breadcrumb\":{\"@id\":\"https:\/\/paracherkaoui.ma\/index.php\/produit\/puressentiel-circulation-creme-fraicheur-hydratante-100-ml\/#breadcrumb\"},\"inLanguage\":\"fr-FR\",\"potentialAction\":[{\"@type\":\"ReadAction\",\"target\":[\"https:\/\/paracherkaoui.ma\/index.php\/produit\/puressentiel-circulation-creme-fraicheur-hydratante-100-ml\/\"]}]},{\"@type\":\"ImageObject\",\"inLanguage\":\"fr-FR\",\"@id\":\"https:\/\/paracherkaoui.ma\/index.php\/produit\/puressentiel-circulation-creme-fraicheur-hydratante-100-ml\/#primaryimage\",\"url\":\"https:\/\/paracherkaoui.ma\/wp-content\/uploads\/2025\/12\/puressentiel-puressentiel-circulation-creme-fraicheur-hydratante-100-ml-cheville-et-genou.jpg\",\"contentUrl\":\"https:\/\/paracherkaoui.ma\/wp-content\/uploads\/2025\/12\/puressentiel-puressentiel-circulation-creme-fraicheur-hydratante-100-ml-cheville-et-genou.jpg\",\"width\":700,\"height\":700},{\"@type\":\"BreadcrumbList\",\"@id\":\"https:\/\/paracherkaoui.ma\/index.php\/produit\/puressentiel-circulation-creme-fraicheur-hydratante-100-ml\/#breadcrumb\",\"itemListElement\":[{\"@type\":\"ListItem\",\"position\":1,\"name\":\"Accueil\",\"item\":\"https:\/\/paracherkaoui.ma\/\"},{\"@type\":\"ListItem\",\"position\":2,\"name\":\"Boutique\",\"item\":\"https:\/\/paracherkaoui.ma\/index.php\/boutique\/\"},{\"@type\":\"ListItem\",\"position\":3,\"name\":\"PURESSENTIEL CIRCULATION CREME FRAICHEUR HYDRATANTE 100 ML\"}]},{\"@type\":\"WebSite\",\"@id\":\"https:\/\/paracherkaoui.ma\/#website\",\"url\":\"https:\/\/paracherkaoui.ma\/\",\"name\":\"Paracherkaoui.ma\",\"description\":\"Achetez en ligne sur Paracherkaoui.ma\",\"potentialAction\":[{\"@type\":\"SearchAction\",\"target\":{\"@type\":\"EntryPoint\",\"urlTemplate\":\"https:\/\/paracherkaoui.ma\/?s={search_term_string}\"},\"query-input\":{\"@type\":\"PropertyValueSpecification\",\"valueRequired\":true,\"valueName\":\"search_term_string\"}}],\"inLanguage\":\"fr-FR\"}]}<\/script>\r\n<!-- \/ Yoast SEO plugin. -->","yoast_head_json":{"title":"PURESSENTIEL CIRCULATION CREME FRAICHEUR HYDRATANTE 100 ML - Paracherkaoui.ma","robots":{"index":"index","follow":"follow","max-snippet":"max-snippet:-1","max-image-preview":"max-image-preview:large","max-video-preview":"max-video-preview:-1"},"canonical":"https:\/\/paracherkaoui.ma\/index.php\/produit\/puressentiel-circulation-creme-fraicheur-hydratante-100-ml\/","og_locale":"fr_FR","og_type":"article","og_title":"PURESSENTIEL CIRCULATION CREME FRAICHEUR HYDRATANTE 100 ML - Paracherkaoui.ma","og_description":"Cette cr\u00e8me Circulation est compos\u00e9e de 17 huiles essentielles 100% pures et naturelles. C&rsquo;est un soin quotidien hydratant et nourrissant","og_url":"https:\/\/paracherkaoui.ma\/index.php\/produit\/puressentiel-circulation-creme-fraicheur-hydratante-100-ml\/","og_site_name":"Paracherkaoui.ma","article_modified_time":"2025-12-12T18:35:28+00:00","og_image":[{"width":700,"height":700,"url":"https:\/\/paracherkaoui.ma\/wp-content\/uploads\/2025\/12\/puressentiel-puressentiel-circulation-creme-fraicheur-hydratante-100-ml-cheville-et-genou.jpg","type":"image\/jpeg"}],"twitter_card":"summary_large_image","twitter_misc":{"Dur\u00e9e de lecture estim\u00e9e":"1 minute"},"schema":{"@context":"https:\/\/schema.org","@graph":[{"@type":"WebPage","@id":"https:\/\/paracherkaoui.ma\/index.php\/produit\/puressentiel-circulation-creme-fraicheur-hydratante-100-ml\/","url":"https:\/\/paracherkaoui.ma\/index.php\/produit\/puressentiel-circulation-creme-fraicheur-hydratante-100-ml\/","name":"PURESSENTIEL CIRCULATION CREME FRAICHEUR HYDRATANTE 100 ML - Paracherkaoui.ma","isPartOf":{"@id":"https:\/\/paracherkaoui.ma\/#website"},"primaryImageOfPage":{"@id":"https:\/\/paracherkaoui.ma\/index.php\/produit\/puressentiel-circulation-creme-fraicheur-hydratante-100-ml\/#primaryimage"},"image":{"@id":"https:\/\/paracherkaoui.ma\/index.php\/produit\/puressentiel-circulation-creme-fraicheur-hydratante-100-ml\/#primaryimage"},"thumbnailUrl":"https:\/\/paracherkaoui.ma\/wp-content\/uploads\/2025\/12\/puressentiel-puressentiel-circulation-creme-fraicheur-hydratante-100-ml-cheville-et-genou.jpg","datePublished":"2025-12-12T18:35:23+00:00","dateModified":"2025-12-12T18:35:28+00:00","breadcrumb":{"@id":"https:\/\/paracherkaoui.ma\/index.php\/produit\/puressentiel-circulation-creme-fraicheur-hydratante-100-ml\/#breadcrumb"},"inLanguage":"fr-FR","potentialAction":[{"@type":"ReadAction","target":["https:\/\/paracherkaoui.ma\/index.php\/produit\/puressentiel-circulation-creme-fraicheur-hydratante-100-ml\/"]}]},{"@type":"ImageObject","inLanguage":"fr-FR","@id":"https:\/\/paracherkaoui.ma\/index.php\/produit\/puressentiel-circulation-creme-fraicheur-hydratante-100-ml\/#primaryimage","url":"https:\/\/paracherkaoui.ma\/wp-content\/uploads\/2025\/12\/puressentiel-puressentiel-circulation-creme-fraicheur-hydratante-100-ml-cheville-et-genou.jpg","contentUrl":"https:\/\/paracherkaoui.ma\/wp-content\/uploads\/2025\/12\/puressentiel-puressentiel-circulation-creme-fraicheur-hydratante-100-ml-cheville-et-genou.jpg","width":700,"height":700},{"@type":"BreadcrumbList","@id":"https:\/\/paracherkaoui.ma\/index.php\/produit\/puressentiel-circulation-creme-fraicheur-hydratante-100-ml\/#breadcrumb","itemListElement":[{"@type":"ListItem","position":1,"name":"Accueil","item":"https:\/\/paracherkaoui.ma\/"},{"@type":"ListItem","position":2,"name":"Boutique","item":"https:\/\/paracherkaoui.ma\/index.php\/boutique\/"},{"@type":"ListItem","position":3,"name":"PURESSENTIEL CIRCULATION CREME FRAICHEUR HYDRATANTE 100 ML"}]},{"@type":"WebSite","@id":"https:\/\/paracherkaoui.ma\/#website","url":"https:\/\/paracherkaoui.ma\/","name":"Paracherkaoui.ma","description":"Achetez en ligne sur Paracherkaoui.ma","potentialAction":[{"@type":"SearchAction","target":{"@type":"EntryPoint","urlTemplate":"https:\/\/paracherkaoui.ma\/?s={search_term_string}"},"query-input":{"@type":"PropertyValueSpecification","valueRequired":true,"valueName":"search_term_string"}}],"inLanguage":"fr-FR"}]}},"_links":{"self":[{"href":"https:\/\/paracherkaoui.ma\/index.php\/wp-json\/wp\/v2\/product\/52058","targetHints":{"allow":["GET"]}}],"collection":[{"href":"https:\/\/paracherkaoui.ma\/index.php\/wp-json\/wp\/v2\/product"}],"about":[{"href":"https:\/\/paracherkaoui.ma\/index.php\/wp-json\/wp\/v2\/types\/product"}],"replies":[{"embeddable":true,"href":"https:\/\/paracherkaoui.ma\/index.php\/wp-json\/wp\/v2\/comments?post=52058"}],"version-history":[{"count":1,"href":"https:\/\/paracherkaoui.ma\/index.php\/wp-json\/wp\/v2\/product\/52058\/revisions"}],"predecessor-version":[{"id":52093,"href":"https:\/\/paracherkaoui.ma\/index.php\/wp-json\/wp\/v2\/product\/52058\/revisions\/52093"}],"wp:featuredmedia":[{"embeddable":true,"href":"https:\/\/paracherkaoui.ma\/index.php\/wp-json\/wp\/v2\/media\/52092"}],"wp:attachment":[{"href":"https:\/\/paracherkaoui.ma\/index.php\/wp-json\/wp\/v2\/media?parent=52058"}],"wp:term":[{"taxonomy":"product_brand","embeddable":true,"href":"https:\/\/paracherkaoui.ma\/index.php\/wp-json\/wp\/v2\/product_brand?post=52058"},{"taxonomy":"product_cat","embeddable":true,"href":"https:\/\/paracherkaoui.ma\/index.php\/wp-json\/wp\/v2\/product_cat?post=52058"},{"taxonomy":"product_tag","embeddable":true,"href":"https:\/\/paracherkaoui.ma\/index.php\/wp-json\/wp\/v2\/product_tag?post=52058"}],"curies":[{"name":"wp","href":"https:\/\/api.w.org\/{rel}","templated":true}]}}