{"id":52001,"date":"2025-12-12T19:35:07","date_gmt":"2025-12-12T18:35:07","guid":{"rendered":"https:\/\/test.ecbeaute.com\/?post_type=product&#038;p=52001"},"modified":"2025-12-12T19:35:09","modified_gmt":"2025-12-12T18:35:09","slug":"somatoline-bandages-remodelant-et-drainant","status":"publish","type":"product","link":"https:\/\/paracherkaoui.ma\/index.php\/produit\/somatoline-bandages-remodelant-et-drainant\/","title":{"rendered":"SOMATOLINE BANDAGES REMODELANT ET DRAINANT"},"content":{"rendered":"<p>Somatoline Cosmetic innove et propose une toute nouvelle fa\u00e7on de prendre soin de sa silhouette !<br \/>\nDes bandages remodelants &#038; drainants avec une formule saline osmotique, pour r\u00e9duire la circonf\u00e9rence des jambes tout en drainant intens\u00e9ment les liquides cutan\u00e9s et am\u00e9liorant l\u2019aspect de la peau.<br \/>\nUne combinaison de caf\u00e9ine favorisant la combustion des amas graisseux, de sel marin et d\u2019escine v\u00e9g\u00e9tale aux propri\u00e9t\u00e9s drainantes.<br \/>\nEfficaces d\u00e8s la premi\u00e8re utilisation :<br \/>\n-une peau tonifi\u00e9e et liss\u00e9e<br \/>\n-des jambes affin\u00e9es et l\u00e9g\u00e8res<br \/>\nConseils d&rsquo;utilisation :<br \/>\n1. EnroulerAppliquez les bandages imbib\u00e9s autour de la jambe en commen\u00e7ant par la cheville et en faisant se chevaucher les bords d&rsquo;environ 1 cm. Ne serrez pas trop.<\/p>\n<p>2. PatienterEnfilez le pantalon et faites un n\u0153ud. Laissez agir au moins 50 minutes.<\/p>\n<p>3. RetirerRetirez et massez de haut en bas. Rincez vos bandes et conservez les pour la prochaine utilisation.<\/p>\n","protected":false},"excerpt":{"rendered":"<p>Somatoline Cosmetic innove et propose une toute nouvelle fa\u00e7on de prendre soin de sa silhouette ! Des bandages remodelants &#038;<\/p>\n","protected":false},"featured_media":52025,"comment_status":"open","ping_status":"closed","template":"","meta":[],"product_brand":[589],"product_cat":[967],"product_tag":[],"class_list":{"0":"post-52001","1":"product","2":"type-product","3":"status-publish","4":"has-post-thumbnail","6":"product_brand-somatoline","7":"product_cat-orthopedie","9":"first","10":"instock","11":"sale","12":"shipping-taxable","13":"purchasable","14":"product-type-simple"},"yoast_head":"<!-- This site is optimized with the Yoast SEO plugin v26.6 - https:\/\/yoast.com\/wordpress\/plugins\/seo\/ -->\r\n<title>SOMATOLINE BANDAGES REMODELANT ET DRAINANT - Paracherkaoui.ma<\/title>\r\n<meta name=\"robots\" content=\"index, follow, max-snippet:-1, max-image-preview:large, max-video-preview:-1\" \/>\r\n<link rel=\"canonical\" href=\"https:\/\/paracherkaoui.ma\/index.php\/produit\/somatoline-bandages-remodelant-et-drainant\/\" \/>\r\n<meta property=\"og:locale\" content=\"fr_FR\" \/>\r\n<meta property=\"og:type\" content=\"article\" \/>\r\n<meta property=\"og:title\" content=\"SOMATOLINE BANDAGES REMODELANT ET DRAINANT - Paracherkaoui.ma\" \/>\r\n<meta property=\"og:description\" content=\"Somatoline Cosmetic innove et propose une toute nouvelle fa\u00e7on de prendre soin de sa silhouette ! Des bandages remodelants &#038;\" \/>\r\n<meta property=\"og:url\" content=\"https:\/\/paracherkaoui.ma\/index.php\/produit\/somatoline-bandages-remodelant-et-drainant\/\" \/>\r\n<meta property=\"og:site_name\" content=\"Paracherkaoui.ma\" \/>\r\n<meta property=\"article:modified_time\" content=\"2025-12-12T18:35:09+00:00\" \/>\r\n<meta property=\"og:image\" content=\"https:\/\/paracherkaoui.ma\/wp-content\/uploads\/2025\/12\/somatoline-somatoline-bandages-remodelant-et-drainant-cheville-et-genou.jpg\" \/>\r\n\t<meta property=\"og:image:width\" content=\"700\" \/>\r\n\t<meta property=\"og:image:height\" content=\"700\" \/>\r\n\t<meta property=\"og:image:type\" content=\"image\/jpeg\" \/>\r\n<meta name=\"twitter:card\" content=\"summary_large_image\" \/>\r\n<meta name=\"twitter:label1\" content=\"Dur\u00e9e de lecture estim\u00e9e\" \/>\n\t<meta name=\"twitter:data1\" content=\"1 minute\" \/>\r\n<script type=\"application\/ld+json\" class=\"yoast-schema-graph\">{\"@context\":\"https:\/\/schema.org\",\"@graph\":[{\"@type\":\"WebPage\",\"@id\":\"https:\/\/paracherkaoui.ma\/index.php\/produit\/somatoline-bandages-remodelant-et-drainant\/\",\"url\":\"https:\/\/paracherkaoui.ma\/index.php\/produit\/somatoline-bandages-remodelant-et-drainant\/\",\"name\":\"SOMATOLINE BANDAGES REMODELANT ET DRAINANT - Paracherkaoui.ma\",\"isPartOf\":{\"@id\":\"https:\/\/paracherkaoui.ma\/#website\"},\"primaryImageOfPage\":{\"@id\":\"https:\/\/paracherkaoui.ma\/index.php\/produit\/somatoline-bandages-remodelant-et-drainant\/#primaryimage\"},\"image\":{\"@id\":\"https:\/\/paracherkaoui.ma\/index.php\/produit\/somatoline-bandages-remodelant-et-drainant\/#primaryimage\"},\"thumbnailUrl\":\"https:\/\/paracherkaoui.ma\/wp-content\/uploads\/2025\/12\/somatoline-somatoline-bandages-remodelant-et-drainant-cheville-et-genou.jpg\",\"datePublished\":\"2025-12-12T18:35:07+00:00\",\"dateModified\":\"2025-12-12T18:35:09+00:00\",\"breadcrumb\":{\"@id\":\"https:\/\/paracherkaoui.ma\/index.php\/produit\/somatoline-bandages-remodelant-et-drainant\/#breadcrumb\"},\"inLanguage\":\"fr-FR\",\"potentialAction\":[{\"@type\":\"ReadAction\",\"target\":[\"https:\/\/paracherkaoui.ma\/index.php\/produit\/somatoline-bandages-remodelant-et-drainant\/\"]}]},{\"@type\":\"ImageObject\",\"inLanguage\":\"fr-FR\",\"@id\":\"https:\/\/paracherkaoui.ma\/index.php\/produit\/somatoline-bandages-remodelant-et-drainant\/#primaryimage\",\"url\":\"https:\/\/paracherkaoui.ma\/wp-content\/uploads\/2025\/12\/somatoline-somatoline-bandages-remodelant-et-drainant-cheville-et-genou.jpg\",\"contentUrl\":\"https:\/\/paracherkaoui.ma\/wp-content\/uploads\/2025\/12\/somatoline-somatoline-bandages-remodelant-et-drainant-cheville-et-genou.jpg\",\"width\":700,\"height\":700},{\"@type\":\"BreadcrumbList\",\"@id\":\"https:\/\/paracherkaoui.ma\/index.php\/produit\/somatoline-bandages-remodelant-et-drainant\/#breadcrumb\",\"itemListElement\":[{\"@type\":\"ListItem\",\"position\":1,\"name\":\"Accueil\",\"item\":\"https:\/\/paracherkaoui.ma\/\"},{\"@type\":\"ListItem\",\"position\":2,\"name\":\"Boutique\",\"item\":\"https:\/\/paracherkaoui.ma\/index.php\/boutique\/\"},{\"@type\":\"ListItem\",\"position\":3,\"name\":\"SOMATOLINE BANDAGES REMODELANT ET DRAINANT\"}]},{\"@type\":\"WebSite\",\"@id\":\"https:\/\/paracherkaoui.ma\/#website\",\"url\":\"https:\/\/paracherkaoui.ma\/\",\"name\":\"Paracherkaoui.ma\",\"description\":\"Achetez en ligne sur Paracherkaoui.ma\",\"potentialAction\":[{\"@type\":\"SearchAction\",\"target\":{\"@type\":\"EntryPoint\",\"urlTemplate\":\"https:\/\/paracherkaoui.ma\/?s={search_term_string}\"},\"query-input\":{\"@type\":\"PropertyValueSpecification\",\"valueRequired\":true,\"valueName\":\"search_term_string\"}}],\"inLanguage\":\"fr-FR\"}]}<\/script>\r\n<!-- \/ Yoast SEO plugin. -->","yoast_head_json":{"title":"SOMATOLINE BANDAGES REMODELANT ET DRAINANT - Paracherkaoui.ma","robots":{"index":"index","follow":"follow","max-snippet":"max-snippet:-1","max-image-preview":"max-image-preview:large","max-video-preview":"max-video-preview:-1"},"canonical":"https:\/\/paracherkaoui.ma\/index.php\/produit\/somatoline-bandages-remodelant-et-drainant\/","og_locale":"fr_FR","og_type":"article","og_title":"SOMATOLINE BANDAGES REMODELANT ET DRAINANT - Paracherkaoui.ma","og_description":"Somatoline Cosmetic innove et propose une toute nouvelle fa\u00e7on de prendre soin de sa silhouette ! Des bandages remodelants &#038;","og_url":"https:\/\/paracherkaoui.ma\/index.php\/produit\/somatoline-bandages-remodelant-et-drainant\/","og_site_name":"Paracherkaoui.ma","article_modified_time":"2025-12-12T18:35:09+00:00","og_image":[{"width":700,"height":700,"url":"https:\/\/paracherkaoui.ma\/wp-content\/uploads\/2025\/12\/somatoline-somatoline-bandages-remodelant-et-drainant-cheville-et-genou.jpg","type":"image\/jpeg"}],"twitter_card":"summary_large_image","twitter_misc":{"Dur\u00e9e de lecture estim\u00e9e":"1 minute"},"schema":{"@context":"https:\/\/schema.org","@graph":[{"@type":"WebPage","@id":"https:\/\/paracherkaoui.ma\/index.php\/produit\/somatoline-bandages-remodelant-et-drainant\/","url":"https:\/\/paracherkaoui.ma\/index.php\/produit\/somatoline-bandages-remodelant-et-drainant\/","name":"SOMATOLINE BANDAGES REMODELANT ET DRAINANT - Paracherkaoui.ma","isPartOf":{"@id":"https:\/\/paracherkaoui.ma\/#website"},"primaryImageOfPage":{"@id":"https:\/\/paracherkaoui.ma\/index.php\/produit\/somatoline-bandages-remodelant-et-drainant\/#primaryimage"},"image":{"@id":"https:\/\/paracherkaoui.ma\/index.php\/produit\/somatoline-bandages-remodelant-et-drainant\/#primaryimage"},"thumbnailUrl":"https:\/\/paracherkaoui.ma\/wp-content\/uploads\/2025\/12\/somatoline-somatoline-bandages-remodelant-et-drainant-cheville-et-genou.jpg","datePublished":"2025-12-12T18:35:07+00:00","dateModified":"2025-12-12T18:35:09+00:00","breadcrumb":{"@id":"https:\/\/paracherkaoui.ma\/index.php\/produit\/somatoline-bandages-remodelant-et-drainant\/#breadcrumb"},"inLanguage":"fr-FR","potentialAction":[{"@type":"ReadAction","target":["https:\/\/paracherkaoui.ma\/index.php\/produit\/somatoline-bandages-remodelant-et-drainant\/"]}]},{"@type":"ImageObject","inLanguage":"fr-FR","@id":"https:\/\/paracherkaoui.ma\/index.php\/produit\/somatoline-bandages-remodelant-et-drainant\/#primaryimage","url":"https:\/\/paracherkaoui.ma\/wp-content\/uploads\/2025\/12\/somatoline-somatoline-bandages-remodelant-et-drainant-cheville-et-genou.jpg","contentUrl":"https:\/\/paracherkaoui.ma\/wp-content\/uploads\/2025\/12\/somatoline-somatoline-bandages-remodelant-et-drainant-cheville-et-genou.jpg","width":700,"height":700},{"@type":"BreadcrumbList","@id":"https:\/\/paracherkaoui.ma\/index.php\/produit\/somatoline-bandages-remodelant-et-drainant\/#breadcrumb","itemListElement":[{"@type":"ListItem","position":1,"name":"Accueil","item":"https:\/\/paracherkaoui.ma\/"},{"@type":"ListItem","position":2,"name":"Boutique","item":"https:\/\/paracherkaoui.ma\/index.php\/boutique\/"},{"@type":"ListItem","position":3,"name":"SOMATOLINE BANDAGES REMODELANT ET DRAINANT"}]},{"@type":"WebSite","@id":"https:\/\/paracherkaoui.ma\/#website","url":"https:\/\/paracherkaoui.ma\/","name":"Paracherkaoui.ma","description":"Achetez en ligne sur Paracherkaoui.ma","potentialAction":[{"@type":"SearchAction","target":{"@type":"EntryPoint","urlTemplate":"https:\/\/paracherkaoui.ma\/?s={search_term_string}"},"query-input":{"@type":"PropertyValueSpecification","valueRequired":true,"valueName":"search_term_string"}}],"inLanguage":"fr-FR"}]}},"_links":{"self":[{"href":"https:\/\/paracherkaoui.ma\/index.php\/wp-json\/wp\/v2\/product\/52001","targetHints":{"allow":["GET"]}}],"collection":[{"href":"https:\/\/paracherkaoui.ma\/index.php\/wp-json\/wp\/v2\/product"}],"about":[{"href":"https:\/\/paracherkaoui.ma\/index.php\/wp-json\/wp\/v2\/types\/product"}],"replies":[{"embeddable":true,"href":"https:\/\/paracherkaoui.ma\/index.php\/wp-json\/wp\/v2\/comments?post=52001"}],"version-history":[{"count":1,"href":"https:\/\/paracherkaoui.ma\/index.php\/wp-json\/wp\/v2\/product\/52001\/revisions"}],"predecessor-version":[{"id":52026,"href":"https:\/\/paracherkaoui.ma\/index.php\/wp-json\/wp\/v2\/product\/52001\/revisions\/52026"}],"wp:featuredmedia":[{"embeddable":true,"href":"https:\/\/paracherkaoui.ma\/index.php\/wp-json\/wp\/v2\/media\/52025"}],"wp:attachment":[{"href":"https:\/\/paracherkaoui.ma\/index.php\/wp-json\/wp\/v2\/media?parent=52001"}],"wp:term":[{"taxonomy":"product_brand","embeddable":true,"href":"https:\/\/paracherkaoui.ma\/index.php\/wp-json\/wp\/v2\/product_brand?post=52001"},{"taxonomy":"product_cat","embeddable":true,"href":"https:\/\/paracherkaoui.ma\/index.php\/wp-json\/wp\/v2\/product_cat?post=52001"},{"taxonomy":"product_tag","embeddable":true,"href":"https:\/\/paracherkaoui.ma\/index.php\/wp-json\/wp\/v2\/product_tag?post=52001"}],"curies":[{"name":"wp","href":"https:\/\/api.w.org\/{rel}","templated":true}]}}