{"id":51842,"date":"2025-12-12T19:34:48","date_gmt":"2025-12-12T18:34:48","guid":{"rendered":"https:\/\/test.ecbeaute.com\/?post_type=product&#038;p=51842"},"modified":"2025-12-12T19:34:53","modified_gmt":"2025-12-12T18:34:53","slug":"arnidol-gel-stick-15ml","status":"publish","type":"product","link":"https:\/\/paracherkaoui.ma\/index.php\/produit\/arnidol-gel-stick-15ml\/","title":{"rendered":"ARNIDOL Gel Stick 15ml"},"content":{"rendered":"<p>ARNIDOL<br \/>\nGel stick<br \/>\nSans parab\u00e8ne<br \/>\nRafra\u00eechit, apaise et soulage les petits bobos<br \/>\n15ml<br \/>\nArnidol\u00ae gel stick, gr\u00e2ce \u00e0 sa formule naturelle \u00e0 base d&rsquo;arnica et d&rsquo;harpagophyton, rafra\u00eechit, apaise et soulage\u00a0les petits bobos\u00a0de vos enfants.<br \/>\nArnidol\u00ae gel stick est magique, car il contient de l&rsquo;arnica\u00a0et de l&rsquo;harpagophyton, deux ingr\u00e9dients d&rsquo;origine naturelle qui calment, adoucissent la peau et procurent \u00e0 votre enfant une agr\u00e9able sensation de bien-\u00eatre.<br \/>\nARNICA<br \/>\nC&rsquo;est une plante originaire du centre et du sud de l&rsquo;Europe. Ses fleurs jaunes sont la partie la plus int\u00e9ressante en raison de leurs propri\u00e9t\u00e9s cutan\u00e9es. L&rsquo;arnica adoucit, hydrate et calme la peau.<br \/>\nHARPAGOPHYTON<br \/>\nC&rsquo;est une plante originaire d&rsquo;Afrique du Sud. Elle poss\u00e8de des feuilles alternes, des fleurs tubulaires d&rsquo;un rouge et d&rsquo;un violet intense et des fruits \u00e0 capsules ligneuses. La racine est la partie la plus int\u00e9ressante de l&rsquo;harpagophyton, pour ses propri\u00e9t\u00e9s qui procurent une agr\u00e9able sensation de bien-\u00eatre et de confort.<br \/>\nS&rsquo;il s&rsquo;agit d&rsquo;un\u00a0l\u00e9ger coup\u00a0sans plaie, frottez doucement avec\u00a0Arnidol\u00ae\u00a0gel stick\u00a0sur la zone souhait\u00e9e en effectuant des mouvements circulaires. Vous pouvez l&rsquo;appliquer autant de fois que n\u00e9cessaire, mais jamais sur des plaies ouvertes.<\/p>\n","protected":false},"excerpt":{"rendered":"<p>ARNIDOL Gel stick Sans parab\u00e8ne Rafra\u00eechit, apaise et soulage les petits bobos 15ml Arnidol\u00ae gel stick, gr\u00e2ce \u00e0 sa formule<\/p>\n","protected":false},"featured_media":51889,"comment_status":"open","ping_status":"closed","template":"","meta":[],"product_brand":[662],"product_cat":[964],"product_tag":[],"class_list":{"0":"post-51842","1":"product","2":"type-product","3":"status-publish","4":"has-post-thumbnail","6":"product_brand-miradent","7":"product_cat-aromatherapie","9":"first","10":"instock","11":"sale","12":"shipping-taxable","13":"purchasable","14":"product-type-simple"},"yoast_head":"<!-- This site is optimized with the Yoast SEO plugin v26.6 - https:\/\/yoast.com\/wordpress\/plugins\/seo\/ -->\r\n<title>ARNIDOL Gel Stick 15ml - Paracherkaoui.ma<\/title>\r\n<meta name=\"robots\" content=\"index, follow, max-snippet:-1, max-image-preview:large, max-video-preview:-1\" \/>\r\n<link rel=\"canonical\" href=\"https:\/\/paracherkaoui.ma\/index.php\/produit\/arnidol-gel-stick-15ml\/\" \/>\r\n<meta property=\"og:locale\" content=\"fr_FR\" \/>\r\n<meta property=\"og:type\" content=\"article\" \/>\r\n<meta property=\"og:title\" content=\"ARNIDOL Gel Stick 15ml - Paracherkaoui.ma\" \/>\r\n<meta property=\"og:description\" content=\"ARNIDOL Gel stick Sans parab\u00e8ne Rafra\u00eechit, apaise et soulage les petits bobos 15ml Arnidol\u00ae gel stick, gr\u00e2ce \u00e0 sa formule\" \/>\r\n<meta property=\"og:url\" content=\"https:\/\/paracherkaoui.ma\/index.php\/produit\/arnidol-gel-stick-15ml\/\" \/>\r\n<meta property=\"og:site_name\" content=\"Paracherkaoui.ma\" \/>\r\n<meta property=\"article:modified_time\" content=\"2025-12-12T18:34:53+00:00\" \/>\r\n<meta property=\"og:image\" content=\"https:\/\/paracherkaoui.ma\/wp-content\/uploads\/2025\/12\/arnidol-gel-stick-15ml-sante.jpg\" \/>\r\n\t<meta property=\"og:image:width\" content=\"700\" \/>\r\n\t<meta property=\"og:image:height\" content=\"700\" \/>\r\n\t<meta property=\"og:image:type\" content=\"image\/jpeg\" \/>\r\n<meta name=\"twitter:card\" content=\"summary_large_image\" \/>\r\n<meta name=\"twitter:label1\" content=\"Dur\u00e9e de lecture estim\u00e9e\" \/>\n\t<meta name=\"twitter:data1\" content=\"1 minute\" \/>\r\n<script type=\"application\/ld+json\" class=\"yoast-schema-graph\">{\"@context\":\"https:\/\/schema.org\",\"@graph\":[{\"@type\":\"WebPage\",\"@id\":\"https:\/\/paracherkaoui.ma\/index.php\/produit\/arnidol-gel-stick-15ml\/\",\"url\":\"https:\/\/paracherkaoui.ma\/index.php\/produit\/arnidol-gel-stick-15ml\/\",\"name\":\"ARNIDOL Gel Stick 15ml - Paracherkaoui.ma\",\"isPartOf\":{\"@id\":\"https:\/\/paracherkaoui.ma\/#website\"},\"primaryImageOfPage\":{\"@id\":\"https:\/\/paracherkaoui.ma\/index.php\/produit\/arnidol-gel-stick-15ml\/#primaryimage\"},\"image\":{\"@id\":\"https:\/\/paracherkaoui.ma\/index.php\/produit\/arnidol-gel-stick-15ml\/#primaryimage\"},\"thumbnailUrl\":\"https:\/\/paracherkaoui.ma\/wp-content\/uploads\/2025\/12\/arnidol-gel-stick-15ml-sante.jpg\",\"datePublished\":\"2025-12-12T18:34:48+00:00\",\"dateModified\":\"2025-12-12T18:34:53+00:00\",\"breadcrumb\":{\"@id\":\"https:\/\/paracherkaoui.ma\/index.php\/produit\/arnidol-gel-stick-15ml\/#breadcrumb\"},\"inLanguage\":\"fr-FR\",\"potentialAction\":[{\"@type\":\"ReadAction\",\"target\":[\"https:\/\/paracherkaoui.ma\/index.php\/produit\/arnidol-gel-stick-15ml\/\"]}]},{\"@type\":\"ImageObject\",\"inLanguage\":\"fr-FR\",\"@id\":\"https:\/\/paracherkaoui.ma\/index.php\/produit\/arnidol-gel-stick-15ml\/#primaryimage\",\"url\":\"https:\/\/paracherkaoui.ma\/wp-content\/uploads\/2025\/12\/arnidol-gel-stick-15ml-sante.jpg\",\"contentUrl\":\"https:\/\/paracherkaoui.ma\/wp-content\/uploads\/2025\/12\/arnidol-gel-stick-15ml-sante.jpg\",\"width\":700,\"height\":700},{\"@type\":\"BreadcrumbList\",\"@id\":\"https:\/\/paracherkaoui.ma\/index.php\/produit\/arnidol-gel-stick-15ml\/#breadcrumb\",\"itemListElement\":[{\"@type\":\"ListItem\",\"position\":1,\"name\":\"Accueil\",\"item\":\"https:\/\/paracherkaoui.ma\/\"},{\"@type\":\"ListItem\",\"position\":2,\"name\":\"Boutique\",\"item\":\"https:\/\/paracherkaoui.ma\/index.php\/boutique\/\"},{\"@type\":\"ListItem\",\"position\":3,\"name\":\"ARNIDOL Gel Stick 15ml\"}]},{\"@type\":\"WebSite\",\"@id\":\"https:\/\/paracherkaoui.ma\/#website\",\"url\":\"https:\/\/paracherkaoui.ma\/\",\"name\":\"Paracherkaoui.ma\",\"description\":\"Achetez en ligne sur Paracherkaoui.ma\",\"potentialAction\":[{\"@type\":\"SearchAction\",\"target\":{\"@type\":\"EntryPoint\",\"urlTemplate\":\"https:\/\/paracherkaoui.ma\/?s={search_term_string}\"},\"query-input\":{\"@type\":\"PropertyValueSpecification\",\"valueRequired\":true,\"valueName\":\"search_term_string\"}}],\"inLanguage\":\"fr-FR\"}]}<\/script>\r\n<!-- \/ Yoast SEO plugin. -->","yoast_head_json":{"title":"ARNIDOL Gel Stick 15ml - Paracherkaoui.ma","robots":{"index":"index","follow":"follow","max-snippet":"max-snippet:-1","max-image-preview":"max-image-preview:large","max-video-preview":"max-video-preview:-1"},"canonical":"https:\/\/paracherkaoui.ma\/index.php\/produit\/arnidol-gel-stick-15ml\/","og_locale":"fr_FR","og_type":"article","og_title":"ARNIDOL Gel Stick 15ml - Paracherkaoui.ma","og_description":"ARNIDOL Gel stick Sans parab\u00e8ne Rafra\u00eechit, apaise et soulage les petits bobos 15ml Arnidol\u00ae gel stick, gr\u00e2ce \u00e0 sa formule","og_url":"https:\/\/paracherkaoui.ma\/index.php\/produit\/arnidol-gel-stick-15ml\/","og_site_name":"Paracherkaoui.ma","article_modified_time":"2025-12-12T18:34:53+00:00","og_image":[{"width":700,"height":700,"url":"https:\/\/paracherkaoui.ma\/wp-content\/uploads\/2025\/12\/arnidol-gel-stick-15ml-sante.jpg","type":"image\/jpeg"}],"twitter_card":"summary_large_image","twitter_misc":{"Dur\u00e9e de lecture estim\u00e9e":"1 minute"},"schema":{"@context":"https:\/\/schema.org","@graph":[{"@type":"WebPage","@id":"https:\/\/paracherkaoui.ma\/index.php\/produit\/arnidol-gel-stick-15ml\/","url":"https:\/\/paracherkaoui.ma\/index.php\/produit\/arnidol-gel-stick-15ml\/","name":"ARNIDOL Gel Stick 15ml - Paracherkaoui.ma","isPartOf":{"@id":"https:\/\/paracherkaoui.ma\/#website"},"primaryImageOfPage":{"@id":"https:\/\/paracherkaoui.ma\/index.php\/produit\/arnidol-gel-stick-15ml\/#primaryimage"},"image":{"@id":"https:\/\/paracherkaoui.ma\/index.php\/produit\/arnidol-gel-stick-15ml\/#primaryimage"},"thumbnailUrl":"https:\/\/paracherkaoui.ma\/wp-content\/uploads\/2025\/12\/arnidol-gel-stick-15ml-sante.jpg","datePublished":"2025-12-12T18:34:48+00:00","dateModified":"2025-12-12T18:34:53+00:00","breadcrumb":{"@id":"https:\/\/paracherkaoui.ma\/index.php\/produit\/arnidol-gel-stick-15ml\/#breadcrumb"},"inLanguage":"fr-FR","potentialAction":[{"@type":"ReadAction","target":["https:\/\/paracherkaoui.ma\/index.php\/produit\/arnidol-gel-stick-15ml\/"]}]},{"@type":"ImageObject","inLanguage":"fr-FR","@id":"https:\/\/paracherkaoui.ma\/index.php\/produit\/arnidol-gel-stick-15ml\/#primaryimage","url":"https:\/\/paracherkaoui.ma\/wp-content\/uploads\/2025\/12\/arnidol-gel-stick-15ml-sante.jpg","contentUrl":"https:\/\/paracherkaoui.ma\/wp-content\/uploads\/2025\/12\/arnidol-gel-stick-15ml-sante.jpg","width":700,"height":700},{"@type":"BreadcrumbList","@id":"https:\/\/paracherkaoui.ma\/index.php\/produit\/arnidol-gel-stick-15ml\/#breadcrumb","itemListElement":[{"@type":"ListItem","position":1,"name":"Accueil","item":"https:\/\/paracherkaoui.ma\/"},{"@type":"ListItem","position":2,"name":"Boutique","item":"https:\/\/paracherkaoui.ma\/index.php\/boutique\/"},{"@type":"ListItem","position":3,"name":"ARNIDOL Gel Stick 15ml"}]},{"@type":"WebSite","@id":"https:\/\/paracherkaoui.ma\/#website","url":"https:\/\/paracherkaoui.ma\/","name":"Paracherkaoui.ma","description":"Achetez en ligne sur Paracherkaoui.ma","potentialAction":[{"@type":"SearchAction","target":{"@type":"EntryPoint","urlTemplate":"https:\/\/paracherkaoui.ma\/?s={search_term_string}"},"query-input":{"@type":"PropertyValueSpecification","valueRequired":true,"valueName":"search_term_string"}}],"inLanguage":"fr-FR"}]}},"_links":{"self":[{"href":"https:\/\/paracherkaoui.ma\/index.php\/wp-json\/wp\/v2\/product\/51842","targetHints":{"allow":["GET"]}}],"collection":[{"href":"https:\/\/paracherkaoui.ma\/index.php\/wp-json\/wp\/v2\/product"}],"about":[{"href":"https:\/\/paracherkaoui.ma\/index.php\/wp-json\/wp\/v2\/types\/product"}],"replies":[{"embeddable":true,"href":"https:\/\/paracherkaoui.ma\/index.php\/wp-json\/wp\/v2\/comments?post=51842"}],"version-history":[{"count":1,"href":"https:\/\/paracherkaoui.ma\/index.php\/wp-json\/wp\/v2\/product\/51842\/revisions"}],"predecessor-version":[{"id":51890,"href":"https:\/\/paracherkaoui.ma\/index.php\/wp-json\/wp\/v2\/product\/51842\/revisions\/51890"}],"wp:featuredmedia":[{"embeddable":true,"href":"https:\/\/paracherkaoui.ma\/index.php\/wp-json\/wp\/v2\/media\/51889"}],"wp:attachment":[{"href":"https:\/\/paracherkaoui.ma\/index.php\/wp-json\/wp\/v2\/media?parent=51842"}],"wp:term":[{"taxonomy":"product_brand","embeddable":true,"href":"https:\/\/paracherkaoui.ma\/index.php\/wp-json\/wp\/v2\/product_brand?post=51842"},{"taxonomy":"product_cat","embeddable":true,"href":"https:\/\/paracherkaoui.ma\/index.php\/wp-json\/wp\/v2\/product_cat?post=51842"},{"taxonomy":"product_tag","embeddable":true,"href":"https:\/\/paracherkaoui.ma\/index.php\/wp-json\/wp\/v2\/product_tag?post=51842"}],"curies":[{"name":"wp","href":"https:\/\/api.w.org\/{rel}","templated":true}]}}