{"id":51834,"date":"2025-12-12T19:34:47","date_gmt":"2025-12-12T18:34:47","guid":{"rendered":"https:\/\/test.ecbeaute.com\/?post_type=product&#038;p=51834"},"modified":"2025-12-12T19:34:51","modified_gmt":"2025-12-12T18:34:51","slug":"puressentiel-morjaline-a-coquilles-huile-essentielle-pure-et-naturelle-5-ml","status":"publish","type":"product","link":"https:\/\/paracherkaoui.ma\/index.php\/produit\/puressentiel-morjaline-a-coquilles-huile-essentielle-pure-et-naturelle-5-ml\/","title":{"rendered":"PURESSENTIEL MORJALINE A COQUILLES HUILE ESSENTIELLE PURE ET NATURELLE 5 ML"},"content":{"rendered":"<p>Cette huile essentielle est certifi\u00e9e HEBBD (Huile Essentielle Botaniquement et Biochimiquement D\u00e9finie), garantissant une qualit\u00e9 sup\u00e9rieure et une composition biochimique unique \u00e0 chaque lot. Sa sp\u00e9cificit\u00e9 biochimique repose sur des mol\u00e9cules actives telles que le terpin\u00e8ne-4-ol et le \u03b3-terpin\u00e8ne, reconnues pour leurs propri\u00e9t\u00e9s apaisantes et leurs bienfaits sur le syst\u00e8me nerveux. En compl\u00e9ment alimentaire, elle favorise une sensation de calme et peut \u00eatre utilis\u00e9e en cas de stress passager. Elle peut \u00e9galement s\u2019int\u00e9grer \u00e0 des pr\u00e9parations de soins pour la peau ou des massages relaxants.<br \/>\nL\u2019huile essentielle de marjolaine \u00e0 coquilles est conditionn\u00e9e en flacon de 5 ml, parfait pour une utilisation pr\u00e9cise et \u00e9conomique. Pour une utilisation en toute s\u00e9curit\u00e9, cette huile essentielle est recommand\u00e9e pour les adultes et les enfants de plus de 7 ans, et elle est d\u00e9conseill\u00e9e aux femmes enceintes et allaitantes.<br \/>\nConseils d\u2019utilisation<br \/>\nPour une prise par voie orale, d\u00e9posez 1 \u00e0 2 gouttes sur un support neutre, tel qu\u2019un comprim\u00e9 neutre Puressentiel, une cuill\u00e8re de miel, d\u2019huile d\u2019olive ou un quart de sucre. R\u00e9p\u00e9tez jusqu\u2019\u00e0 3 fois par jour. Ne pas consommer l\u2019huile essentielle pure sans support ni la m\u00e9langer directement avec de l\u2019eau.<br \/>\nConsultez un pharmacien pour d\u2019autres conseils d\u2019utilisation. Conservez le flacon \u00e0 l\u2019abri de la lumi\u00e8re, de l\u2019air et de la chaleur pour pr\u00e9server ses qualit\u00e9s. Cette huile essentielle est destin\u00e9e \u00e0 compl\u00e9ter une alimentation vari\u00e9e et un mode de vie sain, sans se substituer \u00e0 un r\u00e9gime \u00e9quilibr\u00e9.<\/p>\n","protected":false},"excerpt":{"rendered":"<p>Cette huile essentielle est certifi\u00e9e HEBBD (Huile Essentielle Botaniquement et Biochimiquement D\u00e9finie), garantissant une qualit\u00e9 sup\u00e9rieure et une composition biochimique<\/p>\n","protected":false},"featured_media":51873,"comment_status":"open","ping_status":"closed","template":"","meta":[],"product_brand":[204],"product_cat":[964],"product_tag":[],"class_list":{"0":"post-51834","1":"product","2":"type-product","3":"status-publish","4":"has-post-thumbnail","6":"product_brand-puressentiel","7":"product_cat-aromatherapie","9":"first","10":"instock","11":"sale","12":"shipping-taxable","13":"purchasable","14":"product-type-simple"},"yoast_head":"<!-- This site is optimized with the Yoast SEO plugin v26.6 - https:\/\/yoast.com\/wordpress\/plugins\/seo\/ -->\r\n<title>PURESSENTIEL MORJALINE A COQUILLES HUILE ESSENTIELLE PURE ET NATURELLE 5 ML - Paracherkaoui.ma<\/title>\r\n<meta name=\"robots\" content=\"index, follow, max-snippet:-1, max-image-preview:large, max-video-preview:-1\" \/>\r\n<link rel=\"canonical\" href=\"https:\/\/paracherkaoui.ma\/index.php\/produit\/puressentiel-morjaline-a-coquilles-huile-essentielle-pure-et-naturelle-5-ml\/\" \/>\r\n<meta property=\"og:locale\" content=\"fr_FR\" \/>\r\n<meta property=\"og:type\" content=\"article\" \/>\r\n<meta property=\"og:title\" content=\"PURESSENTIEL MORJALINE A COQUILLES HUILE ESSENTIELLE PURE ET NATURELLE 5 ML - Paracherkaoui.ma\" \/>\r\n<meta property=\"og:description\" content=\"Cette huile essentielle est certifi\u00e9e HEBBD (Huile Essentielle Botaniquement et Biochimiquement D\u00e9finie), garantissant une qualit\u00e9 sup\u00e9rieure et une composition biochimique\" \/>\r\n<meta property=\"og:url\" content=\"https:\/\/paracherkaoui.ma\/index.php\/produit\/puressentiel-morjaline-a-coquilles-huile-essentielle-pure-et-naturelle-5-ml\/\" \/>\r\n<meta property=\"og:site_name\" content=\"Paracherkaoui.ma\" \/>\r\n<meta property=\"article:modified_time\" content=\"2025-12-12T18:34:51+00:00\" \/>\r\n<meta property=\"og:image\" content=\"https:\/\/paracherkaoui.ma\/wp-content\/uploads\/2025\/12\/puressentiel-puressentiel-morjaline-a-coquilles-huile-essentielle-pure-et-naturelle-5-ml-huiles-essentielles.jpg\" \/>\r\n\t<meta property=\"og:image:width\" content=\"700\" \/>\r\n\t<meta property=\"og:image:height\" content=\"700\" \/>\r\n\t<meta property=\"og:image:type\" content=\"image\/jpeg\" \/>\r\n<meta name=\"twitter:card\" content=\"summary_large_image\" \/>\r\n<meta name=\"twitter:label1\" content=\"Dur\u00e9e de lecture estim\u00e9e\" \/>\n\t<meta name=\"twitter:data1\" content=\"1 minute\" \/>\r\n<script type=\"application\/ld+json\" class=\"yoast-schema-graph\">{\"@context\":\"https:\/\/schema.org\",\"@graph\":[{\"@type\":\"WebPage\",\"@id\":\"https:\/\/paracherkaoui.ma\/index.php\/produit\/puressentiel-morjaline-a-coquilles-huile-essentielle-pure-et-naturelle-5-ml\/\",\"url\":\"https:\/\/paracherkaoui.ma\/index.php\/produit\/puressentiel-morjaline-a-coquilles-huile-essentielle-pure-et-naturelle-5-ml\/\",\"name\":\"PURESSENTIEL MORJALINE A COQUILLES HUILE ESSENTIELLE PURE ET NATURELLE 5 ML - Paracherkaoui.ma\",\"isPartOf\":{\"@id\":\"https:\/\/paracherkaoui.ma\/#website\"},\"primaryImageOfPage\":{\"@id\":\"https:\/\/paracherkaoui.ma\/index.php\/produit\/puressentiel-morjaline-a-coquilles-huile-essentielle-pure-et-naturelle-5-ml\/#primaryimage\"},\"image\":{\"@id\":\"https:\/\/paracherkaoui.ma\/index.php\/produit\/puressentiel-morjaline-a-coquilles-huile-essentielle-pure-et-naturelle-5-ml\/#primaryimage\"},\"thumbnailUrl\":\"https:\/\/paracherkaoui.ma\/wp-content\/uploads\/2025\/12\/puressentiel-puressentiel-morjaline-a-coquilles-huile-essentielle-pure-et-naturelle-5-ml-huiles-essentielles.jpg\",\"datePublished\":\"2025-12-12T18:34:47+00:00\",\"dateModified\":\"2025-12-12T18:34:51+00:00\",\"breadcrumb\":{\"@id\":\"https:\/\/paracherkaoui.ma\/index.php\/produit\/puressentiel-morjaline-a-coquilles-huile-essentielle-pure-et-naturelle-5-ml\/#breadcrumb\"},\"inLanguage\":\"fr-FR\",\"potentialAction\":[{\"@type\":\"ReadAction\",\"target\":[\"https:\/\/paracherkaoui.ma\/index.php\/produit\/puressentiel-morjaline-a-coquilles-huile-essentielle-pure-et-naturelle-5-ml\/\"]}]},{\"@type\":\"ImageObject\",\"inLanguage\":\"fr-FR\",\"@id\":\"https:\/\/paracherkaoui.ma\/index.php\/produit\/puressentiel-morjaline-a-coquilles-huile-essentielle-pure-et-naturelle-5-ml\/#primaryimage\",\"url\":\"https:\/\/paracherkaoui.ma\/wp-content\/uploads\/2025\/12\/puressentiel-puressentiel-morjaline-a-coquilles-huile-essentielle-pure-et-naturelle-5-ml-huiles-essentielles.jpg\",\"contentUrl\":\"https:\/\/paracherkaoui.ma\/wp-content\/uploads\/2025\/12\/puressentiel-puressentiel-morjaline-a-coquilles-huile-essentielle-pure-et-naturelle-5-ml-huiles-essentielles.jpg\",\"width\":700,\"height\":700},{\"@type\":\"BreadcrumbList\",\"@id\":\"https:\/\/paracherkaoui.ma\/index.php\/produit\/puressentiel-morjaline-a-coquilles-huile-essentielle-pure-et-naturelle-5-ml\/#breadcrumb\",\"itemListElement\":[{\"@type\":\"ListItem\",\"position\":1,\"name\":\"Accueil\",\"item\":\"https:\/\/paracherkaoui.ma\/\"},{\"@type\":\"ListItem\",\"position\":2,\"name\":\"Boutique\",\"item\":\"https:\/\/paracherkaoui.ma\/index.php\/boutique\/\"},{\"@type\":\"ListItem\",\"position\":3,\"name\":\"PURESSENTIEL MORJALINE A COQUILLES HUILE ESSENTIELLE PURE ET NATURELLE 5 ML\"}]},{\"@type\":\"WebSite\",\"@id\":\"https:\/\/paracherkaoui.ma\/#website\",\"url\":\"https:\/\/paracherkaoui.ma\/\",\"name\":\"Paracherkaoui.ma\",\"description\":\"Achetez en ligne sur Paracherkaoui.ma\",\"potentialAction\":[{\"@type\":\"SearchAction\",\"target\":{\"@type\":\"EntryPoint\",\"urlTemplate\":\"https:\/\/paracherkaoui.ma\/?s={search_term_string}\"},\"query-input\":{\"@type\":\"PropertyValueSpecification\",\"valueRequired\":true,\"valueName\":\"search_term_string\"}}],\"inLanguage\":\"fr-FR\"}]}<\/script>\r\n<!-- \/ Yoast SEO plugin. -->","yoast_head_json":{"title":"PURESSENTIEL MORJALINE A COQUILLES HUILE ESSENTIELLE PURE ET NATURELLE 5 ML - Paracherkaoui.ma","robots":{"index":"index","follow":"follow","max-snippet":"max-snippet:-1","max-image-preview":"max-image-preview:large","max-video-preview":"max-video-preview:-1"},"canonical":"https:\/\/paracherkaoui.ma\/index.php\/produit\/puressentiel-morjaline-a-coquilles-huile-essentielle-pure-et-naturelle-5-ml\/","og_locale":"fr_FR","og_type":"article","og_title":"PURESSENTIEL MORJALINE A COQUILLES HUILE ESSENTIELLE PURE ET NATURELLE 5 ML - Paracherkaoui.ma","og_description":"Cette huile essentielle est certifi\u00e9e HEBBD (Huile Essentielle Botaniquement et Biochimiquement D\u00e9finie), garantissant une qualit\u00e9 sup\u00e9rieure et une composition biochimique","og_url":"https:\/\/paracherkaoui.ma\/index.php\/produit\/puressentiel-morjaline-a-coquilles-huile-essentielle-pure-et-naturelle-5-ml\/","og_site_name":"Paracherkaoui.ma","article_modified_time":"2025-12-12T18:34:51+00:00","og_image":[{"width":700,"height":700,"url":"https:\/\/paracherkaoui.ma\/wp-content\/uploads\/2025\/12\/puressentiel-puressentiel-morjaline-a-coquilles-huile-essentielle-pure-et-naturelle-5-ml-huiles-essentielles.jpg","type":"image\/jpeg"}],"twitter_card":"summary_large_image","twitter_misc":{"Dur\u00e9e de lecture estim\u00e9e":"1 minute"},"schema":{"@context":"https:\/\/schema.org","@graph":[{"@type":"WebPage","@id":"https:\/\/paracherkaoui.ma\/index.php\/produit\/puressentiel-morjaline-a-coquilles-huile-essentielle-pure-et-naturelle-5-ml\/","url":"https:\/\/paracherkaoui.ma\/index.php\/produit\/puressentiel-morjaline-a-coquilles-huile-essentielle-pure-et-naturelle-5-ml\/","name":"PURESSENTIEL MORJALINE A COQUILLES HUILE ESSENTIELLE PURE ET NATURELLE 5 ML - Paracherkaoui.ma","isPartOf":{"@id":"https:\/\/paracherkaoui.ma\/#website"},"primaryImageOfPage":{"@id":"https:\/\/paracherkaoui.ma\/index.php\/produit\/puressentiel-morjaline-a-coquilles-huile-essentielle-pure-et-naturelle-5-ml\/#primaryimage"},"image":{"@id":"https:\/\/paracherkaoui.ma\/index.php\/produit\/puressentiel-morjaline-a-coquilles-huile-essentielle-pure-et-naturelle-5-ml\/#primaryimage"},"thumbnailUrl":"https:\/\/paracherkaoui.ma\/wp-content\/uploads\/2025\/12\/puressentiel-puressentiel-morjaline-a-coquilles-huile-essentielle-pure-et-naturelle-5-ml-huiles-essentielles.jpg","datePublished":"2025-12-12T18:34:47+00:00","dateModified":"2025-12-12T18:34:51+00:00","breadcrumb":{"@id":"https:\/\/paracherkaoui.ma\/index.php\/produit\/puressentiel-morjaline-a-coquilles-huile-essentielle-pure-et-naturelle-5-ml\/#breadcrumb"},"inLanguage":"fr-FR","potentialAction":[{"@type":"ReadAction","target":["https:\/\/paracherkaoui.ma\/index.php\/produit\/puressentiel-morjaline-a-coquilles-huile-essentielle-pure-et-naturelle-5-ml\/"]}]},{"@type":"ImageObject","inLanguage":"fr-FR","@id":"https:\/\/paracherkaoui.ma\/index.php\/produit\/puressentiel-morjaline-a-coquilles-huile-essentielle-pure-et-naturelle-5-ml\/#primaryimage","url":"https:\/\/paracherkaoui.ma\/wp-content\/uploads\/2025\/12\/puressentiel-puressentiel-morjaline-a-coquilles-huile-essentielle-pure-et-naturelle-5-ml-huiles-essentielles.jpg","contentUrl":"https:\/\/paracherkaoui.ma\/wp-content\/uploads\/2025\/12\/puressentiel-puressentiel-morjaline-a-coquilles-huile-essentielle-pure-et-naturelle-5-ml-huiles-essentielles.jpg","width":700,"height":700},{"@type":"BreadcrumbList","@id":"https:\/\/paracherkaoui.ma\/index.php\/produit\/puressentiel-morjaline-a-coquilles-huile-essentielle-pure-et-naturelle-5-ml\/#breadcrumb","itemListElement":[{"@type":"ListItem","position":1,"name":"Accueil","item":"https:\/\/paracherkaoui.ma\/"},{"@type":"ListItem","position":2,"name":"Boutique","item":"https:\/\/paracherkaoui.ma\/index.php\/boutique\/"},{"@type":"ListItem","position":3,"name":"PURESSENTIEL MORJALINE A COQUILLES HUILE ESSENTIELLE PURE ET NATURELLE 5 ML"}]},{"@type":"WebSite","@id":"https:\/\/paracherkaoui.ma\/#website","url":"https:\/\/paracherkaoui.ma\/","name":"Paracherkaoui.ma","description":"Achetez en ligne sur Paracherkaoui.ma","potentialAction":[{"@type":"SearchAction","target":{"@type":"EntryPoint","urlTemplate":"https:\/\/paracherkaoui.ma\/?s={search_term_string}"},"query-input":{"@type":"PropertyValueSpecification","valueRequired":true,"valueName":"search_term_string"}}],"inLanguage":"fr-FR"}]}},"_links":{"self":[{"href":"https:\/\/paracherkaoui.ma\/index.php\/wp-json\/wp\/v2\/product\/51834","targetHints":{"allow":["GET"]}}],"collection":[{"href":"https:\/\/paracherkaoui.ma\/index.php\/wp-json\/wp\/v2\/product"}],"about":[{"href":"https:\/\/paracherkaoui.ma\/index.php\/wp-json\/wp\/v2\/types\/product"}],"replies":[{"embeddable":true,"href":"https:\/\/paracherkaoui.ma\/index.php\/wp-json\/wp\/v2\/comments?post=51834"}],"version-history":[{"count":1,"href":"https:\/\/paracherkaoui.ma\/index.php\/wp-json\/wp\/v2\/product\/51834\/revisions"}],"predecessor-version":[{"id":51874,"href":"https:\/\/paracherkaoui.ma\/index.php\/wp-json\/wp\/v2\/product\/51834\/revisions\/51874"}],"wp:featuredmedia":[{"embeddable":true,"href":"https:\/\/paracherkaoui.ma\/index.php\/wp-json\/wp\/v2\/media\/51873"}],"wp:attachment":[{"href":"https:\/\/paracherkaoui.ma\/index.php\/wp-json\/wp\/v2\/media?parent=51834"}],"wp:term":[{"taxonomy":"product_brand","embeddable":true,"href":"https:\/\/paracherkaoui.ma\/index.php\/wp-json\/wp\/v2\/product_brand?post=51834"},{"taxonomy":"product_cat","embeddable":true,"href":"https:\/\/paracherkaoui.ma\/index.php\/wp-json\/wp\/v2\/product_cat?post=51834"},{"taxonomy":"product_tag","embeddable":true,"href":"https:\/\/paracherkaoui.ma\/index.php\/wp-json\/wp\/v2\/product_tag?post=51834"}],"curies":[{"name":"wp","href":"https:\/\/api.w.org\/{rel}","templated":true}]}}