{"id":51830,"date":"2025-12-12T19:34:47","date_gmt":"2025-12-12T18:34:47","guid":{"rendered":"https:\/\/test.ecbeaute.com\/?post_type=product&#038;p=51830"},"modified":"2025-12-12T19:34:50","modified_gmt":"2025-12-12T18:34:50","slug":"puressentiel-huile-essentielle-laurier-noble-5-ml","status":"publish","type":"product","link":"https:\/\/paracherkaoui.ma\/index.php\/produit\/puressentiel-huile-essentielle-laurier-noble-5-ml\/","title":{"rendered":"PURESSENTIEL HUILE ESSENTIELLE LAURIER NOBLE 5 ML"},"content":{"rendered":"<p>Indications :<br \/>\nUsage cutan\u00e9e<br \/>\nPour la respiration<br \/>\nPour la peau et les cheveux<br \/>\nPour les d\u00e9fenses naturelles<br \/>\nAdultes et enfants (de plus de 7 ans)<br \/>\nConseils d\u2019utilisation :<br \/>\nEn cas de bosses, bleus, ecchymoses ou coups<br \/>\nAdulte et enfant (de plus de 7 ans) :<br \/>\n2 gouttes d\u2019H\u00e9lichryse + 1 goutte de Laurier Noble + 3 gouttes d\u2019Huile V\u00e9g\u00e9tale de Calophylle Puressentiel sur la zone touch\u00e9e, \u00e0 renouveler au bout de 10 minutes puis 2 fois par jour pendant 5 \u00e0 8 jours.<\/p>\n<p>Pr\u00e9paration et r\u00e9cup\u00e9ration musculaire<br \/>\nAdulte et enfant (de plus de 12 ans) :<br \/>\n2 gouttes de Cannelle de Ceylan + 1 goutte de Menthe Poivr\u00e9e + 2 gouttes de Laurier Noble dans une cuill\u00e8re \u00e0 soupe d\u2019Huiles V\u00e9g\u00e9tales de Calophylle (1\/3) et de Macadamia (2\/3) Puressentiel<br \/>\nAppliquer sur les muscles en friction tonique avant l\u2019effort et en massage profond apr\u00e8s l\u2019effort.<\/p>\n<p>Contre les douleurs dentaires, l\u2019aphte ou l\u2019abc\u00e8s<br \/>\nAdulte et enfant (de plus de 7 ans) :<br \/>\n1 goutte de Giroflier + 2 gouttes de Laurier Noble \u00e0 appliquer au coton tige \u00e0 la base de la dent ou sur la zone douloureuse.<\/p>\n","protected":false},"excerpt":{"rendered":"<p>Indications : Usage cutan\u00e9e Pour la respiration Pour la peau et les cheveux Pour les d\u00e9fenses naturelles Adultes et enfants<\/p>\n","protected":false},"featured_media":51865,"comment_status":"open","ping_status":"closed","template":"","meta":[],"product_brand":[204],"product_cat":[964],"product_tag":[],"class_list":{"0":"post-51830","1":"product","2":"type-product","3":"status-publish","4":"has-post-thumbnail","6":"product_brand-puressentiel","7":"product_cat-aromatherapie","9":"first","10":"instock","11":"sale","12":"shipping-taxable","13":"purchasable","14":"product-type-simple"},"yoast_head":"<!-- This site is optimized with the Yoast SEO plugin v26.6 - https:\/\/yoast.com\/wordpress\/plugins\/seo\/ -->\r\n<title>PURESSENTIEL HUILE ESSENTIELLE LAURIER NOBLE 5 ML - Paracherkaoui.ma<\/title>\r\n<meta name=\"robots\" content=\"index, follow, max-snippet:-1, max-image-preview:large, max-video-preview:-1\" \/>\r\n<link rel=\"canonical\" href=\"https:\/\/paracherkaoui.ma\/index.php\/produit\/puressentiel-huile-essentielle-laurier-noble-5-ml\/\" \/>\r\n<meta property=\"og:locale\" content=\"fr_FR\" \/>\r\n<meta property=\"og:type\" content=\"article\" \/>\r\n<meta property=\"og:title\" content=\"PURESSENTIEL HUILE ESSENTIELLE LAURIER NOBLE 5 ML - Paracherkaoui.ma\" \/>\r\n<meta property=\"og:description\" content=\"Indications : Usage cutan\u00e9e Pour la respiration Pour la peau et les cheveux Pour les d\u00e9fenses naturelles Adultes et enfants\" \/>\r\n<meta property=\"og:url\" content=\"https:\/\/paracherkaoui.ma\/index.php\/produit\/puressentiel-huile-essentielle-laurier-noble-5-ml\/\" \/>\r\n<meta property=\"og:site_name\" content=\"Paracherkaoui.ma\" \/>\r\n<meta property=\"article:modified_time\" content=\"2025-12-12T18:34:50+00:00\" \/>\r\n<meta property=\"og:image\" content=\"https:\/\/paracherkaoui.ma\/wp-content\/uploads\/2025\/12\/puressentiel-huile-essentielle-laurier-noble-5-ml.jpg\" \/>\r\n\t<meta property=\"og:image:width\" content=\"700\" \/>\r\n\t<meta property=\"og:image:height\" content=\"700\" \/>\r\n\t<meta property=\"og:image:type\" content=\"image\/jpeg\" \/>\r\n<meta name=\"twitter:card\" content=\"summary_large_image\" \/>\r\n<meta name=\"twitter:label1\" content=\"Dur\u00e9e de lecture estim\u00e9e\" \/>\n\t<meta name=\"twitter:data1\" content=\"1 minute\" \/>\r\n<script type=\"application\/ld+json\" class=\"yoast-schema-graph\">{\"@context\":\"https:\/\/schema.org\",\"@graph\":[{\"@type\":\"WebPage\",\"@id\":\"https:\/\/paracherkaoui.ma\/index.php\/produit\/puressentiel-huile-essentielle-laurier-noble-5-ml\/\",\"url\":\"https:\/\/paracherkaoui.ma\/index.php\/produit\/puressentiel-huile-essentielle-laurier-noble-5-ml\/\",\"name\":\"PURESSENTIEL HUILE ESSENTIELLE LAURIER NOBLE 5 ML - Paracherkaoui.ma\",\"isPartOf\":{\"@id\":\"https:\/\/paracherkaoui.ma\/#website\"},\"primaryImageOfPage\":{\"@id\":\"https:\/\/paracherkaoui.ma\/index.php\/produit\/puressentiel-huile-essentielle-laurier-noble-5-ml\/#primaryimage\"},\"image\":{\"@id\":\"https:\/\/paracherkaoui.ma\/index.php\/produit\/puressentiel-huile-essentielle-laurier-noble-5-ml\/#primaryimage\"},\"thumbnailUrl\":\"https:\/\/paracherkaoui.ma\/wp-content\/uploads\/2025\/12\/puressentiel-huile-essentielle-laurier-noble-5-ml.jpg\",\"datePublished\":\"2025-12-12T18:34:47+00:00\",\"dateModified\":\"2025-12-12T18:34:50+00:00\",\"breadcrumb\":{\"@id\":\"https:\/\/paracherkaoui.ma\/index.php\/produit\/puressentiel-huile-essentielle-laurier-noble-5-ml\/#breadcrumb\"},\"inLanguage\":\"fr-FR\",\"potentialAction\":[{\"@type\":\"ReadAction\",\"target\":[\"https:\/\/paracherkaoui.ma\/index.php\/produit\/puressentiel-huile-essentielle-laurier-noble-5-ml\/\"]}]},{\"@type\":\"ImageObject\",\"inLanguage\":\"fr-FR\",\"@id\":\"https:\/\/paracherkaoui.ma\/index.php\/produit\/puressentiel-huile-essentielle-laurier-noble-5-ml\/#primaryimage\",\"url\":\"https:\/\/paracherkaoui.ma\/wp-content\/uploads\/2025\/12\/puressentiel-huile-essentielle-laurier-noble-5-ml.jpg\",\"contentUrl\":\"https:\/\/paracherkaoui.ma\/wp-content\/uploads\/2025\/12\/puressentiel-huile-essentielle-laurier-noble-5-ml.jpg\",\"width\":700,\"height\":700},{\"@type\":\"BreadcrumbList\",\"@id\":\"https:\/\/paracherkaoui.ma\/index.php\/produit\/puressentiel-huile-essentielle-laurier-noble-5-ml\/#breadcrumb\",\"itemListElement\":[{\"@type\":\"ListItem\",\"position\":1,\"name\":\"Accueil\",\"item\":\"https:\/\/paracherkaoui.ma\/\"},{\"@type\":\"ListItem\",\"position\":2,\"name\":\"Boutique\",\"item\":\"https:\/\/paracherkaoui.ma\/index.php\/boutique\/\"},{\"@type\":\"ListItem\",\"position\":3,\"name\":\"PURESSENTIEL HUILE ESSENTIELLE LAURIER NOBLE 5 ML\"}]},{\"@type\":\"WebSite\",\"@id\":\"https:\/\/paracherkaoui.ma\/#website\",\"url\":\"https:\/\/paracherkaoui.ma\/\",\"name\":\"Paracherkaoui.ma\",\"description\":\"Achetez en ligne sur Paracherkaoui.ma\",\"potentialAction\":[{\"@type\":\"SearchAction\",\"target\":{\"@type\":\"EntryPoint\",\"urlTemplate\":\"https:\/\/paracherkaoui.ma\/?s={search_term_string}\"},\"query-input\":{\"@type\":\"PropertyValueSpecification\",\"valueRequired\":true,\"valueName\":\"search_term_string\"}}],\"inLanguage\":\"fr-FR\"}]}<\/script>\r\n<!-- \/ Yoast SEO plugin. -->","yoast_head_json":{"title":"PURESSENTIEL HUILE ESSENTIELLE LAURIER NOBLE 5 ML - Paracherkaoui.ma","robots":{"index":"index","follow":"follow","max-snippet":"max-snippet:-1","max-image-preview":"max-image-preview:large","max-video-preview":"max-video-preview:-1"},"canonical":"https:\/\/paracherkaoui.ma\/index.php\/produit\/puressentiel-huile-essentielle-laurier-noble-5-ml\/","og_locale":"fr_FR","og_type":"article","og_title":"PURESSENTIEL HUILE ESSENTIELLE LAURIER NOBLE 5 ML - Paracherkaoui.ma","og_description":"Indications : Usage cutan\u00e9e Pour la respiration Pour la peau et les cheveux Pour les d\u00e9fenses naturelles Adultes et enfants","og_url":"https:\/\/paracherkaoui.ma\/index.php\/produit\/puressentiel-huile-essentielle-laurier-noble-5-ml\/","og_site_name":"Paracherkaoui.ma","article_modified_time":"2025-12-12T18:34:50+00:00","og_image":[{"width":700,"height":700,"url":"https:\/\/paracherkaoui.ma\/wp-content\/uploads\/2025\/12\/puressentiel-huile-essentielle-laurier-noble-5-ml.jpg","type":"image\/jpeg"}],"twitter_card":"summary_large_image","twitter_misc":{"Dur\u00e9e de lecture estim\u00e9e":"1 minute"},"schema":{"@context":"https:\/\/schema.org","@graph":[{"@type":"WebPage","@id":"https:\/\/paracherkaoui.ma\/index.php\/produit\/puressentiel-huile-essentielle-laurier-noble-5-ml\/","url":"https:\/\/paracherkaoui.ma\/index.php\/produit\/puressentiel-huile-essentielle-laurier-noble-5-ml\/","name":"PURESSENTIEL HUILE ESSENTIELLE LAURIER NOBLE 5 ML - Paracherkaoui.ma","isPartOf":{"@id":"https:\/\/paracherkaoui.ma\/#website"},"primaryImageOfPage":{"@id":"https:\/\/paracherkaoui.ma\/index.php\/produit\/puressentiel-huile-essentielle-laurier-noble-5-ml\/#primaryimage"},"image":{"@id":"https:\/\/paracherkaoui.ma\/index.php\/produit\/puressentiel-huile-essentielle-laurier-noble-5-ml\/#primaryimage"},"thumbnailUrl":"https:\/\/paracherkaoui.ma\/wp-content\/uploads\/2025\/12\/puressentiel-huile-essentielle-laurier-noble-5-ml.jpg","datePublished":"2025-12-12T18:34:47+00:00","dateModified":"2025-12-12T18:34:50+00:00","breadcrumb":{"@id":"https:\/\/paracherkaoui.ma\/index.php\/produit\/puressentiel-huile-essentielle-laurier-noble-5-ml\/#breadcrumb"},"inLanguage":"fr-FR","potentialAction":[{"@type":"ReadAction","target":["https:\/\/paracherkaoui.ma\/index.php\/produit\/puressentiel-huile-essentielle-laurier-noble-5-ml\/"]}]},{"@type":"ImageObject","inLanguage":"fr-FR","@id":"https:\/\/paracherkaoui.ma\/index.php\/produit\/puressentiel-huile-essentielle-laurier-noble-5-ml\/#primaryimage","url":"https:\/\/paracherkaoui.ma\/wp-content\/uploads\/2025\/12\/puressentiel-huile-essentielle-laurier-noble-5-ml.jpg","contentUrl":"https:\/\/paracherkaoui.ma\/wp-content\/uploads\/2025\/12\/puressentiel-huile-essentielle-laurier-noble-5-ml.jpg","width":700,"height":700},{"@type":"BreadcrumbList","@id":"https:\/\/paracherkaoui.ma\/index.php\/produit\/puressentiel-huile-essentielle-laurier-noble-5-ml\/#breadcrumb","itemListElement":[{"@type":"ListItem","position":1,"name":"Accueil","item":"https:\/\/paracherkaoui.ma\/"},{"@type":"ListItem","position":2,"name":"Boutique","item":"https:\/\/paracherkaoui.ma\/index.php\/boutique\/"},{"@type":"ListItem","position":3,"name":"PURESSENTIEL HUILE ESSENTIELLE LAURIER NOBLE 5 ML"}]},{"@type":"WebSite","@id":"https:\/\/paracherkaoui.ma\/#website","url":"https:\/\/paracherkaoui.ma\/","name":"Paracherkaoui.ma","description":"Achetez en ligne sur Paracherkaoui.ma","potentialAction":[{"@type":"SearchAction","target":{"@type":"EntryPoint","urlTemplate":"https:\/\/paracherkaoui.ma\/?s={search_term_string}"},"query-input":{"@type":"PropertyValueSpecification","valueRequired":true,"valueName":"search_term_string"}}],"inLanguage":"fr-FR"}]}},"_links":{"self":[{"href":"https:\/\/paracherkaoui.ma\/index.php\/wp-json\/wp\/v2\/product\/51830","targetHints":{"allow":["GET"]}}],"collection":[{"href":"https:\/\/paracherkaoui.ma\/index.php\/wp-json\/wp\/v2\/product"}],"about":[{"href":"https:\/\/paracherkaoui.ma\/index.php\/wp-json\/wp\/v2\/types\/product"}],"replies":[{"embeddable":true,"href":"https:\/\/paracherkaoui.ma\/index.php\/wp-json\/wp\/v2\/comments?post=51830"}],"version-history":[{"count":1,"href":"https:\/\/paracherkaoui.ma\/index.php\/wp-json\/wp\/v2\/product\/51830\/revisions"}],"predecessor-version":[{"id":51866,"href":"https:\/\/paracherkaoui.ma\/index.php\/wp-json\/wp\/v2\/product\/51830\/revisions\/51866"}],"wp:featuredmedia":[{"embeddable":true,"href":"https:\/\/paracherkaoui.ma\/index.php\/wp-json\/wp\/v2\/media\/51865"}],"wp:attachment":[{"href":"https:\/\/paracherkaoui.ma\/index.php\/wp-json\/wp\/v2\/media?parent=51830"}],"wp:term":[{"taxonomy":"product_brand","embeddable":true,"href":"https:\/\/paracherkaoui.ma\/index.php\/wp-json\/wp\/v2\/product_brand?post=51830"},{"taxonomy":"product_cat","embeddable":true,"href":"https:\/\/paracherkaoui.ma\/index.php\/wp-json\/wp\/v2\/product_cat?post=51830"},{"taxonomy":"product_tag","embeddable":true,"href":"https:\/\/paracherkaoui.ma\/index.php\/wp-json\/wp\/v2\/product_tag?post=51830"}],"curies":[{"name":"wp","href":"https:\/\/api.w.org\/{rel}","templated":true}]}}