{"id":51762,"date":"2025-12-12T19:34:37","date_gmt":"2025-12-12T18:34:37","guid":{"rendered":"https:\/\/test.ecbeaute.com\/?post_type=product&#038;p=51762"},"modified":"2025-12-12T19:34:45","modified_gmt":"2025-12-12T18:34:45","slug":"puressentiel-diffuseur-humidificateur-ultrasonique-atmo","status":"publish","type":"product","link":"https:\/\/paracherkaoui.ma\/index.php\/produit\/puressentiel-diffuseur-humidificateur-ultrasonique-atmo\/","title":{"rendered":"PURESSENTIEL DIFFUSEUR HUMIDIFICATEUR ULTRASONIQUE ATMO"},"content":{"rendered":"<p>Le Diffuseur humidificateur ultrasonique ATMO Puressentiel\u00ae\u00a0est \u00e9quip\u00e9 d\u2019un syst\u00e8me de diffusion par ultrasons d\u00e9livrant une\u00a0belle brume. Ses lignes douces, ses mat\u00e9riaux naturels ainsi que ses effets de brume et de lumi\u00e8re assurent une\u00a0ambiance apaisante \u00e0 vos lieux de vie.<br \/>\nHumidificateur :\u00a0Le diffuseur ATMO humidifie agr\u00e9ablement l&rsquo;air ambiant. Les 2 effets de brume\u00a0permettent de s&rsquo;adapter au mieux \u00e0 vos envies du moment : une brume en \u00ab\u00a0cascade\u00a0\u00bb\u00a0pour une atmosph\u00e8re relaxante et une brume en \u00ab\u00a0volcan\u00a0\u00bb\u00a0pour une ambiance plus vivifiante.<br \/>\nLumi\u00e8re d\u2019ambiance :\u00a0Une douce lumi\u00e8re blanche peut accompagner la diffusion, son intensit\u00e9 est ajustable en tournant le bouton\/molette du diffuseur. En mode sommeil, les 2 effets de brume\u00a0et la diminution progressive de la luminosit\u00e9 en 30 minutes, facilitent l&rsquo;endormissement.<br \/>\nDiffuseur d&rsquo;huiles essentielles :\u00a0Premiers froids, instants de d\u00e9tente, petits envahisseurs des soir\u00e9es d&rsquo;\u00e9t\u00e9\u2026 la diffusion d&rsquo;huiles essentielles offre un v\u00e9ritable moment de bien-\u00eatre en toutes saisons. Ajoutez quelques gouttes d&rsquo;huiles essentielles dans le r\u00e9servoir d&rsquo;eau pour une diffusion aromatique aux diverses vertus. Les propri\u00e9t\u00e9s des huiles essentielles sont parfaitement conserv\u00e9es gr\u00e2ce au syst\u00e8me d\u2019ionisation \u00e0 froid.<br \/>\nConseils d&rsquo;utilisation:<br \/>\nPlacer le diffuseur sur une surface plane et stable, \u00e9loign\u00e9 du bord. Ne pas le placer sur ou pr\u00e8s d\u2019un meuble ou d\u2019une surface sensible \u00e0 l\u2019humidit\u00e9.<br \/>\nEnlever le capot en verre du diffuseur et le couvercle int\u00e9rieur. Le capot est fabriqu\u00e9 en verre, et est donc fragile, \u00e0 manipuler avec pr\u00e9caution.<br \/>\nRemplir le r\u00e9servoir d\u2019eau froide sans d\u00e9passer l\u2019indicateur de niveau d\u2019eau maximum (max 150 ml).<br \/>\nAjouter ensuite quelques gouttes d\u2019Huile Essentielle ou de m\u00e9lange pour Diffusion Puressentiel\u00ae : 1-2 gouttes pour 10 ml d\u2019eau.<br \/>\nReplacer d\u00e9licatement le couvercle interne et le capot en verre sur la base du Diffuseur.<br \/>\nIns\u00e9rer la fiche du c\u00e2ble d\u2019alimentation dans le port USB-C situ\u00e9e \u00e0 l\u2019arri\u00e8re du Diffuseur. Raccorder la fiche USB du c\u00e2ble d\u2019alimentation \u00e0 un adaptateur secteur (100-240V sortie 5V continu) et brancher l\u2019adaptateur.<\/p>\n","protected":false},"excerpt":{"rendered":"<p>Le Diffuseur humidificateur ultrasonique ATMO Puressentiel\u00ae\u00a0est \u00e9quip\u00e9 d\u2019un syst\u00e8me de diffusion par ultrasons d\u00e9livrant une\u00a0belle brume. Ses lignes douces, ses<\/p>\n","protected":false},"featured_media":51814,"comment_status":"open","ping_status":"closed","template":"","meta":[],"product_brand":[204],"product_cat":[964],"product_tag":[],"class_list":{"0":"post-51762","1":"product","2":"type-product","3":"status-publish","4":"has-post-thumbnail","6":"product_brand-puressentiel","7":"product_cat-aromatherapie","9":"first","10":"instock","11":"sale","12":"shipping-taxable","13":"purchasable","14":"product-type-simple"},"yoast_head":"<!-- This site is optimized with the Yoast SEO plugin v26.6 - https:\/\/yoast.com\/wordpress\/plugins\/seo\/ -->\r\n<title>PURESSENTIEL DIFFUSEUR HUMIDIFICATEUR ULTRASONIQUE ATMO - Paracherkaoui.ma<\/title>\r\n<meta name=\"robots\" content=\"index, follow, max-snippet:-1, max-image-preview:large, max-video-preview:-1\" \/>\r\n<link rel=\"canonical\" href=\"https:\/\/paracherkaoui.ma\/index.php\/produit\/puressentiel-diffuseur-humidificateur-ultrasonique-atmo\/\" \/>\r\n<meta property=\"og:locale\" content=\"fr_FR\" \/>\r\n<meta property=\"og:type\" content=\"article\" \/>\r\n<meta property=\"og:title\" content=\"PURESSENTIEL DIFFUSEUR HUMIDIFICATEUR ULTRASONIQUE ATMO - Paracherkaoui.ma\" \/>\r\n<meta property=\"og:description\" content=\"Le Diffuseur humidificateur ultrasonique ATMO Puressentiel\u00ae\u00a0est \u00e9quip\u00e9 d\u2019un syst\u00e8me de diffusion par ultrasons d\u00e9livrant une\u00a0belle brume. Ses lignes douces, ses\" \/>\r\n<meta property=\"og:url\" content=\"https:\/\/paracherkaoui.ma\/index.php\/produit\/puressentiel-diffuseur-humidificateur-ultrasonique-atmo\/\" \/>\r\n<meta property=\"og:site_name\" content=\"Paracherkaoui.ma\" \/>\r\n<meta property=\"article:modified_time\" content=\"2025-12-12T18:34:45+00:00\" \/>\r\n<meta property=\"og:image\" content=\"https:\/\/paracherkaoui.ma\/wp-content\/uploads\/2025\/12\/puressentiel-puressentiel-diffuseur-humidificateur-ultrasonique-atmo-diffuseurs.jpg\" \/>\r\n\t<meta property=\"og:image:width\" content=\"700\" \/>\r\n\t<meta property=\"og:image:height\" content=\"700\" \/>\r\n\t<meta property=\"og:image:type\" content=\"image\/jpeg\" \/>\r\n<meta name=\"twitter:card\" content=\"summary_large_image\" \/>\r\n<meta name=\"twitter:label1\" content=\"Dur\u00e9e de lecture estim\u00e9e\" \/>\n\t<meta name=\"twitter:data1\" content=\"2 minutes\" \/>\r\n<script type=\"application\/ld+json\" class=\"yoast-schema-graph\">{\"@context\":\"https:\/\/schema.org\",\"@graph\":[{\"@type\":\"WebPage\",\"@id\":\"https:\/\/paracherkaoui.ma\/index.php\/produit\/puressentiel-diffuseur-humidificateur-ultrasonique-atmo\/\",\"url\":\"https:\/\/paracherkaoui.ma\/index.php\/produit\/puressentiel-diffuseur-humidificateur-ultrasonique-atmo\/\",\"name\":\"PURESSENTIEL DIFFUSEUR HUMIDIFICATEUR ULTRASONIQUE ATMO - Paracherkaoui.ma\",\"isPartOf\":{\"@id\":\"https:\/\/paracherkaoui.ma\/#website\"},\"primaryImageOfPage\":{\"@id\":\"https:\/\/paracherkaoui.ma\/index.php\/produit\/puressentiel-diffuseur-humidificateur-ultrasonique-atmo\/#primaryimage\"},\"image\":{\"@id\":\"https:\/\/paracherkaoui.ma\/index.php\/produit\/puressentiel-diffuseur-humidificateur-ultrasonique-atmo\/#primaryimage\"},\"thumbnailUrl\":\"https:\/\/paracherkaoui.ma\/wp-content\/uploads\/2025\/12\/puressentiel-puressentiel-diffuseur-humidificateur-ultrasonique-atmo-diffuseurs.jpg\",\"datePublished\":\"2025-12-12T18:34:37+00:00\",\"dateModified\":\"2025-12-12T18:34:45+00:00\",\"breadcrumb\":{\"@id\":\"https:\/\/paracherkaoui.ma\/index.php\/produit\/puressentiel-diffuseur-humidificateur-ultrasonique-atmo\/#breadcrumb\"},\"inLanguage\":\"fr-FR\",\"potentialAction\":[{\"@type\":\"ReadAction\",\"target\":[\"https:\/\/paracherkaoui.ma\/index.php\/produit\/puressentiel-diffuseur-humidificateur-ultrasonique-atmo\/\"]}]},{\"@type\":\"ImageObject\",\"inLanguage\":\"fr-FR\",\"@id\":\"https:\/\/paracherkaoui.ma\/index.php\/produit\/puressentiel-diffuseur-humidificateur-ultrasonique-atmo\/#primaryimage\",\"url\":\"https:\/\/paracherkaoui.ma\/wp-content\/uploads\/2025\/12\/puressentiel-puressentiel-diffuseur-humidificateur-ultrasonique-atmo-diffuseurs.jpg\",\"contentUrl\":\"https:\/\/paracherkaoui.ma\/wp-content\/uploads\/2025\/12\/puressentiel-puressentiel-diffuseur-humidificateur-ultrasonique-atmo-diffuseurs.jpg\",\"width\":700,\"height\":700},{\"@type\":\"BreadcrumbList\",\"@id\":\"https:\/\/paracherkaoui.ma\/index.php\/produit\/puressentiel-diffuseur-humidificateur-ultrasonique-atmo\/#breadcrumb\",\"itemListElement\":[{\"@type\":\"ListItem\",\"position\":1,\"name\":\"Accueil\",\"item\":\"https:\/\/paracherkaoui.ma\/\"},{\"@type\":\"ListItem\",\"position\":2,\"name\":\"Boutique\",\"item\":\"https:\/\/paracherkaoui.ma\/index.php\/boutique\/\"},{\"@type\":\"ListItem\",\"position\":3,\"name\":\"PURESSENTIEL DIFFUSEUR HUMIDIFICATEUR ULTRASONIQUE ATMO\"}]},{\"@type\":\"WebSite\",\"@id\":\"https:\/\/paracherkaoui.ma\/#website\",\"url\":\"https:\/\/paracherkaoui.ma\/\",\"name\":\"Paracherkaoui.ma\",\"description\":\"Achetez en ligne sur Paracherkaoui.ma\",\"potentialAction\":[{\"@type\":\"SearchAction\",\"target\":{\"@type\":\"EntryPoint\",\"urlTemplate\":\"https:\/\/paracherkaoui.ma\/?s={search_term_string}\"},\"query-input\":{\"@type\":\"PropertyValueSpecification\",\"valueRequired\":true,\"valueName\":\"search_term_string\"}}],\"inLanguage\":\"fr-FR\"}]}<\/script>\r\n<!-- \/ Yoast SEO plugin. -->","yoast_head_json":{"title":"PURESSENTIEL DIFFUSEUR HUMIDIFICATEUR ULTRASONIQUE ATMO - Paracherkaoui.ma","robots":{"index":"index","follow":"follow","max-snippet":"max-snippet:-1","max-image-preview":"max-image-preview:large","max-video-preview":"max-video-preview:-1"},"canonical":"https:\/\/paracherkaoui.ma\/index.php\/produit\/puressentiel-diffuseur-humidificateur-ultrasonique-atmo\/","og_locale":"fr_FR","og_type":"article","og_title":"PURESSENTIEL DIFFUSEUR HUMIDIFICATEUR ULTRASONIQUE ATMO - Paracherkaoui.ma","og_description":"Le Diffuseur humidificateur ultrasonique ATMO Puressentiel\u00ae\u00a0est \u00e9quip\u00e9 d\u2019un syst\u00e8me de diffusion par ultrasons d\u00e9livrant une\u00a0belle brume. Ses lignes douces, ses","og_url":"https:\/\/paracherkaoui.ma\/index.php\/produit\/puressentiel-diffuseur-humidificateur-ultrasonique-atmo\/","og_site_name":"Paracherkaoui.ma","article_modified_time":"2025-12-12T18:34:45+00:00","og_image":[{"width":700,"height":700,"url":"https:\/\/paracherkaoui.ma\/wp-content\/uploads\/2025\/12\/puressentiel-puressentiel-diffuseur-humidificateur-ultrasonique-atmo-diffuseurs.jpg","type":"image\/jpeg"}],"twitter_card":"summary_large_image","twitter_misc":{"Dur\u00e9e de lecture estim\u00e9e":"2 minutes"},"schema":{"@context":"https:\/\/schema.org","@graph":[{"@type":"WebPage","@id":"https:\/\/paracherkaoui.ma\/index.php\/produit\/puressentiel-diffuseur-humidificateur-ultrasonique-atmo\/","url":"https:\/\/paracherkaoui.ma\/index.php\/produit\/puressentiel-diffuseur-humidificateur-ultrasonique-atmo\/","name":"PURESSENTIEL DIFFUSEUR HUMIDIFICATEUR ULTRASONIQUE ATMO - Paracherkaoui.ma","isPartOf":{"@id":"https:\/\/paracherkaoui.ma\/#website"},"primaryImageOfPage":{"@id":"https:\/\/paracherkaoui.ma\/index.php\/produit\/puressentiel-diffuseur-humidificateur-ultrasonique-atmo\/#primaryimage"},"image":{"@id":"https:\/\/paracherkaoui.ma\/index.php\/produit\/puressentiel-diffuseur-humidificateur-ultrasonique-atmo\/#primaryimage"},"thumbnailUrl":"https:\/\/paracherkaoui.ma\/wp-content\/uploads\/2025\/12\/puressentiel-puressentiel-diffuseur-humidificateur-ultrasonique-atmo-diffuseurs.jpg","datePublished":"2025-12-12T18:34:37+00:00","dateModified":"2025-12-12T18:34:45+00:00","breadcrumb":{"@id":"https:\/\/paracherkaoui.ma\/index.php\/produit\/puressentiel-diffuseur-humidificateur-ultrasonique-atmo\/#breadcrumb"},"inLanguage":"fr-FR","potentialAction":[{"@type":"ReadAction","target":["https:\/\/paracherkaoui.ma\/index.php\/produit\/puressentiel-diffuseur-humidificateur-ultrasonique-atmo\/"]}]},{"@type":"ImageObject","inLanguage":"fr-FR","@id":"https:\/\/paracherkaoui.ma\/index.php\/produit\/puressentiel-diffuseur-humidificateur-ultrasonique-atmo\/#primaryimage","url":"https:\/\/paracherkaoui.ma\/wp-content\/uploads\/2025\/12\/puressentiel-puressentiel-diffuseur-humidificateur-ultrasonique-atmo-diffuseurs.jpg","contentUrl":"https:\/\/paracherkaoui.ma\/wp-content\/uploads\/2025\/12\/puressentiel-puressentiel-diffuseur-humidificateur-ultrasonique-atmo-diffuseurs.jpg","width":700,"height":700},{"@type":"BreadcrumbList","@id":"https:\/\/paracherkaoui.ma\/index.php\/produit\/puressentiel-diffuseur-humidificateur-ultrasonique-atmo\/#breadcrumb","itemListElement":[{"@type":"ListItem","position":1,"name":"Accueil","item":"https:\/\/paracherkaoui.ma\/"},{"@type":"ListItem","position":2,"name":"Boutique","item":"https:\/\/paracherkaoui.ma\/index.php\/boutique\/"},{"@type":"ListItem","position":3,"name":"PURESSENTIEL DIFFUSEUR HUMIDIFICATEUR ULTRASONIQUE ATMO"}]},{"@type":"WebSite","@id":"https:\/\/paracherkaoui.ma\/#website","url":"https:\/\/paracherkaoui.ma\/","name":"Paracherkaoui.ma","description":"Achetez en ligne sur Paracherkaoui.ma","potentialAction":[{"@type":"SearchAction","target":{"@type":"EntryPoint","urlTemplate":"https:\/\/paracherkaoui.ma\/?s={search_term_string}"},"query-input":{"@type":"PropertyValueSpecification","valueRequired":true,"valueName":"search_term_string"}}],"inLanguage":"fr-FR"}]}},"_links":{"self":[{"href":"https:\/\/paracherkaoui.ma\/index.php\/wp-json\/wp\/v2\/product\/51762","targetHints":{"allow":["GET"]}}],"collection":[{"href":"https:\/\/paracherkaoui.ma\/index.php\/wp-json\/wp\/v2\/product"}],"about":[{"href":"https:\/\/paracherkaoui.ma\/index.php\/wp-json\/wp\/v2\/types\/product"}],"replies":[{"embeddable":true,"href":"https:\/\/paracherkaoui.ma\/index.php\/wp-json\/wp\/v2\/comments?post=51762"}],"version-history":[{"count":1,"href":"https:\/\/paracherkaoui.ma\/index.php\/wp-json\/wp\/v2\/product\/51762\/revisions"}],"predecessor-version":[{"id":51815,"href":"https:\/\/paracherkaoui.ma\/index.php\/wp-json\/wp\/v2\/product\/51762\/revisions\/51815"}],"wp:featuredmedia":[{"embeddable":true,"href":"https:\/\/paracherkaoui.ma\/index.php\/wp-json\/wp\/v2\/media\/51814"}],"wp:attachment":[{"href":"https:\/\/paracherkaoui.ma\/index.php\/wp-json\/wp\/v2\/media?parent=51762"}],"wp:term":[{"taxonomy":"product_brand","embeddable":true,"href":"https:\/\/paracherkaoui.ma\/index.php\/wp-json\/wp\/v2\/product_brand?post=51762"},{"taxonomy":"product_cat","embeddable":true,"href":"https:\/\/paracherkaoui.ma\/index.php\/wp-json\/wp\/v2\/product_cat?post=51762"},{"taxonomy":"product_tag","embeddable":true,"href":"https:\/\/paracherkaoui.ma\/index.php\/wp-json\/wp\/v2\/product_tag?post=51762"}],"curies":[{"name":"wp","href":"https:\/\/api.w.org\/{rel}","templated":true}]}}