{"id":51742,"date":"2025-12-12T19:34:36","date_gmt":"2025-12-12T18:34:36","guid":{"rendered":"https:\/\/test.ecbeaute.com\/?post_type=product&#038;p=51742"},"modified":"2025-12-12T19:34:38","modified_gmt":"2025-12-12T18:34:38","slug":"aromessence-relaxe-synergie-de-huiles-essentielles-naturelles-10ml-roll-on","status":"publish","type":"product","link":"https:\/\/paracherkaoui.ma\/index.php\/produit\/aromessence-relaxe-synergie-de-huiles-essentielles-naturelles-10ml-roll-on\/","title":{"rendered":"AROMESSENCE RELAXE SYNERGIE DE HUILES ESSENTIELLES NATURELLES 10ML ROLL ON"},"content":{"rendered":"<p>Ce roll-on de 10 ml, pratique et facile \u00e0 transporter, devient votre alli\u00e9 bien-\u00eatre du quotidien, o\u00f9 que vous soyez.<br \/>\nGr\u00e2ce \u00e0 son format nomade et son applicateur roll-on pr\u00e9cis, il suffit de quelques gestes pour que la magie op\u00e8re. Appliqu\u00e9 sur les poignets ou le plexus solaire, RELAXE lib\u00e8re une synergie aromatique qui stimule la production d\u2019endorphines, favorise le l\u00e2cher prise et att\u00e9nue les tensions li\u00e9es au stress ou \u00e0 l\u2019\u00e9motivit\u00e9.<br \/>\nFormul\u00e9 \u00e0 base d\u2019ingr\u00e9dients 100 % naturels, sans additifs chimiques, ce soin convient parfaitement \u00e0 tous ceux qui souhaitent int\u00e9grer des gestes de relaxation simples dans leur routine quotidienne. Il est id\u00e9al lors de situations stressantes, avant une r\u00e9union, pour mieux dormir ou tout simplement pour retrouver une sensation de calme et d\u2019harmonie int\u00e9rieure.<br \/>\nConseils d\u2019utilisation :<br \/>\nAppliquer sur les poignets et\/ou le plexus solaire.<br \/>\nMasser l\u00e9g\u00e8rement pour faire p\u00e9n\u00e9trer.<br \/>\n\u00c0 utiliser 3 \u00e0 5 fois par jour selon les besoins.<br \/>\n\u00c9viter le contact avec les yeux \u2013 en cas de contact, rincer avec une huile v\u00e9g\u00e9tale.<br \/>\nTest cutan\u00e9 conseill\u00e9 avant utilisation (pli du coude).<br \/>\nNe pas utiliser chez les enfants de moins de 6 ans<br \/>\nComposition :<br \/>\nARGANIA SPINOSA KERNEL OIL \u2013 OLEA EUROPAEA FRUIT OIL \u2013 LAVANDULA ANGUSTIFOLIA OIL \u2013 PELARGONIUM GRAVEOLENS FLOWER OIL \u2013 CUPRESSUS SEMPERVIRENS OIL \u2013 FOENICULUM VULGARE OIL \u2013 LIMONENE \u2013 ESTERS \u2013 GERANYLE \u2013 ACETATE DE BENZYLE.<\/p>\n","protected":false},"excerpt":{"rendered":"<p>Ce roll-on de 10 ml, pratique et facile \u00e0 transporter, devient votre alli\u00e9 bien-\u00eatre du quotidien, o\u00f9 que vous soyez.<\/p>\n","protected":false},"featured_media":51775,"comment_status":"open","ping_status":"closed","template":"","meta":[],"product_brand":[588],"product_cat":[964],"product_tag":[],"class_list":{"0":"post-51742","1":"product","2":"type-product","3":"status-publish","4":"has-post-thumbnail","6":"product_brand-aromessence","7":"product_cat-aromatherapie","9":"first","10":"instock","11":"shipping-taxable","12":"purchasable","13":"product-type-simple"},"yoast_head":"<!-- This site is optimized with the Yoast SEO plugin v26.6 - https:\/\/yoast.com\/wordpress\/plugins\/seo\/ -->\r\n<title>AROMESSENCE RELAXE SYNERGIE DE HUILES ESSENTIELLES NATURELLES 10ML ROLL ON - Paracherkaoui.ma<\/title>\r\n<meta name=\"robots\" content=\"index, follow, max-snippet:-1, max-image-preview:large, max-video-preview:-1\" \/>\r\n<link rel=\"canonical\" href=\"https:\/\/paracherkaoui.ma\/index.php\/produit\/aromessence-relaxe-synergie-de-huiles-essentielles-naturelles-10ml-roll-on\/\" \/>\r\n<meta property=\"og:locale\" content=\"fr_FR\" \/>\r\n<meta property=\"og:type\" content=\"article\" \/>\r\n<meta property=\"og:title\" content=\"AROMESSENCE RELAXE SYNERGIE DE HUILES ESSENTIELLES NATURELLES 10ML ROLL ON - Paracherkaoui.ma\" \/>\r\n<meta property=\"og:description\" content=\"Ce roll-on de 10 ml, pratique et facile \u00e0 transporter, devient votre alli\u00e9 bien-\u00eatre du quotidien, o\u00f9 que vous soyez.\" \/>\r\n<meta property=\"og:url\" content=\"https:\/\/paracherkaoui.ma\/index.php\/produit\/aromessence-relaxe-synergie-de-huiles-essentielles-naturelles-10ml-roll-on\/\" \/>\r\n<meta property=\"og:site_name\" content=\"Paracherkaoui.ma\" \/>\r\n<meta property=\"article:modified_time\" content=\"2025-12-12T18:34:38+00:00\" \/>\r\n<meta property=\"og:image\" content=\"https:\/\/paracherkaoui.ma\/wp-content\/uploads\/2025\/12\/aromessence-aromessence-relaxe-synergie-de-huiles-essentielles-naturelles-10ml-roll-on-huiles-essentielles.jpg\" \/>\r\n\t<meta property=\"og:image:width\" content=\"700\" \/>\r\n\t<meta property=\"og:image:height\" content=\"700\" \/>\r\n\t<meta property=\"og:image:type\" content=\"image\/jpeg\" \/>\r\n<meta name=\"twitter:card\" content=\"summary_large_image\" \/>\r\n<meta name=\"twitter:label1\" content=\"Dur\u00e9e de lecture estim\u00e9e\" \/>\n\t<meta name=\"twitter:data1\" content=\"1 minute\" \/>\r\n<script type=\"application\/ld+json\" class=\"yoast-schema-graph\">{\"@context\":\"https:\/\/schema.org\",\"@graph\":[{\"@type\":\"WebPage\",\"@id\":\"https:\/\/paracherkaoui.ma\/index.php\/produit\/aromessence-relaxe-synergie-de-huiles-essentielles-naturelles-10ml-roll-on\/\",\"url\":\"https:\/\/paracherkaoui.ma\/index.php\/produit\/aromessence-relaxe-synergie-de-huiles-essentielles-naturelles-10ml-roll-on\/\",\"name\":\"AROMESSENCE RELAXE SYNERGIE DE HUILES ESSENTIELLES NATURELLES 10ML ROLL ON - Paracherkaoui.ma\",\"isPartOf\":{\"@id\":\"https:\/\/paracherkaoui.ma\/#website\"},\"primaryImageOfPage\":{\"@id\":\"https:\/\/paracherkaoui.ma\/index.php\/produit\/aromessence-relaxe-synergie-de-huiles-essentielles-naturelles-10ml-roll-on\/#primaryimage\"},\"image\":{\"@id\":\"https:\/\/paracherkaoui.ma\/index.php\/produit\/aromessence-relaxe-synergie-de-huiles-essentielles-naturelles-10ml-roll-on\/#primaryimage\"},\"thumbnailUrl\":\"https:\/\/paracherkaoui.ma\/wp-content\/uploads\/2025\/12\/aromessence-aromessence-relaxe-synergie-de-huiles-essentielles-naturelles-10ml-roll-on-huiles-essentielles.jpg\",\"datePublished\":\"2025-12-12T18:34:36+00:00\",\"dateModified\":\"2025-12-12T18:34:38+00:00\",\"breadcrumb\":{\"@id\":\"https:\/\/paracherkaoui.ma\/index.php\/produit\/aromessence-relaxe-synergie-de-huiles-essentielles-naturelles-10ml-roll-on\/#breadcrumb\"},\"inLanguage\":\"fr-FR\",\"potentialAction\":[{\"@type\":\"ReadAction\",\"target\":[\"https:\/\/paracherkaoui.ma\/index.php\/produit\/aromessence-relaxe-synergie-de-huiles-essentielles-naturelles-10ml-roll-on\/\"]}]},{\"@type\":\"ImageObject\",\"inLanguage\":\"fr-FR\",\"@id\":\"https:\/\/paracherkaoui.ma\/index.php\/produit\/aromessence-relaxe-synergie-de-huiles-essentielles-naturelles-10ml-roll-on\/#primaryimage\",\"url\":\"https:\/\/paracherkaoui.ma\/wp-content\/uploads\/2025\/12\/aromessence-aromessence-relaxe-synergie-de-huiles-essentielles-naturelles-10ml-roll-on-huiles-essentielles.jpg\",\"contentUrl\":\"https:\/\/paracherkaoui.ma\/wp-content\/uploads\/2025\/12\/aromessence-aromessence-relaxe-synergie-de-huiles-essentielles-naturelles-10ml-roll-on-huiles-essentielles.jpg\",\"width\":700,\"height\":700},{\"@type\":\"BreadcrumbList\",\"@id\":\"https:\/\/paracherkaoui.ma\/index.php\/produit\/aromessence-relaxe-synergie-de-huiles-essentielles-naturelles-10ml-roll-on\/#breadcrumb\",\"itemListElement\":[{\"@type\":\"ListItem\",\"position\":1,\"name\":\"Accueil\",\"item\":\"https:\/\/paracherkaoui.ma\/\"},{\"@type\":\"ListItem\",\"position\":2,\"name\":\"Boutique\",\"item\":\"https:\/\/paracherkaoui.ma\/index.php\/boutique\/\"},{\"@type\":\"ListItem\",\"position\":3,\"name\":\"AROMESSENCE RELAXE SYNERGIE DE HUILES ESSENTIELLES NATURELLES 10ML ROLL ON\"}]},{\"@type\":\"WebSite\",\"@id\":\"https:\/\/paracherkaoui.ma\/#website\",\"url\":\"https:\/\/paracherkaoui.ma\/\",\"name\":\"Paracherkaoui.ma\",\"description\":\"Achetez en ligne sur Paracherkaoui.ma\",\"potentialAction\":[{\"@type\":\"SearchAction\",\"target\":{\"@type\":\"EntryPoint\",\"urlTemplate\":\"https:\/\/paracherkaoui.ma\/?s={search_term_string}\"},\"query-input\":{\"@type\":\"PropertyValueSpecification\",\"valueRequired\":true,\"valueName\":\"search_term_string\"}}],\"inLanguage\":\"fr-FR\"}]}<\/script>\r\n<!-- \/ Yoast SEO plugin. -->","yoast_head_json":{"title":"AROMESSENCE RELAXE SYNERGIE DE HUILES ESSENTIELLES NATURELLES 10ML ROLL ON - Paracherkaoui.ma","robots":{"index":"index","follow":"follow","max-snippet":"max-snippet:-1","max-image-preview":"max-image-preview:large","max-video-preview":"max-video-preview:-1"},"canonical":"https:\/\/paracherkaoui.ma\/index.php\/produit\/aromessence-relaxe-synergie-de-huiles-essentielles-naturelles-10ml-roll-on\/","og_locale":"fr_FR","og_type":"article","og_title":"AROMESSENCE RELAXE SYNERGIE DE HUILES ESSENTIELLES NATURELLES 10ML ROLL ON - Paracherkaoui.ma","og_description":"Ce roll-on de 10 ml, pratique et facile \u00e0 transporter, devient votre alli\u00e9 bien-\u00eatre du quotidien, o\u00f9 que vous soyez.","og_url":"https:\/\/paracherkaoui.ma\/index.php\/produit\/aromessence-relaxe-synergie-de-huiles-essentielles-naturelles-10ml-roll-on\/","og_site_name":"Paracherkaoui.ma","article_modified_time":"2025-12-12T18:34:38+00:00","og_image":[{"width":700,"height":700,"url":"https:\/\/paracherkaoui.ma\/wp-content\/uploads\/2025\/12\/aromessence-aromessence-relaxe-synergie-de-huiles-essentielles-naturelles-10ml-roll-on-huiles-essentielles.jpg","type":"image\/jpeg"}],"twitter_card":"summary_large_image","twitter_misc":{"Dur\u00e9e de lecture estim\u00e9e":"1 minute"},"schema":{"@context":"https:\/\/schema.org","@graph":[{"@type":"WebPage","@id":"https:\/\/paracherkaoui.ma\/index.php\/produit\/aromessence-relaxe-synergie-de-huiles-essentielles-naturelles-10ml-roll-on\/","url":"https:\/\/paracherkaoui.ma\/index.php\/produit\/aromessence-relaxe-synergie-de-huiles-essentielles-naturelles-10ml-roll-on\/","name":"AROMESSENCE RELAXE SYNERGIE DE HUILES ESSENTIELLES NATURELLES 10ML ROLL ON - Paracherkaoui.ma","isPartOf":{"@id":"https:\/\/paracherkaoui.ma\/#website"},"primaryImageOfPage":{"@id":"https:\/\/paracherkaoui.ma\/index.php\/produit\/aromessence-relaxe-synergie-de-huiles-essentielles-naturelles-10ml-roll-on\/#primaryimage"},"image":{"@id":"https:\/\/paracherkaoui.ma\/index.php\/produit\/aromessence-relaxe-synergie-de-huiles-essentielles-naturelles-10ml-roll-on\/#primaryimage"},"thumbnailUrl":"https:\/\/paracherkaoui.ma\/wp-content\/uploads\/2025\/12\/aromessence-aromessence-relaxe-synergie-de-huiles-essentielles-naturelles-10ml-roll-on-huiles-essentielles.jpg","datePublished":"2025-12-12T18:34:36+00:00","dateModified":"2025-12-12T18:34:38+00:00","breadcrumb":{"@id":"https:\/\/paracherkaoui.ma\/index.php\/produit\/aromessence-relaxe-synergie-de-huiles-essentielles-naturelles-10ml-roll-on\/#breadcrumb"},"inLanguage":"fr-FR","potentialAction":[{"@type":"ReadAction","target":["https:\/\/paracherkaoui.ma\/index.php\/produit\/aromessence-relaxe-synergie-de-huiles-essentielles-naturelles-10ml-roll-on\/"]}]},{"@type":"ImageObject","inLanguage":"fr-FR","@id":"https:\/\/paracherkaoui.ma\/index.php\/produit\/aromessence-relaxe-synergie-de-huiles-essentielles-naturelles-10ml-roll-on\/#primaryimage","url":"https:\/\/paracherkaoui.ma\/wp-content\/uploads\/2025\/12\/aromessence-aromessence-relaxe-synergie-de-huiles-essentielles-naturelles-10ml-roll-on-huiles-essentielles.jpg","contentUrl":"https:\/\/paracherkaoui.ma\/wp-content\/uploads\/2025\/12\/aromessence-aromessence-relaxe-synergie-de-huiles-essentielles-naturelles-10ml-roll-on-huiles-essentielles.jpg","width":700,"height":700},{"@type":"BreadcrumbList","@id":"https:\/\/paracherkaoui.ma\/index.php\/produit\/aromessence-relaxe-synergie-de-huiles-essentielles-naturelles-10ml-roll-on\/#breadcrumb","itemListElement":[{"@type":"ListItem","position":1,"name":"Accueil","item":"https:\/\/paracherkaoui.ma\/"},{"@type":"ListItem","position":2,"name":"Boutique","item":"https:\/\/paracherkaoui.ma\/index.php\/boutique\/"},{"@type":"ListItem","position":3,"name":"AROMESSENCE RELAXE SYNERGIE DE HUILES ESSENTIELLES NATURELLES 10ML ROLL ON"}]},{"@type":"WebSite","@id":"https:\/\/paracherkaoui.ma\/#website","url":"https:\/\/paracherkaoui.ma\/","name":"Paracherkaoui.ma","description":"Achetez en ligne sur Paracherkaoui.ma","potentialAction":[{"@type":"SearchAction","target":{"@type":"EntryPoint","urlTemplate":"https:\/\/paracherkaoui.ma\/?s={search_term_string}"},"query-input":{"@type":"PropertyValueSpecification","valueRequired":true,"valueName":"search_term_string"}}],"inLanguage":"fr-FR"}]}},"_links":{"self":[{"href":"https:\/\/paracherkaoui.ma\/index.php\/wp-json\/wp\/v2\/product\/51742","targetHints":{"allow":["GET"]}}],"collection":[{"href":"https:\/\/paracherkaoui.ma\/index.php\/wp-json\/wp\/v2\/product"}],"about":[{"href":"https:\/\/paracherkaoui.ma\/index.php\/wp-json\/wp\/v2\/types\/product"}],"replies":[{"embeddable":true,"href":"https:\/\/paracherkaoui.ma\/index.php\/wp-json\/wp\/v2\/comments?post=51742"}],"version-history":[{"count":1,"href":"https:\/\/paracherkaoui.ma\/index.php\/wp-json\/wp\/v2\/product\/51742\/revisions"}],"predecessor-version":[{"id":51776,"href":"https:\/\/paracherkaoui.ma\/index.php\/wp-json\/wp\/v2\/product\/51742\/revisions\/51776"}],"wp:featuredmedia":[{"embeddable":true,"href":"https:\/\/paracherkaoui.ma\/index.php\/wp-json\/wp\/v2\/media\/51775"}],"wp:attachment":[{"href":"https:\/\/paracherkaoui.ma\/index.php\/wp-json\/wp\/v2\/media?parent=51742"}],"wp:term":[{"taxonomy":"product_brand","embeddable":true,"href":"https:\/\/paracherkaoui.ma\/index.php\/wp-json\/wp\/v2\/product_brand?post=51742"},{"taxonomy":"product_cat","embeddable":true,"href":"https:\/\/paracherkaoui.ma\/index.php\/wp-json\/wp\/v2\/product_cat?post=51742"},{"taxonomy":"product_tag","embeddable":true,"href":"https:\/\/paracherkaoui.ma\/index.php\/wp-json\/wp\/v2\/product_tag?post=51742"}],"curies":[{"name":"wp","href":"https:\/\/api.w.org\/{rel}","templated":true}]}}