{"id":51738,"date":"2025-12-12T19:34:36","date_gmt":"2025-12-12T18:34:36","guid":{"rendered":"https:\/\/test.ecbeaute.com\/?post_type=product&#038;p=51738"},"modified":"2025-12-12T19:34:37","modified_gmt":"2025-12-12T18:34:37","slug":"puressentiel-huile-essentielle-niaouli-bio-10-ml","status":"publish","type":"product","link":"https:\/\/paracherkaoui.ma\/index.php\/produit\/puressentiel-huile-essentielle-niaouli-bio-10-ml\/","title":{"rendered":"PURESSENTIEL HUILE ESSENTIELLE NIAOULI BIO 10 ML"},"content":{"rendered":"<p>L&rsquo;\u00e9corce molle et claire de cet arbre proche de l&rsquo;eucalyptus, originaire de Nouvelle-Cal\u00e9donie et d&rsquo;Australie, s&rsquo;arrache ais\u00e9ment, comme du papier, d&rsquo;o\u00f9 son surnom d&rsquo;arbre \u00ab\u00a0\u00e0 peau\u00a0\u00bb. L&rsquo;arbre est exploit\u00e9 en Nouvelle-Cal\u00e9donie et surtout \u00e0 Madagascar.<\/p>\n<p>La petite histoire : Depuis toujours, les kanaks enveloppent les nouveau-n\u00e9s dans de l&rsquo;\u00e9corce de niaouli pour les prot\u00e9ger et leur donner de la force. Aujourd&rsquo;hui, en Nouvelle-Cal\u00e9donie, elle est encore utilis\u00e9e en d\u00e9coction pour traiter les douleurs rhumatismales, les courbatures et les coups de froids.<br \/>\nL&rsquo;Huile essentielle bio Niaouli Puressentiel appartient \u00e0 la grande famille des myrtac\u00e9es, c\u2019est-\u00e0-dire des eucalyptus. Une fa\u00e7on tr\u00e8s odorante et exotique de d\u00e9gager les bronches et de traiter l\u2019herp\u00e8s\u2026 Propri\u00e9t\u00e9s majeures : Antibact\u00e9rienne, antivirale et antimycosique. Facilite la toux et l\u2019expectoration. Stimule l\u2019immunit\u00e9. Antiherp\u00e8s. Prot\u00e8ge la peau des radiations. Antid\u00e9mangeaisons.<br \/>\nPolyvalente, l&rsquo;huile essentielle de niaouli, proche de celle d&rsquo;eucalyptus radi\u00e9 (mais moins forte), stimule les d\u00e9fenses immunitaires, soigne sinusites et rhinites. Cicatrisante, elle prot\u00e8ge et restaure la peau (y compris en cas de radioth\u00e9rapie), et est antiseptique, antivirale et antimycosique.<br \/>\nUtilisation<br \/>\nApplication cutan\u00e9e : Pure sur une petite surface, dilu\u00e9e dans de l\u2019huile v\u00e9g\u00e9tale en cas d\u2019applications r\u00e9p\u00e9t\u00e9es ou sur une grande surface ou si la peau est sensible car il existe des risques possibles d\u2019irritation cutan\u00e9e \u00e0 l\u2019\u00e9tat pur.<br \/>\nDispersion \/ inhalation : Oui<br \/>\nVoie orale :\u00a0Prendre au maximum 2 gouttes 3 fois par jour sur un comprim\u00e9 neutre Puressentiel (ou 1 cuill\u00e8re \u00e0 caf\u00e9 de miel, d&rsquo;huile d&rsquo;olive ou 1\/4 de sucre).<br \/>\nRhume et nez bouch\u00e9 : faire un inhalation avec 3 \u00e0 5 gouttes d&rsquo;huile essentielle de niaouli dans un bol d&rsquo;eau chaude.<\/p>\n<p>Br\u00fblure : m\u00e9langer l&rsquo;huile essentielle de niaouli \u00e0 la m\u00eame dose d&rsquo;huile v\u00e9g\u00e9tale de rose musqu\u00e9e, et appliquer en massage sur la zone \u00e0 traiter, 3 ou 4 fois par jour, jusqu&rsquo;\u00e0 gu\u00e9rison.<\/p>\n<p>Courbature : m\u00e9langer 8 \u00e0 10 gouttes d&rsquo;huile essentielle de niaouli dans une cuiller\u00e9e \u00e0 soupe d&rsquo;huile v\u00e9g\u00e9tale et masser les zones douloureuses apr\u00e8s l&rsquo;effort.<\/p>\n<p>Otite : appliquer 2 gouttes d&rsquo;huile essentielle de niaouli autour du lobe de l&rsquo;oreille (jamais dans le conduit auditif), 4 ou 5 fois par jour (pour les plus de 3 ans).<\/p>\n<p>Les doses prescrites doivent \u00eatre scrupuleusement respect\u00e9es. Ne pas utiliser chez la femme enceinte ou allaitante, chez l&rsquo;enfant avant 3 ans, chez les personne allergiques \u00e0 l&rsquo;un des composants (limon\u00e8ne, linalol), chez les asthmatiques sans l&rsquo;avis d&rsquo;un allergologue, chez le sujet \u00e9pileptique.<\/p>\n","protected":false},"excerpt":{"rendered":"<p>L&rsquo;\u00e9corce molle et claire de cet arbre proche de l&rsquo;eucalyptus, originaire de Nouvelle-Cal\u00e9donie et d&rsquo;Australie, s&rsquo;arrache ais\u00e9ment, comme du papier,<\/p>\n","protected":false},"featured_media":51768,"comment_status":"open","ping_status":"closed","template":"","meta":[],"product_brand":[204],"product_cat":[964],"product_tag":[],"class_list":{"0":"post-51738","1":"product","2":"type-product","3":"status-publish","4":"has-post-thumbnail","6":"product_brand-puressentiel","7":"product_cat-aromatherapie","9":"first","10":"instock","11":"sale","12":"shipping-taxable","13":"purchasable","14":"product-type-simple"},"yoast_head":"<!-- This site is optimized with the Yoast SEO plugin v26.6 - https:\/\/yoast.com\/wordpress\/plugins\/seo\/ -->\r\n<title>PURESSENTIEL HUILE ESSENTIELLE NIAOULI BIO 10 ML - Paracherkaoui.ma<\/title>\r\n<meta name=\"robots\" content=\"index, follow, max-snippet:-1, max-image-preview:large, max-video-preview:-1\" \/>\r\n<link rel=\"canonical\" href=\"https:\/\/paracherkaoui.ma\/index.php\/produit\/puressentiel-huile-essentielle-niaouli-bio-10-ml\/\" \/>\r\n<meta property=\"og:locale\" content=\"fr_FR\" \/>\r\n<meta property=\"og:type\" content=\"article\" \/>\r\n<meta property=\"og:title\" content=\"PURESSENTIEL HUILE ESSENTIELLE NIAOULI BIO 10 ML - Paracherkaoui.ma\" \/>\r\n<meta property=\"og:description\" content=\"L&rsquo;\u00e9corce molle et claire de cet arbre proche de l&rsquo;eucalyptus, originaire de Nouvelle-Cal\u00e9donie et d&rsquo;Australie, s&rsquo;arrache ais\u00e9ment, comme du papier,\" \/>\r\n<meta property=\"og:url\" content=\"https:\/\/paracherkaoui.ma\/index.php\/produit\/puressentiel-huile-essentielle-niaouli-bio-10-ml\/\" \/>\r\n<meta property=\"og:site_name\" content=\"Paracherkaoui.ma\" \/>\r\n<meta property=\"article:modified_time\" content=\"2025-12-12T18:34:37+00:00\" \/>\r\n<meta property=\"og:image\" content=\"https:\/\/paracherkaoui.ma\/wp-content\/uploads\/2025\/12\/puressentiel-puressentiel-huile-essentielle-niaouli-bio-10-ml-huiles-essentielles.jpg\" \/>\r\n\t<meta property=\"og:image:width\" content=\"700\" \/>\r\n\t<meta property=\"og:image:height\" content=\"700\" \/>\r\n\t<meta property=\"og:image:type\" content=\"image\/jpeg\" \/>\r\n<meta name=\"twitter:card\" content=\"summary_large_image\" \/>\r\n<meta name=\"twitter:label1\" content=\"Dur\u00e9e de lecture estim\u00e9e\" \/>\n\t<meta name=\"twitter:data1\" content=\"2 minutes\" \/>\r\n<script type=\"application\/ld+json\" class=\"yoast-schema-graph\">{\"@context\":\"https:\/\/schema.org\",\"@graph\":[{\"@type\":\"WebPage\",\"@id\":\"https:\/\/paracherkaoui.ma\/index.php\/produit\/puressentiel-huile-essentielle-niaouli-bio-10-ml\/\",\"url\":\"https:\/\/paracherkaoui.ma\/index.php\/produit\/puressentiel-huile-essentielle-niaouli-bio-10-ml\/\",\"name\":\"PURESSENTIEL HUILE ESSENTIELLE NIAOULI BIO 10 ML - Paracherkaoui.ma\",\"isPartOf\":{\"@id\":\"https:\/\/paracherkaoui.ma\/#website\"},\"primaryImageOfPage\":{\"@id\":\"https:\/\/paracherkaoui.ma\/index.php\/produit\/puressentiel-huile-essentielle-niaouli-bio-10-ml\/#primaryimage\"},\"image\":{\"@id\":\"https:\/\/paracherkaoui.ma\/index.php\/produit\/puressentiel-huile-essentielle-niaouli-bio-10-ml\/#primaryimage\"},\"thumbnailUrl\":\"https:\/\/paracherkaoui.ma\/wp-content\/uploads\/2025\/12\/puressentiel-puressentiel-huile-essentielle-niaouli-bio-10-ml-huiles-essentielles.jpg\",\"datePublished\":\"2025-12-12T18:34:36+00:00\",\"dateModified\":\"2025-12-12T18:34:37+00:00\",\"breadcrumb\":{\"@id\":\"https:\/\/paracherkaoui.ma\/index.php\/produit\/puressentiel-huile-essentielle-niaouli-bio-10-ml\/#breadcrumb\"},\"inLanguage\":\"fr-FR\",\"potentialAction\":[{\"@type\":\"ReadAction\",\"target\":[\"https:\/\/paracherkaoui.ma\/index.php\/produit\/puressentiel-huile-essentielle-niaouli-bio-10-ml\/\"]}]},{\"@type\":\"ImageObject\",\"inLanguage\":\"fr-FR\",\"@id\":\"https:\/\/paracherkaoui.ma\/index.php\/produit\/puressentiel-huile-essentielle-niaouli-bio-10-ml\/#primaryimage\",\"url\":\"https:\/\/paracherkaoui.ma\/wp-content\/uploads\/2025\/12\/puressentiel-puressentiel-huile-essentielle-niaouli-bio-10-ml-huiles-essentielles.jpg\",\"contentUrl\":\"https:\/\/paracherkaoui.ma\/wp-content\/uploads\/2025\/12\/puressentiel-puressentiel-huile-essentielle-niaouli-bio-10-ml-huiles-essentielles.jpg\",\"width\":700,\"height\":700},{\"@type\":\"BreadcrumbList\",\"@id\":\"https:\/\/paracherkaoui.ma\/index.php\/produit\/puressentiel-huile-essentielle-niaouli-bio-10-ml\/#breadcrumb\",\"itemListElement\":[{\"@type\":\"ListItem\",\"position\":1,\"name\":\"Accueil\",\"item\":\"https:\/\/paracherkaoui.ma\/\"},{\"@type\":\"ListItem\",\"position\":2,\"name\":\"Boutique\",\"item\":\"https:\/\/paracherkaoui.ma\/index.php\/boutique\/\"},{\"@type\":\"ListItem\",\"position\":3,\"name\":\"PURESSENTIEL HUILE ESSENTIELLE NIAOULI BIO 10 ML\"}]},{\"@type\":\"WebSite\",\"@id\":\"https:\/\/paracherkaoui.ma\/#website\",\"url\":\"https:\/\/paracherkaoui.ma\/\",\"name\":\"Paracherkaoui.ma\",\"description\":\"Achetez en ligne sur Paracherkaoui.ma\",\"potentialAction\":[{\"@type\":\"SearchAction\",\"target\":{\"@type\":\"EntryPoint\",\"urlTemplate\":\"https:\/\/paracherkaoui.ma\/?s={search_term_string}\"},\"query-input\":{\"@type\":\"PropertyValueSpecification\",\"valueRequired\":true,\"valueName\":\"search_term_string\"}}],\"inLanguage\":\"fr-FR\"}]}<\/script>\r\n<!-- \/ Yoast SEO plugin. -->","yoast_head_json":{"title":"PURESSENTIEL HUILE ESSENTIELLE NIAOULI BIO 10 ML - Paracherkaoui.ma","robots":{"index":"index","follow":"follow","max-snippet":"max-snippet:-1","max-image-preview":"max-image-preview:large","max-video-preview":"max-video-preview:-1"},"canonical":"https:\/\/paracherkaoui.ma\/index.php\/produit\/puressentiel-huile-essentielle-niaouli-bio-10-ml\/","og_locale":"fr_FR","og_type":"article","og_title":"PURESSENTIEL HUILE ESSENTIELLE NIAOULI BIO 10 ML - Paracherkaoui.ma","og_description":"L&rsquo;\u00e9corce molle et claire de cet arbre proche de l&rsquo;eucalyptus, originaire de Nouvelle-Cal\u00e9donie et d&rsquo;Australie, s&rsquo;arrache ais\u00e9ment, comme du papier,","og_url":"https:\/\/paracherkaoui.ma\/index.php\/produit\/puressentiel-huile-essentielle-niaouli-bio-10-ml\/","og_site_name":"Paracherkaoui.ma","article_modified_time":"2025-12-12T18:34:37+00:00","og_image":[{"width":700,"height":700,"url":"https:\/\/paracherkaoui.ma\/wp-content\/uploads\/2025\/12\/puressentiel-puressentiel-huile-essentielle-niaouli-bio-10-ml-huiles-essentielles.jpg","type":"image\/jpeg"}],"twitter_card":"summary_large_image","twitter_misc":{"Dur\u00e9e de lecture estim\u00e9e":"2 minutes"},"schema":{"@context":"https:\/\/schema.org","@graph":[{"@type":"WebPage","@id":"https:\/\/paracherkaoui.ma\/index.php\/produit\/puressentiel-huile-essentielle-niaouli-bio-10-ml\/","url":"https:\/\/paracherkaoui.ma\/index.php\/produit\/puressentiel-huile-essentielle-niaouli-bio-10-ml\/","name":"PURESSENTIEL HUILE ESSENTIELLE NIAOULI BIO 10 ML - Paracherkaoui.ma","isPartOf":{"@id":"https:\/\/paracherkaoui.ma\/#website"},"primaryImageOfPage":{"@id":"https:\/\/paracherkaoui.ma\/index.php\/produit\/puressentiel-huile-essentielle-niaouli-bio-10-ml\/#primaryimage"},"image":{"@id":"https:\/\/paracherkaoui.ma\/index.php\/produit\/puressentiel-huile-essentielle-niaouli-bio-10-ml\/#primaryimage"},"thumbnailUrl":"https:\/\/paracherkaoui.ma\/wp-content\/uploads\/2025\/12\/puressentiel-puressentiel-huile-essentielle-niaouli-bio-10-ml-huiles-essentielles.jpg","datePublished":"2025-12-12T18:34:36+00:00","dateModified":"2025-12-12T18:34:37+00:00","breadcrumb":{"@id":"https:\/\/paracherkaoui.ma\/index.php\/produit\/puressentiel-huile-essentielle-niaouli-bio-10-ml\/#breadcrumb"},"inLanguage":"fr-FR","potentialAction":[{"@type":"ReadAction","target":["https:\/\/paracherkaoui.ma\/index.php\/produit\/puressentiel-huile-essentielle-niaouli-bio-10-ml\/"]}]},{"@type":"ImageObject","inLanguage":"fr-FR","@id":"https:\/\/paracherkaoui.ma\/index.php\/produit\/puressentiel-huile-essentielle-niaouli-bio-10-ml\/#primaryimage","url":"https:\/\/paracherkaoui.ma\/wp-content\/uploads\/2025\/12\/puressentiel-puressentiel-huile-essentielle-niaouli-bio-10-ml-huiles-essentielles.jpg","contentUrl":"https:\/\/paracherkaoui.ma\/wp-content\/uploads\/2025\/12\/puressentiel-puressentiel-huile-essentielle-niaouli-bio-10-ml-huiles-essentielles.jpg","width":700,"height":700},{"@type":"BreadcrumbList","@id":"https:\/\/paracherkaoui.ma\/index.php\/produit\/puressentiel-huile-essentielle-niaouli-bio-10-ml\/#breadcrumb","itemListElement":[{"@type":"ListItem","position":1,"name":"Accueil","item":"https:\/\/paracherkaoui.ma\/"},{"@type":"ListItem","position":2,"name":"Boutique","item":"https:\/\/paracherkaoui.ma\/index.php\/boutique\/"},{"@type":"ListItem","position":3,"name":"PURESSENTIEL HUILE ESSENTIELLE NIAOULI BIO 10 ML"}]},{"@type":"WebSite","@id":"https:\/\/paracherkaoui.ma\/#website","url":"https:\/\/paracherkaoui.ma\/","name":"Paracherkaoui.ma","description":"Achetez en ligne sur Paracherkaoui.ma","potentialAction":[{"@type":"SearchAction","target":{"@type":"EntryPoint","urlTemplate":"https:\/\/paracherkaoui.ma\/?s={search_term_string}"},"query-input":{"@type":"PropertyValueSpecification","valueRequired":true,"valueName":"search_term_string"}}],"inLanguage":"fr-FR"}]}},"_links":{"self":[{"href":"https:\/\/paracherkaoui.ma\/index.php\/wp-json\/wp\/v2\/product\/51738","targetHints":{"allow":["GET"]}}],"collection":[{"href":"https:\/\/paracherkaoui.ma\/index.php\/wp-json\/wp\/v2\/product"}],"about":[{"href":"https:\/\/paracherkaoui.ma\/index.php\/wp-json\/wp\/v2\/types\/product"}],"replies":[{"embeddable":true,"href":"https:\/\/paracherkaoui.ma\/index.php\/wp-json\/wp\/v2\/comments?post=51738"}],"version-history":[{"count":1,"href":"https:\/\/paracherkaoui.ma\/index.php\/wp-json\/wp\/v2\/product\/51738\/revisions"}],"predecessor-version":[{"id":51769,"href":"https:\/\/paracherkaoui.ma\/index.php\/wp-json\/wp\/v2\/product\/51738\/revisions\/51769"}],"wp:featuredmedia":[{"embeddable":true,"href":"https:\/\/paracherkaoui.ma\/index.php\/wp-json\/wp\/v2\/media\/51768"}],"wp:attachment":[{"href":"https:\/\/paracherkaoui.ma\/index.php\/wp-json\/wp\/v2\/media?parent=51738"}],"wp:term":[{"taxonomy":"product_brand","embeddable":true,"href":"https:\/\/paracherkaoui.ma\/index.php\/wp-json\/wp\/v2\/product_brand?post=51738"},{"taxonomy":"product_cat","embeddable":true,"href":"https:\/\/paracherkaoui.ma\/index.php\/wp-json\/wp\/v2\/product_cat?post=51738"},{"taxonomy":"product_tag","embeddable":true,"href":"https:\/\/paracherkaoui.ma\/index.php\/wp-json\/wp\/v2\/product_tag?post=51738"}],"curies":[{"name":"wp","href":"https:\/\/api.w.org\/{rel}","templated":true}]}}