{"id":51683,"date":"2025-12-12T19:34:30","date_gmt":"2025-12-12T18:34:30","guid":{"rendered":"https:\/\/test.ecbeaute.com\/?post_type=product&#038;p=51683"},"modified":"2025-12-12T19:34:34","modified_gmt":"2025-12-12T18:34:34","slug":"puressentiel-huile-essentielle-ciste-ladanifere-bio-5ml","status":"publish","type":"product","link":"https:\/\/paracherkaoui.ma\/index.php\/produit\/puressentiel-huile-essentielle-ciste-ladanifere-bio-5ml\/","title":{"rendered":"PURESSENTIEL HUILE ESSENTIELLE CISTE LADANIFERE BIO 5ML"},"content":{"rendered":"<p>DESCRIPTION :<br \/>\nL&rsquo;odeur puissante de l&rsquo;huile essentielle de Ciste Ladanif\u00e8re est utilis\u00e9e en parfumerie pour cr\u00e9er des parfums de la famille des chypr\u00e9s ou des ambr\u00e9s.<br \/>\nArbuste du bassin m\u00e9diterran\u00e9en, en particulier de l&rsquo;Espagne, il pousse sur des terres pauvres.<br \/>\nCette huile essentielle est HEBBD (Huile Essentielle Botaniquement et Biochimiquement D\u00e9finie).<br \/>\nTenir hors de port\u00e9e des enfants. Ne pas utiliser l&rsquo;huile essentielle de ciste pure. Par mesure de pr\u00e9caution, ne pas utiliser chez les enfants de moins de 7 ans, les femmes enceintes ou allaitant.<br \/>\nConserver l&rsquo;huile essentielle de ciste \u00e0 l&rsquo;abri de la lumi\u00e8re, de l&rsquo;air et de la chaleur. Usage Externe. Ce produit est un cosm\u00e9tique \u00e0 usage externe. Voir notice pour plus d&rsquo;informations sur les pr\u00e9cautions d&#8217;emploi de cette r\u00e9f\u00e9rence.<br \/>\nCONSEILS D&rsquo;UTILISATION :<br \/>\nL&rsquo;huile essentielle de Ciste est \u00e0 utiliser en bain, dilu\u00e9e dans la base neutre pour bain et douche Puressentiel, ou en massage, soin du visage, des cheveux et du corps, dilu\u00e9e dans l\u2019huile Puressentiel Beaut\u00e9 &#8211; Massage aux 7 huiles v\u00e9g\u00e9tales.<br \/>\nPour d&rsquo;autres conseils d&rsquo;utilisation, demandez conseil \u00e0 votre pharmacien.<br \/>\n\u00c9quivalence : 1ml -> 32 gouttes.<\/p>\n","protected":false},"excerpt":{"rendered":"<p>DESCRIPTION : L&rsquo;odeur puissante de l&rsquo;huile essentielle de Ciste Ladanif\u00e8re est utilis\u00e9e en parfumerie pour cr\u00e9er des parfums de la<\/p>\n","protected":false},"featured_media":51722,"comment_status":"open","ping_status":"closed","template":"","meta":[],"product_brand":[204],"product_cat":[964],"product_tag":[],"class_list":{"0":"post-51683","1":"product","2":"type-product","3":"status-publish","4":"has-post-thumbnail","6":"product_brand-puressentiel","7":"product_cat-aromatherapie","9":"first","10":"instock","11":"sale","12":"shipping-taxable","13":"purchasable","14":"product-type-simple"},"yoast_head":"<!-- This site is optimized with the Yoast SEO plugin v26.6 - https:\/\/yoast.com\/wordpress\/plugins\/seo\/ -->\r\n<title>PURESSENTIEL HUILE ESSENTIELLE CISTE LADANIFERE BIO 5ML - Paracherkaoui.ma<\/title>\r\n<meta name=\"robots\" content=\"index, follow, max-snippet:-1, max-image-preview:large, max-video-preview:-1\" \/>\r\n<link rel=\"canonical\" href=\"https:\/\/paracherkaoui.ma\/index.php\/produit\/puressentiel-huile-essentielle-ciste-ladanifere-bio-5ml\/\" \/>\r\n<meta property=\"og:locale\" content=\"fr_FR\" \/>\r\n<meta property=\"og:type\" content=\"article\" \/>\r\n<meta property=\"og:title\" content=\"PURESSENTIEL HUILE ESSENTIELLE CISTE LADANIFERE BIO 5ML - Paracherkaoui.ma\" \/>\r\n<meta property=\"og:description\" content=\"DESCRIPTION : L&rsquo;odeur puissante de l&rsquo;huile essentielle de Ciste Ladanif\u00e8re est utilis\u00e9e en parfumerie pour cr\u00e9er des parfums de la\" \/>\r\n<meta property=\"og:url\" content=\"https:\/\/paracherkaoui.ma\/index.php\/produit\/puressentiel-huile-essentielle-ciste-ladanifere-bio-5ml\/\" \/>\r\n<meta property=\"og:site_name\" content=\"Paracherkaoui.ma\" \/>\r\n<meta property=\"article:modified_time\" content=\"2025-12-12T18:34:34+00:00\" \/>\r\n<meta property=\"og:image\" content=\"https:\/\/paracherkaoui.ma\/wp-content\/uploads\/2025\/12\/puressentiel-puressentiel-huile-essentielle-ciste-ladanifere-bio-5ml-huiles-essentielles.jpg\" \/>\r\n\t<meta property=\"og:image:width\" content=\"700\" \/>\r\n\t<meta property=\"og:image:height\" content=\"700\" \/>\r\n\t<meta property=\"og:image:type\" content=\"image\/jpeg\" \/>\r\n<meta name=\"twitter:card\" content=\"summary_large_image\" \/>\r\n<meta name=\"twitter:label1\" content=\"Dur\u00e9e de lecture estim\u00e9e\" \/>\n\t<meta name=\"twitter:data1\" content=\"1 minute\" \/>\r\n<script type=\"application\/ld+json\" class=\"yoast-schema-graph\">{\"@context\":\"https:\/\/schema.org\",\"@graph\":[{\"@type\":\"WebPage\",\"@id\":\"https:\/\/paracherkaoui.ma\/index.php\/produit\/puressentiel-huile-essentielle-ciste-ladanifere-bio-5ml\/\",\"url\":\"https:\/\/paracherkaoui.ma\/index.php\/produit\/puressentiel-huile-essentielle-ciste-ladanifere-bio-5ml\/\",\"name\":\"PURESSENTIEL HUILE ESSENTIELLE CISTE LADANIFERE BIO 5ML - Paracherkaoui.ma\",\"isPartOf\":{\"@id\":\"https:\/\/paracherkaoui.ma\/#website\"},\"primaryImageOfPage\":{\"@id\":\"https:\/\/paracherkaoui.ma\/index.php\/produit\/puressentiel-huile-essentielle-ciste-ladanifere-bio-5ml\/#primaryimage\"},\"image\":{\"@id\":\"https:\/\/paracherkaoui.ma\/index.php\/produit\/puressentiel-huile-essentielle-ciste-ladanifere-bio-5ml\/#primaryimage\"},\"thumbnailUrl\":\"https:\/\/paracherkaoui.ma\/wp-content\/uploads\/2025\/12\/puressentiel-puressentiel-huile-essentielle-ciste-ladanifere-bio-5ml-huiles-essentielles.jpg\",\"datePublished\":\"2025-12-12T18:34:30+00:00\",\"dateModified\":\"2025-12-12T18:34:34+00:00\",\"breadcrumb\":{\"@id\":\"https:\/\/paracherkaoui.ma\/index.php\/produit\/puressentiel-huile-essentielle-ciste-ladanifere-bio-5ml\/#breadcrumb\"},\"inLanguage\":\"fr-FR\",\"potentialAction\":[{\"@type\":\"ReadAction\",\"target\":[\"https:\/\/paracherkaoui.ma\/index.php\/produit\/puressentiel-huile-essentielle-ciste-ladanifere-bio-5ml\/\"]}]},{\"@type\":\"ImageObject\",\"inLanguage\":\"fr-FR\",\"@id\":\"https:\/\/paracherkaoui.ma\/index.php\/produit\/puressentiel-huile-essentielle-ciste-ladanifere-bio-5ml\/#primaryimage\",\"url\":\"https:\/\/paracherkaoui.ma\/wp-content\/uploads\/2025\/12\/puressentiel-puressentiel-huile-essentielle-ciste-ladanifere-bio-5ml-huiles-essentielles.jpg\",\"contentUrl\":\"https:\/\/paracherkaoui.ma\/wp-content\/uploads\/2025\/12\/puressentiel-puressentiel-huile-essentielle-ciste-ladanifere-bio-5ml-huiles-essentielles.jpg\",\"width\":700,\"height\":700},{\"@type\":\"BreadcrumbList\",\"@id\":\"https:\/\/paracherkaoui.ma\/index.php\/produit\/puressentiel-huile-essentielle-ciste-ladanifere-bio-5ml\/#breadcrumb\",\"itemListElement\":[{\"@type\":\"ListItem\",\"position\":1,\"name\":\"Accueil\",\"item\":\"https:\/\/paracherkaoui.ma\/\"},{\"@type\":\"ListItem\",\"position\":2,\"name\":\"Boutique\",\"item\":\"https:\/\/paracherkaoui.ma\/index.php\/boutique\/\"},{\"@type\":\"ListItem\",\"position\":3,\"name\":\"PURESSENTIEL HUILE ESSENTIELLE CISTE LADANIFERE BIO 5ML\"}]},{\"@type\":\"WebSite\",\"@id\":\"https:\/\/paracherkaoui.ma\/#website\",\"url\":\"https:\/\/paracherkaoui.ma\/\",\"name\":\"Paracherkaoui.ma\",\"description\":\"Achetez en ligne sur Paracherkaoui.ma\",\"potentialAction\":[{\"@type\":\"SearchAction\",\"target\":{\"@type\":\"EntryPoint\",\"urlTemplate\":\"https:\/\/paracherkaoui.ma\/?s={search_term_string}\"},\"query-input\":{\"@type\":\"PropertyValueSpecification\",\"valueRequired\":true,\"valueName\":\"search_term_string\"}}],\"inLanguage\":\"fr-FR\"}]}<\/script>\r\n<!-- \/ Yoast SEO plugin. -->","yoast_head_json":{"title":"PURESSENTIEL HUILE ESSENTIELLE CISTE LADANIFERE BIO 5ML - Paracherkaoui.ma","robots":{"index":"index","follow":"follow","max-snippet":"max-snippet:-1","max-image-preview":"max-image-preview:large","max-video-preview":"max-video-preview:-1"},"canonical":"https:\/\/paracherkaoui.ma\/index.php\/produit\/puressentiel-huile-essentielle-ciste-ladanifere-bio-5ml\/","og_locale":"fr_FR","og_type":"article","og_title":"PURESSENTIEL HUILE ESSENTIELLE CISTE LADANIFERE BIO 5ML - Paracherkaoui.ma","og_description":"DESCRIPTION : L&rsquo;odeur puissante de l&rsquo;huile essentielle de Ciste Ladanif\u00e8re est utilis\u00e9e en parfumerie pour cr\u00e9er des parfums de la","og_url":"https:\/\/paracherkaoui.ma\/index.php\/produit\/puressentiel-huile-essentielle-ciste-ladanifere-bio-5ml\/","og_site_name":"Paracherkaoui.ma","article_modified_time":"2025-12-12T18:34:34+00:00","og_image":[{"width":700,"height":700,"url":"https:\/\/paracherkaoui.ma\/wp-content\/uploads\/2025\/12\/puressentiel-puressentiel-huile-essentielle-ciste-ladanifere-bio-5ml-huiles-essentielles.jpg","type":"image\/jpeg"}],"twitter_card":"summary_large_image","twitter_misc":{"Dur\u00e9e de lecture estim\u00e9e":"1 minute"},"schema":{"@context":"https:\/\/schema.org","@graph":[{"@type":"WebPage","@id":"https:\/\/paracherkaoui.ma\/index.php\/produit\/puressentiel-huile-essentielle-ciste-ladanifere-bio-5ml\/","url":"https:\/\/paracherkaoui.ma\/index.php\/produit\/puressentiel-huile-essentielle-ciste-ladanifere-bio-5ml\/","name":"PURESSENTIEL HUILE ESSENTIELLE CISTE LADANIFERE BIO 5ML - Paracherkaoui.ma","isPartOf":{"@id":"https:\/\/paracherkaoui.ma\/#website"},"primaryImageOfPage":{"@id":"https:\/\/paracherkaoui.ma\/index.php\/produit\/puressentiel-huile-essentielle-ciste-ladanifere-bio-5ml\/#primaryimage"},"image":{"@id":"https:\/\/paracherkaoui.ma\/index.php\/produit\/puressentiel-huile-essentielle-ciste-ladanifere-bio-5ml\/#primaryimage"},"thumbnailUrl":"https:\/\/paracherkaoui.ma\/wp-content\/uploads\/2025\/12\/puressentiel-puressentiel-huile-essentielle-ciste-ladanifere-bio-5ml-huiles-essentielles.jpg","datePublished":"2025-12-12T18:34:30+00:00","dateModified":"2025-12-12T18:34:34+00:00","breadcrumb":{"@id":"https:\/\/paracherkaoui.ma\/index.php\/produit\/puressentiel-huile-essentielle-ciste-ladanifere-bio-5ml\/#breadcrumb"},"inLanguage":"fr-FR","potentialAction":[{"@type":"ReadAction","target":["https:\/\/paracherkaoui.ma\/index.php\/produit\/puressentiel-huile-essentielle-ciste-ladanifere-bio-5ml\/"]}]},{"@type":"ImageObject","inLanguage":"fr-FR","@id":"https:\/\/paracherkaoui.ma\/index.php\/produit\/puressentiel-huile-essentielle-ciste-ladanifere-bio-5ml\/#primaryimage","url":"https:\/\/paracherkaoui.ma\/wp-content\/uploads\/2025\/12\/puressentiel-puressentiel-huile-essentielle-ciste-ladanifere-bio-5ml-huiles-essentielles.jpg","contentUrl":"https:\/\/paracherkaoui.ma\/wp-content\/uploads\/2025\/12\/puressentiel-puressentiel-huile-essentielle-ciste-ladanifere-bio-5ml-huiles-essentielles.jpg","width":700,"height":700},{"@type":"BreadcrumbList","@id":"https:\/\/paracherkaoui.ma\/index.php\/produit\/puressentiel-huile-essentielle-ciste-ladanifere-bio-5ml\/#breadcrumb","itemListElement":[{"@type":"ListItem","position":1,"name":"Accueil","item":"https:\/\/paracherkaoui.ma\/"},{"@type":"ListItem","position":2,"name":"Boutique","item":"https:\/\/paracherkaoui.ma\/index.php\/boutique\/"},{"@type":"ListItem","position":3,"name":"PURESSENTIEL HUILE ESSENTIELLE CISTE LADANIFERE BIO 5ML"}]},{"@type":"WebSite","@id":"https:\/\/paracherkaoui.ma\/#website","url":"https:\/\/paracherkaoui.ma\/","name":"Paracherkaoui.ma","description":"Achetez en ligne sur Paracherkaoui.ma","potentialAction":[{"@type":"SearchAction","target":{"@type":"EntryPoint","urlTemplate":"https:\/\/paracherkaoui.ma\/?s={search_term_string}"},"query-input":{"@type":"PropertyValueSpecification","valueRequired":true,"valueName":"search_term_string"}}],"inLanguage":"fr-FR"}]}},"_links":{"self":[{"href":"https:\/\/paracherkaoui.ma\/index.php\/wp-json\/wp\/v2\/product\/51683","targetHints":{"allow":["GET"]}}],"collection":[{"href":"https:\/\/paracherkaoui.ma\/index.php\/wp-json\/wp\/v2\/product"}],"about":[{"href":"https:\/\/paracherkaoui.ma\/index.php\/wp-json\/wp\/v2\/types\/product"}],"replies":[{"embeddable":true,"href":"https:\/\/paracherkaoui.ma\/index.php\/wp-json\/wp\/v2\/comments?post=51683"}],"version-history":[{"count":1,"href":"https:\/\/paracherkaoui.ma\/index.php\/wp-json\/wp\/v2\/product\/51683\/revisions"}],"predecessor-version":[{"id":51723,"href":"https:\/\/paracherkaoui.ma\/index.php\/wp-json\/wp\/v2\/product\/51683\/revisions\/51723"}],"wp:featuredmedia":[{"embeddable":true,"href":"https:\/\/paracherkaoui.ma\/index.php\/wp-json\/wp\/v2\/media\/51722"}],"wp:attachment":[{"href":"https:\/\/paracherkaoui.ma\/index.php\/wp-json\/wp\/v2\/media?parent=51683"}],"wp:term":[{"taxonomy":"product_brand","embeddable":true,"href":"https:\/\/paracherkaoui.ma\/index.php\/wp-json\/wp\/v2\/product_brand?post=51683"},{"taxonomy":"product_cat","embeddable":true,"href":"https:\/\/paracherkaoui.ma\/index.php\/wp-json\/wp\/v2\/product_cat?post=51683"},{"taxonomy":"product_tag","embeddable":true,"href":"https:\/\/paracherkaoui.ma\/index.php\/wp-json\/wp\/v2\/product_tag?post=51683"}],"curies":[{"name":"wp","href":"https:\/\/api.w.org\/{rel}","templated":true}]}}