{"id":51517,"date":"2025-12-12T19:34:09","date_gmt":"2025-12-12T18:34:09","guid":{"rendered":"https:\/\/test.ecbeaute.com\/?post_type=product&#038;p=51517"},"modified":"2025-12-12T19:34:15","modified_gmt":"2025-12-12T18:34:15","slug":"puressentiel-diffuseur-de-vapeur-inhaleur-et-hamam-facial","status":"publish","type":"product","link":"https:\/\/paracherkaoui.ma\/index.php\/produit\/puressentiel-diffuseur-de-vapeur-inhaleur-et-hamam-facial\/","title":{"rendered":"PURESSENTIEL DIFFUSEUR DE VAPEUR INHALEUR ET HAMAM FACIAL"},"content":{"rendered":"<p>V\u00e9ritable produit de bien-\u00eatre et de soin \u00e0 domicile, le Diffuseur de vapeur Puressentiel d\u00e9livre en quelques instants une vapeur d&rsquo;eau pour une utilisation 2 en 1 : Inhalateur &#038; Hammam facial.<br \/>\n1\/ Inhalateur :\u00a0Le geste bien-\u00eatre et libert\u00e9 essentiel<br \/>\nCongestion nasale ? Allergies ? Rhinite ? Sinusite ? Muqueuse nasale s\u00e8che ou irrit\u00e9e ? La vapeur d&rsquo;eau respir\u00e9e dans l&#8217;embout \u00ab\u00a0nasal\u00a0\u00bb, nettoie, assainit et lib\u00e8re les fosses nasales des impuret\u00e9s et allerg\u00e8nes.<br \/>\nLa muqueuse nasale est hydrat\u00e9e et apais\u00e9e, la respiration facilit\u00e9e et les voies respiratoires sup\u00e9rieures retrouvent bien-\u00eatre et libert\u00e9. Le geste id\u00e9al en cas d&rsquo;atmosph\u00e8re s\u00e8che, de maux hivernaux ou de pollution afin de passer des nuits et des journ\u00e9es tranquille&#8230; lib\u00e9r\u00e9 !<br \/>\n2\/ Hammam facial :\u00a0Le geste puret\u00e9 beaut\u00e9 essentiel<br \/>\nPeau grasse, \u00e0 imperfections, d\u00e9shydrat\u00e9e ou fatigu\u00e9e? Peau agress\u00e9e par l&rsquo;environnement externe (pollution&#8230;), peau manquant de tonus et d&rsquo;\u00e9clat ? Gr\u00e2ce \u00e0 l&#8217;embout \u00ab\u00a0visage\u00a0\u00bb qui s&rsquo;adapte parfaitement \u00e0 la morphologie du visage, la vapeur d&rsquo;eau dilate et nettoie les pores, la peau est purifi\u00e9e et hydrat\u00e9e en profondeur. Le teint, lib\u00e9r\u00e9 des toxines et impuret\u00e9s, retrouve \u00e9clat et fra\u00eecheur. Un rituel essentiel pour pr\u00e9parer le visage aux soins et au maquillage. Le Diffuseur de vapeur Puressentiel est l\u00e9ger, pratique et facile d&#8217;emploi. Il suffit de remplir la cuve m\u00e9tallique d&rsquo;eau gr\u00e2ce au gobelet doseur et de positionner l&#8217;embout choisi (inhalateur ou hammam facial). L&rsquo;intensit\u00e9 de la diffusion peut \u00eatre modul\u00e9e gr\u00e2ce au variateur d&rsquo;intensit\u00e9 de vapeur d&rsquo;eau.<br \/>\nConseils d&rsquo;utilisation<br \/>\nPoser la base \u00e9lectrique sur une surface plane et verser l&rsquo;eau dans le r\u00e9servoir \u00e0 l&rsquo;aide du gobelet doseur. Fixer l&#8217;embout nasal ou l&#8217;embout visage sur la base \u00e9lectrique. Appuyer sur la touche \u00ab ON \u00bb pour mettre en marche l&rsquo;appareil. Indicateur lumineux s&rsquo;allumera pour indiquer que le r\u00e9servoir chauffe.<br \/>\nFonction inhalateur (Embout nasal) : D\u00e8s l&rsquo;apparition de la vapeur, positionner le nez au-dessus de l&#8217;embout et respirer calmement pendant 5 \u00e0 15 minutes.<br \/>\nFonction hammam facial (Embout visage) : D\u00e8s l&rsquo;apparition de la vapeur, positionner le visage au-dessus de l&#8217;embout pendant 10 \u00e0 15 minutes.<br \/>\nIl est possible de r\u00e9gler l&rsquo;intensit\u00e9 de vapeur gr\u00e2ce au variateur sur l&#8217;embout. Apr\u00e8s utilisation, appuyer sur la touche \u00ab OFF \u00bb pour \u00e9teindre votre appareil et d\u00e9branchez-le. Retirer l&#8217;embout nasal ou visage de l&rsquo;unit\u00e9 principale.\u00a0Vider le r\u00e9servoir d&rsquo;eau.<\/p>\n","protected":false},"excerpt":{"rendered":"<p>V\u00e9ritable produit de bien-\u00eatre et de soin \u00e0 domicile, le Diffuseur de vapeur Puressentiel d\u00e9livre en quelques instants une vapeur<\/p>\n","protected":false},"featured_media":51569,"comment_status":"open","ping_status":"closed","template":"","meta":[],"product_brand":[204],"product_cat":[964],"product_tag":[],"class_list":{"0":"post-51517","1":"product","2":"type-product","3":"status-publish","4":"has-post-thumbnail","6":"product_brand-puressentiel","7":"product_cat-aromatherapie","9":"first","10":"instock","11":"sale","12":"shipping-taxable","13":"purchasable","14":"product-type-simple"},"yoast_head":"<!-- This site is optimized with the Yoast SEO plugin v26.6 - https:\/\/yoast.com\/wordpress\/plugins\/seo\/ -->\r\n<title>PURESSENTIEL DIFFUSEUR DE VAPEUR INHALEUR ET HAMAM FACIAL - Paracherkaoui.ma<\/title>\r\n<meta name=\"robots\" content=\"index, follow, max-snippet:-1, max-image-preview:large, max-video-preview:-1\" \/>\r\n<link rel=\"canonical\" href=\"https:\/\/paracherkaoui.ma\/index.php\/produit\/puressentiel-diffuseur-de-vapeur-inhaleur-et-hamam-facial\/\" \/>\r\n<meta property=\"og:locale\" content=\"fr_FR\" \/>\r\n<meta property=\"og:type\" content=\"article\" \/>\r\n<meta property=\"og:title\" content=\"PURESSENTIEL DIFFUSEUR DE VAPEUR INHALEUR ET HAMAM FACIAL - Paracherkaoui.ma\" \/>\r\n<meta property=\"og:description\" content=\"V\u00e9ritable produit de bien-\u00eatre et de soin \u00e0 domicile, le Diffuseur de vapeur Puressentiel d\u00e9livre en quelques instants une vapeur\" \/>\r\n<meta property=\"og:url\" content=\"https:\/\/paracherkaoui.ma\/index.php\/produit\/puressentiel-diffuseur-de-vapeur-inhaleur-et-hamam-facial\/\" \/>\r\n<meta property=\"og:site_name\" content=\"Paracherkaoui.ma\" \/>\r\n<meta property=\"article:modified_time\" content=\"2025-12-12T18:34:15+00:00\" \/>\r\n<meta property=\"og:image\" content=\"https:\/\/paracherkaoui.ma\/wp-content\/uploads\/2025\/12\/puressentiel-diffuseur-de-vapeur-inhaleur-et-hamam-facial.jpg\" \/>\r\n\t<meta property=\"og:image:width\" content=\"700\" \/>\r\n\t<meta property=\"og:image:height\" content=\"700\" \/>\r\n\t<meta property=\"og:image:type\" content=\"image\/jpeg\" \/>\r\n<meta name=\"twitter:card\" content=\"summary_large_image\" \/>\r\n<meta name=\"twitter:label1\" content=\"Dur\u00e9e de lecture estim\u00e9e\" \/>\n\t<meta name=\"twitter:data1\" content=\"2 minutes\" \/>\r\n<script type=\"application\/ld+json\" class=\"yoast-schema-graph\">{\"@context\":\"https:\/\/schema.org\",\"@graph\":[{\"@type\":\"WebPage\",\"@id\":\"https:\/\/paracherkaoui.ma\/index.php\/produit\/puressentiel-diffuseur-de-vapeur-inhaleur-et-hamam-facial\/\",\"url\":\"https:\/\/paracherkaoui.ma\/index.php\/produit\/puressentiel-diffuseur-de-vapeur-inhaleur-et-hamam-facial\/\",\"name\":\"PURESSENTIEL DIFFUSEUR DE VAPEUR INHALEUR ET HAMAM FACIAL - Paracherkaoui.ma\",\"isPartOf\":{\"@id\":\"https:\/\/paracherkaoui.ma\/#website\"},\"primaryImageOfPage\":{\"@id\":\"https:\/\/paracherkaoui.ma\/index.php\/produit\/puressentiel-diffuseur-de-vapeur-inhaleur-et-hamam-facial\/#primaryimage\"},\"image\":{\"@id\":\"https:\/\/paracherkaoui.ma\/index.php\/produit\/puressentiel-diffuseur-de-vapeur-inhaleur-et-hamam-facial\/#primaryimage\"},\"thumbnailUrl\":\"https:\/\/paracherkaoui.ma\/wp-content\/uploads\/2025\/12\/puressentiel-diffuseur-de-vapeur-inhaleur-et-hamam-facial.jpg\",\"datePublished\":\"2025-12-12T18:34:09+00:00\",\"dateModified\":\"2025-12-12T18:34:15+00:00\",\"breadcrumb\":{\"@id\":\"https:\/\/paracherkaoui.ma\/index.php\/produit\/puressentiel-diffuseur-de-vapeur-inhaleur-et-hamam-facial\/#breadcrumb\"},\"inLanguage\":\"fr-FR\",\"potentialAction\":[{\"@type\":\"ReadAction\",\"target\":[\"https:\/\/paracherkaoui.ma\/index.php\/produit\/puressentiel-diffuseur-de-vapeur-inhaleur-et-hamam-facial\/\"]}]},{\"@type\":\"ImageObject\",\"inLanguage\":\"fr-FR\",\"@id\":\"https:\/\/paracherkaoui.ma\/index.php\/produit\/puressentiel-diffuseur-de-vapeur-inhaleur-et-hamam-facial\/#primaryimage\",\"url\":\"https:\/\/paracherkaoui.ma\/wp-content\/uploads\/2025\/12\/puressentiel-diffuseur-de-vapeur-inhaleur-et-hamam-facial.jpg\",\"contentUrl\":\"https:\/\/paracherkaoui.ma\/wp-content\/uploads\/2025\/12\/puressentiel-diffuseur-de-vapeur-inhaleur-et-hamam-facial.jpg\",\"width\":700,\"height\":700},{\"@type\":\"BreadcrumbList\",\"@id\":\"https:\/\/paracherkaoui.ma\/index.php\/produit\/puressentiel-diffuseur-de-vapeur-inhaleur-et-hamam-facial\/#breadcrumb\",\"itemListElement\":[{\"@type\":\"ListItem\",\"position\":1,\"name\":\"Accueil\",\"item\":\"https:\/\/paracherkaoui.ma\/\"},{\"@type\":\"ListItem\",\"position\":2,\"name\":\"Boutique\",\"item\":\"https:\/\/paracherkaoui.ma\/index.php\/boutique\/\"},{\"@type\":\"ListItem\",\"position\":3,\"name\":\"PURESSENTIEL DIFFUSEUR DE VAPEUR INHALEUR ET HAMAM FACIAL\"}]},{\"@type\":\"WebSite\",\"@id\":\"https:\/\/paracherkaoui.ma\/#website\",\"url\":\"https:\/\/paracherkaoui.ma\/\",\"name\":\"Paracherkaoui.ma\",\"description\":\"Achetez en ligne sur Paracherkaoui.ma\",\"potentialAction\":[{\"@type\":\"SearchAction\",\"target\":{\"@type\":\"EntryPoint\",\"urlTemplate\":\"https:\/\/paracherkaoui.ma\/?s={search_term_string}\"},\"query-input\":{\"@type\":\"PropertyValueSpecification\",\"valueRequired\":true,\"valueName\":\"search_term_string\"}}],\"inLanguage\":\"fr-FR\"}]}<\/script>\r\n<!-- \/ Yoast SEO plugin. -->","yoast_head_json":{"title":"PURESSENTIEL DIFFUSEUR DE VAPEUR INHALEUR ET HAMAM FACIAL - Paracherkaoui.ma","robots":{"index":"index","follow":"follow","max-snippet":"max-snippet:-1","max-image-preview":"max-image-preview:large","max-video-preview":"max-video-preview:-1"},"canonical":"https:\/\/paracherkaoui.ma\/index.php\/produit\/puressentiel-diffuseur-de-vapeur-inhaleur-et-hamam-facial\/","og_locale":"fr_FR","og_type":"article","og_title":"PURESSENTIEL DIFFUSEUR DE VAPEUR INHALEUR ET HAMAM FACIAL - Paracherkaoui.ma","og_description":"V\u00e9ritable produit de bien-\u00eatre et de soin \u00e0 domicile, le Diffuseur de vapeur Puressentiel d\u00e9livre en quelques instants une vapeur","og_url":"https:\/\/paracherkaoui.ma\/index.php\/produit\/puressentiel-diffuseur-de-vapeur-inhaleur-et-hamam-facial\/","og_site_name":"Paracherkaoui.ma","article_modified_time":"2025-12-12T18:34:15+00:00","og_image":[{"width":700,"height":700,"url":"https:\/\/paracherkaoui.ma\/wp-content\/uploads\/2025\/12\/puressentiel-diffuseur-de-vapeur-inhaleur-et-hamam-facial.jpg","type":"image\/jpeg"}],"twitter_card":"summary_large_image","twitter_misc":{"Dur\u00e9e de lecture estim\u00e9e":"2 minutes"},"schema":{"@context":"https:\/\/schema.org","@graph":[{"@type":"WebPage","@id":"https:\/\/paracherkaoui.ma\/index.php\/produit\/puressentiel-diffuseur-de-vapeur-inhaleur-et-hamam-facial\/","url":"https:\/\/paracherkaoui.ma\/index.php\/produit\/puressentiel-diffuseur-de-vapeur-inhaleur-et-hamam-facial\/","name":"PURESSENTIEL DIFFUSEUR DE VAPEUR INHALEUR ET HAMAM FACIAL - Paracherkaoui.ma","isPartOf":{"@id":"https:\/\/paracherkaoui.ma\/#website"},"primaryImageOfPage":{"@id":"https:\/\/paracherkaoui.ma\/index.php\/produit\/puressentiel-diffuseur-de-vapeur-inhaleur-et-hamam-facial\/#primaryimage"},"image":{"@id":"https:\/\/paracherkaoui.ma\/index.php\/produit\/puressentiel-diffuseur-de-vapeur-inhaleur-et-hamam-facial\/#primaryimage"},"thumbnailUrl":"https:\/\/paracherkaoui.ma\/wp-content\/uploads\/2025\/12\/puressentiel-diffuseur-de-vapeur-inhaleur-et-hamam-facial.jpg","datePublished":"2025-12-12T18:34:09+00:00","dateModified":"2025-12-12T18:34:15+00:00","breadcrumb":{"@id":"https:\/\/paracherkaoui.ma\/index.php\/produit\/puressentiel-diffuseur-de-vapeur-inhaleur-et-hamam-facial\/#breadcrumb"},"inLanguage":"fr-FR","potentialAction":[{"@type":"ReadAction","target":["https:\/\/paracherkaoui.ma\/index.php\/produit\/puressentiel-diffuseur-de-vapeur-inhaleur-et-hamam-facial\/"]}]},{"@type":"ImageObject","inLanguage":"fr-FR","@id":"https:\/\/paracherkaoui.ma\/index.php\/produit\/puressentiel-diffuseur-de-vapeur-inhaleur-et-hamam-facial\/#primaryimage","url":"https:\/\/paracherkaoui.ma\/wp-content\/uploads\/2025\/12\/puressentiel-diffuseur-de-vapeur-inhaleur-et-hamam-facial.jpg","contentUrl":"https:\/\/paracherkaoui.ma\/wp-content\/uploads\/2025\/12\/puressentiel-diffuseur-de-vapeur-inhaleur-et-hamam-facial.jpg","width":700,"height":700},{"@type":"BreadcrumbList","@id":"https:\/\/paracherkaoui.ma\/index.php\/produit\/puressentiel-diffuseur-de-vapeur-inhaleur-et-hamam-facial\/#breadcrumb","itemListElement":[{"@type":"ListItem","position":1,"name":"Accueil","item":"https:\/\/paracherkaoui.ma\/"},{"@type":"ListItem","position":2,"name":"Boutique","item":"https:\/\/paracherkaoui.ma\/index.php\/boutique\/"},{"@type":"ListItem","position":3,"name":"PURESSENTIEL DIFFUSEUR DE VAPEUR INHALEUR ET HAMAM FACIAL"}]},{"@type":"WebSite","@id":"https:\/\/paracherkaoui.ma\/#website","url":"https:\/\/paracherkaoui.ma\/","name":"Paracherkaoui.ma","description":"Achetez en ligne sur Paracherkaoui.ma","potentialAction":[{"@type":"SearchAction","target":{"@type":"EntryPoint","urlTemplate":"https:\/\/paracherkaoui.ma\/?s={search_term_string}"},"query-input":{"@type":"PropertyValueSpecification","valueRequired":true,"valueName":"search_term_string"}}],"inLanguage":"fr-FR"}]}},"_links":{"self":[{"href":"https:\/\/paracherkaoui.ma\/index.php\/wp-json\/wp\/v2\/product\/51517","targetHints":{"allow":["GET"]}}],"collection":[{"href":"https:\/\/paracherkaoui.ma\/index.php\/wp-json\/wp\/v2\/product"}],"about":[{"href":"https:\/\/paracherkaoui.ma\/index.php\/wp-json\/wp\/v2\/types\/product"}],"replies":[{"embeddable":true,"href":"https:\/\/paracherkaoui.ma\/index.php\/wp-json\/wp\/v2\/comments?post=51517"}],"version-history":[{"count":1,"href":"https:\/\/paracherkaoui.ma\/index.php\/wp-json\/wp\/v2\/product\/51517\/revisions"}],"predecessor-version":[{"id":51570,"href":"https:\/\/paracherkaoui.ma\/index.php\/wp-json\/wp\/v2\/product\/51517\/revisions\/51570"}],"wp:featuredmedia":[{"embeddable":true,"href":"https:\/\/paracherkaoui.ma\/index.php\/wp-json\/wp\/v2\/media\/51569"}],"wp:attachment":[{"href":"https:\/\/paracherkaoui.ma\/index.php\/wp-json\/wp\/v2\/media?parent=51517"}],"wp:term":[{"taxonomy":"product_brand","embeddable":true,"href":"https:\/\/paracherkaoui.ma\/index.php\/wp-json\/wp\/v2\/product_brand?post=51517"},{"taxonomy":"product_cat","embeddable":true,"href":"https:\/\/paracherkaoui.ma\/index.php\/wp-json\/wp\/v2\/product_cat?post=51517"},{"taxonomy":"product_tag","embeddable":true,"href":"https:\/\/paracherkaoui.ma\/index.php\/wp-json\/wp\/v2\/product_tag?post=51517"}],"curies":[{"name":"wp","href":"https:\/\/api.w.org\/{rel}","templated":true}]}}