{"id":51514,"date":"2025-12-12T19:34:09","date_gmt":"2025-12-12T18:34:09","guid":{"rendered":"https:\/\/test.ecbeaute.com\/?post_type=product&#038;p=51514"},"modified":"2025-12-12T19:34:15","modified_gmt":"2025-12-12T18:34:15","slug":"puressentiel-huiles-essentielles-pour-diffusion-respiratoire-30-ml","status":"publish","type":"product","link":"https:\/\/paracherkaoui.ma\/index.php\/produit\/puressentiel-huiles-essentielles-pour-diffusion-respiratoire-30-ml\/","title":{"rendered":"PURESSENTIEL HUILES ESSENTIELLES POUR DIFFUSION RESPIRATOIRE 30 ML"},"content":{"rendered":"<p>Ce complexe pour diffusion respiratoire\u00a0Diffuse Respi de Puressentiel\u00a0est compos\u00e9 de 18 huiles essentielles (anis vert, arbre \u00e0 th\u00e9, cajeput, c\u00e8dre, citron, cypr\u00e8s, eucalyptus globulus, giroflier, lavande officinale, lavandin grosso, menthe poivr\u00e9e, niaouli, origan, pin, Ravintsara, romarin \u00e0 cin\u00e9ole, sauge officinale, thym \u00e0 thymol) aux vertus antiseptiques, assainissantes, antibact\u00e9riennes et apaisantes aident \u00e0 favoriser le bien-\u00eatre et le confort respiratoire. A utiliser d\u00e8s les premiers signes de refroidissement ou de sensibilit\u00e9 saisonni\u00e8re (\u00e9coulement nasal, larmoiement, \u00e9ternuement, irritation de la gorge \u2026).<\/p>\n","protected":false},"excerpt":{"rendered":"<p>Ce complexe pour diffusion respiratoire\u00a0Diffuse Respi de Puressentiel\u00a0est compos\u00e9 de 18 huiles essentielles (anis vert, arbre \u00e0 th\u00e9, cajeput, c\u00e8dre,<\/p>\n","protected":false},"featured_media":51564,"comment_status":"open","ping_status":"closed","template":"","meta":[],"product_brand":[204],"product_cat":[964],"product_tag":[],"class_list":{"0":"post-51514","1":"product","2":"type-product","3":"status-publish","4":"has-post-thumbnail","6":"product_brand-puressentiel","7":"product_cat-aromatherapie","9":"first","10":"instock","11":"sale","12":"shipping-taxable","13":"purchasable","14":"product-type-simple"},"yoast_head":"<!-- This site is optimized with the Yoast SEO plugin v26.6 - https:\/\/yoast.com\/wordpress\/plugins\/seo\/ -->\r\n<title>PURESSENTIEL HUILES ESSENTIELLES POUR DIFFUSION RESPIRATOIRE 30 ML - Paracherkaoui.ma<\/title>\r\n<meta name=\"robots\" content=\"index, follow, max-snippet:-1, max-image-preview:large, max-video-preview:-1\" \/>\r\n<link rel=\"canonical\" href=\"https:\/\/paracherkaoui.ma\/index.php\/produit\/puressentiel-huiles-essentielles-pour-diffusion-respiratoire-30-ml\/\" \/>\r\n<meta property=\"og:locale\" content=\"fr_FR\" \/>\r\n<meta property=\"og:type\" content=\"article\" \/>\r\n<meta property=\"og:title\" content=\"PURESSENTIEL HUILES ESSENTIELLES POUR DIFFUSION RESPIRATOIRE 30 ML - Paracherkaoui.ma\" \/>\r\n<meta property=\"og:description\" content=\"Ce complexe pour diffusion respiratoire\u00a0Diffuse Respi de Puressentiel\u00a0est compos\u00e9 de 18 huiles essentielles (anis vert, arbre \u00e0 th\u00e9, cajeput, c\u00e8dre,\" \/>\r\n<meta property=\"og:url\" content=\"https:\/\/paracherkaoui.ma\/index.php\/produit\/puressentiel-huiles-essentielles-pour-diffusion-respiratoire-30-ml\/\" \/>\r\n<meta property=\"og:site_name\" content=\"Paracherkaoui.ma\" \/>\r\n<meta property=\"article:modified_time\" content=\"2025-12-12T18:34:15+00:00\" \/>\r\n<meta property=\"og:image\" content=\"https:\/\/paracherkaoui.ma\/wp-content\/uploads\/2025\/12\/puressentiel-puressentiel-huiles-essentielles-pour-diffusion-respiratoire-30-ml-diffuseurs.jpg\" \/>\r\n\t<meta property=\"og:image:width\" content=\"700\" \/>\r\n\t<meta property=\"og:image:height\" content=\"700\" \/>\r\n\t<meta property=\"og:image:type\" content=\"image\/jpeg\" \/>\r\n<meta name=\"twitter:card\" content=\"summary_large_image\" \/>\r\n<script type=\"application\/ld+json\" class=\"yoast-schema-graph\">{\"@context\":\"https:\/\/schema.org\",\"@graph\":[{\"@type\":\"WebPage\",\"@id\":\"https:\/\/paracherkaoui.ma\/index.php\/produit\/puressentiel-huiles-essentielles-pour-diffusion-respiratoire-30-ml\/\",\"url\":\"https:\/\/paracherkaoui.ma\/index.php\/produit\/puressentiel-huiles-essentielles-pour-diffusion-respiratoire-30-ml\/\",\"name\":\"PURESSENTIEL HUILES ESSENTIELLES POUR DIFFUSION RESPIRATOIRE 30 ML - Paracherkaoui.ma\",\"isPartOf\":{\"@id\":\"https:\/\/paracherkaoui.ma\/#website\"},\"primaryImageOfPage\":{\"@id\":\"https:\/\/paracherkaoui.ma\/index.php\/produit\/puressentiel-huiles-essentielles-pour-diffusion-respiratoire-30-ml\/#primaryimage\"},\"image\":{\"@id\":\"https:\/\/paracherkaoui.ma\/index.php\/produit\/puressentiel-huiles-essentielles-pour-diffusion-respiratoire-30-ml\/#primaryimage\"},\"thumbnailUrl\":\"https:\/\/paracherkaoui.ma\/wp-content\/uploads\/2025\/12\/puressentiel-puressentiel-huiles-essentielles-pour-diffusion-respiratoire-30-ml-diffuseurs.jpg\",\"datePublished\":\"2025-12-12T18:34:09+00:00\",\"dateModified\":\"2025-12-12T18:34:15+00:00\",\"breadcrumb\":{\"@id\":\"https:\/\/paracherkaoui.ma\/index.php\/produit\/puressentiel-huiles-essentielles-pour-diffusion-respiratoire-30-ml\/#breadcrumb\"},\"inLanguage\":\"fr-FR\",\"potentialAction\":[{\"@type\":\"ReadAction\",\"target\":[\"https:\/\/paracherkaoui.ma\/index.php\/produit\/puressentiel-huiles-essentielles-pour-diffusion-respiratoire-30-ml\/\"]}]},{\"@type\":\"ImageObject\",\"inLanguage\":\"fr-FR\",\"@id\":\"https:\/\/paracherkaoui.ma\/index.php\/produit\/puressentiel-huiles-essentielles-pour-diffusion-respiratoire-30-ml\/#primaryimage\",\"url\":\"https:\/\/paracherkaoui.ma\/wp-content\/uploads\/2025\/12\/puressentiel-puressentiel-huiles-essentielles-pour-diffusion-respiratoire-30-ml-diffuseurs.jpg\",\"contentUrl\":\"https:\/\/paracherkaoui.ma\/wp-content\/uploads\/2025\/12\/puressentiel-puressentiel-huiles-essentielles-pour-diffusion-respiratoire-30-ml-diffuseurs.jpg\",\"width\":700,\"height\":700},{\"@type\":\"BreadcrumbList\",\"@id\":\"https:\/\/paracherkaoui.ma\/index.php\/produit\/puressentiel-huiles-essentielles-pour-diffusion-respiratoire-30-ml\/#breadcrumb\",\"itemListElement\":[{\"@type\":\"ListItem\",\"position\":1,\"name\":\"Accueil\",\"item\":\"https:\/\/paracherkaoui.ma\/\"},{\"@type\":\"ListItem\",\"position\":2,\"name\":\"Boutique\",\"item\":\"https:\/\/paracherkaoui.ma\/index.php\/boutique\/\"},{\"@type\":\"ListItem\",\"position\":3,\"name\":\"PURESSENTIEL HUILES ESSENTIELLES POUR DIFFUSION RESPIRATOIRE 30 ML\"}]},{\"@type\":\"WebSite\",\"@id\":\"https:\/\/paracherkaoui.ma\/#website\",\"url\":\"https:\/\/paracherkaoui.ma\/\",\"name\":\"Paracherkaoui.ma\",\"description\":\"Achetez en ligne sur Paracherkaoui.ma\",\"potentialAction\":[{\"@type\":\"SearchAction\",\"target\":{\"@type\":\"EntryPoint\",\"urlTemplate\":\"https:\/\/paracherkaoui.ma\/?s={search_term_string}\"},\"query-input\":{\"@type\":\"PropertyValueSpecification\",\"valueRequired\":true,\"valueName\":\"search_term_string\"}}],\"inLanguage\":\"fr-FR\"}]}<\/script>\r\n<!-- \/ Yoast SEO plugin. -->","yoast_head_json":{"title":"PURESSENTIEL HUILES ESSENTIELLES POUR DIFFUSION RESPIRATOIRE 30 ML - Paracherkaoui.ma","robots":{"index":"index","follow":"follow","max-snippet":"max-snippet:-1","max-image-preview":"max-image-preview:large","max-video-preview":"max-video-preview:-1"},"canonical":"https:\/\/paracherkaoui.ma\/index.php\/produit\/puressentiel-huiles-essentielles-pour-diffusion-respiratoire-30-ml\/","og_locale":"fr_FR","og_type":"article","og_title":"PURESSENTIEL HUILES ESSENTIELLES POUR DIFFUSION RESPIRATOIRE 30 ML - Paracherkaoui.ma","og_description":"Ce complexe pour diffusion respiratoire\u00a0Diffuse Respi de Puressentiel\u00a0est compos\u00e9 de 18 huiles essentielles (anis vert, arbre \u00e0 th\u00e9, cajeput, c\u00e8dre,","og_url":"https:\/\/paracherkaoui.ma\/index.php\/produit\/puressentiel-huiles-essentielles-pour-diffusion-respiratoire-30-ml\/","og_site_name":"Paracherkaoui.ma","article_modified_time":"2025-12-12T18:34:15+00:00","og_image":[{"width":700,"height":700,"url":"https:\/\/paracherkaoui.ma\/wp-content\/uploads\/2025\/12\/puressentiel-puressentiel-huiles-essentielles-pour-diffusion-respiratoire-30-ml-diffuseurs.jpg","type":"image\/jpeg"}],"twitter_card":"summary_large_image","schema":{"@context":"https:\/\/schema.org","@graph":[{"@type":"WebPage","@id":"https:\/\/paracherkaoui.ma\/index.php\/produit\/puressentiel-huiles-essentielles-pour-diffusion-respiratoire-30-ml\/","url":"https:\/\/paracherkaoui.ma\/index.php\/produit\/puressentiel-huiles-essentielles-pour-diffusion-respiratoire-30-ml\/","name":"PURESSENTIEL HUILES ESSENTIELLES POUR DIFFUSION RESPIRATOIRE 30 ML - Paracherkaoui.ma","isPartOf":{"@id":"https:\/\/paracherkaoui.ma\/#website"},"primaryImageOfPage":{"@id":"https:\/\/paracherkaoui.ma\/index.php\/produit\/puressentiel-huiles-essentielles-pour-diffusion-respiratoire-30-ml\/#primaryimage"},"image":{"@id":"https:\/\/paracherkaoui.ma\/index.php\/produit\/puressentiel-huiles-essentielles-pour-diffusion-respiratoire-30-ml\/#primaryimage"},"thumbnailUrl":"https:\/\/paracherkaoui.ma\/wp-content\/uploads\/2025\/12\/puressentiel-puressentiel-huiles-essentielles-pour-diffusion-respiratoire-30-ml-diffuseurs.jpg","datePublished":"2025-12-12T18:34:09+00:00","dateModified":"2025-12-12T18:34:15+00:00","breadcrumb":{"@id":"https:\/\/paracherkaoui.ma\/index.php\/produit\/puressentiel-huiles-essentielles-pour-diffusion-respiratoire-30-ml\/#breadcrumb"},"inLanguage":"fr-FR","potentialAction":[{"@type":"ReadAction","target":["https:\/\/paracherkaoui.ma\/index.php\/produit\/puressentiel-huiles-essentielles-pour-diffusion-respiratoire-30-ml\/"]}]},{"@type":"ImageObject","inLanguage":"fr-FR","@id":"https:\/\/paracherkaoui.ma\/index.php\/produit\/puressentiel-huiles-essentielles-pour-diffusion-respiratoire-30-ml\/#primaryimage","url":"https:\/\/paracherkaoui.ma\/wp-content\/uploads\/2025\/12\/puressentiel-puressentiel-huiles-essentielles-pour-diffusion-respiratoire-30-ml-diffuseurs.jpg","contentUrl":"https:\/\/paracherkaoui.ma\/wp-content\/uploads\/2025\/12\/puressentiel-puressentiel-huiles-essentielles-pour-diffusion-respiratoire-30-ml-diffuseurs.jpg","width":700,"height":700},{"@type":"BreadcrumbList","@id":"https:\/\/paracherkaoui.ma\/index.php\/produit\/puressentiel-huiles-essentielles-pour-diffusion-respiratoire-30-ml\/#breadcrumb","itemListElement":[{"@type":"ListItem","position":1,"name":"Accueil","item":"https:\/\/paracherkaoui.ma\/"},{"@type":"ListItem","position":2,"name":"Boutique","item":"https:\/\/paracherkaoui.ma\/index.php\/boutique\/"},{"@type":"ListItem","position":3,"name":"PURESSENTIEL HUILES ESSENTIELLES POUR DIFFUSION RESPIRATOIRE 30 ML"}]},{"@type":"WebSite","@id":"https:\/\/paracherkaoui.ma\/#website","url":"https:\/\/paracherkaoui.ma\/","name":"Paracherkaoui.ma","description":"Achetez en ligne sur Paracherkaoui.ma","potentialAction":[{"@type":"SearchAction","target":{"@type":"EntryPoint","urlTemplate":"https:\/\/paracherkaoui.ma\/?s={search_term_string}"},"query-input":{"@type":"PropertyValueSpecification","valueRequired":true,"valueName":"search_term_string"}}],"inLanguage":"fr-FR"}]}},"_links":{"self":[{"href":"https:\/\/paracherkaoui.ma\/index.php\/wp-json\/wp\/v2\/product\/51514","targetHints":{"allow":["GET"]}}],"collection":[{"href":"https:\/\/paracherkaoui.ma\/index.php\/wp-json\/wp\/v2\/product"}],"about":[{"href":"https:\/\/paracherkaoui.ma\/index.php\/wp-json\/wp\/v2\/types\/product"}],"replies":[{"embeddable":true,"href":"https:\/\/paracherkaoui.ma\/index.php\/wp-json\/wp\/v2\/comments?post=51514"}],"version-history":[{"count":1,"href":"https:\/\/paracherkaoui.ma\/index.php\/wp-json\/wp\/v2\/product\/51514\/revisions"}],"predecessor-version":[{"id":51565,"href":"https:\/\/paracherkaoui.ma\/index.php\/wp-json\/wp\/v2\/product\/51514\/revisions\/51565"}],"wp:featuredmedia":[{"embeddable":true,"href":"https:\/\/paracherkaoui.ma\/index.php\/wp-json\/wp\/v2\/media\/51564"}],"wp:attachment":[{"href":"https:\/\/paracherkaoui.ma\/index.php\/wp-json\/wp\/v2\/media?parent=51514"}],"wp:term":[{"taxonomy":"product_brand","embeddable":true,"href":"https:\/\/paracherkaoui.ma\/index.php\/wp-json\/wp\/v2\/product_brand?post=51514"},{"taxonomy":"product_cat","embeddable":true,"href":"https:\/\/paracherkaoui.ma\/index.php\/wp-json\/wp\/v2\/product_cat?post=51514"},{"taxonomy":"product_tag","embeddable":true,"href":"https:\/\/paracherkaoui.ma\/index.php\/wp-json\/wp\/v2\/product_tag?post=51514"}],"curies":[{"name":"wp","href":"https:\/\/api.w.org\/{rel}","templated":true}]}}