{"id":51513,"date":"2025-12-12T19:34:09","date_gmt":"2025-12-12T18:34:09","guid":{"rendered":"https:\/\/test.ecbeaute.com\/?post_type=product&#038;p=51513"},"modified":"2025-12-12T19:34:14","modified_gmt":"2025-12-12T18:34:14","slug":"skinor-huile-essentielle-deucalyptus-15-ml","status":"publish","type":"product","link":"https:\/\/paracherkaoui.ma\/index.php\/produit\/skinor-huile-essentielle-deucalyptus-15-ml\/","title":{"rendered":"SKINOR HUILE ESSENTIELLE D&rsquo;EUCALYPTUS 15 ML"},"content":{"rendered":"<p>Cette huile est un nourrissant capillaire naturel qui offre une fra\u00eecheur prononc\u00e9e au cuir chevelu. Utilis\u00e9e avec de la noix de coco, cette huile hydrate vos cheveux ; dans ce m\u00eame registre, elle est efficace contre les pellicules et les d\u00e9mangeaisons du cuir chevelu.<br \/>\nAussi, pour am\u00e9liorer l\u2019\u00e9paisseur de vos cheveux et en stimuler la circulation sanguine vers les racines, m\u00e9langez d\u00e9licatement quelques gouttes d\u2019huile essentielle d\u2019eucalyptus avec de l\u2019huile v\u00e9g\u00e9tale sur votre cuir chevelu avant de faire votre shampoing\u2026<br \/>\nCette huile est par ailleurs un rem\u00e8de radical et totalement naturel contre les poux, tout comme l\u2019huile essentielle d\u2019arbre \u00e0 th\u00e9. Mais c\u2019est aussi un excellent nettoyant pour les mains, car elle a des propri\u00e9t\u00e9s antimicrobiennes. Elle lutte contre les mauvaises odeurs et, pour couronner le tout, s\u2019occupe devos dents : il suffit d\u2019en mettre dans de l\u2019huile de coco pour une hygi\u00e8ne singuli\u00e8re (avec pr\u00e9caution, pour ne pas l\u2019ing\u00e9rer\u2026).<br \/>\nUne huile qui vous chouchoute\u2026 Dans un esprit de naturel et de puret\u00e9.<\/p>\n","protected":false},"excerpt":{"rendered":"<p>Cette huile est un nourrissant capillaire naturel qui offre une fra\u00eecheur prononc\u00e9e au cuir chevelu. Utilis\u00e9e avec de la noix<\/p>\n","protected":false},"featured_media":51562,"comment_status":"open","ping_status":"closed","template":"","meta":[],"product_brand":[213],"product_cat":[964],"product_tag":[],"class_list":{"0":"post-51513","1":"product","2":"type-product","3":"status-publish","4":"has-post-thumbnail","6":"product_brand-skinor","7":"product_cat-aromatherapie","9":"first","10":"instock","11":"sale","12":"shipping-taxable","13":"purchasable","14":"product-type-simple"},"yoast_head":"<!-- This site is optimized with the Yoast SEO plugin v26.6 - https:\/\/yoast.com\/wordpress\/plugins\/seo\/ -->\r\n<title>SKINOR HUILE ESSENTIELLE D&#039;EUCALYPTUS 15 ML - Paracherkaoui.ma<\/title>\r\n<meta name=\"robots\" content=\"index, follow, max-snippet:-1, max-image-preview:large, max-video-preview:-1\" \/>\r\n<link rel=\"canonical\" href=\"https:\/\/paracherkaoui.ma\/index.php\/produit\/skinor-huile-essentielle-deucalyptus-15-ml\/\" \/>\r\n<meta property=\"og:locale\" content=\"fr_FR\" \/>\r\n<meta property=\"og:type\" content=\"article\" \/>\r\n<meta property=\"og:title\" content=\"SKINOR HUILE ESSENTIELLE D&#039;EUCALYPTUS 15 ML - Paracherkaoui.ma\" \/>\r\n<meta property=\"og:description\" content=\"Cette huile est un nourrissant capillaire naturel qui offre une fra\u00eecheur prononc\u00e9e au cuir chevelu. Utilis\u00e9e avec de la noix\" \/>\r\n<meta property=\"og:url\" content=\"https:\/\/paracherkaoui.ma\/index.php\/produit\/skinor-huile-essentielle-deucalyptus-15-ml\/\" \/>\r\n<meta property=\"og:site_name\" content=\"Paracherkaoui.ma\" \/>\r\n<meta property=\"article:modified_time\" content=\"2025-12-12T18:34:14+00:00\" \/>\r\n<meta property=\"og:image\" content=\"https:\/\/paracherkaoui.ma\/wp-content\/uploads\/2025\/12\/skinor-skinor-huile-essentielle-deucalyptus-15-ml-huiles-essentielles.jpg\" \/>\r\n\t<meta property=\"og:image:width\" content=\"700\" \/>\r\n\t<meta property=\"og:image:height\" content=\"700\" \/>\r\n\t<meta property=\"og:image:type\" content=\"image\/jpeg\" \/>\r\n<meta name=\"twitter:card\" content=\"summary_large_image\" \/>\r\n<meta name=\"twitter:label1\" content=\"Dur\u00e9e de lecture estim\u00e9e\" \/>\n\t<meta name=\"twitter:data1\" content=\"1 minute\" \/>\r\n<script type=\"application\/ld+json\" class=\"yoast-schema-graph\">{\"@context\":\"https:\/\/schema.org\",\"@graph\":[{\"@type\":\"WebPage\",\"@id\":\"https:\/\/paracherkaoui.ma\/index.php\/produit\/skinor-huile-essentielle-deucalyptus-15-ml\/\",\"url\":\"https:\/\/paracherkaoui.ma\/index.php\/produit\/skinor-huile-essentielle-deucalyptus-15-ml\/\",\"name\":\"SKINOR HUILE ESSENTIELLE D'EUCALYPTUS 15 ML - Paracherkaoui.ma\",\"isPartOf\":{\"@id\":\"https:\/\/paracherkaoui.ma\/#website\"},\"primaryImageOfPage\":{\"@id\":\"https:\/\/paracherkaoui.ma\/index.php\/produit\/skinor-huile-essentielle-deucalyptus-15-ml\/#primaryimage\"},\"image\":{\"@id\":\"https:\/\/paracherkaoui.ma\/index.php\/produit\/skinor-huile-essentielle-deucalyptus-15-ml\/#primaryimage\"},\"thumbnailUrl\":\"https:\/\/paracherkaoui.ma\/wp-content\/uploads\/2025\/12\/skinor-skinor-huile-essentielle-deucalyptus-15-ml-huiles-essentielles.jpg\",\"datePublished\":\"2025-12-12T18:34:09+00:00\",\"dateModified\":\"2025-12-12T18:34:14+00:00\",\"breadcrumb\":{\"@id\":\"https:\/\/paracherkaoui.ma\/index.php\/produit\/skinor-huile-essentielle-deucalyptus-15-ml\/#breadcrumb\"},\"inLanguage\":\"fr-FR\",\"potentialAction\":[{\"@type\":\"ReadAction\",\"target\":[\"https:\/\/paracherkaoui.ma\/index.php\/produit\/skinor-huile-essentielle-deucalyptus-15-ml\/\"]}]},{\"@type\":\"ImageObject\",\"inLanguage\":\"fr-FR\",\"@id\":\"https:\/\/paracherkaoui.ma\/index.php\/produit\/skinor-huile-essentielle-deucalyptus-15-ml\/#primaryimage\",\"url\":\"https:\/\/paracherkaoui.ma\/wp-content\/uploads\/2025\/12\/skinor-skinor-huile-essentielle-deucalyptus-15-ml-huiles-essentielles.jpg\",\"contentUrl\":\"https:\/\/paracherkaoui.ma\/wp-content\/uploads\/2025\/12\/skinor-skinor-huile-essentielle-deucalyptus-15-ml-huiles-essentielles.jpg\",\"width\":700,\"height\":700},{\"@type\":\"BreadcrumbList\",\"@id\":\"https:\/\/paracherkaoui.ma\/index.php\/produit\/skinor-huile-essentielle-deucalyptus-15-ml\/#breadcrumb\",\"itemListElement\":[{\"@type\":\"ListItem\",\"position\":1,\"name\":\"Accueil\",\"item\":\"https:\/\/paracherkaoui.ma\/\"},{\"@type\":\"ListItem\",\"position\":2,\"name\":\"Boutique\",\"item\":\"https:\/\/paracherkaoui.ma\/index.php\/boutique\/\"},{\"@type\":\"ListItem\",\"position\":3,\"name\":\"SKINOR HUILE ESSENTIELLE D&rsquo;EUCALYPTUS 15 ML\"}]},{\"@type\":\"WebSite\",\"@id\":\"https:\/\/paracherkaoui.ma\/#website\",\"url\":\"https:\/\/paracherkaoui.ma\/\",\"name\":\"Paracherkaoui.ma\",\"description\":\"Achetez en ligne sur Paracherkaoui.ma\",\"potentialAction\":[{\"@type\":\"SearchAction\",\"target\":{\"@type\":\"EntryPoint\",\"urlTemplate\":\"https:\/\/paracherkaoui.ma\/?s={search_term_string}\"},\"query-input\":{\"@type\":\"PropertyValueSpecification\",\"valueRequired\":true,\"valueName\":\"search_term_string\"}}],\"inLanguage\":\"fr-FR\"}]}<\/script>\r\n<!-- \/ Yoast SEO plugin. -->","yoast_head_json":{"title":"SKINOR HUILE ESSENTIELLE D'EUCALYPTUS 15 ML - Paracherkaoui.ma","robots":{"index":"index","follow":"follow","max-snippet":"max-snippet:-1","max-image-preview":"max-image-preview:large","max-video-preview":"max-video-preview:-1"},"canonical":"https:\/\/paracherkaoui.ma\/index.php\/produit\/skinor-huile-essentielle-deucalyptus-15-ml\/","og_locale":"fr_FR","og_type":"article","og_title":"SKINOR HUILE ESSENTIELLE D'EUCALYPTUS 15 ML - Paracherkaoui.ma","og_description":"Cette huile est un nourrissant capillaire naturel qui offre une fra\u00eecheur prononc\u00e9e au cuir chevelu. Utilis\u00e9e avec de la noix","og_url":"https:\/\/paracherkaoui.ma\/index.php\/produit\/skinor-huile-essentielle-deucalyptus-15-ml\/","og_site_name":"Paracherkaoui.ma","article_modified_time":"2025-12-12T18:34:14+00:00","og_image":[{"width":700,"height":700,"url":"https:\/\/paracherkaoui.ma\/wp-content\/uploads\/2025\/12\/skinor-skinor-huile-essentielle-deucalyptus-15-ml-huiles-essentielles.jpg","type":"image\/jpeg"}],"twitter_card":"summary_large_image","twitter_misc":{"Dur\u00e9e de lecture estim\u00e9e":"1 minute"},"schema":{"@context":"https:\/\/schema.org","@graph":[{"@type":"WebPage","@id":"https:\/\/paracherkaoui.ma\/index.php\/produit\/skinor-huile-essentielle-deucalyptus-15-ml\/","url":"https:\/\/paracherkaoui.ma\/index.php\/produit\/skinor-huile-essentielle-deucalyptus-15-ml\/","name":"SKINOR HUILE ESSENTIELLE D'EUCALYPTUS 15 ML - Paracherkaoui.ma","isPartOf":{"@id":"https:\/\/paracherkaoui.ma\/#website"},"primaryImageOfPage":{"@id":"https:\/\/paracherkaoui.ma\/index.php\/produit\/skinor-huile-essentielle-deucalyptus-15-ml\/#primaryimage"},"image":{"@id":"https:\/\/paracherkaoui.ma\/index.php\/produit\/skinor-huile-essentielle-deucalyptus-15-ml\/#primaryimage"},"thumbnailUrl":"https:\/\/paracherkaoui.ma\/wp-content\/uploads\/2025\/12\/skinor-skinor-huile-essentielle-deucalyptus-15-ml-huiles-essentielles.jpg","datePublished":"2025-12-12T18:34:09+00:00","dateModified":"2025-12-12T18:34:14+00:00","breadcrumb":{"@id":"https:\/\/paracherkaoui.ma\/index.php\/produit\/skinor-huile-essentielle-deucalyptus-15-ml\/#breadcrumb"},"inLanguage":"fr-FR","potentialAction":[{"@type":"ReadAction","target":["https:\/\/paracherkaoui.ma\/index.php\/produit\/skinor-huile-essentielle-deucalyptus-15-ml\/"]}]},{"@type":"ImageObject","inLanguage":"fr-FR","@id":"https:\/\/paracherkaoui.ma\/index.php\/produit\/skinor-huile-essentielle-deucalyptus-15-ml\/#primaryimage","url":"https:\/\/paracherkaoui.ma\/wp-content\/uploads\/2025\/12\/skinor-skinor-huile-essentielle-deucalyptus-15-ml-huiles-essentielles.jpg","contentUrl":"https:\/\/paracherkaoui.ma\/wp-content\/uploads\/2025\/12\/skinor-skinor-huile-essentielle-deucalyptus-15-ml-huiles-essentielles.jpg","width":700,"height":700},{"@type":"BreadcrumbList","@id":"https:\/\/paracherkaoui.ma\/index.php\/produit\/skinor-huile-essentielle-deucalyptus-15-ml\/#breadcrumb","itemListElement":[{"@type":"ListItem","position":1,"name":"Accueil","item":"https:\/\/paracherkaoui.ma\/"},{"@type":"ListItem","position":2,"name":"Boutique","item":"https:\/\/paracherkaoui.ma\/index.php\/boutique\/"},{"@type":"ListItem","position":3,"name":"SKINOR HUILE ESSENTIELLE D&rsquo;EUCALYPTUS 15 ML"}]},{"@type":"WebSite","@id":"https:\/\/paracherkaoui.ma\/#website","url":"https:\/\/paracherkaoui.ma\/","name":"Paracherkaoui.ma","description":"Achetez en ligne sur Paracherkaoui.ma","potentialAction":[{"@type":"SearchAction","target":{"@type":"EntryPoint","urlTemplate":"https:\/\/paracherkaoui.ma\/?s={search_term_string}"},"query-input":{"@type":"PropertyValueSpecification","valueRequired":true,"valueName":"search_term_string"}}],"inLanguage":"fr-FR"}]}},"_links":{"self":[{"href":"https:\/\/paracherkaoui.ma\/index.php\/wp-json\/wp\/v2\/product\/51513","targetHints":{"allow":["GET"]}}],"collection":[{"href":"https:\/\/paracherkaoui.ma\/index.php\/wp-json\/wp\/v2\/product"}],"about":[{"href":"https:\/\/paracherkaoui.ma\/index.php\/wp-json\/wp\/v2\/types\/product"}],"replies":[{"embeddable":true,"href":"https:\/\/paracherkaoui.ma\/index.php\/wp-json\/wp\/v2\/comments?post=51513"}],"version-history":[{"count":1,"href":"https:\/\/paracherkaoui.ma\/index.php\/wp-json\/wp\/v2\/product\/51513\/revisions"}],"predecessor-version":[{"id":51563,"href":"https:\/\/paracherkaoui.ma\/index.php\/wp-json\/wp\/v2\/product\/51513\/revisions\/51563"}],"wp:featuredmedia":[{"embeddable":true,"href":"https:\/\/paracherkaoui.ma\/index.php\/wp-json\/wp\/v2\/media\/51562"}],"wp:attachment":[{"href":"https:\/\/paracherkaoui.ma\/index.php\/wp-json\/wp\/v2\/media?parent=51513"}],"wp:term":[{"taxonomy":"product_brand","embeddable":true,"href":"https:\/\/paracherkaoui.ma\/index.php\/wp-json\/wp\/v2\/product_brand?post=51513"},{"taxonomy":"product_cat","embeddable":true,"href":"https:\/\/paracherkaoui.ma\/index.php\/wp-json\/wp\/v2\/product_cat?post=51513"},{"taxonomy":"product_tag","embeddable":true,"href":"https:\/\/paracherkaoui.ma\/index.php\/wp-json\/wp\/v2\/product_tag?post=51513"}],"curies":[{"name":"wp","href":"https:\/\/api.w.org\/{rel}","templated":true}]}}