{"id":51509,"date":"2025-12-12T19:34:08","date_gmt":"2025-12-12T18:34:08","guid":{"rendered":"https:\/\/test.ecbeaute.com\/?post_type=product&#038;p=51509"},"modified":"2025-12-12T19:34:13","modified_gmt":"2025-12-12T18:34:13","slug":"puressentiel-diffuseur-topo","status":"publish","type":"product","link":"https:\/\/paracherkaoui.ma\/index.php\/produit\/puressentiel-diffuseur-topo\/","title":{"rendered":"PURESSENTIEL DIFFUSEUR TOPO"},"content":{"rendered":"<p>Description;<br \/>\nLe diffuseur humidificateur ultrasonique TOPO Puressentiel\u00ae est \u00e9quip\u00e9 d\u2019un syst\u00e8me de diffusion par ultrasons d\u00e9livrant une brume d\u2019eau l\u00e9g\u00e8re qui peut \u00eatre accompagn\u00e9e ou non d&rsquo;huiles essentielles. Design, compact et nomade, il se branche sur port USB et vous accompagne partout. \u2022 Diffuseur d&rsquo;huiles essentielles : Ajouter quelques gouttes d&rsquo;huiles essentielles dans le r\u00e9servoir d&rsquo;eau pour une diffusion aromatique aux diff\u00e9rentes vertus selon la(les) huile(s) essentielle(s) s\u00e9lectionn\u00e9e(s). Le syst\u00e8me d\u2019ionisation \u00e0 froid pr\u00e9serve parfaitement les propri\u00e9t\u00e9s des huiles essentielles. Mauvaises odeurs, 1ers froids, atmosph\u00e8res s\u00e8ches, situations de stress, pollution int\u00e9rieure, petits envahisseurs des soir\u00e9es d&rsquo;\u00e9t\u00e9&#8230; \u2022 Humidificateur : Utilis\u00e9 avec de l&rsquo;eau, sans ajout d&rsquo;huiles essentielles, le syst\u00e8me humidifie agr\u00e9ablement l&rsquo;air ambiant et est id\u00e9al pour le confort des voies respiratoires. La diffusion peut \u00eatre accompagn\u00e9e d\u2019une douce lumi\u00e8re d\u2019ambiance aux couleurs changeantes ou fixe, selon votre pr\u00e9f\u00e9rence. Un format compact avec une maxi dur\u00e9e de diffusion : jusqu\u2019\u00e0 5 heures.<\/p>\n","protected":false},"excerpt":{"rendered":"<p>Description; Le diffuseur humidificateur ultrasonique TOPO Puressentiel\u00ae est \u00e9quip\u00e9 d\u2019un syst\u00e8me de diffusion par ultrasons d\u00e9livrant une brume d\u2019eau l\u00e9g\u00e8re<\/p>\n","protected":false},"featured_media":51554,"comment_status":"open","ping_status":"closed","template":"","meta":[],"product_brand":[204],"product_cat":[964],"product_tag":[],"class_list":{"0":"post-51509","1":"product","2":"type-product","3":"status-publish","4":"has-post-thumbnail","6":"product_brand-puressentiel","7":"product_cat-aromatherapie","9":"first","10":"instock","11":"sale","12":"shipping-taxable","13":"purchasable","14":"product-type-simple"},"yoast_head":"<!-- This site is optimized with the Yoast SEO plugin v26.6 - https:\/\/yoast.com\/wordpress\/plugins\/seo\/ -->\r\n<title>PURESSENTIEL DIFFUSEUR TOPO - Paracherkaoui.ma<\/title>\r\n<meta name=\"robots\" content=\"index, follow, max-snippet:-1, max-image-preview:large, max-video-preview:-1\" \/>\r\n<link rel=\"canonical\" href=\"https:\/\/paracherkaoui.ma\/index.php\/produit\/puressentiel-diffuseur-topo\/\" \/>\r\n<meta property=\"og:locale\" content=\"fr_FR\" \/>\r\n<meta property=\"og:type\" content=\"article\" \/>\r\n<meta property=\"og:title\" content=\"PURESSENTIEL DIFFUSEUR TOPO - Paracherkaoui.ma\" \/>\r\n<meta property=\"og:description\" content=\"Description; Le diffuseur humidificateur ultrasonique TOPO Puressentiel\u00ae est \u00e9quip\u00e9 d\u2019un syst\u00e8me de diffusion par ultrasons d\u00e9livrant une brume d\u2019eau l\u00e9g\u00e8re\" \/>\r\n<meta property=\"og:url\" content=\"https:\/\/paracherkaoui.ma\/index.php\/produit\/puressentiel-diffuseur-topo\/\" \/>\r\n<meta property=\"og:site_name\" content=\"Paracherkaoui.ma\" \/>\r\n<meta property=\"article:modified_time\" content=\"2025-12-12T18:34:13+00:00\" \/>\r\n<meta property=\"og:image\" content=\"https:\/\/paracherkaoui.ma\/wp-content\/uploads\/2025\/12\/puressentiel-diffuseur-topo.jpg\" \/>\r\n\t<meta property=\"og:image:width\" content=\"700\" \/>\r\n\t<meta property=\"og:image:height\" content=\"700\" \/>\r\n\t<meta property=\"og:image:type\" content=\"image\/jpeg\" \/>\r\n<meta name=\"twitter:card\" content=\"summary_large_image\" \/>\r\n<meta name=\"twitter:label1\" content=\"Dur\u00e9e de lecture estim\u00e9e\" \/>\n\t<meta name=\"twitter:data1\" content=\"1 minute\" \/>\r\n<script type=\"application\/ld+json\" class=\"yoast-schema-graph\">{\"@context\":\"https:\/\/schema.org\",\"@graph\":[{\"@type\":\"WebPage\",\"@id\":\"https:\/\/paracherkaoui.ma\/index.php\/produit\/puressentiel-diffuseur-topo\/\",\"url\":\"https:\/\/paracherkaoui.ma\/index.php\/produit\/puressentiel-diffuseur-topo\/\",\"name\":\"PURESSENTIEL DIFFUSEUR TOPO - Paracherkaoui.ma\",\"isPartOf\":{\"@id\":\"https:\/\/paracherkaoui.ma\/#website\"},\"primaryImageOfPage\":{\"@id\":\"https:\/\/paracherkaoui.ma\/index.php\/produit\/puressentiel-diffuseur-topo\/#primaryimage\"},\"image\":{\"@id\":\"https:\/\/paracherkaoui.ma\/index.php\/produit\/puressentiel-diffuseur-topo\/#primaryimage\"},\"thumbnailUrl\":\"https:\/\/paracherkaoui.ma\/wp-content\/uploads\/2025\/12\/puressentiel-diffuseur-topo.jpg\",\"datePublished\":\"2025-12-12T18:34:08+00:00\",\"dateModified\":\"2025-12-12T18:34:13+00:00\",\"breadcrumb\":{\"@id\":\"https:\/\/paracherkaoui.ma\/index.php\/produit\/puressentiel-diffuseur-topo\/#breadcrumb\"},\"inLanguage\":\"fr-FR\",\"potentialAction\":[{\"@type\":\"ReadAction\",\"target\":[\"https:\/\/paracherkaoui.ma\/index.php\/produit\/puressentiel-diffuseur-topo\/\"]}]},{\"@type\":\"ImageObject\",\"inLanguage\":\"fr-FR\",\"@id\":\"https:\/\/paracherkaoui.ma\/index.php\/produit\/puressentiel-diffuseur-topo\/#primaryimage\",\"url\":\"https:\/\/paracherkaoui.ma\/wp-content\/uploads\/2025\/12\/puressentiel-diffuseur-topo.jpg\",\"contentUrl\":\"https:\/\/paracherkaoui.ma\/wp-content\/uploads\/2025\/12\/puressentiel-diffuseur-topo.jpg\",\"width\":700,\"height\":700},{\"@type\":\"BreadcrumbList\",\"@id\":\"https:\/\/paracherkaoui.ma\/index.php\/produit\/puressentiel-diffuseur-topo\/#breadcrumb\",\"itemListElement\":[{\"@type\":\"ListItem\",\"position\":1,\"name\":\"Accueil\",\"item\":\"https:\/\/paracherkaoui.ma\/\"},{\"@type\":\"ListItem\",\"position\":2,\"name\":\"Boutique\",\"item\":\"https:\/\/paracherkaoui.ma\/index.php\/boutique\/\"},{\"@type\":\"ListItem\",\"position\":3,\"name\":\"PURESSENTIEL DIFFUSEUR TOPO\"}]},{\"@type\":\"WebSite\",\"@id\":\"https:\/\/paracherkaoui.ma\/#website\",\"url\":\"https:\/\/paracherkaoui.ma\/\",\"name\":\"Paracherkaoui.ma\",\"description\":\"Achetez en ligne sur Paracherkaoui.ma\",\"potentialAction\":[{\"@type\":\"SearchAction\",\"target\":{\"@type\":\"EntryPoint\",\"urlTemplate\":\"https:\/\/paracherkaoui.ma\/?s={search_term_string}\"},\"query-input\":{\"@type\":\"PropertyValueSpecification\",\"valueRequired\":true,\"valueName\":\"search_term_string\"}}],\"inLanguage\":\"fr-FR\"}]}<\/script>\r\n<!-- \/ Yoast SEO plugin. -->","yoast_head_json":{"title":"PURESSENTIEL DIFFUSEUR TOPO - Paracherkaoui.ma","robots":{"index":"index","follow":"follow","max-snippet":"max-snippet:-1","max-image-preview":"max-image-preview:large","max-video-preview":"max-video-preview:-1"},"canonical":"https:\/\/paracherkaoui.ma\/index.php\/produit\/puressentiel-diffuseur-topo\/","og_locale":"fr_FR","og_type":"article","og_title":"PURESSENTIEL DIFFUSEUR TOPO - Paracherkaoui.ma","og_description":"Description; Le diffuseur humidificateur ultrasonique TOPO Puressentiel\u00ae est \u00e9quip\u00e9 d\u2019un syst\u00e8me de diffusion par ultrasons d\u00e9livrant une brume d\u2019eau l\u00e9g\u00e8re","og_url":"https:\/\/paracherkaoui.ma\/index.php\/produit\/puressentiel-diffuseur-topo\/","og_site_name":"Paracherkaoui.ma","article_modified_time":"2025-12-12T18:34:13+00:00","og_image":[{"width":700,"height":700,"url":"https:\/\/paracherkaoui.ma\/wp-content\/uploads\/2025\/12\/puressentiel-diffuseur-topo.jpg","type":"image\/jpeg"}],"twitter_card":"summary_large_image","twitter_misc":{"Dur\u00e9e de lecture estim\u00e9e":"1 minute"},"schema":{"@context":"https:\/\/schema.org","@graph":[{"@type":"WebPage","@id":"https:\/\/paracherkaoui.ma\/index.php\/produit\/puressentiel-diffuseur-topo\/","url":"https:\/\/paracherkaoui.ma\/index.php\/produit\/puressentiel-diffuseur-topo\/","name":"PURESSENTIEL DIFFUSEUR TOPO - Paracherkaoui.ma","isPartOf":{"@id":"https:\/\/paracherkaoui.ma\/#website"},"primaryImageOfPage":{"@id":"https:\/\/paracherkaoui.ma\/index.php\/produit\/puressentiel-diffuseur-topo\/#primaryimage"},"image":{"@id":"https:\/\/paracherkaoui.ma\/index.php\/produit\/puressentiel-diffuseur-topo\/#primaryimage"},"thumbnailUrl":"https:\/\/paracherkaoui.ma\/wp-content\/uploads\/2025\/12\/puressentiel-diffuseur-topo.jpg","datePublished":"2025-12-12T18:34:08+00:00","dateModified":"2025-12-12T18:34:13+00:00","breadcrumb":{"@id":"https:\/\/paracherkaoui.ma\/index.php\/produit\/puressentiel-diffuseur-topo\/#breadcrumb"},"inLanguage":"fr-FR","potentialAction":[{"@type":"ReadAction","target":["https:\/\/paracherkaoui.ma\/index.php\/produit\/puressentiel-diffuseur-topo\/"]}]},{"@type":"ImageObject","inLanguage":"fr-FR","@id":"https:\/\/paracherkaoui.ma\/index.php\/produit\/puressentiel-diffuseur-topo\/#primaryimage","url":"https:\/\/paracherkaoui.ma\/wp-content\/uploads\/2025\/12\/puressentiel-diffuseur-topo.jpg","contentUrl":"https:\/\/paracherkaoui.ma\/wp-content\/uploads\/2025\/12\/puressentiel-diffuseur-topo.jpg","width":700,"height":700},{"@type":"BreadcrumbList","@id":"https:\/\/paracherkaoui.ma\/index.php\/produit\/puressentiel-diffuseur-topo\/#breadcrumb","itemListElement":[{"@type":"ListItem","position":1,"name":"Accueil","item":"https:\/\/paracherkaoui.ma\/"},{"@type":"ListItem","position":2,"name":"Boutique","item":"https:\/\/paracherkaoui.ma\/index.php\/boutique\/"},{"@type":"ListItem","position":3,"name":"PURESSENTIEL DIFFUSEUR TOPO"}]},{"@type":"WebSite","@id":"https:\/\/paracherkaoui.ma\/#website","url":"https:\/\/paracherkaoui.ma\/","name":"Paracherkaoui.ma","description":"Achetez en ligne sur Paracherkaoui.ma","potentialAction":[{"@type":"SearchAction","target":{"@type":"EntryPoint","urlTemplate":"https:\/\/paracherkaoui.ma\/?s={search_term_string}"},"query-input":{"@type":"PropertyValueSpecification","valueRequired":true,"valueName":"search_term_string"}}],"inLanguage":"fr-FR"}]}},"_links":{"self":[{"href":"https:\/\/paracherkaoui.ma\/index.php\/wp-json\/wp\/v2\/product\/51509","targetHints":{"allow":["GET"]}}],"collection":[{"href":"https:\/\/paracherkaoui.ma\/index.php\/wp-json\/wp\/v2\/product"}],"about":[{"href":"https:\/\/paracherkaoui.ma\/index.php\/wp-json\/wp\/v2\/types\/product"}],"replies":[{"embeddable":true,"href":"https:\/\/paracherkaoui.ma\/index.php\/wp-json\/wp\/v2\/comments?post=51509"}],"version-history":[{"count":1,"href":"https:\/\/paracherkaoui.ma\/index.php\/wp-json\/wp\/v2\/product\/51509\/revisions"}],"predecessor-version":[{"id":51555,"href":"https:\/\/paracherkaoui.ma\/index.php\/wp-json\/wp\/v2\/product\/51509\/revisions\/51555"}],"wp:featuredmedia":[{"embeddable":true,"href":"https:\/\/paracherkaoui.ma\/index.php\/wp-json\/wp\/v2\/media\/51554"}],"wp:attachment":[{"href":"https:\/\/paracherkaoui.ma\/index.php\/wp-json\/wp\/v2\/media?parent=51509"}],"wp:term":[{"taxonomy":"product_brand","embeddable":true,"href":"https:\/\/paracherkaoui.ma\/index.php\/wp-json\/wp\/v2\/product_brand?post=51509"},{"taxonomy":"product_cat","embeddable":true,"href":"https:\/\/paracherkaoui.ma\/index.php\/wp-json\/wp\/v2\/product_cat?post=51509"},{"taxonomy":"product_tag","embeddable":true,"href":"https:\/\/paracherkaoui.ma\/index.php\/wp-json\/wp\/v2\/product_tag?post=51509"}],"curies":[{"name":"wp","href":"https:\/\/api.w.org\/{rel}","templated":true}]}}