{"id":51507,"date":"2025-12-12T19:34:08","date_gmt":"2025-12-12T18:34:08","guid":{"rendered":"https:\/\/test.ecbeaute.com\/?post_type=product&#038;p=51507"},"modified":"2025-12-12T19:34:13","modified_gmt":"2025-12-12T18:34:13","slug":"puressentiel-articulations-et-muscles-cryo-pure-roller-75-ml","status":"publish","type":"product","link":"https:\/\/paracherkaoui.ma\/index.php\/produit\/puressentiel-articulations-et-muscles-cryo-pure-roller-75-ml\/","title":{"rendered":"PURESSENTIEL ARTICULATIONS ET MUSCLES CRYO PURE ROLLER 75 ML"},"content":{"rendered":"<p>DESCRIPTION :<br \/>\nLa m\u00e9thode \u00ab\u00a0cryo\u00a0\u00bb est une application de froid traditionnellement utilis\u00e9e. La bille de massage du CRYO PURE\u00ae Roller prodigue un massage d\u00e9contractant qui, associ\u00e9 aux 14 huiles essentielles relaxantes, soulage efficacement, imm\u00e9diatement et durablement les zones sensibles. Tr\u00e8s pratique, ce roller \u00e0 la texture non grasse et non collante permet un massage express sans se salir les mains.<br \/>\nLe Roller articulations &#038; muscles Cryo PURE\u00ae, l&rsquo;automassage froid intense !<br \/>\nProduit cosm\u00e9tique issu de l&rsquo;aromath\u00e9rapie &#8211; Huiles Essentielles HEBBD (Huile Essentielle Botaniquement et Biochimiquement D\u00e9finie) 100% pures et naturelles<br \/>\nTol\u00e9rance test\u00e9e &#8211; Test\u00e9 sous contr\u00f4le dermatologique et kin\u00e9 &#8211; Formule 99,6% d&rsquo;origine naturelle &#8211; Sans colorant &#8211; Sans parfum de synth\u00e8se &#8211; Sans huiles min\u00e9rales<br \/>\nCONSEILS D&rsquo;UTILISATION :<br \/>\nAvant utilisation, bien agiter le\u00a0 Roller articulations &#038; muscles Cryo puis l&rsquo;appliquer sur la zone sensible (dos, nuque, \u00e9paules, coudes, poignets, mains, hanches, genoux, cuisses, mollets, chevilles, pieds, \u2026), 3 fois par jour. La bille massante du roller est id\u00e9ale pour un auto-massage des zones localis\u00e9es. A compl\u00e9ter par un massage manuel, si besoin, dans ce cas, se laver les mains apr\u00e8s utilisation.<\/p>\n","protected":false},"excerpt":{"rendered":"<p>DESCRIPTION : La m\u00e9thode \u00ab\u00a0cryo\u00a0\u00bb est une application de froid traditionnellement utilis\u00e9e. La bille de massage du CRYO PURE\u00ae Roller<\/p>\n","protected":false},"featured_media":51551,"comment_status":"open","ping_status":"closed","template":"","meta":[],"product_brand":[204],"product_cat":[964],"product_tag":[],"class_list":{"0":"post-51507","1":"product","2":"type-product","3":"status-publish","4":"has-post-thumbnail","6":"product_brand-puressentiel","7":"product_cat-aromatherapie","9":"first","10":"instock","11":"sale","12":"shipping-taxable","13":"purchasable","14":"product-type-simple"},"yoast_head":"<!-- This site is optimized with the Yoast SEO plugin v26.6 - https:\/\/yoast.com\/wordpress\/plugins\/seo\/ -->\r\n<title>PURESSENTIEL ARTICULATIONS ET MUSCLES CRYO PURE ROLLER 75 ML - Paracherkaoui.ma<\/title>\r\n<meta name=\"robots\" content=\"index, follow, max-snippet:-1, max-image-preview:large, max-video-preview:-1\" \/>\r\n<link rel=\"canonical\" href=\"https:\/\/paracherkaoui.ma\/index.php\/produit\/puressentiel-articulations-et-muscles-cryo-pure-roller-75-ml\/\" \/>\r\n<meta property=\"og:locale\" content=\"fr_FR\" \/>\r\n<meta property=\"og:type\" content=\"article\" \/>\r\n<meta property=\"og:title\" content=\"PURESSENTIEL ARTICULATIONS ET MUSCLES CRYO PURE ROLLER 75 ML - Paracherkaoui.ma\" \/>\r\n<meta property=\"og:description\" content=\"DESCRIPTION : La m\u00e9thode \u00ab\u00a0cryo\u00a0\u00bb est une application de froid traditionnellement utilis\u00e9e. La bille de massage du CRYO PURE\u00ae Roller\" \/>\r\n<meta property=\"og:url\" content=\"https:\/\/paracherkaoui.ma\/index.php\/produit\/puressentiel-articulations-et-muscles-cryo-pure-roller-75-ml\/\" \/>\r\n<meta property=\"og:site_name\" content=\"Paracherkaoui.ma\" \/>\r\n<meta property=\"article:modified_time\" content=\"2025-12-12T18:34:13+00:00\" \/>\r\n<meta property=\"og:image\" content=\"https:\/\/paracherkaoui.ma\/wp-content\/uploads\/2025\/12\/puressentiel-puressentiel-articulations-et-muscles-cryo-pure-roller-75-ml-orthopedie.jpg\" \/>\r\n\t<meta property=\"og:image:width\" content=\"700\" \/>\r\n\t<meta property=\"og:image:height\" content=\"700\" \/>\r\n\t<meta property=\"og:image:type\" content=\"image\/jpeg\" \/>\r\n<meta name=\"twitter:card\" content=\"summary_large_image\" \/>\r\n<meta name=\"twitter:label1\" content=\"Dur\u00e9e de lecture estim\u00e9e\" \/>\n\t<meta name=\"twitter:data1\" content=\"1 minute\" \/>\r\n<script type=\"application\/ld+json\" class=\"yoast-schema-graph\">{\"@context\":\"https:\/\/schema.org\",\"@graph\":[{\"@type\":\"WebPage\",\"@id\":\"https:\/\/paracherkaoui.ma\/index.php\/produit\/puressentiel-articulations-et-muscles-cryo-pure-roller-75-ml\/\",\"url\":\"https:\/\/paracherkaoui.ma\/index.php\/produit\/puressentiel-articulations-et-muscles-cryo-pure-roller-75-ml\/\",\"name\":\"PURESSENTIEL ARTICULATIONS ET MUSCLES CRYO PURE ROLLER 75 ML - Paracherkaoui.ma\",\"isPartOf\":{\"@id\":\"https:\/\/paracherkaoui.ma\/#website\"},\"primaryImageOfPage\":{\"@id\":\"https:\/\/paracherkaoui.ma\/index.php\/produit\/puressentiel-articulations-et-muscles-cryo-pure-roller-75-ml\/#primaryimage\"},\"image\":{\"@id\":\"https:\/\/paracherkaoui.ma\/index.php\/produit\/puressentiel-articulations-et-muscles-cryo-pure-roller-75-ml\/#primaryimage\"},\"thumbnailUrl\":\"https:\/\/paracherkaoui.ma\/wp-content\/uploads\/2025\/12\/puressentiel-puressentiel-articulations-et-muscles-cryo-pure-roller-75-ml-orthopedie.jpg\",\"datePublished\":\"2025-12-12T18:34:08+00:00\",\"dateModified\":\"2025-12-12T18:34:13+00:00\",\"breadcrumb\":{\"@id\":\"https:\/\/paracherkaoui.ma\/index.php\/produit\/puressentiel-articulations-et-muscles-cryo-pure-roller-75-ml\/#breadcrumb\"},\"inLanguage\":\"fr-FR\",\"potentialAction\":[{\"@type\":\"ReadAction\",\"target\":[\"https:\/\/paracherkaoui.ma\/index.php\/produit\/puressentiel-articulations-et-muscles-cryo-pure-roller-75-ml\/\"]}]},{\"@type\":\"ImageObject\",\"inLanguage\":\"fr-FR\",\"@id\":\"https:\/\/paracherkaoui.ma\/index.php\/produit\/puressentiel-articulations-et-muscles-cryo-pure-roller-75-ml\/#primaryimage\",\"url\":\"https:\/\/paracherkaoui.ma\/wp-content\/uploads\/2025\/12\/puressentiel-puressentiel-articulations-et-muscles-cryo-pure-roller-75-ml-orthopedie.jpg\",\"contentUrl\":\"https:\/\/paracherkaoui.ma\/wp-content\/uploads\/2025\/12\/puressentiel-puressentiel-articulations-et-muscles-cryo-pure-roller-75-ml-orthopedie.jpg\",\"width\":700,\"height\":700},{\"@type\":\"BreadcrumbList\",\"@id\":\"https:\/\/paracherkaoui.ma\/index.php\/produit\/puressentiel-articulations-et-muscles-cryo-pure-roller-75-ml\/#breadcrumb\",\"itemListElement\":[{\"@type\":\"ListItem\",\"position\":1,\"name\":\"Accueil\",\"item\":\"https:\/\/paracherkaoui.ma\/\"},{\"@type\":\"ListItem\",\"position\":2,\"name\":\"Boutique\",\"item\":\"https:\/\/paracherkaoui.ma\/index.php\/boutique\/\"},{\"@type\":\"ListItem\",\"position\":3,\"name\":\"PURESSENTIEL ARTICULATIONS ET MUSCLES CRYO PURE ROLLER 75 ML\"}]},{\"@type\":\"WebSite\",\"@id\":\"https:\/\/paracherkaoui.ma\/#website\",\"url\":\"https:\/\/paracherkaoui.ma\/\",\"name\":\"Paracherkaoui.ma\",\"description\":\"Achetez en ligne sur Paracherkaoui.ma\",\"potentialAction\":[{\"@type\":\"SearchAction\",\"target\":{\"@type\":\"EntryPoint\",\"urlTemplate\":\"https:\/\/paracherkaoui.ma\/?s={search_term_string}\"},\"query-input\":{\"@type\":\"PropertyValueSpecification\",\"valueRequired\":true,\"valueName\":\"search_term_string\"}}],\"inLanguage\":\"fr-FR\"}]}<\/script>\r\n<!-- \/ Yoast SEO plugin. -->","yoast_head_json":{"title":"PURESSENTIEL ARTICULATIONS ET MUSCLES CRYO PURE ROLLER 75 ML - Paracherkaoui.ma","robots":{"index":"index","follow":"follow","max-snippet":"max-snippet:-1","max-image-preview":"max-image-preview:large","max-video-preview":"max-video-preview:-1"},"canonical":"https:\/\/paracherkaoui.ma\/index.php\/produit\/puressentiel-articulations-et-muscles-cryo-pure-roller-75-ml\/","og_locale":"fr_FR","og_type":"article","og_title":"PURESSENTIEL ARTICULATIONS ET MUSCLES CRYO PURE ROLLER 75 ML - Paracherkaoui.ma","og_description":"DESCRIPTION : La m\u00e9thode \u00ab\u00a0cryo\u00a0\u00bb est une application de froid traditionnellement utilis\u00e9e. La bille de massage du CRYO PURE\u00ae Roller","og_url":"https:\/\/paracherkaoui.ma\/index.php\/produit\/puressentiel-articulations-et-muscles-cryo-pure-roller-75-ml\/","og_site_name":"Paracherkaoui.ma","article_modified_time":"2025-12-12T18:34:13+00:00","og_image":[{"width":700,"height":700,"url":"https:\/\/paracherkaoui.ma\/wp-content\/uploads\/2025\/12\/puressentiel-puressentiel-articulations-et-muscles-cryo-pure-roller-75-ml-orthopedie.jpg","type":"image\/jpeg"}],"twitter_card":"summary_large_image","twitter_misc":{"Dur\u00e9e de lecture estim\u00e9e":"1 minute"},"schema":{"@context":"https:\/\/schema.org","@graph":[{"@type":"WebPage","@id":"https:\/\/paracherkaoui.ma\/index.php\/produit\/puressentiel-articulations-et-muscles-cryo-pure-roller-75-ml\/","url":"https:\/\/paracherkaoui.ma\/index.php\/produit\/puressentiel-articulations-et-muscles-cryo-pure-roller-75-ml\/","name":"PURESSENTIEL ARTICULATIONS ET MUSCLES CRYO PURE ROLLER 75 ML - Paracherkaoui.ma","isPartOf":{"@id":"https:\/\/paracherkaoui.ma\/#website"},"primaryImageOfPage":{"@id":"https:\/\/paracherkaoui.ma\/index.php\/produit\/puressentiel-articulations-et-muscles-cryo-pure-roller-75-ml\/#primaryimage"},"image":{"@id":"https:\/\/paracherkaoui.ma\/index.php\/produit\/puressentiel-articulations-et-muscles-cryo-pure-roller-75-ml\/#primaryimage"},"thumbnailUrl":"https:\/\/paracherkaoui.ma\/wp-content\/uploads\/2025\/12\/puressentiel-puressentiel-articulations-et-muscles-cryo-pure-roller-75-ml-orthopedie.jpg","datePublished":"2025-12-12T18:34:08+00:00","dateModified":"2025-12-12T18:34:13+00:00","breadcrumb":{"@id":"https:\/\/paracherkaoui.ma\/index.php\/produit\/puressentiel-articulations-et-muscles-cryo-pure-roller-75-ml\/#breadcrumb"},"inLanguage":"fr-FR","potentialAction":[{"@type":"ReadAction","target":["https:\/\/paracherkaoui.ma\/index.php\/produit\/puressentiel-articulations-et-muscles-cryo-pure-roller-75-ml\/"]}]},{"@type":"ImageObject","inLanguage":"fr-FR","@id":"https:\/\/paracherkaoui.ma\/index.php\/produit\/puressentiel-articulations-et-muscles-cryo-pure-roller-75-ml\/#primaryimage","url":"https:\/\/paracherkaoui.ma\/wp-content\/uploads\/2025\/12\/puressentiel-puressentiel-articulations-et-muscles-cryo-pure-roller-75-ml-orthopedie.jpg","contentUrl":"https:\/\/paracherkaoui.ma\/wp-content\/uploads\/2025\/12\/puressentiel-puressentiel-articulations-et-muscles-cryo-pure-roller-75-ml-orthopedie.jpg","width":700,"height":700},{"@type":"BreadcrumbList","@id":"https:\/\/paracherkaoui.ma\/index.php\/produit\/puressentiel-articulations-et-muscles-cryo-pure-roller-75-ml\/#breadcrumb","itemListElement":[{"@type":"ListItem","position":1,"name":"Accueil","item":"https:\/\/paracherkaoui.ma\/"},{"@type":"ListItem","position":2,"name":"Boutique","item":"https:\/\/paracherkaoui.ma\/index.php\/boutique\/"},{"@type":"ListItem","position":3,"name":"PURESSENTIEL ARTICULATIONS ET MUSCLES CRYO PURE ROLLER 75 ML"}]},{"@type":"WebSite","@id":"https:\/\/paracherkaoui.ma\/#website","url":"https:\/\/paracherkaoui.ma\/","name":"Paracherkaoui.ma","description":"Achetez en ligne sur Paracherkaoui.ma","potentialAction":[{"@type":"SearchAction","target":{"@type":"EntryPoint","urlTemplate":"https:\/\/paracherkaoui.ma\/?s={search_term_string}"},"query-input":{"@type":"PropertyValueSpecification","valueRequired":true,"valueName":"search_term_string"}}],"inLanguage":"fr-FR"}]}},"_links":{"self":[{"href":"https:\/\/paracherkaoui.ma\/index.php\/wp-json\/wp\/v2\/product\/51507","targetHints":{"allow":["GET"]}}],"collection":[{"href":"https:\/\/paracherkaoui.ma\/index.php\/wp-json\/wp\/v2\/product"}],"about":[{"href":"https:\/\/paracherkaoui.ma\/index.php\/wp-json\/wp\/v2\/types\/product"}],"replies":[{"embeddable":true,"href":"https:\/\/paracherkaoui.ma\/index.php\/wp-json\/wp\/v2\/comments?post=51507"}],"version-history":[{"count":1,"href":"https:\/\/paracherkaoui.ma\/index.php\/wp-json\/wp\/v2\/product\/51507\/revisions"}],"predecessor-version":[{"id":51552,"href":"https:\/\/paracherkaoui.ma\/index.php\/wp-json\/wp\/v2\/product\/51507\/revisions\/51552"}],"wp:featuredmedia":[{"embeddable":true,"href":"https:\/\/paracherkaoui.ma\/index.php\/wp-json\/wp\/v2\/media\/51551"}],"wp:attachment":[{"href":"https:\/\/paracherkaoui.ma\/index.php\/wp-json\/wp\/v2\/media?parent=51507"}],"wp:term":[{"taxonomy":"product_brand","embeddable":true,"href":"https:\/\/paracherkaoui.ma\/index.php\/wp-json\/wp\/v2\/product_brand?post=51507"},{"taxonomy":"product_cat","embeddable":true,"href":"https:\/\/paracherkaoui.ma\/index.php\/wp-json\/wp\/v2\/product_cat?post=51507"},{"taxonomy":"product_tag","embeddable":true,"href":"https:\/\/paracherkaoui.ma\/index.php\/wp-json\/wp\/v2\/product_tag?post=51507"}],"curies":[{"name":"wp","href":"https:\/\/api.w.org\/{rel}","templated":true}]}}