{"id":51503,"date":"2025-12-12T19:34:08","date_gmt":"2025-12-12T18:34:08","guid":{"rendered":"https:\/\/test.ecbeaute.com\/?post_type=product&#038;p=51503"},"modified":"2025-12-12T19:34:12","modified_gmt":"2025-12-12T18:34:12","slug":"puressentiel-huile-essentielle-basilic-bio-5-ml","status":"publish","type":"product","link":"https:\/\/paracherkaoui.ma\/index.php\/produit\/puressentiel-huile-essentielle-basilic-bio-5-ml\/","title":{"rendered":"PURESSENTIEL HUILE ESSENTIELLE BASILIC BIO 5 ML"},"content":{"rendered":"<p>Originaire d&rsquo;Asie, le basilic exotique est cultiv\u00e9 \u00e0 Madagascar, dans de nombreux pays asiatiques et en Afrique. Une esp\u00e8ce proche est tr\u00e8s utilis\u00e9e en cuisine pour son parfum frais, elle entre dans de nombreuses recette aux saveur du Sud.<\/p>\n<p>La petite histoire : Le basilic est consid\u00e9r\u00e9 comme une plante \u00ab\u00a0royale\u00a0\u00bb (son nom provient du grec \u00ab\u00a0basileus\u00a0\u00bb, qui signifie \u00ab\u00a0roi\u00a0\u00bb). En Inde, il est m\u00eame vou\u00e9 \u00e0 l&rsquo;\u00e9pouse du Vishnu et jouit d&rsquo;un statut religieux.<br \/>\nL&rsquo;Huile essentielle bio Basilic Puressentiel a des propri\u00e9t\u00e9s : Stimulantes sur le syst\u00e8me digestif, Toniques sur le syst\u00e8me nerveux, Antiseptiques, anti-infectieuses, antivirales, Immunostimulantes,\u00a0Stimulantes sur l&rsquo;intellect. Huile Essentielle BIO, Certifi\u00e9e AB (Agriculture Biologique) et r\u00e9sultant de l&rsquo;agriculture Europ\u00e9enne (Agriculture UE).<br \/>\nPrincipales propri\u00e9t\u00e9s de l&rsquo;huile essentielle de Basilic Puressentiel : Tr\u00e8s odorante, l&rsquo;huile essentielle de basilic exotique est un puissant anti-spasmodique, efficace contre les douleurs li\u00e9es aux r\u00e8gles, mais aussi les spasmes (hoquet et toux) et les douleurs gastriques ou ent\u00e9riques. Elle r\u00e9gule \u00e9galement le syst\u00e8me nerveux en soignant les \u00e9tats de fatigue ou de d\u00e9pression, la spasmophilie et les troubles du sommeil. Elle peut remplacer efficacement l&rsquo;huile essentielle d&rsquo;estragon.<br \/>\nUtilisation<br \/>\nPrendre au maximum 2 gouttes 3 fois par jour sur un comprim\u00e9 neutre Puressentiel (ou 1 cuill\u00e8re \u00e0 caf\u00e9 de miel, d&rsquo;huile d&rsquo;olive, ou 1\/4 de sucre). Ne pas utiliser chez les femmes enceintes ou allaitantes, les enfants de moins de 7 ans.<br \/>\nA\u00e9rophagie : ajouter 1 goutte d&rsquo;huile essentielle de basilic exotique et 1 goutte d&rsquo;huile essentielle de menthe poivr\u00e9e (m\u00e9lang\u00e9es \u00e0 un peu d&rsquo;huile v\u00e9g\u00e9tale) aux l\u00e9gumes du repas.<\/p>\n<p>Digestion : m\u00e9langer 1 goutte d&rsquo;huile essentielle de basilic \u00e0 1 goutte d&rsquo;huile essentielle de citron + 1 goutte d&rsquo;huile essentielle de menthe poivr\u00e9e dans une cuiller\u00e9e de miel et l&rsquo;ajouter \u00e0 une tisane apr\u00e8s le repas (ne jamais mettre d&rsquo;huile essentielle pure directement dans la tisane).<\/p>\n<p>R\u00e8gle douloureuse : masser le bas du ventre avec 2 gouttes d&rsquo;huile essentielle de basilic dilu\u00e9es dans un peu d&rsquo;huile v\u00e9g\u00e9tale, renouveler si n\u00e9cessaire.<br \/>\nPr\u00e9cautions d&#8217;emploi : L&rsquo;huile essentielle de basilic doit syst\u00e9matiquement \u00eatre dilu\u00e9e avant d&rsquo;\u00eatre appliquer sur la peau. Il est d\u00e9conseill\u00e9 d&rsquo;augmenter les doses inconsid\u00e9r\u00e9ment, car le basilic peut alors provoquer un \u00e9tat d&rsquo;h\u00e9b\u00e9tude. Ne pas utiliser chez la femme enceinte ou allaitante, chez l&rsquo;enfant avant 12 ans, chez les personnes dont l&rsquo;activit\u00e9 professionnelle n\u00e9cessite de la vigilance, chez la personne allergique \u00e0 l&rsquo;un des composants (linalol), chez les asthmatiques sans l&rsquo;avis d&rsquo;un allergologue.<\/p>\n","protected":false},"excerpt":{"rendered":"<p>Originaire d&rsquo;Asie, le basilic exotique est cultiv\u00e9 \u00e0 Madagascar, dans de nombreux pays asiatiques et en Afrique. Une esp\u00e8ce proche<\/p>\n","protected":false},"featured_media":51543,"comment_status":"open","ping_status":"closed","template":"","meta":[],"product_brand":[204],"product_cat":[964],"product_tag":[],"class_list":{"0":"post-51503","1":"product","2":"type-product","3":"status-publish","4":"has-post-thumbnail","6":"product_brand-puressentiel","7":"product_cat-aromatherapie","9":"first","10":"instock","11":"sale","12":"shipping-taxable","13":"purchasable","14":"product-type-simple"},"yoast_head":"<!-- This site is optimized with the Yoast SEO plugin v26.6 - https:\/\/yoast.com\/wordpress\/plugins\/seo\/ -->\r\n<title>PURESSENTIEL HUILE ESSENTIELLE BASILIC BIO 5 ML - Paracherkaoui.ma<\/title>\r\n<meta name=\"robots\" content=\"index, follow, max-snippet:-1, max-image-preview:large, max-video-preview:-1\" \/>\r\n<link rel=\"canonical\" href=\"https:\/\/paracherkaoui.ma\/index.php\/produit\/puressentiel-huile-essentielle-basilic-bio-5-ml\/\" \/>\r\n<meta property=\"og:locale\" content=\"fr_FR\" \/>\r\n<meta property=\"og:type\" content=\"article\" \/>\r\n<meta property=\"og:title\" content=\"PURESSENTIEL HUILE ESSENTIELLE BASILIC BIO 5 ML - Paracherkaoui.ma\" \/>\r\n<meta property=\"og:description\" content=\"Originaire d&rsquo;Asie, le basilic exotique est cultiv\u00e9 \u00e0 Madagascar, dans de nombreux pays asiatiques et en Afrique. Une esp\u00e8ce proche\" \/>\r\n<meta property=\"og:url\" content=\"https:\/\/paracherkaoui.ma\/index.php\/produit\/puressentiel-huile-essentielle-basilic-bio-5-ml\/\" \/>\r\n<meta property=\"og:site_name\" content=\"Paracherkaoui.ma\" \/>\r\n<meta property=\"article:modified_time\" content=\"2025-12-12T18:34:12+00:00\" \/>\r\n<meta property=\"og:image\" content=\"https:\/\/paracherkaoui.ma\/wp-content\/uploads\/2025\/12\/puressentiel-puressentiel-huile-essentielle-basilic-bio-5-ml-huiles-essentielles.jpg\" \/>\r\n\t<meta property=\"og:image:width\" content=\"700\" \/>\r\n\t<meta property=\"og:image:height\" content=\"700\" \/>\r\n\t<meta property=\"og:image:type\" content=\"image\/jpeg\" \/>\r\n<meta name=\"twitter:card\" content=\"summary_large_image\" \/>\r\n<meta name=\"twitter:label1\" content=\"Dur\u00e9e de lecture estim\u00e9e\" \/>\n\t<meta name=\"twitter:data1\" content=\"2 minutes\" \/>\r\n<script type=\"application\/ld+json\" class=\"yoast-schema-graph\">{\"@context\":\"https:\/\/schema.org\",\"@graph\":[{\"@type\":\"WebPage\",\"@id\":\"https:\/\/paracherkaoui.ma\/index.php\/produit\/puressentiel-huile-essentielle-basilic-bio-5-ml\/\",\"url\":\"https:\/\/paracherkaoui.ma\/index.php\/produit\/puressentiel-huile-essentielle-basilic-bio-5-ml\/\",\"name\":\"PURESSENTIEL HUILE ESSENTIELLE BASILIC BIO 5 ML - Paracherkaoui.ma\",\"isPartOf\":{\"@id\":\"https:\/\/paracherkaoui.ma\/#website\"},\"primaryImageOfPage\":{\"@id\":\"https:\/\/paracherkaoui.ma\/index.php\/produit\/puressentiel-huile-essentielle-basilic-bio-5-ml\/#primaryimage\"},\"image\":{\"@id\":\"https:\/\/paracherkaoui.ma\/index.php\/produit\/puressentiel-huile-essentielle-basilic-bio-5-ml\/#primaryimage\"},\"thumbnailUrl\":\"https:\/\/paracherkaoui.ma\/wp-content\/uploads\/2025\/12\/puressentiel-puressentiel-huile-essentielle-basilic-bio-5-ml-huiles-essentielles.jpg\",\"datePublished\":\"2025-12-12T18:34:08+00:00\",\"dateModified\":\"2025-12-12T18:34:12+00:00\",\"breadcrumb\":{\"@id\":\"https:\/\/paracherkaoui.ma\/index.php\/produit\/puressentiel-huile-essentielle-basilic-bio-5-ml\/#breadcrumb\"},\"inLanguage\":\"fr-FR\",\"potentialAction\":[{\"@type\":\"ReadAction\",\"target\":[\"https:\/\/paracherkaoui.ma\/index.php\/produit\/puressentiel-huile-essentielle-basilic-bio-5-ml\/\"]}]},{\"@type\":\"ImageObject\",\"inLanguage\":\"fr-FR\",\"@id\":\"https:\/\/paracherkaoui.ma\/index.php\/produit\/puressentiel-huile-essentielle-basilic-bio-5-ml\/#primaryimage\",\"url\":\"https:\/\/paracherkaoui.ma\/wp-content\/uploads\/2025\/12\/puressentiel-puressentiel-huile-essentielle-basilic-bio-5-ml-huiles-essentielles.jpg\",\"contentUrl\":\"https:\/\/paracherkaoui.ma\/wp-content\/uploads\/2025\/12\/puressentiel-puressentiel-huile-essentielle-basilic-bio-5-ml-huiles-essentielles.jpg\",\"width\":700,\"height\":700},{\"@type\":\"BreadcrumbList\",\"@id\":\"https:\/\/paracherkaoui.ma\/index.php\/produit\/puressentiel-huile-essentielle-basilic-bio-5-ml\/#breadcrumb\",\"itemListElement\":[{\"@type\":\"ListItem\",\"position\":1,\"name\":\"Accueil\",\"item\":\"https:\/\/paracherkaoui.ma\/\"},{\"@type\":\"ListItem\",\"position\":2,\"name\":\"Boutique\",\"item\":\"https:\/\/paracherkaoui.ma\/index.php\/boutique\/\"},{\"@type\":\"ListItem\",\"position\":3,\"name\":\"PURESSENTIEL HUILE ESSENTIELLE BASILIC BIO 5 ML\"}]},{\"@type\":\"WebSite\",\"@id\":\"https:\/\/paracherkaoui.ma\/#website\",\"url\":\"https:\/\/paracherkaoui.ma\/\",\"name\":\"Paracherkaoui.ma\",\"description\":\"Achetez en ligne sur Paracherkaoui.ma\",\"potentialAction\":[{\"@type\":\"SearchAction\",\"target\":{\"@type\":\"EntryPoint\",\"urlTemplate\":\"https:\/\/paracherkaoui.ma\/?s={search_term_string}\"},\"query-input\":{\"@type\":\"PropertyValueSpecification\",\"valueRequired\":true,\"valueName\":\"search_term_string\"}}],\"inLanguage\":\"fr-FR\"}]}<\/script>\r\n<!-- \/ Yoast SEO plugin. -->","yoast_head_json":{"title":"PURESSENTIEL HUILE ESSENTIELLE BASILIC BIO 5 ML - Paracherkaoui.ma","robots":{"index":"index","follow":"follow","max-snippet":"max-snippet:-1","max-image-preview":"max-image-preview:large","max-video-preview":"max-video-preview:-1"},"canonical":"https:\/\/paracherkaoui.ma\/index.php\/produit\/puressentiel-huile-essentielle-basilic-bio-5-ml\/","og_locale":"fr_FR","og_type":"article","og_title":"PURESSENTIEL HUILE ESSENTIELLE BASILIC BIO 5 ML - Paracherkaoui.ma","og_description":"Originaire d&rsquo;Asie, le basilic exotique est cultiv\u00e9 \u00e0 Madagascar, dans de nombreux pays asiatiques et en Afrique. Une esp\u00e8ce proche","og_url":"https:\/\/paracherkaoui.ma\/index.php\/produit\/puressentiel-huile-essentielle-basilic-bio-5-ml\/","og_site_name":"Paracherkaoui.ma","article_modified_time":"2025-12-12T18:34:12+00:00","og_image":[{"width":700,"height":700,"url":"https:\/\/paracherkaoui.ma\/wp-content\/uploads\/2025\/12\/puressentiel-puressentiel-huile-essentielle-basilic-bio-5-ml-huiles-essentielles.jpg","type":"image\/jpeg"}],"twitter_card":"summary_large_image","twitter_misc":{"Dur\u00e9e de lecture estim\u00e9e":"2 minutes"},"schema":{"@context":"https:\/\/schema.org","@graph":[{"@type":"WebPage","@id":"https:\/\/paracherkaoui.ma\/index.php\/produit\/puressentiel-huile-essentielle-basilic-bio-5-ml\/","url":"https:\/\/paracherkaoui.ma\/index.php\/produit\/puressentiel-huile-essentielle-basilic-bio-5-ml\/","name":"PURESSENTIEL HUILE ESSENTIELLE BASILIC BIO 5 ML - Paracherkaoui.ma","isPartOf":{"@id":"https:\/\/paracherkaoui.ma\/#website"},"primaryImageOfPage":{"@id":"https:\/\/paracherkaoui.ma\/index.php\/produit\/puressentiel-huile-essentielle-basilic-bio-5-ml\/#primaryimage"},"image":{"@id":"https:\/\/paracherkaoui.ma\/index.php\/produit\/puressentiel-huile-essentielle-basilic-bio-5-ml\/#primaryimage"},"thumbnailUrl":"https:\/\/paracherkaoui.ma\/wp-content\/uploads\/2025\/12\/puressentiel-puressentiel-huile-essentielle-basilic-bio-5-ml-huiles-essentielles.jpg","datePublished":"2025-12-12T18:34:08+00:00","dateModified":"2025-12-12T18:34:12+00:00","breadcrumb":{"@id":"https:\/\/paracherkaoui.ma\/index.php\/produit\/puressentiel-huile-essentielle-basilic-bio-5-ml\/#breadcrumb"},"inLanguage":"fr-FR","potentialAction":[{"@type":"ReadAction","target":["https:\/\/paracherkaoui.ma\/index.php\/produit\/puressentiel-huile-essentielle-basilic-bio-5-ml\/"]}]},{"@type":"ImageObject","inLanguage":"fr-FR","@id":"https:\/\/paracherkaoui.ma\/index.php\/produit\/puressentiel-huile-essentielle-basilic-bio-5-ml\/#primaryimage","url":"https:\/\/paracherkaoui.ma\/wp-content\/uploads\/2025\/12\/puressentiel-puressentiel-huile-essentielle-basilic-bio-5-ml-huiles-essentielles.jpg","contentUrl":"https:\/\/paracherkaoui.ma\/wp-content\/uploads\/2025\/12\/puressentiel-puressentiel-huile-essentielle-basilic-bio-5-ml-huiles-essentielles.jpg","width":700,"height":700},{"@type":"BreadcrumbList","@id":"https:\/\/paracherkaoui.ma\/index.php\/produit\/puressentiel-huile-essentielle-basilic-bio-5-ml\/#breadcrumb","itemListElement":[{"@type":"ListItem","position":1,"name":"Accueil","item":"https:\/\/paracherkaoui.ma\/"},{"@type":"ListItem","position":2,"name":"Boutique","item":"https:\/\/paracherkaoui.ma\/index.php\/boutique\/"},{"@type":"ListItem","position":3,"name":"PURESSENTIEL HUILE ESSENTIELLE BASILIC BIO 5 ML"}]},{"@type":"WebSite","@id":"https:\/\/paracherkaoui.ma\/#website","url":"https:\/\/paracherkaoui.ma\/","name":"Paracherkaoui.ma","description":"Achetez en ligne sur Paracherkaoui.ma","potentialAction":[{"@type":"SearchAction","target":{"@type":"EntryPoint","urlTemplate":"https:\/\/paracherkaoui.ma\/?s={search_term_string}"},"query-input":{"@type":"PropertyValueSpecification","valueRequired":true,"valueName":"search_term_string"}}],"inLanguage":"fr-FR"}]}},"_links":{"self":[{"href":"https:\/\/paracherkaoui.ma\/index.php\/wp-json\/wp\/v2\/product\/51503","targetHints":{"allow":["GET"]}}],"collection":[{"href":"https:\/\/paracherkaoui.ma\/index.php\/wp-json\/wp\/v2\/product"}],"about":[{"href":"https:\/\/paracherkaoui.ma\/index.php\/wp-json\/wp\/v2\/types\/product"}],"replies":[{"embeddable":true,"href":"https:\/\/paracherkaoui.ma\/index.php\/wp-json\/wp\/v2\/comments?post=51503"}],"version-history":[{"count":1,"href":"https:\/\/paracherkaoui.ma\/index.php\/wp-json\/wp\/v2\/product\/51503\/revisions"}],"predecessor-version":[{"id":51544,"href":"https:\/\/paracherkaoui.ma\/index.php\/wp-json\/wp\/v2\/product\/51503\/revisions\/51544"}],"wp:featuredmedia":[{"embeddable":true,"href":"https:\/\/paracherkaoui.ma\/index.php\/wp-json\/wp\/v2\/media\/51543"}],"wp:attachment":[{"href":"https:\/\/paracherkaoui.ma\/index.php\/wp-json\/wp\/v2\/media?parent=51503"}],"wp:term":[{"taxonomy":"product_brand","embeddable":true,"href":"https:\/\/paracherkaoui.ma\/index.php\/wp-json\/wp\/v2\/product_brand?post=51503"},{"taxonomy":"product_cat","embeddable":true,"href":"https:\/\/paracherkaoui.ma\/index.php\/wp-json\/wp\/v2\/product_cat?post=51503"},{"taxonomy":"product_tag","embeddable":true,"href":"https:\/\/paracherkaoui.ma\/index.php\/wp-json\/wp\/v2\/product_tag?post=51503"}],"curies":[{"name":"wp","href":"https:\/\/api.w.org\/{rel}","templated":true}]}}